{"id":7562,"date":"2016-04-04T15:11:52","date_gmt":"2016-04-04T19:11:52","guid":{"rendered":"https:\/\/bbn1.bbnradio.org\/english\/?page_id=7562"},"modified":"2020-10-16T10:15:17","modified_gmt":"2020-10-16T13:15:17","slug":"ligue-saber-chegar-ceu","status":"publish","type":"page","link":"https:\/\/bbn1.bbnradio.org\/portuguese\/ligue-saber-chegar-ceu\/","title":{"rendered":"Ligue para saber como chegar ao C\u00e9u"},"content":{"rendered":"\n<style type=\"text\/css\" data-created_by=\"avia_inline_auto\" id=\"style-css-av-c0uami-83b491ad413e55bd11a172ff26527f94\">\n.avia-image-container.av-c0uami-83b491ad413e55bd11a172ff26527f94 img.avia_image{\nbox-shadow:none;\n}\n.avia-image-container.av-c0uami-83b491ad413e55bd11a172ff26527f94 .av-image-caption-overlay-center{\ncolor:#ffffff;\n}\n<\/style>\n<div  class='avia-image-container av-c0uami-83b491ad413e55bd11a172ff26527f94 av-styling- avia-align-center  avia-builder-el-0  el_before_av_textblock  avia-builder-el-first '   itemprop=\"image\" itemscope=\"itemscope\" itemtype=\"https:\/\/schema.org\/ImageObject\" ><div class=\"avia-image-container-inner\"><div class=\"avia-image-overlay-wrap\"><img decoding=\"async\" fetchpriority=\"high\" class='wp-image-8423 avia-img-lazy-loading-not-8423 avia_image ' src=\"https:\/\/bbn1.bbnradio.org\/portuguese\/wp-content\/uploads\/sites\/6\/2016\/08\/Call-to-learn-how-to-get-to-Heaven.jpg\" alt='Call to learn how to get to Heaven' title='Call to learn how to get to Heaven'  height=\"321\" width=\"613\"  itemprop=\"thumbnailUrl\"  \/><\/div><\/div><\/div>\n<section  class='av_textblock_section av-ad2sx6-ee8ef7180801f0ac9e3b46f0a59bf2c2 '   itemscope=\"itemscope\" itemtype=\"https:\/\/schema.org\/CreativeWork\" ><div class='avia_textblock'  itemprop=\"text\" ><p>Estamos dispon\u00edveis entre 9:00 e 17:00 horas, de segunda a sexta-feira, para conversar sobre como voc\u00ea pode colocar a sua f\u00e9 em Jesus. N\u00e3o hesite em ligar para o n\u00famero:<\/p>\n<\/div><\/section>\n\n<style type=\"text\/css\" data-created_by=\"avia_inline_auto\" id=\"style-css-av-xtspm-f4e970aeccefd8882056646fc0c135ff\">\n#top .av_textblock_section.av-xtspm-f4e970aeccefd8882056646fc0c135ff .avia_textblock{\nfont-size:30px;\n}\n<\/style>\n<section  class='av_textblock_section av-xtspm-f4e970aeccefd8882056646fc0c135ff '   itemscope=\"itemscope\" itemtype=\"https:\/\/schema.org\/CreativeWork\" ><div class='avia_textblock'  itemprop=\"text\" ><p style=\"text-align: center\">0-XX-12 -3621-6502<\/p>\n<\/div><\/section>\n\n<style type=\"text\/css\" data-created_by=\"avia_inline_auto\" id=\"style-css-av-7flv3u-3751bdb58f1e7e35794fac892878be01\">\n.flex_column.av-7flv3u-3751bdb58f1e7e35794fac892878be01{\nborder-radius:0px 0px 0px 0px;\npadding:0px 0px 0px 0px;\n}\n<\/style>\n<div  class='flex_column av-7flv3u-3751bdb58f1e7e35794fac892878be01 av_one_half  avia-builder-el-3  el_after_av_textblock  el_before_av_one_half  first flex_column_div av-zero-column-padding  column-top-margin'     ><div  class='avia-button-wrap avia-button-center  avia-builder-el-4  avia-builder-el-no-sibling '>\n<style type=\"text\/css\" data-created_by=\"avia_inline_auto\" id=\"style-css-av-5yks96-aaae55d6c7a63a49db29e0a095a8aa7a\">\n#top #wrap_all .avia-button.av-5yks96-aaae55d6c7a63a49db29e0a095a8aa7a{\ncolor:#ffffff;\ntransition:all 0.4s ease-in-out;\n}\n#top #wrap_all .avia-button.av-5yks96-aaae55d6c7a63a49db29e0a095a8aa7a:hover{\nbackground-color:green;\ncolor:#ffffff;\ntransition:all 0.4s ease-in-out;\n}\n#top #wrap_all .avia-button.av-5yks96-aaae55d6c7a63a49db29e0a095a8aa7a .avia-svg-icon svg:first-child{\nfill:#ffffff;\nstroke:#ffffff;\n}\n#top #wrap_all .avia-button.av-5yks96-aaae55d6c7a63a49db29e0a095a8aa7a:hover .avia-svg-icon svg:first-child{\nfill:#ffffff;\nstroke:#ffffff;\n}\n<\/style>\n<a href='https://\/\/bbn1.bbnradio.org\/portuguese\/como-chegar-ao-ceu\/?PHPSESSID=h2b-PFz4K-pI-59%2C6XqWbjOyW2fos1Km' class='avia-color-theme-color avia-button avia-button-fullwidth av-5yks96-aaae55d6c7a63a49db29e0a095a8aa7a avia-icon_select-no avia-color-theme-color'   aria-label=\"Leia\"><span class='avia_iconbox_title' >Leia<\/span><\/a><\/div><\/div>\n\n<style type=\"text\/css\" data-created_by=\"avia_inline_auto\" id=\"style-css-av-4wk1ka-bc714737024c2623a7f9bc79d08fad99\">\n.flex_column.av-4wk1ka-bc714737024c2623a7f9bc79d08fad99{\nborder-radius:0px 0px 0px 0px;\npadding:0px 0px 0px 0px;\n}\n<\/style>\n<div  class='flex_column av-4wk1ka-bc714737024c2623a7f9bc79d08fad99 av_one_half  avia-builder-el-5  el_after_av_one_half  avia-builder-el-last  flex_column_div av-zero-column-padding  column-top-margin'     ><div  class='avia-button-wrap avia-button-center  avia-builder-el-6  avia-builder-el-no-sibling '>\n<style type=\"text\/css\" data-created_by=\"avia_inline_auto\" id=\"style-css-av-1y160a-f7d7bef6fbc8654d6937612affceeaec\">\n#top #wrap_all .avia-button.av-1y160a-f7d7bef6fbc8654d6937612affceeaec{\ncolor:#ffffff;\ntransition:all 0.4s ease-in-out;\n}\n#top #wrap_all .avia-button.av-1y160a-f7d7bef6fbc8654d6937612affceeaec:hover{\nbackground-color:green;\ncolor:#ffffff;\ntransition:all 0.4s ease-in-out;\n}\n#top #wrap_all .avia-button.av-1y160a-f7d7bef6fbc8654d6937612affceeaec .avia-svg-icon svg:first-child{\nfill:#ffffff;\nstroke:#ffffff;\n}\n#top #wrap_all .avia-button.av-1y160a-f7d7bef6fbc8654d6937612affceeaec:hover .avia-svg-icon svg:first-child{\nfill:#ffffff;\nstroke:#ffffff;\n}\n<\/style>\n<a href='https://\/\/bbn1.bbnradio.org\/portuguese\/chat\/?PHPSESSID=h2b-PFz4K-pI-59%2C6XqWbjOyW2fos1Km' class='avia-color-theme-color avia-button avia-button-fullwidth av-1y160a-f7d7bef6fbc8654d6937612affceeaec avia-icon_select-no avia-color-theme-color'   aria-label=\"Chat\"><span class='avia_iconbox_title' >Chat<\/span><\/a><\/div><\/div>\n<!-- AddThis Advanced Settings generic via filter on the_content --><!-- AddThis Share Buttons generic via filter on the_content -->","protected":false},"excerpt":{"rendered":"<p><!-- AddThis Advanced Settings generic via filter on get_the_excerpt --><!-- AddThis Share Buttons generic via filter on get_the_excerpt --><\/p>\n","protected":false},"author":22,"featured_media":0,"parent":0,"menu_order":0,"comment_status":"closed","ping_status":"closed","template":"","meta":{"jetpack_post_was_ever_published":false,"footnotes":""},"categories":[],"tags":[],"class_list":["post-7562","page","type-page","status-publish","hentry"],"yoast_head":"<!-- This site is optimized with the Yoast SEO Premium plugin v24.8 (Yoast SEO v24.8.1) - https:\/\/yoast.com\/wordpress\/plugins\/seo\/ -->\n<title>Ligue para saber como chegar ao C\u00e9u - BBN<\/title>\n<meta name=\"description\" content=\"Ligue para saber como chegar ao C\u00e9u\" \/>\n<meta name=\"robots\" content=\"index, follow, max-snippet:-1, max-image-preview:large, max-video-preview:-1\" \/>\n<link rel=\"canonical\" href=\"https:\/\/bbn1.bbnradio.org\/portuguese\/ligue-saber-chegar-ceu\/\" \/>\n<meta property=\"og:locale\" content=\"pt_BR\" \/>\n<meta property=\"og:type\" content=\"article\" \/>\n<meta property=\"og:title\" content=\"Ligue para saber como chegar ao C\u00e9u\" \/>\n<meta property=\"og:description\" content=\"Saiba com certeza de que um dia ir\u00e1 ao c\u00e9u\" \/>\n<meta property=\"og:url\" content=\"https:\/\/bbn1.bbnradio.org\/portuguese\/ligue-saber-chegar-ceu\/\" \/>\n<meta property=\"og:site_name\" content=\"BBN\" \/>\n<meta property=\"article:publisher\" content=\"https:\/\/www.facebook.com\/BBNPortugues\" \/>\n<meta property=\"article:modified_time\" content=\"2020-10-16T13:15:17+00:00\" \/>\n<meta name=\"twitter:card\" content=\"summary_large_image\" \/>\n<meta name=\"twitter:title\" content=\"Ligue para saber como chegar ao C\u00e9u\" \/>\n<meta name=\"twitter:description\" content=\"Saiba com certeza de que um dia ir\u00e1 ao c\u00e9u\" \/>\n<meta name=\"twitter:site\" content=\"@BBNPortugues\" \/>\n<meta name=\"twitter:label1\" content=\"Est. tempo de leitura\" \/>\n\t<meta name=\"twitter:data1\" content=\"2 minutos\" \/>\n<script type=\"application\/ld+json\" class=\"yoast-schema-graph\">{\"@context\":\"https:\/\/schema.org\",\"@graph\":[{\"@type\":\"WebPage\",\"@id\":\"https:\/\/bbn1.bbnradio.org\/portuguese\/ligue-saber-chegar-ceu\/\",\"url\":\"https:\/\/bbn1.bbnradio.org\/portuguese\/ligue-saber-chegar-ceu\/\",\"name\":\"Ligue para saber como chegar ao C\u00e9u - BBN\",\"isPartOf\":{\"@id\":\"https:\/\/bbn1.bbnradio.org\/portuguese\/#website\"},\"datePublished\":\"2016-04-04T19:11:52+00:00\",\"dateModified\":\"2020-10-16T13:15:17+00:00\",\"description\":\"Ligue para saber como chegar ao C\u00e9u\",\"breadcrumb\":{\"@id\":\"https:\/\/bbn1.bbnradio.org\/portuguese\/ligue-saber-chegar-ceu\/#breadcrumb\"},\"inLanguage\":\"pt-BR\",\"potentialAction\":[{\"@type\":\"ReadAction\",\"target\":[\"https:\/\/bbn1.bbnradio.org\/portuguese\/ligue-saber-chegar-ceu\/\"]}]},{\"@type\":\"BreadcrumbList\",\"@id\":\"https:\/\/bbn1.bbnradio.org\/portuguese\/ligue-saber-chegar-ceu\/#breadcrumb\",\"itemListElement\":[{\"@type\":\"ListItem\",\"position\":1,\"name\":\"Home\",\"item\":\"https:\/\/bbn1.bbnradio.org\/portuguese\/inicio\/\"},{\"@type\":\"ListItem\",\"position\":2,\"name\":\"Ligue para saber como chegar ao C\u00e9u\"}]},{\"@type\":\"WebSite\",\"@id\":\"https:\/\/bbn1.bbnradio.org\/portuguese\/#website\",\"url\":\"https:\/\/bbn1.bbnradio.org\/portuguese\/\",\"name\":\"BBN Portuguese\",\"description\":\"BBN\",\"potentialAction\":[{\"@type\":\"SearchAction\",\"target\":{\"@type\":\"EntryPoint\",\"urlTemplate\":\"https:\/\/bbn1.bbnradio.org\/portuguese\/?s={search_term_string}\"},\"query-input\":{\"@type\":\"PropertyValueSpecification\",\"valueRequired\":true,\"valueName\":\"search_term_string\"}}],\"inLanguage\":\"pt-BR\"}]}<\/script>\n<!-- \/ Yoast SEO Premium plugin. -->","yoast_head_json":{"title":"Ligue para saber como chegar ao C\u00e9u - BBN","description":"Ligue para saber como chegar ao C\u00e9u","robots":{"index":"index","follow":"follow","max-snippet":"max-snippet:-1","max-image-preview":"max-image-preview:large","max-video-preview":"max-video-preview:-1"},"canonical":"https:\/\/bbn1.bbnradio.org\/portuguese\/ligue-saber-chegar-ceu\/","og_locale":"pt_BR","og_type":"article","og_title":"Ligue para saber como chegar ao C\u00e9u","og_description":"Saiba com certeza de que um dia ir\u00e1 ao c\u00e9u","og_url":"https:\/\/bbn1.bbnradio.org\/portuguese\/ligue-saber-chegar-ceu\/","og_site_name":"BBN","article_publisher":"https:\/\/www.facebook.com\/BBNPortugues","article_modified_time":"2020-10-16T13:15:17+00:00","twitter_card":"summary_large_image","twitter_title":"Ligue para saber como chegar ao C\u00e9u","twitter_description":"Saiba com certeza de que um dia ir\u00e1 ao c\u00e9u","twitter_site":"@BBNPortugues","twitter_misc":{"Est. tempo de leitura":"2 minutos"},"schema":{"@context":"https:\/\/schema.org","@graph":[{"@type":"WebPage","@id":"https:\/\/bbn1.bbnradio.org\/portuguese\/ligue-saber-chegar-ceu\/","url":"https:\/\/bbn1.bbnradio.org\/portuguese\/ligue-saber-chegar-ceu\/","name":"Ligue para saber como chegar ao C\u00e9u - BBN","isPartOf":{"@id":"https:\/\/bbn1.bbnradio.org\/portuguese\/#website"},"datePublished":"2016-04-04T19:11:52+00:00","dateModified":"2020-10-16T13:15:17+00:00","description":"Ligue para saber como chegar ao C\u00e9u","breadcrumb":{"@id":"https:\/\/bbn1.bbnradio.org\/portuguese\/ligue-saber-chegar-ceu\/#breadcrumb"},"inLanguage":"pt-BR","potentialAction":[{"@type":"ReadAction","target":["https:\/\/bbn1.bbnradio.org\/portuguese\/ligue-saber-chegar-ceu\/"]}]},{"@type":"BreadcrumbList","@id":"https:\/\/bbn1.bbnradio.org\/portuguese\/ligue-saber-chegar-ceu\/#breadcrumb","itemListElement":[{"@type":"ListItem","position":1,"name":"Home","item":"https:\/\/bbn1.bbnradio.org\/portuguese\/inicio\/"},{"@type":"ListItem","position":2,"name":"Ligue para saber como chegar ao C\u00e9u"}]},{"@type":"WebSite","@id":"https:\/\/bbn1.bbnradio.org\/portuguese\/#website","url":"https:\/\/bbn1.bbnradio.org\/portuguese\/","name":"BBN Portuguese","description":"BBN","potentialAction":[{"@type":"SearchAction","target":{"@type":"EntryPoint","urlTemplate":"https:\/\/bbn1.bbnradio.org\/portuguese\/?s={search_term_string}"},"query-input":{"@type":"PropertyValueSpecification","valueRequired":true,"valueName":"search_term_string"}}],"inLanguage":"pt-BR"}]}},"jetpack_sharing_enabled":true,"jetpack_shortlink":"https:\/\/wp.me\/P85nO0-1XY","_links":{"self":[{"href":"https:\/\/bbn1.bbnradio.org\/portuguese\/wp-json\/wp\/v2\/pages\/7562","targetHints":{"allow":["GET"]}}],"collection":[{"href":"https:\/\/bbn1.bbnradio.org\/portuguese\/wp-json\/wp\/v2\/pages"}],"about":[{"href":"https:\/\/bbn1.bbnradio.org\/portuguese\/wp-json\/wp\/v2\/types\/page"}],"author":[{"embeddable":true,"href":"https:\/\/bbn1.bbnradio.org\/portuguese\/wp-json\/wp\/v2\/users\/22"}],"replies":[{"embeddable":true,"href":"https:\/\/bbn1.bbnradio.org\/portuguese\/wp-json\/wp\/v2\/comments?post=7562"}],"version-history":[{"count":3,"href":"https:\/\/bbn1.bbnradio.org\/portuguese\/wp-json\/wp\/v2\/pages\/7562\/revisions"}],"predecessor-version":[{"id":14961,"href":"https:\/\/bbn1.bbnradio.org\/portuguese\/wp-json\/wp\/v2\/pages\/7562\/revisions\/14961"}],"wp:attachment":[{"href":"https:\/\/bbn1.bbnradio.org\/portuguese\/wp-json\/wp\/v2\/media?parent=7562"}],"wp:term":[{"taxonomy":"category","embeddable":true,"href":"https:\/\/bbn1.bbnradio.org\/portuguese\/wp-json\/wp\/v2\/categories?post=7562"},{"taxonomy":"post_tag","embeddable":true,"href":"https:\/\/bbn1.bbnradio.org\/portuguese\/wp-json\/wp\/v2\/tags?post=7562"}],"curies":[{"name":"wp","href":"https:\/\/api.w.org\/{rel}","templated":true}]}}