{"id":7576,"date":"2016-04-04T15:48:53","date_gmt":"2016-04-04T19:48:53","guid":{"rendered":"https:\/\/bbn1.bbnradio.org\/english\/?page_id=7576"},"modified":"2018-07-25T10:08:38","modified_gmt":"2018-07-25T15:08:38","slug":"a-biblia","status":"publish","type":"page","link":"https:\/\/bbn1.bbnradio.org\/portuguese\/ferramentas-inicial\/o-que-a-biblia-ensina\/a-biblia\/","title":{"rendered":"O Que a B\u00edblia Ensina &#8211; A B\u00edblia"},"content":{"rendered":"<p>A B\u00cdBLIA<\/p>\n<p>I. INTRODU\u00c7\u00c3O<\/p>\n<p>Algu\u00e9m j\u00e1 chamou a B\u00edblia Sagrada de \u201ca biblioteca divina\u201d e n\u00e3o sem raz\u00e3o. Embora vejamos a B\u00edblia como um livro, ela \u00e9 constitu\u00edda de sessenta e seis livros distintos. Esses livros, come\u00e7ando do G\u00eanesis at\u00e9 o Apocalipse, est\u00e3o divididos em duas partes principais. A primeira parte \u00e9 chamada de velho testamento e cont\u00e9m trinta e nove livros. A segunda parte \u00e9 chamada de novo testamento e cont\u00e9m vinte e sete livros. Nas primeiras p\u00e1ginas da maioria das B\u00edblias, h\u00e1 um \u00edndice que mostra os nomes dos livros e o n\u00famero das p\u00e1ginas em que cada um se inicia.<\/p>\n<p>II. QUEM ESCREVEU A B\u00cdBLIA?<\/p>\n<p>Do ponto de vista humano a B\u00edblia \u00e9 a hist\u00f3ria- a hist\u00f3ria divina e foi escrita por n\u00e3o menos que trinta e seis autores num per\u00edodo de aproximadamente mil e seiscentos anos. Mas, o mais relevante \u00e9 saber que esses homens estavam sob o direto controle de Deus. Isso \u00e9 que torna a B\u00edblia um livro inspirado por Deus. Deus os guiou ao escrever cada palavra. Isto \u00e9 o que chamamos de inspira\u00e7\u00e3o. Os seguintes versos das Escrituras claramente mostram que a B\u00edblia \u00e9 inspirada por Deus.<br \/>\n\u201cPorque a profecia nunca foi produzida por vontade de homem algum, mas os homens santos de Deus, falaram inspirados pelo Esp\u00edrito Santo.\u201d 2 Pedro 1:21. \u201cToda a Escritura \u00e9 divinamente inspirada, e proveitosa para ensinar, para repreender, para corrigir, para instruir em justi\u00e7a; Para que o homem de Deus seja perfeito, e perfeitamente instru\u00eddo para toda a boa obra.\u201d 2 Tim\u00f3teo 3: 16-17.<\/p>\n<p>A B\u00edblia \u00e9 a palavra de Deus embora alguns possam at\u00e9 dizer que ela contenha a palavra de Deus. Isso implicaria dizer que algumas partes s\u00e3o inspiradas e outras n\u00e3o. Quem poderia afirmar quais partes s\u00e3o inspiradas e quais n\u00e3o s\u00e3o? Depois de muitos anos de pesquisa e estudo, estamos convencidos que n\u00e3o h\u00e1 explica\u00e7\u00e3o humana para esse livro. Essa decis\u00e3o n\u00e3o cabe \u00e0s opini\u00f5es humanas mas como vemos no Salmo 119:89, \u201cPara sempre, \u00f3 Senhor, a tua palavra permanece no c\u00e9u.\u201d<\/p>\n<p>Outro ponto importante a ser lembrado \u00e9 que a B\u00edblia \u00e9 a \u00fanica revela\u00e7\u00e3o escrita dada por Deus ao homem. Na B\u00edblia, Deus nos adverte tr\u00eas vezes quanto a acrescentar ou remover algo da Escritura e a \u00faltima vez est\u00e1 em Apocalipse 22:18-19.<\/p>\n<p>III. QUAL \u00c9 O ASSUNTO DA B\u00cdBLIA?<\/p>\n<p>Embora a B\u00edblia contenha sessenta e seis livros, ela tem um assunto central. Cristo \u00e9 o grande assunto da B\u00edblia. O velho testamento possui muitas previs\u00f5es ou profecias a respeito de Cristo. O novo testamento nos fala de sua vinda como salvador. Cristo est\u00e1 oculto no velho testamento e revelado no novo testamento. Tamb\u00e9m fala de sua morte, sepultamento e ascens\u00e3o aos c\u00e9us. Termina revelando os eventos futuros que acontecer\u00e3o no planeta terra. Jesus Cristo reinar\u00e1 na terra por 1000 anos. Ent\u00e3o, haver\u00e1 um julgamento final chamado \u201cO ju\u00edzo do grande trono branco\u201d. Finalmente, \u201cum novo c\u00e9u e uma nova terra\u201d ser\u00e3o estabelecidos. A B\u00edblia nos apresenta no plano das eras, desde a cria\u00e7\u00e3o at\u00e9 a nova cria\u00e7\u00e3o. Apocalipse 21e 22.<\/p>\n<p>IV. COMO EST\u00c1 DIVIDIDA A B\u00cdBLIA?<\/p>\n<p>A B\u00edblia \u00e9 o registro desse mundo, desde seu princ\u00edpio temporal (cria\u00e7\u00e3o) at\u00e9 seu final no futuro. G\u00eanesis nos conta como o mundo foi criado, a entrada do pecado, o dil\u00favio e o princ\u00edpio da na\u00e7\u00e3o de Israel. De \u00caxodo a Ester temos a hist\u00f3ria de Israel at\u00e9 400 anos antes do nascimento de Cristo. Os livros de J\u00f3 e Cantares de Salom\u00e3o cont\u00eam lindas poesias e sabedoria. O resto do velho testamento, de Isa\u00edas a Malaquias, \u00e9 prof\u00e9tico; isto \u00e9, esses livros cont\u00eam mensagens do Deus de Israel com rela\u00e7\u00e3o ao presente e ao seu destino futuro.<\/p>\n<p>O novo testamento come\u00e7a com os quatro evangelhos que apresentam a vida de Nosso Senhor Jesus Cristo. Os atos dos ap\u00f3stolos, contam a hist\u00f3ria do cristianismo em sua inf\u00e2ncia. Revela o in\u00edcio da igreja e testemunhos pessoais de encontros com o evangelho de Jesus Cristo incluindo a convers\u00e3o do grande ap\u00f3stolo Paulo. De Romanos a Judas, temos cartas para as igrejas e indiv\u00edduos, grandes verdades da f\u00e9 crist\u00e3 e instru\u00e7\u00f5es pr\u00e1ticas relativas \u00e0 vida crist\u00e3. O apocalipse nos permite olhar um pouquinho no futuro, para eventos que acontecer\u00e3o nos c\u00e9us, na terra e no inferno.<\/p>\n<p>V. CONCLUS\u00c3O<\/p>\n<p>Esse livro cont\u00e9m a mente de Deus, o estado do homem, o caminho da salva\u00e7\u00e3o, a condena\u00e7\u00e3o dos pecadores e a felicidade dos crist\u00e3os. Suas doutrinas s\u00e3o santas, seus preceitos consistentes, suas hist\u00f3rias verdadeiras e suas decis\u00f5es imut\u00e1veis. Leia-a para ser s\u00e1bio, creia nela para ser salvo e pratique-a para ser santo. Ela cont\u00e9m luz para dirigi-lo, alimento para supri-lo e conforto para anim\u00e1-lo. Ela \u00e9 o mapa do viajante, a b\u00fassola do piloto, a espada do soldado e a garantia do crist\u00e3o. Aqui o para\u00edso \u00e9 restaurado, os c\u00e9us abertos e as portas do inferno expostas. Cristo \u00e9 o grande assunto, nosso bem-estar projetado e seu prop\u00f3sito: a gl\u00f3ria de Deus. Leia-a devagar, com freq\u00fc\u00eancia e em ora\u00e7\u00e3o. Ela \u00e9 uma mina de riqueza, para\u00edso de gl\u00f3ria e rios de satisfa\u00e7\u00e3o. Recompensar\u00e1 as obras de cada um e condenar\u00e1 \u00e0queles que lidam levianamente com as coisas sagradas. A B\u00edblia \u00e9 o livro dos livros- a revela\u00e7\u00e3o de Deus aos homens.<\/p>\n<!-- AddThis Advanced Settings generic via filter on the_content --><!-- AddThis Share Buttons generic via filter on the_content -->","protected":false},"excerpt":{"rendered":"<p>A B\u00cdBLIA I. INTRODU\u00c7\u00c3O Algu\u00e9m j\u00e1 chamou a B\u00edblia Sagrada de \u201ca biblioteca divina\u201d e n\u00e3o sem raz\u00e3o. Embora vejamos a B\u00edblia como um livro, ela \u00e9 constitu\u00edda de sessenta e seis livros distintos. Esses livros, come\u00e7ando do G\u00eanesis at\u00e9 o Apocalipse, est\u00e3o divididos em duas partes principais. A primeira parte \u00e9 chamada de velho [&hellip;]<!-- AddThis Advanced Settings generic via filter on get_the_excerpt --><!-- AddThis Share Buttons generic via filter on get_the_excerpt --><\/p>\n","protected":false},"author":22,"featured_media":0,"parent":5034,"menu_order":0,"comment_status":"closed","ping_status":"closed","template":"","meta":{"jetpack_post_was_ever_published":false,"footnotes":""},"categories":[],"tags":[],"class_list":["post-7576","page","type-page","status-publish","hentry"],"yoast_head":"<!-- This site is optimized with the Yoast SEO Premium plugin v24.8 (Yoast SEO v24.8.1) - https:\/\/yoast.com\/wordpress\/plugins\/seo\/ -->\n<title>O Que a B\u00edblia Ensina - A B\u00edblia - BBN<\/title>\n<meta name=\"robots\" content=\"index, follow, max-snippet:-1, max-image-preview:large, max-video-preview:-1\" \/>\n<link rel=\"canonical\" href=\"https:\/\/bbn1.bbnradio.org\/portuguese\/ferramentas-inicial\/o-que-a-biblia-ensina\/a-biblia\/\" \/>\n<meta property=\"og:locale\" content=\"pt_BR\" \/>\n<meta property=\"og:type\" content=\"article\" \/>\n<meta property=\"og:title\" content=\"O Que a B\u00edblia Ensina - A B\u00edblia\" \/>\n<meta property=\"og:description\" content=\"Algu\u00e9m j\u00e1 chamou a B\u00edblia Sagrada de \u201ca biblioteca divina\u201d. A B\u00edblia \u00e9 a \u00fanica revela\u00e7\u00e3o escrita dada por Deus ao homem.\" \/>\n<meta property=\"og:url\" content=\"https:\/\/bbn1.bbnradio.org\/portuguese\/ferramentas-inicial\/o-que-a-biblia-ensina\/a-biblia\/\" \/>\n<meta property=\"og:site_name\" content=\"BBN\" \/>\n<meta property=\"article:publisher\" content=\"https:\/\/www.facebook.com\/BBNPortugues\" \/>\n<meta property=\"article:modified_time\" content=\"2018-07-25T15:08:38+00:00\" \/>\n<meta name=\"twitter:card\" content=\"summary_large_image\" \/>\n<meta name=\"twitter:title\" content=\"O Que a B\u00edblia Ensina - A B\u00edblia\" \/>\n<meta name=\"twitter:description\" content=\"Algu\u00e9m j\u00e1 chamou a B\u00edblia Sagrada de \u201ca biblioteca divina\u201d. A B\u00edblia \u00e9 a \u00fanica revela\u00e7\u00e3o escrita dada por Deus ao homem.\" \/>\n<meta name=\"twitter:site\" content=\"@BBNPortugues\" \/>\n<meta name=\"twitter:label1\" content=\"Est. tempo de leitura\" \/>\n\t<meta name=\"twitter:data1\" content=\"5 minutos\" \/>\n<script type=\"application\/ld+json\" class=\"yoast-schema-graph\">{\"@context\":\"https:\/\/schema.org\",\"@graph\":[{\"@type\":\"WebPage\",\"@id\":\"https:\/\/bbn1.bbnradio.org\/portuguese\/ferramentas-inicial\/o-que-a-biblia-ensina\/a-biblia\/\",\"url\":\"https:\/\/bbn1.bbnradio.org\/portuguese\/ferramentas-inicial\/o-que-a-biblia-ensina\/a-biblia\/\",\"name\":\"O Que a B\u00edblia Ensina - A B\u00edblia - BBN\",\"isPartOf\":{\"@id\":\"https:\/\/bbn1.bbnradio.org\/portuguese\/#website\"},\"datePublished\":\"2016-04-04T19:48:53+00:00\",\"dateModified\":\"2018-07-25T15:08:38+00:00\",\"breadcrumb\":{\"@id\":\"https:\/\/bbn1.bbnradio.org\/portuguese\/ferramentas-inicial\/o-que-a-biblia-ensina\/a-biblia\/#breadcrumb\"},\"inLanguage\":\"pt-BR\",\"potentialAction\":[{\"@type\":\"ReadAction\",\"target\":[\"https:\/\/bbn1.bbnradio.org\/portuguese\/ferramentas-inicial\/o-que-a-biblia-ensina\/a-biblia\/\"]}]},{\"@type\":\"BreadcrumbList\",\"@id\":\"https:\/\/bbn1.bbnradio.org\/portuguese\/ferramentas-inicial\/o-que-a-biblia-ensina\/a-biblia\/#breadcrumb\",\"itemListElement\":[{\"@type\":\"ListItem\",\"position\":1,\"name\":\"Home\",\"item\":\"https:\/\/bbn1.bbnradio.org\/portuguese\/inicio\/\"},{\"@type\":\"ListItem\",\"position\":2,\"name\":\"Ferramentas &#8211; Inicial\",\"item\":\"https:\/\/bbn1.bbnradio.org\/portuguese\/ferramentas-inicial\/\"},{\"@type\":\"ListItem\",\"position\":3,\"name\":\"O Que A B\u00edblia Ensina\",\"item\":\"https:\/\/bbn1.bbnradio.org\/portuguese\/ferramentas-inicial\/o-que-a-biblia-ensina\/\"},{\"@type\":\"ListItem\",\"position\":4,\"name\":\"O Que a B\u00edblia Ensina &#8211; A B\u00edblia\"}]},{\"@type\":\"WebSite\",\"@id\":\"https:\/\/bbn1.bbnradio.org\/portuguese\/#website\",\"url\":\"https:\/\/bbn1.bbnradio.org\/portuguese\/\",\"name\":\"BBN Portuguese\",\"description\":\"BBN\",\"potentialAction\":[{\"@type\":\"SearchAction\",\"target\":{\"@type\":\"EntryPoint\",\"urlTemplate\":\"https:\/\/bbn1.bbnradio.org\/portuguese\/?s={search_term_string}\"},\"query-input\":{\"@type\":\"PropertyValueSpecification\",\"valueRequired\":true,\"valueName\":\"search_term_string\"}}],\"inLanguage\":\"pt-BR\"}]}<\/script>\n<!-- \/ Yoast SEO Premium plugin. -->","yoast_head_json":{"title":"O Que a B\u00edblia Ensina - A B\u00edblia - BBN","robots":{"index":"index","follow":"follow","max-snippet":"max-snippet:-1","max-image-preview":"max-image-preview:large","max-video-preview":"max-video-preview:-1"},"canonical":"https:\/\/bbn1.bbnradio.org\/portuguese\/ferramentas-inicial\/o-que-a-biblia-ensina\/a-biblia\/","og_locale":"pt_BR","og_type":"article","og_title":"O Que a B\u00edblia Ensina - A B\u00edblia","og_description":"Algu\u00e9m j\u00e1 chamou a B\u00edblia Sagrada de \u201ca biblioteca divina\u201d. A B\u00edblia \u00e9 a \u00fanica revela\u00e7\u00e3o escrita dada por Deus ao homem.","og_url":"https:\/\/bbn1.bbnradio.org\/portuguese\/ferramentas-inicial\/o-que-a-biblia-ensina\/a-biblia\/","og_site_name":"BBN","article_publisher":"https:\/\/www.facebook.com\/BBNPortugues","article_modified_time":"2018-07-25T15:08:38+00:00","twitter_card":"summary_large_image","twitter_title":"O Que a B\u00edblia Ensina - A B\u00edblia","twitter_description":"Algu\u00e9m j\u00e1 chamou a B\u00edblia Sagrada de \u201ca biblioteca divina\u201d. A B\u00edblia \u00e9 a \u00fanica revela\u00e7\u00e3o escrita dada por Deus ao homem.","twitter_site":"@BBNPortugues","twitter_misc":{"Est. tempo de leitura":"5 minutos"},"schema":{"@context":"https:\/\/schema.org","@graph":[{"@type":"WebPage","@id":"https:\/\/bbn1.bbnradio.org\/portuguese\/ferramentas-inicial\/o-que-a-biblia-ensina\/a-biblia\/","url":"https:\/\/bbn1.bbnradio.org\/portuguese\/ferramentas-inicial\/o-que-a-biblia-ensina\/a-biblia\/","name":"O Que a B\u00edblia Ensina - A B\u00edblia - BBN","isPartOf":{"@id":"https:\/\/bbn1.bbnradio.org\/portuguese\/#website"},"datePublished":"2016-04-04T19:48:53+00:00","dateModified":"2018-07-25T15:08:38+00:00","breadcrumb":{"@id":"https:\/\/bbn1.bbnradio.org\/portuguese\/ferramentas-inicial\/o-que-a-biblia-ensina\/a-biblia\/#breadcrumb"},"inLanguage":"pt-BR","potentialAction":[{"@type":"ReadAction","target":["https:\/\/bbn1.bbnradio.org\/portuguese\/ferramentas-inicial\/o-que-a-biblia-ensina\/a-biblia\/"]}]},{"@type":"BreadcrumbList","@id":"https:\/\/bbn1.bbnradio.org\/portuguese\/ferramentas-inicial\/o-que-a-biblia-ensina\/a-biblia\/#breadcrumb","itemListElement":[{"@type":"ListItem","position":1,"name":"Home","item":"https:\/\/bbn1.bbnradio.org\/portuguese\/inicio\/"},{"@type":"ListItem","position":2,"name":"Ferramentas &#8211; Inicial","item":"https:\/\/bbn1.bbnradio.org\/portuguese\/ferramentas-inicial\/"},{"@type":"ListItem","position":3,"name":"O Que A B\u00edblia Ensina","item":"https:\/\/bbn1.bbnradio.org\/portuguese\/ferramentas-inicial\/o-que-a-biblia-ensina\/"},{"@type":"ListItem","position":4,"name":"O Que a B\u00edblia Ensina &#8211; A B\u00edblia"}]},{"@type":"WebSite","@id":"https:\/\/bbn1.bbnradio.org\/portuguese\/#website","url":"https:\/\/bbn1.bbnradio.org\/portuguese\/","name":"BBN Portuguese","description":"BBN","potentialAction":[{"@type":"SearchAction","target":{"@type":"EntryPoint","urlTemplate":"https:\/\/bbn1.bbnradio.org\/portuguese\/?s={search_term_string}"},"query-input":{"@type":"PropertyValueSpecification","valueRequired":true,"valueName":"search_term_string"}}],"inLanguage":"pt-BR"}]}},"jetpack_sharing_enabled":true,"jetpack_shortlink":"https:\/\/wp.me\/P85nO0-1Yc","_links":{"self":[{"href":"https:\/\/bbn1.bbnradio.org\/portuguese\/wp-json\/wp\/v2\/pages\/7576","targetHints":{"allow":["GET"]}}],"collection":[{"href":"https:\/\/bbn1.bbnradio.org\/portuguese\/wp-json\/wp\/v2\/pages"}],"about":[{"href":"https:\/\/bbn1.bbnradio.org\/portuguese\/wp-json\/wp\/v2\/types\/page"}],"author":[{"embeddable":true,"href":"https:\/\/bbn1.bbnradio.org\/portuguese\/wp-json\/wp\/v2\/users\/22"}],"replies":[{"embeddable":true,"href":"https:\/\/bbn1.bbnradio.org\/portuguese\/wp-json\/wp\/v2\/comments?post=7576"}],"version-history":[{"count":2,"href":"https:\/\/bbn1.bbnradio.org\/portuguese\/wp-json\/wp\/v2\/pages\/7576\/revisions"}],"predecessor-version":[{"id":13715,"href":"https:\/\/bbn1.bbnradio.org\/portuguese\/wp-json\/wp\/v2\/pages\/7576\/revisions\/13715"}],"up":[{"embeddable":true,"href":"https:\/\/bbn1.bbnradio.org\/portuguese\/wp-json\/wp\/v2\/pages\/5034"}],"wp:attachment":[{"href":"https:\/\/bbn1.bbnradio.org\/portuguese\/wp-json\/wp\/v2\/media?parent=7576"}],"wp:term":[{"taxonomy":"category","embeddable":true,"href":"https:\/\/bbn1.bbnradio.org\/portuguese\/wp-json\/wp\/v2\/categories?post=7576"},{"taxonomy":"post_tag","embeddable":true,"href":"https:\/\/bbn1.bbnradio.org\/portuguese\/wp-json\/wp\/v2\/tags?post=7576"}],"curies":[{"name":"wp","href":"https:\/\/api.w.org\/{rel}","templated":true}]}}