{"id":7578,"date":"2016-04-04T15:50:33","date_gmt":"2016-04-04T19:50:33","guid":{"rendered":"https:\/\/bbn1.bbnradio.org\/english\/?page_id=7578"},"modified":"2018-07-25T10:43:38","modified_gmt":"2018-07-25T15:43:38","slug":"biblia-ensina-deus","status":"publish","type":"page","link":"https:\/\/bbn1.bbnradio.org\/portuguese\/ferramentas-inicial\/o-que-a-biblia-ensina\/biblia-ensina-deus\/","title":{"rendered":"O Que a B\u00edblia Ensina &#8211; Deus"},"content":{"rendered":"<p>DEUS<\/p>\n<p>Nenhum assunto pode ter maior relev\u00e2ncia e ocupar mais a mente humana que o estudo de Deus e seu relacionamento com o homem.<\/p>\n<p>I. A EXIST\u00caNCIA DE DEUS<\/p>\n<p>A. H\u00e1 muitos sistemas difundindo, falsos ensinos ou negando a exist\u00eancia de Deus.<\/p>\n<p>De\u00edsmo: Esse sistema reconhece a exist\u00eancia de um deus mas nega que esse deus sustente a cria\u00e7\u00e3o.<\/p>\n<p>Ate\u00edsmo: A explica\u00e7\u00e3o de um efeito sem uma causa para eles implica a n\u00e3o exist\u00eancia de um deus.<\/p>\n<p>Ceticismo: Apenas dizem que duvidam ou descreem que haja um deus, especialmente um deus que se revela. Agnosticismo: Essa escola n\u00e3o nega Deus mas nega que Ele possa ser conhecido.<\/p>\n<p>Pante\u00edsmo: Tudo \u00e9 deus e deus est\u00e1 em tudo.<\/p>\n<p>Trite\u00edsmo: Ensinam que h\u00e1 3 deuses distintos.<\/p>\n<p>Dualismo: Creem em dois deuses, um deus bom e um mau, ambos iguais.<\/p>\n<p>Monote\u00edsmo: Essa doutrina \u00e9 a de um \u00fanico Deus. Os crist\u00e3os creem nisso mas o diabo tamb\u00e9m. Tiago 2:19.<\/p>\n<p>B. A B\u00edblia n\u00e3o procura provar a exist\u00eancia de Deus.O fato dessa exist\u00eancia \u00e9 dado como inquestion\u00e1vel por toda a Escritura. Antes de tudo existir, Ele era \u201cno princ\u00edpio Deus&#8230;\u201d. O primeiro verso da B\u00edblia come\u00e7a com a pressuposi\u00e7\u00e3o de Sua preexist\u00eancia. \u201cNo princ\u00edpio Deus criou os c\u00e9us e a terra\u201d. A exist\u00eancia de Deus \u00e9 apresentada como um fato consumado que n\u00e3o precisa de provas. O homem que alega que Deus n\u00e3o existe \u00e9 chamado de tolo no Salmo 14:1. Precisamos associar esse vers\u00edculo com Jo\u00e3o 1:1-5 que claramente afirma que Jesus tamb\u00e9m estava l\u00e1 no princ\u00edpio da cria\u00e7\u00e3o com Deus, validando portanto sua filia\u00e7\u00e3o eterna. \u201cO Esp\u00edrito de Deus se movia sobre a face das \u00e1guas.\u201d G\u00eanesis 1:2. O Deus trino criou os c\u00e9us e a terra.<\/p>\n<p>C. No entanto, mesmo fora da B\u00edblia, h\u00e1 certas evid\u00eancias da exist\u00eancia de Deus.<\/p>\n<p>(1) A humanidade sempre acreditou em um ser universal.<\/p>\n<p>(2) A cria\u00e7\u00e3o deve ter um criador. O universo n\u00e3o poderia ter-se originado sem uma causa.<\/p>\n<p>(3) O projeto maravilhoso, que vemos na cria\u00e7\u00e3o, exige um projetista arrojado.<\/p>\n<p>(4) Por causa da coexist\u00eancia do bem e do mal, devemos presumir que haja uma lei moral que divide o bem e o mal. Uma vez havendo uma lei moral, deve haver um legislador.<\/p>\n<p>(5) Sendo o homem um ser moral e inteligente, seu criador deve ser muito maior nesses aspectos para poder cri\u00e1-lo.<\/p>\n<p>II. A NATUREZA DE DEUS<\/p>\n<p>A. Deus \u00e9 esp\u00edrito. Jo\u00e3o 4:24. Isso significa que Ele n\u00e3o tem um corpo. Ele \u00e9 invis\u00edvel, no entanto, pode Se revelar ao homem de forma vis\u00edvel. Na pessoa de Jesus Cristo, Deus veio ao mundo num corpo, se fez carne. Jo\u00e3o 1:14-18, Colossenses 1:15, Hebreus 1:3.<\/p>\n<p>B. Deus \u00e9 Luz. \u201cDeus \u00e9 luz, e n\u00e3o h\u00e1 nele trevas nenhumas.\u201d I Jo\u00e3o 1:5.<\/p>\n<p>C. Deus \u00e9 Amor. \u201cAquele que n\u00e3o ama n\u00e3o conhece a Deus; porque Deus \u00e9 amor.\u201d I Jo\u00e3o 4:8.<\/p>\n<p>D. Deus \u00e9 um fogo consumidor. \u201cPorque o nosso Deus \u00e9 um fogo consumidor\u201d. Hebreus 12:29.<\/p>\n<p>E. Deus odeia. \u201cEstas seis coisas o Senhor odeia, e a s\u00e9tima a sua alma abomina.\u201d Prov\u00e9rbios 6:16<\/p>\n<p>F. Deus ouve. Os olhos do Senhor est\u00e3o sobre n\u00f3s e seus ouvidos abertos para nossas ora\u00e7\u00f5es.<\/p>\n<p>G. Deus \u00e9 uma pessoa. Nomes pessoais s\u00e3o usados quando se referem a Ele. \u00caxodo 3:14, Mateus 11:25. Caracter\u00edsticas pessoais s\u00e3o atribu\u00eddas a Ele, como: (1) conhecimento, Isa\u00edas 55: 9-10, (2) emo\u00e7\u00f5es, G\u00eanesis 6:6, (3) vontade, Josu\u00e9 3:10.<\/p>\n<p>H. Deus \u00e9 uma unidade. A Escritura claramente ensina que h\u00e1 um s\u00f3 Deus. Leia I Tim\u00f3teo 2:5. O falso ensino de que h\u00e1 muitos deuses \u00e9 contr\u00e1rio \u00e0 raz\u00e3o. S\u00f3 pode haver um \u00fanico Ser Supremo.<\/p>\n<p>I. Deus \u00e9 uma Trindade. A B\u00edblia n\u00e3o s\u00f3 ensina que h\u00e1 somente um Deus, mas tamb\u00e9m que h\u00e1 tr\u00eas pessoas que comp\u00f5em a divindade: O Pai, O Filho e O Esp\u00edrito Santo. Isso \u00e9 um mist\u00e9rio para a mente humana, mas mesmo n\u00e3o podendo ser entendido, podemos crer porque a Palavra de Deus assim o diz. A palavra \u201ctrindade\u201d n\u00e3o \u00e9 encontrada na B\u00edblia, mas a verdade \u00e9 revelada nas seguintes passagens: (1) Batismo de Jesus, Mateus 3:16-17. A grande comiss\u00e3o, Mateus 28:19. (3) A ben\u00e7\u00e3o apost\u00f3lica de II Cor\u00edntios 13:14. O Pai \u00e9 chamado Deus em Romanos 1:7. O Filho \u00e9 chamado Deus em Hebreus 1:8. O Esp\u00edrito Santo \u00e9 chamado Deus em Atos 5:3-4.<\/p>\n<p>III. OS ATRIBUTOS DE DEUS<\/p>\n<p>\u00c9 dif\u00edcil definirmos Deus. Uma das melhores maneiras \u00e9 descrevendo certas caracter\u00edsticas e qualidades dele. Quando tentamos descrever uma pessoa para algu\u00e9m que n\u00e3o a conhece, nos referimos ao cabelo, olhos, altura e outras caracter\u00edsticas. Assim tamb\u00e9m a B\u00edblia nos apresenta Deus. Essas caracter\u00edsticas s\u00e3o conhecidas como seus atributos.<\/p>\n<p>A. Deus \u00e9 onipresente. Isto significa que Ele est\u00e1 presente em todos os lugares ao mesmo tempo. Jeremias 23:24.<\/p>\n<p>B. Deus \u00e9 onisciente. Em outras palavras, Ele conhece todas as coisas. Ele conhece cada pensamento ou ato do homem. Prov\u00e9rbios 15:3. Ele sabe tudo o que acontece na natureza, incluindo a morte de um passarinho. Mateus 10:29. Embora o universo seja infinito e gloriosamente grandioso, Ele conhece a hist\u00f3ria eterna de cada gr\u00e3o de areia.<\/p>\n<p>C. Deus \u00e9 onipotente. Ele tem todo o Poder. Ele criou o universo e agora o controla pelo seu poder. N\u00e3o h\u00e1 nada que Ele n\u00e3o possa fazer. Mateus 19:26.<\/p>\n<p>D. Deus \u00e9 eterno. Ele nunca teve um princ\u00edpio, e nunca deixar\u00e1 de existir. \u201cQual \u00e9 o seu nome?\u201d Deus respondeu \u201cEU SOU O QUE SOU\u201d. Ele n\u00e3o disse que foi ou ser\u00e1. Ele \u00e9 eterno. \u00caxodo 3:13-14.<\/p>\n<p>E. Deus \u00e9 imut\u00e1vel. &#8220;Porque Eu, o Senhor, n\u00e3o mudo.\u201d Malaquias 3:6.<\/p>\n<p>F. Deus \u00e9 santo. Ele \u00e9 absolutamente puro e sem pecado. Ele odeia o pecado e ama a bondade. Prov\u00e9rbios 15:9-26. Ele se distancia dos pecadores e deve punir o pecado. Isa\u00edas 59:1.<\/p>\n<p>H. Deus \u00e9 justo. Tudo que Ele faz \u00e9 correto e justo. Ele cumpre todas as suas promessas. Salmo 119:137.<\/p>\n<p>I. Deus \u00e9 amor. Embora Deus odeie o pecado, Ele ama o pecador. Jo\u00e3o 3:16.<\/p>\n<p>Note que, ao falarmos com Deus em ora\u00e7\u00e3o, usamos palavras de respeito para mostrar nossa rever\u00eancia para com Deus. N\u00e3o \u00e9 apropriado nos dirigirmos a Ele da mesma forma que falamos com nossos amigos humanos. Se entrarmos no gabinete de um rei ou presidente como nos dirigiremos? Lembremo-nos que estaremos entrando na presen\u00e7a do Rei dos Reis todas as vezes que orarmos.<\/p>\n<p>&nbsp;<\/p>\n<!-- AddThis Advanced Settings generic via filter on the_content --><!-- AddThis Share Buttons generic via filter on the_content -->","protected":false},"excerpt":{"rendered":"<p>DEUS Nenhum assunto pode ter maior relev\u00e2ncia e ocupar mais a mente humana que o estudo de Deus e seu relacionamento com o homem. I. A EXIST\u00caNCIA DE DEUS A. H\u00e1 muitos sistemas difundindo, falsos ensinos ou negando a exist\u00eancia de Deus. De\u00edsmo: Esse sistema reconhece a exist\u00eancia de um deus mas nega que esse [&hellip;]<!-- AddThis Advanced Settings generic via filter on get_the_excerpt --><!-- AddThis Share Buttons generic via filter on get_the_excerpt --><\/p>\n","protected":false},"author":22,"featured_media":0,"parent":5034,"menu_order":0,"comment_status":"closed","ping_status":"closed","template":"","meta":{"jetpack_post_was_ever_published":false,"footnotes":""},"categories":[],"tags":[],"class_list":["post-7578","page","type-page","status-publish","hentry"],"yoast_head":"<!-- This site is optimized with the Yoast SEO Premium plugin v24.8 (Yoast SEO v24.8.1) - https:\/\/yoast.com\/wordpress\/plugins\/seo\/ -->\n<title>O Que a B\u00edblia Ensina - Deus - BBN<\/title>\n<meta name=\"robots\" content=\"index, follow, max-snippet:-1, max-image-preview:large, max-video-preview:-1\" \/>\n<link rel=\"canonical\" href=\"https:\/\/bbn1.bbnradio.org\/portuguese\/ferramentas-inicial\/o-que-a-biblia-ensina\/biblia-ensina-deus\/\" \/>\n<meta property=\"og:locale\" content=\"pt_BR\" \/>\n<meta property=\"og:type\" content=\"article\" \/>\n<meta property=\"og:title\" content=\"O Que a B\u00edblia Ensina - Deus\" \/>\n<meta property=\"og:description\" content=\"DEUS - Nenhum assunto pode ter maior relev\u00e2ncia e ocupar mais a mente humana que o estudo de Deus e seu relacionamento com o homem.\" \/>\n<meta property=\"og:url\" content=\"https:\/\/bbn1.bbnradio.org\/portuguese\/ferramentas-inicial\/o-que-a-biblia-ensina\/biblia-ensina-deus\/\" \/>\n<meta property=\"og:site_name\" content=\"BBN\" \/>\n<meta property=\"article:publisher\" content=\"https:\/\/www.facebook.com\/BBNPortugues\" \/>\n<meta property=\"article:modified_time\" content=\"2018-07-25T15:43:38+00:00\" \/>\n<meta name=\"twitter:card\" content=\"summary_large_image\" \/>\n<meta name=\"twitter:title\" content=\"O Que a B\u00edblia Ensina - Deus\" \/>\n<meta name=\"twitter:description\" content=\"DEUS - Nenhum assunto pode ter maior relev\u00e2ncia e ocupar mais a mente humana que o estudo de Deus e seu relacionamento com o homem.\" \/>\n<meta name=\"twitter:site\" content=\"@BBNPortugues\" \/>\n<meta name=\"twitter:label1\" content=\"Est. tempo de leitura\" \/>\n\t<meta name=\"twitter:data1\" content=\"5 minutos\" \/>\n<script type=\"application\/ld+json\" class=\"yoast-schema-graph\">{\"@context\":\"https:\/\/schema.org\",\"@graph\":[{\"@type\":\"WebPage\",\"@id\":\"https:\/\/bbn1.bbnradio.org\/portuguese\/ferramentas-inicial\/o-que-a-biblia-ensina\/biblia-ensina-deus\/\",\"url\":\"https:\/\/bbn1.bbnradio.org\/portuguese\/ferramentas-inicial\/o-que-a-biblia-ensina\/biblia-ensina-deus\/\",\"name\":\"O Que a B\u00edblia Ensina - Deus - BBN\",\"isPartOf\":{\"@id\":\"https:\/\/bbn1.bbnradio.org\/portuguese\/#website\"},\"datePublished\":\"2016-04-04T19:50:33+00:00\",\"dateModified\":\"2018-07-25T15:43:38+00:00\",\"breadcrumb\":{\"@id\":\"https:\/\/bbn1.bbnradio.org\/portuguese\/ferramentas-inicial\/o-que-a-biblia-ensina\/biblia-ensina-deus\/#breadcrumb\"},\"inLanguage\":\"pt-BR\",\"potentialAction\":[{\"@type\":\"ReadAction\",\"target\":[\"https:\/\/bbn1.bbnradio.org\/portuguese\/ferramentas-inicial\/o-que-a-biblia-ensina\/biblia-ensina-deus\/\"]}]},{\"@type\":\"BreadcrumbList\",\"@id\":\"https:\/\/bbn1.bbnradio.org\/portuguese\/ferramentas-inicial\/o-que-a-biblia-ensina\/biblia-ensina-deus\/#breadcrumb\",\"itemListElement\":[{\"@type\":\"ListItem\",\"position\":1,\"name\":\"Home\",\"item\":\"https:\/\/bbn1.bbnradio.org\/portuguese\/inicio\/\"},{\"@type\":\"ListItem\",\"position\":2,\"name\":\"Ferramentas &#8211; Inicial\",\"item\":\"https:\/\/bbn1.bbnradio.org\/portuguese\/ferramentas-inicial\/\"},{\"@type\":\"ListItem\",\"position\":3,\"name\":\"O Que A B\u00edblia Ensina\",\"item\":\"https:\/\/bbn1.bbnradio.org\/portuguese\/ferramentas-inicial\/o-que-a-biblia-ensina\/\"},{\"@type\":\"ListItem\",\"position\":4,\"name\":\"O Que a B\u00edblia Ensina &#8211; Deus\"}]},{\"@type\":\"WebSite\",\"@id\":\"https:\/\/bbn1.bbnradio.org\/portuguese\/#website\",\"url\":\"https:\/\/bbn1.bbnradio.org\/portuguese\/\",\"name\":\"BBN Portuguese\",\"description\":\"BBN\",\"potentialAction\":[{\"@type\":\"SearchAction\",\"target\":{\"@type\":\"EntryPoint\",\"urlTemplate\":\"https:\/\/bbn1.bbnradio.org\/portuguese\/?s={search_term_string}\"},\"query-input\":{\"@type\":\"PropertyValueSpecification\",\"valueRequired\":true,\"valueName\":\"search_term_string\"}}],\"inLanguage\":\"pt-BR\"}]}<\/script>\n<!-- \/ Yoast SEO Premium plugin. -->","yoast_head_json":{"title":"O Que a B\u00edblia Ensina - Deus - BBN","robots":{"index":"index","follow":"follow","max-snippet":"max-snippet:-1","max-image-preview":"max-image-preview:large","max-video-preview":"max-video-preview:-1"},"canonical":"https:\/\/bbn1.bbnradio.org\/portuguese\/ferramentas-inicial\/o-que-a-biblia-ensina\/biblia-ensina-deus\/","og_locale":"pt_BR","og_type":"article","og_title":"O Que a B\u00edblia Ensina - Deus","og_description":"DEUS - Nenhum assunto pode ter maior relev\u00e2ncia e ocupar mais a mente humana que o estudo de Deus e seu relacionamento com o homem.","og_url":"https:\/\/bbn1.bbnradio.org\/portuguese\/ferramentas-inicial\/o-que-a-biblia-ensina\/biblia-ensina-deus\/","og_site_name":"BBN","article_publisher":"https:\/\/www.facebook.com\/BBNPortugues","article_modified_time":"2018-07-25T15:43:38+00:00","twitter_card":"summary_large_image","twitter_title":"O Que a B\u00edblia Ensina - Deus","twitter_description":"DEUS - Nenhum assunto pode ter maior relev\u00e2ncia e ocupar mais a mente humana que o estudo de Deus e seu relacionamento com o homem.","twitter_site":"@BBNPortugues","twitter_misc":{"Est. tempo de leitura":"5 minutos"},"schema":{"@context":"https:\/\/schema.org","@graph":[{"@type":"WebPage","@id":"https:\/\/bbn1.bbnradio.org\/portuguese\/ferramentas-inicial\/o-que-a-biblia-ensina\/biblia-ensina-deus\/","url":"https:\/\/bbn1.bbnradio.org\/portuguese\/ferramentas-inicial\/o-que-a-biblia-ensina\/biblia-ensina-deus\/","name":"O Que a B\u00edblia Ensina - Deus - BBN","isPartOf":{"@id":"https:\/\/bbn1.bbnradio.org\/portuguese\/#website"},"datePublished":"2016-04-04T19:50:33+00:00","dateModified":"2018-07-25T15:43:38+00:00","breadcrumb":{"@id":"https:\/\/bbn1.bbnradio.org\/portuguese\/ferramentas-inicial\/o-que-a-biblia-ensina\/biblia-ensina-deus\/#breadcrumb"},"inLanguage":"pt-BR","potentialAction":[{"@type":"ReadAction","target":["https:\/\/bbn1.bbnradio.org\/portuguese\/ferramentas-inicial\/o-que-a-biblia-ensina\/biblia-ensina-deus\/"]}]},{"@type":"BreadcrumbList","@id":"https:\/\/bbn1.bbnradio.org\/portuguese\/ferramentas-inicial\/o-que-a-biblia-ensina\/biblia-ensina-deus\/#breadcrumb","itemListElement":[{"@type":"ListItem","position":1,"name":"Home","item":"https:\/\/bbn1.bbnradio.org\/portuguese\/inicio\/"},{"@type":"ListItem","position":2,"name":"Ferramentas &#8211; Inicial","item":"https:\/\/bbn1.bbnradio.org\/portuguese\/ferramentas-inicial\/"},{"@type":"ListItem","position":3,"name":"O Que A B\u00edblia Ensina","item":"https:\/\/bbn1.bbnradio.org\/portuguese\/ferramentas-inicial\/o-que-a-biblia-ensina\/"},{"@type":"ListItem","position":4,"name":"O Que a B\u00edblia Ensina &#8211; Deus"}]},{"@type":"WebSite","@id":"https:\/\/bbn1.bbnradio.org\/portuguese\/#website","url":"https:\/\/bbn1.bbnradio.org\/portuguese\/","name":"BBN Portuguese","description":"BBN","potentialAction":[{"@type":"SearchAction","target":{"@type":"EntryPoint","urlTemplate":"https:\/\/bbn1.bbnradio.org\/portuguese\/?s={search_term_string}"},"query-input":{"@type":"PropertyValueSpecification","valueRequired":true,"valueName":"search_term_string"}}],"inLanguage":"pt-BR"}]}},"jetpack_sharing_enabled":true,"jetpack_shortlink":"https:\/\/wp.me\/P85nO0-1Ye","_links":{"self":[{"href":"https:\/\/bbn1.bbnradio.org\/portuguese\/wp-json\/wp\/v2\/pages\/7578","targetHints":{"allow":["GET"]}}],"collection":[{"href":"https:\/\/bbn1.bbnradio.org\/portuguese\/wp-json\/wp\/v2\/pages"}],"about":[{"href":"https:\/\/bbn1.bbnradio.org\/portuguese\/wp-json\/wp\/v2\/types\/page"}],"author":[{"embeddable":true,"href":"https:\/\/bbn1.bbnradio.org\/portuguese\/wp-json\/wp\/v2\/users\/22"}],"replies":[{"embeddable":true,"href":"https:\/\/bbn1.bbnradio.org\/portuguese\/wp-json\/wp\/v2\/comments?post=7578"}],"version-history":[{"count":3,"href":"https:\/\/bbn1.bbnradio.org\/portuguese\/wp-json\/wp\/v2\/pages\/7578\/revisions"}],"predecessor-version":[{"id":13716,"href":"https:\/\/bbn1.bbnradio.org\/portuguese\/wp-json\/wp\/v2\/pages\/7578\/revisions\/13716"}],"up":[{"embeddable":true,"href":"https:\/\/bbn1.bbnradio.org\/portuguese\/wp-json\/wp\/v2\/pages\/5034"}],"wp:attachment":[{"href":"https:\/\/bbn1.bbnradio.org\/portuguese\/wp-json\/wp\/v2\/media?parent=7578"}],"wp:term":[{"taxonomy":"category","embeddable":true,"href":"https:\/\/bbn1.bbnradio.org\/portuguese\/wp-json\/wp\/v2\/categories?post=7578"},{"taxonomy":"post_tag","embeddable":true,"href":"https:\/\/bbn1.bbnradio.org\/portuguese\/wp-json\/wp\/v2\/tags?post=7578"}],"curies":[{"name":"wp","href":"https:\/\/api.w.org\/{rel}","templated":true}]}}