{"id":7580,"date":"2016-04-04T15:51:19","date_gmt":"2016-04-04T19:51:19","guid":{"rendered":"https:\/\/bbn1.bbnradio.org\/english\/?page_id=7580"},"modified":"2018-07-25T13:28:58","modified_gmt":"2018-07-25T18:28:58","slug":"biblia-ensina-senhor-jesus-cristo","status":"publish","type":"page","link":"https:\/\/bbn1.bbnradio.org\/portuguese\/ferramentas-inicial\/o-que-a-biblia-ensina\/biblia-ensina-senhor-jesus-cristo\/","title":{"rendered":"O Que a B\u00edblia Ensina &#8211; Senhor Jesus Cristo"},"content":{"rendered":"<p>SENHOR JESUS CRISTO<\/p>\n<p>O Senhor Jesus Cristo \u00e9 o tema central da Escritura Sagrada. Devemos considerar sua divindade, sua encarna\u00e7\u00e3o, sua obra e seus of\u00edcios.<\/p>\n<p>I. SUA DIVINDADE<\/p>\n<p>No Velho Testamento Deus disse a Mois\u00e9s, \u201cEU SOU O QUE SOU\u201d. Esse nome foi usado com frequ\u00eancia por Jesus para validar sua divindade. Quando Ele com frequ\u00eancia dizia: \u201cEU SOU\u201d, Ele estava dizendo \u201cEu sou Deus\u201d.<\/p>\n<p>A- \u201cEU SOU o p\u00e3o que desceu do c\u00e9u.\u201d Jo\u00e3o 6:41.<\/p>\n<p>B- \u201cEU SOU a luz do mundo.\u201d Jo\u00e3o 8:12.<\/p>\n<p>C- \u201cEU SOU a porta.\u201d Jo\u00e3o 10:7.<\/p>\n<p>D- \u201cEU SOU o bom pastor.\u201d Jo\u00e3o 10:11.<\/p>\n<p>E- \u201cEU SOU a ressurrei\u00e7\u00e3o e a vida.\u201d Jo\u00e3o 11:25.<\/p>\n<p>F- \u201cEU SOU o caminho, a verdade e a vida.\u201d Jo\u00e3o 14:6.<\/p>\n<p>G- \u201cEU SOU a videira verdadeira.\u201d Jo\u00e3o 15:1.<\/p>\n<p>A divindade de Cristo significa que Cristo \u00e9 Deus. A Escritura ensina claramente que Cristo \u00e9 Deus das seguintes maneiras.<\/p>\n<p>A. Os atributos de Deus s\u00e3o usados quando a B\u00edblia fala de Cristo.<\/p>\n<p>(1) Sua preexist\u00eancia. Cristo n\u00e3o teve um in\u00edcio. Jo\u00e3o 1:1-3; 17:5.<\/p>\n<p>(2) Sua onipresen\u00e7a. Ele est\u00e1 com seus servos em todo o lugar. Mateus 28:20.<\/p>\n<p>(3) Sua onipot\u00eancia. Ele tem poder ilimitado. Apocalipse 1:18<\/p>\n<p>(4) Sua onisci\u00eancia. Ele tem conhecimento ilimitado. Jo\u00e3o 21:17<\/p>\n<p>(5) Sua imutabilidade \u201cJesus Cristo \u00e9 o mesmo ontem, hoje e eternamente.\u201d<\/p>\n<p>Hebreus 13:8.<\/p>\n<p>B. As obras de Deus foram realizadas por Cristo.<\/p>\n<p>(1) Ele tudo criou. Jo\u00e3o 1:3.<\/p>\n<p>(2) Ele sustenta o universo. Colossenses 1:17.<\/p>\n<p>(3) Ele levantou-se dos mortos. Jo\u00e3o 2:19.<\/p>\n<p>C. Os t\u00edtulos de Deus s\u00e3o dados a Cristo.<\/p>\n<p>(1) Deus o Pai se dirige ao Filho como Deus. Hebreus 1:8. (2) Os homens O chamaram Deus, e Ele n\u00e3o recusou sua adora\u00e7\u00e3o. Jo\u00e3o 20:28.<\/p>\n<p>(3) Os dem\u00f4nios o reconheceram como Deus.Marcos 1:24 (4) Ele declarou-se como Deus.Jo\u00e3o 10:30.<\/p>\n<p>II. SUA ENCARNA\u00c7\u00c3O<\/p>\n<p>A encarna\u00e7\u00e3o de Cristo significa sua vinda ao mundo como homem.<\/p>\n<p>A. A vinda de Cristo foi prevista no Velho Testamento. Isa\u00edas 7:14<\/p>\n<p>B. A hist\u00f3ria registra o nascimento de nosso Senhor. Seu nascimento foi diferente de todos os outros.<\/p>\n<p>(1) Ele foi concebido pelo Esp\u00edrito Santo. Lucas 1:35.<\/p>\n<p>(2) Ele nasceu de uma virgem. Mateus 1:23.<\/p>\n<p>(3) Ele era um homem de fato, possuindo um corpo (Hebreus 10:5), alma (Mateus 26:38) e esp\u00edrito (Lucas 23:46).<\/p>\n<p>C. Cristo veio na forma humana para:<\/p>\n<p>(1) Revelar o Pai. Jo\u00e3o 14:9.<\/p>\n<p>(2) Aniquilar o pecado atrav\u00e9s de seu sacrif\u00edcio pessoal. Hebreus 9:26.<\/p>\n<p>(3) Destruir as obras do diabo. I Jo\u00e3o 3:8.<\/p>\n<p>Note bem: Uma das verdades fundamentais da f\u00e9 crist\u00e3 \u00e9 que Jesus Cristo \u00e9 verdadeiramente Deus e veio ao mundo como homem, milagrosamente, pelo nascimento virginal. Por causa da natureza de seu nascimento, Ele n\u00e3o recebeu o pecado Ad\u00e2mico ou a natureza pecaminosa. Romanos 5:12. Como homem, viveu absolutamente sem pecado. Sua vida isenta de pecado e sua ressurrei\u00e7\u00e3o corporal, confirmam essas verdades.<\/p>\n<p>III. SUA OBRA<\/p>\n<p>Sob este \u00e2ngulo, podemos discutir a morte, ressurrei\u00e7\u00e3o e ascens\u00e3o do Senhor. A cruz \u00e9 a verdade fundamental revelada na Palavra de Deus. Quando falamos de cruz n\u00e3o \u00e9 do madeiro que falamos, mas sim ao sacrif\u00edcio sob o madeiro. Desde o tabern\u00e1culo no deserto no Velho Testamento, a Palavra de Deus est\u00e1 repleta de s\u00edmbolos de Cristo e da sua crucifica\u00e7\u00e3o. Ele \u00e9 o Cordeiro Pascal de \u00caxodo 12 e a serpente de bronze de N\u00fameros 21 e Jo\u00e3o 3:14-15. Ele \u00e9 o Pastor do Salmo 23 e o Pastor Ferido de Zacarias 13:6-7.Ele \u00e9 o Salvador Sofredor de Isa\u00edas 53, \u00e9 o Rei da Gl\u00f3ria do Salmo 24:9-10.<\/p>\n<p>A. SUA MORTE<\/p>\n<p>(1) Ningu\u00e9m \u00e9 salvo pela vida de Cristo, mas sim pela sua morte. Jo\u00e3o 3:14-18.<\/p>\n<p>(2) Foi parte do prop\u00f3sito eterno de Deus. Hebreus 10:7.<\/p>\n<p>(3) Foi necess\u00e1ria para cumprir as profecias do Velho Testamento. Isa\u00edas 53:5 (4) Foi necess\u00e1ria para prover salva\u00e7\u00e3o ao homem. Ef\u00e9sios 1:7<\/p>\n<p>(5) A morte de Cristo foi pelo outros. Ele morreu como substituto. I Cor\u00edntios 15:3.<\/p>\n<p>(6) A morte de Cristo foi suficiente. Atendeu completamente \u00e0s exig\u00eancias divinas pois Cristo passou pelo julgamento divino contra o pecado. E atende completamente \u00e0 necessidade do homem, pois foi a morte de uma Pessoa infinita e portanto tem valor infinito.<\/p>\n<p>B. SUA RESSURREI\u00c7\u00c3O<\/p>\n<p>(1) A ressurrei\u00e7\u00e3o corporal de Cristo foi necess\u00e1ria para cumprir a profecia, completando a obra da cruz, Romanos 4:25, e habilitar a Cristo em Sua obra presente nos c\u00e9us.<\/p>\n<p>(2) O corpo ressurreto de Cristo \u00e9 real. N\u00e3o um esp\u00edrito. Lucas 24:39. Foi o mesmo corpo que foi crucificado pois tinha as marcas dos pregos e da lan\u00e7a. Jo\u00e3o 20:27. Ainda assim, um corpo transformado com o poder de suplantar limita\u00e7\u00f5es f\u00edsicas.<\/p>\n<p>(3) Depois de sua ressurrei\u00e7\u00e3o, Cristo apareceu para um certo n\u00famero de seguidores pelo menos dez vezes. Mais de quinhentas testemunhas confi\u00e1veis viram-no depois de ressurreto e testificaram que Jesus de fato levantou-se dos mortos. I Cor\u00edntios 15:6-8 .<\/p>\n<p>(4) A ressurrei\u00e7\u00e3o de Cristo \u00e9 uma importante verdade. Se n\u00e3o houvesse ressurrei\u00e7\u00e3o n\u00e3o haveria f\u00e9 crist\u00e3. Este evento singular separa o cristianismo de outras religi\u00f5es. Todas as religi\u00f5es apontam para o t\u00famulo de seus l\u00edderes e \u201csalvadores\u201d. N\u00f3s n\u00e3o temos um deus morto. Temos um Salvador vivo que triunfou sobre a morte e o t\u00famulo, e est\u00e1 vivo para sempre. Nos tribunais do mundo, uma testemunha ocular valida a autenticidade de uma prova. Opini\u00f5es pessoais s\u00e3o de pouco valor. Com cerca de 500 testemunhas oculares testificando terem visto ao Cristo ressurreto dos mortos, n\u00e3o sobra d\u00favida sobre autenticidade do evento.<\/p>\n<p>C. SUA ASCENS\u00c3O<\/p>\n<p>(1) No final de seu minist\u00e9rio terreno, Cristo foi elevado aos c\u00e9us. Lucas 24:51, Atos 1:9-11. Seu corpo estava vis\u00edvel para \u00e0queles que foram testemunhas oculares enquanto ascendia aos c\u00e9us cumprindo sua promessa de Jo\u00e3o 14:2-3. Ele disse \u201cVou preparar-vos lugar. E quando eu for, e vos preparar lugar, virei outra vez, e vos levarei para mim mesmo, para que onde eu estiver estejais v\u00f3s tamb\u00e9m\u201d. Jo\u00e3o 14:2-3.<\/p>\n<p>(2) Ele ascendeu para que pudesse receber sua recompensa, Jo\u00e3o 17:5, e continuar seu minist\u00e9rio por seu povo. O primeiro cap\u00edtulo de Apocalipse \u00e9 o testemunho de Jo\u00e3o vindo de Cristo entronizado.<\/p>\n<p>IV. SEUS OF\u00cdCIOS<\/p>\n<p>Cristo \u00e9 apresentado na Escritura como Profeta, Sacerdote e Rei.<\/p>\n<p>A. Como profeta, Ele diz aos homens o que Deus tem a dizer a eles e revela Deus aos homens. Jo\u00e3o 1:18.<\/p>\n<p>B. Como sacerdote, Ele representa o crist\u00e3o diante de Deus. Hebreus 4:14-16<\/p>\n<p>C. Como Rei, Ele reina hoje nos cora\u00e7\u00f5es daqueles que s\u00e3o leais a Ele. Em dias vindouros, Ele reinar\u00e1 sobre a terra por mil anos. Apocalipse 20:2-3. Salmo 72 descreve seu reinado na terra. Ent\u00e3o por toda a eternidade o Senhor Jesus continuar\u00e1 a ser nosso Rei dos Reis e Senhor dos Senhores &#8211; para sempre.<\/p>\n<!-- AddThis Advanced Settings generic via filter on the_content --><!-- AddThis Share Buttons generic via filter on the_content -->","protected":false},"excerpt":{"rendered":"<p>SENHOR JESUS CRISTO O Senhor Jesus Cristo \u00e9 o tema central da Escritura Sagrada. Devemos considerar sua divindade, sua encarna\u00e7\u00e3o, sua obra e seus of\u00edcios. I. SUA DIVINDADE No Velho Testamento Deus disse a Mois\u00e9s, \u201cEU SOU O QUE SOU\u201d. Esse nome foi usado com frequ\u00eancia por Jesus para validar sua divindade. Quando Ele com [&hellip;]<!-- AddThis Advanced Settings generic via filter on get_the_excerpt --><!-- AddThis Share Buttons generic via filter on get_the_excerpt --><\/p>\n","protected":false},"author":22,"featured_media":0,"parent":5034,"menu_order":0,"comment_status":"closed","ping_status":"closed","template":"","meta":{"jetpack_post_was_ever_published":false,"footnotes":""},"categories":[],"tags":[],"class_list":["post-7580","page","type-page","status-publish","hentry"],"yoast_head":"<!-- This site is optimized with the Yoast SEO Premium plugin v24.8 (Yoast SEO v24.8.1) - https:\/\/yoast.com\/wordpress\/plugins\/seo\/ -->\n<title>O Que a B\u00edblia Ensina - Senhor Jesus Cristo - BBN<\/title>\n<meta name=\"robots\" content=\"index, follow, max-snippet:-1, max-image-preview:large, max-video-preview:-1\" \/>\n<link rel=\"canonical\" href=\"https:\/\/bbn1.bbnradio.org\/portuguese\/ferramentas-inicial\/o-que-a-biblia-ensina\/biblia-ensina-senhor-jesus-cristo\/\" \/>\n<meta property=\"og:locale\" content=\"pt_BR\" \/>\n<meta property=\"og:type\" content=\"article\" \/>\n<meta property=\"og:title\" content=\"O Que a B\u00edblia Ensina sobre O Senhor Jesus Cristo\" \/>\n<meta property=\"og:description\" content=\"O Senhor Jesus Cristo \u00e9 o tema central da Escritura Sagrada. Devemos considerar sua divindade, sua encarna\u00e7\u00e3o, sua obra e seus of\u00edcios.\" \/>\n<meta property=\"og:url\" content=\"https:\/\/bbn1.bbnradio.org\/portuguese\/ferramentas-inicial\/o-que-a-biblia-ensina\/biblia-ensina-senhor-jesus-cristo\/\" \/>\n<meta property=\"og:site_name\" content=\"BBN\" \/>\n<meta property=\"article:publisher\" content=\"https:\/\/www.facebook.com\/BBNPortugues\" \/>\n<meta property=\"article:modified_time\" content=\"2018-07-25T18:28:58+00:00\" \/>\n<meta name=\"twitter:card\" content=\"summary_large_image\" \/>\n<meta name=\"twitter:title\" content=\"O Que a B\u00edblia Ensina sobre O Senhor Jesus Cristo\" \/>\n<meta name=\"twitter:description\" content=\"O Senhor Jesus Cristo \u00e9 o tema central da Escritura Sagrada. Devemos considerar sua divindade, sua encarna\u00e7\u00e3o, sua obra e seus of\u00edcios.\" \/>\n<meta name=\"twitter:site\" content=\"@BBNPortugues\" \/>\n<meta name=\"twitter:label1\" content=\"Est. tempo de leitura\" \/>\n\t<meta name=\"twitter:data1\" content=\"6 minutos\" \/>\n<script type=\"application\/ld+json\" class=\"yoast-schema-graph\">{\"@context\":\"https:\/\/schema.org\",\"@graph\":[{\"@type\":\"WebPage\",\"@id\":\"https:\/\/bbn1.bbnradio.org\/portuguese\/ferramentas-inicial\/o-que-a-biblia-ensina\/biblia-ensina-senhor-jesus-cristo\/\",\"url\":\"https:\/\/bbn1.bbnradio.org\/portuguese\/ferramentas-inicial\/o-que-a-biblia-ensina\/biblia-ensina-senhor-jesus-cristo\/\",\"name\":\"O Que a B\u00edblia Ensina - Senhor Jesus Cristo - BBN\",\"isPartOf\":{\"@id\":\"https:\/\/bbn1.bbnradio.org\/portuguese\/#website\"},\"datePublished\":\"2016-04-04T19:51:19+00:00\",\"dateModified\":\"2018-07-25T18:28:58+00:00\",\"breadcrumb\":{\"@id\":\"https:\/\/bbn1.bbnradio.org\/portuguese\/ferramentas-inicial\/o-que-a-biblia-ensina\/biblia-ensina-senhor-jesus-cristo\/#breadcrumb\"},\"inLanguage\":\"pt-BR\",\"potentialAction\":[{\"@type\":\"ReadAction\",\"target\":[\"https:\/\/bbn1.bbnradio.org\/portuguese\/ferramentas-inicial\/o-que-a-biblia-ensina\/biblia-ensina-senhor-jesus-cristo\/\"]}]},{\"@type\":\"BreadcrumbList\",\"@id\":\"https:\/\/bbn1.bbnradio.org\/portuguese\/ferramentas-inicial\/o-que-a-biblia-ensina\/biblia-ensina-senhor-jesus-cristo\/#breadcrumb\",\"itemListElement\":[{\"@type\":\"ListItem\",\"position\":1,\"name\":\"Home\",\"item\":\"https:\/\/bbn1.bbnradio.org\/portuguese\/inicio\/\"},{\"@type\":\"ListItem\",\"position\":2,\"name\":\"Ferramentas &#8211; Inicial\",\"item\":\"https:\/\/bbn1.bbnradio.org\/portuguese\/ferramentas-inicial\/\"},{\"@type\":\"ListItem\",\"position\":3,\"name\":\"O Que A B\u00edblia Ensina\",\"item\":\"https:\/\/bbn1.bbnradio.org\/portuguese\/ferramentas-inicial\/o-que-a-biblia-ensina\/\"},{\"@type\":\"ListItem\",\"position\":4,\"name\":\"O Que a B\u00edblia Ensina &#8211; Senhor Jesus Cristo\"}]},{\"@type\":\"WebSite\",\"@id\":\"https:\/\/bbn1.bbnradio.org\/portuguese\/#website\",\"url\":\"https:\/\/bbn1.bbnradio.org\/portuguese\/\",\"name\":\"BBN Portuguese\",\"description\":\"BBN\",\"potentialAction\":[{\"@type\":\"SearchAction\",\"target\":{\"@type\":\"EntryPoint\",\"urlTemplate\":\"https:\/\/bbn1.bbnradio.org\/portuguese\/?s={search_term_string}\"},\"query-input\":{\"@type\":\"PropertyValueSpecification\",\"valueRequired\":true,\"valueName\":\"search_term_string\"}}],\"inLanguage\":\"pt-BR\"}]}<\/script>\n<!-- \/ Yoast SEO Premium plugin. -->","yoast_head_json":{"title":"O Que a B\u00edblia Ensina - Senhor Jesus Cristo - BBN","robots":{"index":"index","follow":"follow","max-snippet":"max-snippet:-1","max-image-preview":"max-image-preview:large","max-video-preview":"max-video-preview:-1"},"canonical":"https:\/\/bbn1.bbnradio.org\/portuguese\/ferramentas-inicial\/o-que-a-biblia-ensina\/biblia-ensina-senhor-jesus-cristo\/","og_locale":"pt_BR","og_type":"article","og_title":"O Que a B\u00edblia Ensina sobre O Senhor Jesus Cristo","og_description":"O Senhor Jesus Cristo \u00e9 o tema central da Escritura Sagrada. Devemos considerar sua divindade, sua encarna\u00e7\u00e3o, sua obra e seus of\u00edcios.","og_url":"https:\/\/bbn1.bbnradio.org\/portuguese\/ferramentas-inicial\/o-que-a-biblia-ensina\/biblia-ensina-senhor-jesus-cristo\/","og_site_name":"BBN","article_publisher":"https:\/\/www.facebook.com\/BBNPortugues","article_modified_time":"2018-07-25T18:28:58+00:00","twitter_card":"summary_large_image","twitter_title":"O Que a B\u00edblia Ensina sobre O Senhor Jesus Cristo","twitter_description":"O Senhor Jesus Cristo \u00e9 o tema central da Escritura Sagrada. Devemos considerar sua divindade, sua encarna\u00e7\u00e3o, sua obra e seus of\u00edcios.","twitter_site":"@BBNPortugues","twitter_misc":{"Est. tempo de leitura":"6 minutos"},"schema":{"@context":"https:\/\/schema.org","@graph":[{"@type":"WebPage","@id":"https:\/\/bbn1.bbnradio.org\/portuguese\/ferramentas-inicial\/o-que-a-biblia-ensina\/biblia-ensina-senhor-jesus-cristo\/","url":"https:\/\/bbn1.bbnradio.org\/portuguese\/ferramentas-inicial\/o-que-a-biblia-ensina\/biblia-ensina-senhor-jesus-cristo\/","name":"O Que a B\u00edblia Ensina - Senhor Jesus Cristo - BBN","isPartOf":{"@id":"https:\/\/bbn1.bbnradio.org\/portuguese\/#website"},"datePublished":"2016-04-04T19:51:19+00:00","dateModified":"2018-07-25T18:28:58+00:00","breadcrumb":{"@id":"https:\/\/bbn1.bbnradio.org\/portuguese\/ferramentas-inicial\/o-que-a-biblia-ensina\/biblia-ensina-senhor-jesus-cristo\/#breadcrumb"},"inLanguage":"pt-BR","potentialAction":[{"@type":"ReadAction","target":["https:\/\/bbn1.bbnradio.org\/portuguese\/ferramentas-inicial\/o-que-a-biblia-ensina\/biblia-ensina-senhor-jesus-cristo\/"]}]},{"@type":"BreadcrumbList","@id":"https:\/\/bbn1.bbnradio.org\/portuguese\/ferramentas-inicial\/o-que-a-biblia-ensina\/biblia-ensina-senhor-jesus-cristo\/#breadcrumb","itemListElement":[{"@type":"ListItem","position":1,"name":"Home","item":"https:\/\/bbn1.bbnradio.org\/portuguese\/inicio\/"},{"@type":"ListItem","position":2,"name":"Ferramentas &#8211; Inicial","item":"https:\/\/bbn1.bbnradio.org\/portuguese\/ferramentas-inicial\/"},{"@type":"ListItem","position":3,"name":"O Que A B\u00edblia Ensina","item":"https:\/\/bbn1.bbnradio.org\/portuguese\/ferramentas-inicial\/o-que-a-biblia-ensina\/"},{"@type":"ListItem","position":4,"name":"O Que a B\u00edblia Ensina &#8211; Senhor Jesus Cristo"}]},{"@type":"WebSite","@id":"https:\/\/bbn1.bbnradio.org\/portuguese\/#website","url":"https:\/\/bbn1.bbnradio.org\/portuguese\/","name":"BBN Portuguese","description":"BBN","potentialAction":[{"@type":"SearchAction","target":{"@type":"EntryPoint","urlTemplate":"https:\/\/bbn1.bbnradio.org\/portuguese\/?s={search_term_string}"},"query-input":{"@type":"PropertyValueSpecification","valueRequired":true,"valueName":"search_term_string"}}],"inLanguage":"pt-BR"}]}},"jetpack_sharing_enabled":true,"jetpack_shortlink":"https:\/\/wp.me\/P85nO0-1Yg","_links":{"self":[{"href":"https:\/\/bbn1.bbnradio.org\/portuguese\/wp-json\/wp\/v2\/pages\/7580","targetHints":{"allow":["GET"]}}],"collection":[{"href":"https:\/\/bbn1.bbnradio.org\/portuguese\/wp-json\/wp\/v2\/pages"}],"about":[{"href":"https:\/\/bbn1.bbnradio.org\/portuguese\/wp-json\/wp\/v2\/types\/page"}],"author":[{"embeddable":true,"href":"https:\/\/bbn1.bbnradio.org\/portuguese\/wp-json\/wp\/v2\/users\/22"}],"replies":[{"embeddable":true,"href":"https:\/\/bbn1.bbnradio.org\/portuguese\/wp-json\/wp\/v2\/comments?post=7580"}],"version-history":[{"count":2,"href":"https:\/\/bbn1.bbnradio.org\/portuguese\/wp-json\/wp\/v2\/pages\/7580\/revisions"}],"predecessor-version":[{"id":13740,"href":"https:\/\/bbn1.bbnradio.org\/portuguese\/wp-json\/wp\/v2\/pages\/7580\/revisions\/13740"}],"up":[{"embeddable":true,"href":"https:\/\/bbn1.bbnradio.org\/portuguese\/wp-json\/wp\/v2\/pages\/5034"}],"wp:attachment":[{"href":"https:\/\/bbn1.bbnradio.org\/portuguese\/wp-json\/wp\/v2\/media?parent=7580"}],"wp:term":[{"taxonomy":"category","embeddable":true,"href":"https:\/\/bbn1.bbnradio.org\/portuguese\/wp-json\/wp\/v2\/categories?post=7580"},{"taxonomy":"post_tag","embeddable":true,"href":"https:\/\/bbn1.bbnradio.org\/portuguese\/wp-json\/wp\/v2\/tags?post=7580"}],"curies":[{"name":"wp","href":"https:\/\/api.w.org\/{rel}","templated":true}]}}