{"id":7584,"date":"2016-04-04T15:53:08","date_gmt":"2016-04-04T19:53:08","guid":{"rendered":"https:\/\/bbn1.bbnradio.org\/english\/?page_id=7584"},"modified":"2018-06-22T15:03:52","modified_gmt":"2018-06-22T20:03:52","slug":"bible-teaches-man","status":"publish","type":"page","link":"https:\/\/bbn1.bbnradio.org\/portuguese\/ferramentas-inicial\/o-que-a-biblia-ensina\/bible-teaches-man\/","title":{"rendered":"O Que a B\u00edblia Ensina &#8211; Homem"},"content":{"rendered":"<p>O HOMEM<\/p>\n<p>Se quisermos saber a verdade sobre o homem, devemos nos voltar para a B\u00edblia. \u201cA verdade \u00e9 o que Deus diz sobre um assunto\u201d. A B\u00edblia nos conta sobre a cria\u00e7\u00e3o humana, a natureza, e sua rela\u00e7\u00e3o com outros seres. O homem \u00e9 o ponto focal da cria\u00e7\u00e3o. Toda a terra est\u00e1 sujeita a ele. G\u00eanesis 1:26. No entanto, para conhecermos o homem de fato, precisamos ter a perspectiva de Deus e n\u00e3o id\u00e9ias humanas. <\/p>\n<p>I. A ORIGEM DO HOMEM <\/p>\n<p>\u00c9 mais que natural o fato do homem ser curioso sobre sua origem pois sempre foi assim. V\u00e1rias teorias j\u00e1 foram desenvolvidas em diferentes momentos da hist\u00f3ria pelos fil\u00f3sofos. A teoria mais atual \u00e9 a da evolu\u00e7\u00e3o, que estabelece os animais inferiores como os ancestrais mais antigos do homem. N\u00e3o h\u00e1 provas de que o homem primitivo fosse bem diferente que o moderno. O fato de sangue humano ser igual ao de todos da esp\u00e9cie em todo o mundo, prova que n\u00e3o h\u00e1 um processo evolucion\u00e1rio. Atos 17:26. O sangue animal n\u00e3o serve para manter a vida humana. N\u00e3o podemos misturar sangue humano e animal. Dos peixes \u00e0s aves, dos animais aos homens, Deus criou cada um de acordo com sua esp\u00e9cie. G\u00eanesis 1:24-25. <\/p>\n<p>O homem \u00e9 distintivamente diferente daquele criado \u00e0 imagem de Deus. \u201cE Deus disse, fa\u00e7amos o homem \u00e0 nossa imagem, conforme a nossa semelhan\u00e7a.\u201d G\u00eanesis 1:26-27. <\/p>\n<p>Deus criou o primeiro homem do p\u00f3 da terra. G\u00eanesis 2:7. No entanto, atrav\u00e9s da hist\u00f3ria, Deus tem criado os seres humanos das seguintes formas: (A) Por concep\u00e7\u00e3o entre um homem e uma mulher. (B) Sem ajuda da mulher, por ex: Eva (C) Sem um homem ou mulher, por ex: Ad\u00e3o. (D) Sem a ajuda de um homem, por uma mulher, como Cristo. Esta \u00e9 outra prova do poder de Deus sobre a vida. <\/p>\n<p>Deus diz com rela\u00e7\u00e3o ao homem, \u201c\u2026e os que criei para minha gl\u00f3ria, e que formei, e fiz.\u201dIsa\u00edas 43:7. Ent\u00e3o a quest\u00e3o \u00e9 \u201cQual o prop\u00f3sito do homem?\u201d A melhor resposta, \u201cO prop\u00f3sito do homem \u00e9 glorificar a Deus\u201d.<\/p>\n<p>II. A NATUREZA DO HOMEM<\/p>\n<p>Qualquer pessoa que j\u00e1 testemunhou a morte de algu\u00e9m compreende com clareza que o homem tem um corpo f\u00edsico, e tamb\u00e9m alma e esp\u00edrito.Num momento se est\u00e1 vivo&#8230;no outro j\u00e1 se foi. Mesmo assim seu corpo ainda permanece. Mas o princ\u00edpio da vida j\u00e1 n\u00e3o existe; um corpo morto \u00e9 o que resta. A B\u00edblia ensina que o homem \u00e9 composto de tr\u00eas elementos: corpo, alma e esp\u00edrito. I Tessalonicenses 5:23. Enquanto \u00e9 dif\u00edcil para n\u00f3s distinguirmos entre alma e esp\u00edrito, uma vez que ambos contrastam com o corpo f\u00edsico, a B\u00edblia mostra que h\u00e1 diferen\u00e7as. Uma planta \u00e9 um corpo sem alma ou esp\u00edrito. Um animal tem corpo e alma, mas n\u00e3o tem esp\u00edrito. O homem \u00e9 corpo, alma e esp\u00edrito. A alma distingue o ser vivo de um morto. O esp\u00edrito do homem torna poss\u00edvel ter comunh\u00e3o e se relacionar com Deus. <\/p>\n<p>O homem \u00e9 a \u00fanica criatura que pode orar. A ora\u00e7\u00e3o \u00e9 uma pr\u00e1tica universal. Das tribos mais atrasadas \u00e0s civiliza\u00e7\u00f5es mais adiantadas, a ora\u00e7\u00e3o \u00e9 comum a todos os homens. Por que? Voc\u00ea j\u00e1 viu um macaco agradecer a Deus por suas bananas? Da mesma forma, o homem \u00e9 a \u00fanica criatura com consci\u00eancia. Voc\u00ea j\u00e1 viu um macaco sentir-se culpado por roubar cocos de outro macaco ou por cometer adult\u00e9rio? O homem \u00e9 o \u00fanico. A hist\u00f3ria nos mostra com riqueza de detalhes os testemunhos daqueles que foram esmagados pelo peso de terem cometido erros. Romanos 1:18-32. Os animais tomam decis\u00f5es baseadas em seus instintos. Somente o homem pode tomar decis\u00f5es baseadas na raz\u00e3o. <\/p>\n<p>Quando o homem ca\u00eddo torna-se crist\u00e3o, ele recebe o Esp\u00edrito Santo habitando nele. N\u00f3s recebemos a velha natureza pela queda de satan\u00e1s que por sua vez trouxe a queda \u00e0 ra\u00e7a humana atrav\u00e9s de Ad\u00e3o. Se nos achegarmos a Ele em f\u00e9, recebendo-o como nosso salvador pessoal, Ele literalmente, na pessoa do Esp\u00edrito Santo, vem residir em nossas vidas. A essa altura recebemos a nova natureza, que \u00e9 \u201cCristo em v\u00f3s, esperan\u00e7a da gl\u00f3ria.\u201d Colossenses 1:27. <\/p>\n<p>A alma \u00e9 o centro das paix\u00f5es e emo\u00e7\u00f5es. O termo esp\u00edrito inclui nossa habilidade de saber e raciocinar. O homem \u00e9 respons\u00e1vel diante de Deus e seu maior dever \u00e9 descobrir o que Deus quer dele, e faz\u00ea-lo. Essas duas naturezas, carnal e espiritual,est\u00e3o em guerra interior como n\u00f3s crist\u00e3os tamb\u00e9m estamos durante toda a vida. (Mais sobre isto no cap\u00edtulo \u201cSalva\u00e7\u00e3o\u201d).<\/p>\n<p>III. O LIVRE ARB\u00cdTRIO DO HOMEM<\/p>\n<p>H\u00e1 outros seres no universo que tamb\u00e9m foram criados por Deus. H\u00e1 anjos e esp\u00edritos. Eles n\u00e3o t\u00eam corpos humanos e s\u00e3o mais poderosos que n\u00f3s.Tamb\u00e9m foram criados para servir a Deus e como os homens, t\u00eam o livre arb\u00edtrio. Alguns deles ca\u00edram em pecado e desobedi\u00eancia. Isa\u00edas 14:12-15. <\/p>\n<p>Deus poderia ter feito in\u00fameras m\u00e1quinas para fazer sua vontade mecanicamente. Em vez disso, Eles escolheu criar seres que pudessem, se assim o desejassem, servi-lo voluntariamente e am\u00e1-lo livremente. Mal podemos entender por que Ele assim o quis, mas as evid\u00eancias claramente apontam nessa dire\u00e7\u00e3o. O homem faz suas escolhas, e Deus concede as conseq\u00fc\u00eancias.<\/p>\n<p>IV. O PECADO DO HOMEM<\/p>\n<p>Ao criar seres livres, capazes de fazer sua vontade ou recusar-se a isso, Ele com certeza j\u00e1 sabia que alguns escolheriam o caminho errado. E assim foi. Um grande anjo chamado L\u00facifer, agora conhecido como satan\u00e1s, decidiu impor sua vontade opondo-se \u00e0 vontade de Deus. O primeiro pecado n\u00e3o aconteceu na terra, mas no c\u00e9u. Imediatamente ele foi expulso do c\u00e9u. Muitos outros anjos juntaram-se a ele e foram expulsos juntamente. Da\u00ed para diante, satan\u00e1s tem procurado atrapalhar os planos de Deus de todas as formas poss\u00edveis. Ao ser criado o homem com o livre-arb\u00edtrio, satan\u00e1s planejou imediatamente tent\u00e1-lo a se desviar para a desobedi\u00eancia. Deus advertiu o homem, mas Satan\u00e1s teve sucesso em atra\u00ed-lo tamb\u00e9m para o pecado. Essa bem conhecida hist\u00f3ria \u00e9 narrada em G\u00eanesis 3. <\/p>\n<p>Como governador moral do universo, Deus agora n\u00e3o pode tolerar em sua presen\u00e7a qualquer ser que tenha deliberadamente desobedecido \u00e0s suas ordens. Por isso Satan\u00e1s foi expulso ao desafiar a vontade de Deus. O mesmo tratamento foi necess\u00e1rio ao homem, e assim Ad\u00e3o foi lan\u00e7ado fora da presen\u00e7a f\u00edsica de Deus. G\u00eanesis 3:23-24.<\/p>\n<p>O pecado entrou na ra\u00e7a humana e a natureza de Ad\u00e3o foi transmitida a todos os membros da ra\u00e7a. \u201cPortanto, como por um homem entrou o pecado no mundo, e pelo pecado a morte, assim tamb\u00e9m a morte passou a todos os homens por isso que todos pecaram.\u201d Romanos 5:12.Todos n\u00f3s nascemos com inclina\u00e7\u00e3o para o pecado. Essa natureza respondeu a tenta\u00e7\u00e3o e n\u00f3s sucumbimos e tristemente pecamos contra um Deus Santo. <\/p>\n<p>V. O FUTURO DO HOMEM<\/p>\n<p>Assim com a B\u00edblia nos ensina sobre a origem do homem, como vindo das m\u00e3os de Deus, e da vergonhosa queda humana e conseq\u00fcente separa\u00e7\u00e3o de Deus; ela tamb\u00e9m nos diz que cada homem, mulher e crian\u00e7a um dia ficar\u00e1 diante de Deus e v\u00ea-lo-\u00e3o como Juiz. \u201cDe maneira que cada um de n\u00f3s dar\u00e1 conta de si mesmo a Deus.\u201d Romanos 14:12. O fato da morte tornou-se t\u00e3o comum que todos j\u00e1 sabem que um dia v\u00e3o morrer. Mas a B\u00edblia complementa \u201cE, como aos homens est\u00e1 ordenado morrerem uma vez, vindo depois disso, o ju\u00edzo.\u201d Hebreus 9:27. Deus criou o homem e revelou sua vontade atrav\u00e9s de sua palavra. Deus responsabilizar\u00e1 a cada pessoa por tudo que fizer. Essa vida \u00e9 uma prepara\u00e7\u00e3o preliminar para a pr\u00f3xima. Os homens n\u00e3o morrem como os animais. O esp\u00edrito do homem deve voltar a Deus, seu Criador e Juiz.<\/p>\n<!-- AddThis Advanced Settings generic via filter on the_content --><!-- AddThis Share Buttons generic via filter on the_content -->","protected":false},"excerpt":{"rendered":"<p>O HOMEM Se quisermos saber a verdade sobre o homem, devemos nos voltar para a B\u00edblia. \u201cA verdade \u00e9 o que Deus diz sobre um assunto\u201d. A B\u00edblia nos conta sobre a cria\u00e7\u00e3o humana, a natureza, e sua rela\u00e7\u00e3o com outros seres. O homem \u00e9 o ponto focal da cria\u00e7\u00e3o. Toda a terra est\u00e1 sujeita [&hellip;]<!-- AddThis Advanced Settings generic via filter on get_the_excerpt --><!-- AddThis Share Buttons generic via filter on get_the_excerpt --><\/p>\n","protected":false},"author":22,"featured_media":0,"parent":5034,"menu_order":0,"comment_status":"closed","ping_status":"closed","template":"","meta":{"jetpack_post_was_ever_published":false,"footnotes":""},"categories":[],"tags":[],"class_list":["post-7584","page","type-page","status-publish","hentry"],"yoast_head":"<!-- This site is optimized with the Yoast SEO Premium plugin v24.8 (Yoast SEO v24.8.1) - https:\/\/yoast.com\/wordpress\/plugins\/seo\/ -->\n<title>O Que a B\u00edblia Ensina - Homem - BBN<\/title>\n<meta name=\"robots\" content=\"index, follow, max-snippet:-1, max-image-preview:large, max-video-preview:-1\" \/>\n<link rel=\"canonical\" href=\"https:\/\/bbn1.bbnradio.org\/portuguese\/ferramentas-inicial\/o-que-a-biblia-ensina\/bible-teaches-man\/\" \/>\n<meta property=\"og:locale\" content=\"pt_BR\" \/>\n<meta property=\"og:type\" content=\"article\" \/>\n<meta property=\"og:title\" content=\"O Que a B\u00edblia Ensina sobre o Homem\" \/>\n<meta property=\"og:description\" content=\"A B\u00edblia nos conta sobre a cria\u00e7\u00e3o humana, a natureza, e sua rela\u00e7\u00e3o com outros seres. O homem \u00e9 o ponto focal da cria\u00e7\u00e3o. Toda a terra est\u00e1 sujeita a ele.\" \/>\n<meta property=\"og:url\" content=\"https:\/\/bbn1.bbnradio.org\/portuguese\/ferramentas-inicial\/o-que-a-biblia-ensina\/bible-teaches-man\/\" \/>\n<meta property=\"og:site_name\" content=\"BBN\" \/>\n<meta property=\"article:publisher\" content=\"https:\/\/www.facebook.com\/BBNPortugues\" \/>\n<meta property=\"article:modified_time\" content=\"2018-06-22T20:03:52+00:00\" \/>\n<meta name=\"twitter:card\" content=\"summary_large_image\" \/>\n<meta name=\"twitter:title\" content=\"O Que a B\u00edblia Ensina sobre o Homem\" \/>\n<meta name=\"twitter:description\" content=\"A B\u00edblia nos conta sobre a cria\u00e7\u00e3o humana, a natureza, e sua rela\u00e7\u00e3o com outros seres. O homem \u00e9 o ponto focal da cria\u00e7\u00e3o. Toda a terra est\u00e1 sujeita a ele.\" \/>\n<meta name=\"twitter:site\" content=\"@BBNPortugues\" \/>\n<meta name=\"twitter:label1\" content=\"Est. tempo de leitura\" \/>\n\t<meta name=\"twitter:data1\" content=\"7 minutos\" \/>\n<script type=\"application\/ld+json\" class=\"yoast-schema-graph\">{\"@context\":\"https:\/\/schema.org\",\"@graph\":[{\"@type\":\"WebPage\",\"@id\":\"https:\/\/bbn1.bbnradio.org\/portuguese\/ferramentas-inicial\/o-que-a-biblia-ensina\/bible-teaches-man\/\",\"url\":\"https:\/\/bbn1.bbnradio.org\/portuguese\/ferramentas-inicial\/o-que-a-biblia-ensina\/bible-teaches-man\/\",\"name\":\"O Que a B\u00edblia Ensina - Homem - BBN\",\"isPartOf\":{\"@id\":\"https:\/\/bbn1.bbnradio.org\/portuguese\/#website\"},\"datePublished\":\"2016-04-04T19:53:08+00:00\",\"dateModified\":\"2018-06-22T20:03:52+00:00\",\"breadcrumb\":{\"@id\":\"https:\/\/bbn1.bbnradio.org\/portuguese\/ferramentas-inicial\/o-que-a-biblia-ensina\/bible-teaches-man\/#breadcrumb\"},\"inLanguage\":\"pt-BR\",\"potentialAction\":[{\"@type\":\"ReadAction\",\"target\":[\"https:\/\/bbn1.bbnradio.org\/portuguese\/ferramentas-inicial\/o-que-a-biblia-ensina\/bible-teaches-man\/\"]}]},{\"@type\":\"BreadcrumbList\",\"@id\":\"https:\/\/bbn1.bbnradio.org\/portuguese\/ferramentas-inicial\/o-que-a-biblia-ensina\/bible-teaches-man\/#breadcrumb\",\"itemListElement\":[{\"@type\":\"ListItem\",\"position\":1,\"name\":\"Home\",\"item\":\"https:\/\/bbn1.bbnradio.org\/portuguese\/inicio\/\"},{\"@type\":\"ListItem\",\"position\":2,\"name\":\"Ferramentas &#8211; Inicial\",\"item\":\"https:\/\/bbn1.bbnradio.org\/portuguese\/ferramentas-inicial\/\"},{\"@type\":\"ListItem\",\"position\":3,\"name\":\"O Que A B\u00edblia Ensina\",\"item\":\"https:\/\/bbn1.bbnradio.org\/portuguese\/ferramentas-inicial\/o-que-a-biblia-ensina\/\"},{\"@type\":\"ListItem\",\"position\":4,\"name\":\"O Que a B\u00edblia Ensina &#8211; Homem\"}]},{\"@type\":\"WebSite\",\"@id\":\"https:\/\/bbn1.bbnradio.org\/portuguese\/#website\",\"url\":\"https:\/\/bbn1.bbnradio.org\/portuguese\/\",\"name\":\"BBN Portuguese\",\"description\":\"BBN\",\"potentialAction\":[{\"@type\":\"SearchAction\",\"target\":{\"@type\":\"EntryPoint\",\"urlTemplate\":\"https:\/\/bbn1.bbnradio.org\/portuguese\/?s={search_term_string}\"},\"query-input\":{\"@type\":\"PropertyValueSpecification\",\"valueRequired\":true,\"valueName\":\"search_term_string\"}}],\"inLanguage\":\"pt-BR\"}]}<\/script>\n<!-- \/ Yoast SEO Premium plugin. -->","yoast_head_json":{"title":"O Que a B\u00edblia Ensina - Homem - BBN","robots":{"index":"index","follow":"follow","max-snippet":"max-snippet:-1","max-image-preview":"max-image-preview:large","max-video-preview":"max-video-preview:-1"},"canonical":"https:\/\/bbn1.bbnradio.org\/portuguese\/ferramentas-inicial\/o-que-a-biblia-ensina\/bible-teaches-man\/","og_locale":"pt_BR","og_type":"article","og_title":"O Que a B\u00edblia Ensina sobre o Homem","og_description":"A B\u00edblia nos conta sobre a cria\u00e7\u00e3o humana, a natureza, e sua rela\u00e7\u00e3o com outros seres. O homem \u00e9 o ponto focal da cria\u00e7\u00e3o. Toda a terra est\u00e1 sujeita a ele.","og_url":"https:\/\/bbn1.bbnradio.org\/portuguese\/ferramentas-inicial\/o-que-a-biblia-ensina\/bible-teaches-man\/","og_site_name":"BBN","article_publisher":"https:\/\/www.facebook.com\/BBNPortugues","article_modified_time":"2018-06-22T20:03:52+00:00","twitter_card":"summary_large_image","twitter_title":"O Que a B\u00edblia Ensina sobre o Homem","twitter_description":"A B\u00edblia nos conta sobre a cria\u00e7\u00e3o humana, a natureza, e sua rela\u00e7\u00e3o com outros seres. O homem \u00e9 o ponto focal da cria\u00e7\u00e3o. Toda a terra est\u00e1 sujeita a ele.","twitter_site":"@BBNPortugues","twitter_misc":{"Est. tempo de leitura":"7 minutos"},"schema":{"@context":"https:\/\/schema.org","@graph":[{"@type":"WebPage","@id":"https:\/\/bbn1.bbnradio.org\/portuguese\/ferramentas-inicial\/o-que-a-biblia-ensina\/bible-teaches-man\/","url":"https:\/\/bbn1.bbnradio.org\/portuguese\/ferramentas-inicial\/o-que-a-biblia-ensina\/bible-teaches-man\/","name":"O Que a B\u00edblia Ensina - Homem - BBN","isPartOf":{"@id":"https:\/\/bbn1.bbnradio.org\/portuguese\/#website"},"datePublished":"2016-04-04T19:53:08+00:00","dateModified":"2018-06-22T20:03:52+00:00","breadcrumb":{"@id":"https:\/\/bbn1.bbnradio.org\/portuguese\/ferramentas-inicial\/o-que-a-biblia-ensina\/bible-teaches-man\/#breadcrumb"},"inLanguage":"pt-BR","potentialAction":[{"@type":"ReadAction","target":["https:\/\/bbn1.bbnradio.org\/portuguese\/ferramentas-inicial\/o-que-a-biblia-ensina\/bible-teaches-man\/"]}]},{"@type":"BreadcrumbList","@id":"https:\/\/bbn1.bbnradio.org\/portuguese\/ferramentas-inicial\/o-que-a-biblia-ensina\/bible-teaches-man\/#breadcrumb","itemListElement":[{"@type":"ListItem","position":1,"name":"Home","item":"https:\/\/bbn1.bbnradio.org\/portuguese\/inicio\/"},{"@type":"ListItem","position":2,"name":"Ferramentas &#8211; Inicial","item":"https:\/\/bbn1.bbnradio.org\/portuguese\/ferramentas-inicial\/"},{"@type":"ListItem","position":3,"name":"O Que A B\u00edblia Ensina","item":"https:\/\/bbn1.bbnradio.org\/portuguese\/ferramentas-inicial\/o-que-a-biblia-ensina\/"},{"@type":"ListItem","position":4,"name":"O Que a B\u00edblia Ensina &#8211; Homem"}]},{"@type":"WebSite","@id":"https:\/\/bbn1.bbnradio.org\/portuguese\/#website","url":"https:\/\/bbn1.bbnradio.org\/portuguese\/","name":"BBN Portuguese","description":"BBN","potentialAction":[{"@type":"SearchAction","target":{"@type":"EntryPoint","urlTemplate":"https:\/\/bbn1.bbnradio.org\/portuguese\/?s={search_term_string}"},"query-input":{"@type":"PropertyValueSpecification","valueRequired":true,"valueName":"search_term_string"}}],"inLanguage":"pt-BR"}]}},"jetpack_sharing_enabled":true,"jetpack_shortlink":"https:\/\/wp.me\/P85nO0-1Yk","_links":{"self":[{"href":"https:\/\/bbn1.bbnradio.org\/portuguese\/wp-json\/wp\/v2\/pages\/7584","targetHints":{"allow":["GET"]}}],"collection":[{"href":"https:\/\/bbn1.bbnradio.org\/portuguese\/wp-json\/wp\/v2\/pages"}],"about":[{"href":"https:\/\/bbn1.bbnradio.org\/portuguese\/wp-json\/wp\/v2\/types\/page"}],"author":[{"embeddable":true,"href":"https:\/\/bbn1.bbnradio.org\/portuguese\/wp-json\/wp\/v2\/users\/22"}],"replies":[{"embeddable":true,"href":"https:\/\/bbn1.bbnradio.org\/portuguese\/wp-json\/wp\/v2\/comments?post=7584"}],"version-history":[{"count":2,"href":"https:\/\/bbn1.bbnradio.org\/portuguese\/wp-json\/wp\/v2\/pages\/7584\/revisions"}],"predecessor-version":[{"id":12702,"href":"https:\/\/bbn1.bbnradio.org\/portuguese\/wp-json\/wp\/v2\/pages\/7584\/revisions\/12702"}],"up":[{"embeddable":true,"href":"https:\/\/bbn1.bbnradio.org\/portuguese\/wp-json\/wp\/v2\/pages\/5034"}],"wp:attachment":[{"href":"https:\/\/bbn1.bbnradio.org\/portuguese\/wp-json\/wp\/v2\/media?parent=7584"}],"wp:term":[{"taxonomy":"category","embeddable":true,"href":"https:\/\/bbn1.bbnradio.org\/portuguese\/wp-json\/wp\/v2\/categories?post=7584"},{"taxonomy":"post_tag","embeddable":true,"href":"https:\/\/bbn1.bbnradio.org\/portuguese\/wp-json\/wp\/v2\/tags?post=7584"}],"curies":[{"name":"wp","href":"https:\/\/api.w.org\/{rel}","templated":true}]}}