{"id":7586,"date":"2016-04-04T15:54:22","date_gmt":"2016-04-04T19:54:22","guid":{"rendered":"https:\/\/bbn1.bbnradio.org\/english\/?page_id=7586"},"modified":"2018-06-25T10:26:56","modified_gmt":"2018-06-25T15:26:56","slug":"o-pecado","status":"publish","type":"page","link":"https:\/\/bbn1.bbnradio.org\/portuguese\/ferramentas-inicial\/o-que-a-biblia-ensina\/o-pecado\/","title":{"rendered":"O Que A B\u00edblia Ensina &#8211; O Pecado"},"content":{"rendered":"<p>O PECADO<\/p>\n<p>I. O que \u00e9 o pecado? <\/p>\n<p>Ningu\u00e9m pode ler a B\u00edblia sem notar a grande aten\u00e7\u00e3o que ela d\u00e1 ao assunto do pecado, sua causa e cura. Sempre que pensamos em pecado o relacionamos ao crime e assassinato. Mas pecado, segundo a B\u00edblia \u00e9 estar aqu\u00e9m da perfei\u00e7\u00e3o divina. Em Romanos 3:23 podemos ler: \u201cPorque todos pecaram e destitu\u00eddos est\u00e3o da gl\u00f3ria de Deus.\u201d A \u201cgl\u00f3ria de Deus\u201d inclui o pensamento de absoluta perfei\u00e7\u00e3o. O pecado \u00e9 portanto ficar aqu\u00e9m da marca e todos os homens carregam essa culpa. A B\u00edblia ainda se refere ao pecado das maneiras que se seguem: <\/p>\n<p>A. Quebrar a lei de Deus. Romanos 5:13.<\/p>\n<p>B. Rebeli\u00e3o contra Deus, ou transgress\u00e3o. I Jo\u00e3o 3:4. <\/p>\n<p>C. Impureza moral. Salmo 32:5.<\/p>\n<p>D. Pensamentos malignos s\u00e3o pecaminosos, tanto quanto os atos malignos. Mateus 5:28.<\/p>\n<p>II. A ORIGEM DO PECADO<\/p>\n<p>O primeiro registro de pecado aconteceu no c\u00e9u. O anjo L\u00facifer tornou-se ambicioso e quis ser igual a Deus. Isa\u00edas 14:12-14. Por causa desse pecado do orgulho, ele foi lan\u00e7ado fora do c\u00e9u, e tornou-se aquele descrito como o diabo, ou Satan\u00e1s. <\/p>\n<p>O primeiro caso de pecado na terra \u00e9 descrito no terceiro cap\u00edtulo de G\u00eanesis. Aconteceu no jardim do \u00c9den. Deus proibiu Ad\u00e3o e Eva de comerem o fruto e tornarem-se pecadores. Eles desobedeceram a Deus, comeram o fruto proibido e assim tornaram-se pecadores. <\/p>\n<p>III. CONSEQ\u00dc\u00caNCIAS DO PECADO<\/p>\n<p>A. Logo que os pais da humanidade pecaram, tornaram-se conscientes do fato de estarem nus, e tentaram esconder-se de Deus. G\u00eanesis 3:7-8. <\/p>\n<p>B. A penalidade pelo pecado \u00e9 a morte. Naquele momento Ad\u00e3o tornou-se espiritualmente morto. Isso significa que se tornou separado de Deus, e banido de sua presen\u00e7a. Tamb\u00e9m ficou sujeito \u00e0 morte f\u00edsica. Embora n\u00e3o morresse fisicamente imediatamente, seu corpo finalmente estaria condenado a morrer. Romanos 5:12<\/p>\n<p>C. A natureza pecaminosa de Ad\u00e3o seria transmitida completamente \u00e0 ra\u00e7a humana. Toda crian\u00e7a nascida de pais pecadores ser\u00e1 uma pecadora de nascen\u00e7a, por escolha e pr\u00e1tica. O filho mais velho de Ad\u00e3o, Caim foi um assassino, e o pecado come\u00e7ou a pesar sobre a ra\u00e7a humana. Porque todos os homens nascem pecadores est\u00e3o todos mortos espiritualmente, e todos condenados a morrer fisicamente um dia. Leia Romanos 5:12-18 cuidadosamente nesse ponto. <\/p>\n<p>D. O pecado do homem trouxe a maldi\u00e7\u00e3o de Deus sobre toda a cria\u00e7\u00e3o. O filho mais velho de Ad\u00e3o tornou-se assassino.Cardos e espinhos, por exemplo, s\u00e3o evid\u00eancias dessa maldi\u00e7\u00e3o. Outras evid\u00eancias s\u00e3o mencionadas em G\u00eanesis 3:14-19. O homem moderno tenta justificar nossa deprava\u00e7\u00e3o como falha de car\u00e1ter e erros humanos. Alguns dos psic\u00f3logos tentam nos convencer que o homem est\u00e1 melhorando a cada dia como conseq\u00fc\u00eancia dos avan\u00e7os no conhecimento e tecnologia. No entanto, n\u00e3o precisamos mais de provas para o pecado, quando podemos ver os cemit\u00e9rios, pris\u00f5es, hospitais e funer\u00e1rias. Podemos chamar do que quiser, mas as l\u00e1grimas, tristeza, dor e morte s\u00e3o claras evid\u00eancias das conseq\u00fc\u00eancias do pecado. Por que o homem peca? Leia Jo\u00e3o 8:44.Tudo come\u00e7a no c\u00e9u e termina no inferno. Apocalipse 20:10<\/p>\n<p>IV. A PENA PELO PECADO<\/p>\n<p>&#8220;O sal\u00e1rio do pecado \u00e9 a morte.\u201d Romanos 6:23. Deus pronunciou a penalidade pelo pecado como sendo a morte. N\u00e3o h\u00e1 meios de um homem aperfei\u00e7oar-se a ponto de estar aceit\u00e1vel diante de Deus. \u201cPorque todos pecaram e destitu\u00eddos est\u00e3o da gl\u00f3ria de Deus.\u201d Romanos 3:23. J\u00e1 vimos que isso significa a morte f\u00edsica e espiritual. Esse pre\u00e7o precisa ser pago. Deus deve punir o pecado ou providenciar um meio de limpar-nos e perdoar nossos pecados.<\/p>\n<p>Enquanto um homem viver em seus pecados, ele est\u00e1 morto espiritualmente e sujeito \u00e0 morte f\u00edsica. Se ainda estiver com seus pecados na morte, est\u00e1 sujeito \u00e0 morte eterna. Isso significa que ser\u00e1 banido eternamente da presen\u00e7a de Deus e sofrer\u00e1 pelos seus pecados no lago de fogo. Esta \u00e9 a segunda morte de Apocalipse 20:14. <\/p>\n<p>V. O REM\u00c9DIO PARA O PECADO<\/p>\n<p>Deus providenciou um rem\u00e9dio para que o homem n\u00e3o precisasse sofrer o castigo eterno por seus pecados. Ele mandou seu Filho ao mundo para dar ao homem uma oportunidade de se salvar. O Senhor Jesus Cristo nasceu da virgem Maria. O nascimento virginal era absolutamente necess\u00e1rio para que Ele nascesse sem pecado. Por causa disso, Ele n\u00e3o herdou o pecado de Ad\u00e3o em sua natureza. Ele foi o \u00fanico homem sem pecado que j\u00e1 existiu. Na cruz Ele voluntariamente sofreu a penalidade do pecado e satisfez plenamente todas as exig\u00eancias de um Deus santo. Uma vez paga a pena pelo pecado, Deus agora pode dar a vida eterna a todo pecador que confessar essa condi\u00e7\u00e3o e receber o Senhor Jesus Cristo como Senhor e salvador de sua vida. II Cor\u00edntios 5:21.(Esse ponto ser\u00e1 melhor explicado no cap\u00edtulo Salva\u00e7\u00e3o).<\/p>\n<p>Quando algu\u00e9m confia em Cristo, ele \u00e9 salvo da pena e do poder do pecado. Mas isso n\u00e3o significa que nunca mais ele cometer\u00e1 pecado. Significa que todos os seus pecados, do passado, presente e futuro foram perdoados e que nunca mais aquela pessoa ser\u00e1 julgada por causa deles. Lembre-se que quando Cristo morreu, todos os seus pecados eram futuros. Em Cristo tem-se poder para viver uma vida vitoriosa sobre o pecado ao inv\u00e9s de viver os prazeres e o poder do pecado e de satan\u00e1s.<\/p>\n<p>Essa \u00e9 a raz\u00e3o pela qual Jesus Cristo morreu na cruz. \u201cLevando Ele mesmo em seu corpo os nosso pecados sobre o madeiro, para que, mortos para os pecados, pud\u00e9ssemos viver para a justi\u00e7a.\u201d I Pedro 2:24.<\/p>\n<!-- AddThis Advanced Settings generic via filter on the_content --><!-- AddThis Share Buttons generic via filter on the_content -->","protected":false},"excerpt":{"rendered":"<p>O PECADO I. O que \u00e9 o pecado? Ningu\u00e9m pode ler a B\u00edblia sem notar a grande aten\u00e7\u00e3o que ela d\u00e1 ao assunto do pecado, sua causa e cura. Sempre que pensamos em pecado o relacionamos ao crime e assassinato. Mas pecado, segundo a B\u00edblia \u00e9 estar aqu\u00e9m da perfei\u00e7\u00e3o divina. Em Romanos 3:23 podemos [&hellip;]<!-- AddThis Advanced Settings generic via filter on get_the_excerpt --><!-- AddThis Share Buttons generic via filter on get_the_excerpt --><\/p>\n","protected":false},"author":22,"featured_media":0,"parent":5034,"menu_order":0,"comment_status":"closed","ping_status":"closed","template":"","meta":{"jetpack_post_was_ever_published":false,"footnotes":""},"categories":[],"tags":[],"class_list":["post-7586","page","type-page","status-publish","hentry"],"yoast_head":"<!-- This site is optimized with the Yoast SEO Premium plugin v24.8 (Yoast SEO v24.8.1) - https:\/\/yoast.com\/wordpress\/plugins\/seo\/ -->\n<title>O Que A B\u00edblia Ensina - O Pecado - BBN<\/title>\n<meta name=\"robots\" content=\"index, follow, max-snippet:-1, max-image-preview:large, max-video-preview:-1\" \/>\n<link rel=\"canonical\" href=\"https:\/\/bbn1.bbnradio.org\/portuguese\/ferramentas-inicial\/o-que-a-biblia-ensina\/o-pecado\/\" \/>\n<meta property=\"og:locale\" content=\"pt_BR\" \/>\n<meta property=\"og:type\" content=\"article\" \/>\n<meta property=\"og:title\" content=\"O Que A B\u00edblia Ensina - O Pecado\" \/>\n<meta property=\"og:description\" content=\"O que \u00e9 o pecado? Ningu\u00e9m pode ler a B\u00edblia sem notar a grande aten\u00e7\u00e3o que ela d\u00e1 ao assunto do pecado, sua causa e cura. Sempre que pensamos em pecado o relacionamos ao crime e assassinato. Mas pecado, segundo a B\u00edblia \u00e9 estar aqu\u00e9m da perfei\u00e7\u00e3o divina.\" \/>\n<meta property=\"og:url\" content=\"https:\/\/bbn1.bbnradio.org\/portuguese\/ferramentas-inicial\/o-que-a-biblia-ensina\/o-pecado\/\" \/>\n<meta property=\"og:site_name\" content=\"BBN\" \/>\n<meta property=\"article:publisher\" content=\"https:\/\/www.facebook.com\/BBNPortugues\" \/>\n<meta property=\"article:modified_time\" content=\"2018-06-25T15:26:56+00:00\" \/>\n<meta name=\"twitter:card\" content=\"summary_large_image\" \/>\n<meta name=\"twitter:title\" content=\"O Que A B\u00edblia Ensina - O Pecado\" \/>\n<meta name=\"twitter:description\" content=\"O que \u00e9 o pecado? Ningu\u00e9m pode ler a B\u00edblia sem notar a grande aten\u00e7\u00e3o que ela d\u00e1 ao assunto do pecado, sua causa e cura. Sempre que pensamos em pecado o relacionamos ao crime e assassinato. Mas pecado, segundo a B\u00edblia \u00e9 estar aqu\u00e9m da perfei\u00e7\u00e3o divina.\" \/>\n<meta name=\"twitter:site\" content=\"@BBNPortugues\" \/>\n<meta name=\"twitter:label1\" content=\"Est. tempo de leitura\" \/>\n\t<meta name=\"twitter:data1\" content=\"5 minutos\" \/>\n<script type=\"application\/ld+json\" class=\"yoast-schema-graph\">{\"@context\":\"https:\/\/schema.org\",\"@graph\":[{\"@type\":\"WebPage\",\"@id\":\"https:\/\/bbn1.bbnradio.org\/portuguese\/ferramentas-inicial\/o-que-a-biblia-ensina\/o-pecado\/\",\"url\":\"https:\/\/bbn1.bbnradio.org\/portuguese\/ferramentas-inicial\/o-que-a-biblia-ensina\/o-pecado\/\",\"name\":\"O Que A B\u00edblia Ensina - O Pecado - BBN\",\"isPartOf\":{\"@id\":\"https:\/\/bbn1.bbnradio.org\/portuguese\/#website\"},\"datePublished\":\"2016-04-04T19:54:22+00:00\",\"dateModified\":\"2018-06-25T15:26:56+00:00\",\"breadcrumb\":{\"@id\":\"https:\/\/bbn1.bbnradio.org\/portuguese\/ferramentas-inicial\/o-que-a-biblia-ensina\/o-pecado\/#breadcrumb\"},\"inLanguage\":\"pt-BR\",\"potentialAction\":[{\"@type\":\"ReadAction\",\"target\":[\"https:\/\/bbn1.bbnradio.org\/portuguese\/ferramentas-inicial\/o-que-a-biblia-ensina\/o-pecado\/\"]}]},{\"@type\":\"BreadcrumbList\",\"@id\":\"https:\/\/bbn1.bbnradio.org\/portuguese\/ferramentas-inicial\/o-que-a-biblia-ensina\/o-pecado\/#breadcrumb\",\"itemListElement\":[{\"@type\":\"ListItem\",\"position\":1,\"name\":\"Home\",\"item\":\"https:\/\/bbn1.bbnradio.org\/portuguese\/inicio\/\"},{\"@type\":\"ListItem\",\"position\":2,\"name\":\"Ferramentas &#8211; Inicial\",\"item\":\"https:\/\/bbn1.bbnradio.org\/portuguese\/ferramentas-inicial\/\"},{\"@type\":\"ListItem\",\"position\":3,\"name\":\"O Que A B\u00edblia Ensina\",\"item\":\"https:\/\/bbn1.bbnradio.org\/portuguese\/ferramentas-inicial\/o-que-a-biblia-ensina\/\"},{\"@type\":\"ListItem\",\"position\":4,\"name\":\"O Que A B\u00edblia Ensina &#8211; O Pecado\"}]},{\"@type\":\"WebSite\",\"@id\":\"https:\/\/bbn1.bbnradio.org\/portuguese\/#website\",\"url\":\"https:\/\/bbn1.bbnradio.org\/portuguese\/\",\"name\":\"BBN Portuguese\",\"description\":\"BBN\",\"potentialAction\":[{\"@type\":\"SearchAction\",\"target\":{\"@type\":\"EntryPoint\",\"urlTemplate\":\"https:\/\/bbn1.bbnradio.org\/portuguese\/?s={search_term_string}\"},\"query-input\":{\"@type\":\"PropertyValueSpecification\",\"valueRequired\":true,\"valueName\":\"search_term_string\"}}],\"inLanguage\":\"pt-BR\"}]}<\/script>\n<!-- \/ Yoast SEO Premium plugin. -->","yoast_head_json":{"title":"O Que A B\u00edblia Ensina - O Pecado - BBN","robots":{"index":"index","follow":"follow","max-snippet":"max-snippet:-1","max-image-preview":"max-image-preview:large","max-video-preview":"max-video-preview:-1"},"canonical":"https:\/\/bbn1.bbnradio.org\/portuguese\/ferramentas-inicial\/o-que-a-biblia-ensina\/o-pecado\/","og_locale":"pt_BR","og_type":"article","og_title":"O Que A B\u00edblia Ensina - O Pecado","og_description":"O que \u00e9 o pecado? Ningu\u00e9m pode ler a B\u00edblia sem notar a grande aten\u00e7\u00e3o que ela d\u00e1 ao assunto do pecado, sua causa e cura. Sempre que pensamos em pecado o relacionamos ao crime e assassinato. Mas pecado, segundo a B\u00edblia \u00e9 estar aqu\u00e9m da perfei\u00e7\u00e3o divina.","og_url":"https:\/\/bbn1.bbnradio.org\/portuguese\/ferramentas-inicial\/o-que-a-biblia-ensina\/o-pecado\/","og_site_name":"BBN","article_publisher":"https:\/\/www.facebook.com\/BBNPortugues","article_modified_time":"2018-06-25T15:26:56+00:00","twitter_card":"summary_large_image","twitter_title":"O Que A B\u00edblia Ensina - O Pecado","twitter_description":"O que \u00e9 o pecado? Ningu\u00e9m pode ler a B\u00edblia sem notar a grande aten\u00e7\u00e3o que ela d\u00e1 ao assunto do pecado, sua causa e cura. Sempre que pensamos em pecado o relacionamos ao crime e assassinato. Mas pecado, segundo a B\u00edblia \u00e9 estar aqu\u00e9m da perfei\u00e7\u00e3o divina.","twitter_site":"@BBNPortugues","twitter_misc":{"Est. tempo de leitura":"5 minutos"},"schema":{"@context":"https:\/\/schema.org","@graph":[{"@type":"WebPage","@id":"https:\/\/bbn1.bbnradio.org\/portuguese\/ferramentas-inicial\/o-que-a-biblia-ensina\/o-pecado\/","url":"https:\/\/bbn1.bbnradio.org\/portuguese\/ferramentas-inicial\/o-que-a-biblia-ensina\/o-pecado\/","name":"O Que A B\u00edblia Ensina - O Pecado - BBN","isPartOf":{"@id":"https:\/\/bbn1.bbnradio.org\/portuguese\/#website"},"datePublished":"2016-04-04T19:54:22+00:00","dateModified":"2018-06-25T15:26:56+00:00","breadcrumb":{"@id":"https:\/\/bbn1.bbnradio.org\/portuguese\/ferramentas-inicial\/o-que-a-biblia-ensina\/o-pecado\/#breadcrumb"},"inLanguage":"pt-BR","potentialAction":[{"@type":"ReadAction","target":["https:\/\/bbn1.bbnradio.org\/portuguese\/ferramentas-inicial\/o-que-a-biblia-ensina\/o-pecado\/"]}]},{"@type":"BreadcrumbList","@id":"https:\/\/bbn1.bbnradio.org\/portuguese\/ferramentas-inicial\/o-que-a-biblia-ensina\/o-pecado\/#breadcrumb","itemListElement":[{"@type":"ListItem","position":1,"name":"Home","item":"https:\/\/bbn1.bbnradio.org\/portuguese\/inicio\/"},{"@type":"ListItem","position":2,"name":"Ferramentas &#8211; Inicial","item":"https:\/\/bbn1.bbnradio.org\/portuguese\/ferramentas-inicial\/"},{"@type":"ListItem","position":3,"name":"O Que A B\u00edblia Ensina","item":"https:\/\/bbn1.bbnradio.org\/portuguese\/ferramentas-inicial\/o-que-a-biblia-ensina\/"},{"@type":"ListItem","position":4,"name":"O Que A B\u00edblia Ensina &#8211; O Pecado"}]},{"@type":"WebSite","@id":"https:\/\/bbn1.bbnradio.org\/portuguese\/#website","url":"https:\/\/bbn1.bbnradio.org\/portuguese\/","name":"BBN Portuguese","description":"BBN","potentialAction":[{"@type":"SearchAction","target":{"@type":"EntryPoint","urlTemplate":"https:\/\/bbn1.bbnradio.org\/portuguese\/?s={search_term_string}"},"query-input":{"@type":"PropertyValueSpecification","valueRequired":true,"valueName":"search_term_string"}}],"inLanguage":"pt-BR"}]}},"jetpack_sharing_enabled":true,"jetpack_shortlink":"https:\/\/wp.me\/P85nO0-1Ym","_links":{"self":[{"href":"https:\/\/bbn1.bbnradio.org\/portuguese\/wp-json\/wp\/v2\/pages\/7586","targetHints":{"allow":["GET"]}}],"collection":[{"href":"https:\/\/bbn1.bbnradio.org\/portuguese\/wp-json\/wp\/v2\/pages"}],"about":[{"href":"https:\/\/bbn1.bbnradio.org\/portuguese\/wp-json\/wp\/v2\/types\/page"}],"author":[{"embeddable":true,"href":"https:\/\/bbn1.bbnradio.org\/portuguese\/wp-json\/wp\/v2\/users\/22"}],"replies":[{"embeddable":true,"href":"https:\/\/bbn1.bbnradio.org\/portuguese\/wp-json\/wp\/v2\/comments?post=7586"}],"version-history":[{"count":2,"href":"https:\/\/bbn1.bbnradio.org\/portuguese\/wp-json\/wp\/v2\/pages\/7586\/revisions"}],"predecessor-version":[{"id":12881,"href":"https:\/\/bbn1.bbnradio.org\/portuguese\/wp-json\/wp\/v2\/pages\/7586\/revisions\/12881"}],"up":[{"embeddable":true,"href":"https:\/\/bbn1.bbnradio.org\/portuguese\/wp-json\/wp\/v2\/pages\/5034"}],"wp:attachment":[{"href":"https:\/\/bbn1.bbnradio.org\/portuguese\/wp-json\/wp\/v2\/media?parent=7586"}],"wp:term":[{"taxonomy":"category","embeddable":true,"href":"https:\/\/bbn1.bbnradio.org\/portuguese\/wp-json\/wp\/v2\/categories?post=7586"},{"taxonomy":"post_tag","embeddable":true,"href":"https:\/\/bbn1.bbnradio.org\/portuguese\/wp-json\/wp\/v2\/tags?post=7586"}],"curies":[{"name":"wp","href":"https:\/\/api.w.org\/{rel}","templated":true}]}}