{"id":7590,"date":"2016-04-04T15:56:32","date_gmt":"2016-04-04T19:56:32","guid":{"rendered":"https:\/\/bbn1.bbnradio.org\/english\/?page_id=7590"},"modified":"2018-06-22T09:38:24","modified_gmt":"2018-06-22T14:38:24","slug":"uma-explicacao-e-ilustracao-biblica-da-salvacao","status":"publish","type":"page","link":"https:\/\/bbn1.bbnradio.org\/portuguese\/ferramentas-inicial\/o-que-a-biblia-ensina\/uma-explicacao-e-ilustracao-biblica-da-salvacao\/","title":{"rendered":"O que a B\u00edblia ensina &#8211; Uma Explica\u00e7\u00e3o e Ilustra\u00e7\u00e3o B\u00edblica da Salva\u00e7\u00e3o"},"content":{"rendered":"<p>UMA EXPLICA\u00c7\u00c3O E ILUSTRA\u00c7\u00c3O B\u00cdBLICA DA SALVA\u00c7\u00c3O<\/p>\n<p>Cristo define tr\u00eas aspectos que marcam a salva\u00e7\u00e3o. <\/p>\n<p>A. \u00c9 revelada na B\u00edblia atrav\u00e9s de um \u201cnovo nascimento\u201d. Jo\u00e3o 3:3-8. <\/p>\n<p>\u00c9 revelada ao se crer na Palavra de Deus. Jo\u00e3o 3:5. A \u201c\u00e1gua\u201d aqui \u00e9 um s\u00edmbolo bem conhecido da palavra de Deus. Ef\u00e9sios 5:26, Jo\u00e3o 15:3, Salmo 119:9. N\u00e3o h\u00e1 refer\u00eancia ao batismo. Outras Escrituras tornam suficientemente claro que o novo nascimento vem atrav\u00e9s da Palavra de Deus. I Pedro 1:23-25, Tiago 1:18. Assim como a \u00e1gua serve para limpar nossos olhos de impurezas que obscurecem nossa vis\u00e3o, a palavra de Deus, quando lida e crida, pode lavar a mente do pecador de id\u00e9ias erradas sobre Deus e sua salva\u00e7\u00e3o. A entrada da palavra de Deus traz luz \u00e0 condi\u00e7\u00e3o perdida do homem, Romanos 3:10-19. O amor de Deus \u00e9 visto pela provis\u00e3o da salva\u00e7\u00e3o, Jo\u00e3o 3:16, e na maneira de um pecador se salvar, Romanos 10:1-17. <\/p>\n<p>B. \u00c9 revelada pela habita\u00e7\u00e3o do Esp\u00edrito Santo de Deus. Jo\u00e3o 3:5. <\/p>\n<p>O Esp\u00edrito Santo, a terceira pessoa da Trindade, foi enviado por Jesus na sua subida aos c\u00e9us, para usar a palavra de Deus e convencer os homens de seus pecados, lev\u00e1-los a confiar em Cristo, habitar em cada pessoa que cresse, comunicar ao crist\u00e3o a natureza divina ou a capacidade para coisas espirituais e guiar cada novo nascido dentro de toda a verdade. Jo\u00e3o 16:7-15, Ef\u00e9sios 1:13, 4:30, II Pedro 1:3-4, G\u00e1latas 5:22-26.<\/p>\n<p>Enquanto a palavra de Deus \u00e9 lida ou ouvida, O Esp\u00edrito Santo aplica a verdade ao cora\u00e7\u00e3o de forma convincente, mostrando ao pecador sua condi\u00e7\u00e3o de perdido, culpado, incapacitado e sem esperan\u00e7a. Ele revela pela Palavra o caminho de salva\u00e7\u00e3o pela f\u00e9 em Cristo e sua obra conclu\u00edda. No momento que o pecador confia em Cristo, Ele o sela como propriedade exclusiva. N\u00e3o se trata de sentimento, mas fato. N\u00f3s n\u00e3o \u201csentimos\u201d o novo nascimento. <\/p>\n<p>C. \u00c9 revelada pelo testemunho daqueles que olharam e viveram.<\/p>\n<p>Atrav\u00e9s do Novo Testamento e da hist\u00f3ria, milh\u00f5es j\u00e1 olharam para Jesus e viveram. Pela f\u00e9 eles creram no sacrif\u00edcio substituto de Cristo. Jo\u00e3o 3:14-16. Nessas palavras Cristo explica com clareza como um pecador pode receber a nova vida. Na resposta a Nicodemos quando ele pergunta: \u201cComo pode suceder isto?\u201d Cristo usou um incidente acontecido no velho testamento para ilustrar como o novo nascimento poderia acontecer. Agora pare e leia N\u00fameros 21:4-9.<\/p>\n<p>Sete palavras parecem saltar aos olhos nesse incidente.Vamos dar uma olhada cuidadosa, pois \u00e9 a ilustra\u00e7\u00e3o do pr\u00f3prio Cristo de como o pecador pode nascer de novo. <\/p>\n<p>(1) Pecado &#8211; N\u00fameros 21:5. Assim como Israel pecou, toda a humanidade o fez em pensamentos palavras e atos. Romanos 3:23.<\/p>\n<p>(2) Julgamento &#8211; N\u00fameros 21: 6. Assim como o pecado deles trouxe ju\u00edzo sobre eles, Deus assim revelou sua ira contra todo o pecado. Romanos 1:18, J\u00f3 36:18, Romanos 6:23.<\/p>\n<p>(3) Arrependimento- N\u00fameros 21:7. Israel entendeu, confessou, e buscou perd\u00e3o pelo seu pecado. Esse arrependimento, que consiste em mudan\u00e7a de mente e de atitude \u00e9 expresso por uma mudan\u00e7a de a\u00e7\u00e3o. Deus exige arrependimento do pecador. Lucas 13:3, Atos 17:31, 20:21, Marcos 1:15.<\/p>\n<p>(4) Revela\u00e7\u00e3o &#8211; N\u00fameros 21:8. &#8220;E disse o Senhor\u201d &#8211; Tal como Deus se revelou a Mois\u00e9s explicando o ant\u00eddoto para as picadas das serpentes, Deus revela na B\u00edblia seu ant\u00eddoto de salva\u00e7\u00e3o para n\u00f3s. II Tim\u00f3teo 3:15-17, Romanos 10:8-9. <\/p>\n<p>(5) Provis\u00e3o &#8211; N\u00fameros 21:8-9. Uma serpente de bronze foi constru\u00edda e levantada num poste ao alcance da vis\u00e3o de todo o acampamento de Israel. Agora compare Jo\u00e3o 3:14. Assim como Mois\u00e9s levantou a serpente de bronze, assim Cristo deveria ser levantado, para dar a salva\u00e7\u00e3o para \u00e0queles que fossem \u201cpicados\u201d pelo pecado. Na cruz Ele levou nossos pecados, tomou nosso lugar, suportou todo o julgamento causado por nossos pecados, e por sua morte, satisfez as exig\u00eancias de Deus contra o pecador. Deus indicou sua aceita\u00e7\u00e3o do sacrif\u00edcio substituto de seu Filho ressuscitando-O dos mortos. Isa\u00edas 53, 5-6, I Cor\u00edntios 15:1-4, Romanos 5:7-8. <\/p>\n<p>(6) Condi\u00e7\u00e3o &#8211; N\u00fameros 21:8. &#8220;Quando olhou.\u201d O fato da serpente ter sido levantada no poste, em si, n\u00e3o salvava. Olhar apenas n\u00e3o era suficiente. Havia um passo de f\u00e9 exigido a cada um deles. Eles precisavam crer que ao olhar para a serpente e bronze seriam verdadeiramente salvos. Eles poderiam virar o rosto em sinal de incredulidade. Poderiam ter dito que era bobagem olhar para uma serpente de bronze, embora Deus j\u00e1 tivesse dito o contr\u00e1rio, que poderia de fato salv\u00e1-los. Poderiam ter zombado e rido entre si achando uma tremenda tolice. No entanto, para que cada israelita picado fosse salvo, eles precisavam olhar. O fato de Jesus Cristo ter morrido por nossos pecados na cruz e realizado toda obra necess\u00e1ria para salva\u00e7\u00e3o, n\u00e3o nos salva automaticamente. Um pecador perdido, tamb\u00e9m deve olhar individualmente, pela f\u00e9, crendo e confiando que o que Jesus disse \u00e9 verdadeiro. \u201cTodo aquele que invocar o nome do Senhor, ser\u00e1 salvo.\u201d Romanos 10:13. Assim como os israelitas picados n\u00e3o foram orientados a orar, confessarem-se ou fazer boas obras para merecer a salva\u00e7\u00e3o, o pecador perdido deve render-se logo, confiar completamente em Jesus Cristo e receb\u00ea-lo pela f\u00e9 como seu salvador pessoal. Jo\u00e3o 1:12, Ef\u00e9sios 2:8-9. <\/p>\n<p>7.Resultado &#8211; N\u00fameros 21:9. &#8220;Ele viveu.&#8221; No momento em que um israelita picado (que significava morte certa) olhava, ele recebia uma nova vida. Era como se nascesse de novo! Num momento culpado, o pecador perdido que cr\u00ea no evangelho e que Cristo morreu por seus pecados e definitivamente O aceita como Salvador pessoal, recebe a vida eterna e vida espiritual. A partir da\u00ed o Esp\u00edrito Santo habita no cora\u00e7\u00e3o, ele se torna participante da gl\u00f3ria divina e assim \u00e9 regenerado, nascido do alto. Esse \u00e9 o novo nascimento, que Cristo declarou ser essencial ver para entrar no reino de Deus. Jo\u00e3o 3:3,5.<\/p>\n<!-- AddThis Advanced Settings generic via filter on the_content --><!-- AddThis Share Buttons generic via filter on the_content -->","protected":false},"excerpt":{"rendered":"<p>UMA EXPLICA\u00c7\u00c3O E ILUSTRA\u00c7\u00c3O B\u00cdBLICA DA SALVA\u00c7\u00c3O Cristo define tr\u00eas aspectos que marcam a salva\u00e7\u00e3o. A. \u00c9 revelada na B\u00edblia atrav\u00e9s de um \u201cnovo nascimento\u201d. Jo\u00e3o 3:3-8. \u00c9 revelada ao se crer na Palavra de Deus. Jo\u00e3o 3:5. A \u201c\u00e1gua\u201d aqui \u00e9 um s\u00edmbolo bem conhecido da palavra de Deus. Ef\u00e9sios 5:26, Jo\u00e3o 15:3, Salmo [&hellip;]<!-- AddThis Advanced Settings generic via filter on get_the_excerpt --><!-- AddThis Share Buttons generic via filter on get_the_excerpt --><\/p>\n","protected":false},"author":22,"featured_media":0,"parent":5034,"menu_order":0,"comment_status":"closed","ping_status":"closed","template":"","meta":{"jetpack_post_was_ever_published":false,"footnotes":""},"categories":[],"tags":[],"class_list":["post-7590","page","type-page","status-publish","hentry"],"yoast_head":"<!-- This site is optimized with the Yoast SEO Premium plugin v24.8 (Yoast SEO v24.8.1) - https:\/\/yoast.com\/wordpress\/plugins\/seo\/ -->\n<title>O que a B\u00edblia ensina - Uma Explica\u00e7\u00e3o e Ilustra\u00e7\u00e3o B\u00edblica da Salva\u00e7\u00e3o - BBN<\/title>\n<meta name=\"robots\" content=\"index, follow, max-snippet:-1, max-image-preview:large, max-video-preview:-1\" \/>\n<link rel=\"canonical\" href=\"https:\/\/bbn1.bbnradio.org\/portuguese\/ferramentas-inicial\/o-que-a-biblia-ensina\/uma-explicacao-e-ilustracao-biblica-da-salvacao\/\" \/>\n<meta property=\"og:locale\" content=\"pt_BR\" \/>\n<meta property=\"og:type\" content=\"article\" \/>\n<meta property=\"og:title\" content=\"O que a B\u00edblia ensina - Uma Explica\u00e7\u00e3o e Ilustra\u00e7\u00e3o B\u00edblica da Salva\u00e7\u00e3o\" \/>\n<meta property=\"og:description\" content=\"UMA EXPLICA\u00c7\u00c3O E ILUSTRA\u00c7\u00c3O B\u00cdBLICA DA SALVA\u00c7\u00c3O - Cristo define tr\u00eas aspectos que marcam a salva\u00e7\u00e3o. Novo Nascimento, Templo do Esp\u00edrito Santo e testemunho.\" \/>\n<meta property=\"og:url\" content=\"https:\/\/bbn1.bbnradio.org\/portuguese\/ferramentas-inicial\/o-que-a-biblia-ensina\/uma-explicacao-e-ilustracao-biblica-da-salvacao\/\" \/>\n<meta property=\"og:site_name\" content=\"BBN\" \/>\n<meta property=\"article:publisher\" content=\"https:\/\/www.facebook.com\/BBNPortugues\" \/>\n<meta property=\"article:modified_time\" content=\"2018-06-22T14:38:24+00:00\" \/>\n<meta name=\"twitter:card\" content=\"summary_large_image\" \/>\n<meta name=\"twitter:title\" content=\"O que a B\u00edblia ensina - Uma Explica\u00e7\u00e3o e Ilustra\u00e7\u00e3o B\u00edblica da Salva\u00e7\u00e3o\" \/>\n<meta name=\"twitter:description\" content=\"UMA EXPLICA\u00c7\u00c3O E ILUSTRA\u00c7\u00c3O B\u00cdBLICA DA SALVA\u00c7\u00c3O - Cristo define tr\u00eas aspectos que marcam a salva\u00e7\u00e3o. Novo Nascimento, Templo do Esp\u00edrito Santo e testemunho.\" \/>\n<meta name=\"twitter:site\" content=\"@BBNPortugues\" \/>\n<meta name=\"twitter:label1\" content=\"Est. tempo de leitura\" \/>\n\t<meta name=\"twitter:data1\" content=\"5 minutos\" \/>\n<script type=\"application\/ld+json\" class=\"yoast-schema-graph\">{\"@context\":\"https:\/\/schema.org\",\"@graph\":[{\"@type\":\"WebPage\",\"@id\":\"https:\/\/bbn1.bbnradio.org\/portuguese\/ferramentas-inicial\/o-que-a-biblia-ensina\/uma-explicacao-e-ilustracao-biblica-da-salvacao\/\",\"url\":\"https:\/\/bbn1.bbnradio.org\/portuguese\/ferramentas-inicial\/o-que-a-biblia-ensina\/uma-explicacao-e-ilustracao-biblica-da-salvacao\/\",\"name\":\"O que a B\u00edblia ensina - Uma Explica\u00e7\u00e3o e Ilustra\u00e7\u00e3o B\u00edblica da Salva\u00e7\u00e3o - BBN\",\"isPartOf\":{\"@id\":\"https:\/\/bbn1.bbnradio.org\/portuguese\/#website\"},\"datePublished\":\"2016-04-04T19:56:32+00:00\",\"dateModified\":\"2018-06-22T14:38:24+00:00\",\"breadcrumb\":{\"@id\":\"https:\/\/bbn1.bbnradio.org\/portuguese\/ferramentas-inicial\/o-que-a-biblia-ensina\/uma-explicacao-e-ilustracao-biblica-da-salvacao\/#breadcrumb\"},\"inLanguage\":\"pt-BR\",\"potentialAction\":[{\"@type\":\"ReadAction\",\"target\":[\"https:\/\/bbn1.bbnradio.org\/portuguese\/ferramentas-inicial\/o-que-a-biblia-ensina\/uma-explicacao-e-ilustracao-biblica-da-salvacao\/\"]}]},{\"@type\":\"BreadcrumbList\",\"@id\":\"https:\/\/bbn1.bbnradio.org\/portuguese\/ferramentas-inicial\/o-que-a-biblia-ensina\/uma-explicacao-e-ilustracao-biblica-da-salvacao\/#breadcrumb\",\"itemListElement\":[{\"@type\":\"ListItem\",\"position\":1,\"name\":\"Home\",\"item\":\"https:\/\/bbn1.bbnradio.org\/portuguese\/inicio\/\"},{\"@type\":\"ListItem\",\"position\":2,\"name\":\"Ferramentas &#8211; Inicial\",\"item\":\"https:\/\/bbn1.bbnradio.org\/portuguese\/ferramentas-inicial\/\"},{\"@type\":\"ListItem\",\"position\":3,\"name\":\"O Que A B\u00edblia Ensina\",\"item\":\"https:\/\/bbn1.bbnradio.org\/portuguese\/ferramentas-inicial\/o-que-a-biblia-ensina\/\"},{\"@type\":\"ListItem\",\"position\":4,\"name\":\"O que a B\u00edblia ensina &#8211; Uma Explica\u00e7\u00e3o e Ilustra\u00e7\u00e3o B\u00edblica da Salva\u00e7\u00e3o\"}]},{\"@type\":\"WebSite\",\"@id\":\"https:\/\/bbn1.bbnradio.org\/portuguese\/#website\",\"url\":\"https:\/\/bbn1.bbnradio.org\/portuguese\/\",\"name\":\"BBN Portuguese\",\"description\":\"BBN\",\"potentialAction\":[{\"@type\":\"SearchAction\",\"target\":{\"@type\":\"EntryPoint\",\"urlTemplate\":\"https:\/\/bbn1.bbnradio.org\/portuguese\/?s={search_term_string}\"},\"query-input\":{\"@type\":\"PropertyValueSpecification\",\"valueRequired\":true,\"valueName\":\"search_term_string\"}}],\"inLanguage\":\"pt-BR\"}]}<\/script>\n<!-- \/ Yoast SEO Premium plugin. -->","yoast_head_json":{"title":"O que a B\u00edblia ensina - Uma Explica\u00e7\u00e3o e Ilustra\u00e7\u00e3o B\u00edblica da Salva\u00e7\u00e3o - BBN","robots":{"index":"index","follow":"follow","max-snippet":"max-snippet:-1","max-image-preview":"max-image-preview:large","max-video-preview":"max-video-preview:-1"},"canonical":"https:\/\/bbn1.bbnradio.org\/portuguese\/ferramentas-inicial\/o-que-a-biblia-ensina\/uma-explicacao-e-ilustracao-biblica-da-salvacao\/","og_locale":"pt_BR","og_type":"article","og_title":"O que a B\u00edblia ensina - Uma Explica\u00e7\u00e3o e Ilustra\u00e7\u00e3o B\u00edblica da Salva\u00e7\u00e3o","og_description":"UMA EXPLICA\u00c7\u00c3O E ILUSTRA\u00c7\u00c3O B\u00cdBLICA DA SALVA\u00c7\u00c3O - Cristo define tr\u00eas aspectos que marcam a salva\u00e7\u00e3o. Novo Nascimento, Templo do Esp\u00edrito Santo e testemunho.","og_url":"https:\/\/bbn1.bbnradio.org\/portuguese\/ferramentas-inicial\/o-que-a-biblia-ensina\/uma-explicacao-e-ilustracao-biblica-da-salvacao\/","og_site_name":"BBN","article_publisher":"https:\/\/www.facebook.com\/BBNPortugues","article_modified_time":"2018-06-22T14:38:24+00:00","twitter_card":"summary_large_image","twitter_title":"O que a B\u00edblia ensina - Uma Explica\u00e7\u00e3o e Ilustra\u00e7\u00e3o B\u00edblica da Salva\u00e7\u00e3o","twitter_description":"UMA EXPLICA\u00c7\u00c3O E ILUSTRA\u00c7\u00c3O B\u00cdBLICA DA SALVA\u00c7\u00c3O - Cristo define tr\u00eas aspectos que marcam a salva\u00e7\u00e3o. Novo Nascimento, Templo do Esp\u00edrito Santo e testemunho.","twitter_site":"@BBNPortugues","twitter_misc":{"Est. tempo de leitura":"5 minutos"},"schema":{"@context":"https:\/\/schema.org","@graph":[{"@type":"WebPage","@id":"https:\/\/bbn1.bbnradio.org\/portuguese\/ferramentas-inicial\/o-que-a-biblia-ensina\/uma-explicacao-e-ilustracao-biblica-da-salvacao\/","url":"https:\/\/bbn1.bbnradio.org\/portuguese\/ferramentas-inicial\/o-que-a-biblia-ensina\/uma-explicacao-e-ilustracao-biblica-da-salvacao\/","name":"O que a B\u00edblia ensina - Uma Explica\u00e7\u00e3o e Ilustra\u00e7\u00e3o B\u00edblica da Salva\u00e7\u00e3o - BBN","isPartOf":{"@id":"https:\/\/bbn1.bbnradio.org\/portuguese\/#website"},"datePublished":"2016-04-04T19:56:32+00:00","dateModified":"2018-06-22T14:38:24+00:00","breadcrumb":{"@id":"https:\/\/bbn1.bbnradio.org\/portuguese\/ferramentas-inicial\/o-que-a-biblia-ensina\/uma-explicacao-e-ilustracao-biblica-da-salvacao\/#breadcrumb"},"inLanguage":"pt-BR","potentialAction":[{"@type":"ReadAction","target":["https:\/\/bbn1.bbnradio.org\/portuguese\/ferramentas-inicial\/o-que-a-biblia-ensina\/uma-explicacao-e-ilustracao-biblica-da-salvacao\/"]}]},{"@type":"BreadcrumbList","@id":"https:\/\/bbn1.bbnradio.org\/portuguese\/ferramentas-inicial\/o-que-a-biblia-ensina\/uma-explicacao-e-ilustracao-biblica-da-salvacao\/#breadcrumb","itemListElement":[{"@type":"ListItem","position":1,"name":"Home","item":"https:\/\/bbn1.bbnradio.org\/portuguese\/inicio\/"},{"@type":"ListItem","position":2,"name":"Ferramentas &#8211; Inicial","item":"https:\/\/bbn1.bbnradio.org\/portuguese\/ferramentas-inicial\/"},{"@type":"ListItem","position":3,"name":"O Que A B\u00edblia Ensina","item":"https:\/\/bbn1.bbnradio.org\/portuguese\/ferramentas-inicial\/o-que-a-biblia-ensina\/"},{"@type":"ListItem","position":4,"name":"O que a B\u00edblia ensina &#8211; Uma Explica\u00e7\u00e3o e Ilustra\u00e7\u00e3o B\u00edblica da Salva\u00e7\u00e3o"}]},{"@type":"WebSite","@id":"https:\/\/bbn1.bbnradio.org\/portuguese\/#website","url":"https:\/\/bbn1.bbnradio.org\/portuguese\/","name":"BBN Portuguese","description":"BBN","potentialAction":[{"@type":"SearchAction","target":{"@type":"EntryPoint","urlTemplate":"https:\/\/bbn1.bbnradio.org\/portuguese\/?s={search_term_string}"},"query-input":{"@type":"PropertyValueSpecification","valueRequired":true,"valueName":"search_term_string"}}],"inLanguage":"pt-BR"}]}},"jetpack_sharing_enabled":true,"jetpack_shortlink":"https:\/\/wp.me\/P85nO0-1Yq","_links":{"self":[{"href":"https:\/\/bbn1.bbnradio.org\/portuguese\/wp-json\/wp\/v2\/pages\/7590","targetHints":{"allow":["GET"]}}],"collection":[{"href":"https:\/\/bbn1.bbnradio.org\/portuguese\/wp-json\/wp\/v2\/pages"}],"about":[{"href":"https:\/\/bbn1.bbnradio.org\/portuguese\/wp-json\/wp\/v2\/types\/page"}],"author":[{"embeddable":true,"href":"https:\/\/bbn1.bbnradio.org\/portuguese\/wp-json\/wp\/v2\/users\/22"}],"replies":[{"embeddable":true,"href":"https:\/\/bbn1.bbnradio.org\/portuguese\/wp-json\/wp\/v2\/comments?post=7590"}],"version-history":[{"count":2,"href":"https:\/\/bbn1.bbnradio.org\/portuguese\/wp-json\/wp\/v2\/pages\/7590\/revisions"}],"predecessor-version":[{"id":12631,"href":"https:\/\/bbn1.bbnradio.org\/portuguese\/wp-json\/wp\/v2\/pages\/7590\/revisions\/12631"}],"up":[{"embeddable":true,"href":"https:\/\/bbn1.bbnradio.org\/portuguese\/wp-json\/wp\/v2\/pages\/5034"}],"wp:attachment":[{"href":"https:\/\/bbn1.bbnradio.org\/portuguese\/wp-json\/wp\/v2\/media?parent=7590"}],"wp:term":[{"taxonomy":"category","embeddable":true,"href":"https:\/\/bbn1.bbnradio.org\/portuguese\/wp-json\/wp\/v2\/categories?post=7590"},{"taxonomy":"post_tag","embeddable":true,"href":"https:\/\/bbn1.bbnradio.org\/portuguese\/wp-json\/wp\/v2\/tags?post=7590"}],"curies":[{"name":"wp","href":"https:\/\/api.w.org\/{rel}","templated":true}]}}