{"id":7592,"date":"2016-04-04T15:58:21","date_gmt":"2016-04-04T19:58:21","guid":{"rendered":"https:\/\/bbn1.bbnradio.org\/english\/?page_id=7592"},"modified":"2018-06-22T15:20:03","modified_gmt":"2018-06-22T20:20:03","slug":"a-biblia-ensina-arrependimento-e-salvacao","status":"publish","type":"page","link":"https:\/\/bbn1.bbnradio.org\/portuguese\/ferramentas-inicial\/o-que-a-biblia-ensina\/a-biblia-ensina-arrependimento-e-salvacao\/","title":{"rendered":"O Que a B\u00edblia Ensina &#8211; Arrependimento e Salva\u00e7\u00e3o"},"content":{"rendered":"<p>ARREPENDIMENTO PARA A SALVA\u00c7\u00c3O<\/p>\n<p>A. N\u00e3o \u00e9 uma reforma. <\/p>\n<p>Arrependimento \u00e9 um ato completo no interior da mente. Para muita gente, isso significa apenas virar \u00e0s costas para seus pecados, mas isso seria uma reforma. O arrependimento n\u00e3o \u00e9 reforma. O arrependimento n\u00e3o \u00e9 \u201cfazer\u201d algo. Um homem pode virar \u00e0s costas \u00e0 pr\u00e1tica do pecado e ainda assim n\u00e3o ser crist\u00e3o. <\/p>\n<p>B. N\u00e3o \u00e9 penit\u00eancia. <\/p>\n<p>Penit\u00eancia \u00e9 um ato de tristeza para pagar o pecado. Muitas pessoas de diferentes religi\u00f5es fazem diversas coisas que chamam de penit\u00eancia. Oferecem sacrif\u00edcios, torturam seus corpos, pagam uma quantia para que os l\u00edderes orem por eles, oram pessoalmente por longo per\u00edodo de tempo, repetem ora\u00e7\u00f5es com colar de contas, v\u00e3o aos confession\u00e1rios e confessam seus pecados aos religiosos e fazem certos ritos religiosos, esperando livrarem-se de seu pecados. N\u00e3o \u00e9 a contri\u00e7\u00e3o que salva. <\/p>\n<p>C. N\u00e3o \u00e9 contri\u00e7\u00e3o.<\/p>\n<p>Com isso estamos dizendo que o arrependimento n\u00e3o \u00e9 sentir-se triste pelos nossos pecados e receber o perd\u00e3o. Muita gente na cadeia se sente triste por seus atos mas isso n\u00e3o apaga seus crimes. O real arrependimento inclui tamb\u00e9m a tristeza pelo pecado, mas estar triste somente n\u00e3o \u00e9 arrependimento, contudo pode levar a ele. \u201cPorque a tristeza segundo Deus opera arrependimento para a salva\u00e7\u00e3o, da qual ningu\u00e9m se arrepende, mas a tristeza do mundo opera a morte.\u201d II Cor\u00edntios 7:10.<\/p>\n<p>D. \u00c9 uma mudan\u00e7a de mente, n\u00e3o de opini\u00e3o.<\/p>\n<p>O verdadeiro arrependimento \u00e9 uma mudan\u00e7a de mente que levar\u00e1 a mudan\u00e7a de a\u00e7\u00e3o, mas lembre-se, voc\u00ea pode mudar sua atitude sem mudar de mente. Mateus 21:28-29 \u00e9 um bom exemplo. Antes de algu\u00e9m ser salvo, h\u00e1 uma mudan\u00e7a de mente sobre muitas coisas incluindo o pecado, o ego, Deus e Jesus Cristo. Na realidade, o arrependimento \u00e9 uma tomada de posi\u00e7\u00e3o contra nosso \u201cvelho ego\u201d colocando-nos ao lado de Deus. <\/p>\n<p>E. \u00c9 uma obra de Deus. <\/p>\n<p>O arrependimento \u00e9 Deus nos dando convic\u00e7\u00e3o de nossa necessidade de um Salvador que carregue o fardo de nosso pecado. Deus come\u00e7a a trabalhar em nossa consci\u00eancia atrav\u00e9s do convencimento do pecado, e decidimos que uma escolha precisa ser feita. Ou tomamos a decis\u00e3o de segui-lo, ou continuamos como estamos. Para mudar de dire\u00e7\u00e3o precisamos nos arrepender e clamar por Ele para que nos salve. Essa decis\u00e3o resultar\u00e1 numa mudan\u00e7a de mente no que se refere \u00e0 nossa rela\u00e7\u00e3o com Deus. Quatro coisas s\u00e3o evidenciadas num arrependimento genu\u00edno. H\u00e1 uma mudan\u00e7a intelectual, de sentimentos, de vontade e a\u00e7\u00e3o. <\/p>\n<p>Uma pessoa, que desce \u00e0 rua da vida perdido e confuso, pedindo informa\u00e7\u00f5es, ilustra bem o verdadeiro arrependimento. De repente, algo chama sua aten\u00e7\u00e3o. Ao ouvir a voz de Deus, ele p\u00e1ra e entende que est\u00e1 indo na dire\u00e7\u00e3o errada. A escolha \u00e9 dele \u2013 ir adiante ou voltar. O arrependimento acontece quando ele volta e vai por outro caminho. Ent\u00e3o voc\u00ea toma a decis\u00e3o de seguir no caminho de Deus.<\/p>\n<!-- AddThis Advanced Settings generic via filter on the_content --><!-- AddThis Share Buttons generic via filter on the_content -->","protected":false},"excerpt":{"rendered":"<p>ARREPENDIMENTO PARA A SALVA\u00c7\u00c3O A. N\u00e3o \u00e9 uma reforma. Arrependimento \u00e9 um ato completo no interior da mente. Para muita gente, isso significa apenas virar \u00e0s costas para seus pecados, mas isso seria uma reforma. O arrependimento n\u00e3o \u00e9 reforma. O arrependimento n\u00e3o \u00e9 \u201cfazer\u201d algo. Um homem pode virar \u00e0s costas \u00e0 pr\u00e1tica do [&hellip;]<!-- AddThis Advanced Settings generic via filter on get_the_excerpt --><!-- AddThis Share Buttons generic via filter on get_the_excerpt --><\/p>\n","protected":false},"author":22,"featured_media":0,"parent":5034,"menu_order":0,"comment_status":"closed","ping_status":"closed","template":"","meta":{"jetpack_post_was_ever_published":false,"footnotes":""},"categories":[],"tags":[],"class_list":["post-7592","page","type-page","status-publish","hentry"],"yoast_head":"<!-- This site is optimized with the Yoast SEO Premium plugin v24.8 (Yoast SEO v24.8.1) - https:\/\/yoast.com\/wordpress\/plugins\/seo\/ -->\n<title>O Que a B\u00edblia Ensina - Arrependimento e Salva\u00e7\u00e3o - BBN<\/title>\n<meta name=\"robots\" content=\"index, follow, max-snippet:-1, max-image-preview:large, max-video-preview:-1\" \/>\n<link rel=\"canonical\" href=\"https:\/\/bbn1.bbnradio.org\/portuguese\/ferramentas-inicial\/o-que-a-biblia-ensina\/a-biblia-ensina-arrependimento-e-salvacao\/\" \/>\n<meta property=\"og:locale\" content=\"pt_BR\" \/>\n<meta property=\"og:type\" content=\"article\" \/>\n<meta property=\"og:title\" content=\"O Que a B\u00edblia Ensina sobre Arrependimento e Salva\u00e7\u00e3o\" \/>\n<meta property=\"og:description\" content=\"ARREPENDIMENTO PARA A SALVA\u00c7\u00c3O - Segundo a B\u00edblia, o arrependimento \u00e9 um ato completo no interior da mente.\" \/>\n<meta property=\"og:url\" content=\"https:\/\/bbn1.bbnradio.org\/portuguese\/ferramentas-inicial\/o-que-a-biblia-ensina\/a-biblia-ensina-arrependimento-e-salvacao\/\" \/>\n<meta property=\"og:site_name\" content=\"BBN\" \/>\n<meta property=\"article:publisher\" content=\"https:\/\/www.facebook.com\/BBNPortugues\" \/>\n<meta property=\"article:modified_time\" content=\"2018-06-22T20:20:03+00:00\" \/>\n<meta name=\"twitter:card\" content=\"summary_large_image\" \/>\n<meta name=\"twitter:title\" content=\"O Que a B\u00edblia Ensina sobre Arrependimento e Salva\u00e7\u00e3o\" \/>\n<meta name=\"twitter:description\" content=\"ARREPENDIMENTO PARA A SALVA\u00c7\u00c3O - Segundo a B\u00edblia, o arrependimento \u00e9 um ato completo no interior da mente.\" \/>\n<meta name=\"twitter:site\" content=\"@BBNPortugues\" \/>\n<meta name=\"twitter:label1\" content=\"Est. tempo de leitura\" \/>\n\t<meta name=\"twitter:data1\" content=\"3 minutos\" \/>\n<script type=\"application\/ld+json\" class=\"yoast-schema-graph\">{\"@context\":\"https:\/\/schema.org\",\"@graph\":[{\"@type\":\"WebPage\",\"@id\":\"https:\/\/bbn1.bbnradio.org\/portuguese\/ferramentas-inicial\/o-que-a-biblia-ensina\/a-biblia-ensina-arrependimento-e-salvacao\/\",\"url\":\"https:\/\/bbn1.bbnradio.org\/portuguese\/ferramentas-inicial\/o-que-a-biblia-ensina\/a-biblia-ensina-arrependimento-e-salvacao\/\",\"name\":\"O Que a B\u00edblia Ensina - Arrependimento e Salva\u00e7\u00e3o - BBN\",\"isPartOf\":{\"@id\":\"https:\/\/bbn1.bbnradio.org\/portuguese\/#website\"},\"datePublished\":\"2016-04-04T19:58:21+00:00\",\"dateModified\":\"2018-06-22T20:20:03+00:00\",\"breadcrumb\":{\"@id\":\"https:\/\/bbn1.bbnradio.org\/portuguese\/ferramentas-inicial\/o-que-a-biblia-ensina\/a-biblia-ensina-arrependimento-e-salvacao\/#breadcrumb\"},\"inLanguage\":\"pt-BR\",\"potentialAction\":[{\"@type\":\"ReadAction\",\"target\":[\"https:\/\/bbn1.bbnradio.org\/portuguese\/ferramentas-inicial\/o-que-a-biblia-ensina\/a-biblia-ensina-arrependimento-e-salvacao\/\"]}]},{\"@type\":\"BreadcrumbList\",\"@id\":\"https:\/\/bbn1.bbnradio.org\/portuguese\/ferramentas-inicial\/o-que-a-biblia-ensina\/a-biblia-ensina-arrependimento-e-salvacao\/#breadcrumb\",\"itemListElement\":[{\"@type\":\"ListItem\",\"position\":1,\"name\":\"Home\",\"item\":\"https:\/\/bbn1.bbnradio.org\/portuguese\/inicio\/\"},{\"@type\":\"ListItem\",\"position\":2,\"name\":\"Ferramentas &#8211; Inicial\",\"item\":\"https:\/\/bbn1.bbnradio.org\/portuguese\/ferramentas-inicial\/\"},{\"@type\":\"ListItem\",\"position\":3,\"name\":\"O Que A B\u00edblia Ensina\",\"item\":\"https:\/\/bbn1.bbnradio.org\/portuguese\/ferramentas-inicial\/o-que-a-biblia-ensina\/\"},{\"@type\":\"ListItem\",\"position\":4,\"name\":\"O Que a B\u00edblia Ensina &#8211; Arrependimento e Salva\u00e7\u00e3o\"}]},{\"@type\":\"WebSite\",\"@id\":\"https:\/\/bbn1.bbnradio.org\/portuguese\/#website\",\"url\":\"https:\/\/bbn1.bbnradio.org\/portuguese\/\",\"name\":\"BBN Portuguese\",\"description\":\"BBN\",\"potentialAction\":[{\"@type\":\"SearchAction\",\"target\":{\"@type\":\"EntryPoint\",\"urlTemplate\":\"https:\/\/bbn1.bbnradio.org\/portuguese\/?s={search_term_string}\"},\"query-input\":{\"@type\":\"PropertyValueSpecification\",\"valueRequired\":true,\"valueName\":\"search_term_string\"}}],\"inLanguage\":\"pt-BR\"}]}<\/script>\n<!-- \/ Yoast SEO Premium plugin. -->","yoast_head_json":{"title":"O Que a B\u00edblia Ensina - Arrependimento e Salva\u00e7\u00e3o - BBN","robots":{"index":"index","follow":"follow","max-snippet":"max-snippet:-1","max-image-preview":"max-image-preview:large","max-video-preview":"max-video-preview:-1"},"canonical":"https:\/\/bbn1.bbnradio.org\/portuguese\/ferramentas-inicial\/o-que-a-biblia-ensina\/a-biblia-ensina-arrependimento-e-salvacao\/","og_locale":"pt_BR","og_type":"article","og_title":"O Que a B\u00edblia Ensina sobre Arrependimento e Salva\u00e7\u00e3o","og_description":"ARREPENDIMENTO PARA A SALVA\u00c7\u00c3O - Segundo a B\u00edblia, o arrependimento \u00e9 um ato completo no interior da mente.","og_url":"https:\/\/bbn1.bbnradio.org\/portuguese\/ferramentas-inicial\/o-que-a-biblia-ensina\/a-biblia-ensina-arrependimento-e-salvacao\/","og_site_name":"BBN","article_publisher":"https:\/\/www.facebook.com\/BBNPortugues","article_modified_time":"2018-06-22T20:20:03+00:00","twitter_card":"summary_large_image","twitter_title":"O Que a B\u00edblia Ensina sobre Arrependimento e Salva\u00e7\u00e3o","twitter_description":"ARREPENDIMENTO PARA A SALVA\u00c7\u00c3O - Segundo a B\u00edblia, o arrependimento \u00e9 um ato completo no interior da mente.","twitter_site":"@BBNPortugues","twitter_misc":{"Est. tempo de leitura":"3 minutos"},"schema":{"@context":"https:\/\/schema.org","@graph":[{"@type":"WebPage","@id":"https:\/\/bbn1.bbnradio.org\/portuguese\/ferramentas-inicial\/o-que-a-biblia-ensina\/a-biblia-ensina-arrependimento-e-salvacao\/","url":"https:\/\/bbn1.bbnradio.org\/portuguese\/ferramentas-inicial\/o-que-a-biblia-ensina\/a-biblia-ensina-arrependimento-e-salvacao\/","name":"O Que a B\u00edblia Ensina - Arrependimento e Salva\u00e7\u00e3o - BBN","isPartOf":{"@id":"https:\/\/bbn1.bbnradio.org\/portuguese\/#website"},"datePublished":"2016-04-04T19:58:21+00:00","dateModified":"2018-06-22T20:20:03+00:00","breadcrumb":{"@id":"https:\/\/bbn1.bbnradio.org\/portuguese\/ferramentas-inicial\/o-que-a-biblia-ensina\/a-biblia-ensina-arrependimento-e-salvacao\/#breadcrumb"},"inLanguage":"pt-BR","potentialAction":[{"@type":"ReadAction","target":["https:\/\/bbn1.bbnradio.org\/portuguese\/ferramentas-inicial\/o-que-a-biblia-ensina\/a-biblia-ensina-arrependimento-e-salvacao\/"]}]},{"@type":"BreadcrumbList","@id":"https:\/\/bbn1.bbnradio.org\/portuguese\/ferramentas-inicial\/o-que-a-biblia-ensina\/a-biblia-ensina-arrependimento-e-salvacao\/#breadcrumb","itemListElement":[{"@type":"ListItem","position":1,"name":"Home","item":"https:\/\/bbn1.bbnradio.org\/portuguese\/inicio\/"},{"@type":"ListItem","position":2,"name":"Ferramentas &#8211; Inicial","item":"https:\/\/bbn1.bbnradio.org\/portuguese\/ferramentas-inicial\/"},{"@type":"ListItem","position":3,"name":"O Que A B\u00edblia Ensina","item":"https:\/\/bbn1.bbnradio.org\/portuguese\/ferramentas-inicial\/o-que-a-biblia-ensina\/"},{"@type":"ListItem","position":4,"name":"O Que a B\u00edblia Ensina &#8211; Arrependimento e Salva\u00e7\u00e3o"}]},{"@type":"WebSite","@id":"https:\/\/bbn1.bbnradio.org\/portuguese\/#website","url":"https:\/\/bbn1.bbnradio.org\/portuguese\/","name":"BBN Portuguese","description":"BBN","potentialAction":[{"@type":"SearchAction","target":{"@type":"EntryPoint","urlTemplate":"https:\/\/bbn1.bbnradio.org\/portuguese\/?s={search_term_string}"},"query-input":{"@type":"PropertyValueSpecification","valueRequired":true,"valueName":"search_term_string"}}],"inLanguage":"pt-BR"}]}},"jetpack_sharing_enabled":true,"jetpack_shortlink":"https:\/\/wp.me\/P85nO0-1Ys","_links":{"self":[{"href":"https:\/\/bbn1.bbnradio.org\/portuguese\/wp-json\/wp\/v2\/pages\/7592","targetHints":{"allow":["GET"]}}],"collection":[{"href":"https:\/\/bbn1.bbnradio.org\/portuguese\/wp-json\/wp\/v2\/pages"}],"about":[{"href":"https:\/\/bbn1.bbnradio.org\/portuguese\/wp-json\/wp\/v2\/types\/page"}],"author":[{"embeddable":true,"href":"https:\/\/bbn1.bbnradio.org\/portuguese\/wp-json\/wp\/v2\/users\/22"}],"replies":[{"embeddable":true,"href":"https:\/\/bbn1.bbnradio.org\/portuguese\/wp-json\/wp\/v2\/comments?post=7592"}],"version-history":[{"count":2,"href":"https:\/\/bbn1.bbnradio.org\/portuguese\/wp-json\/wp\/v2\/pages\/7592\/revisions"}],"predecessor-version":[{"id":12711,"href":"https:\/\/bbn1.bbnradio.org\/portuguese\/wp-json\/wp\/v2\/pages\/7592\/revisions\/12711"}],"up":[{"embeddable":true,"href":"https:\/\/bbn1.bbnradio.org\/portuguese\/wp-json\/wp\/v2\/pages\/5034"}],"wp:attachment":[{"href":"https:\/\/bbn1.bbnradio.org\/portuguese\/wp-json\/wp\/v2\/media?parent=7592"}],"wp:term":[{"taxonomy":"category","embeddable":true,"href":"https:\/\/bbn1.bbnradio.org\/portuguese\/wp-json\/wp\/v2\/categories?post=7592"},{"taxonomy":"post_tag","embeddable":true,"href":"https:\/\/bbn1.bbnradio.org\/portuguese\/wp-json\/wp\/v2\/tags?post=7592"}],"curies":[{"name":"wp","href":"https:\/\/api.w.org\/{rel}","templated":true}]}}