{"id":7594,"date":"2016-04-04T15:59:48","date_gmt":"2016-04-04T19:59:48","guid":{"rendered":"https:\/\/bbn1.bbnradio.org\/english\/?page_id=7594"},"modified":"2018-06-25T10:17:18","modified_gmt":"2018-06-25T15:17:18","slug":"graca-concede-salvacao","status":"publish","type":"page","link":"https:\/\/bbn1.bbnradio.org\/portuguese\/ferramentas-inicial\/o-que-a-biblia-ensina\/graca-concede-salvacao\/","title":{"rendered":"O Que A B\u00edblia Ensina &#8211; Gra\u00e7a Concede Salva\u00e7\u00e3o"},"content":{"rendered":"<p>GRA\u00c7A CONCEDE SALVA\u00c7\u00c3O<\/p>\n<p>I. INTRODU\u00c7\u00c3O<\/p>\n<p>Toda a a\u00e7\u00e3o de Deus para com o homem no presente \u00e9 baseada na gra\u00e7a, miseric\u00f3rdia e paz. A gra\u00e7a significa \u201cfavor de Deus imerecido.\u201d Isso significa que Ele nos mostra favor que n\u00f3s n\u00e3o merecemos. Isso nos \u00e9 mostrado pela salva\u00e7\u00e3o que gratuitamente recebemos. A palavra gra\u00e7a \u00e9 encontrada 160 vezes na B\u00edblia. Dessas ocorr\u00eancias, 128 est\u00e3o no Novo Testamento. Deus \u00e9 conhecido como \u201co Deus de toda a gra\u00e7a\u201d, I Pedro 5:10. Cristo \u00e9 descrito como \u201ccheio de gra\u00e7a.\u201d Jo\u00e3o 1:14. O Esp\u00edrito Santo \u00e9 chamado de \u201cEsp\u00edrito da Gra\u00e7a.\u201d Hebreus 10:29. Assim as tr\u00eas pessoas da divindade est\u00e3o intimamente ligadas pela gra\u00e7a. <\/p>\n<p>II. DEFINI\u00c7\u00c3O<\/p>\n<p>A palavra gra\u00e7a usada no velho testamento carrega o sentido de \u201cdobrar-se ou curvar-se em bondade a um inferior\u201d. No novo testamento a palavra significa \u201cfavor, boa vontade, bondade amorosa.\u201d <\/p>\n<p>As seguintes defini\u00e7\u00f5es mostram-se \u00fateis na explica\u00e7\u00e3o do que \u00e9 a gra\u00e7a.<\/p>\n<p>A. A gra\u00e7a \u00e9 apresentada como amor dispensado a algo que n\u00e3o tem valor. Deus \u00e9 amor, mas quando esse amor \u00e9 dirigido a seres pecadores, culpados, impuros, rebeldes, ent\u00e3o \u00e9 gra\u00e7a.<\/p>\n<p>B. O amor que olha para cima \u00e9 adora\u00e7\u00e3o. O amor em n\u00edvel apropriado \u00e9 afei\u00e7\u00e3o. O amor que desce \u00e9 gra\u00e7a. <\/p>\n<p>C. Gra\u00e7a \u00e9 Deus nos mostrando nada menos que amor e miseric\u00f3rdia quando nada merecemos a n\u00e3o ser ir a ju\u00edzo. \u00c9 Deus curvando-se em nossa dire\u00e7\u00e3o e nos mostrando infinito amor. <\/p>\n<p>D. A gra\u00e7a \u00e9 vista como Deus dando o melhor dos c\u00e9us para salvar o pior da terra.<\/p>\n<p>III. CONTRASTE<\/p>\n<p>A gra\u00e7a n\u00e3o deve ser confundida com as obras. Se um homem pudesse ser salvo pelas obras, a salva\u00e7\u00e3o seria seu sal\u00e1rio. Romanos 4:4-5, Romanos 11:6. Deus n\u00e3o cobra nada do homem. A salva\u00e7\u00e3o \u00e9 um presente gratuito. <\/p>\n<p>A gra\u00e7a n\u00e3o deve ser confundida com a Lei. Os homens n\u00e3o podem se salvar guardando a Lei. S\u00e3o salvos pela gra\u00e7a. Os pontos seguintes ajudar\u00e3o a tornar isso mais claro: <\/p>\n<p>a. A Lei traz coisas a serem feitas.<\/p>\n<p>    A gra\u00e7a nos fala de uma obra j\u00e1 realizada.<\/p>\n<p>b. A Lei diz , &#8220;Fa\u00e7a isso e viver\u00e1s.\u201d<\/p>\n<p>    A gra\u00e7a diz, \u201cViva, e ent\u00e3o far\u00e1s.\u201d<\/p>\n<p>c. A Lei diz, &#8220;Amar\u00e1s o Senhor Teu Deus.\u201d<\/p>\n<p>    A gra\u00e7a diz , &#8220;Deus amou ao mundo&#8221; Jo\u00e3o 3:16, e &#8220;N\u00f3s amamos a Ele porque Ele nos amou     primeiro.\u201d I Jo\u00e3o 4:19.<\/p>\n<p>d. A Lei condena o melhor. Romanos 3:19. <\/p>\n<p>    A gra\u00e7a salva o pior. Romanos 3:24, 4:5. <\/p>\n<p>e. A Lei revela o pecado. Romanos 3:20.<\/p>\n<p>    A gra\u00e7a revela salva\u00e7\u00e3o. Tito 2:11-13.<\/p>\n<p>IV. A NECESSIDADE DA GRA\u00c7A <\/p>\n<p>O homem \u00e9 um pecador e rebelou-se contra a santa Lei de Deus. Romanos 3:23, Colossenses 1:21. Portanto, n\u00e3o h\u00e1 nada que o homem mere\u00e7a a n\u00e3o ser o julgamento de Deus.<\/p>\n<p>O homem permanece culpado diante do trono de Deus, tendo quebrado sua Lei sagrada. Romanos 3:19, G\u00e1latas 3:10, Tiago 2:10. Dessa forma ele permanece sujeito a maldi\u00e7\u00e3o de Deus. <\/p>\n<p>Porque ele rejeitou e assassinou o Filho de Deus, o homem n\u00e3o tem nenhum outro argumento. Jo\u00e3o 12:31-33, 3:18. <\/p>\n<p>V. SALVA\u00c7\u00c3O PELA GRA\u00c7A<\/p>\n<p>O homem \u00e9 salvo somente pela gra\u00e7a de Deus. Nenhum de n\u00f3s merece a salva\u00e7\u00e3o; \u201cno qual temos a reden\u00e7\u00e3o, pelo seu sangue, a remiss\u00e3o dos pecados,\u201d \u201csegundo a riqueza de sua gra\u00e7a.\u201d Ef\u00e9sios 1:7. Mas Deus \u00e9 santo e n\u00e3o pode deixar passar o pecado sem ser punido. Esse \u00e9 o sentido da cruz. O evangelho nos ensina como Deus pode salvar pecadores pela gra\u00e7a e apesar disso, continuar sendo santo. <\/p>\n<p>A resposta \u00e9 que Cristo sofreu a ira e o julgamento de Deus contra Ele. Baseado na obra de Cristo n\u00e3o nas obras humanas, Deus pode perdoar os pecados daqueles que confiam no Senhor Jesus Cristo, o Cordeiro que foi morto, que completou a obra da reden\u00e7\u00e3o. A gra\u00e7a somente exige f\u00e9 da parte do pecador que busca salva\u00e7\u00e3o. Ef\u00e9sios 2:8-9<\/p>\n<p>VI. B\u00caN\u00c7\u00c3OS PELA GRA\u00c7A<\/p>\n<p>As b\u00ean\u00e7\u00e3os advindas da gra\u00e7a trazem resultados maravilhosos para o pecador. Tr\u00eas destas grandes conseq\u00fc\u00eancias s\u00e3o:<\/p>\n<p>A. Salva\u00e7\u00e3o: &#8211; Tito 2:11-13. Significa que quem nasceu de novo tem a vida eterna. \u201cE dou-lhes a vida eterna e nunca h\u00e3o de perecer, e ningu\u00e9m as arrebatar\u00e1 da minha m\u00e3o.\u201d Jo\u00e3o 10:28. <\/p>\n<p>B. Justifica\u00e7\u00e3o &#8211; Romanos 5:1. Isso significa que Deus considera um pecador que cr\u00ea em Cristo como sendo inculp\u00e1vel. \u201cTendo sido, pois justificados pela f\u00e9, temos paz com Deus, por nosso Senhor Jesus Cristo.\u201d Romanos 5:1.<\/p>\n<p>C. Diante de Deus &#8211; Romanos 5:2. Isso significa que o crist\u00e3o verdadeiro pode entrar na presen\u00e7a de Deus pela ora\u00e7\u00e3o. Ele j\u00e1 n\u00e3o est\u00e1 mais separado de Deus pelos seus pecados. \u201cCheguemos, pois, com confian\u00e7a ao trono da gra\u00e7a, para que possamos alcan\u00e7ar miseric\u00f3rdia e achar gra\u00e7a, a fim de sermos ajudados em tempo oportuno.\u201d Hebreus 4:16 .<\/p>\n<!-- AddThis Advanced Settings generic via filter on the_content --><!-- AddThis Share Buttons generic via filter on the_content -->","protected":false},"excerpt":{"rendered":"<p>GRA\u00c7A CONCEDE SALVA\u00c7\u00c3O I. INTRODU\u00c7\u00c3O Toda a a\u00e7\u00e3o de Deus para com o homem no presente \u00e9 baseada na gra\u00e7a, miseric\u00f3rdia e paz. A gra\u00e7a significa \u201cfavor de Deus imerecido.\u201d Isso significa que Ele nos mostra favor que n\u00f3s n\u00e3o merecemos. Isso nos \u00e9 mostrado pela salva\u00e7\u00e3o que gratuitamente recebemos. A palavra gra\u00e7a \u00e9 encontrada [&hellip;]<!-- AddThis Advanced Settings generic via filter on get_the_excerpt --><!-- AddThis Share Buttons generic via filter on get_the_excerpt --><\/p>\n","protected":false},"author":22,"featured_media":0,"parent":5034,"menu_order":0,"comment_status":"closed","ping_status":"closed","template":"","meta":{"jetpack_post_was_ever_published":false,"footnotes":""},"categories":[],"tags":[],"class_list":["post-7594","page","type-page","status-publish","hentry"],"yoast_head":"<!-- This site is optimized with the Yoast SEO Premium plugin v24.8 (Yoast SEO v24.8.1) - https:\/\/yoast.com\/wordpress\/plugins\/seo\/ -->\n<title>O Que A B\u00edblia Ensina - Gra\u00e7a Concede Salva\u00e7\u00e3o - BBN<\/title>\n<meta name=\"robots\" content=\"index, follow, max-snippet:-1, max-image-preview:large, max-video-preview:-1\" \/>\n<link rel=\"canonical\" href=\"https:\/\/bbn1.bbnradio.org\/portuguese\/ferramentas-inicial\/o-que-a-biblia-ensina\/graca-concede-salvacao\/\" \/>\n<meta property=\"og:locale\" content=\"pt_BR\" \/>\n<meta property=\"og:type\" content=\"article\" \/>\n<meta property=\"og:title\" content=\"O Que A B\u00edblia Ensina - Gra\u00e7a Concede Salva\u00e7\u00e3o\" \/>\n<meta property=\"og:description\" content=\"Toda a a\u00e7\u00e3o de Deus para com o homem no presente \u00e9 baseada na gra\u00e7a, miseric\u00f3rdia e paz. A gra\u00e7a significa \u201cfavor de Deus imerecido.\u201d Isso significa que Ele nos mostra favor que n\u00f3s n\u00e3o merecemos. Isso nos \u00e9 mostrado pela salva\u00e7\u00e3o que gratuitamente recebemos...\" \/>\n<meta property=\"og:url\" content=\"https:\/\/bbn1.bbnradio.org\/portuguese\/ferramentas-inicial\/o-que-a-biblia-ensina\/graca-concede-salvacao\/\" \/>\n<meta property=\"og:site_name\" content=\"BBN\" \/>\n<meta property=\"article:publisher\" content=\"https:\/\/www.facebook.com\/BBNPortugues\" \/>\n<meta property=\"article:modified_time\" content=\"2018-06-25T15:17:18+00:00\" \/>\n<meta name=\"twitter:card\" content=\"summary_large_image\" \/>\n<meta name=\"twitter:title\" content=\"O Que A B\u00edblia Ensina - Gra\u00e7a Concede Salva\u00e7\u00e3o\" \/>\n<meta name=\"twitter:description\" content=\"Toda a a\u00e7\u00e3o de Deus para com o homem no presente \u00e9 baseada na gra\u00e7a, miseric\u00f3rdia e paz. A gra\u00e7a significa \u201cfavor de Deus imerecido.\u201d Isso significa que Ele nos mostra favor que n\u00f3s n\u00e3o merecemos. Isso nos \u00e9 mostrado pela salva\u00e7\u00e3o que gratuitamente recebemos...\" \/>\n<meta name=\"twitter:site\" content=\"@BBNPortugues\" \/>\n<meta name=\"twitter:label1\" content=\"Est. tempo de leitura\" \/>\n\t<meta name=\"twitter:data1\" content=\"4 minutos\" \/>\n<script type=\"application\/ld+json\" class=\"yoast-schema-graph\">{\"@context\":\"https:\/\/schema.org\",\"@graph\":[{\"@type\":\"WebPage\",\"@id\":\"https:\/\/bbn1.bbnradio.org\/portuguese\/ferramentas-inicial\/o-que-a-biblia-ensina\/graca-concede-salvacao\/\",\"url\":\"https:\/\/bbn1.bbnradio.org\/portuguese\/ferramentas-inicial\/o-que-a-biblia-ensina\/graca-concede-salvacao\/\",\"name\":\"O Que A B\u00edblia Ensina - Gra\u00e7a Concede Salva\u00e7\u00e3o - BBN\",\"isPartOf\":{\"@id\":\"https:\/\/bbn1.bbnradio.org\/portuguese\/#website\"},\"datePublished\":\"2016-04-04T19:59:48+00:00\",\"dateModified\":\"2018-06-25T15:17:18+00:00\",\"breadcrumb\":{\"@id\":\"https:\/\/bbn1.bbnradio.org\/portuguese\/ferramentas-inicial\/o-que-a-biblia-ensina\/graca-concede-salvacao\/#breadcrumb\"},\"inLanguage\":\"pt-BR\",\"potentialAction\":[{\"@type\":\"ReadAction\",\"target\":[\"https:\/\/bbn1.bbnradio.org\/portuguese\/ferramentas-inicial\/o-que-a-biblia-ensina\/graca-concede-salvacao\/\"]}]},{\"@type\":\"BreadcrumbList\",\"@id\":\"https:\/\/bbn1.bbnradio.org\/portuguese\/ferramentas-inicial\/o-que-a-biblia-ensina\/graca-concede-salvacao\/#breadcrumb\",\"itemListElement\":[{\"@type\":\"ListItem\",\"position\":1,\"name\":\"Home\",\"item\":\"https:\/\/bbn1.bbnradio.org\/portuguese\/inicio\/\"},{\"@type\":\"ListItem\",\"position\":2,\"name\":\"Ferramentas &#8211; Inicial\",\"item\":\"https:\/\/bbn1.bbnradio.org\/portuguese\/ferramentas-inicial\/\"},{\"@type\":\"ListItem\",\"position\":3,\"name\":\"O Que A B\u00edblia Ensina\",\"item\":\"https:\/\/bbn1.bbnradio.org\/portuguese\/ferramentas-inicial\/o-que-a-biblia-ensina\/\"},{\"@type\":\"ListItem\",\"position\":4,\"name\":\"O Que A B\u00edblia Ensina &#8211; Gra\u00e7a Concede Salva\u00e7\u00e3o\"}]},{\"@type\":\"WebSite\",\"@id\":\"https:\/\/bbn1.bbnradio.org\/portuguese\/#website\",\"url\":\"https:\/\/bbn1.bbnradio.org\/portuguese\/\",\"name\":\"BBN Portuguese\",\"description\":\"BBN\",\"potentialAction\":[{\"@type\":\"SearchAction\",\"target\":{\"@type\":\"EntryPoint\",\"urlTemplate\":\"https:\/\/bbn1.bbnradio.org\/portuguese\/?s={search_term_string}\"},\"query-input\":{\"@type\":\"PropertyValueSpecification\",\"valueRequired\":true,\"valueName\":\"search_term_string\"}}],\"inLanguage\":\"pt-BR\"}]}<\/script>\n<!-- \/ Yoast SEO Premium plugin. -->","yoast_head_json":{"title":"O Que A B\u00edblia Ensina - Gra\u00e7a Concede Salva\u00e7\u00e3o - BBN","robots":{"index":"index","follow":"follow","max-snippet":"max-snippet:-1","max-image-preview":"max-image-preview:large","max-video-preview":"max-video-preview:-1"},"canonical":"https:\/\/bbn1.bbnradio.org\/portuguese\/ferramentas-inicial\/o-que-a-biblia-ensina\/graca-concede-salvacao\/","og_locale":"pt_BR","og_type":"article","og_title":"O Que A B\u00edblia Ensina - Gra\u00e7a Concede Salva\u00e7\u00e3o","og_description":"Toda a a\u00e7\u00e3o de Deus para com o homem no presente \u00e9 baseada na gra\u00e7a, miseric\u00f3rdia e paz. A gra\u00e7a significa \u201cfavor de Deus imerecido.\u201d Isso significa que Ele nos mostra favor que n\u00f3s n\u00e3o merecemos. Isso nos \u00e9 mostrado pela salva\u00e7\u00e3o que gratuitamente recebemos...","og_url":"https:\/\/bbn1.bbnradio.org\/portuguese\/ferramentas-inicial\/o-que-a-biblia-ensina\/graca-concede-salvacao\/","og_site_name":"BBN","article_publisher":"https:\/\/www.facebook.com\/BBNPortugues","article_modified_time":"2018-06-25T15:17:18+00:00","twitter_card":"summary_large_image","twitter_title":"O Que A B\u00edblia Ensina - Gra\u00e7a Concede Salva\u00e7\u00e3o","twitter_description":"Toda a a\u00e7\u00e3o de Deus para com o homem no presente \u00e9 baseada na gra\u00e7a, miseric\u00f3rdia e paz. A gra\u00e7a significa \u201cfavor de Deus imerecido.\u201d Isso significa que Ele nos mostra favor que n\u00f3s n\u00e3o merecemos. Isso nos \u00e9 mostrado pela salva\u00e7\u00e3o que gratuitamente recebemos...","twitter_site":"@BBNPortugues","twitter_misc":{"Est. tempo de leitura":"4 minutos"},"schema":{"@context":"https:\/\/schema.org","@graph":[{"@type":"WebPage","@id":"https:\/\/bbn1.bbnradio.org\/portuguese\/ferramentas-inicial\/o-que-a-biblia-ensina\/graca-concede-salvacao\/","url":"https:\/\/bbn1.bbnradio.org\/portuguese\/ferramentas-inicial\/o-que-a-biblia-ensina\/graca-concede-salvacao\/","name":"O Que A B\u00edblia Ensina - Gra\u00e7a Concede Salva\u00e7\u00e3o - BBN","isPartOf":{"@id":"https:\/\/bbn1.bbnradio.org\/portuguese\/#website"},"datePublished":"2016-04-04T19:59:48+00:00","dateModified":"2018-06-25T15:17:18+00:00","breadcrumb":{"@id":"https:\/\/bbn1.bbnradio.org\/portuguese\/ferramentas-inicial\/o-que-a-biblia-ensina\/graca-concede-salvacao\/#breadcrumb"},"inLanguage":"pt-BR","potentialAction":[{"@type":"ReadAction","target":["https:\/\/bbn1.bbnradio.org\/portuguese\/ferramentas-inicial\/o-que-a-biblia-ensina\/graca-concede-salvacao\/"]}]},{"@type":"BreadcrumbList","@id":"https:\/\/bbn1.bbnradio.org\/portuguese\/ferramentas-inicial\/o-que-a-biblia-ensina\/graca-concede-salvacao\/#breadcrumb","itemListElement":[{"@type":"ListItem","position":1,"name":"Home","item":"https:\/\/bbn1.bbnradio.org\/portuguese\/inicio\/"},{"@type":"ListItem","position":2,"name":"Ferramentas &#8211; Inicial","item":"https:\/\/bbn1.bbnradio.org\/portuguese\/ferramentas-inicial\/"},{"@type":"ListItem","position":3,"name":"O Que A B\u00edblia Ensina","item":"https:\/\/bbn1.bbnradio.org\/portuguese\/ferramentas-inicial\/o-que-a-biblia-ensina\/"},{"@type":"ListItem","position":4,"name":"O Que A B\u00edblia Ensina &#8211; Gra\u00e7a Concede Salva\u00e7\u00e3o"}]},{"@type":"WebSite","@id":"https:\/\/bbn1.bbnradio.org\/portuguese\/#website","url":"https:\/\/bbn1.bbnradio.org\/portuguese\/","name":"BBN Portuguese","description":"BBN","potentialAction":[{"@type":"SearchAction","target":{"@type":"EntryPoint","urlTemplate":"https:\/\/bbn1.bbnradio.org\/portuguese\/?s={search_term_string}"},"query-input":{"@type":"PropertyValueSpecification","valueRequired":true,"valueName":"search_term_string"}}],"inLanguage":"pt-BR"}]}},"jetpack_sharing_enabled":true,"jetpack_shortlink":"https:\/\/wp.me\/P85nO0-1Yu","_links":{"self":[{"href":"https:\/\/bbn1.bbnradio.org\/portuguese\/wp-json\/wp\/v2\/pages\/7594","targetHints":{"allow":["GET"]}}],"collection":[{"href":"https:\/\/bbn1.bbnradio.org\/portuguese\/wp-json\/wp\/v2\/pages"}],"about":[{"href":"https:\/\/bbn1.bbnradio.org\/portuguese\/wp-json\/wp\/v2\/types\/page"}],"author":[{"embeddable":true,"href":"https:\/\/bbn1.bbnradio.org\/portuguese\/wp-json\/wp\/v2\/users\/22"}],"replies":[{"embeddable":true,"href":"https:\/\/bbn1.bbnradio.org\/portuguese\/wp-json\/wp\/v2\/comments?post=7594"}],"version-history":[{"count":2,"href":"https:\/\/bbn1.bbnradio.org\/portuguese\/wp-json\/wp\/v2\/pages\/7594\/revisions"}],"predecessor-version":[{"id":12875,"href":"https:\/\/bbn1.bbnradio.org\/portuguese\/wp-json\/wp\/v2\/pages\/7594\/revisions\/12875"}],"up":[{"embeddable":true,"href":"https:\/\/bbn1.bbnradio.org\/portuguese\/wp-json\/wp\/v2\/pages\/5034"}],"wp:attachment":[{"href":"https:\/\/bbn1.bbnradio.org\/portuguese\/wp-json\/wp\/v2\/media?parent=7594"}],"wp:term":[{"taxonomy":"category","embeddable":true,"href":"https:\/\/bbn1.bbnradio.org\/portuguese\/wp-json\/wp\/v2\/categories?post=7594"},{"taxonomy":"post_tag","embeddable":true,"href":"https:\/\/bbn1.bbnradio.org\/portuguese\/wp-json\/wp\/v2\/tags?post=7594"}],"curies":[{"name":"wp","href":"https:\/\/api.w.org\/{rel}","templated":true}]}}