{"id":7596,"date":"2016-04-04T16:16:39","date_gmt":"2016-04-04T20:16:39","guid":{"rendered":"https:\/\/bbn1.bbnradio.org\/english\/?page_id=7596"},"modified":"2018-06-22T12:53:04","modified_gmt":"2018-06-22T17:53:04","slug":"biblia-ensina-a-fe-aplica-a-verdade-para-a-salvacao","status":"publish","type":"page","link":"https:\/\/bbn1.bbnradio.org\/portuguese\/ferramentas-inicial\/o-que-a-biblia-ensina\/biblia-ensina-a-fe-aplica-a-verdade-para-a-salvacao\/","title":{"rendered":"O Que a B\u00edblia Ensina &#8211; A F\u00e9 Aplica a Verdade Para a Salva\u00e7\u00e3o"},"content":{"rendered":"<p>A F\u00c9 APLICA A VERDADE PARA A SALVA\u00c7\u00c3O<\/p>\n<p>\u00c9 imposs\u00edvel estudar a B\u00edblia por muito tempo sem perceber a import\u00e2ncia da f\u00e9. Um pecador n\u00e3o pode ser salvo sem f\u00e9. Ef\u00e9sios 2:8-9. \u201cO Evangelho de Cristo, \u00e9 o poder de Deus para salva\u00e7\u00e3o de todo aquele que cr\u00ea&#8230; por nele se descobre a justi\u00e7a de Deus de f\u00e9 em f\u00e9, como est\u00e1 escrito: Mas o justo viver\u00e1 da f\u00e9.\u201d Romanos 1:16-17. Portanto, \u00e9 importante que n\u00f3s saibamos bem o significado dessas palavras. <\/p>\n<p>I. O QUE \u00c9 F\u00c9?<\/p>\n<p>A f\u00e9 se resume em tr\u00eas coisas: conhecimento, cren\u00e7a e confian\u00e7a. F\u00e9 \u00e9 confian\u00e7a pessoal. Usamos essa palavra no cotidiano dessa forma: \u201ctenho completa f\u00e9 em meu m\u00e9dico.\u201d Estamos dizendo que confiamos nele em nosso caso. Na B\u00edblia, a f\u00e9 \u00e9 confian\u00e7a pessoal em Deus. Significa que cremos no que Ele diz, e confiamos nele para nos salvar e guardar. <\/p>\n<p>II. ONDE ACHAMOS A F\u00c9?<\/p>\n<p>Ao olharmos o mundo em volta, entendemos que alguns homens n\u00e3o t\u00eam f\u00e9 em Deus, e por isso n\u00e3o est\u00e3o salvos. Isso nos leva a perguntar de onde vem a f\u00e9. Num sentido bem real, esta f\u00e9 \u00e9 um dom de Deus. Jo\u00e3o 3:27. Deus d\u00e1 ao homem o poder de crer nEle. <\/p>\n<p>Mas como um homem recebe a f\u00e9? A resposta est\u00e1 em Romanos 10:17. Assim a f\u00e9 vem pelo ouvir e ouvir a palavra de Deus. Portanto se um homem n\u00e3o tem f\u00e9 em Deus, deveria ler a B\u00edblia. Enquanto l\u00ea, deveria orar assim: \u201cDeus, se este Livro \u00e9 a sua Palavra, se Jesus Cristo \u00e9 seu Filho, e se Ele morreu por mim, ent\u00e3o me mostre isso enquanto leio a B\u00edblia.\u201d Deus prometeu que qualquer homem que desejar fazer sua vontade, chegar\u00e1 ao conhecimento da verdade. Jo\u00e3o 7:17<\/p>\n<p>III. QUAL \u00c9 O VERDADEIRO OBJETO DA F\u00c9?<\/p>\n<p>A f\u00e9 deve ter um objeto. Esse objeto pode ser tanto uma pessoa, como um parente, um amigo ou objeto inanimado como um elevador ou avi\u00e3o. N\u00e3o \u00e9 o bastante ter f\u00e9. A f\u00e9 precisa ser colocada num objeto digno de confian\u00e7a. Voc\u00ea precisa confiar que o avi\u00e3o poder\u00e1 levar-lhe de uma cidade a outra. Voc\u00ea precisa crer que o avi\u00e3o voar\u00e1. Deve confiar que os pilotos sabem pilotar o avi\u00e3o e lhe levar\u00e3o onde voc\u00ea precisa ir. Voc\u00ea pode at\u00e9 crer que a viagem ser\u00e1 agrad\u00e1vel. Mas, a \u00fanica coisa que voc\u00ea pode fazer \u00e9 sentar-se em sua poltrona no avi\u00e3o. Somente assim voc\u00ea estar\u00e1 exercendo a f\u00e9. At\u00e9 chegar a esse ponto, voc\u00ea j\u00e1 comentou isso com os outros, j\u00e1 compartilhou e diz que est\u00e1 tranq\u00fcilo em rela\u00e7\u00e3o \u00e0 viagem. Mas somente na hora da viagem \u00e9 que voc\u00ea exercer\u00e1 a f\u00e9. A f\u00e9 verdadeira requer a\u00e7\u00e3o. A B\u00edblia diz: \u201cAssim tamb\u00e9m a f\u00e9, se n\u00e3o tiver as obras, \u00e9 morta em si mesma\u201d. Tiago 2:17-18. <\/p>\n<p>A B\u00edblia estabelece que o Senhor Jesus Cristo \u00e9 o objeto da verdadeira f\u00e9. Atos 20:21. O mais importante n\u00e3o \u00e9 o quanto algu\u00e9m cr\u00ea, ou que tipo de f\u00e9 se tem, mas que se creia em Jesus Cristo para ser salvo. Se a f\u00e9 est\u00e1 depositada num santo, ou na virgem Maria, um \u00eddolo, uma igreja, uma religi\u00e3o, boas obras ou batismo, a B\u00edblia deixa claro que essa pessoa n\u00e3o tem a salva\u00e7\u00e3o. No entanto um homem pode acreditar em tudo que a B\u00edblia diz sobre Cristo e n\u00e3o ter f\u00e9 nele. Voc\u00ea pode crer que um trem partir\u00e1 da esta\u00e7\u00e3o \u00e0s 11:00 da manh\u00e3 e que chegar\u00e1 a uma distante cidade \u00e0s 5 da tarde. Voc\u00ea pode acreditar em todos os fatos referentes ao trem, mas ainda assim n\u00e3o ter\u00e1 colocado sua f\u00e9 no trem a n\u00e3o ser a partir do momento que entrar nele e confiar que chegar\u00e1 ao seu destino. <\/p>\n<p>Voc\u00ea pode crer que Cristo nasceu em Bel\u00e9m, de uma virgem, morreu no calv\u00e1rio, levantou-se dos mortos e subiu aos c\u00e9us. Pode at\u00e9 acreditar que a B\u00edblia \u00e9 a palavra de Deus. Mas n\u00e3o ter\u00e1 colocado de fato sua f\u00e9 nele at\u00e9 que confie nele para salv\u00e1-lo de seus pecados e lev\u00e1-lo aos c\u00e9us. <\/p>\n<p>IV. EXEMPLOS DE F\u00c9<\/p>\n<p>As Escrituras est\u00e3o cheias de exemplos de f\u00e9. O cap\u00edtulo onze de Hebreus foi chamado de \u201cGaleria da f\u00e9\u201d porque essa lista mostra homens e mulheres not\u00e1veis que tiveram f\u00e9. <\/p>\n<p>Dois outros exemplos podem ser citados. O primeiro \u00e9 a f\u00e9 do centuri\u00e3o em Mateus 8:5-10. O centuri\u00e3o creu que Cristo poderia curar seu servo meramente dizendo uma palavra. Outra \u00e9 o exemplo da mulher de Cana\u00e3, Mateus 15: 22-28. Ela implorou para que o p\u00e3o reservado aos judeus escolhidos, fosse dado a ela, uma gentia. Sua f\u00e9 foi humilde e persistente.<\/p>\n<p>V. A RECOMPENSA DA F\u00c9<\/p>\n<p>A verdadeira f\u00e9 nunca fica sem ser recompensada. Ningu\u00e9m confia em Deus em v\u00e3o. Lembre-se, a f\u00e9 deve ter tr\u00eas coisas: conhecimento, cren\u00e7a e confian\u00e7a. Todo pecador que busca, arrependido de seus pecados e tenha colocado sua f\u00e9 no Senhor Jesus j\u00e1 est\u00e1 salvo. O Senhor disse, &#8220;O que vem a mim de maneira nenhuma o lan\u00e7arei fora.\u201d Jo\u00e3o 6:37.<\/p>\n<!-- AddThis Advanced Settings generic via filter on the_content --><!-- AddThis Share Buttons generic via filter on the_content -->","protected":false},"excerpt":{"rendered":"<p>A F\u00c9 APLICA A VERDADE PARA A SALVA\u00c7\u00c3O \u00c9 imposs\u00edvel estudar a B\u00edblia por muito tempo sem perceber a import\u00e2ncia da f\u00e9. Um pecador n\u00e3o pode ser salvo sem f\u00e9. Ef\u00e9sios 2:8-9. \u201cO Evangelho de Cristo, \u00e9 o poder de Deus para salva\u00e7\u00e3o de todo aquele que cr\u00ea&#8230; por nele se descobre a justi\u00e7a de [&hellip;]<!-- AddThis Advanced Settings generic via filter on get_the_excerpt --><!-- AddThis Share Buttons generic via filter on get_the_excerpt --><\/p>\n","protected":false},"author":22,"featured_media":0,"parent":5034,"menu_order":0,"comment_status":"closed","ping_status":"closed","template":"","meta":{"jetpack_post_was_ever_published":false,"footnotes":""},"categories":[],"tags":[],"class_list":["post-7596","page","type-page","status-publish","hentry"],"yoast_head":"<!-- This site is optimized with the Yoast SEO Premium plugin v24.8 (Yoast SEO v24.8.1) - https:\/\/yoast.com\/wordpress\/plugins\/seo\/ -->\n<title>O Que a B\u00edblia Ensina - A F\u00e9 Aplica a Verdade Para a Salva\u00e7\u00e3o - BBN<\/title>\n<meta name=\"robots\" content=\"index, follow, max-snippet:-1, max-image-preview:large, max-video-preview:-1\" \/>\n<link rel=\"canonical\" href=\"https:\/\/bbn1.bbnradio.org\/portuguese\/ferramentas-inicial\/o-que-a-biblia-ensina\/biblia-ensina-a-fe-aplica-a-verdade-para-a-salvacao\/\" \/>\n<meta property=\"og:locale\" content=\"pt_BR\" \/>\n<meta property=\"og:type\" content=\"article\" \/>\n<meta property=\"og:title\" content=\"O Que a B\u00edblia Ensina - A F\u00e9 Aplica a Verdade Para a Salva\u00e7\u00e3o\" \/>\n<meta property=\"og:description\" content=\"A F\u00c9 APLICA A VERDADE PARA A SALVA\u00c7\u00c3O - \u00c9 imposs\u00edvel estudar a B\u00edblia por muito tempo sem perceber a import\u00e2ncia da f\u00e9. Um pecador n\u00e3o pode ser salvo sem f\u00e9.\" \/>\n<meta property=\"og:url\" content=\"https:\/\/bbn1.bbnradio.org\/portuguese\/ferramentas-inicial\/o-que-a-biblia-ensina\/biblia-ensina-a-fe-aplica-a-verdade-para-a-salvacao\/\" \/>\n<meta property=\"og:site_name\" content=\"BBN\" \/>\n<meta property=\"article:publisher\" content=\"https:\/\/www.facebook.com\/BBNPortugues\" \/>\n<meta property=\"article:modified_time\" content=\"2018-06-22T17:53:04+00:00\" \/>\n<meta name=\"twitter:card\" content=\"summary_large_image\" \/>\n<meta name=\"twitter:title\" content=\"O Que a B\u00edblia Ensina - A F\u00e9 Aplica a Verdade Para a Salva\u00e7\u00e3o\" \/>\n<meta name=\"twitter:description\" content=\"A F\u00c9 APLICA A VERDADE PARA A SALVA\u00c7\u00c3O - \u00c9 imposs\u00edvel estudar a B\u00edblia por muito tempo sem perceber a import\u00e2ncia da f\u00e9. Um pecador n\u00e3o pode ser salvo sem f\u00e9.\" \/>\n<meta name=\"twitter:site\" content=\"@BBNPortugues\" \/>\n<meta name=\"twitter:label1\" content=\"Est. tempo de leitura\" \/>\n\t<meta name=\"twitter:data1\" content=\"4 minutos\" \/>\n<script type=\"application\/ld+json\" class=\"yoast-schema-graph\">{\"@context\":\"https:\/\/schema.org\",\"@graph\":[{\"@type\":\"WebPage\",\"@id\":\"https:\/\/bbn1.bbnradio.org\/portuguese\/ferramentas-inicial\/o-que-a-biblia-ensina\/biblia-ensina-a-fe-aplica-a-verdade-para-a-salvacao\/\",\"url\":\"https:\/\/bbn1.bbnradio.org\/portuguese\/ferramentas-inicial\/o-que-a-biblia-ensina\/biblia-ensina-a-fe-aplica-a-verdade-para-a-salvacao\/\",\"name\":\"O Que a B\u00edblia Ensina - A F\u00e9 Aplica a Verdade Para a Salva\u00e7\u00e3o - BBN\",\"isPartOf\":{\"@id\":\"https:\/\/bbn1.bbnradio.org\/portuguese\/#website\"},\"datePublished\":\"2016-04-04T20:16:39+00:00\",\"dateModified\":\"2018-06-22T17:53:04+00:00\",\"breadcrumb\":{\"@id\":\"https:\/\/bbn1.bbnradio.org\/portuguese\/ferramentas-inicial\/o-que-a-biblia-ensina\/biblia-ensina-a-fe-aplica-a-verdade-para-a-salvacao\/#breadcrumb\"},\"inLanguage\":\"pt-BR\",\"potentialAction\":[{\"@type\":\"ReadAction\",\"target\":[\"https:\/\/bbn1.bbnradio.org\/portuguese\/ferramentas-inicial\/o-que-a-biblia-ensina\/biblia-ensina-a-fe-aplica-a-verdade-para-a-salvacao\/\"]}]},{\"@type\":\"BreadcrumbList\",\"@id\":\"https:\/\/bbn1.bbnradio.org\/portuguese\/ferramentas-inicial\/o-que-a-biblia-ensina\/biblia-ensina-a-fe-aplica-a-verdade-para-a-salvacao\/#breadcrumb\",\"itemListElement\":[{\"@type\":\"ListItem\",\"position\":1,\"name\":\"Home\",\"item\":\"https:\/\/bbn1.bbnradio.org\/portuguese\/inicio\/\"},{\"@type\":\"ListItem\",\"position\":2,\"name\":\"Ferramentas &#8211; Inicial\",\"item\":\"https:\/\/bbn1.bbnradio.org\/portuguese\/ferramentas-inicial\/\"},{\"@type\":\"ListItem\",\"position\":3,\"name\":\"O Que A B\u00edblia Ensina\",\"item\":\"https:\/\/bbn1.bbnradio.org\/portuguese\/ferramentas-inicial\/o-que-a-biblia-ensina\/\"},{\"@type\":\"ListItem\",\"position\":4,\"name\":\"O Que a B\u00edblia Ensina &#8211; A F\u00e9 Aplica a Verdade Para a Salva\u00e7\u00e3o\"}]},{\"@type\":\"WebSite\",\"@id\":\"https:\/\/bbn1.bbnradio.org\/portuguese\/#website\",\"url\":\"https:\/\/bbn1.bbnradio.org\/portuguese\/\",\"name\":\"BBN Portuguese\",\"description\":\"BBN\",\"potentialAction\":[{\"@type\":\"SearchAction\",\"target\":{\"@type\":\"EntryPoint\",\"urlTemplate\":\"https:\/\/bbn1.bbnradio.org\/portuguese\/?s={search_term_string}\"},\"query-input\":{\"@type\":\"PropertyValueSpecification\",\"valueRequired\":true,\"valueName\":\"search_term_string\"}}],\"inLanguage\":\"pt-BR\"}]}<\/script>\n<!-- \/ Yoast SEO Premium plugin. -->","yoast_head_json":{"title":"O Que a B\u00edblia Ensina - A F\u00e9 Aplica a Verdade Para a Salva\u00e7\u00e3o - BBN","robots":{"index":"index","follow":"follow","max-snippet":"max-snippet:-1","max-image-preview":"max-image-preview:large","max-video-preview":"max-video-preview:-1"},"canonical":"https:\/\/bbn1.bbnradio.org\/portuguese\/ferramentas-inicial\/o-que-a-biblia-ensina\/biblia-ensina-a-fe-aplica-a-verdade-para-a-salvacao\/","og_locale":"pt_BR","og_type":"article","og_title":"O Que a B\u00edblia Ensina - A F\u00e9 Aplica a Verdade Para a Salva\u00e7\u00e3o","og_description":"A F\u00c9 APLICA A VERDADE PARA A SALVA\u00c7\u00c3O - \u00c9 imposs\u00edvel estudar a B\u00edblia por muito tempo sem perceber a import\u00e2ncia da f\u00e9. Um pecador n\u00e3o pode ser salvo sem f\u00e9.","og_url":"https:\/\/bbn1.bbnradio.org\/portuguese\/ferramentas-inicial\/o-que-a-biblia-ensina\/biblia-ensina-a-fe-aplica-a-verdade-para-a-salvacao\/","og_site_name":"BBN","article_publisher":"https:\/\/www.facebook.com\/BBNPortugues","article_modified_time":"2018-06-22T17:53:04+00:00","twitter_card":"summary_large_image","twitter_title":"O Que a B\u00edblia Ensina - A F\u00e9 Aplica a Verdade Para a Salva\u00e7\u00e3o","twitter_description":"A F\u00c9 APLICA A VERDADE PARA A SALVA\u00c7\u00c3O - \u00c9 imposs\u00edvel estudar a B\u00edblia por muito tempo sem perceber a import\u00e2ncia da f\u00e9. Um pecador n\u00e3o pode ser salvo sem f\u00e9.","twitter_site":"@BBNPortugues","twitter_misc":{"Est. tempo de leitura":"4 minutos"},"schema":{"@context":"https:\/\/schema.org","@graph":[{"@type":"WebPage","@id":"https:\/\/bbn1.bbnradio.org\/portuguese\/ferramentas-inicial\/o-que-a-biblia-ensina\/biblia-ensina-a-fe-aplica-a-verdade-para-a-salvacao\/","url":"https:\/\/bbn1.bbnradio.org\/portuguese\/ferramentas-inicial\/o-que-a-biblia-ensina\/biblia-ensina-a-fe-aplica-a-verdade-para-a-salvacao\/","name":"O Que a B\u00edblia Ensina - A F\u00e9 Aplica a Verdade Para a Salva\u00e7\u00e3o - BBN","isPartOf":{"@id":"https:\/\/bbn1.bbnradio.org\/portuguese\/#website"},"datePublished":"2016-04-04T20:16:39+00:00","dateModified":"2018-06-22T17:53:04+00:00","breadcrumb":{"@id":"https:\/\/bbn1.bbnradio.org\/portuguese\/ferramentas-inicial\/o-que-a-biblia-ensina\/biblia-ensina-a-fe-aplica-a-verdade-para-a-salvacao\/#breadcrumb"},"inLanguage":"pt-BR","potentialAction":[{"@type":"ReadAction","target":["https:\/\/bbn1.bbnradio.org\/portuguese\/ferramentas-inicial\/o-que-a-biblia-ensina\/biblia-ensina-a-fe-aplica-a-verdade-para-a-salvacao\/"]}]},{"@type":"BreadcrumbList","@id":"https:\/\/bbn1.bbnradio.org\/portuguese\/ferramentas-inicial\/o-que-a-biblia-ensina\/biblia-ensina-a-fe-aplica-a-verdade-para-a-salvacao\/#breadcrumb","itemListElement":[{"@type":"ListItem","position":1,"name":"Home","item":"https:\/\/bbn1.bbnradio.org\/portuguese\/inicio\/"},{"@type":"ListItem","position":2,"name":"Ferramentas &#8211; Inicial","item":"https:\/\/bbn1.bbnradio.org\/portuguese\/ferramentas-inicial\/"},{"@type":"ListItem","position":3,"name":"O Que A B\u00edblia Ensina","item":"https:\/\/bbn1.bbnradio.org\/portuguese\/ferramentas-inicial\/o-que-a-biblia-ensina\/"},{"@type":"ListItem","position":4,"name":"O Que a B\u00edblia Ensina &#8211; A F\u00e9 Aplica a Verdade Para a Salva\u00e7\u00e3o"}]},{"@type":"WebSite","@id":"https:\/\/bbn1.bbnradio.org\/portuguese\/#website","url":"https:\/\/bbn1.bbnradio.org\/portuguese\/","name":"BBN Portuguese","description":"BBN","potentialAction":[{"@type":"SearchAction","target":{"@type":"EntryPoint","urlTemplate":"https:\/\/bbn1.bbnradio.org\/portuguese\/?s={search_term_string}"},"query-input":{"@type":"PropertyValueSpecification","valueRequired":true,"valueName":"search_term_string"}}],"inLanguage":"pt-BR"}]}},"jetpack_sharing_enabled":true,"jetpack_shortlink":"https:\/\/wp.me\/P85nO0-1Yw","_links":{"self":[{"href":"https:\/\/bbn1.bbnradio.org\/portuguese\/wp-json\/wp\/v2\/pages\/7596","targetHints":{"allow":["GET"]}}],"collection":[{"href":"https:\/\/bbn1.bbnradio.org\/portuguese\/wp-json\/wp\/v2\/pages"}],"about":[{"href":"https:\/\/bbn1.bbnradio.org\/portuguese\/wp-json\/wp\/v2\/types\/page"}],"author":[{"embeddable":true,"href":"https:\/\/bbn1.bbnradio.org\/portuguese\/wp-json\/wp\/v2\/users\/22"}],"replies":[{"embeddable":true,"href":"https:\/\/bbn1.bbnradio.org\/portuguese\/wp-json\/wp\/v2\/comments?post=7596"}],"version-history":[{"count":3,"href":"https:\/\/bbn1.bbnradio.org\/portuguese\/wp-json\/wp\/v2\/pages\/7596\/revisions"}],"predecessor-version":[{"id":12639,"href":"https:\/\/bbn1.bbnradio.org\/portuguese\/wp-json\/wp\/v2\/pages\/7596\/revisions\/12639"}],"up":[{"embeddable":true,"href":"https:\/\/bbn1.bbnradio.org\/portuguese\/wp-json\/wp\/v2\/pages\/5034"}],"wp:attachment":[{"href":"https:\/\/bbn1.bbnradio.org\/portuguese\/wp-json\/wp\/v2\/media?parent=7596"}],"wp:term":[{"taxonomy":"category","embeddable":true,"href":"https:\/\/bbn1.bbnradio.org\/portuguese\/wp-json\/wp\/v2\/categories?post=7596"},{"taxonomy":"post_tag","embeddable":true,"href":"https:\/\/bbn1.bbnradio.org\/portuguese\/wp-json\/wp\/v2\/tags?post=7596"}],"curies":[{"name":"wp","href":"https:\/\/api.w.org\/{rel}","templated":true}]}}