{"id":7598,"date":"2016-04-04T16:17:40","date_gmt":"2016-04-04T20:17:40","guid":{"rendered":"https:\/\/bbn1.bbnradio.org\/english\/?page_id=7598"},"modified":"2023-04-25T11:15:29","modified_gmt":"2023-04-25T14:15:29","slug":"a-igreja","status":"publish","type":"page","link":"https:\/\/bbn1.bbnradio.org\/portuguese\/ferramentas-inicial\/o-que-a-biblia-ensina\/a-igreja\/","title":{"rendered":"O Que A B\u00edblia Ensina &#8211; A Igreja"},"content":{"rendered":"<p>A IGREJA<\/p>\n<p>A Igreja deve ser vista sob duas perspectivas. N\u00e3o como um corpo f\u00edsico, mas espiritual. Existe a igreja local, que \u00e9 a express\u00e3o f\u00edsica do corpo de Cristo onde um grupo de crist\u00e3os se re\u00fane num determinado espa\u00e7o f\u00edsico. Pode ser uma casa, um pr\u00e9dio adaptado para reuni\u00f5es p\u00fablicas, at\u00e9 mesmo uma caverna. A igreja \u00e9 composta de pessoas, n\u00e3o \u00e9 a estrutura f\u00edsica. Ela \u00e9 uma assembl\u00e9ia local de crist\u00e3os que receberam sua palavra, nasceram de novo e foram batizados. Eles se re\u00fanem para estudar a doutrina, ora\u00e7\u00e3o, partir do p\u00e3o e comunh\u00e3o m\u00fatua. Atos 2:41-42.<\/p>\n<p>Mas existe tamb\u00e9m a \u201cIgreja\u201d que \u00e9 a reuni\u00e3o universal dos salvos que nasceram de novo e est\u00e3o vivos no planeta hoje. Alguns chamam de \u201cIgreja invis\u00edvel\u201d.<\/p>\n<p>H\u00e1 duas ordenan\u00e7as deixadas para a igreja, o batismo e a ceia do Senhor. Elas n\u00e3o s\u00e3o sacramentos. N\u00e3o possuem valores redentores. Jesus disse, \u201cFazei isso em mem\u00f3ria de mim.\u201d Lucas 22:19. Alguns religiosos oferecem o p\u00e3o e declaram-no ser a presen\u00e7a real de Cristo e corpo real de Cristo. No entanto, n\u00f3s n\u00e3o lembramos de algu\u00e9m que possa estar presente, mas somente dos ausentes. O p\u00e3o \u00e9 somente um s\u00edmbolo de seu corpo que foi partido na cruz. O c\u00e1lice \u00e9 um s\u00edmbolo de seu sangue que foi derramado por Ele, por nossos pecados. Ambos devem ser tomados para que lembrem o que Ele fez por n\u00f3s at\u00e9 que Ele retorne novamente. I Cor\u00edntios 11:24-29.<\/p>\n<p>O batismo serve para mostrar que voc\u00ea se tornou um crist\u00e3o, e a ceia do Senhor, uma lembran\u00e7a do que o Senhor Jesus fez por n\u00f3s e que voltar\u00e1. Ela deve ser ministrada somente \u00e0queles que j\u00e1 s\u00e3o crist\u00e3os.<\/p>\n<p>H\u00e1 certos dons que foram dados \u00e0s pessoas com a inten\u00e7\u00e3o de ministrar \u00e0 igreja local e est\u00e3o listados em Ef\u00e9sios 4:7-8,11. Desde que recebemos a revela\u00e7\u00e3o completa, revela\u00e7\u00e3o da Palavra de Deus na B\u00edblia, os dons apost\u00f3licos e dos profetas cessaram. Revela\u00e7\u00f5es e profecias j\u00e1 n\u00e3o s\u00e3o mais necess\u00e1rias. Embora alguns digam que recebam revela\u00e7\u00e3o ou profecia, isso \u00e9 mentira. De fato qualquer profecia ou revela\u00e7\u00e3o adicional \u00e9 condenada. Apocalipse 22:18-19.<\/p>\n<p>Toda igreja local \u00e9 aut\u00f4noma, e h\u00e1 uma estrutura organizada dentro da igreja que inclui di\u00e1conos, bispos ou anci\u00e3os (pastores) que lideram, ensinam e pastoreiam a igreja. H\u00e1 tamb\u00e9m a autoridade dada \u00e0 igreja para exercer disciplina e desligar pessoas que escolheram viver em pecado. I Cor\u00edntios 5:11-12.<\/p>\n<!-- AddThis Advanced Settings generic via filter on the_content --><!-- AddThis Share Buttons generic via filter on the_content -->","protected":false},"excerpt":{"rendered":"<p>A IGREJA A Igreja deve ser vista sob duas perspectivas. N\u00e3o como um corpo f\u00edsico, mas espiritual. Existe a igreja local, que \u00e9 a express\u00e3o f\u00edsica do corpo de Cristo onde um grupo de crist\u00e3os se re\u00fane num determinado espa\u00e7o f\u00edsico. Pode ser uma casa, um pr\u00e9dio adaptado para reuni\u00f5es p\u00fablicas, at\u00e9 mesmo uma caverna. [&hellip;]<!-- AddThis Advanced Settings generic via filter on get_the_excerpt --><!-- AddThis Share Buttons generic via filter on get_the_excerpt --><\/p>\n","protected":false},"author":22,"featured_media":0,"parent":5034,"menu_order":0,"comment_status":"closed","ping_status":"closed","template":"","meta":{"jetpack_post_was_ever_published":false,"footnotes":""},"categories":[],"tags":[],"class_list":["post-7598","page","type-page","status-publish","hentry"],"yoast_head":"<!-- This site is optimized with the Yoast SEO Premium plugin v24.8 (Yoast SEO v24.8.1) - https:\/\/yoast.com\/wordpress\/plugins\/seo\/ -->\n<title>O Que A B\u00edblia Ensina - A Igreja - BBN<\/title>\n<meta name=\"robots\" content=\"index, follow, max-snippet:-1, max-image-preview:large, max-video-preview:-1\" \/>\n<link rel=\"canonical\" href=\"https:\/\/bbn1.bbnradio.org\/portuguese\/ferramentas-inicial\/o-que-a-biblia-ensina\/a-igreja\/\" \/>\n<meta property=\"og:locale\" content=\"pt_BR\" \/>\n<meta property=\"og:type\" content=\"article\" \/>\n<meta property=\"og:title\" content=\"O Que A B\u00edblia Ensina - A Igreja\" \/>\n<meta property=\"og:description\" content=\"A Igreja deve ser vista sob duas perspectivas. N\u00e3o como um corpo f\u00edsico, mas espiritual. A igreja \u00e9 composta de pessoas, n\u00e3o \u00e9 a estrutura f\u00edsica\" \/>\n<meta property=\"og:url\" content=\"https:\/\/bbn1.bbnradio.org\/portuguese\/ferramentas-inicial\/o-que-a-biblia-ensina\/a-igreja\/\" \/>\n<meta property=\"og:site_name\" content=\"BBN\" \/>\n<meta property=\"article:publisher\" content=\"https:\/\/www.facebook.com\/BBNPortugues\" \/>\n<meta property=\"article:modified_time\" content=\"2023-04-25T14:15:29+00:00\" \/>\n<meta name=\"twitter:card\" content=\"summary_large_image\" \/>\n<meta name=\"twitter:title\" content=\"O Que A B\u00edblia Ensina - A Igreja\" \/>\n<meta name=\"twitter:description\" content=\"A Igreja deve ser vista sob duas perspectivas. N\u00e3o como um corpo f\u00edsico, mas espiritual. A igreja \u00e9 composta de pessoas, n\u00e3o \u00e9 a estrutura f\u00edsica\" \/>\n<meta name=\"twitter:site\" content=\"@BBNPortugues\" \/>\n<meta name=\"twitter:label1\" content=\"Est. tempo de leitura\" \/>\n\t<meta name=\"twitter:data1\" content=\"2 minutos\" \/>\n<script type=\"application\/ld+json\" class=\"yoast-schema-graph\">{\"@context\":\"https:\/\/schema.org\",\"@graph\":[{\"@type\":\"WebPage\",\"@id\":\"https:\/\/bbn1.bbnradio.org\/portuguese\/ferramentas-inicial\/o-que-a-biblia-ensina\/a-igreja\/\",\"url\":\"https:\/\/bbn1.bbnradio.org\/portuguese\/ferramentas-inicial\/o-que-a-biblia-ensina\/a-igreja\/\",\"name\":\"O Que A B\u00edblia Ensina - A Igreja - BBN\",\"isPartOf\":{\"@id\":\"https:\/\/bbn1.bbnradio.org\/portuguese\/#website\"},\"datePublished\":\"2016-04-04T20:17:40+00:00\",\"dateModified\":\"2023-04-25T14:15:29+00:00\",\"breadcrumb\":{\"@id\":\"https:\/\/bbn1.bbnradio.org\/portuguese\/ferramentas-inicial\/o-que-a-biblia-ensina\/a-igreja\/#breadcrumb\"},\"inLanguage\":\"pt-BR\",\"potentialAction\":[{\"@type\":\"ReadAction\",\"target\":[\"https:\/\/bbn1.bbnradio.org\/portuguese\/ferramentas-inicial\/o-que-a-biblia-ensina\/a-igreja\/\"]}]},{\"@type\":\"BreadcrumbList\",\"@id\":\"https:\/\/bbn1.bbnradio.org\/portuguese\/ferramentas-inicial\/o-que-a-biblia-ensina\/a-igreja\/#breadcrumb\",\"itemListElement\":[{\"@type\":\"ListItem\",\"position\":1,\"name\":\"Home\",\"item\":\"https:\/\/bbn1.bbnradio.org\/portuguese\/inicio\/\"},{\"@type\":\"ListItem\",\"position\":2,\"name\":\"Ferramentas &#8211; Inicial\",\"item\":\"https:\/\/bbn1.bbnradio.org\/portuguese\/ferramentas-inicial\/\"},{\"@type\":\"ListItem\",\"position\":3,\"name\":\"O Que A B\u00edblia Ensina\",\"item\":\"https:\/\/bbn1.bbnradio.org\/portuguese\/ferramentas-inicial\/o-que-a-biblia-ensina\/\"},{\"@type\":\"ListItem\",\"position\":4,\"name\":\"O Que A B\u00edblia Ensina &#8211; A Igreja\"}]},{\"@type\":\"WebSite\",\"@id\":\"https:\/\/bbn1.bbnradio.org\/portuguese\/#website\",\"url\":\"https:\/\/bbn1.bbnradio.org\/portuguese\/\",\"name\":\"BBN Portuguese\",\"description\":\"BBN\",\"potentialAction\":[{\"@type\":\"SearchAction\",\"target\":{\"@type\":\"EntryPoint\",\"urlTemplate\":\"https:\/\/bbn1.bbnradio.org\/portuguese\/?s={search_term_string}\"},\"query-input\":{\"@type\":\"PropertyValueSpecification\",\"valueRequired\":true,\"valueName\":\"search_term_string\"}}],\"inLanguage\":\"pt-BR\"}]}<\/script>\n<!-- \/ Yoast SEO Premium plugin. -->","yoast_head_json":{"title":"O Que A B\u00edblia Ensina - A Igreja - BBN","robots":{"index":"index","follow":"follow","max-snippet":"max-snippet:-1","max-image-preview":"max-image-preview:large","max-video-preview":"max-video-preview:-1"},"canonical":"https:\/\/bbn1.bbnradio.org\/portuguese\/ferramentas-inicial\/o-que-a-biblia-ensina\/a-igreja\/","og_locale":"pt_BR","og_type":"article","og_title":"O Que A B\u00edblia Ensina - A Igreja","og_description":"A Igreja deve ser vista sob duas perspectivas. N\u00e3o como um corpo f\u00edsico, mas espiritual. A igreja \u00e9 composta de pessoas, n\u00e3o \u00e9 a estrutura f\u00edsica","og_url":"https:\/\/bbn1.bbnradio.org\/portuguese\/ferramentas-inicial\/o-que-a-biblia-ensina\/a-igreja\/","og_site_name":"BBN","article_publisher":"https:\/\/www.facebook.com\/BBNPortugues","article_modified_time":"2023-04-25T14:15:29+00:00","twitter_card":"summary_large_image","twitter_title":"O Que A B\u00edblia Ensina - A Igreja","twitter_description":"A Igreja deve ser vista sob duas perspectivas. N\u00e3o como um corpo f\u00edsico, mas espiritual. A igreja \u00e9 composta de pessoas, n\u00e3o \u00e9 a estrutura f\u00edsica","twitter_site":"@BBNPortugues","twitter_misc":{"Est. tempo de leitura":"2 minutos"},"schema":{"@context":"https:\/\/schema.org","@graph":[{"@type":"WebPage","@id":"https:\/\/bbn1.bbnradio.org\/portuguese\/ferramentas-inicial\/o-que-a-biblia-ensina\/a-igreja\/","url":"https:\/\/bbn1.bbnradio.org\/portuguese\/ferramentas-inicial\/o-que-a-biblia-ensina\/a-igreja\/","name":"O Que A B\u00edblia Ensina - A Igreja - BBN","isPartOf":{"@id":"https:\/\/bbn1.bbnradio.org\/portuguese\/#website"},"datePublished":"2016-04-04T20:17:40+00:00","dateModified":"2023-04-25T14:15:29+00:00","breadcrumb":{"@id":"https:\/\/bbn1.bbnradio.org\/portuguese\/ferramentas-inicial\/o-que-a-biblia-ensina\/a-igreja\/#breadcrumb"},"inLanguage":"pt-BR","potentialAction":[{"@type":"ReadAction","target":["https:\/\/bbn1.bbnradio.org\/portuguese\/ferramentas-inicial\/o-que-a-biblia-ensina\/a-igreja\/"]}]},{"@type":"BreadcrumbList","@id":"https:\/\/bbn1.bbnradio.org\/portuguese\/ferramentas-inicial\/o-que-a-biblia-ensina\/a-igreja\/#breadcrumb","itemListElement":[{"@type":"ListItem","position":1,"name":"Home","item":"https:\/\/bbn1.bbnradio.org\/portuguese\/inicio\/"},{"@type":"ListItem","position":2,"name":"Ferramentas &#8211; Inicial","item":"https:\/\/bbn1.bbnradio.org\/portuguese\/ferramentas-inicial\/"},{"@type":"ListItem","position":3,"name":"O Que A B\u00edblia Ensina","item":"https:\/\/bbn1.bbnradio.org\/portuguese\/ferramentas-inicial\/o-que-a-biblia-ensina\/"},{"@type":"ListItem","position":4,"name":"O Que A B\u00edblia Ensina &#8211; A Igreja"}]},{"@type":"WebSite","@id":"https:\/\/bbn1.bbnradio.org\/portuguese\/#website","url":"https:\/\/bbn1.bbnradio.org\/portuguese\/","name":"BBN Portuguese","description":"BBN","potentialAction":[{"@type":"SearchAction","target":{"@type":"EntryPoint","urlTemplate":"https:\/\/bbn1.bbnradio.org\/portuguese\/?s={search_term_string}"},"query-input":{"@type":"PropertyValueSpecification","valueRequired":true,"valueName":"search_term_string"}}],"inLanguage":"pt-BR"}]}},"jetpack_sharing_enabled":true,"jetpack_shortlink":"https:\/\/wp.me\/P85nO0-1Yy","_links":{"self":[{"href":"https:\/\/bbn1.bbnradio.org\/portuguese\/wp-json\/wp\/v2\/pages\/7598","targetHints":{"allow":["GET"]}}],"collection":[{"href":"https:\/\/bbn1.bbnradio.org\/portuguese\/wp-json\/wp\/v2\/pages"}],"about":[{"href":"https:\/\/bbn1.bbnradio.org\/portuguese\/wp-json\/wp\/v2\/types\/page"}],"author":[{"embeddable":true,"href":"https:\/\/bbn1.bbnradio.org\/portuguese\/wp-json\/wp\/v2\/users\/22"}],"replies":[{"embeddable":true,"href":"https:\/\/bbn1.bbnradio.org\/portuguese\/wp-json\/wp\/v2\/comments?post=7598"}],"version-history":[{"count":3,"href":"https:\/\/bbn1.bbnradio.org\/portuguese\/wp-json\/wp\/v2\/pages\/7598\/revisions"}],"predecessor-version":[{"id":15737,"href":"https:\/\/bbn1.bbnradio.org\/portuguese\/wp-json\/wp\/v2\/pages\/7598\/revisions\/15737"}],"up":[{"embeddable":true,"href":"https:\/\/bbn1.bbnradio.org\/portuguese\/wp-json\/wp\/v2\/pages\/5034"}],"wp:attachment":[{"href":"https:\/\/bbn1.bbnradio.org\/portuguese\/wp-json\/wp\/v2\/media?parent=7598"}],"wp:term":[{"taxonomy":"category","embeddable":true,"href":"https:\/\/bbn1.bbnradio.org\/portuguese\/wp-json\/wp\/v2\/categories?post=7598"},{"taxonomy":"post_tag","embeddable":true,"href":"https:\/\/bbn1.bbnradio.org\/portuguese\/wp-json\/wp\/v2\/tags?post=7598"}],"curies":[{"name":"wp","href":"https:\/\/api.w.org\/{rel}","templated":true}]}}