{"id":7602,"date":"2016-04-04T16:19:38","date_gmt":"2016-04-04T20:19:38","guid":{"rendered":"https:\/\/bbn1.bbnradio.org\/english\/?page_id=7602"},"modified":"2018-06-25T09:22:59","modified_gmt":"2018-06-25T14:22:59","slug":"a-ressurreicao-para-o-cristao","status":"publish","type":"page","link":"https:\/\/bbn1.bbnradio.org\/portuguese\/ferramentas-inicial\/o-que-a-biblia-ensina\/a-ressurreicao-para-o-cristao\/","title":{"rendered":"O Que A B\u00edblia Ensina &#8211; A Ressurrei\u00e7\u00e3o Para o Crist\u00e3o"},"content":{"rendered":"<p>A RESSURREI\u00c7\u00c3O PARA O CRIST\u00c3O<\/p>\n<p>A B\u00edblia fala muito sobre a ressurrei\u00e7\u00e3o do corpo. Em diferentes ocasi\u00f5es algumas pessoas foram levantadas dentre os mortos. Foram demonstra\u00e7\u00f5es milagrosas do poder de Deus sobre a morte. Mas pelo fato deles morreram de novo, entendemos que n\u00e3o foram ressuscitados corporalmente. Ao inv\u00e9s disso, foram \u201ctrazidos\u201d de volta \u00e0 vida. L\u00e1zaro \u00e9 um bom exemplo. Jo\u00e3o 11:39-44. <\/p>\n<p>O primeiro exemplo de morte e ressurrei\u00e7\u00e3o corporal foi o de Jesus Cristo. Cristo \u00e9 o primeiro fruto dentre os mortos. \u201cMas, de fato, Cristo ressuscitou dentre os mortos, sendo Ele as prim\u00edcias dos que dormem.\u201d I Cor\u00edntios 15:20. A B\u00edblia sempre fala da morte de um crist\u00e3o como \u201cdormindo\u201d e n\u00e3o morto. O primeiro fruto na ressurrei\u00e7\u00e3o de Cristo \u00e9 a promessa de Deus que a colheita inteira ser\u00e1 feita em breve. <\/p>\n<p>O Corpo de Cristo, a igreja verdadeira, tamb\u00e9m ter\u00e1 uma ressurrei\u00e7\u00e3o corporal pr\u00f3pria. \u201cOs mortos em Cristo ressuscitar\u00e3o primeiro.\u201d I Tessalonicenses 4:16. Essa \u00e9 a ressurrei\u00e7\u00e3o do corpo para todos \u00e0queles que morreram em Cristo. Eles ser\u00e3o unidos \u00e0s suas almas e esp\u00edritos e subir\u00e3o ao c\u00e9u para serem a noiva de Cristo. Chamamos esse evento de \u201carrebatamento\u201d da igreja. Veremos mais sobre isso.<\/p>\n<p>Cerca de 500 pessoas testemunharam as apari\u00e7\u00f5es de Cristo depois de sua ressurrei\u00e7\u00e3o. Os testemunhos daqueles que o viram nos desafiam. O n\u00famero de testemunhos desafia \u00e0queles que n\u00e3o cr\u00eaem. Na maioria dos tribunais o n\u00famero m\u00e1ximo de testemunhas oculares exigido \u00e9 de sete. O Novo Testamento possui relatos de testemunhas documentados que o viram pessoalmente. Cerca de 500 pessoas o viram em seu corpo ressurreto. Outros que tamb\u00e9m o viram testificaram que Ele estava vivo. Eles falaram com Ele, comeram com Ele, e tiveram comunh\u00e3o com Ele enquanto estavam com Ele depois da cruz brutal, e de tr\u00eas dias no t\u00famulo guardado por uma pedra. H\u00e1 evid\u00eancias claras que Jesus de fato ressurgiu dentre os mortos. <\/p>\n<p>Os 27 livros do Novo Testamento e a Igreja s\u00e3o os efeitos causados pelo Cristo ressurreto. A igreja come\u00e7ou imediatamente, quando os ap\u00f3stolos come\u00e7aram a pregar em Jerusal\u00e9m, onde Ele tinha sido crucificado e sepultado.Tr\u00eas mil foram salvos num dia. Sa\u00edram por todo lugar pregando que Jesus estava vivo. Pode acreditar, se n\u00e3o fosse verdade, o inimigo teria mostrado o corpo de Cristo, porque isso teria silenciado todas as alega\u00e7\u00f5es da igreja crist\u00e3 primitiva. O fato \u00e9 que tr\u00eas dias depois da crucifica\u00e7\u00e3o, Ele ressuscitou corporalmente do t\u00famulo. Ele est\u00e1 vivo, e porque Ele vive, n\u00f3s tamb\u00e9m viveremos.<\/p>\n<!-- AddThis Advanced Settings generic via filter on the_content --><!-- AddThis Share Buttons generic via filter on the_content -->","protected":false},"excerpt":{"rendered":"<p>A RESSURREI\u00c7\u00c3O PARA O CRIST\u00c3O A B\u00edblia fala muito sobre a ressurrei\u00e7\u00e3o do corpo. Em diferentes ocasi\u00f5es algumas pessoas foram levantadas dentre os mortos. Foram demonstra\u00e7\u00f5es milagrosas do poder de Deus sobre a morte. Mas pelo fato deles morreram de novo, entendemos que n\u00e3o foram ressuscitados corporalmente. Ao inv\u00e9s disso, foram \u201ctrazidos\u201d de volta \u00e0 [&hellip;]<!-- AddThis Advanced Settings generic via filter on get_the_excerpt --><!-- AddThis Share Buttons generic via filter on get_the_excerpt --><\/p>\n","protected":false},"author":22,"featured_media":0,"parent":5034,"menu_order":0,"comment_status":"closed","ping_status":"closed","template":"","meta":{"jetpack_post_was_ever_published":false,"footnotes":""},"categories":[],"tags":[],"class_list":["post-7602","page","type-page","status-publish","hentry"],"yoast_head":"<!-- This site is optimized with the Yoast SEO Premium plugin v24.8 (Yoast SEO v24.8.1) - https:\/\/yoast.com\/wordpress\/plugins\/seo\/ -->\n<title>O Que A B\u00edblia Ensina - A Ressurrei\u00e7\u00e3o Para o Crist\u00e3o - BBN<\/title>\n<meta name=\"robots\" content=\"index, follow, max-snippet:-1, max-image-preview:large, max-video-preview:-1\" \/>\n<link rel=\"canonical\" href=\"https:\/\/bbn1.bbnradio.org\/portuguese\/ferramentas-inicial\/o-que-a-biblia-ensina\/a-ressurreicao-para-o-cristao\/\" \/>\n<meta property=\"og:locale\" content=\"pt_BR\" \/>\n<meta property=\"og:type\" content=\"article\" \/>\n<meta property=\"og:title\" content=\"O Que A B\u00edblia Ensina - A Ressurrei\u00e7\u00e3o Para o Crist\u00e3o\" \/>\n<meta property=\"og:description\" content=\"A B\u00edblia fala muito sobre a ressurrei\u00e7\u00e3o do corpo. Em diferentes ocasi\u00f5es algumas pessoas foram levantadas dentre os mortos. Foram demonstra\u00e7\u00f5es milagrosas do poder de Deus sobre a morte. Mas pelo fato deles morreram de novo, entendemos que n\u00e3o foram ressuscitados corporalmente. Ao inv\u00e9s disso, foram \u201ctrazidos\u201d de volta \u00e0 vida.\" \/>\n<meta property=\"og:url\" content=\"https:\/\/bbn1.bbnradio.org\/portuguese\/ferramentas-inicial\/o-que-a-biblia-ensina\/a-ressurreicao-para-o-cristao\/\" \/>\n<meta property=\"og:site_name\" content=\"BBN\" \/>\n<meta property=\"article:publisher\" content=\"https:\/\/www.facebook.com\/BBNPortugues\" \/>\n<meta property=\"article:modified_time\" content=\"2018-06-25T14:22:59+00:00\" \/>\n<meta name=\"twitter:card\" content=\"summary_large_image\" \/>\n<meta name=\"twitter:title\" content=\"O Que A B\u00edblia Ensina - A Ressurrei\u00e7\u00e3o Para o Crist\u00e3o\" \/>\n<meta name=\"twitter:description\" content=\"A B\u00edblia fala muito sobre a ressurrei\u00e7\u00e3o do corpo. Em diferentes ocasi\u00f5es algumas pessoas foram levantadas dentre os mortos. Foram demonstra\u00e7\u00f5es milagrosas do poder de Deus sobre a morte. Mas pelo fato deles morreram de novo, entendemos que n\u00e3o foram ressuscitados corporalmente. Ao inv\u00e9s disso, foram \u201ctrazidos\u201d de volta \u00e0 vida.\" \/>\n<meta name=\"twitter:site\" content=\"@BBNPortugues\" \/>\n<meta name=\"twitter:label1\" content=\"Est. tempo de leitura\" \/>\n\t<meta name=\"twitter:data1\" content=\"2 minutos\" \/>\n<script type=\"application\/ld+json\" class=\"yoast-schema-graph\">{\"@context\":\"https:\/\/schema.org\",\"@graph\":[{\"@type\":\"WebPage\",\"@id\":\"https:\/\/bbn1.bbnradio.org\/portuguese\/ferramentas-inicial\/o-que-a-biblia-ensina\/a-ressurreicao-para-o-cristao\/\",\"url\":\"https:\/\/bbn1.bbnradio.org\/portuguese\/ferramentas-inicial\/o-que-a-biblia-ensina\/a-ressurreicao-para-o-cristao\/\",\"name\":\"O Que A B\u00edblia Ensina - A Ressurrei\u00e7\u00e3o Para o Crist\u00e3o - BBN\",\"isPartOf\":{\"@id\":\"https:\/\/bbn1.bbnradio.org\/portuguese\/#website\"},\"datePublished\":\"2016-04-04T20:19:38+00:00\",\"dateModified\":\"2018-06-25T14:22:59+00:00\",\"breadcrumb\":{\"@id\":\"https:\/\/bbn1.bbnradio.org\/portuguese\/ferramentas-inicial\/o-que-a-biblia-ensina\/a-ressurreicao-para-o-cristao\/#breadcrumb\"},\"inLanguage\":\"pt-BR\",\"potentialAction\":[{\"@type\":\"ReadAction\",\"target\":[\"https:\/\/bbn1.bbnradio.org\/portuguese\/ferramentas-inicial\/o-que-a-biblia-ensina\/a-ressurreicao-para-o-cristao\/\"]}]},{\"@type\":\"BreadcrumbList\",\"@id\":\"https:\/\/bbn1.bbnradio.org\/portuguese\/ferramentas-inicial\/o-que-a-biblia-ensina\/a-ressurreicao-para-o-cristao\/#breadcrumb\",\"itemListElement\":[{\"@type\":\"ListItem\",\"position\":1,\"name\":\"Home\",\"item\":\"https:\/\/bbn1.bbnradio.org\/portuguese\/inicio\/\"},{\"@type\":\"ListItem\",\"position\":2,\"name\":\"Ferramentas &#8211; Inicial\",\"item\":\"https:\/\/bbn1.bbnradio.org\/portuguese\/ferramentas-inicial\/\"},{\"@type\":\"ListItem\",\"position\":3,\"name\":\"O Que A B\u00edblia Ensina\",\"item\":\"https:\/\/bbn1.bbnradio.org\/portuguese\/ferramentas-inicial\/o-que-a-biblia-ensina\/\"},{\"@type\":\"ListItem\",\"position\":4,\"name\":\"O Que A B\u00edblia Ensina &#8211; A Ressurrei\u00e7\u00e3o Para o Crist\u00e3o\"}]},{\"@type\":\"WebSite\",\"@id\":\"https:\/\/bbn1.bbnradio.org\/portuguese\/#website\",\"url\":\"https:\/\/bbn1.bbnradio.org\/portuguese\/\",\"name\":\"BBN Portuguese\",\"description\":\"BBN\",\"potentialAction\":[{\"@type\":\"SearchAction\",\"target\":{\"@type\":\"EntryPoint\",\"urlTemplate\":\"https:\/\/bbn1.bbnradio.org\/portuguese\/?s={search_term_string}\"},\"query-input\":{\"@type\":\"PropertyValueSpecification\",\"valueRequired\":true,\"valueName\":\"search_term_string\"}}],\"inLanguage\":\"pt-BR\"}]}<\/script>\n<!-- \/ Yoast SEO Premium plugin. -->","yoast_head_json":{"title":"O Que A B\u00edblia Ensina - A Ressurrei\u00e7\u00e3o Para o Crist\u00e3o - BBN","robots":{"index":"index","follow":"follow","max-snippet":"max-snippet:-1","max-image-preview":"max-image-preview:large","max-video-preview":"max-video-preview:-1"},"canonical":"https:\/\/bbn1.bbnradio.org\/portuguese\/ferramentas-inicial\/o-que-a-biblia-ensina\/a-ressurreicao-para-o-cristao\/","og_locale":"pt_BR","og_type":"article","og_title":"O Que A B\u00edblia Ensina - A Ressurrei\u00e7\u00e3o Para o Crist\u00e3o","og_description":"A B\u00edblia fala muito sobre a ressurrei\u00e7\u00e3o do corpo. Em diferentes ocasi\u00f5es algumas pessoas foram levantadas dentre os mortos. Foram demonstra\u00e7\u00f5es milagrosas do poder de Deus sobre a morte. Mas pelo fato deles morreram de novo, entendemos que n\u00e3o foram ressuscitados corporalmente. Ao inv\u00e9s disso, foram \u201ctrazidos\u201d de volta \u00e0 vida.","og_url":"https:\/\/bbn1.bbnradio.org\/portuguese\/ferramentas-inicial\/o-que-a-biblia-ensina\/a-ressurreicao-para-o-cristao\/","og_site_name":"BBN","article_publisher":"https:\/\/www.facebook.com\/BBNPortugues","article_modified_time":"2018-06-25T14:22:59+00:00","twitter_card":"summary_large_image","twitter_title":"O Que A B\u00edblia Ensina - A Ressurrei\u00e7\u00e3o Para o Crist\u00e3o","twitter_description":"A B\u00edblia fala muito sobre a ressurrei\u00e7\u00e3o do corpo. Em diferentes ocasi\u00f5es algumas pessoas foram levantadas dentre os mortos. Foram demonstra\u00e7\u00f5es milagrosas do poder de Deus sobre a morte. Mas pelo fato deles morreram de novo, entendemos que n\u00e3o foram ressuscitados corporalmente. Ao inv\u00e9s disso, foram \u201ctrazidos\u201d de volta \u00e0 vida.","twitter_site":"@BBNPortugues","twitter_misc":{"Est. tempo de leitura":"2 minutos"},"schema":{"@context":"https:\/\/schema.org","@graph":[{"@type":"WebPage","@id":"https:\/\/bbn1.bbnradio.org\/portuguese\/ferramentas-inicial\/o-que-a-biblia-ensina\/a-ressurreicao-para-o-cristao\/","url":"https:\/\/bbn1.bbnradio.org\/portuguese\/ferramentas-inicial\/o-que-a-biblia-ensina\/a-ressurreicao-para-o-cristao\/","name":"O Que A B\u00edblia Ensina - A Ressurrei\u00e7\u00e3o Para o Crist\u00e3o - BBN","isPartOf":{"@id":"https:\/\/bbn1.bbnradio.org\/portuguese\/#website"},"datePublished":"2016-04-04T20:19:38+00:00","dateModified":"2018-06-25T14:22:59+00:00","breadcrumb":{"@id":"https:\/\/bbn1.bbnradio.org\/portuguese\/ferramentas-inicial\/o-que-a-biblia-ensina\/a-ressurreicao-para-o-cristao\/#breadcrumb"},"inLanguage":"pt-BR","potentialAction":[{"@type":"ReadAction","target":["https:\/\/bbn1.bbnradio.org\/portuguese\/ferramentas-inicial\/o-que-a-biblia-ensina\/a-ressurreicao-para-o-cristao\/"]}]},{"@type":"BreadcrumbList","@id":"https:\/\/bbn1.bbnradio.org\/portuguese\/ferramentas-inicial\/o-que-a-biblia-ensina\/a-ressurreicao-para-o-cristao\/#breadcrumb","itemListElement":[{"@type":"ListItem","position":1,"name":"Home","item":"https:\/\/bbn1.bbnradio.org\/portuguese\/inicio\/"},{"@type":"ListItem","position":2,"name":"Ferramentas &#8211; Inicial","item":"https:\/\/bbn1.bbnradio.org\/portuguese\/ferramentas-inicial\/"},{"@type":"ListItem","position":3,"name":"O Que A B\u00edblia Ensina","item":"https:\/\/bbn1.bbnradio.org\/portuguese\/ferramentas-inicial\/o-que-a-biblia-ensina\/"},{"@type":"ListItem","position":4,"name":"O Que A B\u00edblia Ensina &#8211; A Ressurrei\u00e7\u00e3o Para o Crist\u00e3o"}]},{"@type":"WebSite","@id":"https:\/\/bbn1.bbnradio.org\/portuguese\/#website","url":"https:\/\/bbn1.bbnradio.org\/portuguese\/","name":"BBN Portuguese","description":"BBN","potentialAction":[{"@type":"SearchAction","target":{"@type":"EntryPoint","urlTemplate":"https:\/\/bbn1.bbnradio.org\/portuguese\/?s={search_term_string}"},"query-input":{"@type":"PropertyValueSpecification","valueRequired":true,"valueName":"search_term_string"}}],"inLanguage":"pt-BR"}]}},"jetpack_sharing_enabled":true,"jetpack_shortlink":"https:\/\/wp.me\/P85nO0-1YC","_links":{"self":[{"href":"https:\/\/bbn1.bbnradio.org\/portuguese\/wp-json\/wp\/v2\/pages\/7602","targetHints":{"allow":["GET"]}}],"collection":[{"href":"https:\/\/bbn1.bbnradio.org\/portuguese\/wp-json\/wp\/v2\/pages"}],"about":[{"href":"https:\/\/bbn1.bbnradio.org\/portuguese\/wp-json\/wp\/v2\/types\/page"}],"author":[{"embeddable":true,"href":"https:\/\/bbn1.bbnradio.org\/portuguese\/wp-json\/wp\/v2\/users\/22"}],"replies":[{"embeddable":true,"href":"https:\/\/bbn1.bbnradio.org\/portuguese\/wp-json\/wp\/v2\/comments?post=7602"}],"version-history":[{"count":1,"href":"https:\/\/bbn1.bbnradio.org\/portuguese\/wp-json\/wp\/v2\/pages\/7602\/revisions"}],"predecessor-version":[{"id":12861,"href":"https:\/\/bbn1.bbnradio.org\/portuguese\/wp-json\/wp\/v2\/pages\/7602\/revisions\/12861"}],"up":[{"embeddable":true,"href":"https:\/\/bbn1.bbnradio.org\/portuguese\/wp-json\/wp\/v2\/pages\/5034"}],"wp:attachment":[{"href":"https:\/\/bbn1.bbnradio.org\/portuguese\/wp-json\/wp\/v2\/media?parent=7602"}],"wp:term":[{"taxonomy":"category","embeddable":true,"href":"https:\/\/bbn1.bbnradio.org\/portuguese\/wp-json\/wp\/v2\/categories?post=7602"},{"taxonomy":"post_tag","embeddable":true,"href":"https:\/\/bbn1.bbnradio.org\/portuguese\/wp-json\/wp\/v2\/tags?post=7602"}],"curies":[{"name":"wp","href":"https:\/\/api.w.org\/{rel}","templated":true}]}}