{"id":7606,"date":"2016-04-04T16:21:22","date_gmt":"2016-04-04T20:21:22","guid":{"rendered":"https:\/\/bbn1.bbnradio.org\/english\/?page_id=7606"},"modified":"2018-06-25T10:01:34","modified_gmt":"2018-06-25T15:01:34","slug":"o-que-sabemos-sobre-o-ceu","status":"publish","type":"page","link":"https:\/\/bbn1.bbnradio.org\/portuguese\/ferramentas-inicial\/o-que-a-biblia-ensina\/o-que-sabemos-sobre-o-ceu\/","title":{"rendered":"O Que A B\u00edblia Ensina &#8211; O Que Sabemos Sobre o C\u00e9u?"},"content":{"rendered":"<p>O QUE SABEMOS SOBRE O C\u00c9U?<\/p>\n<p>As Escrituras claramente ensinam que h\u00e1 um lugar chamado c\u00e9u para todos os que conhecem e amam o Senhor Jesus Cristo. O c\u00e9u \u00e9 um lugar. A palavra \u00e9 usada na B\u00edblia de tr\u00eas diferentes maneiras: primeira, a regi\u00e3o das nuvens \u00e9 chamada c\u00e9u. G\u00eanesis 1:8. Depois temos a regi\u00e3o das estrelas que \u00e9 conhecida como c\u00e9u. G\u00eanesis 1:17. Finalmente a palavra \u00e9 usada para descrever a habita\u00e7\u00e3o de Deus. Paulo chama de \u201cterceiro c\u00e9u\u201d ou \u201cpara\u00edso\u201d. II Cor\u00edntios 12:2-4. <\/p>\n<p>O c\u00e9u sempre \u00e9 mencionado como sendo \u201cpara cima\u201d. Satan\u00e1s disse, em Isa\u00edas 14:13-14 \u201cSubirei at\u00e9 os c\u00e9us,\u201d sabemos que nosso Senhor est\u00e1 no c\u00e9u hoje. Depois de ressurreto dentre os mortos, Ele ascendeu num corpo de carne e osso. Carregou a humanidade glorificada com Ele para o c\u00e9u. Lucas 24:38- 39, 51, I Pedro 3:22, Hebreus 1:3. <\/p>\n<p>H\u00e1 um grande n\u00famero de crist\u00e3os no c\u00e9u, pois quando um verdadeiro crist\u00e3o morre, ele est\u00e1 &#8220;ausente do corpo e presente com o Senhor.\u201d II Cor\u00edntios 5:8. Estes irm\u00e3os est\u00e3o desfrutando da presen\u00e7a de Cristo, que \u00e9 bem melhor que esse mundo. Filipenses 1:23. <\/p>\n<p>Como \u00e9 o c\u00e9u? \u00c9 um lugar preparado por Deus para aqueles que se achegarem a Ele. Se o Criador do universo preparou, deve ser algo maravilhoso. Os escritores b\u00edblicos n\u00e3o conseguiram achar palavras para descrev\u00ea-lo. Em Apocalipse 21:10-27, Jo\u00e3o tenta descrever as funda\u00e7\u00f5es, muros, port\u00f5es e ruas da cidade celestial. Sabemos que n\u00e3o haver\u00e1 doen\u00e7as, tristezas, l\u00e1grimas, dor ou morte naquele lugar de justi\u00e7a. Apocalipse 21:4. O que sabemos de fato \u00e9 que depois da tristeza e sofrimento das dores da vida nessa terra, corrompida pelo pecado, finalmente chegaremos \u201cem casa\u201d. Mas o melhor de tudo, o Senhor Jesus Cristo estar\u00e1 l\u00e1, e Ele ser\u00e1 a suprema alegria do cora\u00e7\u00e3o de cada crente.<\/p>\n<!-- AddThis Advanced Settings generic via filter on the_content --><!-- AddThis Share Buttons generic via filter on the_content -->","protected":false},"excerpt":{"rendered":"<p>O QUE SABEMOS SOBRE O C\u00c9U? As Escrituras claramente ensinam que h\u00e1 um lugar chamado c\u00e9u para todos os que conhecem e amam o Senhor Jesus Cristo. O c\u00e9u \u00e9 um lugar. A palavra \u00e9 usada na B\u00edblia de tr\u00eas diferentes maneiras: primeira, a regi\u00e3o das nuvens \u00e9 chamada c\u00e9u. G\u00eanesis 1:8. Depois temos a [&hellip;]<!-- AddThis Advanced Settings generic via filter on get_the_excerpt --><!-- AddThis Share Buttons generic via filter on get_the_excerpt --><\/p>\n","protected":false},"author":22,"featured_media":0,"parent":5034,"menu_order":0,"comment_status":"closed","ping_status":"closed","template":"","meta":{"jetpack_post_was_ever_published":false,"footnotes":""},"categories":[],"tags":[],"class_list":["post-7606","page","type-page","status-publish","hentry"],"yoast_head":"<!-- This site is optimized with the Yoast SEO Premium plugin v24.8 (Yoast SEO v24.8.1) - https:\/\/yoast.com\/wordpress\/plugins\/seo\/ -->\n<title>O Que A B\u00edblia Ensina - O Que Sabemos Sobre o C\u00e9u? - BBN<\/title>\n<meta name=\"robots\" content=\"index, follow, max-snippet:-1, max-image-preview:large, max-video-preview:-1\" \/>\n<link rel=\"canonical\" href=\"https:\/\/bbn1.bbnradio.org\/portuguese\/ferramentas-inicial\/o-que-a-biblia-ensina\/o-que-sabemos-sobre-o-ceu\/\" \/>\n<meta property=\"og:locale\" content=\"pt_BR\" \/>\n<meta property=\"og:type\" content=\"article\" \/>\n<meta property=\"og:title\" content=\"O Que A B\u00edblia Ensina - O Que Sabemos Sobre o C\u00e9u?\" \/>\n<meta property=\"og:description\" content=\"O QUE SABEMOS SOBRE O C\u00c9U? - As Escrituras claramente ensinam que h\u00e1 um lugar chamado c\u00e9u para todos os que conhecem e amam o Senhor Jesus Cristo. O c\u00e9u \u00e9 um lugar.\" \/>\n<meta property=\"og:url\" content=\"https:\/\/bbn1.bbnradio.org\/portuguese\/ferramentas-inicial\/o-que-a-biblia-ensina\/o-que-sabemos-sobre-o-ceu\/\" \/>\n<meta property=\"og:site_name\" content=\"BBN\" \/>\n<meta property=\"article:publisher\" content=\"https:\/\/www.facebook.com\/BBNPortugues\" \/>\n<meta property=\"article:modified_time\" content=\"2018-06-25T15:01:34+00:00\" \/>\n<meta name=\"twitter:card\" content=\"summary_large_image\" \/>\n<meta name=\"twitter:title\" content=\"O Que A B\u00edblia Ensina - O Que Sabemos Sobre o C\u00e9u?\" \/>\n<meta name=\"twitter:description\" content=\"O QUE SABEMOS SOBRE O C\u00c9U? - As Escrituras claramente ensinam que h\u00e1 um lugar chamado c\u00e9u para todos os que conhecem e amam o Senhor Jesus Cristo. O c\u00e9u \u00e9 um lugar.\" \/>\n<meta name=\"twitter:site\" content=\"@BBNPortugues\" \/>\n<meta name=\"twitter:label1\" content=\"Est. tempo de leitura\" \/>\n\t<meta name=\"twitter:data1\" content=\"2 minutos\" \/>\n<script type=\"application\/ld+json\" class=\"yoast-schema-graph\">{\"@context\":\"https:\/\/schema.org\",\"@graph\":[{\"@type\":\"WebPage\",\"@id\":\"https:\/\/bbn1.bbnradio.org\/portuguese\/ferramentas-inicial\/o-que-a-biblia-ensina\/o-que-sabemos-sobre-o-ceu\/\",\"url\":\"https:\/\/bbn1.bbnradio.org\/portuguese\/ferramentas-inicial\/o-que-a-biblia-ensina\/o-que-sabemos-sobre-o-ceu\/\",\"name\":\"O Que A B\u00edblia Ensina - O Que Sabemos Sobre o C\u00e9u? - BBN\",\"isPartOf\":{\"@id\":\"https:\/\/bbn1.bbnradio.org\/portuguese\/#website\"},\"datePublished\":\"2016-04-04T20:21:22+00:00\",\"dateModified\":\"2018-06-25T15:01:34+00:00\",\"breadcrumb\":{\"@id\":\"https:\/\/bbn1.bbnradio.org\/portuguese\/ferramentas-inicial\/o-que-a-biblia-ensina\/o-que-sabemos-sobre-o-ceu\/#breadcrumb\"},\"inLanguage\":\"pt-BR\",\"potentialAction\":[{\"@type\":\"ReadAction\",\"target\":[\"https:\/\/bbn1.bbnradio.org\/portuguese\/ferramentas-inicial\/o-que-a-biblia-ensina\/o-que-sabemos-sobre-o-ceu\/\"]}]},{\"@type\":\"BreadcrumbList\",\"@id\":\"https:\/\/bbn1.bbnradio.org\/portuguese\/ferramentas-inicial\/o-que-a-biblia-ensina\/o-que-sabemos-sobre-o-ceu\/#breadcrumb\",\"itemListElement\":[{\"@type\":\"ListItem\",\"position\":1,\"name\":\"Home\",\"item\":\"https:\/\/bbn1.bbnradio.org\/portuguese\/inicio\/\"},{\"@type\":\"ListItem\",\"position\":2,\"name\":\"Ferramentas &#8211; Inicial\",\"item\":\"https:\/\/bbn1.bbnradio.org\/portuguese\/ferramentas-inicial\/\"},{\"@type\":\"ListItem\",\"position\":3,\"name\":\"O Que A B\u00edblia Ensina\",\"item\":\"https:\/\/bbn1.bbnradio.org\/portuguese\/ferramentas-inicial\/o-que-a-biblia-ensina\/\"},{\"@type\":\"ListItem\",\"position\":4,\"name\":\"O Que A B\u00edblia Ensina &#8211; O Que Sabemos Sobre o C\u00e9u?\"}]},{\"@type\":\"WebSite\",\"@id\":\"https:\/\/bbn1.bbnradio.org\/portuguese\/#website\",\"url\":\"https:\/\/bbn1.bbnradio.org\/portuguese\/\",\"name\":\"BBN Portuguese\",\"description\":\"BBN\",\"potentialAction\":[{\"@type\":\"SearchAction\",\"target\":{\"@type\":\"EntryPoint\",\"urlTemplate\":\"https:\/\/bbn1.bbnradio.org\/portuguese\/?s={search_term_string}\"},\"query-input\":{\"@type\":\"PropertyValueSpecification\",\"valueRequired\":true,\"valueName\":\"search_term_string\"}}],\"inLanguage\":\"pt-BR\"}]}<\/script>\n<!-- \/ Yoast SEO Premium plugin. -->","yoast_head_json":{"title":"O Que A B\u00edblia Ensina - O Que Sabemos Sobre o C\u00e9u? - BBN","robots":{"index":"index","follow":"follow","max-snippet":"max-snippet:-1","max-image-preview":"max-image-preview:large","max-video-preview":"max-video-preview:-1"},"canonical":"https:\/\/bbn1.bbnradio.org\/portuguese\/ferramentas-inicial\/o-que-a-biblia-ensina\/o-que-sabemos-sobre-o-ceu\/","og_locale":"pt_BR","og_type":"article","og_title":"O Que A B\u00edblia Ensina - O Que Sabemos Sobre o C\u00e9u?","og_description":"O QUE SABEMOS SOBRE O C\u00c9U? - As Escrituras claramente ensinam que h\u00e1 um lugar chamado c\u00e9u para todos os que conhecem e amam o Senhor Jesus Cristo. O c\u00e9u \u00e9 um lugar.","og_url":"https:\/\/bbn1.bbnradio.org\/portuguese\/ferramentas-inicial\/o-que-a-biblia-ensina\/o-que-sabemos-sobre-o-ceu\/","og_site_name":"BBN","article_publisher":"https:\/\/www.facebook.com\/BBNPortugues","article_modified_time":"2018-06-25T15:01:34+00:00","twitter_card":"summary_large_image","twitter_title":"O Que A B\u00edblia Ensina - O Que Sabemos Sobre o C\u00e9u?","twitter_description":"O QUE SABEMOS SOBRE O C\u00c9U? - As Escrituras claramente ensinam que h\u00e1 um lugar chamado c\u00e9u para todos os que conhecem e amam o Senhor Jesus Cristo. O c\u00e9u \u00e9 um lugar.","twitter_site":"@BBNPortugues","twitter_misc":{"Est. tempo de leitura":"2 minutos"},"schema":{"@context":"https:\/\/schema.org","@graph":[{"@type":"WebPage","@id":"https:\/\/bbn1.bbnradio.org\/portuguese\/ferramentas-inicial\/o-que-a-biblia-ensina\/o-que-sabemos-sobre-o-ceu\/","url":"https:\/\/bbn1.bbnradio.org\/portuguese\/ferramentas-inicial\/o-que-a-biblia-ensina\/o-que-sabemos-sobre-o-ceu\/","name":"O Que A B\u00edblia Ensina - O Que Sabemos Sobre o C\u00e9u? - BBN","isPartOf":{"@id":"https:\/\/bbn1.bbnradio.org\/portuguese\/#website"},"datePublished":"2016-04-04T20:21:22+00:00","dateModified":"2018-06-25T15:01:34+00:00","breadcrumb":{"@id":"https:\/\/bbn1.bbnradio.org\/portuguese\/ferramentas-inicial\/o-que-a-biblia-ensina\/o-que-sabemos-sobre-o-ceu\/#breadcrumb"},"inLanguage":"pt-BR","potentialAction":[{"@type":"ReadAction","target":["https:\/\/bbn1.bbnradio.org\/portuguese\/ferramentas-inicial\/o-que-a-biblia-ensina\/o-que-sabemos-sobre-o-ceu\/"]}]},{"@type":"BreadcrumbList","@id":"https:\/\/bbn1.bbnradio.org\/portuguese\/ferramentas-inicial\/o-que-a-biblia-ensina\/o-que-sabemos-sobre-o-ceu\/#breadcrumb","itemListElement":[{"@type":"ListItem","position":1,"name":"Home","item":"https:\/\/bbn1.bbnradio.org\/portuguese\/inicio\/"},{"@type":"ListItem","position":2,"name":"Ferramentas &#8211; Inicial","item":"https:\/\/bbn1.bbnradio.org\/portuguese\/ferramentas-inicial\/"},{"@type":"ListItem","position":3,"name":"O Que A B\u00edblia Ensina","item":"https:\/\/bbn1.bbnradio.org\/portuguese\/ferramentas-inicial\/o-que-a-biblia-ensina\/"},{"@type":"ListItem","position":4,"name":"O Que A B\u00edblia Ensina &#8211; O Que Sabemos Sobre o C\u00e9u?"}]},{"@type":"WebSite","@id":"https:\/\/bbn1.bbnradio.org\/portuguese\/#website","url":"https:\/\/bbn1.bbnradio.org\/portuguese\/","name":"BBN Portuguese","description":"BBN","potentialAction":[{"@type":"SearchAction","target":{"@type":"EntryPoint","urlTemplate":"https:\/\/bbn1.bbnradio.org\/portuguese\/?s={search_term_string}"},"query-input":{"@type":"PropertyValueSpecification","valueRequired":true,"valueName":"search_term_string"}}],"inLanguage":"pt-BR"}]}},"jetpack_sharing_enabled":true,"jetpack_shortlink":"https:\/\/wp.me\/P85nO0-1YG","_links":{"self":[{"href":"https:\/\/bbn1.bbnradio.org\/portuguese\/wp-json\/wp\/v2\/pages\/7606","targetHints":{"allow":["GET"]}}],"collection":[{"href":"https:\/\/bbn1.bbnradio.org\/portuguese\/wp-json\/wp\/v2\/pages"}],"about":[{"href":"https:\/\/bbn1.bbnradio.org\/portuguese\/wp-json\/wp\/v2\/types\/page"}],"author":[{"embeddable":true,"href":"https:\/\/bbn1.bbnradio.org\/portuguese\/wp-json\/wp\/v2\/users\/22"}],"replies":[{"embeddable":true,"href":"https:\/\/bbn1.bbnradio.org\/portuguese\/wp-json\/wp\/v2\/comments?post=7606"}],"version-history":[{"count":2,"href":"https:\/\/bbn1.bbnradio.org\/portuguese\/wp-json\/wp\/v2\/pages\/7606\/revisions"}],"predecessor-version":[{"id":12869,"href":"https:\/\/bbn1.bbnradio.org\/portuguese\/wp-json\/wp\/v2\/pages\/7606\/revisions\/12869"}],"up":[{"embeddable":true,"href":"https:\/\/bbn1.bbnradio.org\/portuguese\/wp-json\/wp\/v2\/pages\/5034"}],"wp:attachment":[{"href":"https:\/\/bbn1.bbnradio.org\/portuguese\/wp-json\/wp\/v2\/media?parent=7606"}],"wp:term":[{"taxonomy":"category","embeddable":true,"href":"https:\/\/bbn1.bbnradio.org\/portuguese\/wp-json\/wp\/v2\/categories?post=7606"},{"taxonomy":"post_tag","embeddable":true,"href":"https:\/\/bbn1.bbnradio.org\/portuguese\/wp-json\/wp\/v2\/tags?post=7606"}],"curies":[{"name":"wp","href":"https:\/\/api.w.org\/{rel}","templated":true}]}}