{"id":7608,"date":"2016-04-04T16:22:24","date_gmt":"2016-04-04T20:22:24","guid":{"rendered":"https:\/\/bbn1.bbnradio.org\/english\/?page_id=7608"},"modified":"2018-06-22T13:56:35","modified_gmt":"2018-06-22T18:56:35","slug":"biblia-ensina-eventos-futuros","status":"publish","type":"page","link":"https:\/\/bbn1.bbnradio.org\/portuguese\/ferramentas-inicial\/o-que-a-biblia-ensina\/biblia-ensina-eventos-futuros\/","title":{"rendered":"O Que a B\u00edblia Ensina &#8211; Eventos Futuros"},"content":{"rendered":"<p>EVENTOS FUTUROS<\/p>\n<p>Todo estudioso da B\u00edblia fica maravilhado ao ler sobre os eventos que ainda acontecer\u00e3o no futuro. Somente na B\u00edblia o futuro est\u00e1 velado. Vamos considerar alguns desses eventos na ordem em que eles acontecer\u00e3o. <\/p>\n<p>I. CRISTO VOLTAR\u00c1 PARA BUSCAR OS SEUS SANTOS<\/p>\n<p>O pr\u00f3ximo evento que ocorrer\u00e1 no calend\u00e1rio de Deus \u00e9 o retorno de Cristo para levar seu povo de volta aos c\u00e9us. I Tessalonicenses 4:13-18. Esse evento \u00e9 conhecido como \u201cArrebatamento\u201d da Igreja. Cristo descer\u00e1 dos c\u00e9us, a trombeta soar\u00e1 e os corpos dos crist\u00e3os que j\u00e1 morreram ser\u00e3o ressuscitados. Os vivos ser\u00e3o reunidos a eles e encontrar\u00e3o o Senhor Jesus nos ares. <\/p>\n<p>Ser\u00e1 como num \u201cpiscar\u201d de olhos. A passagem a seguir descreve passo a passo como ser\u00e1 esse evento. Leia com cuidado esse relato. Leia devagar e cuidadosamente, porque tem a ver com voc\u00ea se hoje receber Jesus como Salvador. I Cor\u00edntios 15:51-58. Pode ser hoje! <\/p>\n<p>Note os seguintes fatos sobre a vinda de Jesus Cristo. <\/p>\n<p>A. Pode acontecer a qualquer momento. Apocalipse 22:7.<\/p>\n<p>B. Somente aqueles que verdadeiramente s\u00e3o salvos v\u00e3o participar. I Cor\u00edntios 15:23.<\/p>\n<p>C. Nem todos os crist\u00e3os v\u00e3o morrer mas todos ser\u00e3o transformados. I Cor\u00edntios 15:51.<\/p>\n<p>D. Eles ser\u00e3o semelhantes a Cristo. I Jo\u00e3o 3:2, Romanos 8:16-25. <\/p>\n<p>II. A GRANDE TRIBULA\u00c7\u00c3O <\/p>\n<p>Mateus 24:5-31 e grande parte do Apocalipse fala desse per\u00edodo de tempo na terra. Depois do arrebatamento, a terra experimentar\u00e1 um per\u00edodo de grande sofrimento e tristeza conhecido como a grande tribula\u00e7\u00e3o. Durante este per\u00edodo, o povo judeu voltar\u00e1 \u00e0 terra Palestina, sem conseguir acreditar no que est\u00e1 acontecendo. Um grande l\u00edder mal se levantar\u00e1 como o \u201canticristo\u201d (que significa contra Cristo). Ele exigir\u00e1 louvor de seu povo e enganar\u00e1 o povo de Israel. Ser\u00e1 um tempo de tal sofrimento que a n\u00e3o ser que aqueles dias fossem abreviados, ningu\u00e9m sobreviveria. No entanto, Deus preservar\u00e1 \u00e0queles judeus que forem fi\u00e9is a Ele. <\/p>\n<p>III. CRISTO VIR\u00c1 PARA REINAR<\/p>\n<p>Nos primeiros 3 anos e meio de tribula\u00e7\u00e3o, o anticristo convencer\u00e1 os judeus de que ele \u00e9 amigo e parecer\u00e1 estar trabalhando para sua prote\u00e7\u00e3o. Na metade dos sete anos, ele se voltar\u00e1 para os judeus e revelar\u00e1 quem realmente \u00e9. Ent\u00e3o uma grande persegui\u00e7\u00e3o e batalhas acontecer\u00e3o, como nunca antes aconteceram na hist\u00f3ria humana, culminando com a batalha do Armagedom.<\/p>\n<p>Malaquias 4:1-3. No fim do per\u00edodo da tribula\u00e7\u00e3o, o Senhor Jesus Cristo, junto com os que foram arrebatados, voltar\u00e1 a terra em grande poder e gl\u00f3ria, e reinar\u00e1 com eles. Ele destruir\u00e1 seus inimigos, incluindo o anticristo e julgar\u00e1 \u00e0quelas na\u00e7\u00f5es que perseguiram os judeus. Satan\u00e1s ser\u00e1 preso no abismo por 1000 anos. Apocalipse 20:1-3. <\/p>\n<p>IV- O MIL\u00caNIO<\/p>\n<p>Isa\u00edas 32:1, 35:1-7, 65:17-25. Quando sua obra de ju\u00edzo estiver completa, Cristo instalar\u00e1 seu reino na terra. Jerusal\u00e9m ser\u00e1 sua capital. Ele reinar\u00e1 sobre a terra por mil anos. Este per\u00edodo \u00e9 conhecido por mil\u00eanio. Ser\u00e1 uma era de paz e felicidade. Lemos que a natureza ser\u00e1 inteiramente diferente, o le\u00e3o deitar\u00e1 com o cordeiro e no deserto brotar\u00e3o rosas. Os homens viver\u00e3o uma vida muito longa. Ser\u00e1 um tempo de grande prosperidade e n\u00e3o haver\u00e1 guerras. Embora o pecado n\u00e3o esteja completamente ausente, ser\u00e1 punido imediatamente quando acontecer.<\/p>\n<p>V. O JULGAMENTO DO GRANDE TRONO BRANCO<\/p>\n<p>Apocalipse 20:11-I5. No final do reinado de mil anos de Cristo, acontecer\u00e1 o julgamento do grande trono branco. Este \u00e9 o ju\u00edzo dos \u00edmpios que estavam mortos. Nenhum salvo estar\u00e1 envolvido. Os t\u00famulos devolver\u00e3o os corpos dos \u00edmpios, e a morte e o inferno as almas que l\u00e1 est\u00e3o. Eles ficar\u00e3o diante de Cristo para serem julgados. Os livros ser\u00e3o abertos. Apocalipse 20:11-15.Todas as suas obras ser\u00e3o julgadas. Finalmente, por seus nomes n\u00e3o terem sido achados no livro da vida, ser\u00e3o considerados culpados e sentenciados ao lago de fogo para sofrer conscientemente o castigo eterno. <\/p>\n<p>VI. ETERNIDADE<\/p>\n<p>Apocalipse 21:1-8. O quadro final do futuro \u00e9 um estado eterno. A terra como n\u00f3s a conhecemos ser\u00e1 destru\u00edda pelo fogo. O tempo, como n\u00f3s o conhecemos, cessar\u00e1. Todos os crist\u00e3os desfrutar\u00e3o alegria infinita nos c\u00e9us. Todos os que rejeitaram o salvador sofrer\u00e3o na escurid\u00e3o eternamente. A quest\u00e3o final que permanece para cada um responder \u00e0 medida que chegamos ao final da parte 1 do O Que a B\u00edblia Ensina \u00e9 : \u201cOnde passarei a<br \/>\neternidade?&#8221;<\/p>\n<!-- AddThis Advanced Settings generic via filter on the_content --><!-- AddThis Share Buttons generic via filter on the_content -->","protected":false},"excerpt":{"rendered":"<p>EVENTOS FUTUROS Todo estudioso da B\u00edblia fica maravilhado ao ler sobre os eventos que ainda acontecer\u00e3o no futuro. Somente na B\u00edblia o futuro est\u00e1 velado. Vamos considerar alguns desses eventos na ordem em que eles acontecer\u00e3o. I. CRISTO VOLTAR\u00c1 PARA BUSCAR OS SEUS SANTOS O pr\u00f3ximo evento que ocorrer\u00e1 no calend\u00e1rio de Deus \u00e9 o [&hellip;]<!-- AddThis Advanced Settings generic via filter on get_the_excerpt --><!-- AddThis Share Buttons generic via filter on get_the_excerpt --><\/p>\n","protected":false},"author":22,"featured_media":0,"parent":5034,"menu_order":0,"comment_status":"closed","ping_status":"closed","template":"","meta":{"jetpack_post_was_ever_published":false,"footnotes":""},"categories":[],"tags":[],"class_list":["post-7608","page","type-page","status-publish","hentry"],"yoast_head":"<!-- This site is optimized with the Yoast SEO Premium plugin v24.8 (Yoast SEO v24.8.1) - https:\/\/yoast.com\/wordpress\/plugins\/seo\/ -->\n<title>O Que a B\u00edblia Ensina - Eventos Futuros - BBN<\/title>\n<meta name=\"description\" content=\"EVENTOS FUTUROS - Todo estudioso da B\u00edblia fica maravilhado ao ler sobre os eventos que ainda acontecer\u00e3o no futuro. Somente na B\u00edblia o futuro est\u00e1 velado.\" \/>\n<meta name=\"robots\" content=\"index, follow, max-snippet:-1, max-image-preview:large, max-video-preview:-1\" \/>\n<link rel=\"canonical\" href=\"https:\/\/bbn1.bbnradio.org\/portuguese\/ferramentas-inicial\/o-que-a-biblia-ensina\/biblia-ensina-eventos-futuros\/\" \/>\n<meta property=\"og:locale\" content=\"pt_BR\" \/>\n<meta property=\"og:type\" content=\"article\" \/>\n<meta property=\"og:title\" content=\"O Que a B\u00edblia Ensina - Eventos Futuros\" \/>\n<meta property=\"og:description\" content=\"EVENTOS FUTUROS - Todo estudioso da B\u00edblia fica maravilhado ao ler sobre os eventos que ainda acontecer\u00e3o no futuro. Somente na B\u00edblia o futuro est\u00e1 velado.\" \/>\n<meta property=\"og:url\" content=\"https:\/\/bbn1.bbnradio.org\/portuguese\/ferramentas-inicial\/o-que-a-biblia-ensina\/biblia-ensina-eventos-futuros\/\" \/>\n<meta property=\"og:site_name\" content=\"BBN\" \/>\n<meta property=\"article:publisher\" content=\"https:\/\/www.facebook.com\/BBNPortugues\" \/>\n<meta property=\"article:modified_time\" content=\"2018-06-22T18:56:35+00:00\" \/>\n<meta name=\"twitter:card\" content=\"summary_large_image\" \/>\n<meta name=\"twitter:title\" content=\"O Que a B\u00edblia Ensina - Eventos Futuros\" \/>\n<meta name=\"twitter:description\" content=\"EVENTOS FUTUROS - Todo estudioso da B\u00edblia fica maravilhado ao ler sobre os eventos que ainda acontecer\u00e3o no futuro. Somente na B\u00edblia o futuro est\u00e1 velado.\" \/>\n<meta name=\"twitter:site\" content=\"@BBNPortugues\" \/>\n<meta name=\"twitter:label1\" content=\"Est. tempo de leitura\" \/>\n\t<meta name=\"twitter:data1\" content=\"4 minutos\" \/>\n<script type=\"application\/ld+json\" class=\"yoast-schema-graph\">{\"@context\":\"https:\/\/schema.org\",\"@graph\":[{\"@type\":\"WebPage\",\"@id\":\"https:\/\/bbn1.bbnradio.org\/portuguese\/ferramentas-inicial\/o-que-a-biblia-ensina\/biblia-ensina-eventos-futuros\/\",\"url\":\"https:\/\/bbn1.bbnradio.org\/portuguese\/ferramentas-inicial\/o-que-a-biblia-ensina\/biblia-ensina-eventos-futuros\/\",\"name\":\"O Que a B\u00edblia Ensina - Eventos Futuros - BBN\",\"isPartOf\":{\"@id\":\"https:\/\/bbn1.bbnradio.org\/portuguese\/#website\"},\"datePublished\":\"2016-04-04T20:22:24+00:00\",\"dateModified\":\"2018-06-22T18:56:35+00:00\",\"description\":\"EVENTOS FUTUROS - Todo estudioso da B\u00edblia fica maravilhado ao ler sobre os eventos que ainda acontecer\u00e3o no futuro. Somente na B\u00edblia o futuro est\u00e1 velado.\",\"breadcrumb\":{\"@id\":\"https:\/\/bbn1.bbnradio.org\/portuguese\/ferramentas-inicial\/o-que-a-biblia-ensina\/biblia-ensina-eventos-futuros\/#breadcrumb\"},\"inLanguage\":\"pt-BR\",\"potentialAction\":[{\"@type\":\"ReadAction\",\"target\":[\"https:\/\/bbn1.bbnradio.org\/portuguese\/ferramentas-inicial\/o-que-a-biblia-ensina\/biblia-ensina-eventos-futuros\/\"]}]},{\"@type\":\"BreadcrumbList\",\"@id\":\"https:\/\/bbn1.bbnradio.org\/portuguese\/ferramentas-inicial\/o-que-a-biblia-ensina\/biblia-ensina-eventos-futuros\/#breadcrumb\",\"itemListElement\":[{\"@type\":\"ListItem\",\"position\":1,\"name\":\"Home\",\"item\":\"https:\/\/bbn1.bbnradio.org\/portuguese\/inicio\/\"},{\"@type\":\"ListItem\",\"position\":2,\"name\":\"Ferramentas &#8211; Inicial\",\"item\":\"https:\/\/bbn1.bbnradio.org\/portuguese\/ferramentas-inicial\/\"},{\"@type\":\"ListItem\",\"position\":3,\"name\":\"O Que A B\u00edblia Ensina\",\"item\":\"https:\/\/bbn1.bbnradio.org\/portuguese\/ferramentas-inicial\/o-que-a-biblia-ensina\/\"},{\"@type\":\"ListItem\",\"position\":4,\"name\":\"O Que a B\u00edblia Ensina &#8211; Eventos Futuros\"}]},{\"@type\":\"WebSite\",\"@id\":\"https:\/\/bbn1.bbnradio.org\/portuguese\/#website\",\"url\":\"https:\/\/bbn1.bbnradio.org\/portuguese\/\",\"name\":\"BBN Portuguese\",\"description\":\"BBN\",\"potentialAction\":[{\"@type\":\"SearchAction\",\"target\":{\"@type\":\"EntryPoint\",\"urlTemplate\":\"https:\/\/bbn1.bbnradio.org\/portuguese\/?s={search_term_string}\"},\"query-input\":{\"@type\":\"PropertyValueSpecification\",\"valueRequired\":true,\"valueName\":\"search_term_string\"}}],\"inLanguage\":\"pt-BR\"}]}<\/script>\n<!-- \/ Yoast SEO Premium plugin. -->","yoast_head_json":{"title":"O Que a B\u00edblia Ensina - Eventos Futuros - BBN","description":"EVENTOS FUTUROS - Todo estudioso da B\u00edblia fica maravilhado ao ler sobre os eventos que ainda acontecer\u00e3o no futuro. Somente na B\u00edblia o futuro est\u00e1 velado.","robots":{"index":"index","follow":"follow","max-snippet":"max-snippet:-1","max-image-preview":"max-image-preview:large","max-video-preview":"max-video-preview:-1"},"canonical":"https:\/\/bbn1.bbnradio.org\/portuguese\/ferramentas-inicial\/o-que-a-biblia-ensina\/biblia-ensina-eventos-futuros\/","og_locale":"pt_BR","og_type":"article","og_title":"O Que a B\u00edblia Ensina - Eventos Futuros","og_description":"EVENTOS FUTUROS - Todo estudioso da B\u00edblia fica maravilhado ao ler sobre os eventos que ainda acontecer\u00e3o no futuro. Somente na B\u00edblia o futuro est\u00e1 velado.","og_url":"https:\/\/bbn1.bbnradio.org\/portuguese\/ferramentas-inicial\/o-que-a-biblia-ensina\/biblia-ensina-eventos-futuros\/","og_site_name":"BBN","article_publisher":"https:\/\/www.facebook.com\/BBNPortugues","article_modified_time":"2018-06-22T18:56:35+00:00","twitter_card":"summary_large_image","twitter_title":"O Que a B\u00edblia Ensina - Eventos Futuros","twitter_description":"EVENTOS FUTUROS - Todo estudioso da B\u00edblia fica maravilhado ao ler sobre os eventos que ainda acontecer\u00e3o no futuro. Somente na B\u00edblia o futuro est\u00e1 velado.","twitter_site":"@BBNPortugues","twitter_misc":{"Est. tempo de leitura":"4 minutos"},"schema":{"@context":"https:\/\/schema.org","@graph":[{"@type":"WebPage","@id":"https:\/\/bbn1.bbnradio.org\/portuguese\/ferramentas-inicial\/o-que-a-biblia-ensina\/biblia-ensina-eventos-futuros\/","url":"https:\/\/bbn1.bbnradio.org\/portuguese\/ferramentas-inicial\/o-que-a-biblia-ensina\/biblia-ensina-eventos-futuros\/","name":"O Que a B\u00edblia Ensina - Eventos Futuros - BBN","isPartOf":{"@id":"https:\/\/bbn1.bbnradio.org\/portuguese\/#website"},"datePublished":"2016-04-04T20:22:24+00:00","dateModified":"2018-06-22T18:56:35+00:00","description":"EVENTOS FUTUROS - Todo estudioso da B\u00edblia fica maravilhado ao ler sobre os eventos que ainda acontecer\u00e3o no futuro. Somente na B\u00edblia o futuro est\u00e1 velado.","breadcrumb":{"@id":"https:\/\/bbn1.bbnradio.org\/portuguese\/ferramentas-inicial\/o-que-a-biblia-ensina\/biblia-ensina-eventos-futuros\/#breadcrumb"},"inLanguage":"pt-BR","potentialAction":[{"@type":"ReadAction","target":["https:\/\/bbn1.bbnradio.org\/portuguese\/ferramentas-inicial\/o-que-a-biblia-ensina\/biblia-ensina-eventos-futuros\/"]}]},{"@type":"BreadcrumbList","@id":"https:\/\/bbn1.bbnradio.org\/portuguese\/ferramentas-inicial\/o-que-a-biblia-ensina\/biblia-ensina-eventos-futuros\/#breadcrumb","itemListElement":[{"@type":"ListItem","position":1,"name":"Home","item":"https:\/\/bbn1.bbnradio.org\/portuguese\/inicio\/"},{"@type":"ListItem","position":2,"name":"Ferramentas &#8211; Inicial","item":"https:\/\/bbn1.bbnradio.org\/portuguese\/ferramentas-inicial\/"},{"@type":"ListItem","position":3,"name":"O Que A B\u00edblia Ensina","item":"https:\/\/bbn1.bbnradio.org\/portuguese\/ferramentas-inicial\/o-que-a-biblia-ensina\/"},{"@type":"ListItem","position":4,"name":"O Que a B\u00edblia Ensina &#8211; Eventos Futuros"}]},{"@type":"WebSite","@id":"https:\/\/bbn1.bbnradio.org\/portuguese\/#website","url":"https:\/\/bbn1.bbnradio.org\/portuguese\/","name":"BBN Portuguese","description":"BBN","potentialAction":[{"@type":"SearchAction","target":{"@type":"EntryPoint","urlTemplate":"https:\/\/bbn1.bbnradio.org\/portuguese\/?s={search_term_string}"},"query-input":{"@type":"PropertyValueSpecification","valueRequired":true,"valueName":"search_term_string"}}],"inLanguage":"pt-BR"}]}},"jetpack_sharing_enabled":true,"jetpack_shortlink":"https:\/\/wp.me\/P85nO0-1YI","_links":{"self":[{"href":"https:\/\/bbn1.bbnradio.org\/portuguese\/wp-json\/wp\/v2\/pages\/7608","targetHints":{"allow":["GET"]}}],"collection":[{"href":"https:\/\/bbn1.bbnradio.org\/portuguese\/wp-json\/wp\/v2\/pages"}],"about":[{"href":"https:\/\/bbn1.bbnradio.org\/portuguese\/wp-json\/wp\/v2\/types\/page"}],"author":[{"embeddable":true,"href":"https:\/\/bbn1.bbnradio.org\/portuguese\/wp-json\/wp\/v2\/users\/22"}],"replies":[{"embeddable":true,"href":"https:\/\/bbn1.bbnradio.org\/portuguese\/wp-json\/wp\/v2\/comments?post=7608"}],"version-history":[{"count":2,"href":"https:\/\/bbn1.bbnradio.org\/portuguese\/wp-json\/wp\/v2\/pages\/7608\/revisions"}],"predecessor-version":[{"id":12640,"href":"https:\/\/bbn1.bbnradio.org\/portuguese\/wp-json\/wp\/v2\/pages\/7608\/revisions\/12640"}],"up":[{"embeddable":true,"href":"https:\/\/bbn1.bbnradio.org\/portuguese\/wp-json\/wp\/v2\/pages\/5034"}],"wp:attachment":[{"href":"https:\/\/bbn1.bbnradio.org\/portuguese\/wp-json\/wp\/v2\/media?parent=7608"}],"wp:term":[{"taxonomy":"category","embeddable":true,"href":"https:\/\/bbn1.bbnradio.org\/portuguese\/wp-json\/wp\/v2\/categories?post=7608"},{"taxonomy":"post_tag","embeddable":true,"href":"https:\/\/bbn1.bbnradio.org\/portuguese\/wp-json\/wp\/v2\/tags?post=7608"}],"curies":[{"name":"wp","href":"https:\/\/api.w.org\/{rel}","templated":true}]}}