{"id":7610,"date":"2016-04-04T16:23:20","date_gmt":"2016-04-04T20:23:20","guid":{"rendered":"https:\/\/bbn1.bbnradio.org\/english\/?page_id=7610"},"modified":"2018-06-25T09:49:54","modified_gmt":"2018-06-25T14:49:54","slug":"triunfo-sobre-a-tentacao","status":"publish","type":"page","link":"https:\/\/bbn1.bbnradio.org\/portuguese\/ferramentas-inicial\/o-que-a-biblia-ensina\/triunfo-sobre-a-tentacao\/","title":{"rendered":"O Que A B\u00edblia Ensina &#8211; Triunfo Sobre a Tenta\u00e7\u00e3o"},"content":{"rendered":"<p>TRIUNFO SOBRE A TENTA\u00c7\u00c3O<\/p>\n<p>Como um crist\u00e3o pode resistir \u00e0s tenta\u00e7\u00f5es pecaminosas? Quando uma pessoa \u00e9 salva, uma grande luta come\u00e7a. Ela ainda mant\u00e9m a velha natureza, a heran\u00e7a de Ad\u00e3o, que tentar\u00e1 arrast\u00e1-la ao pecado o tempo todo. Mas tamb\u00e9m tem a nova natureza, a vida de Deus, que odeia o pecado e quer fazer o que \u00e9 certo. As duas naturezas lutam entre si continuamente. A quest\u00e3o \u00e9 qual vai vencer? A resposta \u00e9 , \u201caquela que voc\u00ea alimentar.\u201d G\u00e1latas 5:16-17, Romanos 8:5-8. <\/p>\n<p>A velha natureza \u00e9 incuravelmente m\u00e1. N\u00e3o pode ser melhorada, e n\u00e3o ser\u00e1 removida at\u00e9 que o crist\u00e3o chegue em casa nos c\u00e9us. Deus a condenou quando Cristo morreu na cruz, e Ele deseja que a tratemos como natureza morta. N\u00e3o a encoraje! N\u00e3o a alimente! N\u00e3o lhe d\u00ea oportunidades! Romanos 13:14. <\/p>\n<p>A nova natureza inspira o crist\u00e3o a fazer o bem. Ela deve ser estimulada e alimentada. Essa \u00e9 a resposta de como se resistir \u00e0 tenta\u00e7\u00e3o, dizendo \u201cN\u00e3o\u201d para o mundo, para a carne e para o diabo. Ao mesmo tempo voc\u00ea precisa nutrir a nova vida interior. A seguir temos algumas sugest\u00f5es pr\u00e1ticas de como isso pode ser feito:<\/p>\n<p>A. Leia a B\u00edblia!  Estude-a!  Memorize-a!  Medite nela!  Obede\u00e7a-a! Salmo 119:9. <\/p>\n<p>Na B\u00edblia aprendemos que a Palavra de Deus nos ajuda a ficar longe do pecado. Portanto, certifique-se de separar um tempo definido a cada dia para a leitura da Palavra de Deus. Colossenses 3:16.<\/p>\n<p>B. Orai sem cessar! <\/p>\n<p>Quando voc\u00ea estiver diante da tenta\u00e7\u00e3o, pe\u00e7a ajuda a Deus! Hebreus 4:16. Ele lhe dar\u00e1 for\u00e7as para vencer. I Cor\u00edntios 10: 13. Se voc\u00ea tentar resistir por suas pr\u00f3prias for\u00e7as, certamente vai fracassar. <\/p>\n<p>C. Busque a companhia de companheiros crist\u00e3os e n\u00e3o de \u00edmpios! Prov\u00e9rbios 1:10-16, Hebreus 10:24-25. <\/p>\n<p>\u00c9 inevit\u00e1vel trabalhar e conviver com incr\u00e9dulos, e nesse caso devemos testemunhar para eles, tanto com os l\u00e1bios quanto com nossas vidas. Mas n\u00e3o devemos nos juntar a eles em seus prazeres e divers\u00f5es mundanas. Ef\u00e9sios 5:10.<\/p>\n<p>D. Confesse seus pecados imediatamente! I Jo\u00e3o 1:9. <\/p>\n<p>Logo que voc\u00ea tiver consci\u00eancia que entristeceu a seu Pai com um pensamento ou ato pecaminoso ou com uma palavra pecaminosa, pe\u00e7a perd\u00e3o a Ele imediatamente. N\u00e3o espere at\u00e9 a noite ou at\u00e9 o final de semana. Prov\u00e9rbios 28:13.<\/p>\n<p>E. Mantenha-se ocupado com as coisas de Deus! <\/p>\n<p>Algu\u00e9m j\u00e1 disse que mente vazia \u00e9 oficina do diabo! Entregue seu corpo ao Senhor e use-o para seus des\u00edgnios! Romanos 6:19. H\u00e1 muito servi\u00e7o a ser feito e voc\u00ea estar\u00e1 servindo ao Mestre dos mestres! <\/p>\n<p>F. Pratique atividades f\u00edsicas. <\/p>\n<p>O exerc\u00edcio f\u00edsico \u00e9 proveitoso. I Tim\u00f3teo 4:8. Porque o corpo do crist\u00e3o \u00e9 o templo do Esp\u00edrito Santo, ele deve encontrar meios de mant\u00ea-lo saud\u00e1vel e forte. No entanto, o esporte n\u00e3o pode se tornar mais importante que as coisas espirituais. I Cor\u00edntios 6:19-20. <\/p>\n<p>G. Mate de fome a velha natureza!<\/p>\n<p>Tome cuidado com o que voc\u00ea l\u00ea, assiste, aonde vai e o que ouve. Colossenses 3:5-9. <\/p>\n<p>H.Alimente a nova natureza!<\/p>\n<p>Ocupe-se com Cristo! Quando voc\u00ea pensar nele, n\u00e3o pode pensar no pecado. Colossenses 3:10-14. Esse \u00e9 o segredo de uma vida santa- a ocupa\u00e7\u00e3o com Cristo. Uma regra fixa da vida \u00e9 que nos tornamos parecidos com aquilo que adoramos. II Cor\u00edntios 3:18 ensina que nos tornamos parecidos com Jesus enquanto olhamos para Ele no espelho de sua palavra. O Esp\u00edrito Santo que habita em n\u00f3s, nos transforma \u00e0 sua imagem e semelhan\u00e7a. A ocupa\u00e7\u00e3o com os outros traz distra\u00e7\u00e3o, ocupa\u00e7\u00e3o consigo mesmo traz afli\u00e7\u00e3o mas a ocupa\u00e7\u00e3o com Cristo traz alegria. <\/p>\n<p>I. Uma palavra final! Voc\u00ea vai perceber que a liberta\u00e7\u00e3o da tenta\u00e7\u00e3o n\u00e3o \u00e9 uma experi\u00eancia definitiva, mas um processo cont\u00ednuo de depend\u00eancia de Deus. N\u00e3o importa a nossa idade, ou quanto saibamos da B\u00edblia, sempre corremos riscos de ceder \u00e0 tenta\u00e7\u00e3o se tirarmos os olhos de Cristo. Um homem muito comprometido com Deus costumava orar para que Deus impedisse que ele morresse como um velho incr\u00e9dulo. Todos n\u00f3s precisamos fazer a mesma ora\u00e7\u00e3o. Colossenses 3:1-4.<\/p>\n<!-- AddThis Advanced Settings generic via filter on the_content --><!-- AddThis Share Buttons generic via filter on the_content -->","protected":false},"excerpt":{"rendered":"<p>TRIUNFO SOBRE A TENTA\u00c7\u00c3O Como um crist\u00e3o pode resistir \u00e0s tenta\u00e7\u00f5es pecaminosas? Quando uma pessoa \u00e9 salva, uma grande luta come\u00e7a. Ela ainda mant\u00e9m a velha natureza, a heran\u00e7a de Ad\u00e3o, que tentar\u00e1 arrast\u00e1-la ao pecado o tempo todo. Mas tamb\u00e9m tem a nova natureza, a vida de Deus, que odeia o pecado e quer [&hellip;]<!-- AddThis Advanced Settings generic via filter on get_the_excerpt --><!-- AddThis Share Buttons generic via filter on get_the_excerpt --><\/p>\n","protected":false},"author":22,"featured_media":0,"parent":5034,"menu_order":0,"comment_status":"closed","ping_status":"closed","template":"","meta":{"jetpack_post_was_ever_published":false,"footnotes":""},"categories":[],"tags":[],"class_list":["post-7610","page","type-page","status-publish","hentry"],"yoast_head":"<!-- This site is optimized with the Yoast SEO Premium plugin v24.8 (Yoast SEO v24.8.1) - https:\/\/yoast.com\/wordpress\/plugins\/seo\/ -->\n<title>O Que A B\u00edblia Ensina - Triunfo Sobre a Tenta\u00e7\u00e3o - BBN<\/title>\n<meta name=\"robots\" content=\"index, follow, max-snippet:-1, max-image-preview:large, max-video-preview:-1\" \/>\n<link rel=\"canonical\" href=\"https:\/\/bbn1.bbnradio.org\/portuguese\/ferramentas-inicial\/o-que-a-biblia-ensina\/triunfo-sobre-a-tentacao\/\" \/>\n<meta property=\"og:locale\" content=\"pt_BR\" \/>\n<meta property=\"og:type\" content=\"article\" \/>\n<meta property=\"og:title\" content=\"O Que A B\u00edblia Ensina - Triunfo Sobre a Tenta\u00e7\u00e3o\" \/>\n<meta property=\"og:description\" content=\"Como um crist\u00e3o pode resistir \u00e0s tenta\u00e7\u00f5es pecaminosas? Quando uma pessoa \u00e9 salva, uma grande luta come\u00e7a. Ela ainda mant\u00e9m a velha natureza, a heran\u00e7a de Ad\u00e3o, que tentar\u00e1 arrast\u00e1-la ao pecado o tempo todo. Mas tamb\u00e9m tem a nova natureza, a vida de Deus, que odeia o pecado e quer fazer o que \u00e9 certo...\" \/>\n<meta property=\"og:url\" content=\"https:\/\/bbn1.bbnradio.org\/portuguese\/ferramentas-inicial\/o-que-a-biblia-ensina\/triunfo-sobre-a-tentacao\/\" \/>\n<meta property=\"og:site_name\" content=\"BBN\" \/>\n<meta property=\"article:publisher\" content=\"https:\/\/www.facebook.com\/BBNPortugues\" \/>\n<meta property=\"article:modified_time\" content=\"2018-06-25T14:49:54+00:00\" \/>\n<meta name=\"twitter:card\" content=\"summary_large_image\" \/>\n<meta name=\"twitter:title\" content=\"O Que A B\u00edblia Ensina - Triunfo Sobre a Tenta\u00e7\u00e3o\" \/>\n<meta name=\"twitter:description\" content=\"Como um crist\u00e3o pode resistir \u00e0s tenta\u00e7\u00f5es pecaminosas? Quando uma pessoa \u00e9 salva, uma grande luta come\u00e7a. Ela ainda mant\u00e9m a velha natureza, a heran\u00e7a de Ad\u00e3o, que tentar\u00e1 arrast\u00e1-la ao pecado o tempo todo. Mas tamb\u00e9m tem a nova natureza, a vida de Deus, que odeia o pecado e quer fazer o que \u00e9 certo...\" \/>\n<meta name=\"twitter:site\" content=\"@BBNPortugues\" \/>\n<meta name=\"twitter:label1\" content=\"Est. tempo de leitura\" \/>\n\t<meta name=\"twitter:data1\" content=\"4 minutos\" \/>\n<script type=\"application\/ld+json\" class=\"yoast-schema-graph\">{\"@context\":\"https:\/\/schema.org\",\"@graph\":[{\"@type\":\"WebPage\",\"@id\":\"https:\/\/bbn1.bbnradio.org\/portuguese\/ferramentas-inicial\/o-que-a-biblia-ensina\/triunfo-sobre-a-tentacao\/\",\"url\":\"https:\/\/bbn1.bbnradio.org\/portuguese\/ferramentas-inicial\/o-que-a-biblia-ensina\/triunfo-sobre-a-tentacao\/\",\"name\":\"O Que A B\u00edblia Ensina - Triunfo Sobre a Tenta\u00e7\u00e3o - BBN\",\"isPartOf\":{\"@id\":\"https:\/\/bbn1.bbnradio.org\/portuguese\/#website\"},\"datePublished\":\"2016-04-04T20:23:20+00:00\",\"dateModified\":\"2018-06-25T14:49:54+00:00\",\"breadcrumb\":{\"@id\":\"https:\/\/bbn1.bbnradio.org\/portuguese\/ferramentas-inicial\/o-que-a-biblia-ensina\/triunfo-sobre-a-tentacao\/#breadcrumb\"},\"inLanguage\":\"pt-BR\",\"potentialAction\":[{\"@type\":\"ReadAction\",\"target\":[\"https:\/\/bbn1.bbnradio.org\/portuguese\/ferramentas-inicial\/o-que-a-biblia-ensina\/triunfo-sobre-a-tentacao\/\"]}]},{\"@type\":\"BreadcrumbList\",\"@id\":\"https:\/\/bbn1.bbnradio.org\/portuguese\/ferramentas-inicial\/o-que-a-biblia-ensina\/triunfo-sobre-a-tentacao\/#breadcrumb\",\"itemListElement\":[{\"@type\":\"ListItem\",\"position\":1,\"name\":\"Home\",\"item\":\"https:\/\/bbn1.bbnradio.org\/portuguese\/inicio\/\"},{\"@type\":\"ListItem\",\"position\":2,\"name\":\"Ferramentas &#8211; Inicial\",\"item\":\"https:\/\/bbn1.bbnradio.org\/portuguese\/ferramentas-inicial\/\"},{\"@type\":\"ListItem\",\"position\":3,\"name\":\"O Que A B\u00edblia Ensina\",\"item\":\"https:\/\/bbn1.bbnradio.org\/portuguese\/ferramentas-inicial\/o-que-a-biblia-ensina\/\"},{\"@type\":\"ListItem\",\"position\":4,\"name\":\"O Que A B\u00edblia Ensina &#8211; Triunfo Sobre a Tenta\u00e7\u00e3o\"}]},{\"@type\":\"WebSite\",\"@id\":\"https:\/\/bbn1.bbnradio.org\/portuguese\/#website\",\"url\":\"https:\/\/bbn1.bbnradio.org\/portuguese\/\",\"name\":\"BBN Portuguese\",\"description\":\"BBN\",\"potentialAction\":[{\"@type\":\"SearchAction\",\"target\":{\"@type\":\"EntryPoint\",\"urlTemplate\":\"https:\/\/bbn1.bbnradio.org\/portuguese\/?s={search_term_string}\"},\"query-input\":{\"@type\":\"PropertyValueSpecification\",\"valueRequired\":true,\"valueName\":\"search_term_string\"}}],\"inLanguage\":\"pt-BR\"}]}<\/script>\n<!-- \/ Yoast SEO Premium plugin. -->","yoast_head_json":{"title":"O Que A B\u00edblia Ensina - Triunfo Sobre a Tenta\u00e7\u00e3o - BBN","robots":{"index":"index","follow":"follow","max-snippet":"max-snippet:-1","max-image-preview":"max-image-preview:large","max-video-preview":"max-video-preview:-1"},"canonical":"https:\/\/bbn1.bbnradio.org\/portuguese\/ferramentas-inicial\/o-que-a-biblia-ensina\/triunfo-sobre-a-tentacao\/","og_locale":"pt_BR","og_type":"article","og_title":"O Que A B\u00edblia Ensina - Triunfo Sobre a Tenta\u00e7\u00e3o","og_description":"Como um crist\u00e3o pode resistir \u00e0s tenta\u00e7\u00f5es pecaminosas? Quando uma pessoa \u00e9 salva, uma grande luta come\u00e7a. Ela ainda mant\u00e9m a velha natureza, a heran\u00e7a de Ad\u00e3o, que tentar\u00e1 arrast\u00e1-la ao pecado o tempo todo. Mas tamb\u00e9m tem a nova natureza, a vida de Deus, que odeia o pecado e quer fazer o que \u00e9 certo...","og_url":"https:\/\/bbn1.bbnradio.org\/portuguese\/ferramentas-inicial\/o-que-a-biblia-ensina\/triunfo-sobre-a-tentacao\/","og_site_name":"BBN","article_publisher":"https:\/\/www.facebook.com\/BBNPortugues","article_modified_time":"2018-06-25T14:49:54+00:00","twitter_card":"summary_large_image","twitter_title":"O Que A B\u00edblia Ensina - Triunfo Sobre a Tenta\u00e7\u00e3o","twitter_description":"Como um crist\u00e3o pode resistir \u00e0s tenta\u00e7\u00f5es pecaminosas? Quando uma pessoa \u00e9 salva, uma grande luta come\u00e7a. Ela ainda mant\u00e9m a velha natureza, a heran\u00e7a de Ad\u00e3o, que tentar\u00e1 arrast\u00e1-la ao pecado o tempo todo. Mas tamb\u00e9m tem a nova natureza, a vida de Deus, que odeia o pecado e quer fazer o que \u00e9 certo...","twitter_site":"@BBNPortugues","twitter_misc":{"Est. tempo de leitura":"4 minutos"},"schema":{"@context":"https:\/\/schema.org","@graph":[{"@type":"WebPage","@id":"https:\/\/bbn1.bbnradio.org\/portuguese\/ferramentas-inicial\/o-que-a-biblia-ensina\/triunfo-sobre-a-tentacao\/","url":"https:\/\/bbn1.bbnradio.org\/portuguese\/ferramentas-inicial\/o-que-a-biblia-ensina\/triunfo-sobre-a-tentacao\/","name":"O Que A B\u00edblia Ensina - Triunfo Sobre a Tenta\u00e7\u00e3o - BBN","isPartOf":{"@id":"https:\/\/bbn1.bbnradio.org\/portuguese\/#website"},"datePublished":"2016-04-04T20:23:20+00:00","dateModified":"2018-06-25T14:49:54+00:00","breadcrumb":{"@id":"https:\/\/bbn1.bbnradio.org\/portuguese\/ferramentas-inicial\/o-que-a-biblia-ensina\/triunfo-sobre-a-tentacao\/#breadcrumb"},"inLanguage":"pt-BR","potentialAction":[{"@type":"ReadAction","target":["https:\/\/bbn1.bbnradio.org\/portuguese\/ferramentas-inicial\/o-que-a-biblia-ensina\/triunfo-sobre-a-tentacao\/"]}]},{"@type":"BreadcrumbList","@id":"https:\/\/bbn1.bbnradio.org\/portuguese\/ferramentas-inicial\/o-que-a-biblia-ensina\/triunfo-sobre-a-tentacao\/#breadcrumb","itemListElement":[{"@type":"ListItem","position":1,"name":"Home","item":"https:\/\/bbn1.bbnradio.org\/portuguese\/inicio\/"},{"@type":"ListItem","position":2,"name":"Ferramentas &#8211; Inicial","item":"https:\/\/bbn1.bbnradio.org\/portuguese\/ferramentas-inicial\/"},{"@type":"ListItem","position":3,"name":"O Que A B\u00edblia Ensina","item":"https:\/\/bbn1.bbnradio.org\/portuguese\/ferramentas-inicial\/o-que-a-biblia-ensina\/"},{"@type":"ListItem","position":4,"name":"O Que A B\u00edblia Ensina &#8211; Triunfo Sobre a Tenta\u00e7\u00e3o"}]},{"@type":"WebSite","@id":"https:\/\/bbn1.bbnradio.org\/portuguese\/#website","url":"https:\/\/bbn1.bbnradio.org\/portuguese\/","name":"BBN Portuguese","description":"BBN","potentialAction":[{"@type":"SearchAction","target":{"@type":"EntryPoint","urlTemplate":"https:\/\/bbn1.bbnradio.org\/portuguese\/?s={search_term_string}"},"query-input":{"@type":"PropertyValueSpecification","valueRequired":true,"valueName":"search_term_string"}}],"inLanguage":"pt-BR"}]}},"jetpack_sharing_enabled":true,"jetpack_shortlink":"https:\/\/wp.me\/P85nO0-1YK","_links":{"self":[{"href":"https:\/\/bbn1.bbnradio.org\/portuguese\/wp-json\/wp\/v2\/pages\/7610","targetHints":{"allow":["GET"]}}],"collection":[{"href":"https:\/\/bbn1.bbnradio.org\/portuguese\/wp-json\/wp\/v2\/pages"}],"about":[{"href":"https:\/\/bbn1.bbnradio.org\/portuguese\/wp-json\/wp\/v2\/types\/page"}],"author":[{"embeddable":true,"href":"https:\/\/bbn1.bbnradio.org\/portuguese\/wp-json\/wp\/v2\/users\/22"}],"replies":[{"embeddable":true,"href":"https:\/\/bbn1.bbnradio.org\/portuguese\/wp-json\/wp\/v2\/comments?post=7610"}],"version-history":[{"count":1,"href":"https:\/\/bbn1.bbnradio.org\/portuguese\/wp-json\/wp\/v2\/pages\/7610\/revisions"}],"predecessor-version":[{"id":12868,"href":"https:\/\/bbn1.bbnradio.org\/portuguese\/wp-json\/wp\/v2\/pages\/7610\/revisions\/12868"}],"up":[{"embeddable":true,"href":"https:\/\/bbn1.bbnradio.org\/portuguese\/wp-json\/wp\/v2\/pages\/5034"}],"wp:attachment":[{"href":"https:\/\/bbn1.bbnradio.org\/portuguese\/wp-json\/wp\/v2\/media?parent=7610"}],"wp:term":[{"taxonomy":"category","embeddable":true,"href":"https:\/\/bbn1.bbnradio.org\/portuguese\/wp-json\/wp\/v2\/categories?post=7610"},{"taxonomy":"post_tag","embeddable":true,"href":"https:\/\/bbn1.bbnradio.org\/portuguese\/wp-json\/wp\/v2\/tags?post=7610"}],"curies":[{"name":"wp","href":"https:\/\/api.w.org\/{rel}","templated":true}]}}