{"id":7612,"date":"2016-04-04T16:24:21","date_gmt":"2016-04-04T20:24:21","guid":{"rendered":"https:\/\/bbn1.bbnradio.org\/english\/?page_id=7612"},"modified":"2018-06-22T10:17:50","modified_gmt":"2018-06-22T15:17:50","slug":"biblia-ensina-conduta-crista","status":"publish","type":"page","link":"https:\/\/bbn1.bbnradio.org\/portuguese\/ferramentas-inicial\/o-que-a-biblia-ensina\/biblia-ensina-conduta-crista\/","title":{"rendered":"O Que a B\u00edblia Ensina &#8211; Conduta Crist\u00e3"},"content":{"rendered":"<p>CONDUTA CRIST\u00c3<\/p>\n<p>Como um crist\u00e3o sabe o que deve e o que n\u00e3o deve fazer? Estaria certo um crist\u00e3o ir a uma boate, ou teatro, jogar baralho, fumar, beber, ouvir rock ou participar de outros prazeres e divers\u00f5es mundanas? \u201cN\u00e3o ameis o mundo.\u201d I Jo\u00e3o 2:15. <\/p>\n<p>Muitos novos convertidos ficam perturbados com perguntas similares \u00e0s que vimos acima. Eles acham que certas pr\u00e1ticas s\u00e3o condenadas claramente na B\u00edblia mas h\u00e1 outras que n\u00e3o s\u00e3o mencionadas. O prop\u00f3sito deste estudo \u00e9 oferecer ao aluno uma s\u00e9rie de padr\u00f5es que possam ajud\u00e1-lo a decidir se ele deveria ou n\u00e3o se associar a uma determinada atividade question\u00e1vel. Uma das perguntas que devem ser feitas \u00e9 : \u201cJesus faria isso?\u201d <\/p>\n<p>A. Em primeiro lugar, o que \u00e9 claramente proibido aos crist\u00e3os em nossos dias deve-se evitar como \u00e0 uma doen\u00e7a mortal. Se voc\u00ea n\u00e3o tem certeza, n\u00e3o fa\u00e7a at\u00e9 descobrir. I Tessalonicenses 5:22.<\/p>\n<p>B. H\u00e1 alguma gl\u00f3ria para Deus nisso?<\/p>\n<p>Em I Cor\u00edntios 10:31, lemos o seguinte &#8220;Fazei tudo para gl\u00f3ria de Deus\u201d. Antes de se envolver na atividade em quest\u00e3o, voc\u00ea pode honestamente pedir a b\u00ean\u00e7\u00e3o de Deus sobre esta atividade, crendo que Ele ser\u00e1 honrado com sua participa\u00e7\u00e3o? <\/p>\n<p>C. Isso \u00e9 \u201cmundano?\u201d Se for, ent\u00e3o n\u00e3o \u00e9 de Cristo. <\/p>\n<p>Ele disse a respeito de seus disc\u00edpulos: &#8220;N\u00e3o s\u00e3o do mundo, como eu n\u00e3o sou do mundo.\u201d Jo\u00e3o 17:16. Ele n\u00e3o era do mundo, estava nele, mas n\u00e3o pertencia a ele. I Jo\u00e3o 2:15-17.<\/p>\n<p>D. O Senhor faria isso? Ele nos deixou o exemplo, devemos seguir seus passos. I Pedro 2:21. <\/p>\n<p>E. Voc\u00ea gostaria de ser encontrado por Jesus em seu retorno fazendo isso? <\/p>\n<p>Algu\u00e9m sabiamente disse, \u201cN\u00e3o fa\u00e7a nada, n\u00e3o diga nada, ou v\u00e1 a qualquer lugar que o envergonharia se o Senhor voltasse naquele momento.\u201d I Jo\u00e3o 2:28.<\/p>\n<p>F. Voc\u00ea se sente \u00e0 vontade fazendo isso sabendo que Deus atrav\u00e9s do Esp\u00edrito Santo habita em voc\u00ea? <\/p>\n<p>\u201cOu n\u00e3o sabeis que o vosso corpo \u00e9 o templo do Esp\u00edrito Santo, que habita em v\u00f3s, proveniente de Deus, e que n\u00e3o sois de v\u00f3s mesmos?\u201d I Cor\u00edntios 6:19, Ef\u00e9sios 4:30\u201d. <\/p>\n<p>G. \u00c9 uma conduta conveniente a um filho de Deus? <\/p>\n<p>Quando um filho do rei age de forma indigna, traz desgra\u00e7a ao nome de seu pai. Assim tamb\u00e9m o crist\u00e3o que se comporta de forma indigna. Romanos 2:24, Colossenses 1:10.<\/p>\n<p>H. Que efeito minha atitude provocar\u00e1 nos outros? <\/p>\n<p>Ser\u00e1 um bom testemunho para os n\u00e3o crentes, ou eles chegar\u00e3o a conclus\u00e3o que n\u00e3o existe nenhuma diferen\u00e7a entre o crist\u00e3o e o incr\u00e9dulo? II Cor\u00edntios 5:17. Tamb\u00e9m, provocar\u00e1 trope\u00e7o aos novos na f\u00e9? O ap\u00f3stolo Paulo nos alertou sobre ser uma pedra de trope\u00e7o \u201c&#8230;n\u00e3o p\u00f4r trope\u00e7o ou esc\u00e2ndalo ao irm\u00e3o.\u201d Romanos 14:13. <\/p>\n<p>I. Finalmente, h\u00e1 d\u00favida, por menor que seja, em sua mente sobre isso? <\/p>\n<p>Se h\u00e1, n\u00e3o fa\u00e7a, pois \u201caquele que tem d\u00favidas\u2026 est\u00e1 condenado&#8230; tudo que n\u00e3o \u00e9 de f\u00e9 \u00e9 pecado\u201d Romanos 14:23. <\/p>\n<p>Em rela\u00e7\u00e3o a este assunto do que deve ou n\u00e3o um crist\u00e3o fazer, \u00e9 bom lembrar que \u201cn\u00e3o estamos debaixo da lei mas, debaixo da gra\u00e7a.\u201d Romanos 6:14-15. Isso n\u00e3o significa que possamos viver de qualquer jeito, mas devemos fazer o que Deus deseja que fa\u00e7amos por tudo que Ele j\u00e1 fez por n\u00f3s. N\u00e3o evitamos os prazeres do mundo porque somos for\u00e7ados, mas porque queremos. E a raz\u00e3o de querermos \u00e9 pelo fato de Cristo ter morrido por n\u00f3s sendo nossa ambi\u00e7\u00e3o de agora em diante viver de tal forma que o agrade. II Cor\u00edntios 5:14-15. Deus n\u00e3o diz: \u201cSe voc\u00ea conseguir ficar longe do pecado ent\u00e3o ser\u00e1 um crist\u00e3o\u201d mas diz ao crist\u00e3o, \u201cVoc\u00ea \u00e9 um crist\u00e3o! Viva de uma forma coerente com sua alto chamado\u201d Ef\u00e9sios 4:1. Um crist\u00e3o pode acabar se esquecendo dessa posi\u00e7\u00e3o t\u00e3o digna e cair nos prazeres que o mundo oferece, se isto acontecer, Deus o trar\u00e1 de volta com um amoroso corretivo, como o pastor traz de volta a ovelha desgarrada colocando o cajado em seu pesco\u00e7o. Assim se a gra\u00e7a de Deus for esquecida pelo crist\u00e3o, ele ser\u00e1 restaurado pelo governo de Deus.<\/p>\n<!-- AddThis Advanced Settings generic via filter on the_content --><!-- AddThis Share Buttons generic via filter on the_content -->","protected":false},"excerpt":{"rendered":"<p>CONDUTA CRIST\u00c3 Como um crist\u00e3o sabe o que deve e o que n\u00e3o deve fazer? Estaria certo um crist\u00e3o ir a uma boate, ou teatro, jogar baralho, fumar, beber, ouvir rock ou participar de outros prazeres e divers\u00f5es mundanas? \u201cN\u00e3o ameis o mundo.\u201d I Jo\u00e3o 2:15. Muitos novos convertidos ficam perturbados com perguntas similares \u00e0s [&hellip;]<!-- AddThis Advanced Settings generic via filter on get_the_excerpt --><!-- AddThis Share Buttons generic via filter on get_the_excerpt --><\/p>\n","protected":false},"author":22,"featured_media":0,"parent":5034,"menu_order":0,"comment_status":"closed","ping_status":"closed","template":"","meta":{"jetpack_post_was_ever_published":false,"footnotes":""},"categories":[],"tags":[],"class_list":["post-7612","page","type-page","status-publish","hentry"],"yoast_head":"<!-- This site is optimized with the Yoast SEO Premium plugin v24.8 (Yoast SEO v24.8.1) - https:\/\/yoast.com\/wordpress\/plugins\/seo\/ -->\n<title>O Que a B\u00edblia Ensina - Conduta Crist\u00e3 - BBN<\/title>\n<meta name=\"robots\" content=\"index, follow, max-snippet:-1, max-image-preview:large, max-video-preview:-1\" \/>\n<link rel=\"canonical\" href=\"https:\/\/bbn1.bbnradio.org\/portuguese\/ferramentas-inicial\/o-que-a-biblia-ensina\/biblia-ensina-conduta-crista\/\" \/>\n<meta property=\"og:locale\" content=\"pt_BR\" \/>\n<meta property=\"og:type\" content=\"article\" \/>\n<meta property=\"og:title\" content=\"O Que a B\u00edblia Ensina - Conduta Crist\u00e3\" \/>\n<meta property=\"og:description\" content=\"CONDUTA CRIST\u00c3 - Como um crist\u00e3o sabe o que deve e o que n\u00e3o deve fazer? Estaria certo um crist\u00e3o ir a uma boate, ou teatro, jogar baralho, fumar, beber, ouvir rock ou participar de outros prazeres e divers\u00f5es mundanas?\" \/>\n<meta property=\"og:url\" content=\"https:\/\/bbn1.bbnradio.org\/portuguese\/ferramentas-inicial\/o-que-a-biblia-ensina\/biblia-ensina-conduta-crista\/\" \/>\n<meta property=\"og:site_name\" content=\"BBN\" \/>\n<meta property=\"article:publisher\" content=\"https:\/\/www.facebook.com\/BBNPortugues\" \/>\n<meta property=\"article:modified_time\" content=\"2018-06-22T15:17:50+00:00\" \/>\n<meta name=\"twitter:card\" content=\"summary_large_image\" \/>\n<meta name=\"twitter:title\" content=\"O Que a B\u00edblia Ensina - Conduta Crist\u00e3\" \/>\n<meta name=\"twitter:description\" content=\"CONDUTA CRIST\u00c3 - Como um crist\u00e3o sabe o que deve e o que n\u00e3o deve fazer? Estaria certo um crist\u00e3o ir a uma boate, ou teatro, jogar baralho, fumar, beber, ouvir rock ou participar de outros prazeres e divers\u00f5es mundanas?\" \/>\n<meta name=\"twitter:site\" content=\"@BBNPortugues\" \/>\n<meta name=\"twitter:label1\" content=\"Est. tempo de leitura\" \/>\n\t<meta name=\"twitter:data1\" content=\"4 minutos\" \/>\n<script type=\"application\/ld+json\" class=\"yoast-schema-graph\">{\"@context\":\"https:\/\/schema.org\",\"@graph\":[{\"@type\":\"WebPage\",\"@id\":\"https:\/\/bbn1.bbnradio.org\/portuguese\/ferramentas-inicial\/o-que-a-biblia-ensina\/biblia-ensina-conduta-crista\/\",\"url\":\"https:\/\/bbn1.bbnradio.org\/portuguese\/ferramentas-inicial\/o-que-a-biblia-ensina\/biblia-ensina-conduta-crista\/\",\"name\":\"O Que a B\u00edblia Ensina - Conduta Crist\u00e3 - BBN\",\"isPartOf\":{\"@id\":\"https:\/\/bbn1.bbnradio.org\/portuguese\/#website\"},\"datePublished\":\"2016-04-04T20:24:21+00:00\",\"dateModified\":\"2018-06-22T15:17:50+00:00\",\"breadcrumb\":{\"@id\":\"https:\/\/bbn1.bbnradio.org\/portuguese\/ferramentas-inicial\/o-que-a-biblia-ensina\/biblia-ensina-conduta-crista\/#breadcrumb\"},\"inLanguage\":\"pt-BR\",\"potentialAction\":[{\"@type\":\"ReadAction\",\"target\":[\"https:\/\/bbn1.bbnradio.org\/portuguese\/ferramentas-inicial\/o-que-a-biblia-ensina\/biblia-ensina-conduta-crista\/\"]}]},{\"@type\":\"BreadcrumbList\",\"@id\":\"https:\/\/bbn1.bbnradio.org\/portuguese\/ferramentas-inicial\/o-que-a-biblia-ensina\/biblia-ensina-conduta-crista\/#breadcrumb\",\"itemListElement\":[{\"@type\":\"ListItem\",\"position\":1,\"name\":\"Home\",\"item\":\"https:\/\/bbn1.bbnradio.org\/portuguese\/inicio\/\"},{\"@type\":\"ListItem\",\"position\":2,\"name\":\"Ferramentas &#8211; Inicial\",\"item\":\"https:\/\/bbn1.bbnradio.org\/portuguese\/ferramentas-inicial\/\"},{\"@type\":\"ListItem\",\"position\":3,\"name\":\"O Que A B\u00edblia Ensina\",\"item\":\"https:\/\/bbn1.bbnradio.org\/portuguese\/ferramentas-inicial\/o-que-a-biblia-ensina\/\"},{\"@type\":\"ListItem\",\"position\":4,\"name\":\"O Que a B\u00edblia Ensina &#8211; Conduta Crist\u00e3\"}]},{\"@type\":\"WebSite\",\"@id\":\"https:\/\/bbn1.bbnradio.org\/portuguese\/#website\",\"url\":\"https:\/\/bbn1.bbnradio.org\/portuguese\/\",\"name\":\"BBN Portuguese\",\"description\":\"BBN\",\"potentialAction\":[{\"@type\":\"SearchAction\",\"target\":{\"@type\":\"EntryPoint\",\"urlTemplate\":\"https:\/\/bbn1.bbnradio.org\/portuguese\/?s={search_term_string}\"},\"query-input\":{\"@type\":\"PropertyValueSpecification\",\"valueRequired\":true,\"valueName\":\"search_term_string\"}}],\"inLanguage\":\"pt-BR\"}]}<\/script>\n<!-- \/ Yoast SEO Premium plugin. -->","yoast_head_json":{"title":"O Que a B\u00edblia Ensina - Conduta Crist\u00e3 - BBN","robots":{"index":"index","follow":"follow","max-snippet":"max-snippet:-1","max-image-preview":"max-image-preview:large","max-video-preview":"max-video-preview:-1"},"canonical":"https:\/\/bbn1.bbnradio.org\/portuguese\/ferramentas-inicial\/o-que-a-biblia-ensina\/biblia-ensina-conduta-crista\/","og_locale":"pt_BR","og_type":"article","og_title":"O Que a B\u00edblia Ensina - Conduta Crist\u00e3","og_description":"CONDUTA CRIST\u00c3 - Como um crist\u00e3o sabe o que deve e o que n\u00e3o deve fazer? Estaria certo um crist\u00e3o ir a uma boate, ou teatro, jogar baralho, fumar, beber, ouvir rock ou participar de outros prazeres e divers\u00f5es mundanas?","og_url":"https:\/\/bbn1.bbnradio.org\/portuguese\/ferramentas-inicial\/o-que-a-biblia-ensina\/biblia-ensina-conduta-crista\/","og_site_name":"BBN","article_publisher":"https:\/\/www.facebook.com\/BBNPortugues","article_modified_time":"2018-06-22T15:17:50+00:00","twitter_card":"summary_large_image","twitter_title":"O Que a B\u00edblia Ensina - Conduta Crist\u00e3","twitter_description":"CONDUTA CRIST\u00c3 - Como um crist\u00e3o sabe o que deve e o que n\u00e3o deve fazer? Estaria certo um crist\u00e3o ir a uma boate, ou teatro, jogar baralho, fumar, beber, ouvir rock ou participar de outros prazeres e divers\u00f5es mundanas?","twitter_site":"@BBNPortugues","twitter_misc":{"Est. tempo de leitura":"4 minutos"},"schema":{"@context":"https:\/\/schema.org","@graph":[{"@type":"WebPage","@id":"https:\/\/bbn1.bbnradio.org\/portuguese\/ferramentas-inicial\/o-que-a-biblia-ensina\/biblia-ensina-conduta-crista\/","url":"https:\/\/bbn1.bbnradio.org\/portuguese\/ferramentas-inicial\/o-que-a-biblia-ensina\/biblia-ensina-conduta-crista\/","name":"O Que a B\u00edblia Ensina - Conduta Crist\u00e3 - BBN","isPartOf":{"@id":"https:\/\/bbn1.bbnradio.org\/portuguese\/#website"},"datePublished":"2016-04-04T20:24:21+00:00","dateModified":"2018-06-22T15:17:50+00:00","breadcrumb":{"@id":"https:\/\/bbn1.bbnradio.org\/portuguese\/ferramentas-inicial\/o-que-a-biblia-ensina\/biblia-ensina-conduta-crista\/#breadcrumb"},"inLanguage":"pt-BR","potentialAction":[{"@type":"ReadAction","target":["https:\/\/bbn1.bbnradio.org\/portuguese\/ferramentas-inicial\/o-que-a-biblia-ensina\/biblia-ensina-conduta-crista\/"]}]},{"@type":"BreadcrumbList","@id":"https:\/\/bbn1.bbnradio.org\/portuguese\/ferramentas-inicial\/o-que-a-biblia-ensina\/biblia-ensina-conduta-crista\/#breadcrumb","itemListElement":[{"@type":"ListItem","position":1,"name":"Home","item":"https:\/\/bbn1.bbnradio.org\/portuguese\/inicio\/"},{"@type":"ListItem","position":2,"name":"Ferramentas &#8211; Inicial","item":"https:\/\/bbn1.bbnradio.org\/portuguese\/ferramentas-inicial\/"},{"@type":"ListItem","position":3,"name":"O Que A B\u00edblia Ensina","item":"https:\/\/bbn1.bbnradio.org\/portuguese\/ferramentas-inicial\/o-que-a-biblia-ensina\/"},{"@type":"ListItem","position":4,"name":"O Que a B\u00edblia Ensina &#8211; Conduta Crist\u00e3"}]},{"@type":"WebSite","@id":"https:\/\/bbn1.bbnradio.org\/portuguese\/#website","url":"https:\/\/bbn1.bbnradio.org\/portuguese\/","name":"BBN Portuguese","description":"BBN","potentialAction":[{"@type":"SearchAction","target":{"@type":"EntryPoint","urlTemplate":"https:\/\/bbn1.bbnradio.org\/portuguese\/?s={search_term_string}"},"query-input":{"@type":"PropertyValueSpecification","valueRequired":true,"valueName":"search_term_string"}}],"inLanguage":"pt-BR"}]}},"jetpack_sharing_enabled":true,"jetpack_shortlink":"https:\/\/wp.me\/P85nO0-1YM","_links":{"self":[{"href":"https:\/\/bbn1.bbnradio.org\/portuguese\/wp-json\/wp\/v2\/pages\/7612","targetHints":{"allow":["GET"]}}],"collection":[{"href":"https:\/\/bbn1.bbnradio.org\/portuguese\/wp-json\/wp\/v2\/pages"}],"about":[{"href":"https:\/\/bbn1.bbnradio.org\/portuguese\/wp-json\/wp\/v2\/types\/page"}],"author":[{"embeddable":true,"href":"https:\/\/bbn1.bbnradio.org\/portuguese\/wp-json\/wp\/v2\/users\/22"}],"replies":[{"embeddable":true,"href":"https:\/\/bbn1.bbnradio.org\/portuguese\/wp-json\/wp\/v2\/comments?post=7612"}],"version-history":[{"count":2,"href":"https:\/\/bbn1.bbnradio.org\/portuguese\/wp-json\/wp\/v2\/pages\/7612\/revisions"}],"predecessor-version":[{"id":12634,"href":"https:\/\/bbn1.bbnradio.org\/portuguese\/wp-json\/wp\/v2\/pages\/7612\/revisions\/12634"}],"up":[{"embeddable":true,"href":"https:\/\/bbn1.bbnradio.org\/portuguese\/wp-json\/wp\/v2\/pages\/5034"}],"wp:attachment":[{"href":"https:\/\/bbn1.bbnradio.org\/portuguese\/wp-json\/wp\/v2\/media?parent=7612"}],"wp:term":[{"taxonomy":"category","embeddable":true,"href":"https:\/\/bbn1.bbnradio.org\/portuguese\/wp-json\/wp\/v2\/categories?post=7612"},{"taxonomy":"post_tag","embeddable":true,"href":"https:\/\/bbn1.bbnradio.org\/portuguese\/wp-json\/wp\/v2\/tags?post=7612"}],"curies":[{"name":"wp","href":"https:\/\/api.w.org\/{rel}","templated":true}]}}