{"id":7614,"date":"2016-04-04T16:25:19","date_gmt":"2016-04-04T20:25:19","guid":{"rendered":"https:\/\/bbn1.bbnradio.org\/english\/?page_id=7614"},"modified":"2018-06-22T09:48:00","modified_gmt":"2018-06-22T14:48:00","slug":"sepultado-no-batismo","status":"publish","type":"page","link":"https:\/\/bbn1.bbnradio.org\/portuguese\/ferramentas-inicial\/o-que-a-biblia-ensina\/sepultado-no-batismo\/","title":{"rendered":"O Que a B\u00edblia Ensina &#8211; Sepultado no Batismo"},"content":{"rendered":"<p>SEPULTADO NO BATISMO<\/p>\n<p>O que \u00e9 o batismo? Quem deve ser batizado? Antes de Jesus subir aos c\u00e9us, Ele deixou a grande comiss\u00e3o para seus disc\u00edpulos : \u201cPortanto ide, fazei disc\u00edpulos de todas as na\u00e7\u00f5es, batizando-os em nome do Pai, e do Filho, e do Esp\u00edrito Santo: Ensinado-os a guardar todas as coisas, que eu vos tenho mandado; e eis que eu estou convosco todos os dias, at\u00e9 a consuma\u00e7\u00e3o dos s\u00e9culos. Am\u00e9m.\u201d Mateus 28:19-20. <\/p>\n<p>Assim era desejo dele que seus servos fossem por todo o mundo com o evangelho, e batizasse aqueles que recebessem a mensagem.O batismo \u00e9 uma ordenan\u00e7a institu\u00edda pelo pr\u00f3prio Senhor. Isso levanta duas quest\u00f5es. Primeira, como deve ser a ordenan\u00e7a do batismo? Segunda, qual o significado do batismo? <\/p>\n<p>Para achar uma resposta para a primeira pergunta, devemos verificar Atos 8:26-39. Ali encontramos o servo da rainha et\u00edope em sua carruagem lendo Isa\u00edas, cap\u00edtulo 53, no velho testamento. Esse homem era sincero pesquisador da verdade, e Deus instruiu seu servo, Felipe, a ir e falar com ele. Felipe disse a ele como o Senhor Jesus havia morrido no calv\u00e1rio para que os pecadores pudessem ser salvos. O viajante creu no Senhor Jesus Cristo e ent\u00e3o perguntou a Felipe se poderia ser batizado. Constatando que o homem havia de fato crido em Cristo, Felipe concordou em batiz\u00e1-lo. A carruagem parou perto de uma fonte de \u00e1gua. Agora note bem os versos 38 e 39, \u201c\u2026 ambos desceram \u00e0 \u00e1gua, e Felipe batizou o eunuco. Quando sa\u00edram da \u00e1gua, o Esp\u00edrito do Senhor arrebatou a Felipe, n\u00e3o o vendo mais o eunuco; e este foi seguindo seu caminho cheio de j\u00fabilo.\u201d Agora, qual o verdadeiro significado dessa cerim\u00f4nia que foi realizada de forma t\u00e3o simples numa estrada oriental h\u00e1 muitos anos e que continua a sr realizado ainda hoje? <\/p>\n<p>A. Em primeiro lugar, \u00e9 um ato de obedi\u00eancia para expressar a vontade do Senhor Jesus Cristo. Mateus 28:19.<\/p>\n<p>Seu prop\u00f3sito n\u00e3o \u00e9 lavar a sujeira da carne, mas sim dar ao crist\u00e3o uma boa consci\u00eancia com rela\u00e7\u00e3o a Deus sabendo que ele foi obediente \u00e0 vontade do Senhor. I Pedro 3:2. Somente aqueles que ouvirem e crerem devem ser batizados. Atos 18:8. <\/p>\n<p>B. Em segundo lugar, Romanos 6:3-5 ensina que \u00e9 um s\u00edmbolo que representa uma verdade espiritual. <\/p>\n<p>1. A \u00e1gua \u00e9 uma representa\u00e7\u00e3o do julgamento e da morte. <\/p>\n<p>2. Quando Cristo morreu, Ele desceu abaixo das \u00e1guas da morte e julgamento para tirar nossos pecados. Salmo 42:7. <\/p>\n<p>3. Uma vez que Cristo morreu como um substituto para o crist\u00e3o, \u00e9 igualmente verdadeiro que o crente morreu com Cristo. Em outras palavras, quando Cristo morreu, eu morri. Quando foi sepultado, eu fui sepultado. Quando ressuscitou, eu ressuscitei. <\/p>\n<p>4. O crist\u00e3o morreu para o pecado, para o mundo e para si mesmo. Ele morreu para tudo que representava a velha natureza, e daqui pra frente Deus n\u00e3o o v\u00ea mais em seus pecados, mas o v\u00ea em Cristo, ressurreto dos mortos, e possuidor da vida de ressurrei\u00e7\u00e3o em Cristo. <\/p>\n<p>5. G\u00e1latas 2:20. Assim, quando um crist\u00e3o \u00e9 batizado, est\u00e1 fazendo uma confiss\u00e3o p\u00fablica que assumiu sua posi\u00e7\u00e3o com Cristo na morte e sepultamento, e deve procurar demonstrar que tem uma nova vida em Cristo. Colossenses 2:12, 3:1-2. <\/p>\n<p>C. A pessoa batizada n\u00e3o \u00e9 aquela que foi apenas batizada em \u00e1gua literalmente, mas sua vida deve mostrar que a carne, ou velha natureza, morreu. O batismo tem que ser um assunto do cora\u00e7\u00e3o, assim como uma confiss\u00e3o exterior.<\/p>\n<p>Nos primeiros dias da igreja, quando um crente era batizado, muitas vezes era perseguido e morto em pouco tempo. Mesmo assim, outros eram salvos e corriam para preencher o lugar daqueles m\u00e1rtires atrav\u00e9s do batismo. I Cor\u00edntios 15:29. Mesmo hoje em terras pag\u00e3s, o batismo pode ser um sinal para o come\u00e7o de uma terr\u00edvel persegui\u00e7\u00e3o. Em muitos pa\u00edses um crist\u00e3o ser\u00e1 tolerado conquanto somente confesse a Cristo com os l\u00e1bios. Mas quando publicamente o confessa atrav\u00e9s do batismo, os inimigos da cruz levantam armas contra ele. <\/p>\n<p>Apesar do pre\u00e7o, quando algu\u00e9m \u00e9 batizado desfruta a mesma experi\u00eancia que o eunuco et\u00edope teve. Da sua experi\u00eancia est\u00e1 escrito: \u201c\u2026jubiloso, continuou o seu caminho.\u201d Atos 8:39.<\/p>\n<!-- AddThis Advanced Settings generic via filter on the_content --><!-- AddThis Share Buttons generic via filter on the_content -->","protected":false},"excerpt":{"rendered":"<p>SEPULTADO NO BATISMO O que \u00e9 o batismo? Quem deve ser batizado? Antes de Jesus subir aos c\u00e9us, Ele deixou a grande comiss\u00e3o para seus disc\u00edpulos : \u201cPortanto ide, fazei disc\u00edpulos de todas as na\u00e7\u00f5es, batizando-os em nome do Pai, e do Filho, e do Esp\u00edrito Santo: Ensinado-os a guardar todas as coisas, que eu [&hellip;]<!-- AddThis Advanced Settings generic via filter on get_the_excerpt --><!-- AddThis Share Buttons generic via filter on get_the_excerpt --><\/p>\n","protected":false},"author":22,"featured_media":0,"parent":5034,"menu_order":0,"comment_status":"closed","ping_status":"closed","template":"","meta":{"jetpack_post_was_ever_published":false,"footnotes":""},"categories":[],"tags":[],"class_list":["post-7614","page","type-page","status-publish","hentry"],"yoast_head":"<!-- This site is optimized with the Yoast SEO Premium plugin v24.8 (Yoast SEO v24.8.1) - https:\/\/yoast.com\/wordpress\/plugins\/seo\/ -->\n<title>O Que a B\u00edblia Ensina - Sepultado no Batismo - BBN<\/title>\n<meta name=\"robots\" content=\"index, follow, max-snippet:-1, max-image-preview:large, max-video-preview:-1\" \/>\n<link rel=\"canonical\" href=\"https:\/\/bbn1.bbnradio.org\/portuguese\/ferramentas-inicial\/o-que-a-biblia-ensina\/sepultado-no-batismo\/\" \/>\n<meta property=\"og:locale\" content=\"pt_BR\" \/>\n<meta property=\"og:type\" content=\"article\" \/>\n<meta property=\"og:title\" content=\"O que a B\u00edblia Ensina sobre o Batismo?\" \/>\n<meta property=\"og:description\" content=\"O que \u00e9 o batismo? Quem deve ser batizado?\" \/>\n<meta property=\"og:url\" content=\"https:\/\/bbn1.bbnradio.org\/portuguese\/ferramentas-inicial\/o-que-a-biblia-ensina\/sepultado-no-batismo\/\" \/>\n<meta property=\"og:site_name\" content=\"BBN\" \/>\n<meta property=\"article:publisher\" content=\"https:\/\/www.facebook.com\/BBNPortugues\" \/>\n<meta property=\"article:modified_time\" content=\"2018-06-22T14:48:00+00:00\" \/>\n<meta name=\"twitter:card\" content=\"summary_large_image\" \/>\n<meta name=\"twitter:title\" content=\"O que a B\u00edblia Ensina sobre o Batismo?\" \/>\n<meta name=\"twitter:description\" content=\"O que \u00e9 o batismo? Quem deve ser batizado?\" \/>\n<meta name=\"twitter:site\" content=\"@BBNPortugues\" \/>\n<meta name=\"twitter:label1\" content=\"Est. tempo de leitura\" \/>\n\t<meta name=\"twitter:data1\" content=\"4 minutos\" \/>\n<script type=\"application\/ld+json\" class=\"yoast-schema-graph\">{\"@context\":\"https:\/\/schema.org\",\"@graph\":[{\"@type\":\"WebPage\",\"@id\":\"https:\/\/bbn1.bbnradio.org\/portuguese\/ferramentas-inicial\/o-que-a-biblia-ensina\/sepultado-no-batismo\/\",\"url\":\"https:\/\/bbn1.bbnradio.org\/portuguese\/ferramentas-inicial\/o-que-a-biblia-ensina\/sepultado-no-batismo\/\",\"name\":\"O Que a B\u00edblia Ensina - Sepultado no Batismo - BBN\",\"isPartOf\":{\"@id\":\"https:\/\/bbn1.bbnradio.org\/portuguese\/#website\"},\"datePublished\":\"2016-04-04T20:25:19+00:00\",\"dateModified\":\"2018-06-22T14:48:00+00:00\",\"breadcrumb\":{\"@id\":\"https:\/\/bbn1.bbnradio.org\/portuguese\/ferramentas-inicial\/o-que-a-biblia-ensina\/sepultado-no-batismo\/#breadcrumb\"},\"inLanguage\":\"pt-BR\",\"potentialAction\":[{\"@type\":\"ReadAction\",\"target\":[\"https:\/\/bbn1.bbnradio.org\/portuguese\/ferramentas-inicial\/o-que-a-biblia-ensina\/sepultado-no-batismo\/\"]}]},{\"@type\":\"BreadcrumbList\",\"@id\":\"https:\/\/bbn1.bbnradio.org\/portuguese\/ferramentas-inicial\/o-que-a-biblia-ensina\/sepultado-no-batismo\/#breadcrumb\",\"itemListElement\":[{\"@type\":\"ListItem\",\"position\":1,\"name\":\"Home\",\"item\":\"https:\/\/bbn1.bbnradio.org\/portuguese\/inicio\/\"},{\"@type\":\"ListItem\",\"position\":2,\"name\":\"Ferramentas &#8211; Inicial\",\"item\":\"https:\/\/bbn1.bbnradio.org\/portuguese\/ferramentas-inicial\/\"},{\"@type\":\"ListItem\",\"position\":3,\"name\":\"O Que A B\u00edblia Ensina\",\"item\":\"https:\/\/bbn1.bbnradio.org\/portuguese\/ferramentas-inicial\/o-que-a-biblia-ensina\/\"},{\"@type\":\"ListItem\",\"position\":4,\"name\":\"O Que a B\u00edblia Ensina &#8211; Sepultado no Batismo\"}]},{\"@type\":\"WebSite\",\"@id\":\"https:\/\/bbn1.bbnradio.org\/portuguese\/#website\",\"url\":\"https:\/\/bbn1.bbnradio.org\/portuguese\/\",\"name\":\"BBN Portuguese\",\"description\":\"BBN\",\"potentialAction\":[{\"@type\":\"SearchAction\",\"target\":{\"@type\":\"EntryPoint\",\"urlTemplate\":\"https:\/\/bbn1.bbnradio.org\/portuguese\/?s={search_term_string}\"},\"query-input\":{\"@type\":\"PropertyValueSpecification\",\"valueRequired\":true,\"valueName\":\"search_term_string\"}}],\"inLanguage\":\"pt-BR\"}]}<\/script>\n<!-- \/ Yoast SEO Premium plugin. -->","yoast_head_json":{"title":"O Que a B\u00edblia Ensina - Sepultado no Batismo - BBN","robots":{"index":"index","follow":"follow","max-snippet":"max-snippet:-1","max-image-preview":"max-image-preview:large","max-video-preview":"max-video-preview:-1"},"canonical":"https:\/\/bbn1.bbnradio.org\/portuguese\/ferramentas-inicial\/o-que-a-biblia-ensina\/sepultado-no-batismo\/","og_locale":"pt_BR","og_type":"article","og_title":"O que a B\u00edblia Ensina sobre o Batismo?","og_description":"O que \u00e9 o batismo? Quem deve ser batizado?","og_url":"https:\/\/bbn1.bbnradio.org\/portuguese\/ferramentas-inicial\/o-que-a-biblia-ensina\/sepultado-no-batismo\/","og_site_name":"BBN","article_publisher":"https:\/\/www.facebook.com\/BBNPortugues","article_modified_time":"2018-06-22T14:48:00+00:00","twitter_card":"summary_large_image","twitter_title":"O que a B\u00edblia Ensina sobre o Batismo?","twitter_description":"O que \u00e9 o batismo? Quem deve ser batizado?","twitter_site":"@BBNPortugues","twitter_misc":{"Est. tempo de leitura":"4 minutos"},"schema":{"@context":"https:\/\/schema.org","@graph":[{"@type":"WebPage","@id":"https:\/\/bbn1.bbnradio.org\/portuguese\/ferramentas-inicial\/o-que-a-biblia-ensina\/sepultado-no-batismo\/","url":"https:\/\/bbn1.bbnradio.org\/portuguese\/ferramentas-inicial\/o-que-a-biblia-ensina\/sepultado-no-batismo\/","name":"O Que a B\u00edblia Ensina - Sepultado no Batismo - BBN","isPartOf":{"@id":"https:\/\/bbn1.bbnradio.org\/portuguese\/#website"},"datePublished":"2016-04-04T20:25:19+00:00","dateModified":"2018-06-22T14:48:00+00:00","breadcrumb":{"@id":"https:\/\/bbn1.bbnradio.org\/portuguese\/ferramentas-inicial\/o-que-a-biblia-ensina\/sepultado-no-batismo\/#breadcrumb"},"inLanguage":"pt-BR","potentialAction":[{"@type":"ReadAction","target":["https:\/\/bbn1.bbnradio.org\/portuguese\/ferramentas-inicial\/o-que-a-biblia-ensina\/sepultado-no-batismo\/"]}]},{"@type":"BreadcrumbList","@id":"https:\/\/bbn1.bbnradio.org\/portuguese\/ferramentas-inicial\/o-que-a-biblia-ensina\/sepultado-no-batismo\/#breadcrumb","itemListElement":[{"@type":"ListItem","position":1,"name":"Home","item":"https:\/\/bbn1.bbnradio.org\/portuguese\/inicio\/"},{"@type":"ListItem","position":2,"name":"Ferramentas &#8211; Inicial","item":"https:\/\/bbn1.bbnradio.org\/portuguese\/ferramentas-inicial\/"},{"@type":"ListItem","position":3,"name":"O Que A B\u00edblia Ensina","item":"https:\/\/bbn1.bbnradio.org\/portuguese\/ferramentas-inicial\/o-que-a-biblia-ensina\/"},{"@type":"ListItem","position":4,"name":"O Que a B\u00edblia Ensina &#8211; Sepultado no Batismo"}]},{"@type":"WebSite","@id":"https:\/\/bbn1.bbnradio.org\/portuguese\/#website","url":"https:\/\/bbn1.bbnradio.org\/portuguese\/","name":"BBN Portuguese","description":"BBN","potentialAction":[{"@type":"SearchAction","target":{"@type":"EntryPoint","urlTemplate":"https:\/\/bbn1.bbnradio.org\/portuguese\/?s={search_term_string}"},"query-input":{"@type":"PropertyValueSpecification","valueRequired":true,"valueName":"search_term_string"}}],"inLanguage":"pt-BR"}]}},"jetpack_sharing_enabled":true,"jetpack_shortlink":"https:\/\/wp.me\/P85nO0-1YO","_links":{"self":[{"href":"https:\/\/bbn1.bbnradio.org\/portuguese\/wp-json\/wp\/v2\/pages\/7614","targetHints":{"allow":["GET"]}}],"collection":[{"href":"https:\/\/bbn1.bbnradio.org\/portuguese\/wp-json\/wp\/v2\/pages"}],"about":[{"href":"https:\/\/bbn1.bbnradio.org\/portuguese\/wp-json\/wp\/v2\/types\/page"}],"author":[{"embeddable":true,"href":"https:\/\/bbn1.bbnradio.org\/portuguese\/wp-json\/wp\/v2\/users\/22"}],"replies":[{"embeddable":true,"href":"https:\/\/bbn1.bbnradio.org\/portuguese\/wp-json\/wp\/v2\/comments?post=7614"}],"version-history":[{"count":3,"href":"https:\/\/bbn1.bbnradio.org\/portuguese\/wp-json\/wp\/v2\/pages\/7614\/revisions"}],"predecessor-version":[{"id":12630,"href":"https:\/\/bbn1.bbnradio.org\/portuguese\/wp-json\/wp\/v2\/pages\/7614\/revisions\/12630"}],"up":[{"embeddable":true,"href":"https:\/\/bbn1.bbnradio.org\/portuguese\/wp-json\/wp\/v2\/pages\/5034"}],"wp:attachment":[{"href":"https:\/\/bbn1.bbnradio.org\/portuguese\/wp-json\/wp\/v2\/media?parent=7614"}],"wp:term":[{"taxonomy":"category","embeddable":true,"href":"https:\/\/bbn1.bbnradio.org\/portuguese\/wp-json\/wp\/v2\/categories?post=7614"},{"taxonomy":"post_tag","embeddable":true,"href":"https:\/\/bbn1.bbnradio.org\/portuguese\/wp-json\/wp\/v2\/tags?post=7614"}],"curies":[{"name":"wp","href":"https:\/\/api.w.org\/{rel}","templated":true}]}}