{"id":7616,"date":"2016-04-04T16:26:30","date_gmt":"2016-04-04T20:26:30","guid":{"rendered":"https:\/\/bbn1.bbnradio.org\/english\/?page_id=7616"},"modified":"2018-06-22T09:58:22","modified_gmt":"2018-06-22T14:58:22","slug":"escolhendo-uma-igreja","status":"publish","type":"page","link":"https:\/\/bbn1.bbnradio.org\/portuguese\/ferramentas-inicial\/o-que-a-biblia-ensina\/escolhendo-uma-igreja\/","title":{"rendered":"O Que a B\u00edblia Ensina &#8211; Escolhendo uma Igreja"},"content":{"rendered":"<p>ESCOLHENDO UMA IGREJA<\/p>\n<p>Como um crist\u00e3o pode saber a qual igreja deve se unir? Ao introduzirmos esse assunto, deve ficar claro que uma pessoa se une \u00e0 verdadeira igreja no momento de sua convers\u00e3o. Esta igreja \u00e9 constitu\u00edda por todos os verdadeiros crentes no Senhor Jesus Cristo, independentemente de ra\u00e7a, cor ou cultura. Os membros da igreja est\u00e3o espalhados pelo mundo inteiro, apesar de a igreja inteira nunca, at\u00e9 o dia de hoje, ter sido reunida em um \u00fanico lugar. <\/p>\n<p>No entanto, \u00e9 poss\u00edvel para os crist\u00e3os em muitas localidades unirem-se como membros \u00e0 igreja local e desempenhar fun\u00e7\u00f5es que est\u00e3o descritas na B\u00edblia. Essa igreja local \u00e9 a express\u00e3o da igreja universal de todos os crentes no mundo. Este encontro acontece no primeiro dia da semana (domingo) e n\u00e3o no s\u00e1bado que \u00e9 o mandamento judaico do Velho Testamento. Nos primeiro dias, os santos se reuniam nas suas pr\u00f3prias casas. Romanos 16:5, Filemom 2. Lemos \u201cE perseveravam na doutrina dos ap\u00f3stolos e na comunh\u00e3o, e no partir do p\u00e3o e nas ora\u00e7\u00f5es.\u201d Atos 2:42. Fica \u00f3bvio que \u00e9 vontade do Senhor que os crist\u00e3os devam se reunir regularmente como membros da igreja. Hebreu 10:25 cont\u00e9m um aviso contra o abandono \u201cN\u00e3o deixando a nossa congrega\u00e7\u00e3o, como \u00e9 costume de alguns.\u201d Al\u00e9m disso, grandes por\u00e7\u00f5es do Novo Testamento s\u00e3o dedicadas ao ensino dos crentes sobre os privil\u00e9gios e responsabilidades como membros do corpo local de Cristo. I Cor\u00edntios 12. <\/p>\n<p>Mesmo assim \u00e9 dif\u00edcil hoje em dia para um novo convertido saber em qual igreja deve congregar. H\u00e1 muitos grupos crist\u00e3os diferentes e grandes diferen\u00e7as em alguns dos seus ensinos.<\/p>\n<p>A lista a seguir foi feita para ajudar o novo crist\u00e3o a encontrar o caminho correto. Ao mesmo tempo, deve-se enfatizar que essa quest\u00e3o deve ser colocada em sincera ora\u00e7\u00e3o diante de Deus para que a vontade de Deus seja claramente revelada. Nossa compreens\u00e3o do que a igreja \u00e9, deve vir somente da Palavra de Deus. Tradi\u00e7\u00f5es e costumes dos homens devem ser testados pelos seus ensinos nessa \u00e1rea. Isa\u00edas 8:20. Lembre-se que uma moeda falsa \u00e9 feita para se parecer ao m\u00e1ximo com uma verdadeira, mas ao saber a verdade, voc\u00ea reconhecer\u00e1 qual \u00e9 falsa. Deus guiar\u00e1 voc\u00ea no teste da verdade pela Palavra dEle e assim testar todas as igrejas pelas qualifica\u00e7\u00f5es do Senhor.<\/p>\n<p>A. Certifique-se de que aquele grupo com que voc\u00ea se identifica reconhece a B\u00edblia como a inspirada e infal\u00edvel Palavra de Deus, e que aceita as Escrituras como autoridade final em quest\u00f5es de f\u00e9 e pr\u00e1tica. N\u00e3o \u00e9 suficiente dizer que a B\u00edblia cont\u00e9m a Palavra de Deus. A B\u00edblia \u00e9 a Palavra de Deus, portanto \u00e9 absolutamente verdadeira, por isso devemos crer nela e obedec\u00ea-la. II Tim\u00f3teo 3:16,17.<\/p>\n<p>B. Certifique-se que aqueles com quem voc\u00ea congrega t\u00eam um conceito claro e sem erros sobre a pessoa de Cristo. Muitos admitem que Ele foi um grande l\u00edder, e talvez at\u00e9 o maior homem que j\u00e1 viveu, ou usem a palavra \u201cdivino\u201d para descrev\u00ea-lo. Mas a grande verdade a respeito do nosso bendito Salvador \u00e9 que Ele \u00e9 Deus, e nada menos que isso servir\u00e1. Colossenses 2:9. <\/p>\n<p>D. Uma terceira coisa a se procurar, \u00e9 um ensino coerente sobre a obra de Cristo. A B\u00edblia ensina que o Senhor Jesus viveu uma vida sem pecado, que Ele voluntariamente morreu por nossos pecados na Cruz do Calv\u00e1rio, que Ele foi sepultado, e se levantou dos mortos e subiu aos c\u00e9us, onde Ele est\u00e1 agora, assentado \u00e0 m\u00e3o direita de Deus. I Cor\u00edntios 15:1-4. A salva\u00e7\u00e3o \u00e9 alcan\u00e7ada somente pela f\u00e9 nEle e n\u00e3o depende das obras ou m\u00e9ritos humanos. G\u00e1latas 2:16. Certifique-se de encontrar o que \u00e9 ensinado sobre seu precioso sangue. Fora desse sangue n\u00e3o h\u00e1 remiss\u00e3o de pecados. <\/p>\n<p>Al\u00e9m de corresponder aos tr\u00eas pontos anteriores, observe se a igreja local n\u00e3o contradiz, por palavra ou atos, as seguintes verdades a respeito do corpo de Cristo: <\/p>\n<p>ORDEM DA IGREJA<\/p>\n<p>A. Cristo \u00e9 a Cabe\u00e7a da igreja. Colossenses 1:18-19, Ef\u00e9sios 1:22-23. Nenhum homem pode ocupar essa posi\u00e7\u00e3o. Onde Cristo \u00e9 reconhecido como Cabe\u00e7a, a igreja olhar\u00e1 para Ele e somente para Ele buscando orienta\u00e7\u00e3o e lideran\u00e7a. <\/p>\n<p>B. Todos os crentes em Cristo Jesus s\u00e3o membros do corpo de Cristo. I Cor\u00edntios 12:12-13. Todos os filhos de Deus devem ser bem recebidos na comunh\u00e3o da igreja. (H\u00e1 no entanto, duas exce\u00e7\u00f5es \u00e0 esta regra. Aqueles que n\u00e3o aceitam a s\u00e3 doutrina, II Jo\u00e3o 10, ou aqueles que est\u00e3o em pecado, I Cor\u00edntios 5:13, esses devem ser exclu\u00eddos at\u00e9 que sejam restaurados pelo Senhor). Nenhum incr\u00e9dulo deve ser recebido voluntariamente (enquanto incr\u00e9dulo) na comunh\u00e3o da igreja.<\/p>\n<p>C. Todos os crist\u00e3os s\u00e3o sacerdotes. I Pedro 2:5-9. No novo testamento, n\u00e3o h\u00e1 distin\u00e7\u00e3o entre sacerdotes e povo. No velho testamento um sacerdote era algu\u00e9m que ficava entre Deus e o homem para oferecer um sacrif\u00edcio em seu nome. No entanto, na morte de Cristo, o v\u00e9u foi rasgado mostrando que agora todo crist\u00e3o tem direto acesso a Deus em qualquer momento. Marcos 15:27-38. Tornamo-nos sacerdotes diante dele. Apocalipse 1:5-6. Todos os crist\u00e3os podem agora entrar pela f\u00e9 na presen\u00e7a de Deus, trazendo sacrif\u00edcios de louvor, adora\u00e7\u00e3o e culto. Na igreja primitiva todos os membros foram estudantes da Palavra, todos eram ganhadores de almas, todos ocupados por Deus. Isto deveria caracterizar a igreja de hoje.<\/p>\n<p>A autoridade do Esp\u00edrito Santo deveria ser reconhecida, no louvor, na adora\u00e7\u00e3o, no minist\u00e9rio e na disciplina, deveria haver liberdade para o Esp\u00edrito Santo orientar. Sua orienta\u00e7\u00e3o e autoridade n\u00e3o deveriam ser limitadas pelas cerim\u00f4nias e organiza\u00e7\u00f5es humanas. II Cor\u00edntios 3:17, Ef\u00e9sios 4:3. Resumindo, um novo crist\u00e3o deve ter comunh\u00e3o com aqueles que reconhecem a B\u00edblia como sua \u00fanica orienta\u00e7\u00e3o, que sejam coerentes como a pessoa e a obra de Cristo, e que buscam praticar os ensinos do Novo Testamento com aten\u00e7\u00e3o \u00e0 igreja e suas fun\u00e7\u00f5es.<\/p>\n<!-- AddThis Advanced Settings generic via filter on the_content --><!-- AddThis Share Buttons generic via filter on the_content -->","protected":false},"excerpt":{"rendered":"<p>ESCOLHENDO UMA IGREJA Como um crist\u00e3o pode saber a qual igreja deve se unir? Ao introduzirmos esse assunto, deve ficar claro que uma pessoa se une \u00e0 verdadeira igreja no momento de sua convers\u00e3o. Esta igreja \u00e9 constitu\u00edda por todos os verdadeiros crentes no Senhor Jesus Cristo, independentemente de ra\u00e7a, cor ou cultura. Os membros [&hellip;]<!-- AddThis Advanced Settings generic via filter on get_the_excerpt --><!-- AddThis Share Buttons generic via filter on get_the_excerpt --><\/p>\n","protected":false},"author":22,"featured_media":0,"parent":5034,"menu_order":0,"comment_status":"closed","ping_status":"closed","template":"","meta":{"jetpack_post_was_ever_published":false,"footnotes":""},"categories":[],"tags":[],"class_list":["post-7616","page","type-page","status-publish","hentry"],"yoast_head":"<!-- This site is optimized with the Yoast SEO Premium plugin v24.8 (Yoast SEO v24.8.1) - https:\/\/yoast.com\/wordpress\/plugins\/seo\/ -->\n<title>O Que a B\u00edblia Ensina - Escolhendo uma Igreja - BBN<\/title>\n<meta name=\"robots\" content=\"index, follow, max-snippet:-1, max-image-preview:large, max-video-preview:-1\" \/>\n<link rel=\"canonical\" href=\"https:\/\/bbn1.bbnradio.org\/portuguese\/ferramentas-inicial\/o-que-a-biblia-ensina\/escolhendo-uma-igreja\/\" \/>\n<meta property=\"og:locale\" content=\"pt_BR\" \/>\n<meta property=\"og:type\" content=\"article\" \/>\n<meta property=\"og:title\" content=\"O Que a B\u00edblia Ensina - Escolhendo uma Igreja\" \/>\n<meta property=\"og:description\" content=\"ESCOLHENDO UMA IGREJA - Como um crist\u00e3o pode saber a qual igreja deve se unir?\" \/>\n<meta property=\"og:url\" content=\"https:\/\/bbn1.bbnradio.org\/portuguese\/ferramentas-inicial\/o-que-a-biblia-ensina\/escolhendo-uma-igreja\/\" \/>\n<meta property=\"og:site_name\" content=\"BBN\" \/>\n<meta property=\"article:publisher\" content=\"https:\/\/www.facebook.com\/BBNPortugues\" \/>\n<meta property=\"article:modified_time\" content=\"2018-06-22T14:58:22+00:00\" \/>\n<meta name=\"twitter:card\" content=\"summary_large_image\" \/>\n<meta name=\"twitter:title\" content=\"O Que a B\u00edblia Ensina - Escolhendo uma Igreja\" \/>\n<meta name=\"twitter:description\" content=\"ESCOLHENDO UMA IGREJA - Como um crist\u00e3o pode saber a qual igreja deve se unir?\" \/>\n<meta name=\"twitter:site\" content=\"@BBNPortugues\" \/>\n<meta name=\"twitter:label1\" content=\"Est. tempo de leitura\" \/>\n\t<meta name=\"twitter:data1\" content=\"5 minutos\" \/>\n<script type=\"application\/ld+json\" class=\"yoast-schema-graph\">{\"@context\":\"https:\/\/schema.org\",\"@graph\":[{\"@type\":\"WebPage\",\"@id\":\"https:\/\/bbn1.bbnradio.org\/portuguese\/ferramentas-inicial\/o-que-a-biblia-ensina\/escolhendo-uma-igreja\/\",\"url\":\"https:\/\/bbn1.bbnradio.org\/portuguese\/ferramentas-inicial\/o-que-a-biblia-ensina\/escolhendo-uma-igreja\/\",\"name\":\"O Que a B\u00edblia Ensina - Escolhendo uma Igreja - BBN\",\"isPartOf\":{\"@id\":\"https:\/\/bbn1.bbnradio.org\/portuguese\/#website\"},\"datePublished\":\"2016-04-04T20:26:30+00:00\",\"dateModified\":\"2018-06-22T14:58:22+00:00\",\"breadcrumb\":{\"@id\":\"https:\/\/bbn1.bbnradio.org\/portuguese\/ferramentas-inicial\/o-que-a-biblia-ensina\/escolhendo-uma-igreja\/#breadcrumb\"},\"inLanguage\":\"pt-BR\",\"potentialAction\":[{\"@type\":\"ReadAction\",\"target\":[\"https:\/\/bbn1.bbnradio.org\/portuguese\/ferramentas-inicial\/o-que-a-biblia-ensina\/escolhendo-uma-igreja\/\"]}]},{\"@type\":\"BreadcrumbList\",\"@id\":\"https:\/\/bbn1.bbnradio.org\/portuguese\/ferramentas-inicial\/o-que-a-biblia-ensina\/escolhendo-uma-igreja\/#breadcrumb\",\"itemListElement\":[{\"@type\":\"ListItem\",\"position\":1,\"name\":\"Home\",\"item\":\"https:\/\/bbn1.bbnradio.org\/portuguese\/inicio\/\"},{\"@type\":\"ListItem\",\"position\":2,\"name\":\"Ferramentas &#8211; Inicial\",\"item\":\"https:\/\/bbn1.bbnradio.org\/portuguese\/ferramentas-inicial\/\"},{\"@type\":\"ListItem\",\"position\":3,\"name\":\"O Que A B\u00edblia Ensina\",\"item\":\"https:\/\/bbn1.bbnradio.org\/portuguese\/ferramentas-inicial\/o-que-a-biblia-ensina\/\"},{\"@type\":\"ListItem\",\"position\":4,\"name\":\"O Que a B\u00edblia Ensina &#8211; Escolhendo uma Igreja\"}]},{\"@type\":\"WebSite\",\"@id\":\"https:\/\/bbn1.bbnradio.org\/portuguese\/#website\",\"url\":\"https:\/\/bbn1.bbnradio.org\/portuguese\/\",\"name\":\"BBN Portuguese\",\"description\":\"BBN\",\"potentialAction\":[{\"@type\":\"SearchAction\",\"target\":{\"@type\":\"EntryPoint\",\"urlTemplate\":\"https:\/\/bbn1.bbnradio.org\/portuguese\/?s={search_term_string}\"},\"query-input\":{\"@type\":\"PropertyValueSpecification\",\"valueRequired\":true,\"valueName\":\"search_term_string\"}}],\"inLanguage\":\"pt-BR\"}]}<\/script>\n<!-- \/ Yoast SEO Premium plugin. -->","yoast_head_json":{"title":"O Que a B\u00edblia Ensina - Escolhendo uma Igreja - BBN","robots":{"index":"index","follow":"follow","max-snippet":"max-snippet:-1","max-image-preview":"max-image-preview:large","max-video-preview":"max-video-preview:-1"},"canonical":"https:\/\/bbn1.bbnradio.org\/portuguese\/ferramentas-inicial\/o-que-a-biblia-ensina\/escolhendo-uma-igreja\/","og_locale":"pt_BR","og_type":"article","og_title":"O Que a B\u00edblia Ensina - Escolhendo uma Igreja","og_description":"ESCOLHENDO UMA IGREJA - Como um crist\u00e3o pode saber a qual igreja deve se unir?","og_url":"https:\/\/bbn1.bbnradio.org\/portuguese\/ferramentas-inicial\/o-que-a-biblia-ensina\/escolhendo-uma-igreja\/","og_site_name":"BBN","article_publisher":"https:\/\/www.facebook.com\/BBNPortugues","article_modified_time":"2018-06-22T14:58:22+00:00","twitter_card":"summary_large_image","twitter_title":"O Que a B\u00edblia Ensina - Escolhendo uma Igreja","twitter_description":"ESCOLHENDO UMA IGREJA - Como um crist\u00e3o pode saber a qual igreja deve se unir?","twitter_site":"@BBNPortugues","twitter_misc":{"Est. tempo de leitura":"5 minutos"},"schema":{"@context":"https:\/\/schema.org","@graph":[{"@type":"WebPage","@id":"https:\/\/bbn1.bbnradio.org\/portuguese\/ferramentas-inicial\/o-que-a-biblia-ensina\/escolhendo-uma-igreja\/","url":"https:\/\/bbn1.bbnradio.org\/portuguese\/ferramentas-inicial\/o-que-a-biblia-ensina\/escolhendo-uma-igreja\/","name":"O Que a B\u00edblia Ensina - Escolhendo uma Igreja - BBN","isPartOf":{"@id":"https:\/\/bbn1.bbnradio.org\/portuguese\/#website"},"datePublished":"2016-04-04T20:26:30+00:00","dateModified":"2018-06-22T14:58:22+00:00","breadcrumb":{"@id":"https:\/\/bbn1.bbnradio.org\/portuguese\/ferramentas-inicial\/o-que-a-biblia-ensina\/escolhendo-uma-igreja\/#breadcrumb"},"inLanguage":"pt-BR","potentialAction":[{"@type":"ReadAction","target":["https:\/\/bbn1.bbnradio.org\/portuguese\/ferramentas-inicial\/o-que-a-biblia-ensina\/escolhendo-uma-igreja\/"]}]},{"@type":"BreadcrumbList","@id":"https:\/\/bbn1.bbnradio.org\/portuguese\/ferramentas-inicial\/o-que-a-biblia-ensina\/escolhendo-uma-igreja\/#breadcrumb","itemListElement":[{"@type":"ListItem","position":1,"name":"Home","item":"https:\/\/bbn1.bbnradio.org\/portuguese\/inicio\/"},{"@type":"ListItem","position":2,"name":"Ferramentas &#8211; Inicial","item":"https:\/\/bbn1.bbnradio.org\/portuguese\/ferramentas-inicial\/"},{"@type":"ListItem","position":3,"name":"O Que A B\u00edblia Ensina","item":"https:\/\/bbn1.bbnradio.org\/portuguese\/ferramentas-inicial\/o-que-a-biblia-ensina\/"},{"@type":"ListItem","position":4,"name":"O Que a B\u00edblia Ensina &#8211; Escolhendo uma Igreja"}]},{"@type":"WebSite","@id":"https:\/\/bbn1.bbnradio.org\/portuguese\/#website","url":"https:\/\/bbn1.bbnradio.org\/portuguese\/","name":"BBN Portuguese","description":"BBN","potentialAction":[{"@type":"SearchAction","target":{"@type":"EntryPoint","urlTemplate":"https:\/\/bbn1.bbnradio.org\/portuguese\/?s={search_term_string}"},"query-input":{"@type":"PropertyValueSpecification","valueRequired":true,"valueName":"search_term_string"}}],"inLanguage":"pt-BR"}]}},"jetpack_sharing_enabled":true,"jetpack_shortlink":"https:\/\/wp.me\/P85nO0-1YQ","_links":{"self":[{"href":"https:\/\/bbn1.bbnradio.org\/portuguese\/wp-json\/wp\/v2\/pages\/7616","targetHints":{"allow":["GET"]}}],"collection":[{"href":"https:\/\/bbn1.bbnradio.org\/portuguese\/wp-json\/wp\/v2\/pages"}],"about":[{"href":"https:\/\/bbn1.bbnradio.org\/portuguese\/wp-json\/wp\/v2\/types\/page"}],"author":[{"embeddable":true,"href":"https:\/\/bbn1.bbnradio.org\/portuguese\/wp-json\/wp\/v2\/users\/22"}],"replies":[{"embeddable":true,"href":"https:\/\/bbn1.bbnradio.org\/portuguese\/wp-json\/wp\/v2\/comments?post=7616"}],"version-history":[{"count":1,"href":"https:\/\/bbn1.bbnradio.org\/portuguese\/wp-json\/wp\/v2\/pages\/7616\/revisions"}],"predecessor-version":[{"id":12633,"href":"https:\/\/bbn1.bbnradio.org\/portuguese\/wp-json\/wp\/v2\/pages\/7616\/revisions\/12633"}],"up":[{"embeddable":true,"href":"https:\/\/bbn1.bbnradio.org\/portuguese\/wp-json\/wp\/v2\/pages\/5034"}],"wp:attachment":[{"href":"https:\/\/bbn1.bbnradio.org\/portuguese\/wp-json\/wp\/v2\/media?parent=7616"}],"wp:term":[{"taxonomy":"category","embeddable":true,"href":"https:\/\/bbn1.bbnradio.org\/portuguese\/wp-json\/wp\/v2\/categories?post=7616"},{"taxonomy":"post_tag","embeddable":true,"href":"https:\/\/bbn1.bbnradio.org\/portuguese\/wp-json\/wp\/v2\/tags?post=7616"}],"curies":[{"name":"wp","href":"https:\/\/api.w.org\/{rel}","templated":true}]}}