{"id":7618,"date":"2016-04-04T16:27:40","date_gmt":"2016-04-04T20:27:40","guid":{"rendered":"https:\/\/bbn1.bbnradio.org\/english\/?page_id=7618"},"modified":"2018-06-25T10:36:59","modified_gmt":"2018-06-25T15:36:59","slug":"desejando-a-vontade-de-deus","status":"publish","type":"page","link":"https:\/\/bbn1.bbnradio.org\/portuguese\/ferramentas-inicial\/o-que-a-biblia-ensina\/desejando-a-vontade-de-deus\/","title":{"rendered":"O Que A B\u00edblia Ensina &#8211; Desejando a Vontade de Deus"},"content":{"rendered":"<p>DESEJANDO A VONTADE DE DEUS<\/p>\n<p>Como pode um crist\u00e3o conhecer a vontade de Deus em sua vida? Todo crist\u00e3o deveria estar profundamente interessado em conhecer a vontade de Deus. A n\u00e3o ser conhecendo e obedecendo ao plano de Deus, nossas vidas ser\u00e3o desperdi\u00e7adas e n\u00e3o poderemos ouvir do Senhor \u201cservo bom e fiel.\u201d As Escrituras enfatizam que Deus revela sua vontade \u00e0queles que realmente desejarem conhec\u00ea-la. Jo\u00e3o 17:7. \u00c9 um privil\u00e9gio que deveria ser uma experi\u00eancia normal de cada crist\u00e3o. Romanos 12:2.<\/p>\n<p>Se algu\u00e9m apenas busca orienta\u00e7\u00e3o para um problema moment\u00e2neo ou para qual carreira deve seguir toda a sua vida, h\u00e1 cinco passos a serem seguidos. Eles podem ser resumidos nos seguintes: RENDER-SE, CONFESSAR, ORAR, ESTUDAR, ESPERAR.<\/p>\n<p>A. RENDER-SE \u00e9 se colocar \u00e0 disposi\u00e7\u00e3o do Senhor. Isto significa colocar de lado ambi\u00e7\u00f5es, esperan\u00e7as e desejos pessoais. Significa desejar Seu caminho de forma suprema. Paulo rendeu-se ao perguntar \u201cQue queres que eu fa\u00e7a?\u201d. Isa\u00edas rendeu-se quando disse: \u201cEis-me aqui, envia-me a mim\u201d. Amasias rendeu-se quando lemos \u201cvoluntariamente se entregou ao Senhor\u201d. II Cr\u00f4nicas 17:16. <\/p>\n<p>B. CONFESSAR. Se quisermos estar no centro de sua vontade, temos que confessar e abandonar qualquer pecado secreto que acalentarmos. Lembre-se das palavras do salmista, &#8220;Se eu atender \u00e0 iniq\u00fcidade no meu cora\u00e7\u00e3o, o Senhor n\u00e3o me ouvir\u00e1.\u201d Salmo 66:18. Dever\u00edamos tamb\u00e9m confessar nossa incapacidade e inutilidade e depender do Seu poder. Salmo 139:23-24. Devemos tamb\u00e9m confessar a Cristo diante dos homens. Atos 1:8.<\/p>\n<p>C. ORAR. Simplesmente significa que devemos nos apresentar diante de Deus com regularidade, pedindo sua dire\u00e7\u00e3o. Devemos clamar por Sua promessa de orienta\u00e7\u00e3o, pedir que Ele fa\u00e7a o que disse que faria. Nossas ora\u00e7\u00f5es deveriam ter a Sua gl\u00f3ria como alvo principal. Colossenses 1:9-4:12. <\/p>\n<p>D. ESTUDAR. Gaste muito tempo com a Palavra de Deus. Leia a B\u00edblia enquanto estiver de joelhos, pedindo a Deus que fale atrav\u00e9s dela. Leia a B\u00edblia lentamente, meditando e esperando a resposta de Deus. II Tim\u00f3teo 2:15.<\/p>\n<p>E. ESPERAR. Se Deus n\u00e3o responder imediatamente, espere. Salmo 62:6.Se voc\u00ea orar pedindo orienta\u00e7\u00e3o e nenhuma resposta vier, ent\u00e3o a orienta\u00e7\u00e3o de Deus \u00e9 para voc\u00ea ficar onde est\u00e1. Se voc\u00ea estiver de fato confiando no Senhor, n\u00e3o ter\u00e1 pressa.&#8221;Aquele que cr\u00ea n\u00e3o se apresse.\u201d Isa\u00edas 28:16. Deus revela Sua vontade a n\u00f3s de diferentes formas. Ele pode usar algu\u00e9m, uma combina\u00e7\u00e3o ou os seguintes m\u00e9todos:<\/p>\n<p>1. Orienta\u00e7\u00e3o atrav\u00e9s da Palavra. As Escrituras mostram a dire\u00e7\u00e3o de duas formas. Primeira, definitivamente pro\u00edbe certas a\u00e7\u00f5es. Por exemplo, se um crist\u00e3o estiver orando pedindo orienta\u00e7\u00e3o se deveria casar-se com uma mo\u00e7a n\u00e3o crente, ele poderia achar a resposta em II Cor\u00edntios 6:14. Por outro lado, Deus usa certos versos para determinar determinadas a\u00e7\u00f5es. Muitas vezes, um verso nunca percebido antes, assume um novo sentido dizendo a voc\u00ea o que fazer no mesmo instante em que voc\u00ea est\u00e1 orando por dire\u00e7\u00e3o. Salmo 119:105.<\/p>\n<p>2. Orienta\u00e7\u00e3o atrav\u00e9s de outros crist\u00e3os. As vezes \u00e9 de grande ajuda ouvir o conselho de crist\u00e3os mais maduros e espirituais. Suas experi\u00eancias e conselhos muitas vezes podem salvar um jovem de s\u00e9rias armadilhas. Hebreus 13:7-17. <\/p>\n<p>3.Orienta\u00e7\u00e3o atrav\u00e9s das circunst\u00e2ncias. Uma vez que Deus est\u00e1 no controle do todo o universo, Ele pode e muitas vezes planeja as circunst\u00e2ncias em nossa vida para revelar Sua vontade. Uma carta, um e-mail, uma mensagem ouvida no r\u00e1dio ou na internet, pode chegar no momento exato trazendo a informa\u00e7\u00e3o necess\u00e1ria para apontar o caminho.<\/p>\n<p>4. Orienta\u00e7\u00e3o atrav\u00e9s do Esp\u00edrito Santo. O Esp\u00edrito pode influenciar nossas convic\u00e7\u00f5es, desejos ou inclina\u00e7\u00f5es de tal forma a tornar clara a vontade de Deus. Nesses casos, a orienta\u00e7\u00e3o \u00e9 t\u00e3o \u00f3bvia que recus\u00e1-la \u00e9 o mesmo que desobedecer. Atos 11:12, 16:6-7. <\/p>\n<p>5. Uma palavra a mais. Se Deus lhe der luz, caminhe nela. Atos 26:19. A orienta\u00e7\u00e3o deve obedecida para ser continuada. A obedi\u00eancia \u00e9 a base de uma vida de  felicidade verdadeira  e de valor duradouro.<\/p>\n<!-- AddThis Advanced Settings generic via filter on the_content --><!-- AddThis Share Buttons generic via filter on the_content -->","protected":false},"excerpt":{"rendered":"<p>DESEJANDO A VONTADE DE DEUS Como pode um crist\u00e3o conhecer a vontade de Deus em sua vida? Todo crist\u00e3o deveria estar profundamente interessado em conhecer a vontade de Deus. A n\u00e3o ser conhecendo e obedecendo ao plano de Deus, nossas vidas ser\u00e3o desperdi\u00e7adas e n\u00e3o poderemos ouvir do Senhor \u201cservo bom e fiel.\u201d As Escrituras [&hellip;]<!-- AddThis Advanced Settings generic via filter on get_the_excerpt --><!-- AddThis Share Buttons generic via filter on get_the_excerpt --><\/p>\n","protected":false},"author":22,"featured_media":0,"parent":5034,"menu_order":0,"comment_status":"closed","ping_status":"closed","template":"","meta":{"jetpack_post_was_ever_published":false,"footnotes":""},"categories":[],"tags":[],"class_list":["post-7618","page","type-page","status-publish","hentry"],"yoast_head":"<!-- This site is optimized with the Yoast SEO Premium plugin v24.8 (Yoast SEO v24.8.1) - https:\/\/yoast.com\/wordpress\/plugins\/seo\/ -->\n<title>O Que A B\u00edblia Ensina - Desejando a Vontade de Deus - BBN<\/title>\n<meta name=\"robots\" content=\"index, follow, max-snippet:-1, max-image-preview:large, max-video-preview:-1\" \/>\n<link rel=\"canonical\" href=\"https:\/\/bbn1.bbnradio.org\/portuguese\/ferramentas-inicial\/o-que-a-biblia-ensina\/desejando-a-vontade-de-deus\/\" \/>\n<meta property=\"og:locale\" content=\"pt_BR\" \/>\n<meta property=\"og:type\" content=\"article\" \/>\n<meta property=\"og:title\" content=\"O Que A B\u00edblia Ensina - Desejando a Vontade de Deus\" \/>\n<meta property=\"og:description\" content=\"Como pode um crist\u00e3o conhecer a vontade de Deus em sua vida? Todo crist\u00e3o deveria estar profundamente interessado em conhecer a vontade de Deus. A n\u00e3o ser conhecendo e obedecendo ao plano de Deus, nossas vidas ser\u00e3o desperdi\u00e7adas\" \/>\n<meta property=\"og:url\" content=\"https:\/\/bbn1.bbnradio.org\/portuguese\/ferramentas-inicial\/o-que-a-biblia-ensina\/desejando-a-vontade-de-deus\/\" \/>\n<meta property=\"og:site_name\" content=\"BBN\" \/>\n<meta property=\"article:publisher\" content=\"https:\/\/www.facebook.com\/BBNPortugues\" \/>\n<meta property=\"article:modified_time\" content=\"2018-06-25T15:36:59+00:00\" \/>\n<meta name=\"twitter:card\" content=\"summary_large_image\" \/>\n<meta name=\"twitter:title\" content=\"O Que A B\u00edblia Ensina - Desejando a Vontade de Deus\" \/>\n<meta name=\"twitter:description\" content=\"Como pode um crist\u00e3o conhecer a vontade de Deus em sua vida? Todo crist\u00e3o deveria estar profundamente interessado em conhecer a vontade de Deus. A n\u00e3o ser conhecendo e obedecendo ao plano de Deus, nossas vidas ser\u00e3o desperdi\u00e7adas\" \/>\n<meta name=\"twitter:site\" content=\"@BBNPortugues\" \/>\n<meta name=\"twitter:label1\" content=\"Est. tempo de leitura\" \/>\n\t<meta name=\"twitter:data1\" content=\"3 minutos\" \/>\n<script type=\"application\/ld+json\" class=\"yoast-schema-graph\">{\"@context\":\"https:\/\/schema.org\",\"@graph\":[{\"@type\":\"WebPage\",\"@id\":\"https:\/\/bbn1.bbnradio.org\/portuguese\/ferramentas-inicial\/o-que-a-biblia-ensina\/desejando-a-vontade-de-deus\/\",\"url\":\"https:\/\/bbn1.bbnradio.org\/portuguese\/ferramentas-inicial\/o-que-a-biblia-ensina\/desejando-a-vontade-de-deus\/\",\"name\":\"O Que A B\u00edblia Ensina - Desejando a Vontade de Deus - BBN\",\"isPartOf\":{\"@id\":\"https:\/\/bbn1.bbnradio.org\/portuguese\/#website\"},\"datePublished\":\"2016-04-04T20:27:40+00:00\",\"dateModified\":\"2018-06-25T15:36:59+00:00\",\"breadcrumb\":{\"@id\":\"https:\/\/bbn1.bbnradio.org\/portuguese\/ferramentas-inicial\/o-que-a-biblia-ensina\/desejando-a-vontade-de-deus\/#breadcrumb\"},\"inLanguage\":\"pt-BR\",\"potentialAction\":[{\"@type\":\"ReadAction\",\"target\":[\"https:\/\/bbn1.bbnradio.org\/portuguese\/ferramentas-inicial\/o-que-a-biblia-ensina\/desejando-a-vontade-de-deus\/\"]}]},{\"@type\":\"BreadcrumbList\",\"@id\":\"https:\/\/bbn1.bbnradio.org\/portuguese\/ferramentas-inicial\/o-que-a-biblia-ensina\/desejando-a-vontade-de-deus\/#breadcrumb\",\"itemListElement\":[{\"@type\":\"ListItem\",\"position\":1,\"name\":\"Home\",\"item\":\"https:\/\/bbn1.bbnradio.org\/portuguese\/inicio\/\"},{\"@type\":\"ListItem\",\"position\":2,\"name\":\"Ferramentas &#8211; Inicial\",\"item\":\"https:\/\/bbn1.bbnradio.org\/portuguese\/ferramentas-inicial\/\"},{\"@type\":\"ListItem\",\"position\":3,\"name\":\"O Que A B\u00edblia Ensina\",\"item\":\"https:\/\/bbn1.bbnradio.org\/portuguese\/ferramentas-inicial\/o-que-a-biblia-ensina\/\"},{\"@type\":\"ListItem\",\"position\":4,\"name\":\"O Que A B\u00edblia Ensina &#8211; Desejando a Vontade de Deus\"}]},{\"@type\":\"WebSite\",\"@id\":\"https:\/\/bbn1.bbnradio.org\/portuguese\/#website\",\"url\":\"https:\/\/bbn1.bbnradio.org\/portuguese\/\",\"name\":\"BBN Portuguese\",\"description\":\"BBN\",\"potentialAction\":[{\"@type\":\"SearchAction\",\"target\":{\"@type\":\"EntryPoint\",\"urlTemplate\":\"https:\/\/bbn1.bbnradio.org\/portuguese\/?s={search_term_string}\"},\"query-input\":{\"@type\":\"PropertyValueSpecification\",\"valueRequired\":true,\"valueName\":\"search_term_string\"}}],\"inLanguage\":\"pt-BR\"}]}<\/script>\n<!-- \/ Yoast SEO Premium plugin. -->","yoast_head_json":{"title":"O Que A B\u00edblia Ensina - Desejando a Vontade de Deus - BBN","robots":{"index":"index","follow":"follow","max-snippet":"max-snippet:-1","max-image-preview":"max-image-preview:large","max-video-preview":"max-video-preview:-1"},"canonical":"https:\/\/bbn1.bbnradio.org\/portuguese\/ferramentas-inicial\/o-que-a-biblia-ensina\/desejando-a-vontade-de-deus\/","og_locale":"pt_BR","og_type":"article","og_title":"O Que A B\u00edblia Ensina - Desejando a Vontade de Deus","og_description":"Como pode um crist\u00e3o conhecer a vontade de Deus em sua vida? Todo crist\u00e3o deveria estar profundamente interessado em conhecer a vontade de Deus. A n\u00e3o ser conhecendo e obedecendo ao plano de Deus, nossas vidas ser\u00e3o desperdi\u00e7adas","og_url":"https:\/\/bbn1.bbnradio.org\/portuguese\/ferramentas-inicial\/o-que-a-biblia-ensina\/desejando-a-vontade-de-deus\/","og_site_name":"BBN","article_publisher":"https:\/\/www.facebook.com\/BBNPortugues","article_modified_time":"2018-06-25T15:36:59+00:00","twitter_card":"summary_large_image","twitter_title":"O Que A B\u00edblia Ensina - Desejando a Vontade de Deus","twitter_description":"Como pode um crist\u00e3o conhecer a vontade de Deus em sua vida? Todo crist\u00e3o deveria estar profundamente interessado em conhecer a vontade de Deus. A n\u00e3o ser conhecendo e obedecendo ao plano de Deus, nossas vidas ser\u00e3o desperdi\u00e7adas","twitter_site":"@BBNPortugues","twitter_misc":{"Est. tempo de leitura":"3 minutos"},"schema":{"@context":"https:\/\/schema.org","@graph":[{"@type":"WebPage","@id":"https:\/\/bbn1.bbnradio.org\/portuguese\/ferramentas-inicial\/o-que-a-biblia-ensina\/desejando-a-vontade-de-deus\/","url":"https:\/\/bbn1.bbnradio.org\/portuguese\/ferramentas-inicial\/o-que-a-biblia-ensina\/desejando-a-vontade-de-deus\/","name":"O Que A B\u00edblia Ensina - Desejando a Vontade de Deus - BBN","isPartOf":{"@id":"https:\/\/bbn1.bbnradio.org\/portuguese\/#website"},"datePublished":"2016-04-04T20:27:40+00:00","dateModified":"2018-06-25T15:36:59+00:00","breadcrumb":{"@id":"https:\/\/bbn1.bbnradio.org\/portuguese\/ferramentas-inicial\/o-que-a-biblia-ensina\/desejando-a-vontade-de-deus\/#breadcrumb"},"inLanguage":"pt-BR","potentialAction":[{"@type":"ReadAction","target":["https:\/\/bbn1.bbnradio.org\/portuguese\/ferramentas-inicial\/o-que-a-biblia-ensina\/desejando-a-vontade-de-deus\/"]}]},{"@type":"BreadcrumbList","@id":"https:\/\/bbn1.bbnradio.org\/portuguese\/ferramentas-inicial\/o-que-a-biblia-ensina\/desejando-a-vontade-de-deus\/#breadcrumb","itemListElement":[{"@type":"ListItem","position":1,"name":"Home","item":"https:\/\/bbn1.bbnradio.org\/portuguese\/inicio\/"},{"@type":"ListItem","position":2,"name":"Ferramentas &#8211; Inicial","item":"https:\/\/bbn1.bbnradio.org\/portuguese\/ferramentas-inicial\/"},{"@type":"ListItem","position":3,"name":"O Que A B\u00edblia Ensina","item":"https:\/\/bbn1.bbnradio.org\/portuguese\/ferramentas-inicial\/o-que-a-biblia-ensina\/"},{"@type":"ListItem","position":4,"name":"O Que A B\u00edblia Ensina &#8211; Desejando a Vontade de Deus"}]},{"@type":"WebSite","@id":"https:\/\/bbn1.bbnradio.org\/portuguese\/#website","url":"https:\/\/bbn1.bbnradio.org\/portuguese\/","name":"BBN Portuguese","description":"BBN","potentialAction":[{"@type":"SearchAction","target":{"@type":"EntryPoint","urlTemplate":"https:\/\/bbn1.bbnradio.org\/portuguese\/?s={search_term_string}"},"query-input":{"@type":"PropertyValueSpecification","valueRequired":true,"valueName":"search_term_string"}}],"inLanguage":"pt-BR"}]}},"jetpack_sharing_enabled":true,"jetpack_shortlink":"https:\/\/wp.me\/P85nO0-1YS","_links":{"self":[{"href":"https:\/\/bbn1.bbnradio.org\/portuguese\/wp-json\/wp\/v2\/pages\/7618","targetHints":{"allow":["GET"]}}],"collection":[{"href":"https:\/\/bbn1.bbnradio.org\/portuguese\/wp-json\/wp\/v2\/pages"}],"about":[{"href":"https:\/\/bbn1.bbnradio.org\/portuguese\/wp-json\/wp\/v2\/types\/page"}],"author":[{"embeddable":true,"href":"https:\/\/bbn1.bbnradio.org\/portuguese\/wp-json\/wp\/v2\/users\/22"}],"replies":[{"embeddable":true,"href":"https:\/\/bbn1.bbnradio.org\/portuguese\/wp-json\/wp\/v2\/comments?post=7618"}],"version-history":[{"count":2,"href":"https:\/\/bbn1.bbnradio.org\/portuguese\/wp-json\/wp\/v2\/pages\/7618\/revisions"}],"predecessor-version":[{"id":12886,"href":"https:\/\/bbn1.bbnradio.org\/portuguese\/wp-json\/wp\/v2\/pages\/7618\/revisions\/12886"}],"up":[{"embeddable":true,"href":"https:\/\/bbn1.bbnradio.org\/portuguese\/wp-json\/wp\/v2\/pages\/5034"}],"wp:attachment":[{"href":"https:\/\/bbn1.bbnradio.org\/portuguese\/wp-json\/wp\/v2\/media?parent=7618"}],"wp:term":[{"taxonomy":"category","embeddable":true,"href":"https:\/\/bbn1.bbnradio.org\/portuguese\/wp-json\/wp\/v2\/categories?post=7618"},{"taxonomy":"post_tag","embeddable":true,"href":"https:\/\/bbn1.bbnradio.org\/portuguese\/wp-json\/wp\/v2\/tags?post=7618"}],"curies":[{"name":"wp","href":"https:\/\/api.w.org\/{rel}","templated":true}]}}