{"id":7620,"date":"2016-04-04T16:28:49","date_gmt":"2016-04-04T20:28:49","guid":{"rendered":"https:\/\/bbn1.bbnradio.org\/english\/?page_id=7620"},"modified":"2018-06-22T15:09:46","modified_gmt":"2018-06-22T20:09:46","slug":"a-biblia-ensina-a-pratica-da-oracao","status":"publish","type":"page","link":"https:\/\/bbn1.bbnradio.org\/portuguese\/ferramentas-inicial\/o-que-a-biblia-ensina\/a-biblia-ensina-a-pratica-da-oracao\/","title":{"rendered":"O que a B\u00edblia Ensina &#8211; A Pr\u00e1tica da Ora\u00e7\u00e3o"},"content":{"rendered":"<p>A PR\u00c1TICA DA ORA\u00c7\u00c3O<\/p>\n<p>O que a B\u00edblia ensina sobre ora\u00e7\u00e3o? A vida crist\u00e3 n\u00e3o pode ter progresso em qualquer \u00e1rea da vida sem ora\u00e7\u00e3o. \u00c9 importante para o novo crist\u00e3o saber o que a B\u00edblia ensina sobre isso. Os t\u00f3picos seguintes procuram responder algumas quest\u00f5es b\u00e1sicas: <\/p>\n<p>A. Por que orar?<\/p>\n<p>Porque a B\u00edblia nos ordena a faz\u00ea-lo. I Tim\u00f3teo 2:8. O Senhor Jesus foi um homem de ora\u00e7\u00e3o. Se Ele sentiu essa necessidade, quanto mais n\u00f3s! I Tessalonicenses 5:17-18, Ef\u00e9sios 6:18. <\/p>\n<p>B. Com que freq\u00fc\u00eancia? <\/p>\n<p>Devemos estabelecer certos hor\u00e1rios durante o dia para orarmos e devemos orar tamb\u00e9m entre estes momentos. \u00c9 uma boa pr\u00e1tica orar ao amanhecer e na hora de dormir \u00e0 noite. Durante o dia, devemos olhar para o Senhor quando surgirem os problemas, quando ajuda ou sabedoria for necess\u00e1ria ou quando queremos agradec\u00ea-lo por algo. Neemias sempre levantava aos c\u00e9us \u201cora\u00e7\u00f5es frases\u201d na batalha ou construindo os muros. Certamente cada crist\u00e3o deveria abaixar a cabe\u00e7a e dar gra\u00e7as antes da refei\u00e7\u00e3o, quer em p\u00fablico quer em casa. <\/p>\n<p>C. Em que posi\u00e7\u00e3o?<\/p>\n<p>Daniel se ajoelhava quando orava. Daniel 6:10.Tamb\u00e9m Jesus o fazia. Neemias, por outro lado, orava diante do rei. Neemias 2:4. Em geral em casa, os crist\u00e3os se ajoelham, mas \u00e9 um privil\u00e9gio grande poder falar com Deus na caminhada na rua ou quando envolvidos nas atividades di\u00e1rias. <\/p>\n<p>D. Com que prop\u00f3sito? <\/p>\n<p>Entre as Escrituras que respondem a esta pergunta est\u00e3o: Filipenses 4:6, I Tim\u00f3teo 2:1-3 e Mateus 9:38. N\u00e3o h\u00e1 nada pequeno demais nem grande demais para a ora\u00e7\u00e3o. Muitos crentes acham \u00fatil manter uma lista de ora\u00e7\u00e3o onde podem registrar coisas como: 1.Nomes dos parentes e amigos n\u00e3o crentes. 2. Nomes de pessoas carentes e doentes. 3. Nomes de servos do Senhor como mission\u00e1rios, evangelistas e professores.<\/p>\n<p>N\u00e3o se esque\u00e7a de incluir louvor em suas ora\u00e7\u00f5es e se certificar que o foco \u00e9 para a gl\u00f3ria de Deus. Quando voc\u00ea ora especificamente, recebe respostas espec\u00edficas, mas quando se ora por pessoas em geral, sem mencionar os seus nomes, voc\u00ea n\u00e3o ter\u00e1 como saber se suas ora\u00e7\u00f5es foram atendidas. <\/p>\n<p>E. Condi\u00e7\u00f5es para uma ora\u00e7\u00e3o ser atendida.<\/p>\n<p>Se estivermos em Cristo, nossos pedidos ser\u00e3o respondidos. Jo\u00e3o 15:7. Estar em Cristo significa guardar Seus mandamentos. I Jo\u00e3o 3:22.(1) Nossas ora\u00e7\u00f5es devem estar de acordo com Sua vontade. I Jo\u00e3o 5:14. Sabendo que a vontade de Deus est\u00e1 expressa em sua Palavra, nossos pedidos devem estar de acordo com as Escrituras. Portanto, ore na linguagem da B\u00edblia. (2) Nossas ora\u00e7\u00f5es devem ser oferecidas no Nome de Cristo. Jo\u00e3o 14:13, 16:23. Quando verdadeiramente pedimos em Seu Nome, \u00e9 o mesmo que se Ele estivesse pedindo a Deus. (3) Nossos motivos devem ser puros. Tiago 4:3. Se nossos motivos s\u00e3o ego\u00edstas e pecaminosos, n\u00e3o podemos esperar uma resposta. <\/p>\n<p>F. Qual \u00e9 a linguagem da ora\u00e7\u00e3o? <\/p>\n<p>Devemos nos dirigir a Deus com rever\u00eancia. Crist\u00e3os geralmente usam palavras como \u201cV\u00f3s\u201d e \u201cTu\u201d em vez do t\u00e3o comum \u201cvoc\u00ea\u201d ao falar com o Pai.<\/p>\n<p>G. Perigos na ora\u00e7\u00e3o. <\/p>\n<p>(1) N\u00e3o ore para ser visto. Mateus 6:5-6. <\/p>\n<p>(2) N\u00e3o pe\u00e7a a Deus por algo que voc\u00ea mesmo possa fazer. Ningu\u00e9m em seu ju\u00edzo perfeito entraria na frente de um carro em movimento e depois pediria Deus para traz\u00ea-lo de volta \u00e0 cal\u00e7ada. Deus lhe deu pernas para lhe trazer de volta.<\/p>\n<p>(3) N\u00e3o pe\u00e7a nada que voc\u00ea sabe que n\u00e3o deveria ter! \u00c0s vezes Deus atende tais pedidos mas traz escassez para a alma. Salmo 106:15<\/p>\n<p>(4) Evite repeti\u00e7\u00f5es desnecess\u00e1rias. Mateus 6:7, Eclesiastes 5:2.<\/p>\n<p>H. Outras sugest\u00f5es.<\/p>\n<p>1. Se voc\u00ea perceber que sua mente divaga enquanto est\u00e1 de joelhos, tente orar em voz alta. Isso ajuda grandemente na concentra\u00e7\u00e3o. <\/p>\n<p>2. N\u00e3o desanime se sua resposta n\u00e3o vier imediatamente. As respostas de Deus nunca chegam cedo demais, para que n\u00e3o percamos a ben\u00e7\u00e3o de aprender a esperar nele, e nunca tarde demais, para que n\u00e3o pensemos que confiamos nele em v\u00e3o.<\/p>\n<p>3. Se a resposta de Deus n\u00e3o \u00e9 exatamente o que voc\u00ea pediu, lembre-se disso: Deus reserva-se o direito de dar-nos algo melhor do que aquilo que pedimos. N\u00e3o sabemos o que \u00e9 melhor para n\u00f3s, mas Ele sabe, e ent\u00e3o nos d\u00e1 algo que n\u00e3o poder\u00edamos pedir ou imaginar. II Cor\u00edntios 12:8-9.<\/p>\n<!-- AddThis Advanced Settings generic via filter on the_content --><!-- AddThis Share Buttons generic via filter on the_content -->","protected":false},"excerpt":{"rendered":"<p>A PR\u00c1TICA DA ORA\u00c7\u00c3O O que a B\u00edblia ensina sobre ora\u00e7\u00e3o? A vida crist\u00e3 n\u00e3o pode ter progresso em qualquer \u00e1rea da vida sem ora\u00e7\u00e3o. \u00c9 importante para o novo crist\u00e3o saber o que a B\u00edblia ensina sobre isso. Os t\u00f3picos seguintes procuram responder algumas quest\u00f5es b\u00e1sicas: A. Por que orar? Porque a B\u00edblia nos [&hellip;]<!-- AddThis Advanced Settings generic via filter on get_the_excerpt --><!-- AddThis Share Buttons generic via filter on get_the_excerpt --><\/p>\n","protected":false},"author":22,"featured_media":0,"parent":5034,"menu_order":0,"comment_status":"closed","ping_status":"closed","template":"","meta":{"jetpack_post_was_ever_published":false,"footnotes":""},"categories":[],"tags":[],"class_list":["post-7620","page","type-page","status-publish","hentry"],"yoast_head":"<!-- This site is optimized with the Yoast SEO Premium plugin v24.8 (Yoast SEO v24.8.1) - https:\/\/yoast.com\/wordpress\/plugins\/seo\/ -->\n<title>O que a B\u00edblia Ensina - A Pr\u00e1tica da Ora\u00e7\u00e3o - BBN<\/title>\n<meta name=\"robots\" content=\"index, follow, max-snippet:-1, max-image-preview:large, max-video-preview:-1\" \/>\n<link rel=\"canonical\" href=\"https:\/\/bbn1.bbnradio.org\/portuguese\/ferramentas-inicial\/o-que-a-biblia-ensina\/a-biblia-ensina-a-pratica-da-oracao\/\" \/>\n<meta property=\"og:locale\" content=\"pt_BR\" \/>\n<meta property=\"og:type\" content=\"article\" \/>\n<meta property=\"og:title\" content=\"O que a B\u00edblia Ensina sobre a Pr\u00e1tica da Ora\u00e7\u00e3o\" \/>\n<meta property=\"og:description\" content=\"A vida crist\u00e3 n\u00e3o pode ter progresso em qualquer \u00e1rea da vida sem ora\u00e7\u00e3o. \u00c9 importante para o novo crist\u00e3o saber o que a B\u00edblia ensina...\" \/>\n<meta property=\"og:url\" content=\"https:\/\/bbn1.bbnradio.org\/portuguese\/ferramentas-inicial\/o-que-a-biblia-ensina\/a-biblia-ensina-a-pratica-da-oracao\/\" \/>\n<meta property=\"og:site_name\" content=\"BBN\" \/>\n<meta property=\"article:publisher\" content=\"https:\/\/www.facebook.com\/BBNPortugues\" \/>\n<meta property=\"article:modified_time\" content=\"2018-06-22T20:09:46+00:00\" \/>\n<meta name=\"twitter:card\" content=\"summary_large_image\" \/>\n<meta name=\"twitter:title\" content=\"O que a B\u00edblia Ensina sobre a Pr\u00e1tica da Ora\u00e7\u00e3o\" \/>\n<meta name=\"twitter:description\" content=\"A vida crist\u00e3 n\u00e3o pode ter progresso em qualquer \u00e1rea da vida sem ora\u00e7\u00e3o. \u00c9 importante para o novo crist\u00e3o saber o que a B\u00edblia ensina...\" \/>\n<meta name=\"twitter:site\" content=\"@BBNPortugues\" \/>\n<meta name=\"twitter:label1\" content=\"Est. tempo de leitura\" \/>\n\t<meta name=\"twitter:data1\" content=\"4 minutos\" \/>\n<script type=\"application\/ld+json\" class=\"yoast-schema-graph\">{\"@context\":\"https:\/\/schema.org\",\"@graph\":[{\"@type\":\"WebPage\",\"@id\":\"https:\/\/bbn1.bbnradio.org\/portuguese\/ferramentas-inicial\/o-que-a-biblia-ensina\/a-biblia-ensina-a-pratica-da-oracao\/\",\"url\":\"https:\/\/bbn1.bbnradio.org\/portuguese\/ferramentas-inicial\/o-que-a-biblia-ensina\/a-biblia-ensina-a-pratica-da-oracao\/\",\"name\":\"O que a B\u00edblia Ensina - A Pr\u00e1tica da Ora\u00e7\u00e3o - BBN\",\"isPartOf\":{\"@id\":\"https:\/\/bbn1.bbnradio.org\/portuguese\/#website\"},\"datePublished\":\"2016-04-04T20:28:49+00:00\",\"dateModified\":\"2018-06-22T20:09:46+00:00\",\"breadcrumb\":{\"@id\":\"https:\/\/bbn1.bbnradio.org\/portuguese\/ferramentas-inicial\/o-que-a-biblia-ensina\/a-biblia-ensina-a-pratica-da-oracao\/#breadcrumb\"},\"inLanguage\":\"pt-BR\",\"potentialAction\":[{\"@type\":\"ReadAction\",\"target\":[\"https:\/\/bbn1.bbnradio.org\/portuguese\/ferramentas-inicial\/o-que-a-biblia-ensina\/a-biblia-ensina-a-pratica-da-oracao\/\"]}]},{\"@type\":\"BreadcrumbList\",\"@id\":\"https:\/\/bbn1.bbnradio.org\/portuguese\/ferramentas-inicial\/o-que-a-biblia-ensina\/a-biblia-ensina-a-pratica-da-oracao\/#breadcrumb\",\"itemListElement\":[{\"@type\":\"ListItem\",\"position\":1,\"name\":\"Home\",\"item\":\"https:\/\/bbn1.bbnradio.org\/portuguese\/inicio\/\"},{\"@type\":\"ListItem\",\"position\":2,\"name\":\"Ferramentas &#8211; Inicial\",\"item\":\"https:\/\/bbn1.bbnradio.org\/portuguese\/ferramentas-inicial\/\"},{\"@type\":\"ListItem\",\"position\":3,\"name\":\"O Que A B\u00edblia Ensina\",\"item\":\"https:\/\/bbn1.bbnradio.org\/portuguese\/ferramentas-inicial\/o-que-a-biblia-ensina\/\"},{\"@type\":\"ListItem\",\"position\":4,\"name\":\"O que a B\u00edblia Ensina &#8211; A Pr\u00e1tica da Ora\u00e7\u00e3o\"}]},{\"@type\":\"WebSite\",\"@id\":\"https:\/\/bbn1.bbnradio.org\/portuguese\/#website\",\"url\":\"https:\/\/bbn1.bbnradio.org\/portuguese\/\",\"name\":\"BBN Portuguese\",\"description\":\"BBN\",\"potentialAction\":[{\"@type\":\"SearchAction\",\"target\":{\"@type\":\"EntryPoint\",\"urlTemplate\":\"https:\/\/bbn1.bbnradio.org\/portuguese\/?s={search_term_string}\"},\"query-input\":{\"@type\":\"PropertyValueSpecification\",\"valueRequired\":true,\"valueName\":\"search_term_string\"}}],\"inLanguage\":\"pt-BR\"}]}<\/script>\n<!-- \/ Yoast SEO Premium plugin. -->","yoast_head_json":{"title":"O que a B\u00edblia Ensina - A Pr\u00e1tica da Ora\u00e7\u00e3o - BBN","robots":{"index":"index","follow":"follow","max-snippet":"max-snippet:-1","max-image-preview":"max-image-preview:large","max-video-preview":"max-video-preview:-1"},"canonical":"https:\/\/bbn1.bbnradio.org\/portuguese\/ferramentas-inicial\/o-que-a-biblia-ensina\/a-biblia-ensina-a-pratica-da-oracao\/","og_locale":"pt_BR","og_type":"article","og_title":"O que a B\u00edblia Ensina sobre a Pr\u00e1tica da Ora\u00e7\u00e3o","og_description":"A vida crist\u00e3 n\u00e3o pode ter progresso em qualquer \u00e1rea da vida sem ora\u00e7\u00e3o. \u00c9 importante para o novo crist\u00e3o saber o que a B\u00edblia ensina...","og_url":"https:\/\/bbn1.bbnradio.org\/portuguese\/ferramentas-inicial\/o-que-a-biblia-ensina\/a-biblia-ensina-a-pratica-da-oracao\/","og_site_name":"BBN","article_publisher":"https:\/\/www.facebook.com\/BBNPortugues","article_modified_time":"2018-06-22T20:09:46+00:00","twitter_card":"summary_large_image","twitter_title":"O que a B\u00edblia Ensina sobre a Pr\u00e1tica da Ora\u00e7\u00e3o","twitter_description":"A vida crist\u00e3 n\u00e3o pode ter progresso em qualquer \u00e1rea da vida sem ora\u00e7\u00e3o. \u00c9 importante para o novo crist\u00e3o saber o que a B\u00edblia ensina...","twitter_site":"@BBNPortugues","twitter_misc":{"Est. tempo de leitura":"4 minutos"},"schema":{"@context":"https:\/\/schema.org","@graph":[{"@type":"WebPage","@id":"https:\/\/bbn1.bbnradio.org\/portuguese\/ferramentas-inicial\/o-que-a-biblia-ensina\/a-biblia-ensina-a-pratica-da-oracao\/","url":"https:\/\/bbn1.bbnradio.org\/portuguese\/ferramentas-inicial\/o-que-a-biblia-ensina\/a-biblia-ensina-a-pratica-da-oracao\/","name":"O que a B\u00edblia Ensina - A Pr\u00e1tica da Ora\u00e7\u00e3o - BBN","isPartOf":{"@id":"https:\/\/bbn1.bbnradio.org\/portuguese\/#website"},"datePublished":"2016-04-04T20:28:49+00:00","dateModified":"2018-06-22T20:09:46+00:00","breadcrumb":{"@id":"https:\/\/bbn1.bbnradio.org\/portuguese\/ferramentas-inicial\/o-que-a-biblia-ensina\/a-biblia-ensina-a-pratica-da-oracao\/#breadcrumb"},"inLanguage":"pt-BR","potentialAction":[{"@type":"ReadAction","target":["https:\/\/bbn1.bbnradio.org\/portuguese\/ferramentas-inicial\/o-que-a-biblia-ensina\/a-biblia-ensina-a-pratica-da-oracao\/"]}]},{"@type":"BreadcrumbList","@id":"https:\/\/bbn1.bbnradio.org\/portuguese\/ferramentas-inicial\/o-que-a-biblia-ensina\/a-biblia-ensina-a-pratica-da-oracao\/#breadcrumb","itemListElement":[{"@type":"ListItem","position":1,"name":"Home","item":"https:\/\/bbn1.bbnradio.org\/portuguese\/inicio\/"},{"@type":"ListItem","position":2,"name":"Ferramentas &#8211; Inicial","item":"https:\/\/bbn1.bbnradio.org\/portuguese\/ferramentas-inicial\/"},{"@type":"ListItem","position":3,"name":"O Que A B\u00edblia Ensina","item":"https:\/\/bbn1.bbnradio.org\/portuguese\/ferramentas-inicial\/o-que-a-biblia-ensina\/"},{"@type":"ListItem","position":4,"name":"O que a B\u00edblia Ensina &#8211; A Pr\u00e1tica da Ora\u00e7\u00e3o"}]},{"@type":"WebSite","@id":"https:\/\/bbn1.bbnradio.org\/portuguese\/#website","url":"https:\/\/bbn1.bbnradio.org\/portuguese\/","name":"BBN Portuguese","description":"BBN","potentialAction":[{"@type":"SearchAction","target":{"@type":"EntryPoint","urlTemplate":"https:\/\/bbn1.bbnradio.org\/portuguese\/?s={search_term_string}"},"query-input":{"@type":"PropertyValueSpecification","valueRequired":true,"valueName":"search_term_string"}}],"inLanguage":"pt-BR"}]}},"jetpack_sharing_enabled":true,"jetpack_shortlink":"https:\/\/wp.me\/P85nO0-1YU","_links":{"self":[{"href":"https:\/\/bbn1.bbnradio.org\/portuguese\/wp-json\/wp\/v2\/pages\/7620","targetHints":{"allow":["GET"]}}],"collection":[{"href":"https:\/\/bbn1.bbnradio.org\/portuguese\/wp-json\/wp\/v2\/pages"}],"about":[{"href":"https:\/\/bbn1.bbnradio.org\/portuguese\/wp-json\/wp\/v2\/types\/page"}],"author":[{"embeddable":true,"href":"https:\/\/bbn1.bbnradio.org\/portuguese\/wp-json\/wp\/v2\/users\/22"}],"replies":[{"embeddable":true,"href":"https:\/\/bbn1.bbnradio.org\/portuguese\/wp-json\/wp\/v2\/comments?post=7620"}],"version-history":[{"count":1,"href":"https:\/\/bbn1.bbnradio.org\/portuguese\/wp-json\/wp\/v2\/pages\/7620\/revisions"}],"predecessor-version":[{"id":12707,"href":"https:\/\/bbn1.bbnradio.org\/portuguese\/wp-json\/wp\/v2\/pages\/7620\/revisions\/12707"}],"up":[{"embeddable":true,"href":"https:\/\/bbn1.bbnradio.org\/portuguese\/wp-json\/wp\/v2\/pages\/5034"}],"wp:attachment":[{"href":"https:\/\/bbn1.bbnradio.org\/portuguese\/wp-json\/wp\/v2\/media?parent=7620"}],"wp:term":[{"taxonomy":"category","embeddable":true,"href":"https:\/\/bbn1.bbnradio.org\/portuguese\/wp-json\/wp\/v2\/categories?post=7620"},{"taxonomy":"post_tag","embeddable":true,"href":"https:\/\/bbn1.bbnradio.org\/portuguese\/wp-json\/wp\/v2\/tags?post=7620"}],"curies":[{"name":"wp","href":"https:\/\/api.w.org\/{rel}","templated":true}]}}