{"id":7622,"date":"2016-04-04T16:29:41","date_gmt":"2016-04-04T20:29:41","guid":{"rendered":"https:\/\/bbn1.bbnradio.org\/english\/?page_id=7622"},"modified":"2018-06-25T10:07:40","modified_gmt":"2018-06-25T15:07:40","slug":"testemunhando-e-ganhando","status":"publish","type":"page","link":"https:\/\/bbn1.bbnradio.org\/portuguese\/ferramentas-inicial\/o-que-a-biblia-ensina\/testemunhando-e-ganhando\/","title":{"rendered":"O Que A B\u00edblia Ensina &#8211; Testemunhando e Ganhando"},"content":{"rendered":"<p>TESTEMUNHANDO E GANHANDO<\/p>\n<p>Como pode um crist\u00e3o levar outros a Cristo? Ganhar almas para Jesus Cristo \u00e9 uma das melhores atividades no mundo de hoje. Prov\u00e9rbios 11:30. Embora n\u00e3o haja regras f\u00e1ceis para se garantir sucesso nessa tarefa, h\u00e1 alguns princ\u00edpios gerais que j\u00e1 provaram ser extremamente eficazes. Quando voc\u00ea testemunhar estar\u00e1 em batalha espiritual. Antes de ir \u00e0 batalha coloque completamente a armadura de Deus, uma pe\u00e7a de cada vez, conforme descrita em Ef\u00e9sios 6:11-18.<\/p>\n<p>A . \u00c9 de vital import\u00e2ncia que o ganhador de almas seja, ele mesmo saud\u00e1vel espiritualmente. Deve estar constantemente bem alimentado da Palavra. Deve gastar muito tempo em ora\u00e7\u00e3o e estar submisso a Deus. Deve confessar e abandonar pecados secretos. Caminhando no Esp\u00edrito, o crist\u00e3o perceber\u00e1 que o Senhor providenciar\u00e1 as oportunidades para um testemunho eficaz. Esta \u00e9 sem d\u00favida a regra de ouro do ganhador de almas: \u201cviva perto de Deus.\u201d Mateus 4:19.Lembre-se que sua vida \u00e9 um testemunho constante- bom, mau ou indiferente.<\/p>\n<p>B. \u00c9 uma boa coisa come\u00e7ar cada dia pedindo a Deus que nos leve \u00e0queles que Ele quer que n\u00f3s alcancemos. \u00c9 \u00f3bvio que n\u00e3o podemos falar a todos que vemos. Tamb\u00e9m \u00e9 claro que n\u00e3o temos como saber sozinhos, quais almas est\u00e3o prontas a serem \u201ccolhidas\u201d para a salva\u00e7\u00e3o. Mas se deixarmos o Senhor nos guiar, trabalharemos mais eficazmente e colheremos mais frutos para Ele.<\/p>\n<p>C. Durante o dia dever\u00edamos aproveitar as oportunidades de falar de Cristo. Quando colegas profanam o Nome do Nosso Salvador, por exemplo, h\u00e1 sempre uma oportunidade para uma palavra, com tato e amor, de testemunho. Assuntos religiosos sempre surgem numa conversa e devemos aproveitar o m\u00e1ximo deles. Uma vez mais, nem sempre temos que esperar por oportunidades: podemos provoc\u00e1-las. No mundo os homens falam com liberdade sobre pol\u00edtica, o clima e esportes. Por que nossos l\u00e1bios ficam fechados a respeito de Cristo, nosso Redentor? <\/p>\n<p>D. Cite a palavra de Deus o m\u00e1ximo poss\u00edvel. Melhor ainda, deixe que eles leiam. <\/p>\n<p>\u00c9 a palavra viva! \u00c9 a espada do Esp\u00edrito! Hebreus 4:12. Tem um poder muito maior para alcan\u00e7ar as almas que qualquer palavra que possamos dizer. Cada bom soldado de Jesus Cristo deveria usar a arma mais poderosa de todas. Os n\u00e3o salvos far\u00e3o de tudo para que voc\u00ea pare de citar as Escrituras, mas n\u00e3o pare. Se disserem que n\u00e3o cr\u00eaem na B\u00edblia, cite mais versos. A B\u00edblia ensina a plantar e a colher. H\u00e1 tempo de se plantar e de se colher. \u00c9 Deus quem d\u00e1 a colheita, mas se voc\u00ea n\u00e3o plantar n\u00e3o colher\u00e1. Sua Palavra \u00e9 a semente, espalhe-a o m\u00e1ximo que puder. Mateus 13:4-8. <\/p>\n<p>E. Acompanhe cada contato. Poucas pessoas s\u00e3o salvas na primeira vez que ouvem o evangelho. Geralmente precisam ouvir de vez ap\u00f3s vez. Mostre bondade a eles. Entregue boa literatura evangel\u00edstica. Acima de tudo mantenha-se em ora\u00e7\u00e3o por eles. N\u00e3o desanime se eles forem hostis com voc\u00ea. A oposi\u00e7\u00e3o pode ser sinal de que eles est\u00e3o sendo convencidos pelo Esp\u00edrito Santo, enquanto a indiferen\u00e7a \u00e9 uma barreira quase imposs\u00edvel de se derrubar.<\/p>\n<p>F. N\u00e3o pressione para decis\u00f5es apressadas. Uma falsa profiss\u00e3o de f\u00e9, n\u00e3o \u00e9 apenas sem valor, mas pode enganar algu\u00e9m e causar um grande dano \u00e0 causa de Cristo. Seja fiel em semear a Palavra, e Deus ser\u00e1 fiel em dar o crescimento. Jo\u00e3o 4:35-38.<\/p>\n<p>G. Se voc\u00ea achar dif\u00edcil falar aos outros sobre o Senhor, diga isso a Ele, e pe\u00e7a que lhe d\u00ea for\u00e7as e coragem para testemunhar dele. Se voc\u00ea realmente quiser, o Senhor dar\u00e1. Mateus 10:32. <\/p>\n<p>H. Sempre carregue uma boa quantidade de literatura evang\u00e9lica. Entregue n\u00e3o somente aos conhecidos mas deixe-os em t\u00e1xis ou \u00f4nibus, nos restaurantes ou em locais p\u00fablicos. <\/p>\n<p>As recompensas do ganhador de almas s\u00e3o tremendas! 1. A alegria do ganhador de almas e indescrit\u00edvel. Lucas 15:10. 2. Qu\u00e3o grande alegria haver\u00e1 no c\u00e9u quando algu\u00e9m o saudar dizendo: \u201cFoi voc\u00ea que me convidou para aqui estar!&#8221; 3. Finalmente, qu\u00e3o incompar\u00e1vel ser\u00e1 a emo\u00e7\u00e3o quando Jesus Cristo abertamente confessar voc\u00ea diante da assembl\u00e9ia dos santos nos c\u00e9us. Mateus 10:32. <\/p>\n<p>Diante disso, permita que nossa constante ora\u00e7\u00e3o seja:<\/p>\n<p>Deixe-me olhar a multid\u00e3o como fez meu Senhor,<br \/>\nAt\u00e9 que meus olhos se marejem d\u2019\u00e1gua,<br \/>\nDeixe-me olhar a multid\u00e3o como ovelhas que n\u00e3o t\u00eam pastor<br \/>\nE am\u00e1-las por amor de Jesus. Mateus 9:36.<\/p>\n<!-- AddThis Advanced Settings generic via filter on the_content --><!-- AddThis Share Buttons generic via filter on the_content -->","protected":false},"excerpt":{"rendered":"<p>TESTEMUNHANDO E GANHANDO Como pode um crist\u00e3o levar outros a Cristo? Ganhar almas para Jesus Cristo \u00e9 uma das melhores atividades no mundo de hoje. Prov\u00e9rbios 11:30. Embora n\u00e3o haja regras f\u00e1ceis para se garantir sucesso nessa tarefa, h\u00e1 alguns princ\u00edpios gerais que j\u00e1 provaram ser extremamente eficazes. Quando voc\u00ea testemunhar estar\u00e1 em batalha espiritual. [&hellip;]<!-- AddThis Advanced Settings generic via filter on get_the_excerpt --><!-- AddThis Share Buttons generic via filter on get_the_excerpt --><\/p>\n","protected":false},"author":22,"featured_media":0,"parent":5034,"menu_order":0,"comment_status":"closed","ping_status":"closed","template":"","meta":{"jetpack_post_was_ever_published":false,"footnotes":""},"categories":[],"tags":[],"class_list":["post-7622","page","type-page","status-publish","hentry"],"yoast_head":"<!-- This site is optimized with the Yoast SEO Premium plugin v24.8 (Yoast SEO v24.8.1) - https:\/\/yoast.com\/wordpress\/plugins\/seo\/ -->\n<title>O Que A B\u00edblia Ensina - Testemunhando e Ganhando - BBN<\/title>\n<meta name=\"robots\" content=\"index, follow, max-snippet:-1, max-image-preview:large, max-video-preview:-1\" \/>\n<link rel=\"canonical\" href=\"https:\/\/bbn1.bbnradio.org\/portuguese\/ferramentas-inicial\/o-que-a-biblia-ensina\/testemunhando-e-ganhando\/\" \/>\n<meta property=\"og:locale\" content=\"pt_BR\" \/>\n<meta property=\"og:type\" content=\"article\" \/>\n<meta property=\"og:title\" content=\"O Que A B\u00edblia Ensina - Testemunhando e Ganhando\" \/>\n<meta property=\"og:description\" content=\"Como pode um crist\u00e3o levar outros a Cristo? Ganhar almas para Jesus Cristo \u00e9 uma das melhores atividades no mundo de hoje. Prov\u00e9rbios 11:30. Embora n\u00e3o haja regras f\u00e1ceis para se garantir sucesso nessa tarefa, h\u00e1 alguns princ\u00edpios gerais que j\u00e1 provaram ser extremamente eficazes. Quando voc\u00ea testemunhar...\" \/>\n<meta property=\"og:url\" content=\"https:\/\/bbn1.bbnradio.org\/portuguese\/ferramentas-inicial\/o-que-a-biblia-ensina\/testemunhando-e-ganhando\/\" \/>\n<meta property=\"og:site_name\" content=\"BBN\" \/>\n<meta property=\"article:publisher\" content=\"https:\/\/www.facebook.com\/BBNPortugues\" \/>\n<meta property=\"article:modified_time\" content=\"2018-06-25T15:07:40+00:00\" \/>\n<meta name=\"twitter:card\" content=\"summary_large_image\" \/>\n<meta name=\"twitter:title\" content=\"O Que A B\u00edblia Ensina - Testemunhando e Ganhando\" \/>\n<meta name=\"twitter:description\" content=\"Como pode um crist\u00e3o levar outros a Cristo? Ganhar almas para Jesus Cristo \u00e9 uma das melhores atividades no mundo de hoje. Prov\u00e9rbios 11:30. Embora n\u00e3o haja regras f\u00e1ceis para se garantir sucesso nessa tarefa, h\u00e1 alguns princ\u00edpios gerais que j\u00e1 provaram ser extremamente eficazes. Quando voc\u00ea testemunhar...\" \/>\n<meta name=\"twitter:site\" content=\"@BBNPortugues\" \/>\n<meta name=\"twitter:label1\" content=\"Est. tempo de leitura\" \/>\n\t<meta name=\"twitter:data1\" content=\"4 minutos\" \/>\n<script type=\"application\/ld+json\" class=\"yoast-schema-graph\">{\"@context\":\"https:\/\/schema.org\",\"@graph\":[{\"@type\":\"WebPage\",\"@id\":\"https:\/\/bbn1.bbnradio.org\/portuguese\/ferramentas-inicial\/o-que-a-biblia-ensina\/testemunhando-e-ganhando\/\",\"url\":\"https:\/\/bbn1.bbnradio.org\/portuguese\/ferramentas-inicial\/o-que-a-biblia-ensina\/testemunhando-e-ganhando\/\",\"name\":\"O Que A B\u00edblia Ensina - Testemunhando e Ganhando - BBN\",\"isPartOf\":{\"@id\":\"https:\/\/bbn1.bbnradio.org\/portuguese\/#website\"},\"datePublished\":\"2016-04-04T20:29:41+00:00\",\"dateModified\":\"2018-06-25T15:07:40+00:00\",\"breadcrumb\":{\"@id\":\"https:\/\/bbn1.bbnradio.org\/portuguese\/ferramentas-inicial\/o-que-a-biblia-ensina\/testemunhando-e-ganhando\/#breadcrumb\"},\"inLanguage\":\"pt-BR\",\"potentialAction\":[{\"@type\":\"ReadAction\",\"target\":[\"https:\/\/bbn1.bbnradio.org\/portuguese\/ferramentas-inicial\/o-que-a-biblia-ensina\/testemunhando-e-ganhando\/\"]}]},{\"@type\":\"BreadcrumbList\",\"@id\":\"https:\/\/bbn1.bbnradio.org\/portuguese\/ferramentas-inicial\/o-que-a-biblia-ensina\/testemunhando-e-ganhando\/#breadcrumb\",\"itemListElement\":[{\"@type\":\"ListItem\",\"position\":1,\"name\":\"Home\",\"item\":\"https:\/\/bbn1.bbnradio.org\/portuguese\/inicio\/\"},{\"@type\":\"ListItem\",\"position\":2,\"name\":\"Ferramentas &#8211; Inicial\",\"item\":\"https:\/\/bbn1.bbnradio.org\/portuguese\/ferramentas-inicial\/\"},{\"@type\":\"ListItem\",\"position\":3,\"name\":\"O Que A B\u00edblia Ensina\",\"item\":\"https:\/\/bbn1.bbnradio.org\/portuguese\/ferramentas-inicial\/o-que-a-biblia-ensina\/\"},{\"@type\":\"ListItem\",\"position\":4,\"name\":\"O Que A B\u00edblia Ensina &#8211; Testemunhando e Ganhando\"}]},{\"@type\":\"WebSite\",\"@id\":\"https:\/\/bbn1.bbnradio.org\/portuguese\/#website\",\"url\":\"https:\/\/bbn1.bbnradio.org\/portuguese\/\",\"name\":\"BBN Portuguese\",\"description\":\"BBN\",\"potentialAction\":[{\"@type\":\"SearchAction\",\"target\":{\"@type\":\"EntryPoint\",\"urlTemplate\":\"https:\/\/bbn1.bbnradio.org\/portuguese\/?s={search_term_string}\"},\"query-input\":{\"@type\":\"PropertyValueSpecification\",\"valueRequired\":true,\"valueName\":\"search_term_string\"}}],\"inLanguage\":\"pt-BR\"}]}<\/script>\n<!-- \/ Yoast SEO Premium plugin. -->","yoast_head_json":{"title":"O Que A B\u00edblia Ensina - Testemunhando e Ganhando - BBN","robots":{"index":"index","follow":"follow","max-snippet":"max-snippet:-1","max-image-preview":"max-image-preview:large","max-video-preview":"max-video-preview:-1"},"canonical":"https:\/\/bbn1.bbnradio.org\/portuguese\/ferramentas-inicial\/o-que-a-biblia-ensina\/testemunhando-e-ganhando\/","og_locale":"pt_BR","og_type":"article","og_title":"O Que A B\u00edblia Ensina - Testemunhando e Ganhando","og_description":"Como pode um crist\u00e3o levar outros a Cristo? Ganhar almas para Jesus Cristo \u00e9 uma das melhores atividades no mundo de hoje. Prov\u00e9rbios 11:30. Embora n\u00e3o haja regras f\u00e1ceis para se garantir sucesso nessa tarefa, h\u00e1 alguns princ\u00edpios gerais que j\u00e1 provaram ser extremamente eficazes. Quando voc\u00ea testemunhar...","og_url":"https:\/\/bbn1.bbnradio.org\/portuguese\/ferramentas-inicial\/o-que-a-biblia-ensina\/testemunhando-e-ganhando\/","og_site_name":"BBN","article_publisher":"https:\/\/www.facebook.com\/BBNPortugues","article_modified_time":"2018-06-25T15:07:40+00:00","twitter_card":"summary_large_image","twitter_title":"O Que A B\u00edblia Ensina - Testemunhando e Ganhando","twitter_description":"Como pode um crist\u00e3o levar outros a Cristo? Ganhar almas para Jesus Cristo \u00e9 uma das melhores atividades no mundo de hoje. Prov\u00e9rbios 11:30. Embora n\u00e3o haja regras f\u00e1ceis para se garantir sucesso nessa tarefa, h\u00e1 alguns princ\u00edpios gerais que j\u00e1 provaram ser extremamente eficazes. Quando voc\u00ea testemunhar...","twitter_site":"@BBNPortugues","twitter_misc":{"Est. tempo de leitura":"4 minutos"},"schema":{"@context":"https:\/\/schema.org","@graph":[{"@type":"WebPage","@id":"https:\/\/bbn1.bbnradio.org\/portuguese\/ferramentas-inicial\/o-que-a-biblia-ensina\/testemunhando-e-ganhando\/","url":"https:\/\/bbn1.bbnradio.org\/portuguese\/ferramentas-inicial\/o-que-a-biblia-ensina\/testemunhando-e-ganhando\/","name":"O Que A B\u00edblia Ensina - Testemunhando e Ganhando - BBN","isPartOf":{"@id":"https:\/\/bbn1.bbnradio.org\/portuguese\/#website"},"datePublished":"2016-04-04T20:29:41+00:00","dateModified":"2018-06-25T15:07:40+00:00","breadcrumb":{"@id":"https:\/\/bbn1.bbnradio.org\/portuguese\/ferramentas-inicial\/o-que-a-biblia-ensina\/testemunhando-e-ganhando\/#breadcrumb"},"inLanguage":"pt-BR","potentialAction":[{"@type":"ReadAction","target":["https:\/\/bbn1.bbnradio.org\/portuguese\/ferramentas-inicial\/o-que-a-biblia-ensina\/testemunhando-e-ganhando\/"]}]},{"@type":"BreadcrumbList","@id":"https:\/\/bbn1.bbnradio.org\/portuguese\/ferramentas-inicial\/o-que-a-biblia-ensina\/testemunhando-e-ganhando\/#breadcrumb","itemListElement":[{"@type":"ListItem","position":1,"name":"Home","item":"https:\/\/bbn1.bbnradio.org\/portuguese\/inicio\/"},{"@type":"ListItem","position":2,"name":"Ferramentas &#8211; Inicial","item":"https:\/\/bbn1.bbnradio.org\/portuguese\/ferramentas-inicial\/"},{"@type":"ListItem","position":3,"name":"O Que A B\u00edblia Ensina","item":"https:\/\/bbn1.bbnradio.org\/portuguese\/ferramentas-inicial\/o-que-a-biblia-ensina\/"},{"@type":"ListItem","position":4,"name":"O Que A B\u00edblia Ensina &#8211; Testemunhando e Ganhando"}]},{"@type":"WebSite","@id":"https:\/\/bbn1.bbnradio.org\/portuguese\/#website","url":"https:\/\/bbn1.bbnradio.org\/portuguese\/","name":"BBN Portuguese","description":"BBN","potentialAction":[{"@type":"SearchAction","target":{"@type":"EntryPoint","urlTemplate":"https:\/\/bbn1.bbnradio.org\/portuguese\/?s={search_term_string}"},"query-input":{"@type":"PropertyValueSpecification","valueRequired":true,"valueName":"search_term_string"}}],"inLanguage":"pt-BR"}]}},"jetpack_sharing_enabled":true,"jetpack_shortlink":"https:\/\/wp.me\/P85nO0-1YW","_links":{"self":[{"href":"https:\/\/bbn1.bbnradio.org\/portuguese\/wp-json\/wp\/v2\/pages\/7622","targetHints":{"allow":["GET"]}}],"collection":[{"href":"https:\/\/bbn1.bbnradio.org\/portuguese\/wp-json\/wp\/v2\/pages"}],"about":[{"href":"https:\/\/bbn1.bbnradio.org\/portuguese\/wp-json\/wp\/v2\/types\/page"}],"author":[{"embeddable":true,"href":"https:\/\/bbn1.bbnradio.org\/portuguese\/wp-json\/wp\/v2\/users\/22"}],"replies":[{"embeddable":true,"href":"https:\/\/bbn1.bbnradio.org\/portuguese\/wp-json\/wp\/v2\/comments?post=7622"}],"version-history":[{"count":2,"href":"https:\/\/bbn1.bbnradio.org\/portuguese\/wp-json\/wp\/v2\/pages\/7622\/revisions"}],"predecessor-version":[{"id":12871,"href":"https:\/\/bbn1.bbnradio.org\/portuguese\/wp-json\/wp\/v2\/pages\/7622\/revisions\/12871"}],"up":[{"embeddable":true,"href":"https:\/\/bbn1.bbnradio.org\/portuguese\/wp-json\/wp\/v2\/pages\/5034"}],"wp:attachment":[{"href":"https:\/\/bbn1.bbnradio.org\/portuguese\/wp-json\/wp\/v2\/media?parent=7622"}],"wp:term":[{"taxonomy":"category","embeddable":true,"href":"https:\/\/bbn1.bbnradio.org\/portuguese\/wp-json\/wp\/v2\/categories?post=7622"},{"taxonomy":"post_tag","embeddable":true,"href":"https:\/\/bbn1.bbnradio.org\/portuguese\/wp-json\/wp\/v2\/tags?post=7622"}],"curies":[{"name":"wp","href":"https:\/\/api.w.org\/{rel}","templated":true}]}}