{"id":7624,"date":"2016-04-04T16:30:50","date_gmt":"2016-04-04T20:30:50","guid":{"rendered":"https:\/\/bbn1.bbnradio.org\/english\/?page_id=7624"},"modified":"2018-06-25T10:21:25","modified_gmt":"2018-06-25T15:21:25","slug":"pesquisando-as-escrituras","status":"publish","type":"page","link":"https:\/\/bbn1.bbnradio.org\/portuguese\/ferramentas-inicial\/o-que-a-biblia-ensina\/pesquisando-as-escrituras\/","title":{"rendered":"O Que A B\u00edblia Ensina &#8211; Pesquisando as Escrituras"},"content":{"rendered":"<p>PESQUISANDO AS ESCRITURAS<\/p>\n<p>O que um Crist\u00e3o precisa saber sobre a B\u00edblia? O estudo da B\u00edblia deve acontecer na completa depend\u00eancia do Esp\u00edrito Santo. Ele \u00e9 nosso professor, e constantemente devemos pedir sua orienta\u00e7\u00e3o. Jo\u00e3o 14:26, 16:13. N\u00e3o h\u00e1 forma f\u00e1cil e r\u00e1pida de aprender da B\u00edblia. Requer muito trabalho \u00e0 qualquer um. No entanto, nunca se esque\u00e7a que o autor do livro sempre est\u00e1 presente, e quem sabe mais sobre o que escreveu que o pr\u00f3prio autor? Se voc\u00ea n\u00e3o entender, ore e pe\u00e7a a Ele que o ensine o que diz o texto. Jo\u00e3o 14:26.<\/p>\n<p>A. A primeira coisa a fazer \u00e9 separar um momento definido diariamente para ler a B\u00edblia. Uma boa estrat\u00e9gia \u00e9 come\u00e7ar por Mateus e ler todo o Novo Testamento. Depois passe para G\u00eanesis e leia toda a B\u00edblia. N\u00e3o leia apenas para dizer que leu a B\u00edblia toda, mas leia para saber o que a B\u00edblia diz. <\/p>\n<p>B. Quando aparecer uma palavra n\u00e3o conhecida, procure no dicion\u00e1rio. Se aparecer um verso que voc\u00ea n\u00e3o possa entender, primeiro tente compreend\u00ea-la estudando-a cuidadosamente. Se falhar, anote a cita\u00e7\u00e3o, procure-a em um coment\u00e1rio b\u00edblico logo que tiver uma oportunidade.<\/p>\n<p>C. Compare a Escritura com a Escritura. <\/p>\n<p>N\u00e3o tente construir uma doutrina baseada num s\u00f3 vers\u00edculo. Veja se um ensino \u00e9 coerente sobre determinado assunto em toda a B\u00edblia. \u201cA verdade n\u00e3o contradiz a verdade.\u201d <\/p>\n<p>D. Voc\u00ea ser\u00e1 bem recompensado se anotar um esbo\u00e7o de cada cap\u00edtulo, respondendo as seguintes perguntas:<\/p>\n<p>1. O que aprendi sobre Cristo?(mesmo no Velho Testamento voc\u00ea achar\u00e1 sobre o Salvador em tipos e sombras).<\/p>\n<p>2. Qual a mensagem principal deste cap\u00edtulo?<\/p>\n<p>3. Que promessa preciosa poderei clamar? <\/p>\n<p>4. Qual verso se destaca? <\/p>\n<p>5. Que pecado sou ensinado a evitar? <\/p>\n<p>6. Que exemplo h\u00e1 para que eu siga?<\/p>\n<p>7. Quais s\u00e3o os versos dif\u00edceis?<\/p>\n<p>E. Durante o dia voc\u00ea deve tentar conversar com algu\u00e9m sobre o que leu. Isso servir\u00e1 a dois prop\u00f3sitos: ajudar\u00e1 a fixar a li\u00e7\u00e3o em sua mente e capacitar\u00e1 voc\u00ea a compartilhar a b\u00ean\u00e7\u00e3o que recebeu no estudo da B\u00edblia. Malaquias 3:16. <\/p>\n<p>F. Tente memorizar dois ou tr\u00eas vers\u00edculos da B\u00edblia por semana. <\/p>\n<p>Comece com vers\u00edculos conhecidos do evangelho tais como: Jo\u00e3o 1:12, Jo\u00e3o 3:16, Jo\u00e3o 3:36, Jo\u00e3o 5:24, Romanos 10:9, etc. Relembre todos os versos memorizados constantemente at\u00e9 que realmente voc\u00ea os tenha em sua mente e cora\u00e7\u00e3o. Escreva-os em cart\u00f5ezinhos como um cart\u00e3o de apresenta\u00e7\u00e3o e carregue-os consigo para dar uma olhadinha durante o dia. Voc\u00ea ver\u00e1 que sua vida ser\u00e1 enriquecida, e voc\u00ea ter\u00e1 mais condi\u00e7\u00e3o de falar ao outros. <\/p>\n<p>G. O grande alvo do estudo b\u00edblico, \u00e9 claro, \u00e9 que voc\u00ea pratique o que aprendeu. Devemos deixar que a palavra nos repreenda, corrija e nos fa\u00e7a mais parecidos com o Senhor Jesus. Jeremias 15:16. Lembre-se que quando voc\u00ea estuda a B\u00edblia voc\u00ea est\u00e1 estudando um livro eterno. Tudo que voc\u00ea aprender sobre ele \u00e9 um investimento para a eternidade. Ent\u00e3o, fa\u00e7a seu melhor.<\/p>\n<!-- AddThis Advanced Settings generic via filter on the_content --><!-- AddThis Share Buttons generic via filter on the_content -->","protected":false},"excerpt":{"rendered":"<p>PESQUISANDO AS ESCRITURAS O que um Crist\u00e3o precisa saber sobre a B\u00edblia? O estudo da B\u00edblia deve acontecer na completa depend\u00eancia do Esp\u00edrito Santo. Ele \u00e9 nosso professor, e constantemente devemos pedir sua orienta\u00e7\u00e3o. Jo\u00e3o 14:26, 16:13. N\u00e3o h\u00e1 forma f\u00e1cil e r\u00e1pida de aprender da B\u00edblia. Requer muito trabalho \u00e0 qualquer um. No entanto, [&hellip;]<!-- AddThis Advanced Settings generic via filter on get_the_excerpt --><!-- AddThis Share Buttons generic via filter on get_the_excerpt --><\/p>\n","protected":false},"author":22,"featured_media":0,"parent":5034,"menu_order":0,"comment_status":"closed","ping_status":"closed","template":"","meta":{"jetpack_post_was_ever_published":false,"footnotes":""},"categories":[],"tags":[],"class_list":["post-7624","page","type-page","status-publish","hentry"],"yoast_head":"<!-- This site is optimized with the Yoast SEO Premium plugin v24.8 (Yoast SEO v24.8.1) - https:\/\/yoast.com\/wordpress\/plugins\/seo\/ -->\n<title>O Que A B\u00edblia Ensina - Pesquisando as Escrituras - BBN<\/title>\n<meta name=\"robots\" content=\"index, follow, max-snippet:-1, max-image-preview:large, max-video-preview:-1\" \/>\n<link rel=\"canonical\" href=\"https:\/\/bbn1.bbnradio.org\/portuguese\/ferramentas-inicial\/o-que-a-biblia-ensina\/pesquisando-as-escrituras\/\" \/>\n<meta property=\"og:locale\" content=\"pt_BR\" \/>\n<meta property=\"og:type\" content=\"article\" \/>\n<meta property=\"og:title\" content=\"O Que A B\u00edblia Ensina - Pesquisando as Escrituras\" \/>\n<meta property=\"og:description\" content=\"O que um Crist\u00e3o precisa saber sobre a B\u00edblia? O estudo da B\u00edblia deve acontecer na completa depend\u00eancia do Esp\u00edrito Santo. Ele \u00e9 nosso professor, e constantemente devemos pedir sua orienta\u00e7\u00e3o.\" \/>\n<meta property=\"og:url\" content=\"https:\/\/bbn1.bbnradio.org\/portuguese\/ferramentas-inicial\/o-que-a-biblia-ensina\/pesquisando-as-escrituras\/\" \/>\n<meta property=\"og:site_name\" content=\"BBN\" \/>\n<meta property=\"article:publisher\" content=\"https:\/\/www.facebook.com\/BBNPortugues\" \/>\n<meta property=\"article:modified_time\" content=\"2018-06-25T15:21:25+00:00\" \/>\n<meta name=\"twitter:card\" content=\"summary_large_image\" \/>\n<meta name=\"twitter:title\" content=\"O Que A B\u00edblia Ensina - Pesquisando as Escrituras\" \/>\n<meta name=\"twitter:description\" content=\"O que um Crist\u00e3o precisa saber sobre a B\u00edblia? O estudo da B\u00edblia deve acontecer na completa depend\u00eancia do Esp\u00edrito Santo. Ele \u00e9 nosso professor, e constantemente devemos pedir sua orienta\u00e7\u00e3o.\" \/>\n<meta name=\"twitter:site\" content=\"@BBNPortugues\" \/>\n<meta name=\"twitter:label1\" content=\"Est. tempo de leitura\" \/>\n\t<meta name=\"twitter:data1\" content=\"3 minutos\" \/>\n<script type=\"application\/ld+json\" class=\"yoast-schema-graph\">{\"@context\":\"https:\/\/schema.org\",\"@graph\":[{\"@type\":\"WebPage\",\"@id\":\"https:\/\/bbn1.bbnradio.org\/portuguese\/ferramentas-inicial\/o-que-a-biblia-ensina\/pesquisando-as-escrituras\/\",\"url\":\"https:\/\/bbn1.bbnradio.org\/portuguese\/ferramentas-inicial\/o-que-a-biblia-ensina\/pesquisando-as-escrituras\/\",\"name\":\"O Que A B\u00edblia Ensina - Pesquisando as Escrituras - BBN\",\"isPartOf\":{\"@id\":\"https:\/\/bbn1.bbnradio.org\/portuguese\/#website\"},\"datePublished\":\"2016-04-04T20:30:50+00:00\",\"dateModified\":\"2018-06-25T15:21:25+00:00\",\"breadcrumb\":{\"@id\":\"https:\/\/bbn1.bbnradio.org\/portuguese\/ferramentas-inicial\/o-que-a-biblia-ensina\/pesquisando-as-escrituras\/#breadcrumb\"},\"inLanguage\":\"pt-BR\",\"potentialAction\":[{\"@type\":\"ReadAction\",\"target\":[\"https:\/\/bbn1.bbnradio.org\/portuguese\/ferramentas-inicial\/o-que-a-biblia-ensina\/pesquisando-as-escrituras\/\"]}]},{\"@type\":\"BreadcrumbList\",\"@id\":\"https:\/\/bbn1.bbnradio.org\/portuguese\/ferramentas-inicial\/o-que-a-biblia-ensina\/pesquisando-as-escrituras\/#breadcrumb\",\"itemListElement\":[{\"@type\":\"ListItem\",\"position\":1,\"name\":\"Home\",\"item\":\"https:\/\/bbn1.bbnradio.org\/portuguese\/inicio\/\"},{\"@type\":\"ListItem\",\"position\":2,\"name\":\"Ferramentas &#8211; Inicial\",\"item\":\"https:\/\/bbn1.bbnradio.org\/portuguese\/ferramentas-inicial\/\"},{\"@type\":\"ListItem\",\"position\":3,\"name\":\"O Que A B\u00edblia Ensina\",\"item\":\"https:\/\/bbn1.bbnradio.org\/portuguese\/ferramentas-inicial\/o-que-a-biblia-ensina\/\"},{\"@type\":\"ListItem\",\"position\":4,\"name\":\"O Que A B\u00edblia Ensina &#8211; Pesquisando as Escrituras\"}]},{\"@type\":\"WebSite\",\"@id\":\"https:\/\/bbn1.bbnradio.org\/portuguese\/#website\",\"url\":\"https:\/\/bbn1.bbnradio.org\/portuguese\/\",\"name\":\"BBN Portuguese\",\"description\":\"BBN\",\"potentialAction\":[{\"@type\":\"SearchAction\",\"target\":{\"@type\":\"EntryPoint\",\"urlTemplate\":\"https:\/\/bbn1.bbnradio.org\/portuguese\/?s={search_term_string}\"},\"query-input\":{\"@type\":\"PropertyValueSpecification\",\"valueRequired\":true,\"valueName\":\"search_term_string\"}}],\"inLanguage\":\"pt-BR\"}]}<\/script>\n<!-- \/ Yoast SEO Premium plugin. -->","yoast_head_json":{"title":"O Que A B\u00edblia Ensina - Pesquisando as Escrituras - BBN","robots":{"index":"index","follow":"follow","max-snippet":"max-snippet:-1","max-image-preview":"max-image-preview:large","max-video-preview":"max-video-preview:-1"},"canonical":"https:\/\/bbn1.bbnradio.org\/portuguese\/ferramentas-inicial\/o-que-a-biblia-ensina\/pesquisando-as-escrituras\/","og_locale":"pt_BR","og_type":"article","og_title":"O Que A B\u00edblia Ensina - Pesquisando as Escrituras","og_description":"O que um Crist\u00e3o precisa saber sobre a B\u00edblia? O estudo da B\u00edblia deve acontecer na completa depend\u00eancia do Esp\u00edrito Santo. Ele \u00e9 nosso professor, e constantemente devemos pedir sua orienta\u00e7\u00e3o.","og_url":"https:\/\/bbn1.bbnradio.org\/portuguese\/ferramentas-inicial\/o-que-a-biblia-ensina\/pesquisando-as-escrituras\/","og_site_name":"BBN","article_publisher":"https:\/\/www.facebook.com\/BBNPortugues","article_modified_time":"2018-06-25T15:21:25+00:00","twitter_card":"summary_large_image","twitter_title":"O Que A B\u00edblia Ensina - Pesquisando as Escrituras","twitter_description":"O que um Crist\u00e3o precisa saber sobre a B\u00edblia? O estudo da B\u00edblia deve acontecer na completa depend\u00eancia do Esp\u00edrito Santo. Ele \u00e9 nosso professor, e constantemente devemos pedir sua orienta\u00e7\u00e3o.","twitter_site":"@BBNPortugues","twitter_misc":{"Est. tempo de leitura":"3 minutos"},"schema":{"@context":"https:\/\/schema.org","@graph":[{"@type":"WebPage","@id":"https:\/\/bbn1.bbnradio.org\/portuguese\/ferramentas-inicial\/o-que-a-biblia-ensina\/pesquisando-as-escrituras\/","url":"https:\/\/bbn1.bbnradio.org\/portuguese\/ferramentas-inicial\/o-que-a-biblia-ensina\/pesquisando-as-escrituras\/","name":"O Que A B\u00edblia Ensina - Pesquisando as Escrituras - BBN","isPartOf":{"@id":"https:\/\/bbn1.bbnradio.org\/portuguese\/#website"},"datePublished":"2016-04-04T20:30:50+00:00","dateModified":"2018-06-25T15:21:25+00:00","breadcrumb":{"@id":"https:\/\/bbn1.bbnradio.org\/portuguese\/ferramentas-inicial\/o-que-a-biblia-ensina\/pesquisando-as-escrituras\/#breadcrumb"},"inLanguage":"pt-BR","potentialAction":[{"@type":"ReadAction","target":["https:\/\/bbn1.bbnradio.org\/portuguese\/ferramentas-inicial\/o-que-a-biblia-ensina\/pesquisando-as-escrituras\/"]}]},{"@type":"BreadcrumbList","@id":"https:\/\/bbn1.bbnradio.org\/portuguese\/ferramentas-inicial\/o-que-a-biblia-ensina\/pesquisando-as-escrituras\/#breadcrumb","itemListElement":[{"@type":"ListItem","position":1,"name":"Home","item":"https:\/\/bbn1.bbnradio.org\/portuguese\/inicio\/"},{"@type":"ListItem","position":2,"name":"Ferramentas &#8211; Inicial","item":"https:\/\/bbn1.bbnradio.org\/portuguese\/ferramentas-inicial\/"},{"@type":"ListItem","position":3,"name":"O Que A B\u00edblia Ensina","item":"https:\/\/bbn1.bbnradio.org\/portuguese\/ferramentas-inicial\/o-que-a-biblia-ensina\/"},{"@type":"ListItem","position":4,"name":"O Que A B\u00edblia Ensina &#8211; Pesquisando as Escrituras"}]},{"@type":"WebSite","@id":"https:\/\/bbn1.bbnradio.org\/portuguese\/#website","url":"https:\/\/bbn1.bbnradio.org\/portuguese\/","name":"BBN Portuguese","description":"BBN","potentialAction":[{"@type":"SearchAction","target":{"@type":"EntryPoint","urlTemplate":"https:\/\/bbn1.bbnradio.org\/portuguese\/?s={search_term_string}"},"query-input":{"@type":"PropertyValueSpecification","valueRequired":true,"valueName":"search_term_string"}}],"inLanguage":"pt-BR"}]}},"jetpack_sharing_enabled":true,"jetpack_shortlink":"https:\/\/wp.me\/P85nO0-1YY","_links":{"self":[{"href":"https:\/\/bbn1.bbnradio.org\/portuguese\/wp-json\/wp\/v2\/pages\/7624","targetHints":{"allow":["GET"]}}],"collection":[{"href":"https:\/\/bbn1.bbnradio.org\/portuguese\/wp-json\/wp\/v2\/pages"}],"about":[{"href":"https:\/\/bbn1.bbnradio.org\/portuguese\/wp-json\/wp\/v2\/types\/page"}],"author":[{"embeddable":true,"href":"https:\/\/bbn1.bbnradio.org\/portuguese\/wp-json\/wp\/v2\/users\/22"}],"replies":[{"embeddable":true,"href":"https:\/\/bbn1.bbnradio.org\/portuguese\/wp-json\/wp\/v2\/comments?post=7624"}],"version-history":[{"count":2,"href":"https:\/\/bbn1.bbnradio.org\/portuguese\/wp-json\/wp\/v2\/pages\/7624\/revisions"}],"predecessor-version":[{"id":12882,"href":"https:\/\/bbn1.bbnradio.org\/portuguese\/wp-json\/wp\/v2\/pages\/7624\/revisions\/12882"}],"up":[{"embeddable":true,"href":"https:\/\/bbn1.bbnradio.org\/portuguese\/wp-json\/wp\/v2\/pages\/5034"}],"wp:attachment":[{"href":"https:\/\/bbn1.bbnradio.org\/portuguese\/wp-json\/wp\/v2\/media?parent=7624"}],"wp:term":[{"taxonomy":"category","embeddable":true,"href":"https:\/\/bbn1.bbnradio.org\/portuguese\/wp-json\/wp\/v2\/categories?post=7624"},{"taxonomy":"post_tag","embeddable":true,"href":"https:\/\/bbn1.bbnradio.org\/portuguese\/wp-json\/wp\/v2\/tags?post=7624"}],"curies":[{"name":"wp","href":"https:\/\/api.w.org\/{rel}","templated":true}]}}