{"id":7629,"date":"2016-04-04T16:37:59","date_gmt":"2016-04-04T20:37:59","guid":{"rendered":"https:\/\/bbn1.bbnradio.org\/english\/?page_id=7629"},"modified":"2018-06-25T09:36:48","modified_gmt":"2018-06-25T14:36:48","slug":"a-vida-que-vale-a-pena","status":"publish","type":"page","link":"https:\/\/bbn1.bbnradio.org\/portuguese\/ferramentas-inicial\/o-que-a-biblia-ensina\/a-vida-que-vale-a-pena\/","title":{"rendered":"O Que A B\u00edblia Ensina &#8211; A Vida Que Vale a Pena"},"content":{"rendered":"<p>A VIDA QUE VALE A PENA<\/p>\n<p>Como podemos ter uma vida que valha a pena? Embora um crist\u00e3o n\u00e3o possa perder a salva\u00e7\u00e3o, pode desperdi\u00e7ar sua vida de maneira que n\u00e3o fa\u00e7a diferen\u00e7a para a eternidade. J\u00e1 foi dito com muita raz\u00e3o: \u201c\u00c9 tolo o homem cujos planos terminam com o tempo.\u201d Para evitar a trag\u00e9dia de uma vida desperdi\u00e7ada, a B\u00edblia aconselha o crist\u00e3o a: <\/p>\n<p>A. Considerar o custo de ser um disc\u00edpulo de Cristo. Todos os crist\u00e3os s\u00e3o filhos de Deus mas nem todos s\u00e3o disc\u00edpulos de Cristo. Os termos do discipulado s\u00e3o dados em : Mateus 10:16-42 e Lucas 14:25-35. Ser disc\u00edpulo significa abrir m\u00e3o dos confortos e seguran\u00e7a do mundo. Uma vida de auto-nega\u00e7\u00e3o. Muitas vezes seremos ridicularizados e teremos inimizade no mundo. Abandonar tudo para seguir a Jesus. <\/p>\n<p>B. Fa\u00e7a uma entrega deliberada de sua vida a Ele. Romanos 12:1. Chegue a um ponto de decidir entregar o seu corpo como sacrif\u00edcio vivo. Essa \u00e9 a \u00fanica coisa sensata a se fazer diante do que Ele j\u00e1 fez. O grande mission\u00e1rio C. T. Studd disse uma vez, &#8220;Se Jesus Cristo \u00e9 Deus e morreu por mim, ent\u00e3o nenhum sacrif\u00edcio que eu possa fazer para Ele, ser\u00e1 grande demais\u201d. <\/p>\n<p>C. Abandone sua vida completamente para Cristo. O Salvador disse, \u201cQuem perder a sua vida por amor de mim ach\u00e1-la-\u00e1.\u201d Mateus 16:25. Em outras palavras, se quiser conhecer a completa alegria e felicidade na vida, voc\u00ea deve viver para agradar ao Senhor Jesus Cristo e n\u00e3o a si mesmo. Aquele que vive no ego\u00edsmo \u00e9 uma pessoa miser\u00e1vel e infeliz. <\/p>\n<p>D. Queime as pontes que ficam para tr\u00e1s.\u201cAtai o sacrif\u00edcio da festa com cordas, at\u00e9 as pontas do altar.\u201d salmo 118:27. Torne o mais dif\u00edcil poss\u00edvel voltar cortando as conex\u00f5es que impediriam voc\u00ea de ter uma vida completamente obediente e dedicada ao Senhor. Lucas 9:23.<\/p>\n<p>E. N\u00e3o se distraia pelo caminho.Tantos come\u00e7am t\u00e3o bem mas perdem a vis\u00e3o e escorregam na velha rotina anterior. Bons empregos, materialismo, carreiras interessantes e muitas tenta\u00e7\u00f5es morais v\u00e3o lhe atrair para longe. Casamentos imprudentes tem sido a ru\u00edna de muitos disc\u00edpulos em potencial. O diabo usar\u00e1 qualquer um ou qualquer coisa para afastar voc\u00ea dos caminhos de Deus. O Senhor Jesus disse, \u201cNingu\u00e9m que lan\u00e7a m\u00e3o do arado e olha para tr\u00e1s \u00e9 apto para o reino de Deus.\u201d Lucas 9:62. <\/p>\n<p>F. Viva para servir. &#8220;\u2026tal como o Filho do homem, que n\u00e3o veio para ser servido, mas para servir&#8230;\u201d Mateus 20:28. Grandes verdades existem no servi\u00e7o m\u00fatuo. N\u00e3o queira estar na fila dos que recebem. &#8220;Mais bem-aventurado \u00e9 dar do que receber.\u201d Atos 20:35. <\/p>\n<p>G. Coroai-o como Senhor de tudo. Se Cristo comanda sua vida, cada dia contar\u00e1 realmente para a eternidade. O cristianismo n\u00e3o \u00e9 um \u201cpassatempo, mas uma quest\u00e3o de paix\u00e3o.\u201d N\u00e3o \u00e9 uma vida f\u00e1cil mas de lutas. N\u00e3o custa nada se tornar um crist\u00e3o, mas custa muito ser um. N\u00e3o h\u00e1 popularidade, mas persegui\u00e7\u00e3o, n\u00e3o h\u00e1 conforto, mas cruz. Mas \u00e9 a melhor vida, servimos ao melhor dos Mestres. Seu sal\u00e1rio \u00e9 o melhor, e voc\u00ea vai gostar mais do seu trabalho do que do seu sal\u00e1rio. Suas recompensas ser\u00e3o maravilhosas, tanto aqui quanto na eternidade.<\/p>\n<p>Portanto, nossa palavra \u00e9 para que voc\u00ea entregue sua vida a Cristo. Entregue a Ele seu melhor. N\u00e3o retenha nada. Que esta possa ser sua suprema alegria ao ouvi-lo dizer finalmente: \u201cBem est\u00e1 servo bom e fiel. Sobre o pouco foste fiel, sobre o muito te colocarei; entra no gozo do seu Senhor.\u201d Mateus 25:21. <\/p>\n<p>Esse livro foi elaborado especialmente para voc\u00ea pela Rede de Radiodifus\u00e3o B\u00edblica e est\u00e1 dispon\u00edvel para voc\u00ea atrav\u00e9s da p\u00e1gina \u201cwww.bbnradio.org\u201d para ajud\u00e1-lo a fazer duas coisas. Primeiro, \u201cProcura apresentar-te a Deus aprovado, como obreiro que n\u00e3o tem de que se envergonhar, que maneja bem a palavra da verdade.\u201d II Tim\u00f3teo 2:15. Segundo, \u201cSofre, pois, comigo, as afli\u00e7\u00f5es, como bom soldado de Jesus Cristo. Ningu\u00e9m que milita se embara\u00e7a com neg\u00f3cios desta vida, a fim de agradar \u00e0quele que o alistou para a guerra. E, se algu\u00e9m tamb\u00e9m milita, n\u00e3o \u00e9 coroado se n\u00e3o militar legitimamente.\u201d II Tim\u00f3teo 2: 3-5. <\/p>\n<p>Vers\u00e3o b\u00edblica em portugu\u00eas- Jo\u00e3o Ferreira de Almeida- Edi\u00e7\u00e3o Corrigida e Revisada Fiel ao Texto Original \u2013 Sociedade B\u00edblica Trinitariana do Brasil. <\/p>\n<p>Tradu\u00e7\u00e3o- Pr. Rodnei Nelson Bortolozzo<\/p>\n<!-- AddThis Advanced Settings generic via filter on the_content --><!-- AddThis Share Buttons generic via filter on the_content -->","protected":false},"excerpt":{"rendered":"<p>A VIDA QUE VALE A PENA Como podemos ter uma vida que valha a pena? Embora um crist\u00e3o n\u00e3o possa perder a salva\u00e7\u00e3o, pode desperdi\u00e7ar sua vida de maneira que n\u00e3o fa\u00e7a diferen\u00e7a para a eternidade. J\u00e1 foi dito com muita raz\u00e3o: \u201c\u00c9 tolo o homem cujos planos terminam com o tempo.\u201d Para evitar a [&hellip;]<!-- AddThis Advanced Settings generic via filter on get_the_excerpt --><!-- AddThis Share Buttons generic via filter on get_the_excerpt --><\/p>\n","protected":false},"author":22,"featured_media":0,"parent":5034,"menu_order":0,"comment_status":"closed","ping_status":"closed","template":"","meta":{"jetpack_post_was_ever_published":false,"footnotes":""},"categories":[],"tags":[],"class_list":["post-7629","page","type-page","status-publish","hentry"],"yoast_head":"<!-- This site is optimized with the Yoast SEO Premium plugin v24.8 (Yoast SEO v24.8.1) - https:\/\/yoast.com\/wordpress\/plugins\/seo\/ -->\n<title>O Que A B\u00edblia Ensina - A Vida Que Vale a Pena - BBN<\/title>\n<meta name=\"robots\" content=\"index, follow, max-snippet:-1, max-image-preview:large, max-video-preview:-1\" \/>\n<link rel=\"canonical\" href=\"https:\/\/bbn1.bbnradio.org\/portuguese\/ferramentas-inicial\/o-que-a-biblia-ensina\/a-vida-que-vale-a-pena\/\" \/>\n<meta property=\"og:locale\" content=\"pt_BR\" \/>\n<meta property=\"og:type\" content=\"article\" \/>\n<meta property=\"og:title\" content=\"O Que A B\u00edblia Ensina - A Vida Que Vale a Pena\" \/>\n<meta property=\"og:description\" content=\"Como podemos ter uma vida que valha a pena? Embora um crist\u00e3o n\u00e3o possa perder a salva\u00e7\u00e3o, pode desperdi\u00e7ar sua vida de maneira que n\u00e3o fa\u00e7a diferen\u00e7a para a eternidade. J\u00e1 foi dito com muita raz\u00e3o: \u201c\u00c9 tolo o homem cujos planos terminam com o tempo.\u201d Para evitar a trag\u00e9dia de uma vida desperdi\u00e7ada, a B\u00edblia aconselha o crist\u00e3o a\" \/>\n<meta property=\"og:url\" content=\"https:\/\/bbn1.bbnradio.org\/portuguese\/ferramentas-inicial\/o-que-a-biblia-ensina\/a-vida-que-vale-a-pena\/\" \/>\n<meta property=\"og:site_name\" content=\"BBN\" \/>\n<meta property=\"article:publisher\" content=\"https:\/\/www.facebook.com\/BBNPortugues\" \/>\n<meta property=\"article:modified_time\" content=\"2018-06-25T14:36:48+00:00\" \/>\n<meta name=\"twitter:card\" content=\"summary_large_image\" \/>\n<meta name=\"twitter:title\" content=\"O Que A B\u00edblia Ensina - A Vida Que Vale a Pena\" \/>\n<meta name=\"twitter:description\" content=\"Como podemos ter uma vida que valha a pena? Embora um crist\u00e3o n\u00e3o possa perder a salva\u00e7\u00e3o, pode desperdi\u00e7ar sua vida de maneira que n\u00e3o fa\u00e7a diferen\u00e7a para a eternidade. J\u00e1 foi dito com muita raz\u00e3o: \u201c\u00c9 tolo o homem cujos planos terminam com o tempo.\u201d Para evitar a trag\u00e9dia de uma vida desperdi\u00e7ada, a B\u00edblia aconselha o crist\u00e3o a\" \/>\n<meta name=\"twitter:site\" content=\"@BBNPortugues\" \/>\n<meta name=\"twitter:label1\" content=\"Est. tempo de leitura\" \/>\n\t<meta name=\"twitter:data1\" content=\"4 minutos\" \/>\n<script type=\"application\/ld+json\" class=\"yoast-schema-graph\">{\"@context\":\"https:\/\/schema.org\",\"@graph\":[{\"@type\":\"WebPage\",\"@id\":\"https:\/\/bbn1.bbnradio.org\/portuguese\/ferramentas-inicial\/o-que-a-biblia-ensina\/a-vida-que-vale-a-pena\/\",\"url\":\"https:\/\/bbn1.bbnradio.org\/portuguese\/ferramentas-inicial\/o-que-a-biblia-ensina\/a-vida-que-vale-a-pena\/\",\"name\":\"O Que A B\u00edblia Ensina - A Vida Que Vale a Pena - BBN\",\"isPartOf\":{\"@id\":\"https:\/\/bbn1.bbnradio.org\/portuguese\/#website\"},\"datePublished\":\"2016-04-04T20:37:59+00:00\",\"dateModified\":\"2018-06-25T14:36:48+00:00\",\"breadcrumb\":{\"@id\":\"https:\/\/bbn1.bbnradio.org\/portuguese\/ferramentas-inicial\/o-que-a-biblia-ensina\/a-vida-que-vale-a-pena\/#breadcrumb\"},\"inLanguage\":\"pt-BR\",\"potentialAction\":[{\"@type\":\"ReadAction\",\"target\":[\"https:\/\/bbn1.bbnradio.org\/portuguese\/ferramentas-inicial\/o-que-a-biblia-ensina\/a-vida-que-vale-a-pena\/\"]}]},{\"@type\":\"BreadcrumbList\",\"@id\":\"https:\/\/bbn1.bbnradio.org\/portuguese\/ferramentas-inicial\/o-que-a-biblia-ensina\/a-vida-que-vale-a-pena\/#breadcrumb\",\"itemListElement\":[{\"@type\":\"ListItem\",\"position\":1,\"name\":\"Home\",\"item\":\"https:\/\/bbn1.bbnradio.org\/portuguese\/inicio\/\"},{\"@type\":\"ListItem\",\"position\":2,\"name\":\"Ferramentas &#8211; Inicial\",\"item\":\"https:\/\/bbn1.bbnradio.org\/portuguese\/ferramentas-inicial\/\"},{\"@type\":\"ListItem\",\"position\":3,\"name\":\"O Que A B\u00edblia Ensina\",\"item\":\"https:\/\/bbn1.bbnradio.org\/portuguese\/ferramentas-inicial\/o-que-a-biblia-ensina\/\"},{\"@type\":\"ListItem\",\"position\":4,\"name\":\"O Que A B\u00edblia Ensina &#8211; A Vida Que Vale a Pena\"}]},{\"@type\":\"WebSite\",\"@id\":\"https:\/\/bbn1.bbnradio.org\/portuguese\/#website\",\"url\":\"https:\/\/bbn1.bbnradio.org\/portuguese\/\",\"name\":\"BBN Portuguese\",\"description\":\"BBN\",\"potentialAction\":[{\"@type\":\"SearchAction\",\"target\":{\"@type\":\"EntryPoint\",\"urlTemplate\":\"https:\/\/bbn1.bbnradio.org\/portuguese\/?s={search_term_string}\"},\"query-input\":{\"@type\":\"PropertyValueSpecification\",\"valueRequired\":true,\"valueName\":\"search_term_string\"}}],\"inLanguage\":\"pt-BR\"}]}<\/script>\n<!-- \/ Yoast SEO Premium plugin. -->","yoast_head_json":{"title":"O Que A B\u00edblia Ensina - A Vida Que Vale a Pena - BBN","robots":{"index":"index","follow":"follow","max-snippet":"max-snippet:-1","max-image-preview":"max-image-preview:large","max-video-preview":"max-video-preview:-1"},"canonical":"https:\/\/bbn1.bbnradio.org\/portuguese\/ferramentas-inicial\/o-que-a-biblia-ensina\/a-vida-que-vale-a-pena\/","og_locale":"pt_BR","og_type":"article","og_title":"O Que A B\u00edblia Ensina - A Vida Que Vale a Pena","og_description":"Como podemos ter uma vida que valha a pena? Embora um crist\u00e3o n\u00e3o possa perder a salva\u00e7\u00e3o, pode desperdi\u00e7ar sua vida de maneira que n\u00e3o fa\u00e7a diferen\u00e7a para a eternidade. J\u00e1 foi dito com muita raz\u00e3o: \u201c\u00c9 tolo o homem cujos planos terminam com o tempo.\u201d Para evitar a trag\u00e9dia de uma vida desperdi\u00e7ada, a B\u00edblia aconselha o crist\u00e3o a","og_url":"https:\/\/bbn1.bbnradio.org\/portuguese\/ferramentas-inicial\/o-que-a-biblia-ensina\/a-vida-que-vale-a-pena\/","og_site_name":"BBN","article_publisher":"https:\/\/www.facebook.com\/BBNPortugues","article_modified_time":"2018-06-25T14:36:48+00:00","twitter_card":"summary_large_image","twitter_title":"O Que A B\u00edblia Ensina - A Vida Que Vale a Pena","twitter_description":"Como podemos ter uma vida que valha a pena? Embora um crist\u00e3o n\u00e3o possa perder a salva\u00e7\u00e3o, pode desperdi\u00e7ar sua vida de maneira que n\u00e3o fa\u00e7a diferen\u00e7a para a eternidade. J\u00e1 foi dito com muita raz\u00e3o: \u201c\u00c9 tolo o homem cujos planos terminam com o tempo.\u201d Para evitar a trag\u00e9dia de uma vida desperdi\u00e7ada, a B\u00edblia aconselha o crist\u00e3o a","twitter_site":"@BBNPortugues","twitter_misc":{"Est. tempo de leitura":"4 minutos"},"schema":{"@context":"https:\/\/schema.org","@graph":[{"@type":"WebPage","@id":"https:\/\/bbn1.bbnradio.org\/portuguese\/ferramentas-inicial\/o-que-a-biblia-ensina\/a-vida-que-vale-a-pena\/","url":"https:\/\/bbn1.bbnradio.org\/portuguese\/ferramentas-inicial\/o-que-a-biblia-ensina\/a-vida-que-vale-a-pena\/","name":"O Que A B\u00edblia Ensina - A Vida Que Vale a Pena - BBN","isPartOf":{"@id":"https:\/\/bbn1.bbnradio.org\/portuguese\/#website"},"datePublished":"2016-04-04T20:37:59+00:00","dateModified":"2018-06-25T14:36:48+00:00","breadcrumb":{"@id":"https:\/\/bbn1.bbnradio.org\/portuguese\/ferramentas-inicial\/o-que-a-biblia-ensina\/a-vida-que-vale-a-pena\/#breadcrumb"},"inLanguage":"pt-BR","potentialAction":[{"@type":"ReadAction","target":["https:\/\/bbn1.bbnradio.org\/portuguese\/ferramentas-inicial\/o-que-a-biblia-ensina\/a-vida-que-vale-a-pena\/"]}]},{"@type":"BreadcrumbList","@id":"https:\/\/bbn1.bbnradio.org\/portuguese\/ferramentas-inicial\/o-que-a-biblia-ensina\/a-vida-que-vale-a-pena\/#breadcrumb","itemListElement":[{"@type":"ListItem","position":1,"name":"Home","item":"https:\/\/bbn1.bbnradio.org\/portuguese\/inicio\/"},{"@type":"ListItem","position":2,"name":"Ferramentas &#8211; Inicial","item":"https:\/\/bbn1.bbnradio.org\/portuguese\/ferramentas-inicial\/"},{"@type":"ListItem","position":3,"name":"O Que A B\u00edblia Ensina","item":"https:\/\/bbn1.bbnradio.org\/portuguese\/ferramentas-inicial\/o-que-a-biblia-ensina\/"},{"@type":"ListItem","position":4,"name":"O Que A B\u00edblia Ensina &#8211; A Vida Que Vale a Pena"}]},{"@type":"WebSite","@id":"https:\/\/bbn1.bbnradio.org\/portuguese\/#website","url":"https:\/\/bbn1.bbnradio.org\/portuguese\/","name":"BBN Portuguese","description":"BBN","potentialAction":[{"@type":"SearchAction","target":{"@type":"EntryPoint","urlTemplate":"https:\/\/bbn1.bbnradio.org\/portuguese\/?s={search_term_string}"},"query-input":{"@type":"PropertyValueSpecification","valueRequired":true,"valueName":"search_term_string"}}],"inLanguage":"pt-BR"}]}},"jetpack_sharing_enabled":true,"jetpack_shortlink":"https:\/\/wp.me\/P85nO0-1Z3","_links":{"self":[{"href":"https:\/\/bbn1.bbnradio.org\/portuguese\/wp-json\/wp\/v2\/pages\/7629","targetHints":{"allow":["GET"]}}],"collection":[{"href":"https:\/\/bbn1.bbnradio.org\/portuguese\/wp-json\/wp\/v2\/pages"}],"about":[{"href":"https:\/\/bbn1.bbnradio.org\/portuguese\/wp-json\/wp\/v2\/types\/page"}],"author":[{"embeddable":true,"href":"https:\/\/bbn1.bbnradio.org\/portuguese\/wp-json\/wp\/v2\/users\/22"}],"replies":[{"embeddable":true,"href":"https:\/\/bbn1.bbnradio.org\/portuguese\/wp-json\/wp\/v2\/comments?post=7629"}],"version-history":[{"count":2,"href":"https:\/\/bbn1.bbnradio.org\/portuguese\/wp-json\/wp\/v2\/pages\/7629\/revisions"}],"predecessor-version":[{"id":12865,"href":"https:\/\/bbn1.bbnradio.org\/portuguese\/wp-json\/wp\/v2\/pages\/7629\/revisions\/12865"}],"up":[{"embeddable":true,"href":"https:\/\/bbn1.bbnradio.org\/portuguese\/wp-json\/wp\/v2\/pages\/5034"}],"wp:attachment":[{"href":"https:\/\/bbn1.bbnradio.org\/portuguese\/wp-json\/wp\/v2\/media?parent=7629"}],"wp:term":[{"taxonomy":"category","embeddable":true,"href":"https:\/\/bbn1.bbnradio.org\/portuguese\/wp-json\/wp\/v2\/categories?post=7629"},{"taxonomy":"post_tag","embeddable":true,"href":"https:\/\/bbn1.bbnradio.org\/portuguese\/wp-json\/wp\/v2\/tags?post=7629"}],"curies":[{"name":"wp","href":"https:\/\/api.w.org\/{rel}","templated":true}]}}