{"id":7649,"date":"2016-04-05T07:07:58","date_gmt":"2016-04-05T11:07:58","guid":{"rendered":"https:\/\/bbn1.bbnradio.org\/english\/?page_id=7649"},"modified":"2018-09-24T10:43:17","modified_gmt":"2018-09-24T13:43:17","slug":"esposa-o-coracao-do-lar","status":"publish","type":"page","link":"https:\/\/bbn1.bbnradio.org\/portuguese\/ferramentas-inicial\/o-lar-cristao\/esposa-o-coracao-do-lar\/","title":{"rendered":"O Lar Crist\u00e3o &#8211; Esposa &#8211; O Cora\u00e7\u00e3o do Lar"},"content":{"rendered":"\n<style type=\"text\/css\" data-created_by=\"avia_inline_auto\" id=\"style-css-av-cpc8h-d86fee4d49327fedc48aa7b0ad11ff2f\">\n.avia-image-container.av-cpc8h-d86fee4d49327fedc48aa7b0ad11ff2f img.avia_image{\nbox-shadow:none;\n}\n.avia-image-container.av-cpc8h-d86fee4d49327fedc48aa7b0ad11ff2f .av-image-caption-overlay-center{\ncolor:#ffffff;\n}\n<\/style>\n<div  class='avia-image-container av-cpc8h-d86fee4d49327fedc48aa7b0ad11ff2f av-styling- avia-align-center  avia-builder-el-0  el_before_av_textblock  avia-builder-el-first '   itemprop=\"image\" itemscope=\"itemscope\" itemtype=\"https:\/\/schema.org\/ImageObject\" ><div class=\"avia-image-container-inner\"><div class=\"avia-image-overlay-wrap\"><img decoding=\"async\" fetchpriority=\"high\" class='wp-image-8618 avia-img-lazy-loading-not-8618 avia_image ' src=\"https:\/\/bbn1.bbnradio.org\/portuguese\/wp-content\/uploads\/sites\/6\/2016\/04\/A-Christian-Home-Wife-The-Heart-of-the-Home.jpg\" alt='A Christian Home \u2013 Children \u2013 The Fruit of the Home' title='A Christian Home \u2013 Children \u2013 The Fruit of the Home'  height=\"321\" width=\"613\"  itemprop=\"thumbnailUrl\"  \/><\/div><\/div><\/div>\n<section  class='av_textblock_section av-2vs0n5-2124c53b2be7a86b6204ae863d708b58 '   itemscope=\"itemscope\" itemtype=\"https:\/\/schema.org\/CreativeWork\" ><div class='avia_textblock'  itemprop=\"text\" ><p>Esposa &#8211; O Cora\u00e7\u00e3o do Lar<\/p>\n<p>Se for uma mulher que estiver lendo estas linhas provavelmente est\u00e1 tentando entender qual \u00e9 o seu papel no casamento. Por favor, pare aqui e abra sua B\u00edblia em Prov\u00e9rbios 31 (leia e medite nos vers\u00edculos 10-31). Esta passagem b\u00edblica a ajudar\u00e1 a entender o seu papel no casamento. A seguir, vamos olhar algumas coisas que v\u00e3o lhe ajudar a ter uma vis\u00e3o desta passagem de uma forma pr\u00e1tica, para que voc\u00ea entenda o belo relacionamento que Deus estabeleceu no \u201cprinc\u00edpio\u201d.<\/p>\n<p>Creio que cada mulher entender\u00e1 seu valor para seu futuro marido. Prov\u00e9rbios 31:10 fala que seu valor para seu marido excede ao pre\u00e7o de rubis. Quando um homem lhe pede em casamento, voc\u00ea foi escolhida sobre todas a mulheres da terra. Isto traz responsabilidades e oportunidades, que os anjos dos c\u00e9us poderiam desejar. Ela tem em suas m\u00e3os o destino e futuro terreno de seu marido e filhos de uma maneira tal que ela nem imagina. Voc\u00ea n\u00e3o ser\u00e1 simplesmente uma pessoa ou alguma coisa, voc\u00ea ter\u00e1 o maior impacto sobre o futuro de seu marido, filhos e lar. Muito de seu desenvolvimento e destino est\u00e3o em suas m\u00e3os. Sempre se diz, \u201cas crian\u00e7as s\u00e3o frutos do lar\u201d. Os pais deixam sua marca na casa, mas por causa do tempo e do ensino da m\u00e3e nos h\u00e1bitos dos filhos, seu car\u00e1ter e pensamento, a influ\u00eancia dela torna-se de um impacto muito maior. (Prov\u00e9rbios 31:28).<\/p>\n<p>A palavra \u2018esposa\u2019 em ingl\u00eas (Wife) significa tecel\u00e3 (Weaver). Ela \u00e9 aquela que tece o lar dentro do desenho e beleza que deve ser. Todos o novelos devem se complementar e depender uns nos outros para expressar a vontade da tecel\u00e3. Um lar tecido por uma esposa crist\u00e3 expressar\u00e1 a gra\u00e7a e a beleza que revela a obra do Esp\u00edrito Santo no dia a dia. Ser\u00e1 bem claramente refletida na vida dos filhos e do marido. \u201cLevantam-se seus filhos, e chamam-na bem-aventurada; seu marido tamb\u00e9m, e ele a louva.\u201d Dizendo: \u201cMuitas filhas t\u00eam procedido virtuosamente, mas tu \u00e9s, de todas, mais excelente!\u201d (Prov\u00e9rbios 31:28 e 29)<\/p>\n<p>O lar \u00e9 seu dom\u00ednio. Como o Senhor Jesus \u00e9 o cabe\u00e7a da Igreja e o Esp\u00edrito santo \u00e9 o guia sempre presente, guiando, influenciando, dirigindo, ensinando e refor\u00e7ando as regras escritas na Palavra, assim a esposa \u00e9 como o Esp\u00edrito Santo no lar. Sua influ\u00eancia em tudo que ocorre no lar \u00e9 como a obra do Esp\u00edrito Santo na Igreja. Ela conduz, ensina, conforta, anima, d\u00e1 e compreende, tudo para construir a f\u00e9 em seu marido e filhos.<\/p>\n<p>A descri\u00e7\u00e3o de uma boa esposa foi dada por um escritor alguns anos atr\u00e1s&#8230; \u201cuma boa esposa \u00e9 o \u00faltimo melhor presente dos c\u00e9us, seu anjo e ministra de inumer\u00e1veis gra\u00e7as, uma gema de muitas virtudes. Sua voz \u00e9 mais doce que a mais doce melodia, seu sorriso \u00e9 mais brilhante que o dia. Seu beijo \u00e9 guardi\u00e3o da inoc\u00eancia dele, seus bra\u00e7os s\u00e3o estacas para sua seguran\u00e7a, seu trabalho produz riquezas. Sua economia \u00e9 sua boa administra\u00e7\u00e3o, seus l\u00e1bios s\u00e3o conselheiros seguros, seu ventre \u00e9 travesseiro macio de seus carinhos, suas ora\u00e7\u00f5es s\u00e3o defensoras seguras das b\u00ean\u00e7\u00e3os celestiais sobre a cabe\u00e7a dele\u201d.<\/p>\n<p>Se a descri\u00e7\u00e3o acima \u00e9 a esposa ideal, talvez muitas coisas deveriam ser perguntadas antes de se casar com um homem. Pelo fato da esposa ser o cora\u00e7\u00e3o do lar, a mulher deveria se perguntar se pode ser tudo que se espera de uma boa esposa. Que tipo de mulher voc\u00ea tem que ser para ser uma verdadeira esposa? Este \u00e9 o tipo de vida que voc\u00ea quer? Aqui est\u00e3o algumas exig\u00eancias que devem ser consideradas ao vermos o projeto de Deus para a esposa num casamento crist\u00e3o.<\/p>\n<p>Parceria<\/p>\n<p>Costumo usar esta palavra num sentido mais amplo. Leia de novo sobre a boa esposa de Prov\u00e9rbios. \u201cO cora\u00e7\u00e3o de seu marido est\u00e1 nela confiado;\u201d. Ele sabe que ela \u00e9 sua parceira mais maravilhosa e amiga e ela \u00e9 \u00fanica. Ele sabe que ela \u00e9 sincera em todos os seus interesses e inten\u00e7\u00f5es; ele deve mostrar o mesmo a ela. Ela est\u00e1 preocupada com seu futuro e com as necessidades dele. Ela pode ficar a seu lado e ampliar seus sonhos. Ningu\u00e9m atender\u00e1 suas necessidades, expandir\u00e1 sua vis\u00e3o, alvos, seu futuro e compromissos t\u00e3o bem quanto sua bela esposa com quem ele se casou.<\/p>\n<p>Mantendo sua Casa<\/p>\n<p>\u00c9 verdade que em certas atividades homens e mulheres s\u00e3o iguais, mas hoje vemos homens e mulheres competindo pelos empregos no mercado de trabalho. Dever\u00edamos nos perguntar,\u2018qual a verdadeira motiva\u00e7\u00e3o para este emprego?\u2019 Pode ser o poder, ego pessoal, aceita\u00e7\u00e3o, reconhecimento, direitos, materialismo ou muitas outras coisas, nem todas corretas ou nem todas erradas. Elas se convenceram que se sa\u00edrem para trabalhar, o aumento da renda propiciar\u00e1 uma vida mais tranq\u00fcila, um carro melhor, educa\u00e7\u00e3o em escola particular e uma lista sem fim. No entanto, as pesquisas mostram que quando isto ocorre, o casal raramente consegue alcan\u00e7ar o padr\u00e3o de vida sonhado pois o mesmo sempre sobe \u00e0 medida que a renda cresce. Uma vez que o casal estabeleceu seu padr\u00e3o de vida, baseados na renda dos dois, raramente conseguem viver de novo com uma \u00fanica fonte. Neste est\u00e1gio, ambos j\u00e1 perderam a no\u00e7\u00e3o dos claros ensinos b\u00edblicos.<\/p>\n<p>Do ponto de vista b\u00edblico, seria este o prop\u00f3sito de Deus para a mulher, especialmente para aquelas com filhos em casa? A B\u00edblia diz para as mulheres mais velhas: \u201c\u2026 ensinem as mulheres novas a serem prudentes, a amarem seus maridos, a amarem seus filhos, a serem moderadas, puras, boas donas de casa, sujeitas a seus maridos, a fim de que a palavra de Deus n\u00e3o seja blasfemada.\u201d (Tito 2:4 e 5).<\/p>\n<p>Se o lar \u00e9 prioridade em nossas vidas como Deus o quer, ent\u00e3o a ordem da fam\u00edlia deve ser mantida afinada com o que a B\u00edblia ensina. Deus quer que a mulher se realize na manuten\u00e7\u00e3o do lar e dos filhos em casa, amando-os e transformando o lar em para\u00edso para sua fam\u00edlia. Se ela n\u00e3o consegue manter o lar, e n\u00e3o pode aprender ou n\u00e3o quer, dever\u00e1 conseguir algu\u00e9m que o fa\u00e7a por ela. Uma casa arrumada \u00e9 absolutamente indispens\u00e1vel para um casamento feliz.<\/p>\n<p>Isto pode soar pouco rom\u00e2ntico para os casais mais jovens, o que n\u00e3o torna menos verdadeiro. Muitos casamentos felizes t\u00eam sido destru\u00eddos pelos estritos hor\u00e1rios de ambos, especialmente quando a casa n\u00e3o fica limpa, as refei\u00e7\u00f5es n\u00e3o s\u00e3o preparadas, as crian\u00e7as n\u00e3o recebem o devido cuidado, e as coisas da casa n\u00e3o est\u00e3o nos seus devidos lugares. O marido chega do trabalho, onde as coisas s\u00e3o obrigatoriamente bem organizadas para se obter sucesso. Cada pessoa deve manter tudo em ordem e trabalhar eficientemente. Se j\u00e1 \u00e9 importante no mercado para se obter sucesso, quanto mais n\u00e3o o seria para um lar ser bem sucedido!<\/p>\n<p>O marido pode ser um homem muito paciente, mas se constantemente chega num lar sujo e desorganizado em que tudo est\u00e1 fora do devido lugar, isto apaga o entusiasmo e a alegria de voltar para o lar. Quando as coisas est\u00e3o desarrumadas e fora do lugar, jogadas no ch\u00e3o ou deixadas em lugares impr\u00f3prios ao inv\u00e9s de nos lugares apropriados, a tens\u00e3o \u00e9 criada no lar e logo todo o romance se esvai pela janela.<\/p>\n<p>Se, como esposa, voc\u00ea quiser manter a rela\u00e7\u00e3o vibrante, fa\u00e7a de seu lar um para\u00edso de descanso para que ele escape das press\u00f5es do mercado de trabalho; coloque-se ent\u00e3o no lugar dele. Como voc\u00ea gostaria de encontrar as coisas ao chegar em casa? Amor e respeito devem ser la\u00e7os que amarram juntos um relacionamento. No entanto, uma casa bem arrumada prepara o ambiente ou destr\u00f3i relacionamentos. Como todos os relacionamentos, ele precisa de um alicerce e como uma pedra importante neste alicerce, temos uma casa bem organizada.<\/p>\n<p>Comunica\u00e7\u00e3o M\u00fatua<\/p>\n<p>A comunica\u00e7\u00e3o deve fluir de cada c\u00f4njuge, compartilhando todas as coisas e qualquer coisa. Entre marido e mulher, nenhum assunto ou incidente est\u00e1 fora dos limites. Ao mesmo tempo, qualquer coisa compartilhada em segredo deve assim permanecer. Se for violado, provocar\u00e1 s\u00e9rios danos ao princ\u00edpio b\u00e1sico da confian\u00e7a no relacionamento. Enquanto ela entrega sua completa confian\u00e7a a ele, nada escondendo dele e n\u00e3o mantendo segredo algum, ela deve ser muito cautelosa ao falar de seu lar para os de fora.<\/p>\n<p>Os homens por sua vez, sempre est\u00e3o testando os limites da esposa. Ele ter\u00e1 falhas que a aborrecem e causar\u00e3o muita dor. Ela dever\u00e1 conversar somente com o marido e com o Salvador sobre elas. Ele poder\u00e1 falhar em suas obriga\u00e7\u00f5es ou algo assim. Uma esposa s\u00e1bia nunca falar\u00e1 destas coisas fora de casa e nem em casa na presen\u00e7a dos filhos. Ela falar\u00e1 somente com seu marido e com o Salvador. Pode lutar constantemente para corrigir estas faltas no marido, mas deve ser paciente, com amor, mantendo seu problema em seu cora\u00e7\u00e3o. Prov\u00e9rbios 31 \u00e9 um cap\u00edtulo especial na B\u00edblia para a mulher piedosa. Aqui est\u00e1 um verso para se guardar no cora\u00e7\u00e3o, \u201cAbre a sua boca com sabedoria, e a lei da benefic\u00eancia est\u00e1 na sua l\u00edngua.\u201d (vers\u00edculo 26)<\/p>\n<p>Aqui, \u00e0s vezes um erro fatal \u00e9 cometido. As esposas conversam de forma errada e irresponsavel sobre os defeitos de seus respectivos maridos. \u00c0s vezes at\u00e9 mesmo falam com outros homens sobre o assunto, esquecidas do fato de que amor supera os defeitos. O homem para quem ela est\u00e1 falando de seu marido, pode estar imaginando se o pobre homem j\u00e1 sabe como sua mulher fala mal dele, assim ela somente traz desrespeito sobre si mesma. Guarde seu cora\u00e7\u00e3o e suas palavras ao falar para os outros sobre sua fam\u00edlia e lar.<\/p>\n<p>Apresenta\u00e7\u00e3o pessoal e Espiritual<\/p>\n<p>Hoje, no nosso mundo dos an\u00fancios, h\u00e1 beleza e apelo sexual. Muitas mulheres assimilaram do mundo que a beleza trar\u00e1 ao casamento felicidade e sucesso, somente para descobrirem que isto n\u00e3o \u00e9 verdade. Depois de feitos os votos e voc\u00eas come\u00e7arem a viver juntos, a pessoa verdadeira se revela. Novamente, Deus coloca na seguinte perspectiva, \u201cEnganosa \u00e9 a beleza, e v\u00e3 a formosura; mas a mulher que teme ao Senhor, essa sim ser\u00e1 louvada.\u201d (Prov\u00e9rbios 31:30).<\/p>\n<p>Algu\u00e9m disse, \u201ca beleza est\u00e1 nos olhos de quem v\u00ea\u201d. A verdadeira beleza n\u00e3o pode ser alcan\u00e7ada pela perda de peso, mudan\u00e7a do cabelo, maquiagem, ou qualquer coisa que o mundo diz ser essencial para ser bonita. \u201cE seja sobre n\u00f3s a formosura do Senhor nosso Deus, e confirma sobre n\u00f3s a obra das nossas m\u00e3os; sim, confirma a obra das nossas m\u00e3os.\u201d (Salmos 90:17). A beleza verdadeira e duradoura n\u00e3o \u00e9 externa mas interna. Voc\u00ea j\u00e1 encontrou um casal de velhinhos que continua muito apaixonado? \u00c9 completamente poss\u00edvel uma esposa manter um charme crescente para seu marido. O passar dos anos pode tirar o rosado das bochechas, a m\u00fasica da voz mas a arte do amor e da gra\u00e7a pode ainda real\u00e7ar a beleza nos olhos do marido. Para que isto aconte\u00e7a, no entanto, ela deve evitar tudo que for ofensivo e assim ser\u00e1 uma esposa que constantemente cultiva sua pr\u00f3pria vida com tudo que \u00e9 am\u00e1vel, feminino, gracioso e piedoso.<\/p>\n<p>Assim tudo volta para a quest\u00e3o de car\u00e1ter, o seu verdadeiro eu. Uma boa esposa o ser\u00e1 apenas sendo uma boa mulher. E uma boa mulher \u00e9 aquela que \u00e9 uma boa e piedosa crist\u00e3. O casamento pode exigir muito tanto do marido quanto da esposa. Muito de seu valor vem de uma disciplina r\u00edgida. As obriga\u00e7\u00f5es da mulher \u00e0s vezes s\u00e3o tantas que quase nenhuma mulher consegue realiz\u00e1-las a n\u00e3o ser que seja crist\u00e3. Tristezas e desapontamentos, lutas e desentendimentos, ang\u00fastias e necessidades do dia a dia surgem, e a n\u00e3o ser que Cristo esteja no cora\u00e7\u00e3o, tudo isso \u00e9 dif\u00edcil demais para se aguentar. Vamos manter Cristo nos lares, e para cada esposa, deixe que Ele seja o verdadeiro e mais \u00edntimo amigo.<\/p>\n<\/div><\/section>\n<!-- AddThis Advanced Settings generic via filter on the_content --><!-- AddThis Share Buttons generic via filter on the_content -->","protected":false},"excerpt":{"rendered":"<p><!-- AddThis Advanced Settings generic via filter on get_the_excerpt --><!-- AddThis Share Buttons generic via filter on get_the_excerpt --><\/p>\n","protected":false},"author":22,"featured_media":8618,"parent":4940,"menu_order":0,"comment_status":"closed","ping_status":"closed","template":"","meta":{"jetpack_post_was_ever_published":false,"footnotes":""},"categories":[],"tags":[],"class_list":["post-7649","page","type-page","status-publish","has-post-thumbnail","hentry"],"yoast_head":"<!-- This site is optimized with the Yoast SEO Premium plugin v24.8 (Yoast SEO v24.8.1) - https:\/\/yoast.com\/wordpress\/plugins\/seo\/ -->\n<title>Esposa - O Cora\u00e7\u00e3o do Lar<\/title>\n<meta name=\"robots\" content=\"index, follow, max-snippet:-1, max-image-preview:large, max-video-preview:-1\" \/>\n<link rel=\"canonical\" href=\"https:\/\/bbn1.bbnradio.org\/portuguese\/ferramentas-inicial\/o-lar-cristao\/esposa-o-coracao-do-lar\/\" \/>\n<meta property=\"og:locale\" content=\"pt_BR\" \/>\n<meta property=\"og:type\" content=\"article\" \/>\n<meta property=\"og:title\" content=\"Esposa - O Cora\u00e7\u00e3o do Lar\" \/>\n<meta property=\"og:description\" content=\"Se for uma mulher que estiver lendo estas linhas provavelmente deva estar imaginando qual \u00e9 o seu papel no casamento.\" \/>\n<meta property=\"og:url\" content=\"https:\/\/bbn1.bbnradio.org\/portuguese\/ferramentas-inicial\/o-lar-cristao\/esposa-o-coracao-do-lar\/\" \/>\n<meta property=\"og:site_name\" content=\"BBN\" \/>\n<meta property=\"article:publisher\" content=\"https:\/\/www.facebook.com\/BBNPortugues\" \/>\n<meta property=\"article:modified_time\" content=\"2018-09-24T13:43:17+00:00\" \/>\n<meta name=\"twitter:card\" content=\"summary_large_image\" \/>\n<meta name=\"twitter:title\" content=\"Esposa - O Cora\u00e7\u00e3o do Lar\" \/>\n<meta name=\"twitter:description\" content=\"Se for uma mulher que estiver lendo estas linhas provavelmente deva estar imaginando qual \u00e9 o seu papel no casamento.\" \/>\n<meta name=\"twitter:image\" content=\"https:\/\/bbn1.bbnradio.org\/english\/wp-content\/uploads\/sites\/2\/2016\/04\/A-Christian-Home-Wife-The-Heart-of-the-Home.jpg\" \/>\n<meta name=\"twitter:site\" content=\"@BBNPortugues\" \/>\n<meta name=\"twitter:label1\" content=\"Est. tempo de leitura\" \/>\n\t<meta name=\"twitter:data1\" content=\"11 minutos\" \/>\n<script type=\"application\/ld+json\" class=\"yoast-schema-graph\">{\"@context\":\"https:\/\/schema.org\",\"@graph\":[{\"@type\":\"WebPage\",\"@id\":\"https:\/\/bbn1.bbnradio.org\/portuguese\/ferramentas-inicial\/o-lar-cristao\/esposa-o-coracao-do-lar\/\",\"url\":\"https:\/\/bbn1.bbnradio.org\/portuguese\/ferramentas-inicial\/o-lar-cristao\/esposa-o-coracao-do-lar\/\",\"name\":\"Esposa - O Cora\u00e7\u00e3o do Lar\",\"isPartOf\":{\"@id\":\"https:\/\/bbn1.bbnradio.org\/portuguese\/#website\"},\"primaryImageOfPage\":{\"@id\":\"https:\/\/bbn1.bbnradio.org\/portuguese\/ferramentas-inicial\/o-lar-cristao\/esposa-o-coracao-do-lar\/#primaryimage\"},\"image\":{\"@id\":\"https:\/\/bbn1.bbnradio.org\/portuguese\/ferramentas-inicial\/o-lar-cristao\/esposa-o-coracao-do-lar\/#primaryimage\"},\"thumbnailUrl\":\"https:\/\/bbn1.bbnradio.org\/portuguese\/wp-content\/uploads\/sites\/6\/2016\/04\/A-Christian-Home-Wife-The-Heart-of-the-Home.jpg\",\"datePublished\":\"2016-04-05T11:07:58+00:00\",\"dateModified\":\"2018-09-24T13:43:17+00:00\",\"breadcrumb\":{\"@id\":\"https:\/\/bbn1.bbnradio.org\/portuguese\/ferramentas-inicial\/o-lar-cristao\/esposa-o-coracao-do-lar\/#breadcrumb\"},\"inLanguage\":\"pt-BR\",\"potentialAction\":[{\"@type\":\"ReadAction\",\"target\":[\"https:\/\/bbn1.bbnradio.org\/portuguese\/ferramentas-inicial\/o-lar-cristao\/esposa-o-coracao-do-lar\/\"]}]},{\"@type\":\"ImageObject\",\"inLanguage\":\"pt-BR\",\"@id\":\"https:\/\/bbn1.bbnradio.org\/portuguese\/ferramentas-inicial\/o-lar-cristao\/esposa-o-coracao-do-lar\/#primaryimage\",\"url\":\"https:\/\/bbn1.bbnradio.org\/portuguese\/wp-content\/uploads\/sites\/6\/2016\/04\/A-Christian-Home-Wife-The-Heart-of-the-Home.jpg\",\"contentUrl\":\"https:\/\/bbn1.bbnradio.org\/portuguese\/wp-content\/uploads\/sites\/6\/2016\/04\/A-Christian-Home-Wife-The-Heart-of-the-Home.jpg\",\"width\":1200,\"height\":628,\"caption\":\"A Christian Home \u2013 Children \u2013 The Fruit of the Home\"},{\"@type\":\"BreadcrumbList\",\"@id\":\"https:\/\/bbn1.bbnradio.org\/portuguese\/ferramentas-inicial\/o-lar-cristao\/esposa-o-coracao-do-lar\/#breadcrumb\",\"itemListElement\":[{\"@type\":\"ListItem\",\"position\":1,\"name\":\"Home\",\"item\":\"https:\/\/bbn1.bbnradio.org\/portuguese\/inicio\/\"},{\"@type\":\"ListItem\",\"position\":2,\"name\":\"Ferramentas &#8211; Inicial\",\"item\":\"https:\/\/bbn1.bbnradio.org\/portuguese\/ferramentas-inicial\/\"},{\"@type\":\"ListItem\",\"position\":3,\"name\":\"O Lar Crist\u00e3o\",\"item\":\"https:\/\/bbn1.bbnradio.org\/portuguese\/ferramentas-inicial\/o-lar-cristao\/\"},{\"@type\":\"ListItem\",\"position\":4,\"name\":\"O Lar Crist\u00e3o &#8211; Esposa &#8211; O Cora\u00e7\u00e3o do Lar\"}]},{\"@type\":\"WebSite\",\"@id\":\"https:\/\/bbn1.bbnradio.org\/portuguese\/#website\",\"url\":\"https:\/\/bbn1.bbnradio.org\/portuguese\/\",\"name\":\"BBN Portuguese\",\"description\":\"BBN\",\"potentialAction\":[{\"@type\":\"SearchAction\",\"target\":{\"@type\":\"EntryPoint\",\"urlTemplate\":\"https:\/\/bbn1.bbnradio.org\/portuguese\/?s={search_term_string}\"},\"query-input\":{\"@type\":\"PropertyValueSpecification\",\"valueRequired\":true,\"valueName\":\"search_term_string\"}}],\"inLanguage\":\"pt-BR\"}]}<\/script>\n<!-- \/ Yoast SEO Premium plugin. -->","yoast_head_json":{"title":"Esposa - O Cora\u00e7\u00e3o do Lar","robots":{"index":"index","follow":"follow","max-snippet":"max-snippet:-1","max-image-preview":"max-image-preview:large","max-video-preview":"max-video-preview:-1"},"canonical":"https:\/\/bbn1.bbnradio.org\/portuguese\/ferramentas-inicial\/o-lar-cristao\/esposa-o-coracao-do-lar\/","og_locale":"pt_BR","og_type":"article","og_title":"Esposa - O Cora\u00e7\u00e3o do Lar","og_description":"Se for uma mulher que estiver lendo estas linhas provavelmente deva estar imaginando qual \u00e9 o seu papel no casamento.","og_url":"https:\/\/bbn1.bbnradio.org\/portuguese\/ferramentas-inicial\/o-lar-cristao\/esposa-o-coracao-do-lar\/","og_site_name":"BBN","article_publisher":"https:\/\/www.facebook.com\/BBNPortugues","article_modified_time":"2018-09-24T13:43:17+00:00","twitter_card":"summary_large_image","twitter_title":"Esposa - O Cora\u00e7\u00e3o do Lar","twitter_description":"Se for uma mulher que estiver lendo estas linhas provavelmente deva estar imaginando qual \u00e9 o seu papel no casamento.","twitter_image":"https:\/\/bbn1.bbnradio.org\/english\/wp-content\/uploads\/sites\/2\/2016\/04\/A-Christian-Home-Wife-The-Heart-of-the-Home.jpg","twitter_site":"@BBNPortugues","twitter_misc":{"Est. tempo de leitura":"11 minutos"},"schema":{"@context":"https:\/\/schema.org","@graph":[{"@type":"WebPage","@id":"https:\/\/bbn1.bbnradio.org\/portuguese\/ferramentas-inicial\/o-lar-cristao\/esposa-o-coracao-do-lar\/","url":"https:\/\/bbn1.bbnradio.org\/portuguese\/ferramentas-inicial\/o-lar-cristao\/esposa-o-coracao-do-lar\/","name":"Esposa - O Cora\u00e7\u00e3o do Lar","isPartOf":{"@id":"https:\/\/bbn1.bbnradio.org\/portuguese\/#website"},"primaryImageOfPage":{"@id":"https:\/\/bbn1.bbnradio.org\/portuguese\/ferramentas-inicial\/o-lar-cristao\/esposa-o-coracao-do-lar\/#primaryimage"},"image":{"@id":"https:\/\/bbn1.bbnradio.org\/portuguese\/ferramentas-inicial\/o-lar-cristao\/esposa-o-coracao-do-lar\/#primaryimage"},"thumbnailUrl":"https:\/\/bbn1.bbnradio.org\/portuguese\/wp-content\/uploads\/sites\/6\/2016\/04\/A-Christian-Home-Wife-The-Heart-of-the-Home.jpg","datePublished":"2016-04-05T11:07:58+00:00","dateModified":"2018-09-24T13:43:17+00:00","breadcrumb":{"@id":"https:\/\/bbn1.bbnradio.org\/portuguese\/ferramentas-inicial\/o-lar-cristao\/esposa-o-coracao-do-lar\/#breadcrumb"},"inLanguage":"pt-BR","potentialAction":[{"@type":"ReadAction","target":["https:\/\/bbn1.bbnradio.org\/portuguese\/ferramentas-inicial\/o-lar-cristao\/esposa-o-coracao-do-lar\/"]}]},{"@type":"ImageObject","inLanguage":"pt-BR","@id":"https:\/\/bbn1.bbnradio.org\/portuguese\/ferramentas-inicial\/o-lar-cristao\/esposa-o-coracao-do-lar\/#primaryimage","url":"https:\/\/bbn1.bbnradio.org\/portuguese\/wp-content\/uploads\/sites\/6\/2016\/04\/A-Christian-Home-Wife-The-Heart-of-the-Home.jpg","contentUrl":"https:\/\/bbn1.bbnradio.org\/portuguese\/wp-content\/uploads\/sites\/6\/2016\/04\/A-Christian-Home-Wife-The-Heart-of-the-Home.jpg","width":1200,"height":628,"caption":"A Christian Home \u2013 Children \u2013 The Fruit of the Home"},{"@type":"BreadcrumbList","@id":"https:\/\/bbn1.bbnradio.org\/portuguese\/ferramentas-inicial\/o-lar-cristao\/esposa-o-coracao-do-lar\/#breadcrumb","itemListElement":[{"@type":"ListItem","position":1,"name":"Home","item":"https:\/\/bbn1.bbnradio.org\/portuguese\/inicio\/"},{"@type":"ListItem","position":2,"name":"Ferramentas &#8211; Inicial","item":"https:\/\/bbn1.bbnradio.org\/portuguese\/ferramentas-inicial\/"},{"@type":"ListItem","position":3,"name":"O Lar Crist\u00e3o","item":"https:\/\/bbn1.bbnradio.org\/portuguese\/ferramentas-inicial\/o-lar-cristao\/"},{"@type":"ListItem","position":4,"name":"O Lar Crist\u00e3o &#8211; Esposa &#8211; O Cora\u00e7\u00e3o do Lar"}]},{"@type":"WebSite","@id":"https:\/\/bbn1.bbnradio.org\/portuguese\/#website","url":"https:\/\/bbn1.bbnradio.org\/portuguese\/","name":"BBN Portuguese","description":"BBN","potentialAction":[{"@type":"SearchAction","target":{"@type":"EntryPoint","urlTemplate":"https:\/\/bbn1.bbnradio.org\/portuguese\/?s={search_term_string}"},"query-input":{"@type":"PropertyValueSpecification","valueRequired":true,"valueName":"search_term_string"}}],"inLanguage":"pt-BR"}]}},"jetpack_sharing_enabled":true,"jetpack_shortlink":"https:\/\/wp.me\/P85nO0-1Zn","_links":{"self":[{"href":"https:\/\/bbn1.bbnradio.org\/portuguese\/wp-json\/wp\/v2\/pages\/7649","targetHints":{"allow":["GET"]}}],"collection":[{"href":"https:\/\/bbn1.bbnradio.org\/portuguese\/wp-json\/wp\/v2\/pages"}],"about":[{"href":"https:\/\/bbn1.bbnradio.org\/portuguese\/wp-json\/wp\/v2\/types\/page"}],"author":[{"embeddable":true,"href":"https:\/\/bbn1.bbnradio.org\/portuguese\/wp-json\/wp\/v2\/users\/22"}],"replies":[{"embeddable":true,"href":"https:\/\/bbn1.bbnradio.org\/portuguese\/wp-json\/wp\/v2\/comments?post=7649"}],"version-history":[{"count":3,"href":"https:\/\/bbn1.bbnradio.org\/portuguese\/wp-json\/wp\/v2\/pages\/7649\/revisions"}],"predecessor-version":[{"id":13888,"href":"https:\/\/bbn1.bbnradio.org\/portuguese\/wp-json\/wp\/v2\/pages\/7649\/revisions\/13888"}],"up":[{"embeddable":true,"href":"https:\/\/bbn1.bbnradio.org\/portuguese\/wp-json\/wp\/v2\/pages\/4940"}],"wp:featuredmedia":[{"embeddable":true,"href":"https:\/\/bbn1.bbnradio.org\/portuguese\/wp-json\/wp\/v2\/media\/8618"}],"wp:attachment":[{"href":"https:\/\/bbn1.bbnradio.org\/portuguese\/wp-json\/wp\/v2\/media?parent=7649"}],"wp:term":[{"taxonomy":"category","embeddable":true,"href":"https:\/\/bbn1.bbnradio.org\/portuguese\/wp-json\/wp\/v2\/categories?post=7649"},{"taxonomy":"post_tag","embeddable":true,"href":"https:\/\/bbn1.bbnradio.org\/portuguese\/wp-json\/wp\/v2\/tags?post=7649"}],"curies":[{"name":"wp","href":"https:\/\/api.w.org\/{rel}","templated":true}]}}