{"id":7651,"date":"2016-04-05T07:09:05","date_gmt":"2016-04-05T11:09:05","guid":{"rendered":"https:\/\/bbn1.bbnradio.org\/english\/?page_id=7651"},"modified":"2018-05-21T14:42:01","modified_gmt":"2018-05-21T19:42:01","slug":"o-lar-cristao-filhos-o-fruto-do-lar","status":"publish","type":"page","link":"https:\/\/bbn1.bbnradio.org\/portuguese\/ferramentas-inicial\/o-lar-cristao\/o-lar-cristao-filhos-o-fruto-do-lar\/","title":{"rendered":"O Lar Crist\u00e3o &#8211; Filhos &#8211; O Fruto do Lar"},"content":{"rendered":"\n<style type=\"text\/css\" data-created_by=\"avia_inline_auto\" id=\"style-css-av-av_image-3145ddb45f12a5a86a69b05abe5bf204\">\n.avia-image-container.av-av_image-3145ddb45f12a5a86a69b05abe5bf204 img.avia_image{\nbox-shadow:none;\n}\n.avia-image-container.av-av_image-3145ddb45f12a5a86a69b05abe5bf204 .av-image-caption-overlay-center{\ncolor:#ffffff;\n}\n<\/style>\n<div  class='avia-image-container av-av_image-3145ddb45f12a5a86a69b05abe5bf204 av-styling- avia-align-center  avia-builder-el-0  el_before_av_textblock  avia-builder-el-first '   itemprop=\"image\" itemscope=\"itemscope\" itemtype=\"https:\/\/schema.org\/ImageObject\" ><div class=\"avia-image-container-inner\"><div class=\"avia-image-overlay-wrap\"><img decoding=\"async\" fetchpriority=\"high\" class='wp-image-8615 avia-img-lazy-loading-not-8615 avia_image ' src=\"https:\/\/bbn1.bbnradio.org\/portuguese\/wp-content\/uploads\/sites\/6\/2016\/04\/A-Christian-Home-Children-The-Fruit-of-the-Home.jpg\" alt='' title='A Christian Home \u2013 Children \u2013 The Fruit of the Home'  height=\"321\" width=\"613\"  itemprop=\"thumbnailUrl\"  \/><\/div><\/div><\/div>\n<section  class='av_textblock_section av-av_textblock-2de302bf1aa3cf4c9157dbe6f50ac7eb '   itemscope=\"itemscope\" itemtype=\"https:\/\/schema.org\/CreativeWork\" ><div class='avia_textblock'  itemprop=\"text\" ><p>FILHOS &#8211; O FRUTO DO LAR<\/p>\n<p>Que ningu\u00e9m pense que uma crian\u00e7a \u00e9 pequena demais para participar da constru\u00e7\u00e3o de um lar. As engrenagens de meu rel\u00f3gio s\u00e3o pequenas- algumas muito pequenas, mas todas s\u00e3o muito importantes para manter meu rel\u00f3gio na hora exata. Uma crian\u00e7a pequena pode ser t\u00e3o malcriada e bagunceira que perturba todos na casa ou t\u00e3o am\u00e1vel e atenciosa que traga paz e alegria para todo o lar.<\/p>\n<p>Obedi\u00eancia<\/p>\n<p>H\u00e1 tr\u00eas coisas que os pais devem fazer- Amar, Disciplinar e Ensinar, mas quais s\u00e3o as tarefas das crian\u00e7as em casa? Qual \u00e9 a parte delas?<\/p>\n<p>A B\u00edblia n\u00e3o diz, \u201cCrian\u00e7as obede\u00e7am seus pais quando eles estiverem certos\u201d. Ela diz,\u201cV\u00f3s, filhos, sede obedientes a vossos pais no Senhor, porque isto \u00e9 justo.\u201d\u2026 mesmo se estiverem errados (Efes. 6:1). Alguns at\u00e9 diriam que n\u00e3o h\u00e1 registros da vida infantil de nosso Salvador. Somente algumas linhas foram registradas sobre sua vida de crian\u00e7a mas estas s\u00e3o reveladoras. N\u00e3o h\u00e1 palavras mais bonitas que estas sobre Ele, \u201cEle foi para Nazar\u00e9 e em tudo lhes era sujeito\u201d (isto \u00e9 para sua m\u00e3e e para seu padrasto). E quem era Jesus? Quem era esta Crian\u00e7a que obedecia? Ele era o eterno Filho de Deus. Era o Criador de todo o Universo, \u201cpor Ele foram feitas todas as coisas e sem Ele nada do que foi feito se fez\u201d. Ele era Senhor e Mestre de todos os anjos no c\u00e9u. Que li\u00e7\u00e3o de obedi\u00eancia!<\/p>\n<p>\u201cE v\u00f3s, pais, n\u00e3o provoqueis \u00e0 ira vossos filhos, mas criai-os na disciplina e admoesta\u00e7\u00e3o do Senhor\u201d (Ef\u00e9sios 6:4). Muitos jovens t\u00eam a id\u00e9ia de que obedecer e serem submissos a seus pais \u00e9 humilhante, um tipo de restri\u00e7\u00e3o auto-imposta, que os limita. Ser\u00e1 que era assim que Jesus via? Sabemos que n\u00e3o. A vida de um jovem n\u00e3o ser\u00e1 atrapalhada nem dificultada se seguirem os conselhos de pais crist\u00e3os fi\u00e9is. Nenhum jovem j\u00e1 ficou desnorteado, podado ou ferido por obedecer \u00e0s instru\u00e7\u00f5es impl\u00edcitas de pais piedosos. Jesus obedeceu a seus pais terrenos at\u00e9 os trinta anos de idade- at\u00e9 o dia que deixou sua casa para cumprir a miss\u00e3o lhe dada por Deus.<\/p>\n<p>A obedi\u00eancia deve ser absoluta; ela inclui estas coisas, que s\u00e3o ao mesmo tempo agrad\u00e1veis e desagrad\u00e1veis. Somente uma condi\u00e7\u00e3o \u00e9 mencionada \u2018 no Senhor\u2019. Os filhos devem obedecer no Senhor. Um pai crist\u00e3o pode exigir algo que pare\u00e7a errado, mas cabe ao filho obedecer \u201cV\u00f3s, filhos, obedecei em tudo a vossos pais; porque isto \u00e9 agrad\u00e1vel ao Senhor\u201d. (Col. 3:20). No entanto, devemos nos lembrar que os pais s\u00e3o fal\u00edveis. Nenhuma autoridade humana, de qualquer tipo, estar\u00e1 certa se pedir a algu\u00e9m que quebre a lei de Deus. Se um pai ou uma m\u00e3e obrigar que um filho ou uma filha desobede\u00e7a a Palavra de Deus, a conseq\u00fc\u00eancia cair\u00e1 sobre este pai ou m\u00e3e e n\u00e3o sobre a crian\u00e7a. A B\u00edblia diz \u201cMas qualquer que fizer trope\u00e7ar um destes pequeninos que cr\u00eaem em mim, melhor lhe fora que se lhe pendurasse ao pesco\u00e7o uma pedra de moinho, e que fosse lan\u00e7ado no mar.\u201d (Marcos 9:42).<\/p>\n<p>Amor e respeito dos pais<\/p>\n<p>Em tudo isso, temos como certo que os pais t\u00eam diante de si a seguinte combina\u00e7\u00e3o que segue \u201cfilhos obedecei vossos pais no Senhor\u201d que se combina com \u201cpais, n\u00e3o provoqueis a ira em vossos filhos\u201d. O relacionamento \u00e9 definitivamente de m\u00e3o-dupla. Se um pai n\u00e3o crist\u00e3o exigir que seu filho abandone a f\u00e9 ele trar\u00e1 sobre si as conseq\u00fc\u00eancias e a seus filhos.<\/p>\n<p>Sei que n\u00e3o h\u00e1 palavra mais oportuna a ser dita para nossos jovens que esta. H\u00e1 uma jovem que tem vergonha de sua m\u00e3e. Ela v\u00ea que a beleza de sua m\u00e3e j\u00e1 se foi, seu vestido n\u00e3o \u00e9 belo como deveria, suas m\u00e3os s\u00e3o vermelhas e mais grossas. A jovenzinha tem vergonha de sua m\u00e3e e n\u00e3o deseja que suas coleguinhas venham a sua casa v\u00ea-la. Ou a vergonha \u00e9 por causa de seu pai, cujos ombros arqueados, pele queimada do sol e m\u00e3os endurecidas por si s\u00f3 falam dos anos duros de trabalho para propiciar uma vida melhor para seus filhos. A jovenzinha, um jovenzinho \u00e0s vezes, se envergonha de ter que receber seus colegas com roupas elegantes na frente de \u2018seu velho\u2019.<\/p>\n<p>Estes casos n\u00e3o s\u00e3o fruto de nossa imagina\u00e7\u00e3o. Todos n\u00f3s conhecemos muitos deles. Voc\u00ea sabia que estas marcas de trabalho duro, idade, cuidado, e priva\u00e7\u00e3o falam em alta voz de seu amor por voc\u00ea? Sua m\u00e3e e pai receberam estas marcas ao derramar suas vidas e sangue por voc\u00ea.<\/p>\n<p>Voc\u00ea teria vergonha de um homem que s\u00f3 tivesse um olho, tendo perdido o outro na defesa de sua vida? Bem, seu pai e m\u00e3e fizeram mais que isso por sua vida. Eles j\u00e1 passaram noites e dias ansiosos. Eles cuidaram de voc\u00ea quando voc\u00ea estava doente. Eles n\u00e3o consideraram seu pr\u00f3prio conforto e prazer, mas ao inv\u00e9s, negaram-se a si mesmos certas necessidades pessoais para que voc\u00ea tivesse mais conforto. Eles levantaram cedo e dormiram tarde para que voc\u00ea tivesse a oportunidade de estudar e preparar-se para uma grande obra no mundo. \u00c9 de l\u00e1 que vieram suas marcas, e s\u00e3o marcas santas, voc\u00ea tem vergonha delas?<\/p>\n<p>Um comerciante em uma de nossas cidades mandou seu filho para escola. Ele teve que hipotecar seu neg\u00f3cio para faz\u00ea-lo. Ele poupou e se sacrificou, ele e a esposa usavam roupas mais velhas para que o menino tivesse uma roupa melhor no meio daqueles outros meninos e prov\u00ea-lo de dinheiro. Alguns meses se passaram, uma vontade incontrol\u00e1vel de ver seu filho invadiu seus cora\u00e7\u00f5es. Eles atrelaram o velho cavalo \u00e0 carro\u00e7a (eles j\u00e1 teriam um carro se n\u00e3o tivessem investido no menino) e sa\u00edram para a cidade onde estava o col\u00e9gio a 28 quil\u00f4metros. Eles chegaram na hora do encerramento das aulas e viram seu filho, Harry, com um grupo de amigos atravessando o campus. Ao se aproximarem dele, um dos coleguinhas come\u00e7ou a ridicularizar a carro\u00e7a e o cavalo e as roupas surradas do velho casal. Harry parou, olhou atentamente por um momento para sua m\u00e3e e seu pai, ficou vermelho e rapidamente virou as costas e correu, fingindo n\u00e3o conhec\u00ea-los. Com o cora\u00e7\u00e3o partido, o casal come\u00e7ou a dif\u00edcil jornada de volta e morreram naquela mesma noite.<\/p>\n<p>Se estas palavras ca\u00edram nas m\u00e3os ou nos ouvidos de algum menino ou menina que \u00e9 tentado a agir como Harry agiu, eu imploro, n\u00e3o fa\u00e7a isso. Enquanto sua m\u00e3e e seu pai, est\u00e3o vivendo v\u00e1 at\u00e9 eles, ponha seus bra\u00e7os em volta de seu pesco\u00e7o e diga o quanto voc\u00ea os ama e aprecia tudo que eles tem feito por voc\u00ea. Se eles n\u00e3o est\u00e3o ao alcance de seus bra\u00e7os, escreva-os pelo ao menos uma vez! Escreva uma longa carta de amor, aprecia\u00e7\u00e3o e encorajamento.<\/p>\n<p>Uma crian\u00e7a nunca envelhece demais a ponto de n\u00e3o ser mais crian\u00e7a para seus pais. Portanto, esse amor e respeito deve ser dado a eles enquanto viverem. Poucas coisas na vida s\u00e3o t\u00e3o boas quanto uma aten\u00e7\u00e3o devotada aos pais j\u00e1 velhos pelos filhos crescidos. Isto \u00e9 muito agrad\u00e1vel aos olhos de Deus.<\/p>\n<p>Quando nossos pais envelhecem, eles trocam de lugar conosco. Um dia eles cuidaram de n\u00f3s e \u00e9 uma alta honra cuidar deles. Um dia eles enfrentaram tempestades para nos proteger. Devemos agora enfrentar tempestades para proteg\u00ea-los. Somos fortes agora e eles s\u00e3o fr\u00e1geis. Que oportunidade temos de amorosamente retribuir parte deste d\u00e9bito. Ser\u00e1, no entanto, apenas em parte! Nenhum filho jamais poder\u00e1 pagar completamente o amor e cuidado de pais piedosos.<\/p>\n<p>A vida tem poucas satisfa\u00e7\u00f5es mais intensas que o fato de algu\u00e9m ter sido verdadeiro, bom e gentil para seus pais no tempo de depend\u00eancia e necessidade. Isto traz paz ao cora\u00e7\u00e3o e alma e far\u00e1 a reuni\u00e3o celeste mais gloriosa por antecipa\u00e7\u00e3o. Ser capaz de dizer \u2018adeus\u2019 para os pais sem nenhum remorso ou oportunidades perdidas \u00e9 de fato uma ben\u00e7\u00e3o.<\/p>\n<\/div><\/section>\n<!-- AddThis Advanced Settings generic via filter on the_content --><!-- AddThis Share Buttons generic via filter on the_content -->","protected":false},"excerpt":{"rendered":"<p><!-- AddThis Advanced Settings generic via filter on get_the_excerpt --><!-- AddThis Share Buttons generic via filter on get_the_excerpt --><\/p>\n","protected":false},"author":22,"featured_media":8615,"parent":4940,"menu_order":0,"comment_status":"closed","ping_status":"closed","template":"","meta":{"jetpack_post_was_ever_published":false,"footnotes":""},"categories":[],"tags":[],"class_list":["post-7651","page","type-page","status-publish","has-post-thumbnail","hentry"],"yoast_head":"<!-- This site is optimized with the Yoast SEO Premium plugin v24.8 (Yoast SEO v24.8.1) - https:\/\/yoast.com\/wordpress\/plugins\/seo\/ -->\n<title>O Lar Crist\u00e3o - Filhos - O Fruto do Lar - BBN<\/title>\n<meta name=\"description\" content=\"Que ningu\u00e9m pense que uma crian\u00e7a \u00e9 muito pequena para participar da constru\u00e7\u00e3o de um lar. As engrenagens de meu rel\u00f3gio s\u00e3o pequenas- algumas muito pequenas, mas todas s\u00e3o muito importantes para manter meu rel\u00f3gio na hora exata.\" \/>\n<meta name=\"robots\" content=\"index, follow, max-snippet:-1, max-image-preview:large, max-video-preview:-1\" \/>\n<link rel=\"canonical\" href=\"https:\/\/bbn1.bbnradio.org\/portuguese\/ferramentas-inicial\/o-lar-cristao\/o-lar-cristao-filhos-o-fruto-do-lar\/\" \/>\n<meta property=\"og:locale\" content=\"pt_BR\" \/>\n<meta property=\"og:type\" content=\"article\" \/>\n<meta property=\"og:title\" content=\"O Lar Crist\u00e3o - Filhos - O Fruto do Lar\" \/>\n<meta property=\"og:description\" content=\"Que ningu\u00e9m pense que uma crian\u00e7a \u00e9 muito pequena para participar da constru\u00e7\u00e3o de um lar. As engrenagens de meu rel\u00f3gio s\u00e3o pequenas- algumas muito pequenas, mas todas s\u00e3o muito importantes para manter meu rel\u00f3gio na hora exata.\" \/>\n<meta property=\"og:url\" content=\"https:\/\/bbn1.bbnradio.org\/portuguese\/ferramentas-inicial\/o-lar-cristao\/o-lar-cristao-filhos-o-fruto-do-lar\/\" \/>\n<meta property=\"og:site_name\" content=\"BBN\" \/>\n<meta property=\"article:publisher\" content=\"https:\/\/www.facebook.com\/BBNPortugues\" \/>\n<meta property=\"article:modified_time\" content=\"2018-05-21T19:42:01+00:00\" \/>\n<meta name=\"twitter:card\" content=\"summary_large_image\" \/>\n<meta name=\"twitter:image\" content=\"https:\/\/bbn1.bbnradio.org\/english\/wp-content\/uploads\/sites\/2\/2016\/04\/A-Christian-Home-Children-The-Fruit-of-the-Home.jpg\" \/>\n<meta name=\"twitter:site\" content=\"@BBNPortugues\" \/>\n<meta name=\"twitter:label1\" content=\"Est. tempo de leitura\" \/>\n\t<meta name=\"twitter:data1\" content=\"8 minutos\" \/>\n<script type=\"application\/ld+json\" class=\"yoast-schema-graph\">{\"@context\":\"https:\/\/schema.org\",\"@graph\":[{\"@type\":\"WebPage\",\"@id\":\"https:\/\/bbn1.bbnradio.org\/portuguese\/ferramentas-inicial\/o-lar-cristao\/o-lar-cristao-filhos-o-fruto-do-lar\/\",\"url\":\"https:\/\/bbn1.bbnradio.org\/portuguese\/ferramentas-inicial\/o-lar-cristao\/o-lar-cristao-filhos-o-fruto-do-lar\/\",\"name\":\"O Lar Crist\u00e3o - Filhos - O Fruto do Lar - BBN\",\"isPartOf\":{\"@id\":\"https:\/\/bbn1.bbnradio.org\/portuguese\/#website\"},\"primaryImageOfPage\":{\"@id\":\"https:\/\/bbn1.bbnradio.org\/portuguese\/ferramentas-inicial\/o-lar-cristao\/o-lar-cristao-filhos-o-fruto-do-lar\/#primaryimage\"},\"image\":{\"@id\":\"https:\/\/bbn1.bbnradio.org\/portuguese\/ferramentas-inicial\/o-lar-cristao\/o-lar-cristao-filhos-o-fruto-do-lar\/#primaryimage\"},\"thumbnailUrl\":\"https:\/\/bbn1.bbnradio.org\/portuguese\/wp-content\/uploads\/sites\/6\/2016\/04\/A-Christian-Home-Children-The-Fruit-of-the-Home.jpg\",\"datePublished\":\"2016-04-05T11:09:05+00:00\",\"dateModified\":\"2018-05-21T19:42:01+00:00\",\"description\":\"Que ningu\u00e9m pense que uma crian\u00e7a \u00e9 muito pequena para participar da constru\u00e7\u00e3o de um lar. As engrenagens de meu rel\u00f3gio s\u00e3o pequenas- algumas muito pequenas, mas todas s\u00e3o muito importantes para manter meu rel\u00f3gio na hora exata.\",\"breadcrumb\":{\"@id\":\"https:\/\/bbn1.bbnradio.org\/portuguese\/ferramentas-inicial\/o-lar-cristao\/o-lar-cristao-filhos-o-fruto-do-lar\/#breadcrumb\"},\"inLanguage\":\"pt-BR\",\"potentialAction\":[{\"@type\":\"ReadAction\",\"target\":[\"https:\/\/bbn1.bbnradio.org\/portuguese\/ferramentas-inicial\/o-lar-cristao\/o-lar-cristao-filhos-o-fruto-do-lar\/\"]}]},{\"@type\":\"ImageObject\",\"inLanguage\":\"pt-BR\",\"@id\":\"https:\/\/bbn1.bbnradio.org\/portuguese\/ferramentas-inicial\/o-lar-cristao\/o-lar-cristao-filhos-o-fruto-do-lar\/#primaryimage\",\"url\":\"https:\/\/bbn1.bbnradio.org\/portuguese\/wp-content\/uploads\/sites\/6\/2016\/04\/A-Christian-Home-Children-The-Fruit-of-the-Home.jpg\",\"contentUrl\":\"https:\/\/bbn1.bbnradio.org\/portuguese\/wp-content\/uploads\/sites\/6\/2016\/04\/A-Christian-Home-Children-The-Fruit-of-the-Home.jpg\",\"width\":1200,\"height\":628},{\"@type\":\"BreadcrumbList\",\"@id\":\"https:\/\/bbn1.bbnradio.org\/portuguese\/ferramentas-inicial\/o-lar-cristao\/o-lar-cristao-filhos-o-fruto-do-lar\/#breadcrumb\",\"itemListElement\":[{\"@type\":\"ListItem\",\"position\":1,\"name\":\"Home\",\"item\":\"https:\/\/bbn1.bbnradio.org\/portuguese\/inicio\/\"},{\"@type\":\"ListItem\",\"position\":2,\"name\":\"Ferramentas &#8211; Inicial\",\"item\":\"https:\/\/bbn1.bbnradio.org\/portuguese\/ferramentas-inicial\/\"},{\"@type\":\"ListItem\",\"position\":3,\"name\":\"O Lar Crist\u00e3o\",\"item\":\"https:\/\/bbn1.bbnradio.org\/portuguese\/ferramentas-inicial\/o-lar-cristao\/\"},{\"@type\":\"ListItem\",\"position\":4,\"name\":\"O Lar Crist\u00e3o &#8211; Filhos &#8211; O Fruto do Lar\"}]},{\"@type\":\"WebSite\",\"@id\":\"https:\/\/bbn1.bbnradio.org\/portuguese\/#website\",\"url\":\"https:\/\/bbn1.bbnradio.org\/portuguese\/\",\"name\":\"BBN Portuguese\",\"description\":\"BBN\",\"potentialAction\":[{\"@type\":\"SearchAction\",\"target\":{\"@type\":\"EntryPoint\",\"urlTemplate\":\"https:\/\/bbn1.bbnradio.org\/portuguese\/?s={search_term_string}\"},\"query-input\":{\"@type\":\"PropertyValueSpecification\",\"valueRequired\":true,\"valueName\":\"search_term_string\"}}],\"inLanguage\":\"pt-BR\"}]}<\/script>\n<!-- \/ Yoast SEO Premium plugin. -->","yoast_head_json":{"title":"O Lar Crist\u00e3o - Filhos - O Fruto do Lar - BBN","description":"Que ningu\u00e9m pense que uma crian\u00e7a \u00e9 muito pequena para participar da constru\u00e7\u00e3o de um lar. As engrenagens de meu rel\u00f3gio s\u00e3o pequenas- algumas muito pequenas, mas todas s\u00e3o muito importantes para manter meu rel\u00f3gio na hora exata.","robots":{"index":"index","follow":"follow","max-snippet":"max-snippet:-1","max-image-preview":"max-image-preview:large","max-video-preview":"max-video-preview:-1"},"canonical":"https:\/\/bbn1.bbnradio.org\/portuguese\/ferramentas-inicial\/o-lar-cristao\/o-lar-cristao-filhos-o-fruto-do-lar\/","og_locale":"pt_BR","og_type":"article","og_title":"O Lar Crist\u00e3o - Filhos - O Fruto do Lar","og_description":"Que ningu\u00e9m pense que uma crian\u00e7a \u00e9 muito pequena para participar da constru\u00e7\u00e3o de um lar. As engrenagens de meu rel\u00f3gio s\u00e3o pequenas- algumas muito pequenas, mas todas s\u00e3o muito importantes para manter meu rel\u00f3gio na hora exata.","og_url":"https:\/\/bbn1.bbnradio.org\/portuguese\/ferramentas-inicial\/o-lar-cristao\/o-lar-cristao-filhos-o-fruto-do-lar\/","og_site_name":"BBN","article_publisher":"https:\/\/www.facebook.com\/BBNPortugues","article_modified_time":"2018-05-21T19:42:01+00:00","twitter_card":"summary_large_image","twitter_image":"https:\/\/bbn1.bbnradio.org\/english\/wp-content\/uploads\/sites\/2\/2016\/04\/A-Christian-Home-Children-The-Fruit-of-the-Home.jpg","twitter_site":"@BBNPortugues","twitter_misc":{"Est. tempo de leitura":"8 minutos"},"schema":{"@context":"https:\/\/schema.org","@graph":[{"@type":"WebPage","@id":"https:\/\/bbn1.bbnradio.org\/portuguese\/ferramentas-inicial\/o-lar-cristao\/o-lar-cristao-filhos-o-fruto-do-lar\/","url":"https:\/\/bbn1.bbnradio.org\/portuguese\/ferramentas-inicial\/o-lar-cristao\/o-lar-cristao-filhos-o-fruto-do-lar\/","name":"O Lar Crist\u00e3o - Filhos - O Fruto do Lar - BBN","isPartOf":{"@id":"https:\/\/bbn1.bbnradio.org\/portuguese\/#website"},"primaryImageOfPage":{"@id":"https:\/\/bbn1.bbnradio.org\/portuguese\/ferramentas-inicial\/o-lar-cristao\/o-lar-cristao-filhos-o-fruto-do-lar\/#primaryimage"},"image":{"@id":"https:\/\/bbn1.bbnradio.org\/portuguese\/ferramentas-inicial\/o-lar-cristao\/o-lar-cristao-filhos-o-fruto-do-lar\/#primaryimage"},"thumbnailUrl":"https:\/\/bbn1.bbnradio.org\/portuguese\/wp-content\/uploads\/sites\/6\/2016\/04\/A-Christian-Home-Children-The-Fruit-of-the-Home.jpg","datePublished":"2016-04-05T11:09:05+00:00","dateModified":"2018-05-21T19:42:01+00:00","description":"Que ningu\u00e9m pense que uma crian\u00e7a \u00e9 muito pequena para participar da constru\u00e7\u00e3o de um lar. As engrenagens de meu rel\u00f3gio s\u00e3o pequenas- algumas muito pequenas, mas todas s\u00e3o muito importantes para manter meu rel\u00f3gio na hora exata.","breadcrumb":{"@id":"https:\/\/bbn1.bbnradio.org\/portuguese\/ferramentas-inicial\/o-lar-cristao\/o-lar-cristao-filhos-o-fruto-do-lar\/#breadcrumb"},"inLanguage":"pt-BR","potentialAction":[{"@type":"ReadAction","target":["https:\/\/bbn1.bbnradio.org\/portuguese\/ferramentas-inicial\/o-lar-cristao\/o-lar-cristao-filhos-o-fruto-do-lar\/"]}]},{"@type":"ImageObject","inLanguage":"pt-BR","@id":"https:\/\/bbn1.bbnradio.org\/portuguese\/ferramentas-inicial\/o-lar-cristao\/o-lar-cristao-filhos-o-fruto-do-lar\/#primaryimage","url":"https:\/\/bbn1.bbnradio.org\/portuguese\/wp-content\/uploads\/sites\/6\/2016\/04\/A-Christian-Home-Children-The-Fruit-of-the-Home.jpg","contentUrl":"https:\/\/bbn1.bbnradio.org\/portuguese\/wp-content\/uploads\/sites\/6\/2016\/04\/A-Christian-Home-Children-The-Fruit-of-the-Home.jpg","width":1200,"height":628},{"@type":"BreadcrumbList","@id":"https:\/\/bbn1.bbnradio.org\/portuguese\/ferramentas-inicial\/o-lar-cristao\/o-lar-cristao-filhos-o-fruto-do-lar\/#breadcrumb","itemListElement":[{"@type":"ListItem","position":1,"name":"Home","item":"https:\/\/bbn1.bbnradio.org\/portuguese\/inicio\/"},{"@type":"ListItem","position":2,"name":"Ferramentas &#8211; Inicial","item":"https:\/\/bbn1.bbnradio.org\/portuguese\/ferramentas-inicial\/"},{"@type":"ListItem","position":3,"name":"O Lar Crist\u00e3o","item":"https:\/\/bbn1.bbnradio.org\/portuguese\/ferramentas-inicial\/o-lar-cristao\/"},{"@type":"ListItem","position":4,"name":"O Lar Crist\u00e3o &#8211; Filhos &#8211; O Fruto do Lar"}]},{"@type":"WebSite","@id":"https:\/\/bbn1.bbnradio.org\/portuguese\/#website","url":"https:\/\/bbn1.bbnradio.org\/portuguese\/","name":"BBN Portuguese","description":"BBN","potentialAction":[{"@type":"SearchAction","target":{"@type":"EntryPoint","urlTemplate":"https:\/\/bbn1.bbnradio.org\/portuguese\/?s={search_term_string}"},"query-input":{"@type":"PropertyValueSpecification","valueRequired":true,"valueName":"search_term_string"}}],"inLanguage":"pt-BR"}]}},"jetpack_sharing_enabled":true,"jetpack_shortlink":"https:\/\/wp.me\/P85nO0-1Zp","_links":{"self":[{"href":"https:\/\/bbn1.bbnradio.org\/portuguese\/wp-json\/wp\/v2\/pages\/7651","targetHints":{"allow":["GET"]}}],"collection":[{"href":"https:\/\/bbn1.bbnradio.org\/portuguese\/wp-json\/wp\/v2\/pages"}],"about":[{"href":"https:\/\/bbn1.bbnradio.org\/portuguese\/wp-json\/wp\/v2\/types\/page"}],"author":[{"embeddable":true,"href":"https:\/\/bbn1.bbnradio.org\/portuguese\/wp-json\/wp\/v2\/users\/22"}],"replies":[{"embeddable":true,"href":"https:\/\/bbn1.bbnradio.org\/portuguese\/wp-json\/wp\/v2\/comments?post=7651"}],"version-history":[{"count":3,"href":"https:\/\/bbn1.bbnradio.org\/portuguese\/wp-json\/wp\/v2\/pages\/7651\/revisions"}],"predecessor-version":[{"id":12456,"href":"https:\/\/bbn1.bbnradio.org\/portuguese\/wp-json\/wp\/v2\/pages\/7651\/revisions\/12456"}],"up":[{"embeddable":true,"href":"https:\/\/bbn1.bbnradio.org\/portuguese\/wp-json\/wp\/v2\/pages\/4940"}],"wp:featuredmedia":[{"embeddable":true,"href":"https:\/\/bbn1.bbnradio.org\/portuguese\/wp-json\/wp\/v2\/media\/8615"}],"wp:attachment":[{"href":"https:\/\/bbn1.bbnradio.org\/portuguese\/wp-json\/wp\/v2\/media?parent=7651"}],"wp:term":[{"taxonomy":"category","embeddable":true,"href":"https:\/\/bbn1.bbnradio.org\/portuguese\/wp-json\/wp\/v2\/categories?post=7651"},{"taxonomy":"post_tag","embeddable":true,"href":"https:\/\/bbn1.bbnradio.org\/portuguese\/wp-json\/wp\/v2\/tags?post=7651"}],"curies":[{"name":"wp","href":"https:\/\/api.w.org\/{rel}","templated":true}]}}