{"id":8217,"date":"2016-08-02T11:11:42","date_gmt":"2016-08-02T15:11:42","guid":{"rendered":"https:\/\/bbn1.bbnradio.org\/english\/?page_id=8217"},"modified":"2022-07-07T17:12:07","modified_gmt":"2022-07-07T20:12:07","slug":"renato-gontijo","status":"publish","type":"page","link":"https:\/\/bbn1.bbnradio.org\/portuguese\/sobre-bbn\/locutores-da-bbn-2\/renato-gontijo\/","title":{"rendered":"Renato Gontijo"},"content":{"rendered":"\n<style type=\"text\/css\" data-created_by=\"avia_inline_auto\" id=\"style-css-av-8j59w9-711988a6168dd8bff003ba9513ce5a01\">\n.flex_column.av-8j59w9-711988a6168dd8bff003ba9513ce5a01{\nborder-radius:0px 0px 0px 0px;\npadding:0px 0px 0px 0px;\n}\n<\/style>\n<div  class='flex_column av-8j59w9-711988a6168dd8bff003ba9513ce5a01 av_one_fourth  avia-builder-el-0  el_before_av_three_fourth  avia-builder-el-first  first flex_column_div av-zero-column-padding  '     ><p>\n<style type=\"text\/css\" data-created_by=\"avia_inline_auto\" id=\"style-css-av-7l74zd-230e6fa2061d3259519b9b9b915950fa\">\n#top .hr.hr-invisible.av-7l74zd-230e6fa2061d3259519b9b9b915950fa{\nheight:1px;\n}\n<\/style>\n<div  class='hr av-7l74zd-230e6fa2061d3259519b9b9b915950fa hr-invisible  avia-builder-el-1  el_before_av_team_member  avia-builder-el-first '><span class='hr-inner '><span class=\"hr-inner-style\"><\/span><\/span><\/div><br \/>\n<section  class='avia-team-member av-5ir3i1-dc5e142754c506ecfb597259f68c7683  avia-builder-el-2  el_after_av_hr  avia-builder-el-last '  itemscope=\"itemscope\" itemtype=\"https:\/\/schema.org\/Person\" ><div class=\"team-img-container\"><img decoding=\"async\" fetchpriority=\"high\" class='wp-image-15604 avia-img-lazy-loading-not-15604 avia_image avia_image_team' src=\"https:\/\/bbn1.bbnradio.org\/portuguese\/wp-content\/uploads\/sites\/6\/2022\/07\/Renato-Gontijo.jpg\" alt='Renato Gontijo'  itemprop=\"image\"   height=\"1800\" width=\"1200\" \/><\/div><h3 class='team-member-name '  itemprop=\"name\" >Renato Gontijo<\/h3><div class='team-member-job-title '  itemprop=\"jobTitle\" >Locutor<\/div><span class='hidden team-member-affiliation'  itemprop=\"affiliation\" >BBN<\/span><\/section><\/p><\/div>\n<style type=\"text\/css\" data-created_by=\"avia_inline_auto\" id=\"style-css-av-3wcort-b78a604c1da16196fb67e1691cf72d31\">\n.flex_column.av-3wcort-b78a604c1da16196fb67e1691cf72d31{\nborder-radius:0px 0px 0px 0px;\npadding:0px 0px 0px 0px;\n}\n<\/style>\n<div  class='flex_column av-3wcort-b78a604c1da16196fb67e1691cf72d31 av_three_fourth  avia-builder-el-3  el_after_av_one_fourth  avia-builder-el-last  flex_column_div av-zero-column-padding  '     ><section  class='av_textblock_section av-2shae1-1fce0e127d2daf2c94812f888bca2b49 '   itemscope=\"itemscope\" itemtype=\"https:\/\/schema.org\/CreativeWork\" ><div class='avia_textblock'  itemprop=\"text\" ><p>Eu sou Renato Gontijo, nascido em Nova Crix\u00e1s-GO, casado Stef, e pai de dois lindos filhos, Jos\u00e9 David e Lauren. Sou engenheiro civil, por forma\u00e7\u00e3o, mas obreiro de Deus pela Sua gra\u00e7a e miseric\u00f3rdia.<\/p>\n<p>Nascido em um lar Cat\u00f3lico, era parte da minha rotina ir \u00e0 igreja todo domingo, onde aprendi sobre a exist\u00eancia de Deus, o qual eu mais temia, do que realmente respeitava. Temia porque pensava que s\u00f3 conseguiria chegar ao C\u00e9u pelas minhas obras, ou seja, se eu n\u00e3o pecasse, mesmo sabendo que pecava quase todos os dias. Este temor acabou quando eu tinha 15 anos. Atrav\u00e9s do testemunho de uma amiga da fam\u00edlia, juntamente com a mensagem pregada em uma igreja crist\u00e3, que eu estava frequentando com alguns primos, entendi que, por causa dos meus pecados, eu estava condenado, mas Deus me amou de tal maneira, que enviou Seu Filho, para morrer em meu lugar. E ent\u00e3o o medo se transformou em respeito e gratid\u00e3o, quando recebi a Cristo, como meu \u00fanico e suficiente Salvador, sendo batizado pouco tempo depois. Dos 15 aos 22 anos, eu servi ao Senhor \u00e0 minha maneira, sentia um vazio, sabendo que precisava me dedicar 100% a Deus, mas ainda n\u00e3o sabia como e hoje sei, que naquele tempo eu fugia disso, por imaginar ser muito dif\u00edcil viver pela f\u00e9. Foi quando, aos 22 anos, eu conheci o Templo Batista Maranata de Goi\u00e2nia, liderada pelo pastor R\u00f4mulo Weden Ribeiro (o pastor que apresenta os programas \u201cO Arauto de Deus\u201d e \u201cA B\u00edblia tem Raz\u00e3o\u201d). O carinho e gratid\u00e3o que eu tenho por esta igreja e pastor \u00e9 gigantesco, pois foi ali, que aprendi qual \u00e9 o significado de realmente servir a Deus e viver pela f\u00e9. Al\u00e9m do mais, foi nesta igreja que conheci o amor da minha vida, e nos casamos em 2014. A partir dali, segui firme no caminho do Senhor, orando e me colocando \u00e0 disposi\u00e7\u00e3o, para que Deus me usasse da maneira que Ele quisesse. O que eu jamais imaginava, \u00e9 que Deus iria me querer aqui, no minist\u00e9rio de r\u00e1dio da BBN. Mesmo contra todo medo e receio, por n\u00e3o ter nenhuma experi\u00eancia com locu\u00e7\u00e3o, eu sabia que era Deus que havia aberto esta porta, e se Ele me quisesse no r\u00e1dio, Ele iria me capacitar. E foi assim, que aceitei o desafio e me juntei \u00e0 equipe da BBN, em janeiro de 2019. &#8220;&#8230; Ent\u00e3o disse eu: Eis-me aqui, envia-me a mim.&#8221; (Isa\u00edas 6:8).<\/p>\n<\/div><\/section><\/div>\n<!-- AddThis Advanced Settings generic via filter on the_content --><!-- AddThis Share Buttons generic via filter on the_content -->","protected":false},"excerpt":{"rendered":"<p><!-- AddThis Advanced Settings generic via filter on get_the_excerpt --><!-- AddThis Share Buttons generic via filter on get_the_excerpt --><\/p>\n","protected":false},"author":22,"featured_media":0,"parent":6263,"menu_order":0,"comment_status":"closed","ping_status":"closed","template":"","meta":{"jetpack_post_was_ever_published":false,"footnotes":""},"categories":[],"tags":[],"class_list":["post-8217","page","type-page","status-publish","hentry"],"yoast_head":"<!-- This site is optimized with the Yoast SEO Premium plugin v24.8 (Yoast SEO v24.8.1) - https:\/\/yoast.com\/wordpress\/plugins\/seo\/ -->\n<title>Renato Gontijo<\/title>\n<meta name=\"robots\" content=\"index, follow, max-snippet:-1, max-image-preview:large, max-video-preview:-1\" \/>\n<link rel=\"canonical\" href=\"https:\/\/bbn1.bbnradio.org\/portuguese\/sobre-bbn\/locutores-da-bbn-2\/renato-gontijo\/\" \/>\n<meta property=\"og:locale\" content=\"pt_BR\" \/>\n<meta property=\"og:type\" content=\"article\" \/>\n<meta property=\"og:title\" content=\"Renato Gontijo\" \/>\n<meta property=\"og:description\" content=\"Locutor da BBN\" \/>\n<meta property=\"og:url\" content=\"https:\/\/bbn1.bbnradio.org\/portuguese\/sobre-bbn\/locutores-da-bbn-2\/renato-gontijo\/\" \/>\n<meta property=\"og:site_name\" content=\"BBN\" \/>\n<meta property=\"article:publisher\" content=\"https:\/\/www.facebook.com\/BBNPortugues\" \/>\n<meta property=\"article:modified_time\" content=\"2022-07-07T20:12:07+00:00\" \/>\n<meta name=\"twitter:card\" content=\"summary_large_image\" \/>\n<meta name=\"twitter:title\" content=\"Renato Gontijo\" \/>\n<meta name=\"twitter:description\" content=\"Locutor da BBN\" \/>\n<meta name=\"twitter:site\" content=\"@BBNPortugues\" \/>\n<meta name=\"twitter:label1\" content=\"Est. tempo de leitura\" \/>\n\t<meta name=\"twitter:data1\" content=\"3 minutos\" \/>\n<script type=\"application\/ld+json\" class=\"yoast-schema-graph\">{\"@context\":\"https:\/\/schema.org\",\"@graph\":[{\"@type\":\"WebPage\",\"@id\":\"https:\/\/bbn1.bbnradio.org\/portuguese\/sobre-bbn\/locutores-da-bbn-2\/renato-gontijo\/\",\"url\":\"https:\/\/bbn1.bbnradio.org\/portuguese\/sobre-bbn\/locutores-da-bbn-2\/renato-gontijo\/\",\"name\":\"Renato Gontijo\",\"isPartOf\":{\"@id\":\"https:\/\/bbn1.bbnradio.org\/portuguese\/#website\"},\"datePublished\":\"2016-08-02T15:11:42+00:00\",\"dateModified\":\"2022-07-07T20:12:07+00:00\",\"breadcrumb\":{\"@id\":\"https:\/\/bbn1.bbnradio.org\/portuguese\/sobre-bbn\/locutores-da-bbn-2\/renato-gontijo\/#breadcrumb\"},\"inLanguage\":\"pt-BR\",\"potentialAction\":[{\"@type\":\"ReadAction\",\"target\":[\"https:\/\/bbn1.bbnradio.org\/portuguese\/sobre-bbn\/locutores-da-bbn-2\/renato-gontijo\/\"]}]},{\"@type\":\"BreadcrumbList\",\"@id\":\"https:\/\/bbn1.bbnradio.org\/portuguese\/sobre-bbn\/locutores-da-bbn-2\/renato-gontijo\/#breadcrumb\",\"itemListElement\":[{\"@type\":\"ListItem\",\"position\":1,\"name\":\"Home\",\"item\":\"https:\/\/bbn1.bbnradio.org\/portuguese\/inicio\/\"},{\"@type\":\"ListItem\",\"position\":2,\"name\":\"Sobre a BBN\",\"item\":\"https:\/\/bbn1.bbnradio.org\/portuguese\/sobre-bbn\/\"},{\"@type\":\"ListItem\",\"position\":3,\"name\":\"Locutores da BBN\",\"item\":\"https:\/\/bbn1.bbnradio.org\/portuguese\/sobre-bbn\/locutores-da-bbn-2\/\"},{\"@type\":\"ListItem\",\"position\":4,\"name\":\"Renato Gontijo\"}]},{\"@type\":\"WebSite\",\"@id\":\"https:\/\/bbn1.bbnradio.org\/portuguese\/#website\",\"url\":\"https:\/\/bbn1.bbnradio.org\/portuguese\/\",\"name\":\"BBN Portuguese\",\"description\":\"BBN\",\"potentialAction\":[{\"@type\":\"SearchAction\",\"target\":{\"@type\":\"EntryPoint\",\"urlTemplate\":\"https:\/\/bbn1.bbnradio.org\/portuguese\/?s={search_term_string}\"},\"query-input\":{\"@type\":\"PropertyValueSpecification\",\"valueRequired\":true,\"valueName\":\"search_term_string\"}}],\"inLanguage\":\"pt-BR\"}]}<\/script>\n<!-- \/ Yoast SEO Premium plugin. -->","yoast_head_json":{"title":"Renato Gontijo","robots":{"index":"index","follow":"follow","max-snippet":"max-snippet:-1","max-image-preview":"max-image-preview:large","max-video-preview":"max-video-preview:-1"},"canonical":"https:\/\/bbn1.bbnradio.org\/portuguese\/sobre-bbn\/locutores-da-bbn-2\/renato-gontijo\/","og_locale":"pt_BR","og_type":"article","og_title":"Renato Gontijo","og_description":"Locutor da BBN","og_url":"https:\/\/bbn1.bbnradio.org\/portuguese\/sobre-bbn\/locutores-da-bbn-2\/renato-gontijo\/","og_site_name":"BBN","article_publisher":"https:\/\/www.facebook.com\/BBNPortugues","article_modified_time":"2022-07-07T20:12:07+00:00","twitter_card":"summary_large_image","twitter_title":"Renato Gontijo","twitter_description":"Locutor da BBN","twitter_site":"@BBNPortugues","twitter_misc":{"Est. tempo de leitura":"3 minutos"},"schema":{"@context":"https:\/\/schema.org","@graph":[{"@type":"WebPage","@id":"https:\/\/bbn1.bbnradio.org\/portuguese\/sobre-bbn\/locutores-da-bbn-2\/renato-gontijo\/","url":"https:\/\/bbn1.bbnradio.org\/portuguese\/sobre-bbn\/locutores-da-bbn-2\/renato-gontijo\/","name":"Renato Gontijo","isPartOf":{"@id":"https:\/\/bbn1.bbnradio.org\/portuguese\/#website"},"datePublished":"2016-08-02T15:11:42+00:00","dateModified":"2022-07-07T20:12:07+00:00","breadcrumb":{"@id":"https:\/\/bbn1.bbnradio.org\/portuguese\/sobre-bbn\/locutores-da-bbn-2\/renato-gontijo\/#breadcrumb"},"inLanguage":"pt-BR","potentialAction":[{"@type":"ReadAction","target":["https:\/\/bbn1.bbnradio.org\/portuguese\/sobre-bbn\/locutores-da-bbn-2\/renato-gontijo\/"]}]},{"@type":"BreadcrumbList","@id":"https:\/\/bbn1.bbnradio.org\/portuguese\/sobre-bbn\/locutores-da-bbn-2\/renato-gontijo\/#breadcrumb","itemListElement":[{"@type":"ListItem","position":1,"name":"Home","item":"https:\/\/bbn1.bbnradio.org\/portuguese\/inicio\/"},{"@type":"ListItem","position":2,"name":"Sobre a BBN","item":"https:\/\/bbn1.bbnradio.org\/portuguese\/sobre-bbn\/"},{"@type":"ListItem","position":3,"name":"Locutores da BBN","item":"https:\/\/bbn1.bbnradio.org\/portuguese\/sobre-bbn\/locutores-da-bbn-2\/"},{"@type":"ListItem","position":4,"name":"Renato Gontijo"}]},{"@type":"WebSite","@id":"https:\/\/bbn1.bbnradio.org\/portuguese\/#website","url":"https:\/\/bbn1.bbnradio.org\/portuguese\/","name":"BBN Portuguese","description":"BBN","potentialAction":[{"@type":"SearchAction","target":{"@type":"EntryPoint","urlTemplate":"https:\/\/bbn1.bbnradio.org\/portuguese\/?s={search_term_string}"},"query-input":{"@type":"PropertyValueSpecification","valueRequired":true,"valueName":"search_term_string"}}],"inLanguage":"pt-BR"}]}},"jetpack_sharing_enabled":true,"jetpack_shortlink":"https:\/\/wp.me\/P85nO0-28x","_links":{"self":[{"href":"https:\/\/bbn1.bbnradio.org\/portuguese\/wp-json\/wp\/v2\/pages\/8217","targetHints":{"allow":["GET"]}}],"collection":[{"href":"https:\/\/bbn1.bbnradio.org\/portuguese\/wp-json\/wp\/v2\/pages"}],"about":[{"href":"https:\/\/bbn1.bbnradio.org\/portuguese\/wp-json\/wp\/v2\/types\/page"}],"author":[{"embeddable":true,"href":"https:\/\/bbn1.bbnradio.org\/portuguese\/wp-json\/wp\/v2\/users\/22"}],"replies":[{"embeddable":true,"href":"https:\/\/bbn1.bbnradio.org\/portuguese\/wp-json\/wp\/v2\/comments?post=8217"}],"version-history":[{"count":3,"href":"https:\/\/bbn1.bbnradio.org\/portuguese\/wp-json\/wp\/v2\/pages\/8217\/revisions"}],"predecessor-version":[{"id":15618,"href":"https:\/\/bbn1.bbnradio.org\/portuguese\/wp-json\/wp\/v2\/pages\/8217\/revisions\/15618"}],"up":[{"embeddable":true,"href":"https:\/\/bbn1.bbnradio.org\/portuguese\/wp-json\/wp\/v2\/pages\/6263"}],"wp:attachment":[{"href":"https:\/\/bbn1.bbnradio.org\/portuguese\/wp-json\/wp\/v2\/media?parent=8217"}],"wp:term":[{"taxonomy":"category","embeddable":true,"href":"https:\/\/bbn1.bbnradio.org\/portuguese\/wp-json\/wp\/v2\/categories?post=8217"},{"taxonomy":"post_tag","embeddable":true,"href":"https:\/\/bbn1.bbnradio.org\/portuguese\/wp-json\/wp\/v2\/tags?post=8217"}],"curies":[{"name":"wp","href":"https:\/\/api.w.org\/{rel}","templated":true}]}}