{"id":12468,"date":"2018-02-21T10:10:36","date_gmt":"2018-02-21T15:10:36","guid":{"rendered":"http:\/\/bbn1.bbnradio.org\/spanish\/?page_id=12468"},"modified":"2020-07-08T15:25:40","modified_gmt":"2020-07-08T20:25:40","slug":"google-home","status":"publish","type":"page","link":"https:\/\/bbn1.bbnradio.org\/spanish\/google-home\/","title":{"rendered":"Google Home"},"content":{"rendered":"\n<style type=\"text\/css\" data-created_by=\"avia_inline_auto\" id=\"style-css-av-kcdt6t1r-2d3e46c2a18b23afea7c5bd2a5ab55a0\">\n#top .av-special-heading.av-kcdt6t1r-2d3e46c2a18b23afea7c5bd2a5ab55a0{\npadding-bottom:10px;\n}\nbody .av-special-heading.av-kcdt6t1r-2d3e46c2a18b23afea7c5bd2a5ab55a0 .av-special-heading-tag .heading-char{\nfont-size:25px;\n}\n.av-special-heading.av-kcdt6t1r-2d3e46c2a18b23afea7c5bd2a5ab55a0 .av-subheading{\nfont-size:15px;\n}\n<\/style>\n<div  class='av-special-heading av-kcdt6t1r-2d3e46c2a18b23afea7c5bd2a5ab55a0 av-special-heading-h3  avia-builder-el-0  el_before_av_textblock  avia-builder-el-first '><h3 class='av-special-heading-tag '  itemprop=\"headline\"  >Antes de comprar Google Home&#8230;<\/h3><div class=\"special-heading-border\"><div class=\"special-heading-inner-border\"><\/div><\/div><\/div>\n<section  class='av_textblock_section av-2lz5tis-c3bab7e5d829ca55336b34a0c22f1763 '   itemscope=\"itemscope\" itemtype=\"https:\/\/schema.org\/CreativeWork\" ><div class='avia_textblock'  itemprop=\"text\" ><p>Hemos observado que Google Home reproduce BBN a la perfecci\u00f3n en algunos lugares, pero no en otros. En ciertos lugares, Google dice que la reproducci\u00f3n esta comenzando, pero luego el equipo permanece en silencio. Eso no se limita a BBN. Muchos usuarios han reportado el problema al soporte t\u00e9cnico de Google en los \u00faltimos a\u00f1os acerca de distintas emisoras de Internet.<\/p>\n<p>La evidencia muestra que el problema es espec\u00edfico de ciertos lugares, pero no es necesariamente un problema de su red. El streaming puede funcionar a la perfeccion en una casa y no funcionar con el mismo equipo en otra. Nosotros continuamos trabajando en esto para poder asi darle las especificaciones el problema a Google, para que nuestra audiencia pueda disfrutar de la programaci\u00f3n de BBN.<\/p>\n<p>Si bien <strong>no podemos recomendar la compra de Google Home<\/strong> para escuchar BBN, si usted ya lo posee, por favor intente los siguientes comandos de voz para ver si BBN es reproducida en su ubicaci\u00f3n.<\/p>\n<\/div><\/section>\n\n<style type=\"text\/css\" data-created_by=\"avia_inline_auto\" id=\"style-css-av-kcdt8qsr-94631cc33569d6dd96666a1419956121\">\n#top .av-special-heading.av-kcdt8qsr-94631cc33569d6dd96666a1419956121{\npadding-bottom:10px;\n}\nbody .av-special-heading.av-kcdt8qsr-94631cc33569d6dd96666a1419956121 .av-special-heading-tag .heading-char{\nfont-size:25px;\n}\n.av-special-heading.av-kcdt8qsr-94631cc33569d6dd96666a1419956121 .av-subheading{\nfont-size:15px;\n}\n<\/style>\n<div  class='av-special-heading av-kcdt8qsr-94631cc33569d6dd96666a1419956121 av-special-heading-h3  avia-builder-el-2  el_after_av_textblock  el_before_av_textblock '><h3 class='av-special-heading-tag '  itemprop=\"headline\"  >Frases para reproducir BBN Radio en Google Home<\/h3><div class=\"special-heading-border\"><div class=\"special-heading-inner-border\"><\/div><\/div><\/div>\n<section  class='av_textblock_section av-1jot6xg-a162d7b51b81a73007f6a126542c5e0c '   itemscope=\"itemscope\" itemtype=\"https:\/\/schema.org\/CreativeWork\" ><div class='avia_textblock'  itemprop=\"text\" ><ul>\n<li><strong>\u00abHey Google, play BBN Radio.\u00bb<\/strong> (reproduce en Ingl\u00e9s)<\/li>\n<li><strong>\u00abHey Google, play BBN Espanol.\u00bb<\/strong><\/li>\n<li><strong>\u00abHey Google, play BBN Portuguese.\u00bb<\/strong><\/li>\n<li><strong>\u00abHey Google, play BBN Chinese.\u00bb<\/strong><\/li>\n<li><strong>\u00abHey Google, play BBN Japanese.\u00bb<\/strong><\/li>\n<li><strong>\u00abHey Google, play BBN Korean.\u00bb<\/strong><\/li>\n<li><strong>\u00abHey Google, play BBN German.\u00bb<\/strong><\/li>\n<li><strong>\u00abHey Google, play BBN Russian.\u00bb<\/strong><\/li>\n<\/ul>\n<p>Usted debe usar la frase exacta para que Google home reconozca que hacer. Tambien funciona si utiliza la palabra \u201cstart\u201d en vez de \u201cplay\u201d.<\/p>\n<p>Si Google Home no reproduce BBN, intente decir \u201cBBN\u201d mas despacio, dejando mas silencio entre letras.<\/p>\n<\/div><\/section>\n\n<style type=\"text\/css\" data-created_by=\"avia_inline_auto\" id=\"style-css-av-kcdt9y7h-888fa44f93574edc3338e280e8797a70\">\n#top .av-special-heading.av-kcdt9y7h-888fa44f93574edc3338e280e8797a70{\npadding-bottom:10px;\n}\nbody .av-special-heading.av-kcdt9y7h-888fa44f93574edc3338e280e8797a70 .av-special-heading-tag .heading-char{\nfont-size:25px;\n}\n.av-special-heading.av-kcdt9y7h-888fa44f93574edc3338e280e8797a70 .av-subheading{\nfont-size:15px;\n}\n<\/style>\n<div  class='av-special-heading av-kcdt9y7h-888fa44f93574edc3338e280e8797a70 av-special-heading-h3  avia-builder-el-4  el_after_av_textblock  el_before_av_textblock '><h3 class='av-special-heading-tag '  itemprop=\"headline\"  >Equipos compatibles con Google Home<\/h3><div class=\"special-heading-border\"><div class=\"special-heading-inner-border\"><\/div><\/div><\/div>\n<section  class='av_textblock_section av-vye0ok-51f18347c0409b5814f4e2021f59d58c '   itemscope=\"itemscope\" itemtype=\"https:\/\/schema.org\/CreativeWork\" ><div class='avia_textblock'  itemprop=\"text\" ><ul>\n<li>Google Home<\/li>\n<li>Google Home Mini<\/li>\n<li>Google Home Max<\/li>\n<\/ul>\n<p>Si usted conoce a alguein que tiene problemas de vista o es no vidente, esta puede ser la forma perfecta para que sintonicen BBN<\/p>\n<\/div><\/section>\n<!-- AddThis Advanced Settings generic via filter on the_content --><!-- AddThis Share Buttons generic via filter on the_content -->","protected":false},"excerpt":{"rendered":"<p><!-- AddThis Advanced Settings generic via filter on get_the_excerpt --><!-- AddThis Share Buttons generic via filter on get_the_excerpt --><\/p>\n","protected":false},"author":3,"featured_media":12471,"parent":0,"menu_order":0,"comment_status":"closed","ping_status":"closed","template":"","meta":{"jetpack_post_was_ever_published":false,"footnotes":""},"categories":[],"tags":[],"class_list":["post-12468","page","type-page","status-publish","has-post-thumbnail","hentry"],"yoast_head":"<!-- This site is optimized with the Yoast SEO Premium plugin v24.8 (Yoast SEO v24.8.1) - https:\/\/yoast.com\/wordpress\/plugins\/seo\/ -->\n<title>BBN on Google Home<\/title>\n<meta name=\"robots\" content=\"index, follow, max-snippet:-1, max-image-preview:large, max-video-preview:-1\" \/>\n<link rel=\"canonical\" href=\"https:\/\/bbn1.bbnradio.org\/spanish\/google-home\/\" \/>\n<meta property=\"og:locale\" content=\"es_ES\" \/>\n<meta property=\"og:type\" content=\"article\" \/>\n<meta property=\"og:title\" content=\"BBN on Google Home\" \/>\n<meta property=\"og:description\" content=\"BBN can be heard on Google Home in some locations!\" \/>\n<meta property=\"og:url\" content=\"https:\/\/bbn1.bbnradio.org\/spanish\/google-home\/\" \/>\n<meta property=\"og:site_name\" content=\"BBN\" \/>\n<meta property=\"article:publisher\" content=\"https:\/\/www.facebook.com\/BBNEspanol\" \/>\n<meta property=\"article:modified_time\" content=\"2020-07-08T20:25:40+00:00\" \/>\n<meta property=\"og:image\" content=\"https:\/\/i0.wp.com\/bbn1.bbnradio.org\/spanish\/wp-content\/uploads\/sites\/5\/2018\/02\/BBN-on-Google-Home.jpg?fit=1200%2C628&ssl=1\" \/>\n\t<meta property=\"og:image:width\" content=\"1200\" \/>\n\t<meta property=\"og:image:height\" content=\"628\" \/>\n\t<meta property=\"og:image:type\" content=\"image\/jpeg\" \/>\n<meta name=\"twitter:card\" content=\"summary_large_image\" \/>\n<meta name=\"twitter:title\" content=\"BBN on Google Home\" \/>\n<meta name=\"twitter:description\" content=\"BBN can be heard on Google Home in some locations!\" \/>\n<meta name=\"twitter:image\" content=\"https:\/\/i0.wp.com\/bbn1.bbnradio.org\/spanish\/wp-content\/uploads\/sites\/5\/2018\/02\/BBN-on-Google-Home.jpg?fit=1200%2C628&ssl=1\" \/>\n<meta name=\"twitter:site\" content=\"@BBNEspanol\" \/>\n<meta name=\"twitter:label1\" content=\"Tiempo de lectura\" \/>\n\t<meta name=\"twitter:data1\" content=\"3 minutos\" \/>\n<script type=\"application\/ld+json\" class=\"yoast-schema-graph\">{\"@context\":\"https:\/\/schema.org\",\"@graph\":[{\"@type\":\"WebPage\",\"@id\":\"https:\/\/bbn1.bbnradio.org\/spanish\/google-home\/\",\"url\":\"https:\/\/bbn1.bbnradio.org\/spanish\/google-home\/\",\"name\":\"BBN on Google Home\",\"isPartOf\":{\"@id\":\"https:\/\/bbn1.bbnradio.org\/spanish\/#website\"},\"primaryImageOfPage\":{\"@id\":\"https:\/\/bbn1.bbnradio.org\/spanish\/google-home\/#primaryimage\"},\"image\":{\"@id\":\"https:\/\/bbn1.bbnradio.org\/spanish\/google-home\/#primaryimage\"},\"thumbnailUrl\":\"https:\/\/i0.wp.com\/bbn1.bbnradio.org\/spanish\/wp-content\/uploads\/sites\/5\/2018\/02\/BBN-on-Google-Home.jpg?fit=1200%2C628&ssl=1\",\"datePublished\":\"2018-02-21T15:10:36+00:00\",\"dateModified\":\"2020-07-08T20:25:40+00:00\",\"breadcrumb\":{\"@id\":\"https:\/\/bbn1.bbnradio.org\/spanish\/google-home\/#breadcrumb\"},\"inLanguage\":\"es\",\"potentialAction\":[{\"@type\":\"ReadAction\",\"target\":[\"https:\/\/bbn1.bbnradio.org\/spanish\/google-home\/\"]}]},{\"@type\":\"ImageObject\",\"inLanguage\":\"es\",\"@id\":\"https:\/\/bbn1.bbnradio.org\/spanish\/google-home\/#primaryimage\",\"url\":\"https:\/\/i0.wp.com\/bbn1.bbnradio.org\/spanish\/wp-content\/uploads\/sites\/5\/2018\/02\/BBN-on-Google-Home.jpg?fit=1200%2C628&ssl=1\",\"contentUrl\":\"https:\/\/i0.wp.com\/bbn1.bbnradio.org\/spanish\/wp-content\/uploads\/sites\/5\/2018\/02\/BBN-on-Google-Home.jpg?fit=1200%2C628&ssl=1\",\"width\":1200,\"height\":628},{\"@type\":\"BreadcrumbList\",\"@id\":\"https:\/\/bbn1.bbnradio.org\/spanish\/google-home\/#breadcrumb\",\"itemListElement\":[{\"@type\":\"ListItem\",\"position\":1,\"name\":\"Home\",\"item\":\"https:\/\/bbn1.bbnradio.org\/spanish\/inicio\/\"},{\"@type\":\"ListItem\",\"position\":2,\"name\":\"Google Home\"}]},{\"@type\":\"WebSite\",\"@id\":\"https:\/\/bbn1.bbnradio.org\/spanish\/#website\",\"url\":\"https:\/\/bbn1.bbnradio.org\/spanish\/\",\"name\":\"BBN Spanish\",\"description\":\"BBN\",\"potentialAction\":[{\"@type\":\"SearchAction\",\"target\":{\"@type\":\"EntryPoint\",\"urlTemplate\":\"https:\/\/bbn1.bbnradio.org\/spanish\/?s={search_term_string}\"},\"query-input\":{\"@type\":\"PropertyValueSpecification\",\"valueRequired\":true,\"valueName\":\"search_term_string\"}}],\"inLanguage\":\"es\"}]}<\/script>\n<!-- \/ Yoast SEO Premium plugin. -->","yoast_head_json":{"title":"BBN on Google Home","robots":{"index":"index","follow":"follow","max-snippet":"max-snippet:-1","max-image-preview":"max-image-preview:large","max-video-preview":"max-video-preview:-1"},"canonical":"https:\/\/bbn1.bbnradio.org\/spanish\/google-home\/","og_locale":"es_ES","og_type":"article","og_title":"BBN on Google Home","og_description":"BBN can be heard on Google Home in some locations!","og_url":"https:\/\/bbn1.bbnradio.org\/spanish\/google-home\/","og_site_name":"BBN","article_publisher":"https:\/\/www.facebook.com\/BBNEspanol","article_modified_time":"2020-07-08T20:25:40+00:00","og_image":[{"width":1200,"height":628,"url":"https:\/\/i0.wp.com\/bbn1.bbnradio.org\/spanish\/wp-content\/uploads\/sites\/5\/2018\/02\/BBN-on-Google-Home.jpg?fit=1200%2C628&ssl=1","type":"image\/jpeg"}],"twitter_card":"summary_large_image","twitter_title":"BBN on Google Home","twitter_description":"BBN can be heard on Google Home in some locations!","twitter_image":"https:\/\/i0.wp.com\/bbn1.bbnradio.org\/spanish\/wp-content\/uploads\/sites\/5\/2018\/02\/BBN-on-Google-Home.jpg?fit=1200%2C628&ssl=1","twitter_site":"@BBNEspanol","twitter_misc":{"Tiempo de lectura":"3 minutos"},"schema":{"@context":"https:\/\/schema.org","@graph":[{"@type":"WebPage","@id":"https:\/\/bbn1.bbnradio.org\/spanish\/google-home\/","url":"https:\/\/bbn1.bbnradio.org\/spanish\/google-home\/","name":"BBN on Google Home","isPartOf":{"@id":"https:\/\/bbn1.bbnradio.org\/spanish\/#website"},"primaryImageOfPage":{"@id":"https:\/\/bbn1.bbnradio.org\/spanish\/google-home\/#primaryimage"},"image":{"@id":"https:\/\/bbn1.bbnradio.org\/spanish\/google-home\/#primaryimage"},"thumbnailUrl":"https:\/\/i0.wp.com\/bbn1.bbnradio.org\/spanish\/wp-content\/uploads\/sites\/5\/2018\/02\/BBN-on-Google-Home.jpg?fit=1200%2C628&ssl=1","datePublished":"2018-02-21T15:10:36+00:00","dateModified":"2020-07-08T20:25:40+00:00","breadcrumb":{"@id":"https:\/\/bbn1.bbnradio.org\/spanish\/google-home\/#breadcrumb"},"inLanguage":"es","potentialAction":[{"@type":"ReadAction","target":["https:\/\/bbn1.bbnradio.org\/spanish\/google-home\/"]}]},{"@type":"ImageObject","inLanguage":"es","@id":"https:\/\/bbn1.bbnradio.org\/spanish\/google-home\/#primaryimage","url":"https:\/\/i0.wp.com\/bbn1.bbnradio.org\/spanish\/wp-content\/uploads\/sites\/5\/2018\/02\/BBN-on-Google-Home.jpg?fit=1200%2C628&ssl=1","contentUrl":"https:\/\/i0.wp.com\/bbn1.bbnradio.org\/spanish\/wp-content\/uploads\/sites\/5\/2018\/02\/BBN-on-Google-Home.jpg?fit=1200%2C628&ssl=1","width":1200,"height":628},{"@type":"BreadcrumbList","@id":"https:\/\/bbn1.bbnradio.org\/spanish\/google-home\/#breadcrumb","itemListElement":[{"@type":"ListItem","position":1,"name":"Home","item":"https:\/\/bbn1.bbnradio.org\/spanish\/inicio\/"},{"@type":"ListItem","position":2,"name":"Google Home"}]},{"@type":"WebSite","@id":"https:\/\/bbn1.bbnradio.org\/spanish\/#website","url":"https:\/\/bbn1.bbnradio.org\/spanish\/","name":"BBN Spanish","description":"BBN","potentialAction":[{"@type":"SearchAction","target":{"@type":"EntryPoint","urlTemplate":"https:\/\/bbn1.bbnradio.org\/spanish\/?s={search_term_string}"},"query-input":{"@type":"PropertyValueSpecification","valueRequired":true,"valueName":"search_term_string"}}],"inLanguage":"es"}]}},"jetpack_sharing_enabled":true,"jetpack_shortlink":"https:\/\/wp.me\/P85nNm-3f6","_links":{"self":[{"href":"https:\/\/bbn1.bbnradio.org\/spanish\/wp-json\/wp\/v2\/pages\/12468","targetHints":{"allow":["GET"]}}],"collection":[{"href":"https:\/\/bbn1.bbnradio.org\/spanish\/wp-json\/wp\/v2\/pages"}],"about":[{"href":"https:\/\/bbn1.bbnradio.org\/spanish\/wp-json\/wp\/v2\/types\/page"}],"author":[{"embeddable":true,"href":"https:\/\/bbn1.bbnradio.org\/spanish\/wp-json\/wp\/v2\/users\/3"}],"replies":[{"embeddable":true,"href":"https:\/\/bbn1.bbnradio.org\/spanish\/wp-json\/wp\/v2\/comments?post=12468"}],"version-history":[{"count":3,"href":"https:\/\/bbn1.bbnradio.org\/spanish\/wp-json\/wp\/v2\/pages\/12468\/revisions"}],"predecessor-version":[{"id":13870,"href":"https:\/\/bbn1.bbnradio.org\/spanish\/wp-json\/wp\/v2\/pages\/12468\/revisions\/13870"}],"wp:featuredmedia":[{"embeddable":true,"href":"https:\/\/bbn1.bbnradio.org\/spanish\/wp-json\/wp\/v2\/media\/12471"}],"wp:attachment":[{"href":"https:\/\/bbn1.bbnradio.org\/spanish\/wp-json\/wp\/v2\/media?parent=12468"}],"wp:term":[{"taxonomy":"category","embeddable":true,"href":"https:\/\/bbn1.bbnradio.org\/spanish\/wp-json\/wp\/v2\/categories?post=12468"},{"taxonomy":"post_tag","embeddable":true,"href":"https:\/\/bbn1.bbnradio.org\/spanish\/wp-json\/wp\/v2\/tags?post=12468"}],"curies":[{"name":"wp","href":"https:\/\/api.w.org\/{rel}","templated":true}]}}