{"id":133,"date":"2016-12-22T10:06:23","date_gmt":"2016-12-22T15:06:23","guid":{"rendered":"http:\/\/bbn1.bbnradio.org\/spanish\/?page_id=133"},"modified":"2018-08-10T13:37:18","modified_gmt":"2018-08-10T18:37:18","slug":"bbn-reproductor-en-vivo-dnn","status":"publish","type":"page","link":"https:\/\/bbn1.bbnradio.org\/spanish\/bbn-reproductor-en-vivo-dnn\/","title":{"rendered":"BBN Reproductor en Vivo DNN"},"content":{"rendered":"\n<style type=\"text\/css\" data-created_by=\"avia_inline_auto\" id=\"style-css-av-13vknp-17fac44b3aa7b7e714b66d7bce8c5fee\">\n.flex_column.av-13vknp-17fac44b3aa7b7e714b66d7bce8c5fee{\nborder-radius:0px 0px 0px 0px;\npadding:0px 0px 0px 0px;\n}\n<\/style>\n<div  class='flex_column av-13vknp-17fac44b3aa7b7e714b66d7bce8c5fee av_one_third  avia-builder-el-0  avia-builder-el-no-sibling  first flex_column_div av-zero-column-padding  '     ><\/div>\n<!-- AddThis Advanced Settings generic via filter on the_content --><!-- AddThis Share Buttons generic via filter on the_content -->","protected":false},"excerpt":{"rendered":"<p><!-- AddThis Advanced Settings generic via filter on get_the_excerpt --><!-- AddThis Share Buttons generic via filter on get_the_excerpt --><\/p>\n","protected":false},"author":3,"featured_media":151,"parent":0,"menu_order":0,"comment_status":"closed","ping_status":"closed","template":"template-blank.php","meta":{"jetpack_post_was_ever_published":false,"footnotes":""},"categories":[6],"tags":[],"class_list":["post-133","page","type-page","status-publish","has-post-thumbnail","hentry","category-bbn-broadcasting"],"yoast_head":"<!-- This site is optimized with the Yoast SEO Premium plugin v24.8 (Yoast SEO v24.8.1) - https:\/\/yoast.com\/wordpress\/plugins\/seo\/ -->\n<title>\u00a1Escuchar Ahora BBN!<\/title>\n<meta name=\"description\" content=\"El amor de Cristo, compartido por medio de la ense\u00f1anza b\u00edblica y m\u00fasica cristiana.\" \/>\n<meta name=\"robots\" content=\"index, follow, max-snippet:-1, max-image-preview:large, max-video-preview:-1\" \/>\n<link rel=\"canonical\" href=\"https:\/\/bbn1.bbnradio.org\/spanish\/bbn-reproductor-en-vivo-dnn\/\" \/>\n<meta property=\"og:locale\" content=\"es_ES\" \/>\n<meta property=\"og:type\" content=\"article\" \/>\n<meta property=\"og:title\" content=\"\u00a1Escuchar Ahora BBN!\" \/>\n<meta property=\"og:description\" content=\"El amor de Cristo, compartido por medio de la ense\u00f1anza b\u00edblica y m\u00fasica cristiana.\" \/>\n<meta property=\"og:url\" content=\"https:\/\/bbn1.bbnradio.org\/spanish\/bbn-reproductor-en-vivo-dnn\/\" \/>\n<meta property=\"og:site_name\" content=\"BBN\" \/>\n<meta property=\"article:publisher\" content=\"https:\/\/www.facebook.com\/BBNEspanol\" \/>\n<meta property=\"article:modified_time\" content=\"2018-08-10T18:37:18+00:00\" \/>\n<meta property=\"og:image\" content=\"https:\/\/i0.wp.com\/bbn1.bbnradio.org\/spanish\/wp-content\/uploads\/sites\/5\/2016\/12\/BBN-Logo.jpg?fit=1200%2C628&ssl=1\" \/>\n\t<meta property=\"og:image:width\" content=\"1200\" \/>\n\t<meta property=\"og:image:height\" content=\"628\" \/>\n\t<meta property=\"og:image:type\" content=\"image\/jpeg\" \/>\n<meta name=\"twitter:card\" content=\"summary_large_image\" \/>\n<meta name=\"twitter:title\" content=\"\u00a1Escuchar Ahora BBN!\" \/>\n<meta name=\"twitter:description\" content=\"El amor de Cristo, compartido por medio de la ense\u00f1anza b\u00edblica y m\u00fasica cristiana.\" \/>\n<meta name=\"twitter:image\" content=\"https:\/\/i0.wp.com\/bbn1.bbnradio.org\/spanish\/wp-content\/uploads\/sites\/5\/2016\/12\/BBN-Logo.jpg?fit=1200%2C628&ssl=1\" \/>\n<meta name=\"twitter:site\" content=\"@BBNEspanol\" \/>\n<script type=\"application\/ld+json\" class=\"yoast-schema-graph\">{\"@context\":\"https:\/\/schema.org\",\"@graph\":[{\"@type\":\"WebPage\",\"@id\":\"https:\/\/bbn1.bbnradio.org\/spanish\/bbn-reproductor-en-vivo-dnn\/\",\"url\":\"https:\/\/bbn1.bbnradio.org\/spanish\/bbn-reproductor-en-vivo-dnn\/\",\"name\":\"\u00a1Escuchar Ahora BBN!\",\"isPartOf\":{\"@id\":\"https:\/\/bbn1.bbnradio.org\/spanish\/#website\"},\"primaryImageOfPage\":{\"@id\":\"https:\/\/bbn1.bbnradio.org\/spanish\/bbn-reproductor-en-vivo-dnn\/#primaryimage\"},\"image\":{\"@id\":\"https:\/\/bbn1.bbnradio.org\/spanish\/bbn-reproductor-en-vivo-dnn\/#primaryimage\"},\"thumbnailUrl\":\"https:\/\/i0.wp.com\/bbn1.bbnradio.org\/spanish\/wp-content\/uploads\/sites\/5\/2016\/12\/BBN-Logo.jpg?fit=1200%2C628&ssl=1\",\"datePublished\":\"2016-12-22T15:06:23+00:00\",\"dateModified\":\"2018-08-10T18:37:18+00:00\",\"description\":\"El amor de Cristo, compartido por medio de la ense\u00f1anza b\u00edblica y m\u00fasica cristiana.\",\"breadcrumb\":{\"@id\":\"https:\/\/bbn1.bbnradio.org\/spanish\/bbn-reproductor-en-vivo-dnn\/#breadcrumb\"},\"inLanguage\":\"es\",\"potentialAction\":[{\"@type\":\"ReadAction\",\"target\":[\"https:\/\/bbn1.bbnradio.org\/spanish\/bbn-reproductor-en-vivo-dnn\/\"]}]},{\"@type\":\"ImageObject\",\"inLanguage\":\"es\",\"@id\":\"https:\/\/bbn1.bbnradio.org\/spanish\/bbn-reproductor-en-vivo-dnn\/#primaryimage\",\"url\":\"https:\/\/i0.wp.com\/bbn1.bbnradio.org\/spanish\/wp-content\/uploads\/sites\/5\/2016\/12\/BBN-Logo.jpg?fit=1200%2C628&ssl=1\",\"contentUrl\":\"https:\/\/i0.wp.com\/bbn1.bbnradio.org\/spanish\/wp-content\/uploads\/sites\/5\/2016\/12\/BBN-Logo.jpg?fit=1200%2C628&ssl=1\",\"width\":1200,\"height\":628,\"caption\":\"BBN Logo\"},{\"@type\":\"BreadcrumbList\",\"@id\":\"https:\/\/bbn1.bbnradio.org\/spanish\/bbn-reproductor-en-vivo-dnn\/#breadcrumb\",\"itemListElement\":[{\"@type\":\"ListItem\",\"position\":1,\"name\":\"Home\",\"item\":\"https:\/\/bbn1.bbnradio.org\/spanish\/inicio\/\"},{\"@type\":\"ListItem\",\"position\":2,\"name\":\"BBN Reproductor en Vivo DNN\"}]},{\"@type\":\"WebSite\",\"@id\":\"https:\/\/bbn1.bbnradio.org\/spanish\/#website\",\"url\":\"https:\/\/bbn1.bbnradio.org\/spanish\/\",\"name\":\"BBN Spanish\",\"description\":\"BBN\",\"potentialAction\":[{\"@type\":\"SearchAction\",\"target\":{\"@type\":\"EntryPoint\",\"urlTemplate\":\"https:\/\/bbn1.bbnradio.org\/spanish\/?s={search_term_string}\"},\"query-input\":{\"@type\":\"PropertyValueSpecification\",\"valueRequired\":true,\"valueName\":\"search_term_string\"}}],\"inLanguage\":\"es\"}]}<\/script>\n<!-- \/ Yoast SEO Premium plugin. -->","yoast_head_json":{"title":"\u00a1Escuchar Ahora BBN!","description":"El amor de Cristo, compartido por medio de la ense\u00f1anza b\u00edblica y m\u00fasica cristiana.","robots":{"index":"index","follow":"follow","max-snippet":"max-snippet:-1","max-image-preview":"max-image-preview:large","max-video-preview":"max-video-preview:-1"},"canonical":"https:\/\/bbn1.bbnradio.org\/spanish\/bbn-reproductor-en-vivo-dnn\/","og_locale":"es_ES","og_type":"article","og_title":"\u00a1Escuchar Ahora BBN!","og_description":"El amor de Cristo, compartido por medio de la ense\u00f1anza b\u00edblica y m\u00fasica cristiana.","og_url":"https:\/\/bbn1.bbnradio.org\/spanish\/bbn-reproductor-en-vivo-dnn\/","og_site_name":"BBN","article_publisher":"https:\/\/www.facebook.com\/BBNEspanol","article_modified_time":"2018-08-10T18:37:18+00:00","og_image":[{"width":1200,"height":628,"url":"https:\/\/i0.wp.com\/bbn1.bbnradio.org\/spanish\/wp-content\/uploads\/sites\/5\/2016\/12\/BBN-Logo.jpg?fit=1200%2C628&ssl=1","type":"image\/jpeg"}],"twitter_card":"summary_large_image","twitter_title":"\u00a1Escuchar Ahora BBN!","twitter_description":"El amor de Cristo, compartido por medio de la ense\u00f1anza b\u00edblica y m\u00fasica cristiana.","twitter_image":"https:\/\/i0.wp.com\/bbn1.bbnradio.org\/spanish\/wp-content\/uploads\/sites\/5\/2016\/12\/BBN-Logo.jpg?fit=1200%2C628&ssl=1","twitter_site":"@BBNEspanol","schema":{"@context":"https:\/\/schema.org","@graph":[{"@type":"WebPage","@id":"https:\/\/bbn1.bbnradio.org\/spanish\/bbn-reproductor-en-vivo-dnn\/","url":"https:\/\/bbn1.bbnradio.org\/spanish\/bbn-reproductor-en-vivo-dnn\/","name":"\u00a1Escuchar Ahora BBN!","isPartOf":{"@id":"https:\/\/bbn1.bbnradio.org\/spanish\/#website"},"primaryImageOfPage":{"@id":"https:\/\/bbn1.bbnradio.org\/spanish\/bbn-reproductor-en-vivo-dnn\/#primaryimage"},"image":{"@id":"https:\/\/bbn1.bbnradio.org\/spanish\/bbn-reproductor-en-vivo-dnn\/#primaryimage"},"thumbnailUrl":"https:\/\/i0.wp.com\/bbn1.bbnradio.org\/spanish\/wp-content\/uploads\/sites\/5\/2016\/12\/BBN-Logo.jpg?fit=1200%2C628&ssl=1","datePublished":"2016-12-22T15:06:23+00:00","dateModified":"2018-08-10T18:37:18+00:00","description":"El amor de Cristo, compartido por medio de la ense\u00f1anza b\u00edblica y m\u00fasica cristiana.","breadcrumb":{"@id":"https:\/\/bbn1.bbnradio.org\/spanish\/bbn-reproductor-en-vivo-dnn\/#breadcrumb"},"inLanguage":"es","potentialAction":[{"@type":"ReadAction","target":["https:\/\/bbn1.bbnradio.org\/spanish\/bbn-reproductor-en-vivo-dnn\/"]}]},{"@type":"ImageObject","inLanguage":"es","@id":"https:\/\/bbn1.bbnradio.org\/spanish\/bbn-reproductor-en-vivo-dnn\/#primaryimage","url":"https:\/\/i0.wp.com\/bbn1.bbnradio.org\/spanish\/wp-content\/uploads\/sites\/5\/2016\/12\/BBN-Logo.jpg?fit=1200%2C628&ssl=1","contentUrl":"https:\/\/i0.wp.com\/bbn1.bbnradio.org\/spanish\/wp-content\/uploads\/sites\/5\/2016\/12\/BBN-Logo.jpg?fit=1200%2C628&ssl=1","width":1200,"height":628,"caption":"BBN Logo"},{"@type":"BreadcrumbList","@id":"https:\/\/bbn1.bbnradio.org\/spanish\/bbn-reproductor-en-vivo-dnn\/#breadcrumb","itemListElement":[{"@type":"ListItem","position":1,"name":"Home","item":"https:\/\/bbn1.bbnradio.org\/spanish\/inicio\/"},{"@type":"ListItem","position":2,"name":"BBN Reproductor en Vivo DNN"}]},{"@type":"WebSite","@id":"https:\/\/bbn1.bbnradio.org\/spanish\/#website","url":"https:\/\/bbn1.bbnradio.org\/spanish\/","name":"BBN Spanish","description":"BBN","potentialAction":[{"@type":"SearchAction","target":{"@type":"EntryPoint","urlTemplate":"https:\/\/bbn1.bbnradio.org\/spanish\/?s={search_term_string}"},"query-input":{"@type":"PropertyValueSpecification","valueRequired":true,"valueName":"search_term_string"}}],"inLanguage":"es"}]}},"jetpack_sharing_enabled":true,"jetpack_shortlink":"https:\/\/wp.me\/P85nNm-29","_links":{"self":[{"href":"https:\/\/bbn1.bbnradio.org\/spanish\/wp-json\/wp\/v2\/pages\/133","targetHints":{"allow":["GET"]}}],"collection":[{"href":"https:\/\/bbn1.bbnradio.org\/spanish\/wp-json\/wp\/v2\/pages"}],"about":[{"href":"https:\/\/bbn1.bbnradio.org\/spanish\/wp-json\/wp\/v2\/types\/page"}],"author":[{"embeddable":true,"href":"https:\/\/bbn1.bbnradio.org\/spanish\/wp-json\/wp\/v2\/users\/3"}],"replies":[{"embeddable":true,"href":"https:\/\/bbn1.bbnradio.org\/spanish\/wp-json\/wp\/v2\/comments?post=133"}],"version-history":[{"count":3,"href":"https:\/\/bbn1.bbnradio.org\/spanish\/wp-json\/wp\/v2\/pages\/133\/revisions"}],"predecessor-version":[{"id":15460,"href":"https:\/\/bbn1.bbnradio.org\/spanish\/wp-json\/wp\/v2\/pages\/133\/revisions\/15460"}],"wp:featuredmedia":[{"embeddable":true,"href":"https:\/\/bbn1.bbnradio.org\/spanish\/wp-json\/wp\/v2\/media\/151"}],"wp:attachment":[{"href":"https:\/\/bbn1.bbnradio.org\/spanish\/wp-json\/wp\/v2\/media?parent=133"}],"wp:term":[{"taxonomy":"category","embeddable":true,"href":"https:\/\/bbn1.bbnradio.org\/spanish\/wp-json\/wp\/v2\/categories?post=133"},{"taxonomy":"post_tag","embeddable":true,"href":"https:\/\/bbn1.bbnradio.org\/spanish\/wp-json\/wp\/v2\/tags?post=133"}],"curies":[{"name":"wp","href":"https:\/\/api.w.org\/{rel}","templated":true}]}}