{"id":13906,"date":"2018-05-07T08:51:58","date_gmt":"2018-05-07T13:51:58","guid":{"rendered":"http:\/\/bbn1.bbnradio.org\/spanish\/?page_id=13906"},"modified":"2025-08-04T08:03:03","modified_gmt":"2025-08-04T13:03:03","slug":"como-donar-a-bbn-en-bolivia","status":"publish","type":"page","link":"https:\/\/bbn1.bbnradio.org\/spanish\/donaciones\/como-donar-a-bbn-en-bolivia\/","title":{"rendered":"C\u00f3mo donar a BBN en Bolivia"},"content":{"rendered":"<div id='layer_slider_1'  class='avia-layerslider main_color avia-shadow  avia-builder-el-0  el_before_av_heading  avia-builder-el-first  container_wrap sidebar_right'  style='height: 251px;'  ><\/div><div id='after_layer_slider_1'  class='main_color av_default_container_wrap container_wrap sidebar_right'  ><div class='container av-section-cont-open' ><div class='template-page content  av-content-small alpha units'><div class='post-entry post-entry-type-page post-entry-13906'><div class='entry-content-wrapper clearfix'>\n\n<style type=\"text\/css\" data-created_by=\"avia_inline_auto\" id=\"style-css-av-1xamjf6-6813d2692f34374f39cfdd5c084c6c1f\">\n#top .av-special-heading.av-1xamjf6-6813d2692f34374f39cfdd5c084c6c1f{\npadding-bottom:20px;\n}\nbody .av-special-heading.av-1xamjf6-6813d2692f34374f39cfdd5c084c6c1f .av-special-heading-tag .heading-char{\nfont-size:25px;\n}\n.av-special-heading.av-1xamjf6-6813d2692f34374f39cfdd5c084c6c1f .av-subheading{\nfont-size:17px;\n}\n<\/style>\n<div  class='av-special-heading av-1xamjf6-6813d2692f34374f39cfdd5c084c6c1f av-special-heading-h1 custom-color-heading blockquote modern-quote  avia-builder-el-1  el_after_av_layerslider  el_before_av_iconlist  avia-builder-el-first '><h1 class='av-special-heading-tag '  itemprop=\"headline\"  >C\u00f3mo donar a BBN en Bolivia<\/h1><div class='av-subheading av-subheading_below'><p>Hay diferentes formas c\u00f3mo usted puede donar para que BBN contin\u00fae alcanzando a otros para Cristo:<\/p>\n<\/div><div class=\"special-heading-border\"><div class=\"special-heading-inner-border\"><\/div><\/div><\/div>\n\n<style type=\"text\/css\" data-created_by=\"avia_inline_auto\" id=\"style-css-av-6f7p2qa-84ed7eea21ffcf42ae34ba1b526b493f\">\n#top .avia-icon-list-container.av-6f7p2qa-84ed7eea21ffcf42ae34ba1b526b493f .iconlist_icon{\ncolor:#003800;\nbackground-color:#ffffff;\nborder:1px solid #003800;\n}\n#top .avia-icon-list-container.av-6f7p2qa-84ed7eea21ffcf42ae34ba1b526b493f .iconlist_icon svg:first-child{\nstroke:#003800;\nfill:#003800;\n}\n<\/style>\n<div  class='avia-icon-list-container av-6f7p2qa-84ed7eea21ffcf42ae34ba1b526b493f  avia-builder-el-2  el_after_av_heading  el_before_av_one_half '><ul class='avia-icon-list avia_animate_when_almost_visible avia-icon-list-left av-iconlist-big av-6f7p2qa-84ed7eea21ffcf42ae34ba1b526b493f avia-iconlist-animate'>\n<li><a href='https://\/\/bbn1.bbnradio.org\/spanish\/donar-con-tarjeta-de-credito\/?PHPSESSID=hjAY3%2Cl9tHD73wqJDQHWlUUfrjCn4jY8' title='Con su tarjeta de cr\u00e9dito'  target=\"_blank\"  rel=\"noopener noreferrer\" class='iconlist_icon av-3l0tinm-2472e3d1a4589ca05c66ce2f70cb0765 avia-font-entypo-fontello avia-iconfont avia-font-entypo-fontello'><span class='av-icon-char' data-av_icon='\ue8cf' data-av_iconfont='entypo-fontello' aria-hidden=\"true\"><\/span><\/a><article class=\"article-icon-entry \"  itemscope=\"itemscope\" itemtype=\"https:\/\/schema.org\/CreativeWork\" ><div class=\"iconlist_content_wrap\"><header class=\"entry-content-header\" aria-label=\"Icon: &lt;a href=&#039;https:\/\/bbn1.bbnradio.org\/spanish\/donar-con-tarjeta-de-credito\/&#039; title=&#039;Con su tarjeta de cr\u00e9dito&#039; target=&quot;_blank&quot;  rel=&quot;noopener noreferrer&quot;&gt;Con su tarjeta de cr\u00e9dito&lt;\/a&gt;\"><h4 class='av_iconlist_title iconlist_title  '  itemprop=\"headline\" ><a href='https://\/\/bbn1.bbnradio.org\/spanish\/donar-con-tarjeta-de-credito\/?PHPSESSID=hjAY3%2Cl9tHD73wqJDQHWlUUfrjCn4jY8' title='Con su tarjeta de cr\u00e9dito' target=\"_blank\"  rel=\"noopener noreferrer\">Con su tarjeta de cr\u00e9dito<\/a><\/h4><\/header><div class='iconlist_content '  itemprop=\"text\" ><p>Aceptamos Visa, Mastercard, Discover y American Express.<\/p>\n<\/div><\/div><footer class=\"entry-footer\"><\/footer><\/article><div class=\"iconlist-timeline\"><\/div><\/li>\n<li><div class='iconlist_icon av-2yujir6-9f69d012d11fe8315ec62845458fff72 avia-font-bank avia-iconfont avia-font-bank'><span class='av-icon-char' data-av_icon='\ue802' data-av_iconfont='bank' aria-hidden=\"true\"><\/span><\/div><article class=\"article-icon-entry \"  itemscope=\"itemscope\" itemtype=\"https:\/\/schema.org\/CreativeWork\" ><div class=\"iconlist_content_wrap\"><header class=\"entry-content-header\" aria-label=\"Icon: Haciendo un dep\u00f3sito Bancario\/ Transferencia electronica\"><h4 class='av_iconlist_title iconlist_title  '  itemprop=\"headline\" >Haciendo un dep\u00f3sito Bancario\/ Transferencia electronica<\/h4><\/header><div class='iconlist_content '  itemprop=\"text\" ><p>Banco PRODEM<br \/>\nN\u00famero de cuenta: 61121056312<\/p>\n<p>NIT 1017297028<br \/>\nBeneficiario: Red de Radiodifusi\u00f3n B\u00edblica<\/p>\n<p>Banco Nacional de Bolivia<br \/>\nCuenta Corriente: 3000113688<\/p>\n<p>NIT 1017297028<br \/>\nBeneficiario: Red de Radiodifusi\u00f3n B\u00edblica<\/p>\n<p>Nuestro e-mail: bbnbolivia@bbnmedia.org<\/p>\n<\/div><\/div><footer class=\"entry-footer\"><\/footer><\/article><div class=\"iconlist-timeline\"><\/div><\/li>\n<li><div class='iconlist_icon av-2davzua-e1759f2af4e80cf1ea51386786023193 avia-font-entypo-fontello avia-iconfont avia-font-entypo-fontello'><span class='av-icon-char' data-av_icon='' data-av_iconfont='entypo-fontello' aria-hidden=\"true\"><\/span><\/div><article class=\"article-icon-entry \"  itemscope=\"itemscope\" itemtype=\"https:\/\/schema.org\/CreativeWork\" ><div class=\"iconlist_content_wrap\"><header class=\"entry-content-header\" aria-label=\"Icon: Enviando un cheque por correo\"><h4 class='av_iconlist_title iconlist_title  '  itemprop=\"headline\" >Enviando un cheque por correo<\/h4><\/header><div class='iconlist_content '  itemprop=\"text\" ><p>BBN Santa Cruz FM 90.7<br \/>\nAv. Roque Aguilera 719 (Tercer anillo)<\/p>\n<p>Edificio Huperdiesel, 1er Piso Depto. B<br \/>\nSanta Cruz<\/p>\n<\/div><\/div><footer class=\"entry-footer\"><\/footer><\/article><div class=\"iconlist-timeline\"><\/div><\/li>\n<li><a href='https://\/\/bbn1.bbnradio.org\/spanish\/listado-de-emisoras\/?PHPSESSID=hjAY3%2Cl9tHD73wqJDQHWlUUfrjCn4jY8' title='Visitando su emisora local'  target=\"_blank\"  rel=\"noopener noreferrer\" class='iconlist_icon av-1y5ricy-fec9f0eda945e3b02420d14403e053eb avia-font-entypo-fontello avia-iconfont avia-font-entypo-fontello'><span class='av-icon-char' data-av_icon='\ue80b' data-av_iconfont='entypo-fontello' aria-hidden=\"true\"><\/span><\/a><article class=\"article-icon-entry \"  itemscope=\"itemscope\" itemtype=\"https:\/\/schema.org\/CreativeWork\" ><div class=\"iconlist_content_wrap\"><header class=\"entry-content-header\" aria-label=\"Icon: &lt;a href=&#039;https:\/\/bbn1.bbnradio.org\/spanish\/listado-de-emisoras\/&#039; title=&#039;Visitando su emisora local&#039; target=&quot;_blank&quot;  rel=&quot;noopener noreferrer&quot;&gt;Visitando su emisora local&lt;\/a&gt;\"><h4 class='av_iconlist_title iconlist_title  '  itemprop=\"headline\" ><a href='https://\/\/bbn1.bbnradio.org\/spanish\/listado-de-emisoras\/?PHPSESSID=hjAY3%2Cl9tHD73wqJDQHWlUUfrjCn4jY8' title='Visitando su emisora local' target=\"_blank\"  rel=\"noopener noreferrer\">Visitando su emisora local<\/a><\/h4><\/header><div class='iconlist_content '  itemprop=\"text\" ><p>Vea un listado de nuestras emisoras<\/p>\n<\/div><\/div><footer class=\"entry-footer\"><\/footer><\/article><div class=\"iconlist-timeline\"><\/div><\/li>\n<li><div class='iconlist_icon av-1t2e01e-6cb19cd4dd34f7b5c03b1dd10e85b396 avia-font-entypo-fontello avia-iconfont avia-font-entypo-fontello'><span class='av-icon-char' data-av_icon='\ue8ac' data-av_iconfont='entypo-fontello' aria-hidden=\"true\"><\/span><\/div><article class=\"article-icon-entry \"  itemscope=\"itemscope\" itemtype=\"https:\/\/schema.org\/CreativeWork\" ><div class=\"iconlist_content_wrap\"><header class=\"entry-content-header\" aria-label=\"Icon: Para hacer una consulta\"><h4 class='av_iconlist_title iconlist_title  '  itemprop=\"headline\" >Para hacer una consulta<\/h4><\/header><div class='iconlist_content '  itemprop=\"text\" ><p>Llame al: 800-17-6161<\/p>\n<p>Lunes a Viernes de 08:00 a 12:00hs<\/p>\n<p>Nuestro e-mail: bbnbolivia@bbnmedia.org<\/p>\n<\/div><\/div><footer class=\"entry-footer\"><\/footer><\/article><div class=\"iconlist-timeline\"><\/div><\/li>\n<\/ul><\/div>\n\n<style type=\"text\/css\" data-created_by=\"avia_inline_auto\" id=\"style-css-av-3ft9z3m-6a09553ee770479f219c98bcff14e88a\">\n.flex_column.av-3ft9z3m-6a09553ee770479f219c98bcff14e88a{\nborder-radius:0px 0px 0px 0px;\npadding:0px 0px 0px 0px;\n}\n<\/style>\n<div  class='flex_column av-3ft9z3m-6a09553ee770479f219c98bcff14e88a av_one_half  avia-builder-el-3  el_after_av_iconlist  el_before_av_heading  first flex_column_div av-zero-column-padding  '     ><p>\n<style type=\"text\/css\" data-created_by=\"avia_inline_auto\" id=\"style-css-av-1guto42-3cf051bbfe43f0e5e854fe12e72cf4cf\">\n#top .av-special-heading.av-1guto42-3cf051bbfe43f0e5e854fe12e72cf4cf{\npadding-bottom:10px;\n}\nbody .av-special-heading.av-1guto42-3cf051bbfe43f0e5e854fe12e72cf4cf .av-special-heading-tag .heading-char{\nfont-size:25px;\n}\n.av-special-heading.av-1guto42-3cf051bbfe43f0e5e854fe12e72cf4cf .av-subheading{\nfont-size:10px;\n}\n<\/style>\n<div  class='av-special-heading av-1guto42-3cf051bbfe43f0e5e854fe12e72cf4cf av-special-heading-h1 custom-color-heading blockquote modern-quote  avia-builder-el-4  el_before_av_iconlist  avia-builder-el-first '><h1 class='av-special-heading-tag '  itemprop=\"headline\"  >\u00bfTiene preguntas?<\/h1><div class=\"special-heading-border\"><div class=\"special-heading-inner-border\"><\/div><\/div><\/div><br \/>\n\n<style type=\"text\/css\" data-created_by=\"avia_inline_auto\" id=\"style-css-av-2kgg44y-8c4a07c93412e4a375c01d4de17dc369\">\n#top .avia-icon-list-container.av-2kgg44y-8c4a07c93412e4a375c01d4de17dc369 .iconlist_icon{\ncolor:#c3512f;\nbackground-color:#ffffff;\nborder:1px solid #c3512f;\n}\n#top .avia-icon-list-container.av-2kgg44y-8c4a07c93412e4a375c01d4de17dc369 .iconlist_icon svg:first-child{\nstroke:#c3512f;\nfill:#c3512f;\n}\n<\/style>\n<div  class='avia-icon-list-container av-2kgg44y-8c4a07c93412e4a375c01d4de17dc369  avia-builder-el-5  el_after_av_heading  avia-builder-el-last '><ul class='avia-icon-list avia_animate_when_almost_visible avia-icon-list-left av-iconlist-big av-2kgg44y-8c4a07c93412e4a375c01d4de17dc369 avia-iconlist-animate'>\n<li><a href='https://\/\/bbn1.bbnradio.org\/spanish\/contactenos\/pregunta-en-cuanto-a-donacion\/?PHPSESSID=hjAY3%2Cl9tHD73wqJDQHWlUUfrjCn4jY8' title='Preg\u00fantenos Online'  class='iconlist_icon av-227if8y-7be46fbbaaea04cd5b6e0bc18093f4e4 avia-font-entypo-fontello avia-iconfont avia-font-entypo-fontello'><span class='av-icon-char' data-av_icon='\ue837' data-av_iconfont='entypo-fontello' aria-hidden=\"true\"><\/span><\/a><article class=\"article-icon-entry av-iconlist-empty\"  itemscope=\"itemscope\" itemtype=\"https:\/\/schema.org\/CreativeWork\" ><div class=\"iconlist_content_wrap\"><header class=\"entry-content-header\" aria-label=\"Icon: &lt;a href=&#039;https:\/\/bbn1.bbnradio.org\/spanish\/contactenos\/pregunta-en-cuanto-a-donacion\/&#039; title=&#039;Preg\u00fantenos Online&#039;&gt;Preg\u00fantenos Online&lt;\/a&gt;\"><h4 class='av_iconlist_title iconlist_title  '  itemprop=\"headline\" ><a href='https://\/\/bbn1.bbnradio.org\/spanish\/contactenos\/pregunta-en-cuanto-a-donacion\/?PHPSESSID=hjAY3%2Cl9tHD73wqJDQHWlUUfrjCn4jY8' title='Preg\u00fantenos Online'>Preg\u00fantenos Online<\/a><\/h4><\/header><div class='iconlist_content '  itemprop=\"text\" ><\/div><\/div><footer class=\"entry-footer\"><\/footer><\/article><div class=\"iconlist-timeline\"><\/div><\/li>\n<li><div class='iconlist_icon av-15a8o4y-292214fe098a1f57dd74de85b7eacac1 avia-font-entypo-fontello avia-iconfont avia-font-entypo-fontello'><span class='av-icon-char' data-av_icon='\ue8ac' data-av_iconfont='entypo-fontello' aria-hidden=\"true\"><\/span><\/div><article class=\"article-icon-entry \"  itemscope=\"itemscope\" itemtype=\"https:\/\/schema.org\/CreativeWork\" ><div class=\"iconlist_content_wrap\"><header class=\"entry-content-header\" aria-label=\"Icon: Llame al 591-3-355-6608 \"><h4 class='av_iconlist_title iconlist_title  '  itemprop=\"headline\" >Llame al 591-3-355-6608 <\/h4><\/header><div class='iconlist_content '  itemprop=\"text\" ><p>Lunes a Viernes de 08:00 a 12:00<\/p>\n<\/div><\/div><footer class=\"entry-footer\"><\/footer><\/article><div class=\"iconlist-timeline\"><\/div><\/li>\n<\/ul><\/div><\/p><\/div>\n\n<style type=\"text\/css\" data-created_by=\"avia_inline_auto\" id=\"style-css-av-ilg3bm-0ee45f58d431c00efda7c994cca242b2\">\n#top .av-special-heading.av-ilg3bm-0ee45f58d431c00efda7c994cca242b2{\npadding-bottom:10px;\n}\nbody .av-special-heading.av-ilg3bm-0ee45f58d431c00efda7c994cca242b2 .av-special-heading-tag .heading-char{\nfont-size:25px;\n}\n.av-special-heading.av-ilg3bm-0ee45f58d431c00efda7c994cca242b2 .av-subheading{\nfont-size:10px;\n}\n<\/style>\n<div  class='av-special-heading av-ilg3bm-0ee45f58d431c00efda7c994cca242b2 av-special-heading-h3 blockquote modern-quote  avia-builder-el-6  el_after_av_one_half  el_before_av_textblock '><h3 class='av-special-heading-tag '  itemprop=\"headline\"  >Pol\u00edtica de Privacidad<\/h3><div class=\"special-heading-border\"><div class=\"special-heading-inner-border\"><\/div><\/div><\/div>\n<section  class='av_textblock_section av-9ey36-bf402f12651ad63519ba2b84163adc2e '   itemscope=\"itemscope\" itemtype=\"https:\/\/schema.org\/CreativeWork\" ><div class='avia_textblock'  itemprop=\"text\" ><p>No vamos a vender, compartir o intercambiar la informaci\u00f3n personal de nuestros contribuyentes ni enviar correo a nuestros oyentes en nombre de otras organizaciones.<br \/>\nEsta pol\u00edtica se aplica a toda la informaci\u00f3n recibida por BBN, tanto por medio de la web como por medio de cualquier aplicaci\u00f3n de telefon\u00eda m\u00f3vil o por v\u00eda oral.<br \/>\nEn el caso que alguna contribuci\u00f3n necesite ser procesada por otro proveedor de servicios, la informaci\u00f3n de nuestros contribuyentes solo ser\u00e1 utilizada para procesar la donaci\u00f3n.<\/p>\n<\/div><\/section>\n<!-- AddThis Advanced Settings generic via filter on the_content --><!-- AddThis Share Buttons generic via filter on the_content -->","protected":false},"excerpt":{"rendered":"<p><!-- AddThis Advanced Settings generic via filter on get_the_excerpt --><!-- AddThis Share Buttons generic via filter on get_the_excerpt --><\/p>\n","protected":false},"author":3,"featured_media":8319,"parent":3518,"menu_order":0,"comment_status":"open","ping_status":"closed","template":"","meta":{"jetpack_post_was_ever_published":false,"footnotes":""},"categories":[],"tags":[],"class_list":["post-13906","page","type-page","status-publish","has-post-thumbnail","hentry"],"yoast_head":"<!-- This site is optimized with the Yoast SEO Premium plugin v24.8 (Yoast SEO v24.8.1) - https:\/\/yoast.com\/wordpress\/plugins\/seo\/ -->\n<title>Done a BBN<\/title>\n<meta name=\"description\" content=\"Done a BBN\" \/>\n<meta name=\"robots\" content=\"index, follow, max-snippet:-1, max-image-preview:large, max-video-preview:-1\" \/>\n<link rel=\"canonical\" href=\"https:\/\/bbn1.bbnradio.org\/spanish\/donaciones\/como-donar-a-bbn-en-bolivia\/\" \/>\n<meta property=\"og:locale\" content=\"es_ES\" \/>\n<meta property=\"og:type\" content=\"article\" \/>\n<meta property=\"og:title\" content=\"Done a BBN\" \/>\n<meta property=\"og:description\" content=\"Haga su donaci\u00f3n al ministerio de BBN\" \/>\n<meta property=\"og:url\" content=\"https:\/\/bbn1.bbnradio.org\/spanish\/donaciones\/como-donar-a-bbn-en-bolivia\/\" \/>\n<meta property=\"og:site_name\" content=\"BBN\" \/>\n<meta property=\"article:publisher\" content=\"https:\/\/www.facebook.com\/BBNEspanol\" \/>\n<meta property=\"article:modified_time\" content=\"2025-08-04T13:03:03+00:00\" \/>\n<meta name=\"twitter:card\" content=\"summary_large_image\" \/>\n<meta name=\"twitter:title\" content=\"Done a BBN\" \/>\n<meta name=\"twitter:description\" content=\"Haga su donaci\u00f3n al ministerio de BBN\" \/>\n<meta name=\"twitter:image\" content=\"https:\/\/bbn1.bbnradio.org\/english\/wp-content\/uploads\/sites\/2\/2016\/08\/How-is-BBN-funded.jpg\" \/>\n<meta name=\"twitter:site\" content=\"@BBNEspanol\" \/>\n<meta name=\"twitter:label1\" content=\"Tiempo de lectura\" \/>\n\t<meta name=\"twitter:data1\" content=\"2 minutos\" \/>\n<script type=\"application\/ld+json\" class=\"yoast-schema-graph\">{\"@context\":\"https:\/\/schema.org\",\"@graph\":[{\"@type\":\"WebPage\",\"@id\":\"https:\/\/bbn1.bbnradio.org\/spanish\/donaciones\/como-donar-a-bbn-en-bolivia\/\",\"url\":\"https:\/\/bbn1.bbnradio.org\/spanish\/donaciones\/como-donar-a-bbn-en-bolivia\/\",\"name\":\"Done a BBN\",\"isPartOf\":{\"@id\":\"https:\/\/bbn1.bbnradio.org\/spanish\/#website\"},\"primaryImageOfPage\":{\"@id\":\"https:\/\/bbn1.bbnradio.org\/spanish\/donaciones\/como-donar-a-bbn-en-bolivia\/#primaryimage\"},\"image\":{\"@id\":\"https:\/\/bbn1.bbnradio.org\/spanish\/donaciones\/como-donar-a-bbn-en-bolivia\/#primaryimage\"},\"thumbnailUrl\":\"https:\/\/i0.wp.com\/bbn1.bbnradio.org\/spanish\/wp-content\/uploads\/sites\/5\/2016\/08\/How-is-BBN-funded.jpg?fit=1200%2C628&ssl=1\",\"datePublished\":\"2018-05-07T13:51:58+00:00\",\"dateModified\":\"2025-08-04T13:03:03+00:00\",\"description\":\"Done a BBN\",\"breadcrumb\":{\"@id\":\"https:\/\/bbn1.bbnradio.org\/spanish\/donaciones\/como-donar-a-bbn-en-bolivia\/#breadcrumb\"},\"inLanguage\":\"es\",\"potentialAction\":[{\"@type\":\"ReadAction\",\"target\":[\"https:\/\/bbn1.bbnradio.org\/spanish\/donaciones\/como-donar-a-bbn-en-bolivia\/\"]}]},{\"@type\":\"ImageObject\",\"inLanguage\":\"es\",\"@id\":\"https:\/\/bbn1.bbnradio.org\/spanish\/donaciones\/como-donar-a-bbn-en-bolivia\/#primaryimage\",\"url\":\"https:\/\/i0.wp.com\/bbn1.bbnradio.org\/spanish\/wp-content\/uploads\/sites\/5\/2016\/08\/How-is-BBN-funded.jpg?fit=1200%2C628&ssl=1\",\"contentUrl\":\"https:\/\/i0.wp.com\/bbn1.bbnradio.org\/spanish\/wp-content\/uploads\/sites\/5\/2016\/08\/How-is-BBN-funded.jpg?fit=1200%2C628&ssl=1\",\"width\":1200,\"height\":628,\"caption\":\"How is BBN funded\"},{\"@type\":\"BreadcrumbList\",\"@id\":\"https:\/\/bbn1.bbnradio.org\/spanish\/donaciones\/como-donar-a-bbn-en-bolivia\/#breadcrumb\",\"itemListElement\":[{\"@type\":\"ListItem\",\"position\":1,\"name\":\"Home\",\"item\":\"https:\/\/bbn1.bbnradio.org\/spanish\/inicio\/\"},{\"@type\":\"ListItem\",\"position\":2,\"name\":\"Donaciones\",\"item\":\"https:\/\/bbn1.bbnradio.org\/spanish\/donaciones\/\"},{\"@type\":\"ListItem\",\"position\":3,\"name\":\"C\u00f3mo donar a BBN en Bolivia\"}]},{\"@type\":\"WebSite\",\"@id\":\"https:\/\/bbn1.bbnradio.org\/spanish\/#website\",\"url\":\"https:\/\/bbn1.bbnradio.org\/spanish\/\",\"name\":\"BBN Spanish\",\"description\":\"BBN\",\"potentialAction\":[{\"@type\":\"SearchAction\",\"target\":{\"@type\":\"EntryPoint\",\"urlTemplate\":\"https:\/\/bbn1.bbnradio.org\/spanish\/?s={search_term_string}\"},\"query-input\":{\"@type\":\"PropertyValueSpecification\",\"valueRequired\":true,\"valueName\":\"search_term_string\"}}],\"inLanguage\":\"es\"}]}<\/script>\n<!-- \/ Yoast SEO Premium plugin. -->","yoast_head_json":{"title":"Done a BBN","description":"Done a BBN","robots":{"index":"index","follow":"follow","max-snippet":"max-snippet:-1","max-image-preview":"max-image-preview:large","max-video-preview":"max-video-preview:-1"},"canonical":"https:\/\/bbn1.bbnradio.org\/spanish\/donaciones\/como-donar-a-bbn-en-bolivia\/","og_locale":"es_ES","og_type":"article","og_title":"Done a BBN","og_description":"Haga su donaci\u00f3n al ministerio de BBN","og_url":"https:\/\/bbn1.bbnradio.org\/spanish\/donaciones\/como-donar-a-bbn-en-bolivia\/","og_site_name":"BBN","article_publisher":"https:\/\/www.facebook.com\/BBNEspanol","article_modified_time":"2025-08-04T13:03:03+00:00","twitter_card":"summary_large_image","twitter_title":"Done a BBN","twitter_description":"Haga su donaci\u00f3n al ministerio de BBN","twitter_image":"https:\/\/bbn1.bbnradio.org\/english\/wp-content\/uploads\/sites\/2\/2016\/08\/How-is-BBN-funded.jpg","twitter_site":"@BBNEspanol","twitter_misc":{"Tiempo de lectura":"2 minutos"},"schema":{"@context":"https:\/\/schema.org","@graph":[{"@type":"WebPage","@id":"https:\/\/bbn1.bbnradio.org\/spanish\/donaciones\/como-donar-a-bbn-en-bolivia\/","url":"https:\/\/bbn1.bbnradio.org\/spanish\/donaciones\/como-donar-a-bbn-en-bolivia\/","name":"Done a BBN","isPartOf":{"@id":"https:\/\/bbn1.bbnradio.org\/spanish\/#website"},"primaryImageOfPage":{"@id":"https:\/\/bbn1.bbnradio.org\/spanish\/donaciones\/como-donar-a-bbn-en-bolivia\/#primaryimage"},"image":{"@id":"https:\/\/bbn1.bbnradio.org\/spanish\/donaciones\/como-donar-a-bbn-en-bolivia\/#primaryimage"},"thumbnailUrl":"https:\/\/i0.wp.com\/bbn1.bbnradio.org\/spanish\/wp-content\/uploads\/sites\/5\/2016\/08\/How-is-BBN-funded.jpg?fit=1200%2C628&ssl=1","datePublished":"2018-05-07T13:51:58+00:00","dateModified":"2025-08-04T13:03:03+00:00","description":"Done a BBN","breadcrumb":{"@id":"https:\/\/bbn1.bbnradio.org\/spanish\/donaciones\/como-donar-a-bbn-en-bolivia\/#breadcrumb"},"inLanguage":"es","potentialAction":[{"@type":"ReadAction","target":["https:\/\/bbn1.bbnradio.org\/spanish\/donaciones\/como-donar-a-bbn-en-bolivia\/"]}]},{"@type":"ImageObject","inLanguage":"es","@id":"https:\/\/bbn1.bbnradio.org\/spanish\/donaciones\/como-donar-a-bbn-en-bolivia\/#primaryimage","url":"https:\/\/i0.wp.com\/bbn1.bbnradio.org\/spanish\/wp-content\/uploads\/sites\/5\/2016\/08\/How-is-BBN-funded.jpg?fit=1200%2C628&ssl=1","contentUrl":"https:\/\/i0.wp.com\/bbn1.bbnradio.org\/spanish\/wp-content\/uploads\/sites\/5\/2016\/08\/How-is-BBN-funded.jpg?fit=1200%2C628&ssl=1","width":1200,"height":628,"caption":"How is BBN funded"},{"@type":"BreadcrumbList","@id":"https:\/\/bbn1.bbnradio.org\/spanish\/donaciones\/como-donar-a-bbn-en-bolivia\/#breadcrumb","itemListElement":[{"@type":"ListItem","position":1,"name":"Home","item":"https:\/\/bbn1.bbnradio.org\/spanish\/inicio\/"},{"@type":"ListItem","position":2,"name":"Donaciones","item":"https:\/\/bbn1.bbnradio.org\/spanish\/donaciones\/"},{"@type":"ListItem","position":3,"name":"C\u00f3mo donar a BBN en Bolivia"}]},{"@type":"WebSite","@id":"https:\/\/bbn1.bbnradio.org\/spanish\/#website","url":"https:\/\/bbn1.bbnradio.org\/spanish\/","name":"BBN Spanish","description":"BBN","potentialAction":[{"@type":"SearchAction","target":{"@type":"EntryPoint","urlTemplate":"https:\/\/bbn1.bbnradio.org\/spanish\/?s={search_term_string}"},"query-input":{"@type":"PropertyValueSpecification","valueRequired":true,"valueName":"search_term_string"}}],"inLanguage":"es"}]}},"jetpack_sharing_enabled":true,"jetpack_shortlink":"https:\/\/wp.me\/P85nNm-3Ci","_links":{"self":[{"href":"https:\/\/bbn1.bbnradio.org\/spanish\/wp-json\/wp\/v2\/pages\/13906","targetHints":{"allow":["GET"]}}],"collection":[{"href":"https:\/\/bbn1.bbnradio.org\/spanish\/wp-json\/wp\/v2\/pages"}],"about":[{"href":"https:\/\/bbn1.bbnradio.org\/spanish\/wp-json\/wp\/v2\/types\/page"}],"author":[{"embeddable":true,"href":"https:\/\/bbn1.bbnradio.org\/spanish\/wp-json\/wp\/v2\/users\/3"}],"replies":[{"embeddable":true,"href":"https:\/\/bbn1.bbnradio.org\/spanish\/wp-json\/wp\/v2\/comments?post=13906"}],"version-history":[{"count":3,"href":"https:\/\/bbn1.bbnradio.org\/spanish\/wp-json\/wp\/v2\/pages\/13906\/revisions"}],"predecessor-version":[{"id":19793,"href":"https:\/\/bbn1.bbnradio.org\/spanish\/wp-json\/wp\/v2\/pages\/13906\/revisions\/19793"}],"up":[{"embeddable":true,"href":"https:\/\/bbn1.bbnradio.org\/spanish\/wp-json\/wp\/v2\/pages\/3518"}],"wp:featuredmedia":[{"embeddable":true,"href":"https:\/\/bbn1.bbnradio.org\/spanish\/wp-json\/wp\/v2\/media\/8319"}],"wp:attachment":[{"href":"https:\/\/bbn1.bbnradio.org\/spanish\/wp-json\/wp\/v2\/media?parent=13906"}],"wp:term":[{"taxonomy":"category","embeddable":true,"href":"https:\/\/bbn1.bbnradio.org\/spanish\/wp-json\/wp\/v2\/categories?post=13906"},{"taxonomy":"post_tag","embeddable":true,"href":"https:\/\/bbn1.bbnradio.org\/spanish\/wp-json\/wp\/v2\/tags?post=13906"}],"curies":[{"name":"wp","href":"https:\/\/api.w.org\/{rel}","templated":true}]}}