{"id":13913,"date":"2018-05-07T08:53:11","date_gmt":"2018-05-07T13:53:11","guid":{"rendered":"http:\/\/bbn1.bbnradio.org\/spanish\/?page_id=13913"},"modified":"2024-01-05T15:51:34","modified_gmt":"2024-01-05T20:51:34","slug":"como-donar-a-bbn-en-paraguay","status":"publish","type":"page","link":"https:\/\/bbn1.bbnradio.org\/spanish\/donaciones\/como-donar-a-bbn-en-paraguay\/","title":{"rendered":"C\u00f3mo donar a BBN en Paraguay"},"content":{"rendered":"<div id='layer_slider_1'  class='avia-layerslider main_color avia-shadow  avia-builder-el-0  el_before_av_heading  avia-builder-el-first  container_wrap sidebar_right'  style='height: 251px;'  ><\/div><div id='after_layer_slider_1'  class='main_color av_default_container_wrap container_wrap sidebar_right'  ><div class='container av-section-cont-open' ><div class='template-page content  av-content-small alpha units'><div class='post-entry post-entry-type-page post-entry-13913'><div class='entry-content-wrapper clearfix'>\n\n<style type=\"text\/css\" data-created_by=\"avia_inline_auto\" id=\"style-css-av-81h921-aa42023069a0de04f678384050171c33\">\n#top .av-special-heading.av-81h921-aa42023069a0de04f678384050171c33{\npadding-bottom:20px;\n}\nbody .av-special-heading.av-81h921-aa42023069a0de04f678384050171c33 .av-special-heading-tag .heading-char{\nfont-size:25px;\n}\n.av-special-heading.av-81h921-aa42023069a0de04f678384050171c33 .av-subheading{\nfont-size:17px;\n}\n<\/style>\n<div  class='av-special-heading av-81h921-aa42023069a0de04f678384050171c33 av-special-heading-h1 custom-color-heading blockquote modern-quote  avia-builder-el-1  el_after_av_layerslider  el_before_av_iconlist  avia-builder-el-first '><h1 class='av-special-heading-tag '  itemprop=\"headline\"  >C\u00f3mo donar a BBN en Paraguay<\/h1><div class='av-subheading av-subheading_below'><p>Hay diferentes formas c\u00f3mo usted puede donar para que BBN contin\u00fae alcanzando a otros para Cristo:<\/p>\n<\/div><div class=\"special-heading-border\"><div class=\"special-heading-inner-border\"><\/div><\/div><\/div>\n\n<style type=\"text\/css\" data-created_by=\"avia_inline_auto\" id=\"style-css-av-621hbeh-0273fdced1f0eaa6a2c93728f120d164\">\n#top .avia-icon-list-container.av-621hbeh-0273fdced1f0eaa6a2c93728f120d164 .iconlist_icon{\ncolor:#003800;\nbackground-color:#ffffff;\nborder:1px solid #003800;\n}\n#top .avia-icon-list-container.av-621hbeh-0273fdced1f0eaa6a2c93728f120d164 .iconlist_icon svg:first-child{\nstroke:#003800;\nfill:#003800;\n}\n<\/style>\n<div  class='avia-icon-list-container av-621hbeh-0273fdced1f0eaa6a2c93728f120d164  avia-builder-el-2  el_after_av_heading  el_before_av_one_half '><ul class='avia-icon-list avia_animate_when_almost_visible avia-icon-list-left av-iconlist-big av-621hbeh-0273fdced1f0eaa6a2c93728f120d164 avia-iconlist-animate'>\n<li><a href='https://\/\/bbn1.bbnradio.org\/spanish\/donar-con-tarjeta-de-credito\/?PHPSESSID=Ibqsw0mUOYItpu4-i4JPFBuyAJ2djuon' title='Con su tarjeta de cr\u00e9dito '  target=\"_blank\"  rel=\"noopener noreferrer\" class='iconlist_icon av-1bu2gux-f88e5904a1faf2be7dbde5403c97a11e avia-font-entypo-fontello avia-iconfont avia-font-entypo-fontello'><span class='av-icon-char' data-av_icon='\ue8cf' data-av_iconfont='entypo-fontello' aria-hidden=\"true\"><\/span><\/a><article class=\"article-icon-entry \"  itemscope=\"itemscope\" itemtype=\"https:\/\/schema.org\/CreativeWork\" ><div class=\"iconlist_content_wrap\"><header class=\"entry-content-header\" aria-label=\"Icon: &lt;a href=&#039;https:\/\/bbn1.bbnradio.org\/spanish\/donar-con-tarjeta-de-credito\/&#039; title=&#039;Con su tarjeta de cr\u00e9dito &#039; target=&quot;_blank&quot;  rel=&quot;noopener noreferrer&quot;&gt;Con su tarjeta de cr\u00e9dito &lt;\/a&gt;\"><h4 class='av_iconlist_title iconlist_title  '  itemprop=\"headline\" ><a href='https://\/\/bbn1.bbnradio.org\/spanish\/donar-con-tarjeta-de-credito\/?PHPSESSID=Ibqsw0mUOYItpu4-i4JPFBuyAJ2djuon' title='Con su tarjeta de cr\u00e9dito ' target=\"_blank\"  rel=\"noopener noreferrer\">Con su tarjeta de cr\u00e9dito <\/a><\/h4><\/header><div class='iconlist_content '  itemprop=\"text\" ><p>Aceptamos Visa, Mastercard, Discover y American Express.<\/p>\n<\/div><\/div><footer class=\"entry-footer\"><\/footer><\/article><div class=\"iconlist-timeline\"><\/div><\/li>\n<li><div class='iconlist_icon av-20zxhrt-722105f34ca675339f8caefd145f32d8 avia-font-bank avia-iconfont avia-font-bank'><span class='av-icon-char' data-av_icon='\ue802' data-av_iconfont='bank' aria-hidden=\"true\"><\/span><\/div><article class=\"article-icon-entry \"  itemscope=\"itemscope\" itemtype=\"https:\/\/schema.org\/CreativeWork\" ><div class=\"iconlist_content_wrap\"><header class=\"entry-content-header\" aria-label=\"Icon: Haciendo un dep\u00f3sito Bancario:\"><h4 class='av_iconlist_title iconlist_title  '  itemprop=\"headline\" >Haciendo un dep\u00f3sito Bancario:<\/h4><\/header><div class='iconlist_content '  itemprop=\"text\" ><p>BANCO ITA\u00da<br \/>\nCuenta Corriente: 000536558<br \/>\nBeneficiario: Red de Radiodifusi\u00f3n Biblica<\/p>\n<\/div><\/div><footer class=\"entry-footer\"><\/footer><\/article><div class=\"iconlist-timeline\"><\/div><\/li>\n<li><div class='iconlist_icon av-1l2tmux-f94b1dfe52abd79d0cdb6aaf010e8d7c avia-font-entypo-fontello avia-iconfont avia-font-entypo-fontello'><span class='av-icon-char' data-av_icon='' data-av_iconfont='entypo-fontello' aria-hidden=\"true\"><\/span><\/div><article class=\"article-icon-entry \"  itemscope=\"itemscope\" itemtype=\"https:\/\/schema.org\/CreativeWork\" ><div class=\"iconlist_content_wrap\"><header class=\"entry-content-header\" aria-label=\"Icon: Enviando un cheque por correo\"><h4 class='av_iconlist_title iconlist_title  '  itemprop=\"headline\" >Enviando un cheque por correo<\/h4><\/header><div class='iconlist_content '  itemprop=\"text\" ><p>Claudio Nu\u00f1\u00e9z y Chacor\u00e9, Barrio Las Mercedes, San Lorenzo. A 5 cuadras del Km. 15 de la Ruta 2 (detr\u00e1s del San Lorenzo Shopping).<\/p>\n<p>Beneficiario: Red de Radiodifusi\u00f3n Biblica.<\/p>\n<\/div><\/div><footer class=\"entry-footer\"><\/footer><\/article><div class=\"iconlist-timeline\"><\/div><\/li>\n<li><a href='https://\/\/bbn1.bbnradio.org\/spanish\/listado-de-emisoras\/?PHPSESSID=Ibqsw0mUOYItpu4-i4JPFBuyAJ2djuon' title='Visitando su emisora local'  target=\"_blank\"  rel=\"noopener noreferrer\" class='iconlist_icon av-49coaop-4e2e7e408857ac0c3fd47e101c73df71 avia-font-entypo-fontello avia-iconfont avia-font-entypo-fontello'><span class='av-icon-char' data-av_icon='\ue80b' data-av_iconfont='entypo-fontello' aria-hidden=\"true\"><\/span><\/a><article class=\"article-icon-entry \"  itemscope=\"itemscope\" itemtype=\"https:\/\/schema.org\/CreativeWork\" ><div class=\"iconlist_content_wrap\"><header class=\"entry-content-header\" aria-label=\"Icon: &lt;a href=&#039;https:\/\/bbn1.bbnradio.org\/spanish\/listado-de-emisoras\/&#039; title=&#039;Visitando su emisora local&#039; target=&quot;_blank&quot;  rel=&quot;noopener noreferrer&quot;&gt;Visitando su emisora local&lt;\/a&gt;\"><h4 class='av_iconlist_title iconlist_title  '  itemprop=\"headline\" ><a href='https://\/\/bbn1.bbnradio.org\/spanish\/listado-de-emisoras\/?PHPSESSID=Ibqsw0mUOYItpu4-i4JPFBuyAJ2djuon' title='Visitando su emisora local' target=\"_blank\"  rel=\"noopener noreferrer\">Visitando su emisora local<\/a><\/h4><\/header><div class='iconlist_content '  itemprop=\"text\" ><p>Vea lista de emisoras.<\/p>\n<\/div><\/div><footer class=\"entry-footer\"><\/footer><\/article><div class=\"iconlist-timeline\"><\/div><\/li>\n<li><div class='iconlist_icon av-16qko7t-a63fd6d18155197eb2c901eeddf692c7 avia-font-entypo-fontello avia-iconfont avia-font-entypo-fontello'><span class='av-icon-char' data-av_icon='\ue8ac' data-av_iconfont='entypo-fontello' aria-hidden=\"true\"><\/span><\/div><article class=\"article-icon-entry \"  itemscope=\"itemscope\" itemtype=\"https:\/\/schema.org\/CreativeWork\" ><div class=\"iconlist_content_wrap\"><header class=\"entry-content-header\" aria-label=\"Icon: Para hacer una consulta\"><h4 class='av_iconlist_title iconlist_title  '  itemprop=\"headline\" >Para hacer una consulta<\/h4><\/header><div class='iconlist_content '  itemprop=\"text\" ><p>Tel\u00e9fonos: 0985 909-159 \/ 021 580-814<\/p>\n<p>Nuestro e-mail: bbnparaguay@bbnmedia.org<\/p>\n<\/div><\/div><footer class=\"entry-footer\"><\/footer><\/article><div class=\"iconlist-timeline\"><\/div><\/li>\n<\/ul><\/div>\n\n<style type=\"text\/css\" data-created_by=\"avia_inline_auto\" id=\"style-css-av-3kbr63d-42c5417b6048bbfd9ab3a70ed6b9c380\">\n.flex_column.av-3kbr63d-42c5417b6048bbfd9ab3a70ed6b9c380{\nborder-radius:0px 0px 0px 0px;\npadding:0px 0px 0px 0px;\n}\n<\/style>\n<div  class='flex_column av-3kbr63d-42c5417b6048bbfd9ab3a70ed6b9c380 av_one_half  avia-builder-el-3  el_after_av_iconlist  el_before_av_heading  first flex_column_div av-zero-column-padding  '     ><p>\n<style type=\"text\/css\" data-created_by=\"avia_inline_auto\" id=\"style-css-av-5xzhjt-7c434274c5b5f926f4cde463a20b1e4b\">\n#top .av-special-heading.av-5xzhjt-7c434274c5b5f926f4cde463a20b1e4b{\npadding-bottom:10px;\n}\nbody .av-special-heading.av-5xzhjt-7c434274c5b5f926f4cde463a20b1e4b .av-special-heading-tag .heading-char{\nfont-size:25px;\n}\n.av-special-heading.av-5xzhjt-7c434274c5b5f926f4cde463a20b1e4b .av-subheading{\nfont-size:10px;\n}\n<\/style>\n<div  class='av-special-heading av-5xzhjt-7c434274c5b5f926f4cde463a20b1e4b av-special-heading-h1 custom-color-heading blockquote modern-quote  avia-builder-el-4  el_before_av_iconlist  avia-builder-el-first '><h1 class='av-special-heading-tag '  itemprop=\"headline\"  >\u00bfTiene preguntas?<\/h1><div class=\"special-heading-border\"><div class=\"special-heading-inner-border\"><\/div><\/div><\/div><br \/>\n\n<style type=\"text\/css\" data-created_by=\"avia_inline_auto\" id=\"style-css-av-2may8ex-aaea5c5f63339644cc1d320ebc7fbab5\">\n#top .avia-icon-list-container.av-2may8ex-aaea5c5f63339644cc1d320ebc7fbab5 .iconlist_icon{\ncolor:#c3512f;\nbackground-color:#ffffff;\nborder:1px solid #c3512f;\n}\n#top .avia-icon-list-container.av-2may8ex-aaea5c5f63339644cc1d320ebc7fbab5 .iconlist_icon svg:first-child{\nstroke:#c3512f;\nfill:#c3512f;\n}\n<\/style>\n<div  class='avia-icon-list-container av-2may8ex-aaea5c5f63339644cc1d320ebc7fbab5  avia-builder-el-5  el_after_av_heading  avia-builder-el-last '><ul class='avia-icon-list avia_animate_when_almost_visible avia-icon-list-left av-iconlist-big av-2may8ex-aaea5c5f63339644cc1d320ebc7fbab5 avia-iconlist-animate'>\n<li><a href='https://\/\/bbn1.bbnradio.org\/spanish\/contactenos\/pregunta-en-cuanto-a-donacion\/?PHPSESSID=Ibqsw0mUOYItpu4-i4JPFBuyAJ2djuon' title='Preg\u00fantenos Online'  class='iconlist_icon av-29o7ck9-776b5a42fd589bc203c04912f6ce2233 avia-font-entypo-fontello avia-iconfont avia-font-entypo-fontello'><span class='av-icon-char' data-av_icon='\ue837' data-av_iconfont='entypo-fontello' aria-hidden=\"true\"><\/span><\/a><article class=\"article-icon-entry av-iconlist-empty\"  itemscope=\"itemscope\" itemtype=\"https:\/\/schema.org\/CreativeWork\" ><div class=\"iconlist_content_wrap\"><header class=\"entry-content-header\" aria-label=\"Icon: &lt;a href=&#039;https:\/\/bbn1.bbnradio.org\/spanish\/contactenos\/pregunta-en-cuanto-a-donacion\/&#039; title=&#039;Preg\u00fantenos Online&#039;&gt;Preg\u00fantenos Online&lt;\/a&gt;\"><h4 class='av_iconlist_title iconlist_title  '  itemprop=\"headline\" ><a href='https://\/\/bbn1.bbnradio.org\/spanish\/contactenos\/pregunta-en-cuanto-a-donacion\/?PHPSESSID=Ibqsw0mUOYItpu4-i4JPFBuyAJ2djuon' title='Preg\u00fantenos Online'>Preg\u00fantenos Online<\/a><\/h4><\/header><div class='iconlist_content '  itemprop=\"text\" ><\/div><\/div><footer class=\"entry-footer\"><\/footer><\/article><div class=\"iconlist-timeline\"><\/div><\/li>\n<li><div class='iconlist_icon av-127z6wp-c469b5e8663d26abbcda1664412284c3 avia-font-entypo-fontello avia-iconfont avia-font-entypo-fontello'><span class='av-icon-char' data-av_icon='\ue8ac' data-av_iconfont='entypo-fontello' aria-hidden=\"true\"><\/span><\/div><article class=\"article-icon-entry \"  itemscope=\"itemscope\" itemtype=\"https:\/\/schema.org\/CreativeWork\" ><div class=\"iconlist_content_wrap\"><header class=\"entry-content-header\" aria-label=\"Icon: Llame al 0985 909-159 \/ 021 580-814\"><h4 class='av_iconlist_title iconlist_title  '  itemprop=\"headline\" >Llame al 0985 909-159 \/ 021 580-814<\/h4><\/header><div class='iconlist_content '  itemprop=\"text\" ><p>lunes a viernes de 08:00 a 12:00<\/p>\n<\/div><\/div><footer class=\"entry-footer\"><\/footer><\/article><div class=\"iconlist-timeline\"><\/div><\/li>\n<\/ul><\/div><\/p><\/div>\n<style type=\"text\/css\" data-created_by=\"avia_inline_auto\" id=\"style-css-av-ref9sp-49110e8fdd4a8903dcb67e3bf1485f8b\">\n#top .av-special-heading.av-ref9sp-49110e8fdd4a8903dcb67e3bf1485f8b{\npadding-bottom:10px;\n}\nbody .av-special-heading.av-ref9sp-49110e8fdd4a8903dcb67e3bf1485f8b .av-special-heading-tag .heading-char{\nfont-size:25px;\n}\n.av-special-heading.av-ref9sp-49110e8fdd4a8903dcb67e3bf1485f8b .av-subheading{\nfont-size:10px;\n}\n<\/style>\n<div  class='av-special-heading av-ref9sp-49110e8fdd4a8903dcb67e3bf1485f8b av-special-heading-h3 blockquote modern-quote  avia-builder-el-6  el_after_av_one_half  el_before_av_textblock '><h3 class='av-special-heading-tag '  itemprop=\"headline\"  >Pol\u00edtica de Privacidad<\/h3><div class=\"special-heading-border\"><div class=\"special-heading-inner-border\"><\/div><\/div><\/div>\n<section  class='av_textblock_section av-qvwovt-881f794263fb841d29e3df9bc70044e7 '   itemscope=\"itemscope\" itemtype=\"https:\/\/schema.org\/CreativeWork\" ><div class='avia_textblock'  itemprop=\"text\" ><p>No vamos a vender, compartir o intercambiar la informaci\u00f3n personal de nuestros contribuyentes ni enviar correo a nuestros oyentes en nombre de otras organizaciones.<br \/>\nEsta pol\u00edtica se aplica a toda la informaci\u00f3n recibida por BBN, tanto por medio de la web como por medio de cualquier aplicaci\u00f3n de telefon\u00eda m\u00f3vil o por v\u00eda oral.<br \/>\nEn el caso que alguna contribuci\u00f3n necesite ser procesada por otro proveedor de servicios, la informaci\u00f3n de nuestros contribuyentes solo ser\u00e1 utilizada para procesar la donaci\u00f3n.<\/p>\n<\/div><\/section>\n<!-- AddThis Advanced Settings generic via filter on the_content --><!-- AddThis Share Buttons generic via filter on the_content -->","protected":false},"excerpt":{"rendered":"<p><!-- AddThis Advanced Settings generic via filter on get_the_excerpt --><!-- AddThis Share Buttons generic via filter on get_the_excerpt --><\/p>\n","protected":false},"author":3,"featured_media":8319,"parent":3518,"menu_order":0,"comment_status":"open","ping_status":"closed","template":"","meta":{"jetpack_post_was_ever_published":false,"footnotes":""},"categories":[],"tags":[],"class_list":["post-13913","page","type-page","status-publish","has-post-thumbnail","hentry"],"yoast_head":"<!-- This site is optimized with the Yoast SEO Premium plugin v24.8 (Yoast SEO v24.8.1) - https:\/\/yoast.com\/wordpress\/plugins\/seo\/ -->\n<title>Done a BBN<\/title>\n<meta name=\"description\" content=\"Done a BBN\" \/>\n<meta name=\"robots\" content=\"index, follow, max-snippet:-1, max-image-preview:large, max-video-preview:-1\" \/>\n<link rel=\"canonical\" href=\"https:\/\/bbn1.bbnradio.org\/spanish\/donaciones\/como-donar-a-bbn-en-paraguay\/\" \/>\n<meta property=\"og:locale\" content=\"es_ES\" \/>\n<meta property=\"og:type\" content=\"article\" \/>\n<meta property=\"og:title\" content=\"Done a BBN\" \/>\n<meta property=\"og:description\" content=\"Haga su donaci\u00f3n al ministerio de BBN\" \/>\n<meta property=\"og:url\" content=\"https:\/\/bbn1.bbnradio.org\/spanish\/donaciones\/como-donar-a-bbn-en-paraguay\/\" \/>\n<meta property=\"og:site_name\" content=\"BBN\" \/>\n<meta property=\"article:publisher\" content=\"https:\/\/www.facebook.com\/BBNEspanol\" \/>\n<meta property=\"article:modified_time\" content=\"2024-01-05T20:51:34+00:00\" \/>\n<meta name=\"twitter:card\" content=\"summary_large_image\" \/>\n<meta name=\"twitter:title\" content=\"Done a BBN\" \/>\n<meta name=\"twitter:description\" content=\"Haga su donaci\u00f3n al ministerio de BBN\" \/>\n<meta name=\"twitter:image\" content=\"https:\/\/bbn1.bbnradio.org\/english\/wp-content\/uploads\/sites\/2\/2016\/08\/How-is-BBN-funded.jpg\" \/>\n<meta name=\"twitter:site\" content=\"@BBNEspanol\" \/>\n<meta name=\"twitter:label1\" content=\"Tiempo de lectura\" \/>\n\t<meta name=\"twitter:data1\" content=\"5 minutos\" \/>\n<script type=\"application\/ld+json\" class=\"yoast-schema-graph\">{\"@context\":\"https:\/\/schema.org\",\"@graph\":[{\"@type\":\"WebPage\",\"@id\":\"https:\/\/bbn1.bbnradio.org\/spanish\/donaciones\/como-donar-a-bbn-en-paraguay\/\",\"url\":\"https:\/\/bbn1.bbnradio.org\/spanish\/donaciones\/como-donar-a-bbn-en-paraguay\/\",\"name\":\"Done a BBN\",\"isPartOf\":{\"@id\":\"https:\/\/bbn1.bbnradio.org\/spanish\/#website\"},\"primaryImageOfPage\":{\"@id\":\"https:\/\/bbn1.bbnradio.org\/spanish\/donaciones\/como-donar-a-bbn-en-paraguay\/#primaryimage\"},\"image\":{\"@id\":\"https:\/\/bbn1.bbnradio.org\/spanish\/donaciones\/como-donar-a-bbn-en-paraguay\/#primaryimage\"},\"thumbnailUrl\":\"https:\/\/i0.wp.com\/bbn1.bbnradio.org\/spanish\/wp-content\/uploads\/sites\/5\/2016\/08\/How-is-BBN-funded.jpg?fit=1200%2C628&ssl=1\",\"datePublished\":\"2018-05-07T13:53:11+00:00\",\"dateModified\":\"2024-01-05T20:51:34+00:00\",\"description\":\"Done a BBN\",\"breadcrumb\":{\"@id\":\"https:\/\/bbn1.bbnradio.org\/spanish\/donaciones\/como-donar-a-bbn-en-paraguay\/#breadcrumb\"},\"inLanguage\":\"es\",\"potentialAction\":[{\"@type\":\"ReadAction\",\"target\":[\"https:\/\/bbn1.bbnradio.org\/spanish\/donaciones\/como-donar-a-bbn-en-paraguay\/\"]}]},{\"@type\":\"ImageObject\",\"inLanguage\":\"es\",\"@id\":\"https:\/\/bbn1.bbnradio.org\/spanish\/donaciones\/como-donar-a-bbn-en-paraguay\/#primaryimage\",\"url\":\"https:\/\/i0.wp.com\/bbn1.bbnradio.org\/spanish\/wp-content\/uploads\/sites\/5\/2016\/08\/How-is-BBN-funded.jpg?fit=1200%2C628&ssl=1\",\"contentUrl\":\"https:\/\/i0.wp.com\/bbn1.bbnradio.org\/spanish\/wp-content\/uploads\/sites\/5\/2016\/08\/How-is-BBN-funded.jpg?fit=1200%2C628&ssl=1\",\"width\":1200,\"height\":628,\"caption\":\"How is BBN funded\"},{\"@type\":\"BreadcrumbList\",\"@id\":\"https:\/\/bbn1.bbnradio.org\/spanish\/donaciones\/como-donar-a-bbn-en-paraguay\/#breadcrumb\",\"itemListElement\":[{\"@type\":\"ListItem\",\"position\":1,\"name\":\"Home\",\"item\":\"https:\/\/bbn1.bbnradio.org\/spanish\/inicio\/\"},{\"@type\":\"ListItem\",\"position\":2,\"name\":\"Donaciones\",\"item\":\"https:\/\/bbn1.bbnradio.org\/spanish\/donaciones\/\"},{\"@type\":\"ListItem\",\"position\":3,\"name\":\"C\u00f3mo donar a BBN en Paraguay\"}]},{\"@type\":\"WebSite\",\"@id\":\"https:\/\/bbn1.bbnradio.org\/spanish\/#website\",\"url\":\"https:\/\/bbn1.bbnradio.org\/spanish\/\",\"name\":\"BBN Spanish\",\"description\":\"BBN\",\"potentialAction\":[{\"@type\":\"SearchAction\",\"target\":{\"@type\":\"EntryPoint\",\"urlTemplate\":\"https:\/\/bbn1.bbnradio.org\/spanish\/?s={search_term_string}\"},\"query-input\":{\"@type\":\"PropertyValueSpecification\",\"valueRequired\":true,\"valueName\":\"search_term_string\"}}],\"inLanguage\":\"es\"}]}<\/script>\n<!-- \/ Yoast SEO Premium plugin. -->","yoast_head_json":{"title":"Done a BBN","description":"Done a BBN","robots":{"index":"index","follow":"follow","max-snippet":"max-snippet:-1","max-image-preview":"max-image-preview:large","max-video-preview":"max-video-preview:-1"},"canonical":"https:\/\/bbn1.bbnradio.org\/spanish\/donaciones\/como-donar-a-bbn-en-paraguay\/","og_locale":"es_ES","og_type":"article","og_title":"Done a BBN","og_description":"Haga su donaci\u00f3n al ministerio de BBN","og_url":"https:\/\/bbn1.bbnradio.org\/spanish\/donaciones\/como-donar-a-bbn-en-paraguay\/","og_site_name":"BBN","article_publisher":"https:\/\/www.facebook.com\/BBNEspanol","article_modified_time":"2024-01-05T20:51:34+00:00","twitter_card":"summary_large_image","twitter_title":"Done a BBN","twitter_description":"Haga su donaci\u00f3n al ministerio de BBN","twitter_image":"https:\/\/bbn1.bbnradio.org\/english\/wp-content\/uploads\/sites\/2\/2016\/08\/How-is-BBN-funded.jpg","twitter_site":"@BBNEspanol","twitter_misc":{"Tiempo de lectura":"5 minutos"},"schema":{"@context":"https:\/\/schema.org","@graph":[{"@type":"WebPage","@id":"https:\/\/bbn1.bbnradio.org\/spanish\/donaciones\/como-donar-a-bbn-en-paraguay\/","url":"https:\/\/bbn1.bbnradio.org\/spanish\/donaciones\/como-donar-a-bbn-en-paraguay\/","name":"Done a BBN","isPartOf":{"@id":"https:\/\/bbn1.bbnradio.org\/spanish\/#website"},"primaryImageOfPage":{"@id":"https:\/\/bbn1.bbnradio.org\/spanish\/donaciones\/como-donar-a-bbn-en-paraguay\/#primaryimage"},"image":{"@id":"https:\/\/bbn1.bbnradio.org\/spanish\/donaciones\/como-donar-a-bbn-en-paraguay\/#primaryimage"},"thumbnailUrl":"https:\/\/i0.wp.com\/bbn1.bbnradio.org\/spanish\/wp-content\/uploads\/sites\/5\/2016\/08\/How-is-BBN-funded.jpg?fit=1200%2C628&ssl=1","datePublished":"2018-05-07T13:53:11+00:00","dateModified":"2024-01-05T20:51:34+00:00","description":"Done a BBN","breadcrumb":{"@id":"https:\/\/bbn1.bbnradio.org\/spanish\/donaciones\/como-donar-a-bbn-en-paraguay\/#breadcrumb"},"inLanguage":"es","potentialAction":[{"@type":"ReadAction","target":["https:\/\/bbn1.bbnradio.org\/spanish\/donaciones\/como-donar-a-bbn-en-paraguay\/"]}]},{"@type":"ImageObject","inLanguage":"es","@id":"https:\/\/bbn1.bbnradio.org\/spanish\/donaciones\/como-donar-a-bbn-en-paraguay\/#primaryimage","url":"https:\/\/i0.wp.com\/bbn1.bbnradio.org\/spanish\/wp-content\/uploads\/sites\/5\/2016\/08\/How-is-BBN-funded.jpg?fit=1200%2C628&ssl=1","contentUrl":"https:\/\/i0.wp.com\/bbn1.bbnradio.org\/spanish\/wp-content\/uploads\/sites\/5\/2016\/08\/How-is-BBN-funded.jpg?fit=1200%2C628&ssl=1","width":1200,"height":628,"caption":"How is BBN funded"},{"@type":"BreadcrumbList","@id":"https:\/\/bbn1.bbnradio.org\/spanish\/donaciones\/como-donar-a-bbn-en-paraguay\/#breadcrumb","itemListElement":[{"@type":"ListItem","position":1,"name":"Home","item":"https:\/\/bbn1.bbnradio.org\/spanish\/inicio\/"},{"@type":"ListItem","position":2,"name":"Donaciones","item":"https:\/\/bbn1.bbnradio.org\/spanish\/donaciones\/"},{"@type":"ListItem","position":3,"name":"C\u00f3mo donar a BBN en Paraguay"}]},{"@type":"WebSite","@id":"https:\/\/bbn1.bbnradio.org\/spanish\/#website","url":"https:\/\/bbn1.bbnradio.org\/spanish\/","name":"BBN Spanish","description":"BBN","potentialAction":[{"@type":"SearchAction","target":{"@type":"EntryPoint","urlTemplate":"https:\/\/bbn1.bbnradio.org\/spanish\/?s={search_term_string}"},"query-input":{"@type":"PropertyValueSpecification","valueRequired":true,"valueName":"search_term_string"}}],"inLanguage":"es"}]}},"jetpack_sharing_enabled":true,"jetpack_shortlink":"https:\/\/wp.me\/P85nNm-3Cp","_links":{"self":[{"href":"https:\/\/bbn1.bbnradio.org\/spanish\/wp-json\/wp\/v2\/pages\/13913","targetHints":{"allow":["GET"]}}],"collection":[{"href":"https:\/\/bbn1.bbnradio.org\/spanish\/wp-json\/wp\/v2\/pages"}],"about":[{"href":"https:\/\/bbn1.bbnradio.org\/spanish\/wp-json\/wp\/v2\/types\/page"}],"author":[{"embeddable":true,"href":"https:\/\/bbn1.bbnradio.org\/spanish\/wp-json\/wp\/v2\/users\/3"}],"replies":[{"embeddable":true,"href":"https:\/\/bbn1.bbnradio.org\/spanish\/wp-json\/wp\/v2\/comments?post=13913"}],"version-history":[{"count":3,"href":"https:\/\/bbn1.bbnradio.org\/spanish\/wp-json\/wp\/v2\/pages\/13913\/revisions"}],"predecessor-version":[{"id":18492,"href":"https:\/\/bbn1.bbnradio.org\/spanish\/wp-json\/wp\/v2\/pages\/13913\/revisions\/18492"}],"up":[{"embeddable":true,"href":"https:\/\/bbn1.bbnradio.org\/spanish\/wp-json\/wp\/v2\/pages\/3518"}],"wp:featuredmedia":[{"embeddable":true,"href":"https:\/\/bbn1.bbnradio.org\/spanish\/wp-json\/wp\/v2\/media\/8319"}],"wp:attachment":[{"href":"https:\/\/bbn1.bbnradio.org\/spanish\/wp-json\/wp\/v2\/media?parent=13913"}],"wp:term":[{"taxonomy":"category","embeddable":true,"href":"https:\/\/bbn1.bbnradio.org\/spanish\/wp-json\/wp\/v2\/categories?post=13913"},{"taxonomy":"post_tag","embeddable":true,"href":"https:\/\/bbn1.bbnradio.org\/spanish\/wp-json\/wp\/v2\/tags?post=13913"}],"curies":[{"name":"wp","href":"https:\/\/api.w.org\/{rel}","templated":true}]}}