{"id":13915,"date":"2018-05-07T08:53:29","date_gmt":"2018-05-07T13:53:29","guid":{"rendered":"http:\/\/bbn1.bbnradio.org\/spanish\/?page_id=13915"},"modified":"2026-02-19T12:30:56","modified_gmt":"2026-02-19T17:30:56","slug":"otras-opciones-para-dar","status":"publish","type":"page","link":"https:\/\/bbn1.bbnradio.org\/spanish\/donaciones\/otras-opciones-para-dar\/","title":{"rendered":"Otras opciones para dar"},"content":{"rendered":"<div id='layer_slider_1'  class='avia-layerslider main_color avia-shadow  avia-builder-el-0  el_before_av_heading  avia-builder-el-first  container_wrap sidebar_right'  style='height: 251px;'  ><\/div><div id='after_layer_slider_1'  class='main_color av_default_container_wrap container_wrap sidebar_right'  ><div class='container av-section-cont-open' ><div class='template-page content  av-content-small alpha units'><div class='post-entry post-entry-type-page post-entry-13915'><div class='entry-content-wrapper clearfix'>\n\n<style type=\"text\/css\" data-created_by=\"avia_inline_auto\" id=\"style-css-av-5oc9jv-0a4539bdf36ea9115e6d367a90923918\">\n#top .av-special-heading.av-5oc9jv-0a4539bdf36ea9115e6d367a90923918{\npadding-bottom:20px;\n}\nbody .av-special-heading.av-5oc9jv-0a4539bdf36ea9115e6d367a90923918 .av-special-heading-tag .heading-char{\nfont-size:25px;\n}\n.av-special-heading.av-5oc9jv-0a4539bdf36ea9115e6d367a90923918 .av-subheading{\nfont-size:17px;\n}\n<\/style>\n<div  class='av-special-heading av-5oc9jv-0a4539bdf36ea9115e6d367a90923918 av-special-heading-h1 custom-color-heading blockquote modern-quote  avia-builder-el-1  el_after_av_layerslider  el_before_av_iconlist  avia-builder-el-first '><h1 class='av-special-heading-tag '  itemprop=\"headline\"  >Otras opciones<\/h1><div class='av-subheading av-subheading_below'><p>Hay diferentes formas c\u00f3mo usted puede donar para que BBN contin\u00fae alcanzando a otros para Cristo:<\/p>\n<\/div><div class=\"special-heading-border\"><div class=\"special-heading-inner-border\"><\/div><\/div><\/div>\n\n<style type=\"text\/css\" data-created_by=\"avia_inline_auto\" id=\"style-css-av-6raz33v-36bd35c72a733d26e1ac1fd06ab2f935\">\n#top .avia-icon-list-container.av-6raz33v-36bd35c72a733d26e1ac1fd06ab2f935 .iconlist_icon{\ncolor:#003800;\nbackground-color:#ffffff;\nborder:1px solid #003800;\n}\n#top .avia-icon-list-container.av-6raz33v-36bd35c72a733d26e1ac1fd06ab2f935 .iconlist_icon svg:first-child{\nstroke:#003800;\nfill:#003800;\n}\n<\/style>\n<div  class='avia-icon-list-container av-6raz33v-36bd35c72a733d26e1ac1fd06ab2f935  avia-builder-el-2  el_after_av_heading  el_before_av_one_half '><ul class='avia-icon-list avia_animate_when_almost_visible avia-icon-list-left av-iconlist-big av-6raz33v-36bd35c72a733d26e1ac1fd06ab2f935 avia-iconlist-animate'>\n<li><a href='https://\/\/bbn1.bbnradio.org\/spanish\/donar-con-tarjeta-de-credito\/?PHPSESSID=XNG8fOKWOjHQftVYhYCYpDo5xsKouJ%2CL' title='Tarjeta de cr\u00e9dito'  target=\"_blank\"  rel=\"noopener noreferrer\" class='iconlist_icon av-14wlue3-2b8bfb6cd73768deb5d67938d5b09882 avia-font-entypo-fontello avia-iconfont avia-font-entypo-fontello'><span class='av-icon-char' data-av_icon='\ue8cf' data-av_iconfont='entypo-fontello' aria-hidden=\"true\"><\/span><\/a><article class=\"article-icon-entry \"  itemscope=\"itemscope\" itemtype=\"https:\/\/schema.org\/CreativeWork\" ><div class=\"iconlist_content_wrap\"><header class=\"entry-content-header\" aria-label=\"Icon: &lt;a href=&#039;https:\/\/bbn1.bbnradio.org\/spanish\/donar-con-tarjeta-de-credito\/&#039; title=&#039;Tarjeta de cr\u00e9dito&#039; target=&quot;_blank&quot;  rel=&quot;noopener noreferrer&quot;&gt;Tarjeta de cr\u00e9dito&lt;\/a&gt;\"><h4 class='av_iconlist_title iconlist_title  '  itemprop=\"headline\" ><a href='https://\/\/bbn1.bbnradio.org\/spanish\/donar-con-tarjeta-de-credito\/?PHPSESSID=XNG8fOKWOjHQftVYhYCYpDo5xsKouJ%2CL' title='Tarjeta de cr\u00e9dito' target=\"_blank\"  rel=\"noopener noreferrer\">Tarjeta de cr\u00e9dito<\/a><\/h4><\/header><div class='iconlist_content '  itemprop=\"text\" ><p>Aceptamos Visa, Mastercard, Discover y American Express.<\/p>\n<\/div><\/div><footer class=\"entry-footer\"><\/footer><\/article><div class=\"iconlist-timeline\"><\/div><\/li>\n<li><div class='iconlist_icon av-123r0ij-672ab73b0b03d07b258a51c70bce541c avia-font-entypo-fontello avia-iconfont avia-font-entypo-fontello'><span class='av-icon-char' data-av_icon='\ue8ac' data-av_iconfont='entypo-fontello' aria-hidden=\"true\"><\/span><\/div><article class=\"article-icon-entry \"  itemscope=\"itemscope\" itemtype=\"https:\/\/schema.org\/CreativeWork\" ><div class=\"iconlist_content_wrap\"><header class=\"entry-content-header\" aria-label=\"Icon: Western Union, Money Gram o RIA\"><h4 class='av_iconlist_title iconlist_title  '  itemprop=\"headline\" >Western Union, Money Gram o RIA<\/h4><\/header><div class='iconlist_content '  itemprop=\"text\" ><p>Estos servicios existen en casi todos los pa\u00edses; su uso tiene un costo. Si usted va a usar este servicio, necesita saber lo siguiente:<br \/>\na. Nombre del beneficiario: Thomas Gilmer<br \/>\nb. Direcci\u00f3n completa: 11115 Rushmore Dr., Charlotte, North Carolina 28277, EE.UU<br \/>\nc. Tel\u00e9fono en EE.UU: 704-973-0405<br \/>\nd. Una vez hecho el env\u00edo, por favor notif\u00edquenos, por correo electr\u00f3nico a: red@bbnmedia.org, con la siguiente informaci\u00f3n para ir a recoger su ofrenda:<\/p>\n<ol>\n<li>El monto de su donaci\u00f3n enviada.<\/li>\n<li>El n\u00famero de clave.<\/li>\n<li>El nombre del contribuyente (tal como aparece en el comprobante).<\/li>\n<li>Ciudad y Pa\u00eds de origen de la ofrenda.<\/li>\n<\/ol>\n<p>Una vez que BBN reciba su donaci\u00f3n, se le enviar\u00e1 un correo electr\u00f3nico para informarle y agradecerle por su ayuda econ\u00f3mica.<\/p>\n<\/div><\/div><footer class=\"entry-footer\"><\/footer><\/article><div class=\"iconlist-timeline\"><\/div><\/li>\n<\/ul><\/div>\n\n<style type=\"text\/css\" data-created_by=\"avia_inline_auto\" id=\"style-css-av-56bfmt7-fb4df7f68030c7d8ad829022bd13bbe7\">\n.flex_column.av-56bfmt7-fb4df7f68030c7d8ad829022bd13bbe7{\nborder-radius:0px 0px 0px 0px;\npadding:0px 0px 0px 0px;\n}\n<\/style>\n<div  class='flex_column av-56bfmt7-fb4df7f68030c7d8ad829022bd13bbe7 av_one_half  avia-builder-el-3  el_after_av_iconlist  el_before_av_one_half  first flex_column_div av-zero-column-padding  '     ><p>\n<style type=\"text\/css\" data-created_by=\"avia_inline_auto\" id=\"style-css-av-4virv3v-1b4aba33a119e519dba945f30fc5e207\">\n#top .av-special-heading.av-4virv3v-1b4aba33a119e519dba945f30fc5e207{\npadding-bottom:10px;\n}\nbody .av-special-heading.av-4virv3v-1b4aba33a119e519dba945f30fc5e207 .av-special-heading-tag .heading-char{\nfont-size:25px;\n}\n.av-special-heading.av-4virv3v-1b4aba33a119e519dba945f30fc5e207 .av-subheading{\nfont-size:10px;\n}\n<\/style>\n<div  class='av-special-heading av-4virv3v-1b4aba33a119e519dba945f30fc5e207 av-special-heading-h1 custom-color-heading blockquote modern-quote  avia-builder-el-4  el_before_av_textblock  avia-builder-el-first '><h1 class='av-special-heading-tag '  itemprop=\"headline\"  >Paypal<\/h1><div class=\"special-heading-border\"><div class=\"special-heading-inner-border\"><\/div><\/div><\/div><br \/>\n<section  class='av_textblock_section av-4i8t2nv-991e00c0ff8c9dd6ae85a922229e128f '   itemscope=\"itemscope\" itemtype=\"https:\/\/schema.org\/CreativeWork\" ><div class='avia_textblock'  itemprop=\"text\" ><p style=\"text-align: left\">Transferencia directa desde su cuenta de Paypal o Tarjeta de Cr\u00e9dito.<\/p>\n<\/div><\/section><br \/>\n<div  class='avia-builder-widget-area clearfix  avia-builder-el-6  el_after_av_textblock  avia-builder-el-last '>\r\n<div style=\"text-align:center\">\r\n<form action=\"https:\/\/www.paypal.com\/cgi-bin\/webscr\" method=\"post\">\r\n<input type=\"hidden\" name=\"cmd\" value=\"_donations\">\r\n<input type=\"hidden\" name=\"business\" value=\"webpaypal@bbnmedia.org\">\r\n<input type=\"hidden\" name=\"item_name\" value=\"PayPal Spanish\">\r\n<input type=\"hidden\" name=\"return\" value=\"https:\/\/bbn1.bbnradio.org\/spanish\/donaciones\/otras-opciones-para-dar\/\">\r\n    \r\n<input type=\"hidden\" name=\"cancel_return\" value=\"https:\/\/bbn1.bbnradio.org\/spanish\/donaciones\/otras-opciones-para-dar\/\">\r\n      \r\n<input type=\"hidden\" name=\"rm\" value=\"\">\r\n  \r\n<input type=\"hidden\" name=\"currency_code\" value=\"USD\">\r\n<input type=\"image\" src=\"https:\/\/www.paypalobjects.com\/es_XC\/i\/btn\/btn_donate_LG.gif\" border=\"0\" name=\"submit\" alt=\"PayPal\" style=\"height:auto;background:#fff;border:0px\">\r\n<img data-recalc-dims=\"1\" loading=\"lazy\" decoding=\"async\" width=\"1\" height=\"1\" src=\"https:\/\/i0.wp.com\/www.paypal.com\/en_US\/i\/scr\/pixel.gif?resize=1%2C1&#038;ssl=1\" alt=\"\"><\/img>\r\n<\/form>\r\n<\/center>\r\n<\/div>\r\n\r\n<\/div><\/p><\/div>\n\n<style type=\"text\/css\" data-created_by=\"avia_inline_auto\" id=\"style-css-av-czk03f-ec757ca407c588aa5befddcc58a81436\">\n.flex_column.av-czk03f-ec757ca407c588aa5befddcc58a81436{\nborder-radius:0px 0px 0px 0px;\npadding:0px 0px 0px 0px;\n}\n<\/style>\n<div  class='flex_column av-czk03f-ec757ca407c588aa5befddcc58a81436 av_one_half  avia-builder-el-7  el_after_av_one_half  el_before_av_heading  flex_column_div av-zero-column-padding  '     ><p>\n<style type=\"text\/css\" data-created_by=\"avia_inline_auto\" id=\"style-css-av-33bcp97-84df32ea0245fb7a604ab0f5878d293f\">\n#top .av-special-heading.av-33bcp97-84df32ea0245fb7a604ab0f5878d293f{\npadding-bottom:10px;\n}\nbody .av-special-heading.av-33bcp97-84df32ea0245fb7a604ab0f5878d293f .av-special-heading-tag .heading-char{\nfont-size:25px;\n}\n.av-special-heading.av-33bcp97-84df32ea0245fb7a604ab0f5878d293f .av-subheading{\nfont-size:10px;\n}\n<\/style>\n<div  class='av-special-heading av-33bcp97-84df32ea0245fb7a604ab0f5878d293f av-special-heading-h1 custom-color-heading blockquote modern-quote  avia-builder-el-8  el_before_av_iconlist  avia-builder-el-first '><h1 class='av-special-heading-tag '  itemprop=\"headline\"  >\u00bfTiene preguntas?<\/h1><div class=\"special-heading-border\"><div class=\"special-heading-inner-border\"><\/div><\/div><\/div><br \/>\n\n<style type=\"text\/css\" data-created_by=\"avia_inline_auto\" id=\"style-css-av-2kn8gfv-513031afa9eaf68b5756c5f75c889b03\">\n#top .avia-icon-list-container.av-2kn8gfv-513031afa9eaf68b5756c5f75c889b03 .iconlist_icon{\ncolor:#c3512f;\nbackground-color:#ffffff;\nborder:1px solid #c3512f;\n}\n#top .avia-icon-list-container.av-2kn8gfv-513031afa9eaf68b5756c5f75c889b03 .iconlist_icon svg:first-child{\nstroke:#c3512f;\nfill:#c3512f;\n}\n<\/style>\n<div  class='avia-icon-list-container av-2kn8gfv-513031afa9eaf68b5756c5f75c889b03  avia-builder-el-9  el_after_av_heading  avia-builder-el-last '><ul class='avia-icon-list avia_animate_when_almost_visible avia-icon-list-left av-iconlist-big av-2kn8gfv-513031afa9eaf68b5756c5f75c889b03 avia-iconlist-animate'>\n<li><a href='https://\/\/bbn1.bbnradio.org\/spanish\/contactenos\/pregunta-en-cuanto-a-donacion\/?PHPSESSID=XNG8fOKWOjHQftVYhYCYpDo5xsKouJ%2CL' title='Preg\u00fantenos Online'  class='iconlist_icon av-1ypco63-972523ce885a439d86e60ec6713aee48 avia-font-entypo-fontello avia-iconfont avia-font-entypo-fontello'><span class='av-icon-char' data-av_icon='\ue837' data-av_iconfont='entypo-fontello' aria-hidden=\"true\"><\/span><\/a><article class=\"article-icon-entry av-iconlist-empty\"  itemscope=\"itemscope\" itemtype=\"https:\/\/schema.org\/CreativeWork\" ><div class=\"iconlist_content_wrap\"><header class=\"entry-content-header\" aria-label=\"Icon: &lt;a href=&#039;https:\/\/bbn1.bbnradio.org\/spanish\/contactenos\/pregunta-en-cuanto-a-donacion\/&#039; title=&#039;Preg\u00fantenos Online&#039;&gt;Preg\u00fantenos Online&lt;\/a&gt;\"><h4 class='av_iconlist_title iconlist_title  '  itemprop=\"headline\" ><a href='https://\/\/bbn1.bbnradio.org\/spanish\/contactenos\/pregunta-en-cuanto-a-donacion\/?PHPSESSID=XNG8fOKWOjHQftVYhYCYpDo5xsKouJ%2CL' title='Preg\u00fantenos Online'>Preg\u00fantenos Online<\/a><\/h4><\/header><div class='iconlist_content '  itemprop=\"text\" ><\/div><\/div><footer class=\"entry-footer\"><\/footer><\/article><div class=\"iconlist-timeline\"><\/div><\/li>\n<li><div class='iconlist_icon av-1lkbs1n-c0ab1862eb493630e70d18fd1289bd55 avia-font-entypo-fontello avia-iconfont avia-font-entypo-fontello'><span class='av-icon-char' data-av_icon='\ue8ac' data-av_iconfont='entypo-fontello' aria-hidden=\"true\"><\/span><\/div><article class=\"article-icon-entry \"  itemscope=\"itemscope\" itemtype=\"https:\/\/schema.org\/CreativeWork\" ><div class=\"iconlist_content_wrap\"><header class=\"entry-content-header\" aria-label=\"Icon: Llame al (704) 973-0405\"><h4 class='av_iconlist_title iconlist_title  '  itemprop=\"headline\" >Llame al (704) 973-0405<\/h4><\/header><div class='iconlist_content '  itemprop=\"text\" ><p>lunes a viernes de 08:30 a 16:30<\/p>\n<p>Nuestro e-mail: red@bbnmedia.org<\/p>\n<\/div><\/div><footer class=\"entry-footer\"><\/footer><\/article><div class=\"iconlist-timeline\"><\/div><\/li>\n<\/ul><\/div><\/p><\/div>\n\n<style type=\"text\/css\" data-created_by=\"avia_inline_auto\" id=\"style-css-av-sfeagr-6d4ce673a44db3fc9a97b25ddebf38b6\">\n#top .av-special-heading.av-sfeagr-6d4ce673a44db3fc9a97b25ddebf38b6{\npadding-bottom:10px;\n}\nbody .av-special-heading.av-sfeagr-6d4ce673a44db3fc9a97b25ddebf38b6 .av-special-heading-tag .heading-char{\nfont-size:25px;\n}\n.av-special-heading.av-sfeagr-6d4ce673a44db3fc9a97b25ddebf38b6 .av-subheading{\nfont-size:10px;\n}\n<\/style>\n<div  class='av-special-heading av-sfeagr-6d4ce673a44db3fc9a97b25ddebf38b6 av-special-heading-h3 blockquote modern-quote  avia-builder-el-10  el_after_av_one_half  el_before_av_textblock '><h3 class='av-special-heading-tag '  itemprop=\"headline\"  >Pol\u00edtica de Privacidad<\/h3><div class=\"special-heading-border\"><div class=\"special-heading-inner-border\"><\/div><\/div><\/div>\n<section  class='av_textblock_section av-qj60jf-221e5176482b275facb36b8276263667 '   itemscope=\"itemscope\" itemtype=\"https:\/\/schema.org\/CreativeWork\" ><div class='avia_textblock'  itemprop=\"text\" ><p>No vamos a vender, compartir o intercambiar la informaci\u00f3n personal de nuestros contribuyentes ni enviar correo a nuestros oyentes en nombre de otras organizaciones.<br \/>\nEsta pol\u00edtica se aplica a toda la informaci\u00f3n recibida por BBN, tanto por medio de la web como por medio de cualquier aplicaci\u00f3n de telefon\u00eda m\u00f3vil o por v\u00eda oral.<br \/>\nEn el caso que alguna contribuci\u00f3n necesite ser procesada por otro proveedor de servicios, la informaci\u00f3n de nuestros contribuyentes solo ser\u00e1 utilizada para procesar la donaci\u00f3n.<\/p>\n<\/div><\/section>\n<!-- AddThis Advanced Settings generic via filter on the_content --><!-- AddThis Share Buttons generic via filter on the_content -->","protected":false},"excerpt":{"rendered":"<p><!-- AddThis Advanced Settings generic via filter on get_the_excerpt --><!-- AddThis Share Buttons generic via filter on get_the_excerpt --><\/p>\n","protected":false},"author":3,"featured_media":8319,"parent":3518,"menu_order":0,"comment_status":"open","ping_status":"closed","template":"","meta":{"jetpack_post_was_ever_published":false,"footnotes":""},"categories":[],"tags":[],"class_list":["post-13915","page","type-page","status-publish","has-post-thumbnail","hentry"],"yoast_head":"<!-- This site is optimized with the Yoast SEO Premium plugin v24.8 (Yoast SEO v24.8.1) - https:\/\/yoast.com\/wordpress\/plugins\/seo\/ -->\n<title>Done a BBN<\/title>\n<meta name=\"description\" content=\"Done a BBN\" \/>\n<meta name=\"robots\" content=\"index, follow, max-snippet:-1, max-image-preview:large, max-video-preview:-1\" \/>\n<link rel=\"canonical\" href=\"https:\/\/bbn1.bbnradio.org\/spanish\/donaciones\/otras-opciones-para-dar\/\" \/>\n<meta property=\"og:locale\" content=\"es_ES\" \/>\n<meta property=\"og:type\" content=\"article\" \/>\n<meta property=\"og:title\" content=\"Done a BBN\" \/>\n<meta property=\"og:description\" content=\"Haga su donaci\u00f3n al ministerio de BBN\" \/>\n<meta property=\"og:url\" content=\"https:\/\/bbn1.bbnradio.org\/spanish\/donaciones\/otras-opciones-para-dar\/\" \/>\n<meta property=\"og:site_name\" content=\"BBN\" \/>\n<meta property=\"article:publisher\" content=\"https:\/\/www.facebook.com\/BBNEspanol\" \/>\n<meta property=\"article:modified_time\" content=\"2026-02-19T17:30:56+00:00\" \/>\n<meta name=\"twitter:card\" content=\"summary_large_image\" \/>\n<meta name=\"twitter:title\" content=\"Done a BBN\" \/>\n<meta name=\"twitter:description\" content=\"Haga su donaci\u00f3n al ministerio de BBN\" \/>\n<meta name=\"twitter:image\" content=\"https:\/\/bbn1.bbnradio.org\/english\/wp-content\/uploads\/sites\/2\/2016\/08\/How-is-BBN-funded.jpg\" \/>\n<meta name=\"twitter:site\" content=\"@BBNEspanol\" \/>\n<meta name=\"twitter:label1\" content=\"Tiempo de lectura\" \/>\n\t<meta name=\"twitter:data1\" content=\"2 minutos\" \/>\n<script type=\"application\/ld+json\" class=\"yoast-schema-graph\">{\"@context\":\"https:\/\/schema.org\",\"@graph\":[{\"@type\":\"WebPage\",\"@id\":\"https:\/\/bbn1.bbnradio.org\/spanish\/donaciones\/otras-opciones-para-dar\/\",\"url\":\"https:\/\/bbn1.bbnradio.org\/spanish\/donaciones\/otras-opciones-para-dar\/\",\"name\":\"Done a BBN\",\"isPartOf\":{\"@id\":\"https:\/\/bbn1.bbnradio.org\/spanish\/#website\"},\"primaryImageOfPage\":{\"@id\":\"https:\/\/bbn1.bbnradio.org\/spanish\/donaciones\/otras-opciones-para-dar\/#primaryimage\"},\"image\":{\"@id\":\"https:\/\/bbn1.bbnradio.org\/spanish\/donaciones\/otras-opciones-para-dar\/#primaryimage\"},\"thumbnailUrl\":\"https:\/\/i0.wp.com\/bbn1.bbnradio.org\/spanish\/wp-content\/uploads\/sites\/5\/2016\/08\/How-is-BBN-funded.jpg?fit=1200%2C628&ssl=1\",\"datePublished\":\"2018-05-07T13:53:29+00:00\",\"dateModified\":\"2026-02-19T17:30:56+00:00\",\"description\":\"Done a BBN\",\"breadcrumb\":{\"@id\":\"https:\/\/bbn1.bbnradio.org\/spanish\/donaciones\/otras-opciones-para-dar\/#breadcrumb\"},\"inLanguage\":\"es\",\"potentialAction\":[{\"@type\":\"ReadAction\",\"target\":[\"https:\/\/bbn1.bbnradio.org\/spanish\/donaciones\/otras-opciones-para-dar\/\"]}]},{\"@type\":\"ImageObject\",\"inLanguage\":\"es\",\"@id\":\"https:\/\/bbn1.bbnradio.org\/spanish\/donaciones\/otras-opciones-para-dar\/#primaryimage\",\"url\":\"https:\/\/i0.wp.com\/bbn1.bbnradio.org\/spanish\/wp-content\/uploads\/sites\/5\/2016\/08\/How-is-BBN-funded.jpg?fit=1200%2C628&ssl=1\",\"contentUrl\":\"https:\/\/i0.wp.com\/bbn1.bbnradio.org\/spanish\/wp-content\/uploads\/sites\/5\/2016\/08\/How-is-BBN-funded.jpg?fit=1200%2C628&ssl=1\",\"width\":1200,\"height\":628,\"caption\":\"How is BBN funded\"},{\"@type\":\"BreadcrumbList\",\"@id\":\"https:\/\/bbn1.bbnradio.org\/spanish\/donaciones\/otras-opciones-para-dar\/#breadcrumb\",\"itemListElement\":[{\"@type\":\"ListItem\",\"position\":1,\"name\":\"Home\",\"item\":\"https:\/\/bbn1.bbnradio.org\/spanish\/inicio\/\"},{\"@type\":\"ListItem\",\"position\":2,\"name\":\"Donaciones\",\"item\":\"https:\/\/bbn1.bbnradio.org\/spanish\/donaciones\/\"},{\"@type\":\"ListItem\",\"position\":3,\"name\":\"Otras opciones para dar\"}]},{\"@type\":\"WebSite\",\"@id\":\"https:\/\/bbn1.bbnradio.org\/spanish\/#website\",\"url\":\"https:\/\/bbn1.bbnradio.org\/spanish\/\",\"name\":\"BBN Spanish\",\"description\":\"BBN\",\"potentialAction\":[{\"@type\":\"SearchAction\",\"target\":{\"@type\":\"EntryPoint\",\"urlTemplate\":\"https:\/\/bbn1.bbnradio.org\/spanish\/?s={search_term_string}\"},\"query-input\":{\"@type\":\"PropertyValueSpecification\",\"valueRequired\":true,\"valueName\":\"search_term_string\"}}],\"inLanguage\":\"es\"}]}<\/script>\n<!-- \/ Yoast SEO Premium plugin. -->","yoast_head_json":{"title":"Done a BBN","description":"Done a BBN","robots":{"index":"index","follow":"follow","max-snippet":"max-snippet:-1","max-image-preview":"max-image-preview:large","max-video-preview":"max-video-preview:-1"},"canonical":"https:\/\/bbn1.bbnradio.org\/spanish\/donaciones\/otras-opciones-para-dar\/","og_locale":"es_ES","og_type":"article","og_title":"Done a BBN","og_description":"Haga su donaci\u00f3n al ministerio de BBN","og_url":"https:\/\/bbn1.bbnradio.org\/spanish\/donaciones\/otras-opciones-para-dar\/","og_site_name":"BBN","article_publisher":"https:\/\/www.facebook.com\/BBNEspanol","article_modified_time":"2026-02-19T17:30:56+00:00","twitter_card":"summary_large_image","twitter_title":"Done a BBN","twitter_description":"Haga su donaci\u00f3n al ministerio de BBN","twitter_image":"https:\/\/bbn1.bbnradio.org\/english\/wp-content\/uploads\/sites\/2\/2016\/08\/How-is-BBN-funded.jpg","twitter_site":"@BBNEspanol","twitter_misc":{"Tiempo de lectura":"2 minutos"},"schema":{"@context":"https:\/\/schema.org","@graph":[{"@type":"WebPage","@id":"https:\/\/bbn1.bbnradio.org\/spanish\/donaciones\/otras-opciones-para-dar\/","url":"https:\/\/bbn1.bbnradio.org\/spanish\/donaciones\/otras-opciones-para-dar\/","name":"Done a BBN","isPartOf":{"@id":"https:\/\/bbn1.bbnradio.org\/spanish\/#website"},"primaryImageOfPage":{"@id":"https:\/\/bbn1.bbnradio.org\/spanish\/donaciones\/otras-opciones-para-dar\/#primaryimage"},"image":{"@id":"https:\/\/bbn1.bbnradio.org\/spanish\/donaciones\/otras-opciones-para-dar\/#primaryimage"},"thumbnailUrl":"https:\/\/i0.wp.com\/bbn1.bbnradio.org\/spanish\/wp-content\/uploads\/sites\/5\/2016\/08\/How-is-BBN-funded.jpg?fit=1200%2C628&ssl=1","datePublished":"2018-05-07T13:53:29+00:00","dateModified":"2026-02-19T17:30:56+00:00","description":"Done a BBN","breadcrumb":{"@id":"https:\/\/bbn1.bbnradio.org\/spanish\/donaciones\/otras-opciones-para-dar\/#breadcrumb"},"inLanguage":"es","potentialAction":[{"@type":"ReadAction","target":["https:\/\/bbn1.bbnradio.org\/spanish\/donaciones\/otras-opciones-para-dar\/"]}]},{"@type":"ImageObject","inLanguage":"es","@id":"https:\/\/bbn1.bbnradio.org\/spanish\/donaciones\/otras-opciones-para-dar\/#primaryimage","url":"https:\/\/i0.wp.com\/bbn1.bbnradio.org\/spanish\/wp-content\/uploads\/sites\/5\/2016\/08\/How-is-BBN-funded.jpg?fit=1200%2C628&ssl=1","contentUrl":"https:\/\/i0.wp.com\/bbn1.bbnradio.org\/spanish\/wp-content\/uploads\/sites\/5\/2016\/08\/How-is-BBN-funded.jpg?fit=1200%2C628&ssl=1","width":1200,"height":628,"caption":"How is BBN funded"},{"@type":"BreadcrumbList","@id":"https:\/\/bbn1.bbnradio.org\/spanish\/donaciones\/otras-opciones-para-dar\/#breadcrumb","itemListElement":[{"@type":"ListItem","position":1,"name":"Home","item":"https:\/\/bbn1.bbnradio.org\/spanish\/inicio\/"},{"@type":"ListItem","position":2,"name":"Donaciones","item":"https:\/\/bbn1.bbnradio.org\/spanish\/donaciones\/"},{"@type":"ListItem","position":3,"name":"Otras opciones para dar"}]},{"@type":"WebSite","@id":"https:\/\/bbn1.bbnradio.org\/spanish\/#website","url":"https:\/\/bbn1.bbnradio.org\/spanish\/","name":"BBN Spanish","description":"BBN","potentialAction":[{"@type":"SearchAction","target":{"@type":"EntryPoint","urlTemplate":"https:\/\/bbn1.bbnradio.org\/spanish\/?s={search_term_string}"},"query-input":{"@type":"PropertyValueSpecification","valueRequired":true,"valueName":"search_term_string"}}],"inLanguage":"es"}]}},"jetpack_sharing_enabled":true,"jetpack_shortlink":"https:\/\/wp.me\/P85nNm-3Cr","_links":{"self":[{"href":"https:\/\/bbn1.bbnradio.org\/spanish\/wp-json\/wp\/v2\/pages\/13915","targetHints":{"allow":["GET"]}}],"collection":[{"href":"https:\/\/bbn1.bbnradio.org\/spanish\/wp-json\/wp\/v2\/pages"}],"about":[{"href":"https:\/\/bbn1.bbnradio.org\/spanish\/wp-json\/wp\/v2\/types\/page"}],"author":[{"embeddable":true,"href":"https:\/\/bbn1.bbnradio.org\/spanish\/wp-json\/wp\/v2\/users\/3"}],"replies":[{"embeddable":true,"href":"https:\/\/bbn1.bbnradio.org\/spanish\/wp-json\/wp\/v2\/comments?post=13915"}],"version-history":[{"count":3,"href":"https:\/\/bbn1.bbnradio.org\/spanish\/wp-json\/wp\/v2\/pages\/13915\/revisions"}],"predecessor-version":[{"id":20019,"href":"https:\/\/bbn1.bbnradio.org\/spanish\/wp-json\/wp\/v2\/pages\/13915\/revisions\/20019"}],"up":[{"embeddable":true,"href":"https:\/\/bbn1.bbnradio.org\/spanish\/wp-json\/wp\/v2\/pages\/3518"}],"wp:featuredmedia":[{"embeddable":true,"href":"https:\/\/bbn1.bbnradio.org\/spanish\/wp-json\/wp\/v2\/media\/8319"}],"wp:attachment":[{"href":"https:\/\/bbn1.bbnradio.org\/spanish\/wp-json\/wp\/v2\/media?parent=13915"}],"wp:term":[{"taxonomy":"category","embeddable":true,"href":"https:\/\/bbn1.bbnradio.org\/spanish\/wp-json\/wp\/v2\/categories?post=13915"},{"taxonomy":"post_tag","embeddable":true,"href":"https:\/\/bbn1.bbnradio.org\/spanish\/wp-json\/wp\/v2\/tags?post=13915"}],"curies":[{"name":"wp","href":"https:\/\/api.w.org\/{rel}","templated":true}]}}