{"id":14,"date":"2016-02-10T21:00:49","date_gmt":"2016-02-10T21:00:49","guid":{"rendered":"http:\/\/bbn1.bbnradio.org\/spanish\/?page_id=14"},"modified":"2023-05-24T12:02:05","modified_gmt":"2023-05-24T17:02:05","slug":"los-5-cursos-mas-estudiados-del-semana-de-desafio-del-ib","status":"publish","type":"page","link":"https:\/\/bbn1.bbnradio.org\/spanish\/los-5-cursos-mas-estudiados-del-semana-de-desafio-del-ib\/","title":{"rendered":"Los 5 cursos m\u00e1s estudiados del Semana de Desaf\u00edo del IB"},"content":{"rendered":"<div  class='avia-button-wrap av-6exa6-4876516088f7d33619632e95af137609-wrap avia-button-left  avia-builder-el-0  el_before_av_hr  avia-builder-el-first '><a href='https://\/\/bbn1.bbnradio.org\/spanish\/semana-de-desafio-del-ib\/?PHPSESSID=aKEbWbFUDWmS3-5paS30seuOAH%2C0nw4O'  class='avia-button av-6exa6-4876516088f7d33619632e95af137609 av-link-btn avia-icon_select-yes-left-icon avia-size-large avia-position-left avia-color-theme-color'   aria-label=\"Regresar\"><span class='avia_button_icon avia_button_icon_left avia-iconfont avia-font-entypo-fontello' data-av_icon='\ue874' data-av_iconfont='entypo-fontello' ><\/span><span class='avia_iconbox_title' >Regresar<\/span><\/a><\/div>\n\n<style type=\"text\/css\" data-created_by=\"avia_inline_auto\" id=\"style-css-av-5kobe-71561230a7a4dcda8192d9939b58709c\">\n#top .hr.hr-invisible.av-5kobe-71561230a7a4dcda8192d9939b58709c{\nheight:25px;\n}\n<\/style>\n<div  class='hr av-5kobe-71561230a7a4dcda8192d9939b58709c hr-invisible  avia-builder-el-1  el_after_av_button  el_before_av_one_full '><span class='hr-inner '><span class=\"hr-inner-style\"><\/span><\/span><\/div>\n\n<style type=\"text\/css\" data-created_by=\"avia_inline_auto\" id=\"style-css-av-4w0ia-48c01ee9d343763bee7fe202f2a6beec\">\n.flex_column.av-4w0ia-48c01ee9d343763bee7fe202f2a6beec{\nborder-radius:0px 0px 0px 0px;\npadding:0px 0px 0px 0px;\n}\n<\/style>\n<div  class='flex_column av-4w0ia-48c01ee9d343763bee7fe202f2a6beec av_one_full  avia-builder-el-2  el_after_av_hr  avia-builder-el-last  first flex_column_div av-zero-column-padding  '     ><p>\n<style type=\"text\/css\" data-created_by=\"avia_inline_auto\" id=\"style-css-av-42dx2-4c1ae93b837d17bf09d62c3ad62d76d8\">\n#top .av-special-heading.av-42dx2-4c1ae93b837d17bf09d62c3ad62d76d8{\npadding-bottom:10px;\n}\nbody .av-special-heading.av-42dx2-4c1ae93b837d17bf09d62c3ad62d76d8 .av-special-heading-tag .heading-char{\nfont-size:25px;\n}\n.av-special-heading.av-42dx2-4c1ae93b837d17bf09d62c3ad62d76d8 .av-subheading{\nfont-size:15px;\n}\n<\/style>\n<div  class='av-special-heading av-42dx2-4c1ae93b837d17bf09d62c3ad62d76d8 av-special-heading-h1 blockquote modern-quote  avia-builder-el-3  el_before_av_iconlist  avia-builder-el-first '><h1 class='av-special-heading-tag '  itemprop=\"headline\"  >Los 5 Cursos Favoritos<\/h1><div class=\"special-heading-border\"><div class=\"special-heading-inner-border\"><\/div><\/div><\/div><br \/>\n\n<style type=\"text\/css\" data-created_by=\"avia_inline_auto\" id=\"style-css-av-3v56y-43fb61c6a050064bd74f61194c877dbd\">\n#top .avia-icon-list-container.av-3v56y-43fb61c6a050064bd74f61194c877dbd .iconlist_icon{\ncolor:#003800;\nbackground-color:#ffffff;\nborder:1px solid #003800;\n}\n#top .avia-icon-list-container.av-3v56y-43fb61c6a050064bd74f61194c877dbd .iconlist_icon svg:first-child{\nstroke:#003800;\nfill:#003800;\n}\n<\/style>\n<div  class='avia-icon-list-container av-3v56y-43fb61c6a050064bd74f61194c877dbd  avia-builder-el-4  el_after_av_heading  avia-builder-el-last '><ul class='avia-icon-list avia_animate_when_almost_visible avia-icon-list-left av-iconlist-big av-3v56y-43fb61c6a050064bd74f61194c877dbd avia-iconlist-animate'>\n<li><a href='https://\/\/www.bbnradio.org\/wcm4\/bbnbispanish\/InstitutoB%c3%adblico\/AccesoalosCursos\/Cursosdisponiblesparaelestudio\/tabid\/2523\/CourseID\/98\/Default.aspx?PHPSESSID=aKEbWbFUDWmS3-5paS30seuOAH%2C0nw4O' title='1-00100 Doctrina de la salvaci\u00f3n'  target=\"_blank\"  rel=\"noopener noreferrer\" class='iconlist_icon av-3jeqm-c81ba447ac30b3f2667ac29b026d22e5 avia-font-entypo-fontello avia-iconfont avia-font-entypo-fontello'><span class='av-icon-char' data-av_icon='\ue832' data-av_iconfont='entypo-fontello' aria-hidden=\"true\"><\/span><\/a><article class=\"article-icon-entry \"  itemscope=\"itemscope\" itemtype=\"https:\/\/schema.org\/CreativeWork\" ><div class=\"iconlist_content_wrap\"><header class=\"entry-content-header\" aria-label=\"Icon: &lt;a href=&#039;https:\/\/www.bbnradio.org\/wcm4\/bbnbispanish\/InstitutoB%c3%adblico\/AccesoalosCursos\/Cursosdisponiblesparaelestudio\/tabid\/2523\/CourseID\/98\/Default.aspx&#039; title=&#039;1-00100 Doctrina de la salvaci\u00f3n&#039; target=&quot;_blank&quot;  rel=&quot;noopener noreferrer&quot;&gt;1-00100 Doctrina de la salvaci\u00f3n&lt;\/a&gt;\"><h4 class='av_iconlist_title iconlist_title  '  itemprop=\"headline\" ><a href='https://\/\/www.bbnradio.org\/wcm4\/bbnbispanish\/InstitutoB%c3%adblico\/AccesoalosCursos\/Cursosdisponiblesparaelestudio\/tabid\/2523\/CourseID\/98\/Default.aspx?PHPSESSID=aKEbWbFUDWmS3-5paS30seuOAH%2C0nw4O' title='1-00100 Doctrina de la salvaci\u00f3n' target=\"_blank\"  rel=\"noopener noreferrer\">1-00100 Doctrina de la salvaci\u00f3n<\/a><\/h4><\/header><div class='iconlist_content '  itemprop=\"text\" ><p>Description: La Doctrina de la Salvaci\u00f3n nos deja conceptos claros en cuanto a asuntos fundamentales para la vida del creyente, tales como: elecci\u00f3n, perd\u00f3n, arrepentimiento, redenci\u00f3n, justificaci\u00f3n y muchos otros. Estos temas son tratados teol\u00f3gicamente a la luz de las Sagradas Escrituras, y en forma pr\u00e1ctica, aplicadas a la vida cristiana. \u00a1Afirme su fe con el estudio de esta materia!<\/p>\n<\/div><\/div><footer class=\"entry-footer\"><\/footer><\/article><div class=\"iconlist-timeline\"><\/div><\/li>\n<li><a href='https://\/\/www.bbnradio.org\/wcm4\/bbnbispanish\/InstitutoB%c3%adblico\/AccesoalosCursos\/Cursosdisponiblesparaelestudio\/tabid\/2523\/CourseID\/316\/Default.aspx?PHPSESSID=aKEbWbFUDWmS3-5paS30seuOAH%2C0nw4O' title='2-21100 Elementos vitales de la vida cristiana'  target=\"_blank\"  rel=\"noopener noreferrer\" class='iconlist_icon av-2g9xy-76afb2b840d5c6d388bde5570d00ad84 avia-font-entypo-fontello avia-iconfont avia-font-entypo-fontello'><span class='av-icon-char' data-av_icon='\ue832' data-av_iconfont='entypo-fontello' aria-hidden=\"true\"><\/span><\/a><article class=\"article-icon-entry \"  itemscope=\"itemscope\" itemtype=\"https:\/\/schema.org\/CreativeWork\" ><div class=\"iconlist_content_wrap\"><header class=\"entry-content-header\" aria-label=\"Icon: &lt;a href=&#039;https:\/\/www.bbnradio.org\/wcm4\/bbnbispanish\/InstitutoB%c3%adblico\/AccesoalosCursos\/Cursosdisponiblesparaelestudio\/tabid\/2523\/CourseID\/316\/Default.aspx&#039; title=&#039;2-21100 Elementos vitales de la vida cristiana&#039; target=&quot;_blank&quot;  rel=&quot;noopener noreferrer&quot;&gt;2-21100 Elementos vitales de la vida cristiana&lt;\/a&gt;\"><h4 class='av_iconlist_title iconlist_title  '  itemprop=\"headline\" ><a href='https://\/\/www.bbnradio.org\/wcm4\/bbnbispanish\/InstitutoB%c3%adblico\/AccesoalosCursos\/Cursosdisponiblesparaelestudio\/tabid\/2523\/CourseID\/316\/Default.aspx?PHPSESSID=aKEbWbFUDWmS3-5paS30seuOAH%2C0nw4O' title='2-21100 Elementos vitales de la vida cristiana' target=\"_blank\"  rel=\"noopener noreferrer\">2-21100 Elementos vitales de la vida cristiana<\/a><\/h4><\/header><div class='iconlist_content '  itemprop=\"text\" ><p>Description: En este curso aprendemos sobre elementos vitales como la conciencia, el coraz\u00f3n, el car\u00e1cter, los h\u00e1bitos, las actitudes, y el compromiso. Si alineamos la vida a las Escrituras seremos transformados y nuestra vida llevar\u00e1 Gloria a nuestro Dios.<\/p>\n<\/div><\/div><footer class=\"entry-footer\"><\/footer><\/article><div class=\"iconlist-timeline\"><\/div><\/li>\n<li><a href='https://\/\/www.bbnradio.org\/wcm4\/bbnbispanish\/InstitutoB%c3%adblico\/AccesoalosCursos\/Cursosdisponiblesparaelestudio\/tabid\/2523\/CourseID\/524\/Default.aspx?PHPSESSID=aKEbWbFUDWmS3-5paS30seuOAH%2C0nw4O' title='3-51800 Creaci\u00f3n o evoluci\u00f3n'  target=\"_blank\"  rel=\"noopener noreferrer\" class='iconlist_icon av-2dlna-427c9679ae25847ca2086d12f77474eb avia-font-entypo-fontello avia-iconfont avia-font-entypo-fontello'><span class='av-icon-char' data-av_icon='\ue832' data-av_iconfont='entypo-fontello' aria-hidden=\"true\"><\/span><\/a><article class=\"article-icon-entry \"  itemscope=\"itemscope\" itemtype=\"https:\/\/schema.org\/CreativeWork\" ><div class=\"iconlist_content_wrap\"><header class=\"entry-content-header\" aria-label=\"Icon: &lt;a href=&#039;https:\/\/www.bbnradio.org\/wcm4\/bbnbispanish\/InstitutoB%c3%adblico\/AccesoalosCursos\/Cursosdisponiblesparaelestudio\/tabid\/2523\/CourseID\/524\/Default.aspx&#039; title=&#039;3-51800 Creaci\u00f3n o evoluci\u00f3n&#039; target=&quot;_blank&quot;  rel=&quot;noopener noreferrer&quot;&gt;3-51800 Creaci\u00f3n o evoluci\u00f3n&lt;\/a&gt;\"><h4 class='av_iconlist_title iconlist_title  '  itemprop=\"headline\" ><a href='https://\/\/www.bbnradio.org\/wcm4\/bbnbispanish\/InstitutoB%c3%adblico\/AccesoalosCursos\/Cursosdisponiblesparaelestudio\/tabid\/2523\/CourseID\/524\/Default.aspx?PHPSESSID=aKEbWbFUDWmS3-5paS30seuOAH%2C0nw4O' title='3-51800 Creaci\u00f3n o evoluci\u00f3n' target=\"_blank\"  rel=\"noopener noreferrer\">3-51800 Creaci\u00f3n o evoluci\u00f3n<\/a><\/h4><\/header><div class='iconlist_content '  itemprop=\"text\" ><p>Description: Este curso nos educa y nos da luz para entender, saber contestar y guiar al evangelio a aquellos que est\u00e1n cegados por las corrientes humanistas sin Cristo. \u00bfNo le ha pasado a usted, no saber contestar ante la educada ciencia y sus razonamientos? Ken nos demuestra y alienta a que todas las respuestas est\u00e1n frente a nuestros ojos en el primer libro de la Biblia, el G\u00e9nesis!!<\/p>\n<\/div><\/div><footer class=\"entry-footer\"><\/footer><\/article><div class=\"iconlist-timeline\"><\/div><\/li>\n<li><a href='https://\/\/www.bbnradio.org\/wcm4\/bbnbispanish\/InstitutoB%c3%adblico\/AccesoalosCursos\/Cursosdisponiblesparaelestudio\/tabid\/2523\/CourseID\/320\/Default.aspx?PHPSESSID=aKEbWbFUDWmS3-5paS30seuOAH%2C0nw4O' title='4-21200 Guarda tu coraz\u00f3n'  target=\"_blank\"  rel=\"noopener noreferrer\" class='iconlist_icon av-1s56y-1a3699d452f14889d47b28212f8f891e avia-font-entypo-fontello avia-iconfont avia-font-entypo-fontello'><span class='av-icon-char' data-av_icon='\ue832' data-av_iconfont='entypo-fontello' aria-hidden=\"true\"><\/span><\/a><article class=\"article-icon-entry \"  itemscope=\"itemscope\" itemtype=\"https:\/\/schema.org\/CreativeWork\" ><div class=\"iconlist_content_wrap\"><header class=\"entry-content-header\" aria-label=\"Icon: &lt;a href=&#039;https:\/\/www.bbnradio.org\/wcm4\/bbnbispanish\/InstitutoB%c3%adblico\/AccesoalosCursos\/Cursosdisponiblesparaelestudio\/tabid\/2523\/CourseID\/320\/Default.aspx&#039; title=&#039;4-21200 Guarda tu coraz\u00f3n&#039; target=&quot;_blank&quot;  rel=&quot;noopener noreferrer&quot;&gt;4-21200 Guarda tu coraz\u00f3n&lt;\/a&gt;\"><h4 class='av_iconlist_title iconlist_title  '  itemprop=\"headline\" ><a href='https://\/\/www.bbnradio.org\/wcm4\/bbnbispanish\/InstitutoB%c3%adblico\/AccesoalosCursos\/Cursosdisponiblesparaelestudio\/tabid\/2523\/CourseID\/320\/Default.aspx?PHPSESSID=aKEbWbFUDWmS3-5paS30seuOAH%2C0nw4O' title='4-21200 Guarda tu coraz\u00f3n' target=\"_blank\"  rel=\"noopener noreferrer\">4-21200 Guarda tu coraz\u00f3n<\/a><\/h4><\/header><div class='iconlist_content '  itemprop=\"text\" ><p>Description: La serie \u201cGuarda tu Coraz\u00f3n\u201d, son cinco mensajes ilustrativos, desafiantes, profundos y con excelente ense\u00f1anza para la vida del creyente en Cristo que desea tener una vida agradable a Dios. En estos mensajes se nos presentan distintos corazones con marcadas diferencias, algunas para desechar y otras para seguir como ejemplo, logrando as\u00ed cambios profundos en lo m\u00e1s \u00edntimo de nuestro ser para glorificar a Dios.<\/p>\n<\/div><\/div><footer class=\"entry-footer\"><\/footer><\/article><div class=\"iconlist-timeline\"><\/div><\/li>\n<li><a href='https://\/\/www.bbnradio.org\/wcm4\/bbnbispanish\/InstitutoB%c3%adblico\/AccesoalosCursos\/Cursosdisponiblesparaelestudio\/tabid\/2523\/CourseID\/315\/Default.aspx?PHPSESSID=aKEbWbFUDWmS3-5paS30seuOAH%2C0nw4O' title='5-21000 C\u00f3mo resolver conflictos'  target=\"_blank\"  rel=\"noopener noreferrer\" class='iconlist_icon av-xl9q-578bdaf1e7a7a257593d3348e27ebbf9 avia-font-entypo-fontello avia-iconfont avia-font-entypo-fontello'><span class='av-icon-char' data-av_icon='\ue832' data-av_iconfont='entypo-fontello' aria-hidden=\"true\"><\/span><\/a><article class=\"article-icon-entry \"  itemscope=\"itemscope\" itemtype=\"https:\/\/schema.org\/CreativeWork\" ><div class=\"iconlist_content_wrap\"><header class=\"entry-content-header\" aria-label=\"Icon: &lt;a href=&#039;https:\/\/www.bbnradio.org\/wcm4\/bbnbispanish\/InstitutoB%c3%adblico\/AccesoalosCursos\/Cursosdisponiblesparaelestudio\/tabid\/2523\/CourseID\/315\/Default.aspx&#039; title=&#039;5-21000 C\u00f3mo resolver conflictos&#039; target=&quot;_blank&quot;  rel=&quot;noopener noreferrer&quot;&gt;5-21000 C\u00f3mo resolver conflictos&lt;\/a&gt;\"><h4 class='av_iconlist_title iconlist_title  '  itemprop=\"headline\" ><a href='https://\/\/www.bbnradio.org\/wcm4\/bbnbispanish\/InstitutoB%c3%adblico\/AccesoalosCursos\/Cursosdisponiblesparaelestudio\/tabid\/2523\/CourseID\/315\/Default.aspx?PHPSESSID=aKEbWbFUDWmS3-5paS30seuOAH%2C0nw4O' title='5-21000 C\u00f3mo resolver conflictos' target=\"_blank\"  rel=\"noopener noreferrer\">5-21000 C\u00f3mo resolver conflictos<\/a><\/h4><\/header><div class='iconlist_content '  itemprop=\"text\" ><p>Description: Todas las personas tenemos conflictos y problemas. El aumento de estos y una creciente desilusi\u00f3n en el momento de resolverlos, han dado paso al intento de buscar nuevas v\u00edas de soluci\u00f3n. La amargura, culpabilidad, preocupaci\u00f3n, resentimiento, el mal genio, el ego\u00edsmo, envidia, lascivia, el orgullo y otros factores como la mala administraci\u00f3n del dinero, la diferencia cultural as\u00ed como la falta de informaci\u00f3n, generan conflictos personales, matrimoniales y en la congregaci\u00f3n que causan mucho da\u00f1o. Para todos esos conflictos la Palabra de Dios tiene respuesta y direcci\u00f3n.<\/p>\n<\/div><\/div><footer class=\"entry-footer\"><\/footer><\/article><div class=\"iconlist-timeline\"><\/div><\/li>\n<\/ul><\/div><\/p><\/div>\n<!-- AddThis Advanced Settings generic via filter on the_content --><!-- AddThis Share Buttons generic via filter on the_content -->","protected":false},"excerpt":{"rendered":"<p><!-- AddThis Advanced Settings generic via filter on get_the_excerpt --><!-- AddThis Share Buttons generic via filter on get_the_excerpt --><\/p>\n","protected":false},"author":3,"featured_media":0,"parent":0,"menu_order":0,"comment_status":"closed","ping_status":"closed","template":"","meta":{"jetpack_post_was_ever_published":false,"footnotes":""},"categories":[],"tags":[],"class_list":["post-14","page","type-page","status-publish","hentry"],"yoast_head":"<!-- This site is optimized with the Yoast SEO Premium plugin v24.8 (Yoast SEO v24.8.1) - https:\/\/yoast.com\/wordpress\/plugins\/seo\/ -->\n<title>Los 5 cursos m\u00e1s estudiados del Semana de Desaf\u00edo del IB<\/title>\n<meta name=\"robots\" content=\"index, follow, max-snippet:-1, max-image-preview:large, max-video-preview:-1\" \/>\n<link rel=\"canonical\" href=\"https:\/\/bbn1.bbnradio.org\/spanish\/los-5-cursos-mas-estudiados-del-semana-de-desafio-del-ib\/\" \/>\n<meta property=\"og:locale\" content=\"es_ES\" \/>\n<meta property=\"og:type\" content=\"article\" \/>\n<meta property=\"og:title\" content=\"Los 5 cursos m\u00e1s estudiados del Semana de Desaf\u00edo del IB\" \/>\n<meta property=\"og:description\" content=\"Complete one BBN BI course by June 12th!\" \/>\n<meta property=\"og:url\" content=\"https:\/\/bbn1.bbnradio.org\/spanish\/los-5-cursos-mas-estudiados-del-semana-de-desafio-del-ib\/\" \/>\n<meta property=\"og:site_name\" content=\"BBN\" \/>\n<meta property=\"article:publisher\" content=\"https:\/\/www.facebook.com\/BBNEspanol\" \/>\n<meta property=\"article:modified_time\" content=\"2023-05-24T17:02:05+00:00\" \/>\n<meta name=\"twitter:card\" content=\"summary_large_image\" \/>\n<meta name=\"twitter:title\" content=\"Los 5 cursos m\u00e1s estudiados del Semana de Desaf\u00edo del IB\" \/>\n<meta name=\"twitter:description\" content=\"Complete one BBN BI course by June 12th!\" \/>\n<meta name=\"twitter:site\" content=\"@BBNEspanol\" \/>\n<meta name=\"twitter:label1\" content=\"Tiempo de lectura\" \/>\n\t<meta name=\"twitter:data1\" content=\"5 minutos\" \/>\n<script type=\"application\/ld+json\" class=\"yoast-schema-graph\">{\"@context\":\"https:\/\/schema.org\",\"@graph\":[{\"@type\":\"WebPage\",\"@id\":\"https:\/\/bbn1.bbnradio.org\/spanish\/los-5-cursos-mas-estudiados-del-semana-de-desafio-del-ib\/\",\"url\":\"https:\/\/bbn1.bbnradio.org\/spanish\/los-5-cursos-mas-estudiados-del-semana-de-desafio-del-ib\/\",\"name\":\"Los 5 cursos m\u00e1s estudiados del Semana de Desaf\u00edo del IB\",\"isPartOf\":{\"@id\":\"https:\/\/bbn1.bbnradio.org\/spanish\/#website\"},\"datePublished\":\"2016-02-10T21:00:49+00:00\",\"dateModified\":\"2023-05-24T17:02:05+00:00\",\"breadcrumb\":{\"@id\":\"https:\/\/bbn1.bbnradio.org\/spanish\/los-5-cursos-mas-estudiados-del-semana-de-desafio-del-ib\/#breadcrumb\"},\"inLanguage\":\"es\",\"potentialAction\":[{\"@type\":\"ReadAction\",\"target\":[\"https:\/\/bbn1.bbnradio.org\/spanish\/los-5-cursos-mas-estudiados-del-semana-de-desafio-del-ib\/\"]}]},{\"@type\":\"BreadcrumbList\",\"@id\":\"https:\/\/bbn1.bbnradio.org\/spanish\/los-5-cursos-mas-estudiados-del-semana-de-desafio-del-ib\/#breadcrumb\",\"itemListElement\":[{\"@type\":\"ListItem\",\"position\":1,\"name\":\"Home\",\"item\":\"https:\/\/bbn1.bbnradio.org\/spanish\/inicio\/\"},{\"@type\":\"ListItem\",\"position\":2,\"name\":\"Los 5 cursos m\u00e1s estudiados del Semana de Desaf\u00edo del IB\"}]},{\"@type\":\"WebSite\",\"@id\":\"https:\/\/bbn1.bbnradio.org\/spanish\/#website\",\"url\":\"https:\/\/bbn1.bbnradio.org\/spanish\/\",\"name\":\"BBN Spanish\",\"description\":\"BBN\",\"potentialAction\":[{\"@type\":\"SearchAction\",\"target\":{\"@type\":\"EntryPoint\",\"urlTemplate\":\"https:\/\/bbn1.bbnradio.org\/spanish\/?s={search_term_string}\"},\"query-input\":{\"@type\":\"PropertyValueSpecification\",\"valueRequired\":true,\"valueName\":\"search_term_string\"}}],\"inLanguage\":\"es\"}]}<\/script>\n<!-- \/ Yoast SEO Premium plugin. -->","yoast_head_json":{"title":"Los 5 cursos m\u00e1s estudiados del Semana de Desaf\u00edo del IB","robots":{"index":"index","follow":"follow","max-snippet":"max-snippet:-1","max-image-preview":"max-image-preview:large","max-video-preview":"max-video-preview:-1"},"canonical":"https:\/\/bbn1.bbnradio.org\/spanish\/los-5-cursos-mas-estudiados-del-semana-de-desafio-del-ib\/","og_locale":"es_ES","og_type":"article","og_title":"Los 5 cursos m\u00e1s estudiados del Semana de Desaf\u00edo del IB","og_description":"Complete one BBN BI course by June 12th!","og_url":"https:\/\/bbn1.bbnradio.org\/spanish\/los-5-cursos-mas-estudiados-del-semana-de-desafio-del-ib\/","og_site_name":"BBN","article_publisher":"https:\/\/www.facebook.com\/BBNEspanol","article_modified_time":"2023-05-24T17:02:05+00:00","twitter_card":"summary_large_image","twitter_title":"Los 5 cursos m\u00e1s estudiados del Semana de Desaf\u00edo del IB","twitter_description":"Complete one BBN BI course by June 12th!","twitter_site":"@BBNEspanol","twitter_misc":{"Tiempo de lectura":"5 minutos"},"schema":{"@context":"https:\/\/schema.org","@graph":[{"@type":"WebPage","@id":"https:\/\/bbn1.bbnradio.org\/spanish\/los-5-cursos-mas-estudiados-del-semana-de-desafio-del-ib\/","url":"https:\/\/bbn1.bbnradio.org\/spanish\/los-5-cursos-mas-estudiados-del-semana-de-desafio-del-ib\/","name":"Los 5 cursos m\u00e1s estudiados del Semana de Desaf\u00edo del IB","isPartOf":{"@id":"https:\/\/bbn1.bbnradio.org\/spanish\/#website"},"datePublished":"2016-02-10T21:00:49+00:00","dateModified":"2023-05-24T17:02:05+00:00","breadcrumb":{"@id":"https:\/\/bbn1.bbnradio.org\/spanish\/los-5-cursos-mas-estudiados-del-semana-de-desafio-del-ib\/#breadcrumb"},"inLanguage":"es","potentialAction":[{"@type":"ReadAction","target":["https:\/\/bbn1.bbnradio.org\/spanish\/los-5-cursos-mas-estudiados-del-semana-de-desafio-del-ib\/"]}]},{"@type":"BreadcrumbList","@id":"https:\/\/bbn1.bbnradio.org\/spanish\/los-5-cursos-mas-estudiados-del-semana-de-desafio-del-ib\/#breadcrumb","itemListElement":[{"@type":"ListItem","position":1,"name":"Home","item":"https:\/\/bbn1.bbnradio.org\/spanish\/inicio\/"},{"@type":"ListItem","position":2,"name":"Los 5 cursos m\u00e1s estudiados del Semana de Desaf\u00edo del IB"}]},{"@type":"WebSite","@id":"https:\/\/bbn1.bbnradio.org\/spanish\/#website","url":"https:\/\/bbn1.bbnradio.org\/spanish\/","name":"BBN Spanish","description":"BBN","potentialAction":[{"@type":"SearchAction","target":{"@type":"EntryPoint","urlTemplate":"https:\/\/bbn1.bbnradio.org\/spanish\/?s={search_term_string}"},"query-input":{"@type":"PropertyValueSpecification","valueRequired":true,"valueName":"search_term_string"}}],"inLanguage":"es"}]}},"jetpack_sharing_enabled":true,"jetpack_shortlink":"https:\/\/wp.me\/P85nNm-e","_links":{"self":[{"href":"https:\/\/bbn1.bbnradio.org\/spanish\/wp-json\/wp\/v2\/pages\/14","targetHints":{"allow":["GET"]}}],"collection":[{"href":"https:\/\/bbn1.bbnradio.org\/spanish\/wp-json\/wp\/v2\/pages"}],"about":[{"href":"https:\/\/bbn1.bbnradio.org\/spanish\/wp-json\/wp\/v2\/types\/page"}],"author":[{"embeddable":true,"href":"https:\/\/bbn1.bbnradio.org\/spanish\/wp-json\/wp\/v2\/users\/3"}],"replies":[{"embeddable":true,"href":"https:\/\/bbn1.bbnradio.org\/spanish\/wp-json\/wp\/v2\/comments?post=14"}],"version-history":[{"count":4,"href":"https:\/\/bbn1.bbnradio.org\/spanish\/wp-json\/wp\/v2\/pages\/14\/revisions"}],"predecessor-version":[{"id":18290,"href":"https:\/\/bbn1.bbnradio.org\/spanish\/wp-json\/wp\/v2\/pages\/14\/revisions\/18290"}],"wp:attachment":[{"href":"https:\/\/bbn1.bbnradio.org\/spanish\/wp-json\/wp\/v2\/media?parent=14"}],"wp:term":[{"taxonomy":"category","embeddable":true,"href":"https:\/\/bbn1.bbnradio.org\/spanish\/wp-json\/wp\/v2\/categories?post=14"},{"taxonomy":"post_tag","embeddable":true,"href":"https:\/\/bbn1.bbnradio.org\/spanish\/wp-json\/wp\/v2\/tags?post=14"}],"curies":[{"name":"wp","href":"https:\/\/api.w.org\/{rel}","templated":true}]}}