{"id":16320,"date":"2020-07-01T10:35:57","date_gmt":"2020-07-01T15:35:57","guid":{"rendered":"http:\/\/bbn1.bbnradio.org\/spanish\/?page_id=16320"},"modified":"2020-07-06T09:39:56","modified_gmt":"2020-07-06T14:39:56","slug":"angel-xavier-pena","status":"publish","type":"page","link":"https:\/\/bbn1.bbnradio.org\/spanish\/quienes-somos\/nuestros-locutores\/angel-xavier-pena\/","title":{"rendered":"Angel Xavier Pena"},"content":{"rendered":"\n<style type=\"text\/css\" data-created_by=\"avia_inline_auto\" id=\"style-css-av-9bljn9-e6070dda5f4e70af5fe80b87ca4169fc\">\n.flex_column.av-9bljn9-e6070dda5f4e70af5fe80b87ca4169fc{\nborder-radius:0px 0px 0px 0px;\npadding:0px 0px 0px 0px;\n}\n<\/style>\n<div  class='flex_column av-9bljn9-e6070dda5f4e70af5fe80b87ca4169fc av_one_fourth  avia-builder-el-0  el_before_av_three_fourth  avia-builder-el-first  first flex_column_div av-zero-column-padding  '     ><p>\n<style type=\"text\/css\" data-created_by=\"avia_inline_auto\" id=\"style-css-av-788hw5-2b9a75356a52e019fc09885b9279b2bb\">\n#top .hr.hr-invisible.av-788hw5-2b9a75356a52e019fc09885b9279b2bb{\nheight:1px;\n}\n<\/style>\n<div  class='hr av-788hw5-2b9a75356a52e019fc09885b9279b2bb hr-invisible  avia-builder-el-1  el_before_av_team_member  avia-builder-el-first '><span class='hr-inner '><span class=\"hr-inner-style\"><\/span><\/span><\/div><br \/>\n<section  class='avia-team-member av-l3yhh-c2a5d776008b7fe23cd359b0d246046e  avia-builder-el-2  el_after_av_hr  avia-builder-el-last '  itemscope=\"itemscope\" itemtype=\"https:\/\/schema.org\/Person\" ><div class=\"team-img-container\"><img data-recalc-dims=\"1\" decoding=\"async\" fetchpriority=\"high\" class='wp-image-16322 avia-img-lazy-loading-not-16322 avia_image avia_image_team' src=\"https:\/\/i0.wp.com\/bbn1.bbnradio.org\/spanish\/wp-content\/uploads\/sites\/5\/2020\/07\/Angel-Xavier-Pena.jpg?w=1500&#038;ssl=1\" alt='Angel Xavier Pe\u00f1a'  itemprop=\"image\"   \/><\/div><h3 class='team-member-name '  itemprop=\"name\" >Angel Xavier Pe\u00f1a<\/h3><div class='team-member-job-title '  itemprop=\"jobTitle\" >Locutor<\/div><span class='hidden team-member-affiliation'  itemprop=\"affiliation\" >BBN<\/span><\/section><\/p><\/div>\n\n<style type=\"text\/css\" data-created_by=\"avia_inline_auto\" id=\"style-css-av-496bw5-f083123458184024372c674205a99c58\">\n.flex_column.av-496bw5-f083123458184024372c674205a99c58{\nborder-radius:0px 0px 0px 0px;\npadding:0px 0px 0px 0px;\n}\n<\/style>\n<div  class='flex_column av-496bw5-f083123458184024372c674205a99c58 av_three_fourth  avia-builder-el-3  el_after_av_one_fourth  avia-builder-el-last  flex_column_div av-zero-column-padding  '     ><section  class='av_textblock_section av-315r51-07b73eb169edae257fd27928d0ef9494 '   itemscope=\"itemscope\" itemtype=\"https:\/\/schema.org\/CreativeWork\" ><div class='avia_textblock'  itemprop=\"text\" ><p>Nac\u00ed en la ciudad de Barquisimeto, Venezuela. Crec\u00ed en un barrio de esa misma ciudad junto a mis hermanos, y a la edad de 10 a\u00f1os tuve la oportunidad de asistir a una Iglesia Cristiana por primera vez. Puedo decir con toda seguridad que desde ese momento comenc\u00e9 a escuchar el Evangelio de Cristo. Recuerdo haber asistido numerosas veces, no solo a la iglesia, sino tambi\u00e9n a las actividades para ni\u00f1os y adolescentes que ellos organizaban en el barrio adonde viv\u00edamos. Sin embargo no hab\u00eda decidido creer y aceptar a Jesucristo como mi salvador personal.<\/p>\n<p>El tiempo fue pasando y cuando ten\u00eda 18 a\u00f1os el Esp\u00edritu Santo de Dios hablo a mi vida mientras estaba escuchando su palabra en la iglesia. Fue ese dia, el 29 de Marzo del a\u00f1o 2009, que tom\u00e9 la decisi\u00f3n que cambiar\u00eda mi vida para siempre. Desde entonces Dios comenz\u00f3 a obrar en mi vida: fui llamado al ministerio, comenc\u00e9 un entrenamiento y preparaci\u00f3n para el ministerio en la iglesia local en la ciudad de Coro, Venezuela trabajando en diferentes \u00e1reas del ministerio, donde tambi\u00e9n escuche por primera vez la emisora de BBN.<\/p>\n<p>Estando en esta ciudad conoc\u00ed a una joven que se convirti\u00f3 en alguien muy especial para mi, ella era de Carolina del Norte, EE.UU y solamente estar\u00eda por alg\u00fan tiempo en la iglesia y luego regresar\u00eda a su pa\u00eds de origen. El tiempo fue pasando y luego Dios me llev\u00f3 a la ciudad de Neiva, Colombia, donde estuve sirviendo al lado de un pastor a quien le agradezco la oportunidad de ministerio.<\/p>\n<p>Finalmente en el a\u00f1o 2018 el Se\u00f1or me trajo a los Estados Unidos de Norteam\u00e9rica en donde me cas\u00e9 con la mujer m\u00e1s hermosa y m\u00e1s espiritual que he conocido, (estoy hablando de la misma jovencita especial), ella es mi esposa, Allegra, con quien comparto y tengo la oportunidad de servir al Se\u00f1or en mi iglesia local.\u00a0 Fue en esta iglesia donde por la gracia de nuestro buen Dios,fui contactado por este ministerio radial que por mucho tiempo mientras estaba en Suram\u00e9rica escuchaba y segu\u00eda. La verdad es un privilegio, un regalo y una bendici\u00f3n de Dios que jam\u00e1s pens\u00e9. Todo empez\u00f3 con El, (Cristo), su obra, su llamado, su misericordia y su gracia. Nunca ha sido lo que yo he hecho, siempre ha sido lo que \u00c9l ha hecho, por eso:<\/p>\n<p>A \u00c9l sea la gloria por los siglos. Am\u00e9n. Romanos 11:36.<\/p>\n<\/div><\/section><\/div>\n<!-- AddThis Advanced Settings generic via filter on the_content --><!-- AddThis Share Buttons generic via filter on the_content -->","protected":false},"excerpt":{"rendered":"<p><!-- AddThis Advanced Settings generic via filter on get_the_excerpt --><!-- AddThis Share Buttons generic via filter on get_the_excerpt --><\/p>\n","protected":false},"author":3,"featured_media":0,"parent":6263,"menu_order":0,"comment_status":"closed","ping_status":"closed","template":"","meta":{"jetpack_post_was_ever_published":false,"footnotes":""},"categories":[],"tags":[],"class_list":["post-16320","page","type-page","status-publish","hentry"],"yoast_head":"<!-- This site is optimized with the Yoast SEO Premium plugin v24.8 (Yoast SEO v24.8.1) - https:\/\/yoast.com\/wordpress\/plugins\/seo\/ -->\n<title>Angel Xavier Pena - BBN<\/title>\n<meta name=\"robots\" content=\"index, follow, max-snippet:-1, max-image-preview:large, max-video-preview:-1\" \/>\n<link rel=\"canonical\" href=\"https:\/\/bbn1.bbnradio.org\/spanish\/quienes-somos\/nuestros-locutores\/angel-xavier-pena\/\" \/>\n<meta property=\"og:locale\" content=\"es_ES\" \/>\n<meta property=\"og:type\" content=\"article\" \/>\n<meta property=\"og:title\" content=\"Nuestros Locutores - Angel Xavier Pena\" \/>\n<meta property=\"og:url\" content=\"https:\/\/bbn1.bbnradio.org\/spanish\/quienes-somos\/nuestros-locutores\/angel-xavier-pena\/\" \/>\n<meta property=\"og:site_name\" content=\"BBN\" \/>\n<meta property=\"article:publisher\" content=\"https:\/\/www.facebook.com\/BBNEspanol\" \/>\n<meta property=\"article:modified_time\" content=\"2020-07-06T14:39:56+00:00\" \/>\n<meta name=\"twitter:card\" content=\"summary_large_image\" \/>\n<meta name=\"twitter:title\" content=\"Nuestros Locutores - Angel Xavier Pena\" \/>\n<meta name=\"twitter:site\" content=\"@BBNEspanol\" \/>\n<meta name=\"twitter:label1\" content=\"Tiempo de lectura\" \/>\n\t<meta name=\"twitter:data1\" content=\"3 minutos\" \/>\n<script type=\"application\/ld+json\" class=\"yoast-schema-graph\">{\"@context\":\"https:\/\/schema.org\",\"@graph\":[{\"@type\":\"WebPage\",\"@id\":\"https:\/\/bbn1.bbnradio.org\/spanish\/quienes-somos\/nuestros-locutores\/angel-xavier-pena\/\",\"url\":\"https:\/\/bbn1.bbnradio.org\/spanish\/quienes-somos\/nuestros-locutores\/angel-xavier-pena\/\",\"name\":\"Angel Xavier Pena - BBN\",\"isPartOf\":{\"@id\":\"https:\/\/bbn1.bbnradio.org\/spanish\/#website\"},\"datePublished\":\"2020-07-01T15:35:57+00:00\",\"dateModified\":\"2020-07-06T14:39:56+00:00\",\"breadcrumb\":{\"@id\":\"https:\/\/bbn1.bbnradio.org\/spanish\/quienes-somos\/nuestros-locutores\/angel-xavier-pena\/#breadcrumb\"},\"inLanguage\":\"es\",\"potentialAction\":[{\"@type\":\"ReadAction\",\"target\":[\"https:\/\/bbn1.bbnradio.org\/spanish\/quienes-somos\/nuestros-locutores\/angel-xavier-pena\/\"]}]},{\"@type\":\"BreadcrumbList\",\"@id\":\"https:\/\/bbn1.bbnradio.org\/spanish\/quienes-somos\/nuestros-locutores\/angel-xavier-pena\/#breadcrumb\",\"itemListElement\":[{\"@type\":\"ListItem\",\"position\":1,\"name\":\"Home\",\"item\":\"https:\/\/bbn1.bbnradio.org\/spanish\/inicio\/\"},{\"@type\":\"ListItem\",\"position\":2,\"name\":\"Quienes somos\",\"item\":\"https:\/\/bbn1.bbnradio.org\/spanish\/quienes-somos\/\"},{\"@type\":\"ListItem\",\"position\":3,\"name\":\"Nuestros Locutores\",\"item\":\"https:\/\/bbn1.bbnradio.org\/spanish\/quienes-somos\/nuestros-locutores\/\"},{\"@type\":\"ListItem\",\"position\":4,\"name\":\"Angel Xavier Pena\"}]},{\"@type\":\"WebSite\",\"@id\":\"https:\/\/bbn1.bbnradio.org\/spanish\/#website\",\"url\":\"https:\/\/bbn1.bbnradio.org\/spanish\/\",\"name\":\"BBN Spanish\",\"description\":\"BBN\",\"potentialAction\":[{\"@type\":\"SearchAction\",\"target\":{\"@type\":\"EntryPoint\",\"urlTemplate\":\"https:\/\/bbn1.bbnradio.org\/spanish\/?s={search_term_string}\"},\"query-input\":{\"@type\":\"PropertyValueSpecification\",\"valueRequired\":true,\"valueName\":\"search_term_string\"}}],\"inLanguage\":\"es\"}]}<\/script>\n<!-- \/ Yoast SEO Premium plugin. -->","yoast_head_json":{"title":"Angel Xavier Pena - BBN","robots":{"index":"index","follow":"follow","max-snippet":"max-snippet:-1","max-image-preview":"max-image-preview:large","max-video-preview":"max-video-preview:-1"},"canonical":"https:\/\/bbn1.bbnradio.org\/spanish\/quienes-somos\/nuestros-locutores\/angel-xavier-pena\/","og_locale":"es_ES","og_type":"article","og_title":"Nuestros Locutores - Angel Xavier Pena","og_url":"https:\/\/bbn1.bbnradio.org\/spanish\/quienes-somos\/nuestros-locutores\/angel-xavier-pena\/","og_site_name":"BBN","article_publisher":"https:\/\/www.facebook.com\/BBNEspanol","article_modified_time":"2020-07-06T14:39:56+00:00","twitter_card":"summary_large_image","twitter_title":"Nuestros Locutores - Angel Xavier Pena","twitter_site":"@BBNEspanol","twitter_misc":{"Tiempo de lectura":"3 minutos"},"schema":{"@context":"https:\/\/schema.org","@graph":[{"@type":"WebPage","@id":"https:\/\/bbn1.bbnradio.org\/spanish\/quienes-somos\/nuestros-locutores\/angel-xavier-pena\/","url":"https:\/\/bbn1.bbnradio.org\/spanish\/quienes-somos\/nuestros-locutores\/angel-xavier-pena\/","name":"Angel Xavier Pena - BBN","isPartOf":{"@id":"https:\/\/bbn1.bbnradio.org\/spanish\/#website"},"datePublished":"2020-07-01T15:35:57+00:00","dateModified":"2020-07-06T14:39:56+00:00","breadcrumb":{"@id":"https:\/\/bbn1.bbnradio.org\/spanish\/quienes-somos\/nuestros-locutores\/angel-xavier-pena\/#breadcrumb"},"inLanguage":"es","potentialAction":[{"@type":"ReadAction","target":["https:\/\/bbn1.bbnradio.org\/spanish\/quienes-somos\/nuestros-locutores\/angel-xavier-pena\/"]}]},{"@type":"BreadcrumbList","@id":"https:\/\/bbn1.bbnradio.org\/spanish\/quienes-somos\/nuestros-locutores\/angel-xavier-pena\/#breadcrumb","itemListElement":[{"@type":"ListItem","position":1,"name":"Home","item":"https:\/\/bbn1.bbnradio.org\/spanish\/inicio\/"},{"@type":"ListItem","position":2,"name":"Quienes somos","item":"https:\/\/bbn1.bbnradio.org\/spanish\/quienes-somos\/"},{"@type":"ListItem","position":3,"name":"Nuestros Locutores","item":"https:\/\/bbn1.bbnradio.org\/spanish\/quienes-somos\/nuestros-locutores\/"},{"@type":"ListItem","position":4,"name":"Angel Xavier Pena"}]},{"@type":"WebSite","@id":"https:\/\/bbn1.bbnradio.org\/spanish\/#website","url":"https:\/\/bbn1.bbnradio.org\/spanish\/","name":"BBN Spanish","description":"BBN","potentialAction":[{"@type":"SearchAction","target":{"@type":"EntryPoint","urlTemplate":"https:\/\/bbn1.bbnradio.org\/spanish\/?s={search_term_string}"},"query-input":{"@type":"PropertyValueSpecification","valueRequired":true,"valueName":"search_term_string"}}],"inLanguage":"es"}]}},"jetpack_sharing_enabled":true,"jetpack_shortlink":"https:\/\/wp.me\/P85nNm-4fe","_links":{"self":[{"href":"https:\/\/bbn1.bbnradio.org\/spanish\/wp-json\/wp\/v2\/pages\/16320","targetHints":{"allow":["GET"]}}],"collection":[{"href":"https:\/\/bbn1.bbnradio.org\/spanish\/wp-json\/wp\/v2\/pages"}],"about":[{"href":"https:\/\/bbn1.bbnradio.org\/spanish\/wp-json\/wp\/v2\/types\/page"}],"author":[{"embeddable":true,"href":"https:\/\/bbn1.bbnradio.org\/spanish\/wp-json\/wp\/v2\/users\/3"}],"replies":[{"embeddable":true,"href":"https:\/\/bbn1.bbnradio.org\/spanish\/wp-json\/wp\/v2\/comments?post=16320"}],"version-history":[{"count":4,"href":"https:\/\/bbn1.bbnradio.org\/spanish\/wp-json\/wp\/v2\/pages\/16320\/revisions"}],"predecessor-version":[{"id":16352,"href":"https:\/\/bbn1.bbnradio.org\/spanish\/wp-json\/wp\/v2\/pages\/16320\/revisions\/16352"}],"up":[{"embeddable":true,"href":"https:\/\/bbn1.bbnradio.org\/spanish\/wp-json\/wp\/v2\/pages\/6263"}],"wp:attachment":[{"href":"https:\/\/bbn1.bbnradio.org\/spanish\/wp-json\/wp\/v2\/media?parent=16320"}],"wp:term":[{"taxonomy":"category","embeddable":true,"href":"https:\/\/bbn1.bbnradio.org\/spanish\/wp-json\/wp\/v2\/categories?post=16320"},{"taxonomy":"post_tag","embeddable":true,"href":"https:\/\/bbn1.bbnradio.org\/spanish\/wp-json\/wp\/v2\/tags?post=16320"}],"curies":[{"name":"wp","href":"https:\/\/api.w.org\/{rel}","templated":true}]}}