{"id":169,"date":"2017-01-20T09:07:12","date_gmt":"2017-01-20T14:07:12","guid":{"rendered":"http:\/\/bbn1.bbnradio.org\/spanish\/?page_id=169"},"modified":"2019-09-16T13:33:07","modified_gmt":"2019-09-16T18:33:07","slug":"give-credit-card-recurring","status":"publish","type":"page","link":"https:\/\/bbn1.bbnradio.org\/spanish\/give-credit-card-recurring\/","title":{"rendered":"Give By Credit Card Recurring"},"content":{"rendered":"\n<style type=\"text\/css\" data-created_by=\"avia_inline_auto\" id=\"style-css-av-av_image-de1fd912446eb208ef69359d39ef830c\">\n.avia-image-container.av-av_image-de1fd912446eb208ef69359d39ef830c img.avia_image{\nbox-shadow:none;\n}\n.avia-image-container.av-av_image-de1fd912446eb208ef69359d39ef830c .av-image-caption-overlay-center{\ncolor:#ffffff;\n}\n<\/style>\n<div  class='avia-image-container av-av_image-de1fd912446eb208ef69359d39ef830c av-styling- avia-align-left  avia-builder-el-0  el_before_av_one_half  avia-builder-el-first '   itemprop=\"image\" itemscope=\"itemscope\" itemtype=\"https:\/\/schema.org\/ImageObject\" ><div class=\"avia-image-container-inner\"><div class=\"avia-image-overlay-wrap\"><img decoding=\"async\" fetchpriority=\"high\" class='wp-image-110 avia-img-lazy-loading-not-110 avia_image ' src=\"https:\/\/i0.wp.com\/bbn1.bbnradio.org\/spanish\/wp-content\/uploads\/sites\/5\/2016\/02\/BBN-Welcome.jpg?fit=300%2C157&ssl=1\" alt='BBN' title='BBN'  height=\"157\" width=\"300\"  itemprop=\"thumbnailUrl\" srcset=\"https:\/\/i0.wp.com\/bbn1.bbnradio.org\/spanish\/wp-content\/uploads\/sites\/5\/2016\/02\/BBN-Welcome.jpg?w=600&amp;ssl=1 600w, https:\/\/i0.wp.com\/bbn1.bbnradio.org\/spanish\/wp-content\/uploads\/sites\/5\/2016\/02\/BBN-Welcome.jpg?resize=300%2C157&amp;ssl=1 300w, https:\/\/i0.wp.com\/bbn1.bbnradio.org\/spanish\/wp-content\/uploads\/sites\/5\/2016\/02\/BBN-Welcome.jpg?resize=450%2C235&amp;ssl=1 450w\" sizes=\"(max-width: 300px) 100vw, 300px\" \/><\/div><\/div><\/div>\n\n<style type=\"text\/css\" data-created_by=\"avia_inline_auto\" id=\"style-css-av-av_one_half-6126cab7d8fab8d08143dd2dacdf673c\">\n.flex_column.av-av_one_half-6126cab7d8fab8d08143dd2dacdf673c{\nborder-radius:0px 0px 0px 0px;\npadding:0px 0px 0px 0px;\n}\n<\/style>\n<div  class='flex_column av-av_one_half-6126cab7d8fab8d08143dd2dacdf673c av_one_half  avia-builder-el-1  el_after_av_image  avia-builder-el-last  first flex_column_div av-zero-column-padding  '     ><section  class='av_textblock_section av-av_textblock-fa0e54749b42fd17d0015d93057d72ae '   itemscope=\"itemscope\" itemtype=\"https:\/\/schema.org\/CreativeWork\" ><div class='avia_textblock'  itemprop=\"text\" >\n<div class=\"wpcf7 no-js\" id=\"wpcf7-f166-o1\" lang=\"en-US\" dir=\"ltr\">\n<div class=\"screen-reader-response\"><p role=\"status\" aria-live=\"polite\" aria-atomic=\"true\"><\/p> <ul><\/ul><\/div>\n<form action=\"\/spanish\/wp-json\/wp\/v2\/pages\/169#wpcf7-f166-o1\" method=\"post\" class=\"wpcf7-form init\" aria-label=\"Contact form\" novalidate=\"novalidate\" data-status=\"init\">\n<div style=\"display: none;\">\n<input type=\"hidden\" name=\"_wpcf7\" value=\"166\" \/>\n<input type=\"hidden\" name=\"_wpcf7_version\" value=\"5.7.6\" \/>\n<input type=\"hidden\" name=\"_wpcf7_locale\" value=\"en_US\" \/>\n<input type=\"hidden\" name=\"_wpcf7_unit_tag\" value=\"wpcf7-f166-o1\" \/>\n<input type=\"hidden\" name=\"_wpcf7_container_post\" value=\"0\" \/>\n<input type=\"hidden\" name=\"_wpcf7_posted_data_hash\" value=\"\" \/>\n<\/div>\n<p>Esta p\u00e1gina es para establecer pagos autom\u00e1ticos mensuales con su tarjeta de cr\u00e9dito. Si prefiere hacer una donaci\u00f3n \u00fanica, vaya a <a href=\"https:\/\/raisedonors.com\/bbn\/spanish\">\u00e9sta p\u00e1gina<\/a>.\n<\/p>\n<p>(*) Es un indicador de informaci\u00f3n imprescindible\n<\/p>\n<p>Correo electr\u00f3nico*\n<\/p>\n<p><span class=\"wpcf7-form-control-wrap\" data-name=\"your-email\"><input size=\"40\" class=\"wpcf7-form-control wpcf7-text wpcf7-email wpcf7-validates-as-required wpcf7-validates-as-email\" aria-required=\"true\" aria-invalid=\"false\" value=\"\" type=\"email\" name=\"your-email\" \/><\/span>\n<\/p>\n<p>Ingrese nuevamente su correo electr\u00f3nico:*\n<\/p>\n<p><span class=\"wpcf7-form-control-wrap\" data-name=\"your-email-again\"><input size=\"40\" class=\"wpcf7-form-control wpcf7-text wpcf7-email wpcf7-validates-as-required wpcf7-validates-as-email\" aria-required=\"true\" aria-invalid=\"false\" value=\"\" type=\"email\" name=\"your-email-again\" \/><\/span>\n<\/p>\n<p>Nombre completo*\n<\/p>\n<p><span class=\"wpcf7-form-control-wrap\" data-name=\"your-name\"><input size=\"40\" class=\"wpcf7-form-control wpcf7-text wpcf7-validates-as-required\" aria-required=\"true\" aria-invalid=\"false\" value=\"\" type=\"text\" name=\"your-name\" \/><\/span>\n<\/p>\n<p>Direcci\u00f3n postal completa (incluyendo ciudad, provincia o estado, pa\u00eds y c\u00f3digo postal)\n<\/p>\n<p><span class=\"wpcf7-form-control-wrap\" data-name=\"your-address\"><textarea cols=\"40\" rows=\"10\" class=\"wpcf7-form-control wpcf7-textarea wpcf7-validates-as-required\" aria-required=\"true\" aria-invalid=\"false\" name=\"your-address\"><\/textarea><\/span>\n<\/p>\n<p>N\u00famero telef\u00f3nico*\n<\/p>\n<p><span class=\"wpcf7-form-control-wrap\" data-name=\"your-phone\"><input size=\"40\" class=\"wpcf7-form-control wpcf7-text wpcf7-validates-as-required\" aria-required=\"true\" aria-invalid=\"false\" value=\"\" type=\"text\" name=\"your-phone\" \/><\/span>\n<\/p>\n<p>Nombre exacto que aparece en la tarjeta de cr\u00e9dito*\n<\/p>\n<p><span class=\"wpcf7-form-control-wrap\" data-name=\"card-name\"><input size=\"40\" class=\"wpcf7-form-control wpcf7-text wpcf7-validates-as-required\" aria-required=\"true\" aria-invalid=\"false\" value=\"\" type=\"text\" name=\"card-name\" \/><\/span>\n<\/p>\n<p>N\u00famero de tarjeta* (ej. 1234123412341234)\n<\/p>\n<p><span class=\"wpcf7-form-control-wrap\" data-name=\"card-number\"><input size=\"40\" class=\"wpcf7-form-control wpcf7-text wpcf7-validates-as-required\" aria-required=\"true\" aria-invalid=\"false\" value=\"\" type=\"text\" name=\"card-number\" \/><\/span>\n<\/p>\n<p>Tipo de tarjeta*<br \/>\n<span class=\"wpcf7-form-control-wrap\" data-name=\"menu-148\"><select class=\"wpcf7-form-control wpcf7-select wpcf7-validates-as-required\" aria-required=\"true\" aria-invalid=\"false\" name=\"menu-148\"><option value=\"\">&#8212;Please choose an option&#8212;<\/option><option value=\"Visa\">Visa<\/option><option value=\"Mastercard\">Mastercard<\/option><option value=\"American Express\">American Express<\/option><option value=\"Discover\">Discover<\/option><\/select><\/span>\n<\/p>\n<table>\n\t<tr>\n\t\t<p>Fecha de vencimiento*\n\t\t<\/p>\n\t\t<td>\n\t\t\t<p>mes:<br \/>\n<span class=\"wpcf7-form-control-wrap\" data-name=\"menu-150\"><select class=\"wpcf7-form-control wpcf7-select wpcf7-validates-as-required\" aria-required=\"true\" aria-invalid=\"false\" name=\"menu-150\"><option value=\"\">&#8212;Please choose an option&#8212;<\/option><option value=\"01\">01<\/option><option value=\"02\">02<\/option><option value=\"03\">03<\/option><option value=\"04\">04<\/option><option value=\"05\">05<\/option><option value=\"06\">06<\/option><option value=\"07\">07<\/option><option value=\"08\">08<\/option><option value=\"09\">09<\/option><option value=\"10\">10<\/option><option value=\"11\">11<\/option><option value=\"12\">12<\/option><\/select><\/span>\n\t\t\t<\/p>\n\t\t<\/td>\n\t\t<td>\n\t\t\t<p>a\u00f1o:<br \/>\n<span class=\"wpcf7-form-control-wrap\" data-name=\"menu-151\"><select class=\"wpcf7-form-control wpcf7-select wpcf7-validates-as-required\" aria-required=\"true\" aria-invalid=\"false\" name=\"menu-151\"><option value=\"\">&#8212;Please choose an option&#8212;<\/option><option value=\"2017\">2017<\/option><option value=\"2018\">2018<\/option><option value=\"2019\">2019<\/option><option value=\"2020\">2020<\/option><option value=\"2021\">2021<\/option><option value=\"2022\">2022<\/option><option value=\"2023\">2023<\/option><option value=\"2024\">2024<\/option><option value=\"2025\">2025<\/option><option value=\"2026\">2026<\/option><option value=\"2027\">2027<\/option><option value=\"2028\">2028<\/option><\/select><\/span>\n\t\t\t<\/p>\n\t\t<\/td>\n\t<\/tr>\n<\/table>\n<p>\u200b\u200b\u200bMonto, \u200b\u200b\u200ben d\u00f3lares estadounidenses \u200b(USD\u200b) $\u200b\u200b\n<\/p>\n<p><span class=\"wpcf7-form-control-wrap\" data-name=\"gift-amount\"><input size=\"40\" class=\"wpcf7-form-control wpcf7-text wpcf7-validates-as-required\" aria-required=\"true\" aria-invalid=\"false\" value=\"\" type=\"text\" name=\"gift-amount\" \/><\/span>\n<\/p>\n<p>Conversor de moneda <a href=\"https:\/\/www.oanda.com\/currency\/converter\/\">Pulse aqu\u00ed<\/a>.\n<\/p>\n<p>\u200b\u200bPor favor, elija la opci\u00f3n que le sea m\u00e1s conveniente (cantidad de meses)*<br \/>\n<span class=\"wpcf7-form-control-wrap\" data-name=\"menu-140\"><select class=\"wpcf7-form-control wpcf7-select wpcf7-validates-as-required\" aria-required=\"true\" aria-invalid=\"false\" name=\"menu-140\"><option value=\"\">&#8212;Please choose an option&#8212;<\/option><option value=\"cantidad mensual por 2 meses - 2 months.\">cantidad mensual por 2 meses - 2 months.<\/option><option value=\"cantidad mensual por 3 meses - 3 months.\">cantidad mensual por 3 meses - 3 months.<\/option><option value=\"cantidad mensual por 4 meses - 4 months.\">cantidad mensual por 4 meses - 4 months.<\/option><option value=\"cantidad mensual por 5 meses - 5 months.\">cantidad mensual por 5 meses - 5 months.<\/option><option value=\"cantidad mensual por 6 meses - 6 months.\">cantidad mensual por 6 meses - 6 months.<\/option><option value=\"cantidad mensual por 7 meses - 7 months.\">cantidad mensual por 7 meses - 7 months.<\/option><option value=\"cantidad mensual por 8 meses - 8 months.\">cantidad mensual por 8 meses - 8 months.<\/option><option value=\"cantidad mensual por 9 meses - 9 months.\">cantidad mensual por 9 meses - 9 months.<\/option><option value=\"cantidad mensual por 10 meses - 10 months.\">cantidad mensual por 10 meses - 10 months.<\/option><option value=\"cantidad mensual por 11 meses - 11 months.\">cantidad mensual por 11 meses - 11 months.<\/option><option value=\"cantidad mensual por 12 meses - 12 months.\">cantidad mensual por 12 meses - 12 months.<\/option><option value=\"es la cantidad por cada mes hasta que les notifique un cambio - until I notify BBN to stop\">es la cantidad por cada mes hasta que les notifique un cambio - until I notify BBN to stop<\/option><\/select><\/span>\n<\/p>\n<p>Comentarios (Opcional):\n<\/p>\n<p><span class=\"wpcf7-form-control-wrap\" data-name=\"your-comments\"><textarea cols=\"40\" rows=\"10\" class=\"wpcf7-form-control wpcf7-textarea\" aria-invalid=\"false\" name=\"your-comments\"><\/textarea><\/span>\n<\/p>\n<p><span id=\"wpcf7-69f265381c0a0-wrapper\" class=\"wpcf7-form-control-wrap honeypot-918-wrap\" ><label for=\"wpcf7-69f265381c0a0-field\" class=\"hp-message\">Please leave this field empty.<\/label><input id=\"wpcf7-69f265381c0a0-field\"  class=\"wpcf7-form-control wpcf7-text\" type=\"text\" name=\"honeypot-918\" value=\"\" size=\"40\" tabindex=\"-1\" autocomplete=\"new-password\" \/><\/span>\n<\/p>\n<p><input class=\"wpcf7-form-control has-spinner wpcf7-submit\" type=\"submit\" value=\"Enviar la donaci\u00f3n\" \/>\n<\/p><p style=\"display: none !important;\" class=\"akismet-fields-container\" data-prefix=\"_wpcf7_ak_\"><label>&#916;<textarea name=\"_wpcf7_ak_hp_textarea\" cols=\"45\" rows=\"8\" maxlength=\"100\"><\/textarea><\/label><input type=\"hidden\" id=\"ak_js_1\" name=\"_wpcf7_ak_js\" value=\"158\"\/><script>document.getElementById( \"ak_js_1\" ).setAttribute( \"value\", ( new Date() ).getTime() );<\/script><\/p><div class=\"wpcf7-response-output\" aria-hidden=\"true\"><\/div>\n<\/form>\n<\/div>\n\n<\/div><\/section><\/div>\n<!-- AddThis Advanced Settings generic via filter on the_content --><!-- AddThis Share Buttons generic via filter on the_content -->","protected":false},"excerpt":{"rendered":"<p><!-- AddThis Advanced Settings generic via filter on get_the_excerpt --><!-- AddThis Share Buttons generic via filter on get_the_excerpt --><\/p>\n","protected":false},"author":3,"featured_media":0,"parent":0,"menu_order":0,"comment_status":"closed","ping_status":"closed","template":"","meta":{"jetpack_post_was_ever_published":false,"footnotes":""},"class_list":["post-169","page","type-page","status-publish","hentry"],"yoast_head":"<!-- This site is optimized with the Yoast SEO Premium plugin v24.8 (Yoast SEO v24.8.1) - https:\/\/yoast.com\/wordpress\/plugins\/seo\/ -->\n<title>Give By Credit Card Recurring - BBN<\/title>\n<meta name=\"robots\" content=\"index, follow, max-snippet:-1, max-image-preview:large, max-video-preview:-1\" \/>\n<link rel=\"canonical\" href=\"https:\/\/bbn1.bbnradio.org\/spanish\/give-credit-card-recurring\/\" \/>\n<meta property=\"og:locale\" content=\"es_ES\" \/>\n<meta property=\"og:type\" content=\"article\" \/>\n<meta property=\"og:title\" content=\"Give By Credit Card Recurring\" \/>\n<meta property=\"og:url\" content=\"https:\/\/bbn1.bbnradio.org\/spanish\/give-credit-card-recurring\/\" \/>\n<meta property=\"og:site_name\" content=\"BBN\" \/>\n<meta property=\"article:publisher\" content=\"https:\/\/www.facebook.com\/BBNEspanol\" \/>\n<meta property=\"article:modified_time\" content=\"2019-09-16T18:33:07+00:00\" \/>\n<meta name=\"twitter:card\" content=\"summary_large_image\" \/>\n<meta name=\"twitter:site\" content=\"@BBNEspanol\" \/>\n<meta name=\"twitter:label1\" content=\"Tiempo de lectura\" \/>\n\t<meta name=\"twitter:data1\" content=\"1 minuto\" \/>\n<script type=\"application\/ld+json\" class=\"yoast-schema-graph\">{\"@context\":\"https:\/\/schema.org\",\"@graph\":[{\"@type\":\"WebPage\",\"@id\":\"https:\/\/bbn1.bbnradio.org\/spanish\/give-credit-card-recurring\/\",\"url\":\"https:\/\/bbn1.bbnradio.org\/spanish\/give-credit-card-recurring\/\",\"name\":\"Give By Credit Card Recurring - BBN\",\"isPartOf\":{\"@id\":\"https:\/\/bbn1.bbnradio.org\/spanish\/#website\"},\"datePublished\":\"2017-01-20T14:07:12+00:00\",\"dateModified\":\"2019-09-16T18:33:07+00:00\",\"breadcrumb\":{\"@id\":\"https:\/\/bbn1.bbnradio.org\/spanish\/give-credit-card-recurring\/#breadcrumb\"},\"inLanguage\":\"es\",\"potentialAction\":[{\"@type\":\"ReadAction\",\"target\":[\"https:\/\/bbn1.bbnradio.org\/spanish\/give-credit-card-recurring\/\"]}]},{\"@type\":\"BreadcrumbList\",\"@id\":\"https:\/\/bbn1.bbnradio.org\/spanish\/give-credit-card-recurring\/#breadcrumb\",\"itemListElement\":[{\"@type\":\"ListItem\",\"position\":1,\"name\":\"Home\",\"item\":\"https:\/\/bbn1.bbnradio.org\/spanish\/inicio\/\"},{\"@type\":\"ListItem\",\"position\":2,\"name\":\"Give By Credit Card Recurring\"}]},{\"@type\":\"WebSite\",\"@id\":\"https:\/\/bbn1.bbnradio.org\/spanish\/#website\",\"url\":\"https:\/\/bbn1.bbnradio.org\/spanish\/\",\"name\":\"BBN Spanish\",\"description\":\"BBN\",\"potentialAction\":[{\"@type\":\"SearchAction\",\"target\":{\"@type\":\"EntryPoint\",\"urlTemplate\":\"https:\/\/bbn1.bbnradio.org\/spanish\/?s={search_term_string}\"},\"query-input\":{\"@type\":\"PropertyValueSpecification\",\"valueRequired\":true,\"valueName\":\"search_term_string\"}}],\"inLanguage\":\"es\"}]}<\/script>\n<!-- \/ Yoast SEO Premium plugin. -->","yoast_head_json":{"title":"Give By Credit Card Recurring - BBN","robots":{"index":"index","follow":"follow","max-snippet":"max-snippet:-1","max-image-preview":"max-image-preview:large","max-video-preview":"max-video-preview:-1"},"canonical":"https:\/\/bbn1.bbnradio.org\/spanish\/give-credit-card-recurring\/","og_locale":"es_ES","og_type":"article","og_title":"Give By Credit Card Recurring","og_url":"https:\/\/bbn1.bbnradio.org\/spanish\/give-credit-card-recurring\/","og_site_name":"BBN","article_publisher":"https:\/\/www.facebook.com\/BBNEspanol","article_modified_time":"2019-09-16T18:33:07+00:00","twitter_card":"summary_large_image","twitter_site":"@BBNEspanol","twitter_misc":{"Tiempo de lectura":"1 minuto"},"schema":{"@context":"https:\/\/schema.org","@graph":[{"@type":"WebPage","@id":"https:\/\/bbn1.bbnradio.org\/spanish\/give-credit-card-recurring\/","url":"https:\/\/bbn1.bbnradio.org\/spanish\/give-credit-card-recurring\/","name":"Give By Credit Card Recurring - BBN","isPartOf":{"@id":"https:\/\/bbn1.bbnradio.org\/spanish\/#website"},"datePublished":"2017-01-20T14:07:12+00:00","dateModified":"2019-09-16T18:33:07+00:00","breadcrumb":{"@id":"https:\/\/bbn1.bbnradio.org\/spanish\/give-credit-card-recurring\/#breadcrumb"},"inLanguage":"es","potentialAction":[{"@type":"ReadAction","target":["https:\/\/bbn1.bbnradio.org\/spanish\/give-credit-card-recurring\/"]}]},{"@type":"BreadcrumbList","@id":"https:\/\/bbn1.bbnradio.org\/spanish\/give-credit-card-recurring\/#breadcrumb","itemListElement":[{"@type":"ListItem","position":1,"name":"Home","item":"https:\/\/bbn1.bbnradio.org\/spanish\/inicio\/"},{"@type":"ListItem","position":2,"name":"Give By Credit Card Recurring"}]},{"@type":"WebSite","@id":"https:\/\/bbn1.bbnradio.org\/spanish\/#website","url":"https:\/\/bbn1.bbnradio.org\/spanish\/","name":"BBN Spanish","description":"BBN","potentialAction":[{"@type":"SearchAction","target":{"@type":"EntryPoint","urlTemplate":"https:\/\/bbn1.bbnradio.org\/spanish\/?s={search_term_string}"},"query-input":{"@type":"PropertyValueSpecification","valueRequired":true,"valueName":"search_term_string"}}],"inLanguage":"es"}]}},"jetpack_sharing_enabled":true,"jetpack_shortlink":"https:\/\/wp.me\/P85nNm-2J","_links":{"self":[{"href":"https:\/\/bbn1.bbnradio.org\/spanish\/wp-json\/wp\/v2\/pages\/169","targetHints":{"allow":["GET"]}}],"collection":[{"href":"https:\/\/bbn1.bbnradio.org\/spanish\/wp-json\/wp\/v2\/pages"}],"about":[{"href":"https:\/\/bbn1.bbnradio.org\/spanish\/wp-json\/wp\/v2\/types\/page"}],"author":[{"embeddable":true,"href":"https:\/\/bbn1.bbnradio.org\/spanish\/wp-json\/wp\/v2\/users\/3"}],"replies":[{"embeddable":true,"href":"https:\/\/bbn1.bbnradio.org\/spanish\/wp-json\/wp\/v2\/comments?post=169"}],"version-history":[{"count":3,"href":"https:\/\/bbn1.bbnradio.org\/spanish\/wp-json\/wp\/v2\/pages\/169\/revisions"}],"predecessor-version":[{"id":15339,"href":"https:\/\/bbn1.bbnradio.org\/spanish\/wp-json\/wp\/v2\/pages\/169\/revisions\/15339"}],"wp:attachment":[{"href":"https:\/\/bbn1.bbnradio.org\/spanish\/wp-json\/wp\/v2\/media?parent=169"}],"curies":[{"name":"wp","href":"https:\/\/api.w.org\/{rel}","templated":true}]}}