{"id":17560,"date":"2022-08-15T08:19:43","date_gmt":"2022-08-15T13:19:43","guid":{"rendered":"https:\/\/bbn1.bbnradio.org\/spanish\/?page_id=17560"},"modified":"2023-01-12T09:43:22","modified_gmt":"2023-01-12T14:43:22","slug":"santiago-carrasco-3","status":"publish","type":"page","link":"https:\/\/bbn1.bbnradio.org\/spanish\/quienes-somos\/nuestros-locutores\/santiago-carrasco-3\/","title":{"rendered":"Santiago Carrasco"},"content":{"rendered":"\n<style type=\"text\/css\" data-created_by=\"avia_inline_auto\" id=\"style-css-av-97pss3-10919cc28eb0d71d95828e9e59fd2cfb\">\n.flex_column.av-97pss3-10919cc28eb0d71d95828e9e59fd2cfb{\nborder-radius:0px 0px 0px 0px;\npadding:0px 0px 0px 0px;\n}\n<\/style>\n<div  class='flex_column av-97pss3-10919cc28eb0d71d95828e9e59fd2cfb av_one_fourth  avia-builder-el-0  el_before_av_three_fourth  avia-builder-el-first  first flex_column_div av-zero-column-padding  '     ><p>\n<style type=\"text\/css\" data-created_by=\"avia_inline_auto\" id=\"style-css-av-7q155v-ced6f8d77d46a1de274c6090569744eb\">\n#top .hr.hr-invisible.av-7q155v-ced6f8d77d46a1de274c6090569744eb{\nheight:1px;\n}\n<\/style>\n<div  class='hr av-7q155v-ced6f8d77d46a1de274c6090569744eb hr-invisible  avia-builder-el-1  el_before_av_team_member  avia-builder-el-first '><span class='hr-inner '><span class=\"hr-inner-style\"><\/span><\/span><\/div><br \/>\n<section  class='avia-team-member av-5aif8j-6979bc34e5410513092d16793266e88a  avia-builder-el-2  el_after_av_hr  avia-builder-el-last '  itemscope=\"itemscope\" itemtype=\"https:\/\/schema.org\/Person\" ><div class=\"team-img-container\"><img decoding=\"async\" fetchpriority=\"high\" class='wp-image-17487 avia-img-lazy-loading-not-17487 avia_image avia_image_team' src=\"https:\/\/i0.wp.com\/bbn1.bbnradio.org\/spanish\/wp-content\/uploads\/sites\/5\/2022\/08\/Santiago-Carrasco.jpg?fit=1200%2C1800&ssl=1\" alt='Santiago Carrasco'  itemprop=\"image\"   height=\"1800\" width=\"1200\" \/><\/div><h3 class='team-member-name '  itemprop=\"name\" >Santiago Carrasco<\/h3><div class='team-member-job-title '  itemprop=\"jobTitle\" >Locutor<\/div><span class='hidden team-member-affiliation'  itemprop=\"affiliation\" >BBN<\/span><\/section><\/p><\/div>\n\n<style type=\"text\/css\" data-created_by=\"avia_inline_auto\" id=\"style-css-av-4mj2zn-01a5dd73836d8662c4d65da9add98d87\">\n.flex_column.av-4mj2zn-01a5dd73836d8662c4d65da9add98d87{\nborder-radius:0px 0px 0px 0px;\npadding:0px 0px 0px 0px;\n}\n<\/style>\n<div  class='flex_column av-4mj2zn-01a5dd73836d8662c4d65da9add98d87 av_three_fourth  avia-builder-el-3  el_after_av_one_fourth  avia-builder-el-last  flex_column_div av-zero-column-padding  '     ><section  class='av_textblock_section av-1wvzs3-4b2a5230c975b1e37bd71617dd67d92f '   itemscope=\"itemscope\" itemtype=\"https:\/\/schema.org\/CreativeWork\" ><div class='avia_textblock'  itemprop=\"text\" ><p>Nac\u00ed en una familia cristiana, y gracias a Dios mis padres me guiaron junto a mis hermanos en los caminos de Dios, pero no fue hasta los 11 a\u00f1os que comprend\u00ed verdaderamente el evangelio. Mi padre, quien es pastor en una iglesia en Santiago de Chile, estaba predicando para un grupo de j\u00f3venes y ah\u00ed fue cuando realmente comprend\u00ed que necesitaba a Cristo como mi \u00fanico y suficiente Salvador personal.<br \/>\nCon el tiempo Dios fue trabajando en mi vida espiritual, y fui a estudiar a Palabra de Vida en Argentina con el deseo de servir a Dios.<br \/>\nEn ese lugar conoc\u00ed a mi esposa Teresa Harris, y en el 2011 nos casamos en Indiana, EE. UU.<br \/>\nDios sigui\u00f3 obrando en nuestras vidas y nos permiti\u00f3 llegar al ministerio de BBN en Charlotte, EE. UU.<br \/>\nDoy gracias a Dios por la oportunidad de servirle en este ministerio.<\/p>\n<\/div><\/section><\/div>\n<!-- AddThis Advanced Settings generic via filter on the_content --><!-- AddThis Share Buttons generic via filter on the_content -->","protected":false},"excerpt":{"rendered":"<p><!-- AddThis Advanced Settings generic via filter on get_the_excerpt --><!-- AddThis Share Buttons generic via filter on get_the_excerpt --><\/p>\n","protected":false},"author":3,"featured_media":0,"parent":6263,"menu_order":0,"comment_status":"closed","ping_status":"closed","template":"","meta":{"jetpack_post_was_ever_published":false,"footnotes":""},"categories":[],"tags":[],"class_list":["post-17560","page","type-page","status-publish","hentry"],"yoast_head":"<!-- This site is optimized with the Yoast SEO Premium plugin v24.8 (Yoast SEO v24.8.1) - https:\/\/yoast.com\/wordpress\/plugins\/seo\/ -->\n<title>Santiago Carrasco - BBN<\/title>\n<meta name=\"robots\" content=\"index, follow, max-snippet:-1, max-image-preview:large, max-video-preview:-1\" \/>\n<link rel=\"canonical\" href=\"https:\/\/bbn1.bbnradio.org\/spanish\/quienes-somos\/nuestros-locutores\/santiago-carrasco-3\/\" \/>\n<meta property=\"og:locale\" content=\"es_ES\" \/>\n<meta property=\"og:type\" content=\"article\" \/>\n<meta property=\"og:title\" content=\"Nuestros Locutores - Santiago Carrasco\" \/>\n<meta property=\"og:description\" content=\"Santiago Carrasco - Facebook\" \/>\n<meta property=\"og:url\" content=\"https:\/\/bbn1.bbnradio.org\/spanish\/quienes-somos\/nuestros-locutores\/santiago-carrasco-3\/\" \/>\n<meta property=\"og:site_name\" content=\"BBN\" \/>\n<meta property=\"article:publisher\" content=\"https:\/\/www.facebook.com\/BBNEspanol\" \/>\n<meta property=\"article:modified_time\" content=\"2023-01-12T14:43:22+00:00\" \/>\n<meta name=\"twitter:card\" content=\"summary_large_image\" \/>\n<meta name=\"twitter:title\" content=\"Nuestros Locutores - Santiago Carrasco\" \/>\n<meta name=\"twitter:description\" content=\"Santiago Carrasco - Twitter\" \/>\n<meta name=\"twitter:site\" content=\"@BBNEspanol\" \/>\n<meta name=\"twitter:label1\" content=\"Tiempo de lectura\" \/>\n\t<meta name=\"twitter:data1\" content=\"2 minutos\" \/>\n<script type=\"application\/ld+json\" class=\"yoast-schema-graph\">{\"@context\":\"https:\/\/schema.org\",\"@graph\":[{\"@type\":\"WebPage\",\"@id\":\"https:\/\/bbn1.bbnradio.org\/spanish\/quienes-somos\/nuestros-locutores\/santiago-carrasco-3\/\",\"url\":\"https:\/\/bbn1.bbnradio.org\/spanish\/quienes-somos\/nuestros-locutores\/santiago-carrasco-3\/\",\"name\":\"Santiago Carrasco - BBN\",\"isPartOf\":{\"@id\":\"https:\/\/bbn1.bbnradio.org\/spanish\/#website\"},\"datePublished\":\"2022-08-15T13:19:43+00:00\",\"dateModified\":\"2023-01-12T14:43:22+00:00\",\"breadcrumb\":{\"@id\":\"https:\/\/bbn1.bbnradio.org\/spanish\/quienes-somos\/nuestros-locutores\/santiago-carrasco-3\/#breadcrumb\"},\"inLanguage\":\"es\",\"potentialAction\":[{\"@type\":\"ReadAction\",\"target\":[\"https:\/\/bbn1.bbnradio.org\/spanish\/quienes-somos\/nuestros-locutores\/santiago-carrasco-3\/\"]}]},{\"@type\":\"BreadcrumbList\",\"@id\":\"https:\/\/bbn1.bbnradio.org\/spanish\/quienes-somos\/nuestros-locutores\/santiago-carrasco-3\/#breadcrumb\",\"itemListElement\":[{\"@type\":\"ListItem\",\"position\":1,\"name\":\"Home\",\"item\":\"https:\/\/bbn1.bbnradio.org\/spanish\/inicio\/\"},{\"@type\":\"ListItem\",\"position\":2,\"name\":\"Quienes somos\",\"item\":\"https:\/\/bbn1.bbnradio.org\/spanish\/quienes-somos\/\"},{\"@type\":\"ListItem\",\"position\":3,\"name\":\"Nuestros Locutores\",\"item\":\"https:\/\/bbn1.bbnradio.org\/spanish\/quienes-somos\/nuestros-locutores\/\"},{\"@type\":\"ListItem\",\"position\":4,\"name\":\"Santiago Carrasco\"}]},{\"@type\":\"WebSite\",\"@id\":\"https:\/\/bbn1.bbnradio.org\/spanish\/#website\",\"url\":\"https:\/\/bbn1.bbnradio.org\/spanish\/\",\"name\":\"BBN Spanish\",\"description\":\"BBN\",\"potentialAction\":[{\"@type\":\"SearchAction\",\"target\":{\"@type\":\"EntryPoint\",\"urlTemplate\":\"https:\/\/bbn1.bbnradio.org\/spanish\/?s={search_term_string}\"},\"query-input\":{\"@type\":\"PropertyValueSpecification\",\"valueRequired\":true,\"valueName\":\"search_term_string\"}}],\"inLanguage\":\"es\"}]}<\/script>\n<!-- \/ Yoast SEO Premium plugin. -->","yoast_head_json":{"title":"Santiago Carrasco - BBN","robots":{"index":"index","follow":"follow","max-snippet":"max-snippet:-1","max-image-preview":"max-image-preview:large","max-video-preview":"max-video-preview:-1"},"canonical":"https:\/\/bbn1.bbnradio.org\/spanish\/quienes-somos\/nuestros-locutores\/santiago-carrasco-3\/","og_locale":"es_ES","og_type":"article","og_title":"Nuestros Locutores - Santiago Carrasco","og_description":"Santiago Carrasco - Facebook","og_url":"https:\/\/bbn1.bbnradio.org\/spanish\/quienes-somos\/nuestros-locutores\/santiago-carrasco-3\/","og_site_name":"BBN","article_publisher":"https:\/\/www.facebook.com\/BBNEspanol","article_modified_time":"2023-01-12T14:43:22+00:00","twitter_card":"summary_large_image","twitter_title":"Nuestros Locutores - Santiago Carrasco","twitter_description":"Santiago Carrasco - Twitter","twitter_site":"@BBNEspanol","twitter_misc":{"Tiempo de lectura":"2 minutos"},"schema":{"@context":"https:\/\/schema.org","@graph":[{"@type":"WebPage","@id":"https:\/\/bbn1.bbnradio.org\/spanish\/quienes-somos\/nuestros-locutores\/santiago-carrasco-3\/","url":"https:\/\/bbn1.bbnradio.org\/spanish\/quienes-somos\/nuestros-locutores\/santiago-carrasco-3\/","name":"Santiago Carrasco - BBN","isPartOf":{"@id":"https:\/\/bbn1.bbnradio.org\/spanish\/#website"},"datePublished":"2022-08-15T13:19:43+00:00","dateModified":"2023-01-12T14:43:22+00:00","breadcrumb":{"@id":"https:\/\/bbn1.bbnradio.org\/spanish\/quienes-somos\/nuestros-locutores\/santiago-carrasco-3\/#breadcrumb"},"inLanguage":"es","potentialAction":[{"@type":"ReadAction","target":["https:\/\/bbn1.bbnradio.org\/spanish\/quienes-somos\/nuestros-locutores\/santiago-carrasco-3\/"]}]},{"@type":"BreadcrumbList","@id":"https:\/\/bbn1.bbnradio.org\/spanish\/quienes-somos\/nuestros-locutores\/santiago-carrasco-3\/#breadcrumb","itemListElement":[{"@type":"ListItem","position":1,"name":"Home","item":"https:\/\/bbn1.bbnradio.org\/spanish\/inicio\/"},{"@type":"ListItem","position":2,"name":"Quienes somos","item":"https:\/\/bbn1.bbnradio.org\/spanish\/quienes-somos\/"},{"@type":"ListItem","position":3,"name":"Nuestros Locutores","item":"https:\/\/bbn1.bbnradio.org\/spanish\/quienes-somos\/nuestros-locutores\/"},{"@type":"ListItem","position":4,"name":"Santiago Carrasco"}]},{"@type":"WebSite","@id":"https:\/\/bbn1.bbnradio.org\/spanish\/#website","url":"https:\/\/bbn1.bbnradio.org\/spanish\/","name":"BBN Spanish","description":"BBN","potentialAction":[{"@type":"SearchAction","target":{"@type":"EntryPoint","urlTemplate":"https:\/\/bbn1.bbnradio.org\/spanish\/?s={search_term_string}"},"query-input":{"@type":"PropertyValueSpecification","valueRequired":true,"valueName":"search_term_string"}}],"inLanguage":"es"}]}},"jetpack_sharing_enabled":true,"jetpack_shortlink":"https:\/\/wp.me\/P85nNm-4ze","_links":{"self":[{"href":"https:\/\/bbn1.bbnradio.org\/spanish\/wp-json\/wp\/v2\/pages\/17560","targetHints":{"allow":["GET"]}}],"collection":[{"href":"https:\/\/bbn1.bbnradio.org\/spanish\/wp-json\/wp\/v2\/pages"}],"about":[{"href":"https:\/\/bbn1.bbnradio.org\/spanish\/wp-json\/wp\/v2\/types\/page"}],"author":[{"embeddable":true,"href":"https:\/\/bbn1.bbnradio.org\/spanish\/wp-json\/wp\/v2\/users\/3"}],"replies":[{"embeddable":true,"href":"https:\/\/bbn1.bbnradio.org\/spanish\/wp-json\/wp\/v2\/comments?post=17560"}],"version-history":[{"count":3,"href":"https:\/\/bbn1.bbnradio.org\/spanish\/wp-json\/wp\/v2\/pages\/17560\/revisions"}],"predecessor-version":[{"id":17705,"href":"https:\/\/bbn1.bbnradio.org\/spanish\/wp-json\/wp\/v2\/pages\/17560\/revisions\/17705"}],"up":[{"embeddable":true,"href":"https:\/\/bbn1.bbnradio.org\/spanish\/wp-json\/wp\/v2\/pages\/6263"}],"wp:attachment":[{"href":"https:\/\/bbn1.bbnradio.org\/spanish\/wp-json\/wp\/v2\/media?parent=17560"}],"wp:term":[{"taxonomy":"category","embeddable":true,"href":"https:\/\/bbn1.bbnradio.org\/spanish\/wp-json\/wp\/v2\/categories?post=17560"},{"taxonomy":"post_tag","embeddable":true,"href":"https:\/\/bbn1.bbnradio.org\/spanish\/wp-json\/wp\/v2\/tags?post=17560"}],"curies":[{"name":"wp","href":"https:\/\/api.w.org\/{rel}","templated":true}]}}