{"id":223,"date":"2017-02-20T10:23:21","date_gmt":"2017-02-20T15:23:21","guid":{"rendered":"http:\/\/bbn1.bbnradio.org\/spanish\/?page_id=223"},"modified":"2018-06-04T09:25:54","modified_gmt":"2018-06-04T14:25:54","slug":"lowell-davey-un-siervo-de-dios-que-termino-bien","status":"publish","type":"page","link":"https:\/\/bbn1.bbnradio.org\/spanish\/lowell-davey-un-siervo-de-dios-que-termino-bien\/","title":{"rendered":"Lowell Davey &#8211; \u00a1Un siervo de Dios que termin\u00f3 bien!"},"content":{"rendered":"\n<style type=\"text\/css\" data-created_by=\"avia_inline_auto\" id=\"style-css-av-av_section-f0e72407f2fcfaf2634c25c74cbf4b0f\">\n.avia-section.av-av_section-f0e72407f2fcfaf2634c25c74cbf4b0f{\nbackground-color:#003800;\nbackground-image:unset;\n}\n<\/style>\n<div id='av_section_1'  class='avia-section av-av_section-f0e72407f2fcfaf2634c25c74cbf4b0f main_color avia-section-default avia-no-shadow  avia-builder-el-0  el_before_av_textblock  avia-builder-el-first  avia-bg-style-scroll container_wrap sidebar_right'  ><div class='container av-section-cont-open' ><main  role=\"main\" itemprop=\"mainContentOfPage\"  class='template-page content  av-content-small alpha units'><div class='post-entry post-entry-type-page post-entry-223'><div class='entry-content-wrapper clearfix'>\n\n<style type=\"text\/css\" data-created_by=\"avia_inline_auto\" id=\"style-css-av-av_image-359a2f7cdd93bf6f8ccd7518d7329898\">\n.avia-image-container.av-av_image-359a2f7cdd93bf6f8ccd7518d7329898 img.avia_image{\nbox-shadow:none;\n}\n.avia-image-container.av-av_image-359a2f7cdd93bf6f8ccd7518d7329898 .av-image-caption-overlay-center{\ncolor:#ffffff;\n}\n<\/style>\n<div  class='avia-image-container av-av_image-359a2f7cdd93bf6f8ccd7518d7329898 av-styling- avia-align-center  avia-builder-el-1  el_before_av_heading  avia-builder-el-first '   itemprop=\"image\" itemscope=\"itemscope\" itemtype=\"https:\/\/schema.org\/ImageObject\" ><div class=\"avia-image-container-inner\"><div class=\"avia-image-overlay-wrap\"><img decoding=\"async\" fetchpriority=\"high\" class='wp-image-225 avia-img-lazy-loading-not-225 avia_image ' src=\"https:\/\/i0.wp.com\/bbn1.bbnradio.org\/spanish\/wp-content\/uploads\/sites\/5\/2017\/02\/Lowell-WYFI-sign-on-1.jpg?fit=799%2C398&ssl=1\" alt='' title='Lowell-WYFI-sign-on (1)'  height=\"398\" width=\"799\"  itemprop=\"thumbnailUrl\"  \/><\/div><\/div><\/div>\n\n<style type=\"text\/css\" data-created_by=\"avia_inline_auto\" id=\"style-css-av-av_heading-9d692ee887273668c330ac9fd3716ae6\">\n#top .av-special-heading.av-av_heading-9d692ee887273668c330ac9fd3716ae6{\npadding-bottom:10px;\ncolor:#ffffff;\n}\nbody .av-special-heading.av-av_heading-9d692ee887273668c330ac9fd3716ae6 .av-special-heading-tag .heading-char{\nfont-size:25px;\n}\n.av-special-heading.av-av_heading-9d692ee887273668c330ac9fd3716ae6 .special-heading-inner-border{\nborder-color:#ffffff;\n}\n.av-special-heading.av-av_heading-9d692ee887273668c330ac9fd3716ae6 .av-subheading{\nfont-size:20px;\n}\n<\/style>\n<div  class='av-special-heading av-av_heading-9d692ee887273668c330ac9fd3716ae6 av-special-heading-h3 custom-color-heading blockquote modern-quote modern-centered  avia-builder-el-2  el_after_av_image  avia-builder-el-last '><h3 class='av-special-heading-tag '  itemprop=\"headline\"  >Dr. Lowell Davey<\/h3><div class='av_custom_color av-subheading av-subheading_below'><p>22 de julio de 1933 &#8211; 18 de febrero de 2017<\/p>\n<\/div><div class=\"special-heading-border\"><div class=\"special-heading-inner-border\"><\/div><\/div><\/div>\n<\/div><\/div><\/main><!-- close content main element --><\/div><\/div><div id='after_section_1'  class='main_color av_default_container_wrap container_wrap sidebar_right'  ><div class='container av-section-cont-open' ><div class='template-page content  av-content-small alpha units'><div class='post-entry post-entry-type-page post-entry-223'><div class='entry-content-wrapper clearfix'>\n<section  class='av_textblock_section av-av_textblock-2de302bf1aa3cf4c9157dbe6f50ac7eb '   itemscope=\"itemscope\" itemtype=\"https:\/\/schema.org\/CreativeWork\" ><div class='avia_textblock'  itemprop=\"text\" ><blockquote>\n<p>\u00abEstando persuadido de esto, que el que comenz\u00f3 en vosotros la buena obra, la perfeccionar\u00e1 hasta el d\u00eda de Jesucristo.\u201d Filipenses 1:6<\/p>\n<\/blockquote>\n<p>El 18 de febrero, a las 4:05 AM (Hora de Ecuador) nuestro fundador y presidente, el Dr. Lowell Davey a la edad de 83 a\u00f1os entr\u00f3 a la presencia de su amado Se\u00f1or y Salvador, Jesucristo .<\/p>\n<p>El Dr. Davey termin\u00f3 su carrera, y lo hizo dando testimonio de ser un buen siervo y fiel. La fidelidad de Lowell al servir al Se\u00f1or y al conducir a otros en el servicio, es un legado en s\u00ed mismo. Las cosas verdaderamente grandes no se miden en a\u00f1os; sino por su impacto alcanzado en la eternidad. Al mirar la buena obra que el Se\u00f1or comenz\u00f3 en la vida de Lowell Davey, nos damos cuenta que los logros son todos de Dios. \u00a1A Dios sea la gloria!<\/p>\n<\/div><\/section>\n\n<style type=\"text\/css\" data-created_by=\"avia_inline_auto\" id=\"style-css-av-av_hr-0688d0b0b6ed2f8b057db7a8270206df\">\n#top .hr.hr-invisible.av-av_hr-0688d0b0b6ed2f8b057db7a8270206df{\nheight:50px;\n}\n<\/style>\n<div  class='hr av-av_hr-0688d0b0b6ed2f8b057db7a8270206df hr-invisible  avia-builder-el-4  el_after_av_textblock  el_before_av_image '><span class='hr-inner '><span class=\"hr-inner-style\"><\/span><\/span><\/div>\n\n<style type=\"text\/css\" data-created_by=\"avia_inline_auto\" id=\"style-css-av-av_image-efca3f1af7a5729abda66bbb07678f79\">\n.avia-image-container.av-av_image-efca3f1af7a5729abda66bbb07678f79 img.avia_image{\nbox-shadow:none;\n}\n.avia-image-container.av-av_image-efca3f1af7a5729abda66bbb07678f79 .av-image-caption-overlay-center{\ncolor:#ffffff;\n}\n<\/style>\n<div  class='avia-image-container av-av_image-efca3f1af7a5729abda66bbb07678f79 av-styling- avia-align-center  avia-builder-el-5  el_after_av_hr  avia-builder-el-last '   itemprop=\"image\" itemscope=\"itemscope\" itemtype=\"https:\/\/schema.org\/ImageObject\" ><div class=\"avia-image-container-inner\"><div class=\"avia-image-overlay-wrap\"><img decoding=\"async\" fetchpriority=\"high\" class='wp-image-226 avia-img-lazy-loading-not-226 avia_image ' src=\"https:\/\/i0.wp.com\/bbn1.bbnradio.org\/spanish\/wp-content\/uploads\/sites\/5\/2017\/02\/Lowell_and_Georgie.jpg?fit=1024%2C731&ssl=1\" alt='' title='Lowell_and_Georgie'  height=\"731\" width=\"1024\"  itemprop=\"thumbnailUrl\"  \/><\/div><\/div><\/div>\n<!-- AddThis Advanced Settings generic via filter on the_content --><!-- AddThis Share Buttons generic via filter on the_content -->","protected":false},"excerpt":{"rendered":"<p><!-- AddThis Advanced Settings generic via filter on get_the_excerpt --><!-- AddThis Share Buttons generic via filter on get_the_excerpt --><\/p>\n","protected":false},"author":3,"featured_media":225,"parent":0,"menu_order":0,"comment_status":"closed","ping_status":"closed","template":"","meta":{"jetpack_post_was_ever_published":false,"footnotes":""},"categories":[],"tags":[],"class_list":["post-223","page","type-page","status-publish","has-post-thumbnail","hentry"],"yoast_head":"<!-- This site is optimized with the Yoast SEO Premium plugin v24.8 (Yoast SEO v24.8.1) - https:\/\/yoast.com\/wordpress\/plugins\/seo\/ -->\n<title>Lowell Davey - \u00a1Un siervo de Dios que termin\u00f3 bien! - BBN<\/title>\n<meta name=\"robots\" content=\"index, follow, max-snippet:-1, max-image-preview:large, max-video-preview:-1\" \/>\n<link rel=\"canonical\" href=\"https:\/\/bbn1.bbnradio.org\/spanish\/lowell-davey-un-siervo-de-dios-que-termino-bien\/\" \/>\n<meta property=\"og:locale\" content=\"es_ES\" \/>\n<meta property=\"og:type\" content=\"article\" \/>\n<meta property=\"og:title\" content=\"\u00a1Un siervo de Dios que termin\u00f3 bien!\" \/>\n<meta property=\"og:description\" content=\"El 18 de febrero, a las 4:05 AM (Hora de Ecuador) nuestro fundador y presidente, el Dr. Lowell Davey a la edad de 83 a\u00f1os entr\u00f3 a la presencia de su amado Se\u00f1or y Salvador, Jesucristo. Todos en BBN estamos profundamente entristecidos por nuestra p\u00e9rdida aqu\u00ed en la Tierra, pero al mismo tiempo estamos gozosos por el Dr. Davey, ya que \u00e9l ahora est\u00e1 cara a cara con Su Salvador, a quien am\u00f3 y sirvi\u00f3 fielmente por muchas d\u00e9cadas.\" \/>\n<meta property=\"og:url\" content=\"https:\/\/bbn1.bbnradio.org\/spanish\/lowell-davey-un-siervo-de-dios-que-termino-bien\/\" \/>\n<meta property=\"og:site_name\" content=\"BBN\" \/>\n<meta property=\"article:publisher\" content=\"https:\/\/www.facebook.com\/BBNEspanol\" \/>\n<meta property=\"article:modified_time\" content=\"2018-06-04T14:25:54+00:00\" \/>\n<meta property=\"og:image\" content=\"https:\/\/i0.wp.com\/bbn1.bbnradio.org\/spanish\/wp-content\/uploads\/sites\/5\/2017\/02\/Lowell-WYFI-sign-on-1.jpg?fit=799%2C398&ssl=1\" \/>\n\t<meta property=\"og:image:width\" content=\"799\" \/>\n\t<meta property=\"og:image:height\" content=\"398\" \/>\n\t<meta property=\"og:image:type\" content=\"image\/jpeg\" \/>\n<meta name=\"twitter:card\" content=\"summary_large_image\" \/>\n<meta name=\"twitter:title\" content=\"\u00a1Un siervo de Dios que termin\u00f3 bien!\" \/>\n<meta name=\"twitter:description\" content=\"El 18 de febrero, a las 4:05 AM (Hora de Ecuador) nuestro fundador y presidente, el Dr. Lowell Davey a la edad de 83 a\u00f1os entr\u00f3 a la presencia de su amado Se\u00f1or y Salvador, Jesucristo.\" \/>\n<meta name=\"twitter:image\" content=\"https:\/\/i0.wp.com\/bbn1.bbnradio.org\/spanish\/wp-content\/uploads\/sites\/5\/2017\/02\/Lowell-WYFI-sign-on-1.jpg?fit=799%2C398&ssl=1\" \/>\n<meta name=\"twitter:site\" content=\"@BBNEspanol\" \/>\n<meta name=\"twitter:label1\" content=\"Tiempo de lectura\" \/>\n\t<meta name=\"twitter:data1\" content=\"2 minutos\" \/>\n<script type=\"application\/ld+json\" class=\"yoast-schema-graph\">{\"@context\":\"https:\/\/schema.org\",\"@graph\":[{\"@type\":\"WebPage\",\"@id\":\"https:\/\/bbn1.bbnradio.org\/spanish\/lowell-davey-un-siervo-de-dios-que-termino-bien\/\",\"url\":\"https:\/\/bbn1.bbnradio.org\/spanish\/lowell-davey-un-siervo-de-dios-que-termino-bien\/\",\"name\":\"Lowell Davey - \u00a1Un siervo de Dios que termin\u00f3 bien! - BBN\",\"isPartOf\":{\"@id\":\"https:\/\/bbn1.bbnradio.org\/spanish\/#website\"},\"primaryImageOfPage\":{\"@id\":\"https:\/\/bbn1.bbnradio.org\/spanish\/lowell-davey-un-siervo-de-dios-que-termino-bien\/#primaryimage\"},\"image\":{\"@id\":\"https:\/\/bbn1.bbnradio.org\/spanish\/lowell-davey-un-siervo-de-dios-que-termino-bien\/#primaryimage\"},\"thumbnailUrl\":\"https:\/\/i0.wp.com\/bbn1.bbnradio.org\/spanish\/wp-content\/uploads\/sites\/5\/2017\/02\/Lowell-WYFI-sign-on-1.jpg?fit=799%2C398&ssl=1\",\"datePublished\":\"2017-02-20T15:23:21+00:00\",\"dateModified\":\"2018-06-04T14:25:54+00:00\",\"breadcrumb\":{\"@id\":\"https:\/\/bbn1.bbnradio.org\/spanish\/lowell-davey-un-siervo-de-dios-que-termino-bien\/#breadcrumb\"},\"inLanguage\":\"es\",\"potentialAction\":[{\"@type\":\"ReadAction\",\"target\":[\"https:\/\/bbn1.bbnradio.org\/spanish\/lowell-davey-un-siervo-de-dios-que-termino-bien\/\"]}]},{\"@type\":\"ImageObject\",\"inLanguage\":\"es\",\"@id\":\"https:\/\/bbn1.bbnradio.org\/spanish\/lowell-davey-un-siervo-de-dios-que-termino-bien\/#primaryimage\",\"url\":\"https:\/\/i0.wp.com\/bbn1.bbnradio.org\/spanish\/wp-content\/uploads\/sites\/5\/2017\/02\/Lowell-WYFI-sign-on-1.jpg?fit=799%2C398&ssl=1\",\"contentUrl\":\"https:\/\/i0.wp.com\/bbn1.bbnradio.org\/spanish\/wp-content\/uploads\/sites\/5\/2017\/02\/Lowell-WYFI-sign-on-1.jpg?fit=799%2C398&ssl=1\",\"width\":799,\"height\":398},{\"@type\":\"BreadcrumbList\",\"@id\":\"https:\/\/bbn1.bbnradio.org\/spanish\/lowell-davey-un-siervo-de-dios-que-termino-bien\/#breadcrumb\",\"itemListElement\":[{\"@type\":\"ListItem\",\"position\":1,\"name\":\"Home\",\"item\":\"https:\/\/bbn1.bbnradio.org\/spanish\/inicio\/\"},{\"@type\":\"ListItem\",\"position\":2,\"name\":\"Lowell Davey &#8211; \u00a1Un siervo de Dios que termin\u00f3 bien!\"}]},{\"@type\":\"WebSite\",\"@id\":\"https:\/\/bbn1.bbnradio.org\/spanish\/#website\",\"url\":\"https:\/\/bbn1.bbnradio.org\/spanish\/\",\"name\":\"BBN Spanish\",\"description\":\"BBN\",\"potentialAction\":[{\"@type\":\"SearchAction\",\"target\":{\"@type\":\"EntryPoint\",\"urlTemplate\":\"https:\/\/bbn1.bbnradio.org\/spanish\/?s={search_term_string}\"},\"query-input\":{\"@type\":\"PropertyValueSpecification\",\"valueRequired\":true,\"valueName\":\"search_term_string\"}}],\"inLanguage\":\"es\"}]}<\/script>\n<!-- \/ Yoast SEO Premium plugin. -->","yoast_head_json":{"title":"Lowell Davey - \u00a1Un siervo de Dios que termin\u00f3 bien! - BBN","robots":{"index":"index","follow":"follow","max-snippet":"max-snippet:-1","max-image-preview":"max-image-preview:large","max-video-preview":"max-video-preview:-1"},"canonical":"https:\/\/bbn1.bbnradio.org\/spanish\/lowell-davey-un-siervo-de-dios-que-termino-bien\/","og_locale":"es_ES","og_type":"article","og_title":"\u00a1Un siervo de Dios que termin\u00f3 bien!","og_description":"El 18 de febrero, a las 4:05 AM (Hora de Ecuador) nuestro fundador y presidente, el Dr. Lowell Davey a la edad de 83 a\u00f1os entr\u00f3 a la presencia de su amado Se\u00f1or y Salvador, Jesucristo. Todos en BBN estamos profundamente entristecidos por nuestra p\u00e9rdida aqu\u00ed en la Tierra, pero al mismo tiempo estamos gozosos por el Dr. Davey, ya que \u00e9l ahora est\u00e1 cara a cara con Su Salvador, a quien am\u00f3 y sirvi\u00f3 fielmente por muchas d\u00e9cadas.","og_url":"https:\/\/bbn1.bbnradio.org\/spanish\/lowell-davey-un-siervo-de-dios-que-termino-bien\/","og_site_name":"BBN","article_publisher":"https:\/\/www.facebook.com\/BBNEspanol","article_modified_time":"2018-06-04T14:25:54+00:00","og_image":[{"width":799,"height":398,"url":"https:\/\/i0.wp.com\/bbn1.bbnradio.org\/spanish\/wp-content\/uploads\/sites\/5\/2017\/02\/Lowell-WYFI-sign-on-1.jpg?fit=799%2C398&ssl=1","type":"image\/jpeg"}],"twitter_card":"summary_large_image","twitter_title":"\u00a1Un siervo de Dios que termin\u00f3 bien!","twitter_description":"El 18 de febrero, a las 4:05 AM (Hora de Ecuador) nuestro fundador y presidente, el Dr. Lowell Davey a la edad de 83 a\u00f1os entr\u00f3 a la presencia de su amado Se\u00f1or y Salvador, Jesucristo.","twitter_image":"https:\/\/i0.wp.com\/bbn1.bbnradio.org\/spanish\/wp-content\/uploads\/sites\/5\/2017\/02\/Lowell-WYFI-sign-on-1.jpg?fit=799%2C398&ssl=1","twitter_site":"@BBNEspanol","twitter_misc":{"Tiempo de lectura":"2 minutos"},"schema":{"@context":"https:\/\/schema.org","@graph":[{"@type":"WebPage","@id":"https:\/\/bbn1.bbnradio.org\/spanish\/lowell-davey-un-siervo-de-dios-que-termino-bien\/","url":"https:\/\/bbn1.bbnradio.org\/spanish\/lowell-davey-un-siervo-de-dios-que-termino-bien\/","name":"Lowell Davey - \u00a1Un siervo de Dios que termin\u00f3 bien! - BBN","isPartOf":{"@id":"https:\/\/bbn1.bbnradio.org\/spanish\/#website"},"primaryImageOfPage":{"@id":"https:\/\/bbn1.bbnradio.org\/spanish\/lowell-davey-un-siervo-de-dios-que-termino-bien\/#primaryimage"},"image":{"@id":"https:\/\/bbn1.bbnradio.org\/spanish\/lowell-davey-un-siervo-de-dios-que-termino-bien\/#primaryimage"},"thumbnailUrl":"https:\/\/i0.wp.com\/bbn1.bbnradio.org\/spanish\/wp-content\/uploads\/sites\/5\/2017\/02\/Lowell-WYFI-sign-on-1.jpg?fit=799%2C398&ssl=1","datePublished":"2017-02-20T15:23:21+00:00","dateModified":"2018-06-04T14:25:54+00:00","breadcrumb":{"@id":"https:\/\/bbn1.bbnradio.org\/spanish\/lowell-davey-un-siervo-de-dios-que-termino-bien\/#breadcrumb"},"inLanguage":"es","potentialAction":[{"@type":"ReadAction","target":["https:\/\/bbn1.bbnradio.org\/spanish\/lowell-davey-un-siervo-de-dios-que-termino-bien\/"]}]},{"@type":"ImageObject","inLanguage":"es","@id":"https:\/\/bbn1.bbnradio.org\/spanish\/lowell-davey-un-siervo-de-dios-que-termino-bien\/#primaryimage","url":"https:\/\/i0.wp.com\/bbn1.bbnradio.org\/spanish\/wp-content\/uploads\/sites\/5\/2017\/02\/Lowell-WYFI-sign-on-1.jpg?fit=799%2C398&ssl=1","contentUrl":"https:\/\/i0.wp.com\/bbn1.bbnradio.org\/spanish\/wp-content\/uploads\/sites\/5\/2017\/02\/Lowell-WYFI-sign-on-1.jpg?fit=799%2C398&ssl=1","width":799,"height":398},{"@type":"BreadcrumbList","@id":"https:\/\/bbn1.bbnradio.org\/spanish\/lowell-davey-un-siervo-de-dios-que-termino-bien\/#breadcrumb","itemListElement":[{"@type":"ListItem","position":1,"name":"Home","item":"https:\/\/bbn1.bbnradio.org\/spanish\/inicio\/"},{"@type":"ListItem","position":2,"name":"Lowell Davey &#8211; \u00a1Un siervo de Dios que termin\u00f3 bien!"}]},{"@type":"WebSite","@id":"https:\/\/bbn1.bbnradio.org\/spanish\/#website","url":"https:\/\/bbn1.bbnradio.org\/spanish\/","name":"BBN Spanish","description":"BBN","potentialAction":[{"@type":"SearchAction","target":{"@type":"EntryPoint","urlTemplate":"https:\/\/bbn1.bbnradio.org\/spanish\/?s={search_term_string}"},"query-input":{"@type":"PropertyValueSpecification","valueRequired":true,"valueName":"search_term_string"}}],"inLanguage":"es"}]}},"jetpack_sharing_enabled":true,"jetpack_shortlink":"https:\/\/wp.me\/P85nNm-3B","_links":{"self":[{"href":"https:\/\/bbn1.bbnradio.org\/spanish\/wp-json\/wp\/v2\/pages\/223","targetHints":{"allow":["GET"]}}],"collection":[{"href":"https:\/\/bbn1.bbnradio.org\/spanish\/wp-json\/wp\/v2\/pages"}],"about":[{"href":"https:\/\/bbn1.bbnradio.org\/spanish\/wp-json\/wp\/v2\/types\/page"}],"author":[{"embeddable":true,"href":"https:\/\/bbn1.bbnradio.org\/spanish\/wp-json\/wp\/v2\/users\/3"}],"replies":[{"embeddable":true,"href":"https:\/\/bbn1.bbnradio.org\/spanish\/wp-json\/wp\/v2\/comments?post=223"}],"version-history":[{"count":3,"href":"https:\/\/bbn1.bbnradio.org\/spanish\/wp-json\/wp\/v2\/pages\/223\/revisions"}],"predecessor-version":[{"id":15014,"href":"https:\/\/bbn1.bbnradio.org\/spanish\/wp-json\/wp\/v2\/pages\/223\/revisions\/15014"}],"wp:featuredmedia":[{"embeddable":true,"href":"https:\/\/bbn1.bbnradio.org\/spanish\/wp-json\/wp\/v2\/media\/225"}],"wp:attachment":[{"href":"https:\/\/bbn1.bbnradio.org\/spanish\/wp-json\/wp\/v2\/media?parent=223"}],"wp:term":[{"taxonomy":"category","embeddable":true,"href":"https:\/\/bbn1.bbnradio.org\/spanish\/wp-json\/wp\/v2\/categories?post=223"},{"taxonomy":"post_tag","embeddable":true,"href":"https:\/\/bbn1.bbnradio.org\/spanish\/wp-json\/wp\/v2\/tags?post=223"}],"curies":[{"name":"wp","href":"https:\/\/api.w.org\/{rel}","templated":true}]}}