{"id":3369,"date":"2015-04-02T18:41:01","date_gmt":"2015-04-02T18:41:01","guid":{"rendered":"https:\/\/bbn1.bbnradio.org\/english\/?page_id=3369"},"modified":"2025-08-14T09:35:03","modified_gmt":"2025-08-14T14:35:03","slug":"como-ir-al-cielo","status":"publish","type":"page","link":"https:\/\/bbn1.bbnradio.org\/spanish\/como-ir-al-cielo\/","title":{"rendered":"Como ir al cielo"},"content":{"rendered":"\n<style type=\"text\/css\" data-created_by=\"avia_inline_auto\" id=\"style-css-av-o79du1-e0ecc9fb0a30089bf708af3ace4dc2be\">\n.avia-image-container.av-o79du1-e0ecc9fb0a30089bf708af3ace4dc2be img.avia_image{\nbox-shadow:none;\n}\n.avia-image-container.av-o79du1-e0ecc9fb0a30089bf708af3ace4dc2be .av-image-caption-overlay-center{\ncolor:#ffffff;\n}\n<\/style>\n<div  class='avia-image-container av-o79du1-e0ecc9fb0a30089bf708af3ace4dc2be av-styling- avia-align-center  avia-builder-el-0  el_before_av_one_third  avia-builder-el-first '   itemprop=\"image\" itemscope=\"itemscope\" itemtype=\"https:\/\/schema.org\/ImageObject\" ><div class=\"avia-image-container-inner\"><div class=\"avia-image-overlay-wrap\"><img decoding=\"async\" fetchpriority=\"high\" class='wp-image-8341 avia-img-lazy-loading-not-8341 avia_image ' src=\"https:\/\/i0.wp.com\/bbn1.bbnradio.org\/spanish\/wp-content\/uploads\/sites\/5\/2016\/08\/How-to-get-to-Heaven.jpg?resize=845%2C321&ssl=1\" alt='How to get to Heaven' title='How to get to Heaven'  height=\"321\" width=\"845\"  itemprop=\"thumbnailUrl\"  \/><\/div><\/div><\/div>\n\n<style type=\"text\/css\" data-created_by=\"avia_inline_auto\" id=\"style-css-av-29zgll-b358a281c7d81ed4bdaf9d90ec796791\">\n.flex_column.av-29zgll-b358a281c7d81ed4bdaf9d90ec796791{\nborder-radius:0px 0px 0px 0px;\npadding:0px 0px 0px 0px;\n}\n<\/style>\n<div  class='flex_column av-29zgll-b358a281c7d81ed4bdaf9d90ec796791 av_one_third  avia-builder-el-1  el_after_av_image  el_before_av_one_third  first flex_column_div av-zero-column-padding  '     ><div  class='avia-button-wrap avia-button-center  avia-builder-el-2  avia-builder-el-no-sibling '>\n<style type=\"text\/css\" data-created_by=\"avia_inline_auto\" id=\"style-css-av-kbq0s9-f8643d4f879c8bbf1bfb4fd8a812a204\">\n#top #wrap_all .avia-button.av-kbq0s9-f8643d4f879c8bbf1bfb4fd8a812a204{\ncolor:#ffffff;\ntransition:all 0.4s ease-in-out;\n}\n#top #wrap_all .avia-button.av-kbq0s9-f8643d4f879c8bbf1bfb4fd8a812a204:hover{\nbackground-color:green;\ncolor:#ffffff;\ntransition:all 0.4s ease-in-out;\n}\n#top #wrap_all .avia-button.av-kbq0s9-f8643d4f879c8bbf1bfb4fd8a812a204 .avia-svg-icon svg:first-child{\nfill:#ffffff;\nstroke:#ffffff;\n}\n#top #wrap_all .avia-button.av-kbq0s9-f8643d4f879c8bbf1bfb4fd8a812a204:hover .avia-svg-icon svg:first-child{\nfill:#ffffff;\nstroke:#ffffff;\n}\n<\/style>\n<a href='#read' class='avia-color-theme-color avia-button avia-button-fullwidth av-kbq0s9-f8643d4f879c8bbf1bfb4fd8a812a204 avia-icon_select-no avia-color-theme-color'   aria-label=\"Leer\"><span class='avia_iconbox_title' >Leer<\/span><\/a><\/div><\/div>\n\n<style type=\"text\/css\" data-created_by=\"avia_inline_auto\" id=\"style-css-av-1wahop-aead2b0b2b2ce1a90a2806053e4cd787\">\n.flex_column.av-1wahop-aead2b0b2b2ce1a90a2806053e4cd787{\nborder-radius:0px 0px 0px 0px;\npadding:0px 0px 0px 0px;\n}\n<\/style>\n<div  class='flex_column av-1wahop-aead2b0b2b2ce1a90a2806053e4cd787 av_one_third  avia-builder-el-3  el_after_av_one_third  el_before_av_one_third  flex_column_div av-zero-column-padding  '     ><div  class='avia-button-wrap avia-button-center  avia-builder-el-4  avia-builder-el-no-sibling '>\n<style type=\"text\/css\" data-created_by=\"avia_inline_auto\" id=\"style-css-av-h149d5-5a7fd94d160b2f8294e5736de2288251\">\n#top #wrap_all .avia-button.av-h149d5-5a7fd94d160b2f8294e5736de2288251{\ncolor:#ffffff;\ntransition:all 0.4s ease-in-out;\n}\n#top #wrap_all .avia-button.av-h149d5-5a7fd94d160b2f8294e5736de2288251:hover{\nbackground-color:green;\ncolor:#ffffff;\ntransition:all 0.4s ease-in-out;\n}\n#top #wrap_all .avia-button.av-h149d5-5a7fd94d160b2f8294e5736de2288251 .avia-svg-icon svg:first-child{\nfill:#ffffff;\nstroke:#ffffff;\n}\n#top #wrap_all .avia-button.av-h149d5-5a7fd94d160b2f8294e5736de2288251:hover .avia-svg-icon svg:first-child{\nfill:#ffffff;\nstroke:#ffffff;\n}\n<\/style>\n<a href='https://\/\/bbn1.bbnradio.org\/spanish\/chat\/?PHPSESSID=BrpDvWfkenKl3VoZH4F7Bi2CD5DdHzVG' class='avia-color-theme-color avia-button avia-button-fullwidth av-h149d5-5a7fd94d160b2f8294e5736de2288251 avia-icon_select-no avia-color-theme-color'   aria-label=\"Chat\"><span class='avia_iconbox_title' >Chat<\/span><\/a><\/div><\/div>\n\n<style type=\"text\/css\" data-created_by=\"avia_inline_auto\" id=\"style-css-av-1i6y2x-d6042f08c8624ddbf0781991b4d49ad0\">\n.flex_column.av-1i6y2x-d6042f08c8624ddbf0781991b4d49ad0{\nborder-radius:0px 0px 0px 0px;\npadding:0px 0px 0px 0px;\n}\n<\/style>\n<div  class='flex_column av-1i6y2x-d6042f08c8624ddbf0781991b4d49ad0 av_one_third  avia-builder-el-5  el_after_av_one_third  el_before_av_textblock  flex_column_div av-zero-column-padding  '     ><div  class='avia-button-wrap avia-button-center  avia-builder-el-6  avia-builder-el-no-sibling '>\n<style type=\"text\/css\" data-created_by=\"avia_inline_auto\" id=\"style-css-av-dvwweh-81d95cbd46900469628a3f5daa06cdad\">\n#top #wrap_all .avia-button.av-dvwweh-81d95cbd46900469628a3f5daa06cdad{\ncolor:#ffffff;\ntransition:all 0.4s ease-in-out;\n}\n#top #wrap_all .avia-button.av-dvwweh-81d95cbd46900469628a3f5daa06cdad:hover{\nbackground-color:green;\ncolor:#ffffff;\ntransition:all 0.4s ease-in-out;\n}\n#top #wrap_all .avia-button.av-dvwweh-81d95cbd46900469628a3f5daa06cdad .avia-svg-icon svg:first-child{\nfill:#ffffff;\nstroke:#ffffff;\n}\n#top #wrap_all .avia-button.av-dvwweh-81d95cbd46900469628a3f5daa06cdad:hover .avia-svg-icon svg:first-child{\nfill:#ffffff;\nstroke:#ffffff;\n}\n<\/style>\n<a href='https://\/\/bbn1.bbnradio.org\/spanish\/llame-para-saber-como-ir-al-cielo\/?PHPSESSID=BrpDvWfkenKl3VoZH4F7Bi2CD5DdHzVG' class='avia-color-theme-color avia-button avia-button-fullwidth av-dvwweh-81d95cbd46900469628a3f5daa06cdad avia-icon_select-no avia-color-theme-color'   aria-label=\"Ll\u00e1menos\"><span class='avia_iconbox_title' >Ll\u00e1menos<\/span><\/a><\/div><\/div>\n<section  class='av_textblock_section av-brgubt-d7a476d63677e2fe8b7ae0413e2c2807 '   itemscope=\"itemscope\" itemtype=\"https:\/\/schema.org\/CreativeWork\" ><div class='avia_textblock'  itemprop=\"text\" ><h6 id=\"read\"><\/h6>\n<\/div><\/section>\n\n<style type=\"text\/css\" data-created_by=\"avia_inline_auto\" id=\"style-css-av-bb72d5-fc726c9712d429e554dc2147d9cf4e10\">\n#top .av-special-heading.av-bb72d5-fc726c9712d429e554dc2147d9cf4e10{\npadding-bottom:10px;\n}\nbody .av-special-heading.av-bb72d5-fc726c9712d429e554dc2147d9cf4e10 .av-special-heading-tag .heading-char{\nfont-size:25px;\n}\n.av-special-heading.av-bb72d5-fc726c9712d429e554dc2147d9cf4e10 .av-subheading{\nfont-size:15px;\n}\n<\/style>\n<div  class='av-special-heading av-bb72d5-fc726c9712d429e554dc2147d9cf4e10 av-special-heading-h3  avia-builder-el-8  el_after_av_textblock  el_before_av_textblock '><h3 class='av-special-heading-tag '  itemprop=\"headline\"  >Primero, las Malas Noticias<\/h3><div class=\"special-heading-border\"><div class=\"special-heading-inner-border\"><\/div><\/div><\/div>\n<section  class='av_textblock_section av-98uvrt-55dd5593cd1fefd6a85229bc77c7f8ce '   itemscope=\"itemscope\" itemtype=\"https:\/\/schema.org\/CreativeWork\" ><div class='avia_textblock'  itemprop=\"text\" ><p>Por causa de nuestro pecado, estamos separados de Dios. Esto se aplica a toda la raza humana.<\/p>\n<p>Romanos 3:23 dice: \u00abPor cuanto todos pecaron, y est\u00e1n destituidos de la gloria de Dios\u00bb.<\/p>\n<p>Romanos 3:10 dice: \u00abComo est\u00e1 escrito: No hay justo, ni aun uno\u00bb.<\/p>\n<p>Romanos 6:23a dice:\u00a0 \u00abPorque la paga del pecado es muerte\u00bb.<\/p>\n<p>Apocalipsis 21:8 dice: \u201cPero los cobardes e incr\u00e9dulos, los abominables y homicidas, los fornicarios y hechiceros, los id\u00f3latras y todos los mentirosos tendr\u00e1n su parte en el lago que arde con fuego y azufre, que es la muerte segunda\u201d.<\/p>\n<p>No hay ninguna buena obra que podamos hacer para salvarnos a nosotros mismos.<\/p>\n<p>Efesios 2:8-9 dice, \u00abPorque por gracia sois salvos, por medio de la fe, y esto no de vosotros, pues es don de Dios; no por obras, para que nadie se glor\u00ede\u00bb.<\/p>\n<p>Si desea estar separado de Dios para siempre, simplemente no haga nada. El \u00fanico pecado que lo puede privar del cielo es rechazar o ignorar al Hijo de Dios. La otra opci\u00f3n es el tormento eterno en el infierno. (Apocalipsis 20:15, 2\u00aa.Tesalonicenses 1:7-9).<\/p>\n<p>Juan 3:18 dice: \u201cEl que en \u00e9l cree, no es condenado; pero el que no cree, ya ha sido condenado, porque no ha cre\u00eddo en el nombre del unig\u00e9nito Hijo de Dios\u201d.<\/p>\n<\/div><\/section>\n\n<style type=\"text\/css\" data-created_by=\"avia_inline_auto\" id=\"style-css-av-rtvex-443934e8cb9133067efbe777e5d4aaf8\">\n#top .av-special-heading.av-rtvex-443934e8cb9133067efbe777e5d4aaf8{\npadding-bottom:10px;\n}\nbody .av-special-heading.av-rtvex-443934e8cb9133067efbe777e5d4aaf8 .av-special-heading-tag .heading-char{\nfont-size:25px;\n}\n.av-special-heading.av-rtvex-443934e8cb9133067efbe777e5d4aaf8 .av-subheading{\nfont-size:15px;\n}\n<\/style>\n<div  class='av-special-heading av-rtvex-443934e8cb9133067efbe777e5d4aaf8 av-special-heading-h3  avia-builder-el-10  el_after_av_textblock  el_before_av_textblock '><h3 class='av-special-heading-tag '  itemprop=\"headline\"  >Pero, \u00a1Hay Buenas Noticias!<\/h3><div class=\"special-heading-border\"><div class=\"special-heading-inner-border\"><\/div><\/div><\/div>\n<section  class='av_textblock_section av-6kvlc9-798fdada5c3a1950bed227f64f6d617e '   itemscope=\"itemscope\" itemtype=\"https:\/\/schema.org\/CreativeWork\" ><div class='avia_textblock'  itemprop=\"text\" ><p>Hay una forma para ser reconciliados con Dios, y esto fue logrado por el \u00fanico Hijo de Dios, Jesucristo. Se necesitaba un sacrificio para limpiar nuestros pecados, y Jes\u00fas se entreg\u00f3 para ser ese sacrificio. El fue clavado a una cruz y derram\u00f3 su sangre para limpiar nuestro pecado. Milagrosamente al tercer d\u00eda resucit\u00f3 de los muertos, confirmando que El era Todopoderoso para salvarnos.<\/p>\n<p>Poniendo nuestra confianza en la muerte, sepultura y resurrecci\u00f3n de Cristo es la \u00fanica manera de tener la salvaci\u00f3n, la vida eterna, y la reconciliaci\u00f3n con Dios.<\/p>\n<p>Juan 14:6 Jes\u00fas le dijo: \u00abYo soy el camino, y la verdad, y la vida; nadie viene al Padre, sino por m\u00ed \u00ab.<\/p>\n<p>Juan 3:16-18 es un pasaje claro \u00abPorque de tal manera am\u00f3 Dios al mundo, que ha dado a su Hijo unig\u00e9nito, para que todo aquel que en \u00e9l cree, no se pierda, mas tenga vida eterna.\u00a0 Porque no envi\u00f3 Dios a su Hijo al mundo para condenar al mundo, sino para que el mundo sea salvo por \u00e9l.\u00a0 El que en \u00e9l cree, no es condenado; pero el que no cree, ya ha sido condenado, porque no ha cre\u00eddo en el nombre del unig\u00e9nito Hijo de Dios\u00bb.<\/p>\n<p>Para estar perdido por siempre, simplemente no haga nada. Pero para salvarse, veamos lo que la Biblia dice:<\/p>\n<p>Romanos 10:9-10 \u00abque si confesares con tu boca que Jes\u00fas es el Se\u00f1or, y creyeres en tu coraz\u00f3n que Dios le levant\u00f3 de los muertos, ser\u00e1s salvo. Porque con el coraz\u00f3n se cree para justicia, pero con la boca se confiesa para salvaci\u00f3n\u00bb.<\/p>\n<p>Hay un regalo de parte de Dios para usted.<\/p>\n<p>Romanos 6:23b \u00abpero la d\u00e1diva (regalo) de Dios es vida eterna en Cristo Jes\u00fas, Se\u00f1or nuestro.\u00bb<\/p>\n<p>Romanos 10:13 \u00abporque todo aquel que invocare el nombre del Se\u00f1or, ser\u00e1 salvo.\u00bb<\/p>\n<p>\u00bfEst\u00e1 listo para recibir a Cristo? Si es asi, haga la siguiente oraci\u00f3n:<\/p>\n<p>\u00abDios, reconozco que soy pecador, s\u00e9 que no puedo salvarme a mi mismo. Creo que Cristo muri\u00f3 en mi lugar para pagar mis pecados. Creo sinceramente y de todo coraz\u00f3n que Jes\u00fas muri\u00f3 en la cruz por m\u00ed, fue sepultado, y resucit\u00f3 de los muertos. Creo en Cristo y lo recibo por fe como mi salvador.\u00bb<\/p>\n<\/div><\/section>\n\n<style type=\"text\/css\" data-created_by=\"avia_inline_auto\" id=\"style-css-av-42a27t-30c7a0850bf357e1fca5d0d9d6f851ad\">\n#top .av-special-heading.av-42a27t-30c7a0850bf357e1fca5d0d9d6f851ad{\npadding-bottom:10px;\n}\nbody .av-special-heading.av-42a27t-30c7a0850bf357e1fca5d0d9d6f851ad .av-special-heading-tag .heading-char{\nfont-size:25px;\n}\n.av-special-heading.av-42a27t-30c7a0850bf357e1fca5d0d9d6f851ad .av-subheading{\nfont-size:15px;\n}\n<\/style>\n<div  id=\"form-heading\"  class='av-special-heading av-42a27t-30c7a0850bf357e1fca5d0d9d6f851ad av-special-heading-h3  avia-builder-el-12  el_after_av_textblock  el_before_av_textblock '><h3 class='av-special-heading-tag '  itemprop=\"headline\"  >\u00bfCu\u00e1l fue su decisi\u00f3n?<\/h3><div class=\"special-heading-border\"><div class=\"special-heading-inner-border\"><\/div><\/div><\/div>\n<section  class='av_textblock_section av-6yey1-860223c12c03c6a2c8af5a43b0fc93c5 '   itemscope=\"itemscope\" itemtype=\"https:\/\/schema.org\/CreativeWork\" ><div class='avia_textblock'  itemprop=\"text\" >\n<div class=\"wpcf7 no-js\" id=\"wpcf7-f5679-o1\" lang=\"en-US\" dir=\"ltr\">\n<div class=\"screen-reader-response\"><p role=\"status\" aria-live=\"polite\" aria-atomic=\"true\"><\/p> <ul><\/ul><\/div>\n<form action=\"\/spanish\/wp-json\/wp\/v2\/pages\/3369#wpcf7-f5679-o1\" method=\"post\" class=\"wpcf7-form init\" aria-label=\"Contact form\" novalidate=\"novalidate\" data-status=\"init\">\n<div style=\"display: none;\">\n<input type=\"hidden\" name=\"_wpcf7\" value=\"5679\" \/>\n<input type=\"hidden\" name=\"_wpcf7_version\" value=\"5.7.6\" \/>\n<input type=\"hidden\" name=\"_wpcf7_locale\" value=\"en_US\" \/>\n<input type=\"hidden\" name=\"_wpcf7_unit_tag\" value=\"wpcf7-f5679-o1\" \/>\n<input type=\"hidden\" name=\"_wpcf7_container_post\" value=\"0\" \/>\n<input type=\"hidden\" name=\"_wpcf7_posted_data_hash\" value=\"\" \/>\n<\/div>\n<p>Decisi\u00f3n\n<\/p>\n<p><span class=\"wpcf7-form-control-wrap\" data-name=\"menu-347\"><select class=\"wpcf7-form-control wpcf7-select\" aria-invalid=\"false\" name=\"menu-347\"><option value=\"\">&#8212;Please choose an option&#8212;<\/option><option value=\"\u00a1Acabo de confiar en Jes\u00fas como mi Salvador!\">\u00a1Acabo de confiar en Jes\u00fas como mi Salvador!<\/option><option value=\"Todav\u00eda indeciso y pensando en ello.\">Todav\u00eda indeciso y pensando en ello.<\/option><option value=\"Todav\u00eda tengo preguntas.\">Todav\u00eda tengo preguntas.<\/option><option value=\"Entiendo y he decidido no creer.\">Entiendo y he decidido no creer.<\/option><option value=\"Anteriormente confi\u00e9 en Jes\u00fas pero deseo enviar un testimonio.\">Anteriormente confi\u00e9 en Jes\u00fas pero deseo enviar un testimonio.<\/option><\/select><\/span>\n<\/p>\n<p>Nombre\n<\/p>\n<p><span class=\"wpcf7-form-control-wrap\" data-name=\"your-name\"><input size=\"40\" class=\"wpcf7-form-control wpcf7-text\" aria-invalid=\"false\" value=\"\" type=\"text\" name=\"your-name\" \/><\/span>\n<\/p>\n<p>Email (requerido)\n<\/p>\n<p><span class=\"wpcf7-form-control-wrap\" data-name=\"your-email\"><input size=\"40\" class=\"wpcf7-form-control wpcf7-text wpcf7-email wpcf7-validates-as-required wpcf7-validates-as-email\" aria-required=\"true\" aria-invalid=\"false\" value=\"\" type=\"email\" name=\"your-email\" \/><\/span>\n<\/p>\n<p>Cu\u00e9ntenos su historia\n<\/p>\n<p><span class=\"wpcf7-form-control-wrap\" data-name=\"your-message\"><textarea cols=\"40\" rows=\"10\" class=\"wpcf7-form-control wpcf7-textarea\" aria-invalid=\"false\" name=\"your-message\"><\/textarea><\/span>\n<\/p>\n<p>\u00bfD\u00f3nde nos escucha?\n<\/p>\n<p><span class=\"wpcf7-form-control-wrap\" data-name=\"text-41\"><input size=\"40\" class=\"wpcf7-form-control wpcf7-text\" aria-invalid=\"false\" placeholder=\"Ciudad, Estado, Pais.\" value=\"\" type=\"text\" name=\"text-41\" \/><\/span>\n<\/p>\n<p>\u00bfPor qu\u00e9 medio nos escucha?\n<\/p>\n<p><span class=\"wpcf7-form-control-wrap\" data-name=\"checkbox-929\"><span class=\"wpcf7-form-control wpcf7-checkbox\"><span class=\"wpcf7-list-item first\"><label><input type=\"checkbox\" name=\"checkbox-929[]\" value=\"A\u00fan no he escuchado\" \/><span class=\"wpcf7-list-item-label\">A\u00fan no he escuchado<\/span><\/label><\/span><span class=\"wpcf7-list-item\"><label><input type=\"checkbox\" name=\"checkbox-929[]\" value=\"Radio\" \/><span class=\"wpcf7-list-item-label\">Radio<\/span><\/label><\/span><span class=\"wpcf7-list-item\"><label><input type=\"checkbox\" name=\"checkbox-929[]\" value=\"Computadora\" \/><span class=\"wpcf7-list-item-label\">Computadora<\/span><\/label><\/span><span class=\"wpcf7-list-item last\"><label><input type=\"checkbox\" name=\"checkbox-929[]\" value=\"Aplicaci\u00f3n de BBN\" \/><span class=\"wpcf7-list-item-label\">Aplicaci\u00f3n de BBN<\/span><\/label><\/span><\/span><\/span>\n<\/p>\n<p>\n\t<font color=\"red\">\n\t<\/font>\n<\/p>\n<H4>Despu\u00e9s del env\u00edo, desplace hacia abajo para ver el estado de la entrega.\n<\/h4>\n<p><span id=\"wpcf7-69d23cf7571b4-wrapper\" class=\"wpcf7-form-control-wrap honeypot-698-wrap\" ><label for=\"wpcf7-69d23cf7571b4-field\" class=\"hp-message\">Please leave this field empty.<\/label><input id=\"wpcf7-69d23cf7571b4-field\"  class=\"wpcf7-form-control wpcf7-text\" type=\"text\" name=\"honeypot-698\" value=\"\" size=\"40\" tabindex=\"-1\" autocomplete=\"new-password\" \/><\/span>\n<\/p>\n<p><input class=\"wpcf7-form-control has-spinner wpcf7-submit\" type=\"submit\" value=\"Enviar\" \/>\n<\/p><p style=\"display: none !important;\" class=\"akismet-fields-container\" data-prefix=\"_wpcf7_ak_\"><label>&#916;<textarea name=\"_wpcf7_ak_hp_textarea\" cols=\"45\" rows=\"8\" maxlength=\"100\"><\/textarea><\/label><input type=\"hidden\" id=\"ak_js_1\" name=\"_wpcf7_ak_js\" value=\"247\"\/><script>document.getElementById( \"ak_js_1\" ).setAttribute( \"value\", ( new Date() ).getTime() );<\/script><\/p><div class=\"wpcf7-response-output\" aria-hidden=\"true\"><\/div>\n<\/form>\n<\/div>\n\n<\/div><\/section>\n<!-- AddThis Advanced Settings generic via filter on the_content --><!-- AddThis Share Buttons generic via filter on the_content -->","protected":false},"excerpt":{"rendered":"<p><!-- AddThis Advanced Settings generic via filter on get_the_excerpt --><!-- AddThis Share Buttons generic via filter on get_the_excerpt --><\/p>\n","protected":false},"author":21,"featured_media":8341,"parent":0,"menu_order":0,"comment_status":"open","ping_status":"open","template":"","meta":{"jetpack_post_was_ever_published":false,"footnotes":""},"class_list":["post-3369","page","type-page","status-publish","has-post-thumbnail","hentry"],"yoast_head":"<!-- This site is optimized with the Yoast SEO Premium plugin v24.8 (Yoast SEO v24.8.1) - https:\/\/yoast.com\/wordpress\/plugins\/seo\/ -->\n<title>Como ir al cielo - BBN<\/title>\n<meta name=\"description\" content=\"Sepa como puede usted ir al cielo\" \/>\n<meta name=\"robots\" content=\"index, follow, max-snippet:-1, max-image-preview:large, max-video-preview:-1\" \/>\n<link rel=\"canonical\" href=\"https:\/\/bbn1.bbnradio.org\/spanish\/como-ir-al-cielo\/\" \/>\n<meta property=\"og:locale\" content=\"es_ES\" \/>\n<meta property=\"og:type\" content=\"article\" \/>\n<meta property=\"og:title\" content=\"Como ir al cielo\" \/>\n<meta property=\"og:description\" content=\"Sepa como ir al cielo\" \/>\n<meta property=\"og:url\" content=\"https:\/\/bbn1.bbnradio.org\/spanish\/como-ir-al-cielo\/\" \/>\n<meta property=\"og:site_name\" content=\"BBN\" \/>\n<meta property=\"article:publisher\" content=\"https:\/\/www.facebook.com\/BBNEspanol\" \/>\n<meta property=\"article:modified_time\" content=\"2025-08-14T14:35:03+00:00\" \/>\n<meta name=\"twitter:card\" content=\"summary_large_image\" \/>\n<meta name=\"twitter:title\" content=\"How to Get to Heaven\" \/>\n<meta name=\"twitter:description\" content=\"Know for sure in less than 5 minutes!\" \/>\n<meta name=\"twitter:image\" content=\"https:\/\/bbn1.bbnradio.org\/english\/wp-content\/uploads\/sites\/2\/2016\/08\/How-to-get-to-Heaven.jpg\" \/>\n<meta name=\"twitter:site\" content=\"@BBNEspanol\" \/>\n<meta name=\"twitter:label1\" content=\"Tiempo de lectura\" \/>\n\t<meta name=\"twitter:data1\" content=\"4 minutos\" \/>\n<script type=\"application\/ld+json\" class=\"yoast-schema-graph\">{\"@context\":\"https:\/\/schema.org\",\"@graph\":[{\"@type\":\"WebPage\",\"@id\":\"https:\/\/bbn1.bbnradio.org\/spanish\/como-ir-al-cielo\/\",\"url\":\"https:\/\/bbn1.bbnradio.org\/spanish\/como-ir-al-cielo\/\",\"name\":\"Como ir al cielo - BBN\",\"isPartOf\":{\"@id\":\"https:\/\/bbn1.bbnradio.org\/spanish\/#website\"},\"primaryImageOfPage\":{\"@id\":\"https:\/\/bbn1.bbnradio.org\/spanish\/como-ir-al-cielo\/#primaryimage\"},\"image\":{\"@id\":\"https:\/\/bbn1.bbnradio.org\/spanish\/como-ir-al-cielo\/#primaryimage\"},\"thumbnailUrl\":\"https:\/\/i0.wp.com\/bbn1.bbnradio.org\/spanish\/wp-content\/uploads\/sites\/5\/2016\/08\/How-to-get-to-Heaven.jpg?fit=1200%2C628&ssl=1\",\"datePublished\":\"2015-04-02T18:41:01+00:00\",\"dateModified\":\"2025-08-14T14:35:03+00:00\",\"description\":\"Sepa como puede usted ir al cielo\",\"breadcrumb\":{\"@id\":\"https:\/\/bbn1.bbnradio.org\/spanish\/como-ir-al-cielo\/#breadcrumb\"},\"inLanguage\":\"es\",\"potentialAction\":[{\"@type\":\"ReadAction\",\"target\":[\"https:\/\/bbn1.bbnradio.org\/spanish\/como-ir-al-cielo\/\"]}]},{\"@type\":\"ImageObject\",\"inLanguage\":\"es\",\"@id\":\"https:\/\/bbn1.bbnradio.org\/spanish\/como-ir-al-cielo\/#primaryimage\",\"url\":\"https:\/\/i0.wp.com\/bbn1.bbnradio.org\/spanish\/wp-content\/uploads\/sites\/5\/2016\/08\/How-to-get-to-Heaven.jpg?fit=1200%2C628&ssl=1\",\"contentUrl\":\"https:\/\/i0.wp.com\/bbn1.bbnradio.org\/spanish\/wp-content\/uploads\/sites\/5\/2016\/08\/How-to-get-to-Heaven.jpg?fit=1200%2C628&ssl=1\",\"width\":1200,\"height\":628,\"caption\":\"How to get to Heaven\"},{\"@type\":\"BreadcrumbList\",\"@id\":\"https:\/\/bbn1.bbnradio.org\/spanish\/como-ir-al-cielo\/#breadcrumb\",\"itemListElement\":[{\"@type\":\"ListItem\",\"position\":1,\"name\":\"Home\",\"item\":\"https:\/\/bbn1.bbnradio.org\/spanish\/inicio\/\"},{\"@type\":\"ListItem\",\"position\":2,\"name\":\"Como ir al cielo\"}]},{\"@type\":\"WebSite\",\"@id\":\"https:\/\/bbn1.bbnradio.org\/spanish\/#website\",\"url\":\"https:\/\/bbn1.bbnradio.org\/spanish\/\",\"name\":\"BBN Spanish\",\"description\":\"BBN\",\"potentialAction\":[{\"@type\":\"SearchAction\",\"target\":{\"@type\":\"EntryPoint\",\"urlTemplate\":\"https:\/\/bbn1.bbnradio.org\/spanish\/?s={search_term_string}\"},\"query-input\":{\"@type\":\"PropertyValueSpecification\",\"valueRequired\":true,\"valueName\":\"search_term_string\"}}],\"inLanguage\":\"es\"}]}<\/script>\n<!-- \/ Yoast SEO Premium plugin. -->","yoast_head_json":{"title":"Como ir al cielo - BBN","description":"Sepa como puede usted ir al cielo","robots":{"index":"index","follow":"follow","max-snippet":"max-snippet:-1","max-image-preview":"max-image-preview:large","max-video-preview":"max-video-preview:-1"},"canonical":"https:\/\/bbn1.bbnradio.org\/spanish\/como-ir-al-cielo\/","og_locale":"es_ES","og_type":"article","og_title":"Como ir al cielo","og_description":"Sepa como ir al cielo","og_url":"https:\/\/bbn1.bbnradio.org\/spanish\/como-ir-al-cielo\/","og_site_name":"BBN","article_publisher":"https:\/\/www.facebook.com\/BBNEspanol","article_modified_time":"2025-08-14T14:35:03+00:00","twitter_card":"summary_large_image","twitter_title":"How to Get to Heaven","twitter_description":"Know for sure in less than 5 minutes!","twitter_image":"https:\/\/bbn1.bbnradio.org\/english\/wp-content\/uploads\/sites\/2\/2016\/08\/How-to-get-to-Heaven.jpg","twitter_site":"@BBNEspanol","twitter_misc":{"Tiempo de lectura":"4 minutos"},"schema":{"@context":"https:\/\/schema.org","@graph":[{"@type":"WebPage","@id":"https:\/\/bbn1.bbnradio.org\/spanish\/como-ir-al-cielo\/","url":"https:\/\/bbn1.bbnradio.org\/spanish\/como-ir-al-cielo\/","name":"Como ir al cielo - BBN","isPartOf":{"@id":"https:\/\/bbn1.bbnradio.org\/spanish\/#website"},"primaryImageOfPage":{"@id":"https:\/\/bbn1.bbnradio.org\/spanish\/como-ir-al-cielo\/#primaryimage"},"image":{"@id":"https:\/\/bbn1.bbnradio.org\/spanish\/como-ir-al-cielo\/#primaryimage"},"thumbnailUrl":"https:\/\/i0.wp.com\/bbn1.bbnradio.org\/spanish\/wp-content\/uploads\/sites\/5\/2016\/08\/How-to-get-to-Heaven.jpg?fit=1200%2C628&ssl=1","datePublished":"2015-04-02T18:41:01+00:00","dateModified":"2025-08-14T14:35:03+00:00","description":"Sepa como puede usted ir al cielo","breadcrumb":{"@id":"https:\/\/bbn1.bbnradio.org\/spanish\/como-ir-al-cielo\/#breadcrumb"},"inLanguage":"es","potentialAction":[{"@type":"ReadAction","target":["https:\/\/bbn1.bbnradio.org\/spanish\/como-ir-al-cielo\/"]}]},{"@type":"ImageObject","inLanguage":"es","@id":"https:\/\/bbn1.bbnradio.org\/spanish\/como-ir-al-cielo\/#primaryimage","url":"https:\/\/i0.wp.com\/bbn1.bbnradio.org\/spanish\/wp-content\/uploads\/sites\/5\/2016\/08\/How-to-get-to-Heaven.jpg?fit=1200%2C628&ssl=1","contentUrl":"https:\/\/i0.wp.com\/bbn1.bbnradio.org\/spanish\/wp-content\/uploads\/sites\/5\/2016\/08\/How-to-get-to-Heaven.jpg?fit=1200%2C628&ssl=1","width":1200,"height":628,"caption":"How to get to Heaven"},{"@type":"BreadcrumbList","@id":"https:\/\/bbn1.bbnradio.org\/spanish\/como-ir-al-cielo\/#breadcrumb","itemListElement":[{"@type":"ListItem","position":1,"name":"Home","item":"https:\/\/bbn1.bbnradio.org\/spanish\/inicio\/"},{"@type":"ListItem","position":2,"name":"Como ir al cielo"}]},{"@type":"WebSite","@id":"https:\/\/bbn1.bbnradio.org\/spanish\/#website","url":"https:\/\/bbn1.bbnradio.org\/spanish\/","name":"BBN Spanish","description":"BBN","potentialAction":[{"@type":"SearchAction","target":{"@type":"EntryPoint","urlTemplate":"https:\/\/bbn1.bbnradio.org\/spanish\/?s={search_term_string}"},"query-input":{"@type":"PropertyValueSpecification","valueRequired":true,"valueName":"search_term_string"}}],"inLanguage":"es"}]}},"jetpack_sharing_enabled":true,"jetpack_shortlink":"https:\/\/wp.me\/P85nNm-Sl","_links":{"self":[{"href":"https:\/\/bbn1.bbnradio.org\/spanish\/wp-json\/wp\/v2\/pages\/3369","targetHints":{"allow":["GET"]}}],"collection":[{"href":"https:\/\/bbn1.bbnradio.org\/spanish\/wp-json\/wp\/v2\/pages"}],"about":[{"href":"https:\/\/bbn1.bbnradio.org\/spanish\/wp-json\/wp\/v2\/types\/page"}],"author":[{"embeddable":true,"href":"https:\/\/bbn1.bbnradio.org\/spanish\/wp-json\/wp\/v2\/users\/21"}],"replies":[{"embeddable":true,"href":"https:\/\/bbn1.bbnradio.org\/spanish\/wp-json\/wp\/v2\/comments?post=3369"}],"version-history":[{"count":4,"href":"https:\/\/bbn1.bbnradio.org\/spanish\/wp-json\/wp\/v2\/pages\/3369\/revisions"}],"predecessor-version":[{"id":19817,"href":"https:\/\/bbn1.bbnradio.org\/spanish\/wp-json\/wp\/v2\/pages\/3369\/revisions\/19817"}],"wp:featuredmedia":[{"embeddable":true,"href":"https:\/\/bbn1.bbnradio.org\/spanish\/wp-json\/wp\/v2\/media\/8341"}],"wp:attachment":[{"href":"https:\/\/bbn1.bbnradio.org\/spanish\/wp-json\/wp\/v2\/media?parent=3369"}],"curies":[{"name":"wp","href":"https:\/\/api.w.org\/{rel}","templated":true}]}}