{"id":3417,"date":"2015-04-28T12:06:49","date_gmt":"2015-04-28T16:06:49","guid":{"rendered":"https:\/\/bbn1.bbnradio.org\/english\/?page_id=3417"},"modified":"2018-06-05T09:47:44","modified_gmt":"2018-06-05T14:47:44","slug":"report-a-problem-with-your-am-or-fm-radio-station","status":"publish","type":"page","link":"https:\/\/bbn1.bbnradio.org\/spanish\/contactenos\/reportar-problema\/report-a-problem-with-your-am-or-fm-radio-station\/","title":{"rendered":"Reportar problema con emisora"},"content":{"rendered":"<section  class='av_textblock_section av-av_textblock-0366cc7376be6c9e82a3e9cc8987b64f '   itemscope=\"itemscope\" itemtype=\"https:\/\/schema.org\/CreativeWork\" ><div class='avia_textblock'  itemprop=\"text\" >\n<div class=\"wpcf7 no-js\" id=\"wpcf7-f3983-o1\" lang=\"en-US\" dir=\"ltr\">\n<div class=\"screen-reader-response\"><p role=\"status\" aria-live=\"polite\" aria-atomic=\"true\"><\/p> <ul><\/ul><\/div>\n<form action=\"\/spanish\/wp-json\/wp\/v2\/pages\/3417#wpcf7-f3983-o1\" method=\"post\" class=\"wpcf7-form init\" aria-label=\"Contact form\" novalidate=\"novalidate\" data-status=\"init\">\n<div style=\"display: none;\">\n<input type=\"hidden\" name=\"_wpcf7\" value=\"3983\" \/>\n<input type=\"hidden\" name=\"_wpcf7_version\" value=\"5.7.6\" \/>\n<input type=\"hidden\" name=\"_wpcf7_locale\" value=\"en_US\" \/>\n<input type=\"hidden\" name=\"_wpcf7_unit_tag\" value=\"wpcf7-f3983-o1\" \/>\n<input type=\"hidden\" name=\"_wpcf7_container_post\" value=\"0\" \/>\n<input type=\"hidden\" name=\"_wpcf7_posted_data_hash\" value=\"\" \/>\n<\/div>\n<p>Nombre (requerido)\n<\/p>\n<p><span class=\"wpcf7-form-control-wrap\" data-name=\"your-name\"><input size=\"40\" class=\"wpcf7-form-control wpcf7-text wpcf7-validates-as-required\" aria-required=\"true\" aria-invalid=\"false\" value=\"\" type=\"text\" name=\"your-name\" \/><\/span>\n<\/p>\n<p>Email (requerido)\n<\/p>\n<p><span class=\"wpcf7-form-control-wrap\" data-name=\"your-email\"><input size=\"40\" class=\"wpcf7-form-control wpcf7-text wpcf7-email wpcf7-validates-as-required wpcf7-validates-as-email\" aria-required=\"true\" aria-invalid=\"false\" value=\"\" type=\"email\" name=\"your-email\" \/><\/span>\n<\/p>\n<p>Numero Telef\u00f3nico (requerido)\n<\/p>\n<p><span class=\"wpcf7-form-control-wrap\" data-name=\"text-245\"><input size=\"40\" class=\"wpcf7-form-control wpcf7-text wpcf7-validates-as-required\" aria-required=\"true\" aria-invalid=\"false\" value=\"\" type=\"text\" name=\"text-245\" \/><\/span>\n<\/p>\n<p>Emisora en cuesti\u00f3n<br \/>\n<span class=\"wpcf7-form-control-wrap\" data-name=\"menu-579\"><select class=\"wpcf7-form-control wpcf7-select\" aria-invalid=\"false\" name=\"menu-579\"><option value=\"\">&#8212;Please choose an option&#8212;<\/option><option value=\"No aplica\">No aplica<\/option><option value=\"Argentina - Buenos Aires - Bah\u00eda Blanca - 106.7 FM\">Argentina - Buenos Aires - Bah\u00eda Blanca - 106.7 FM<\/option><option value=\"Argentina - Buenos Aires - Buenos Aires - 730 AM\">Argentina - Buenos Aires - Buenos Aires - 730 AM<\/option><option value=\"Argentina - Catamarca - Catamarca - 107.1 FM\">Argentina - Catamarca - Catamarca - 107.1 FM<\/option><option value=\"Argentina - Catamarca - Tinogasta - 103.3 FM\">Argentina - Catamarca - Tinogasta - 103.3 FM<\/option><option value=\"Argentina - Chaco - Nueva Pompeya - 102.1 FM\">Argentina - Chaco - Nueva Pompeya - 102.1 FM<\/option><option value=\"Argentina - C\u00f3rdoba - Almafuerte - 90.7 FM\">Argentina - C\u00f3rdoba - Almafuerte - 90.7 FM<\/option><option value=\"Argentina - C\u00f3rdoba - Arroyito - 104.3 FM\">Argentina - C\u00f3rdoba - Arroyito - 104.3 FM<\/option><option value=\"Argentina - C\u00f3rdoba - C\u00f3rdoba - 107.9 FM\">Argentina - C\u00f3rdoba - C\u00f3rdoba - 107.9 FM<\/option><option value=\"Argentina - C\u00f3rdoba - Dean Funes - 90.1 FM\">Argentina - C\u00f3rdoba - Dean Funes - 90.1 FM<\/option><option value=\"Argentina - C\u00f3rdoba - R\u00edo Cuarto - 106.3 FM\">Argentina - C\u00f3rdoba - R\u00edo Cuarto - 106.3 FM<\/option><option value=\"Argentina - Jujuy - Humahuaca - 91.3 FM\">Argentina - Jujuy - Humahuaca - 91.3 FM<\/option><option value=\"Argentina - Jujuy - Jujuy - 90.9 FM\">Argentina - Jujuy - Jujuy - 90.9 FM<\/option><option value=\"Argentina - Jujuy - La Quiaca - 103.3 FM\">Argentina - Jujuy - La Quiaca - 103.3 FM<\/option><option value=\"Argentina - La Pampa - Sta. Rosa de la Pampa - 104.5 FM\">Argentina - La Pampa - Sta. Rosa de la Pampa - 104.5 FM<\/option><option value=\"Argentina - La Rioja - La Rioja - 104.5 FM\">Argentina - La Rioja - La Rioja - 104.5 FM<\/option><option value=\"Argentina - Mendoza - Agua Escondida - 100.7 FM\">Argentina - Mendoza - Agua Escondida - 100.7 FM<\/option><option value=\"Argentina - Misiones - Alte. Brown, Andresito - 100.7 FM\">Argentina - Misiones - Alte. Brown, Andresito - 100.7 FM<\/option><option value=\"Argentina - Neuqu\u00e9n - Andacollo - 101.5 FM\">Argentina - Neuqu\u00e9n - Andacollo - 101.5 FM<\/option><option value=\"Argentina - Salta - Apolinario Saravia - 105.9 FM\">Argentina - Salta - Apolinario Saravia - 105.9 FM<\/option><option value=\"Argentina - Salta - Met\u00e1n - 90.3 FM\">Argentina - Salta - Met\u00e1n - 90.3 FM<\/option><option value=\"Argentina - Salta - Or\u00e1n - 107.7 FM\">Argentina - Salta - Or\u00e1n - 107.7 FM<\/option><option value=\"Argentina - Santa Fe - Maciel - 88.7 FM\">Argentina - Santa Fe - Maciel - 88.7 FM<\/option><option value=\"Argentina - Santa Fe - Margarita - 103.3 FM\">Argentina - Santa Fe - Margarita - 103.3 FM<\/option><option value=\"Argentina - Santa Fe - Santa Fe - 94.5 FM\">Argentina - Santa Fe - Santa Fe - 94.5 FM<\/option><option value=\"Argentina - Santiago del Estero - Brea Pozo - 103.1 FM\">Argentina - Santiago del Estero - Brea Pozo - 103.1 FM<\/option><option value=\"Argentina - Santiago del Estero - Fr\u00edas - 107.3 FM\">Argentina - Santiago del Estero - Fr\u00edas - 107.3 FM<\/option><option value=\"Argentina - Santiago del Estero - Santiago del Estero - 90.9 FM\">Argentina - Santiago del Estero - Santiago del Estero - 90.9 FM<\/option><option value=\"Argentina - Tucum\u00e1n - Tucum\u00e1n - 88.9 FM\">Argentina - Tucum\u00e1n - Tucum\u00e1n - 88.9 FM<\/option><option value=\"Bolivia - Beni - Guayaramerin - 90.7 FM\">Bolivia - Beni - Guayaramerin - 90.7 FM<\/option><option value=\"Bolivia - Beni - Rurrenabaque - 105.5 FM\">Bolivia - Beni - Rurrenabaque - 105.5 FM<\/option><option value=\"Bolivia - Beni - San Borja - 105.5 FM\">Bolivia - Beni - San Borja - 105.5 FM<\/option><option value=\"Bolivia - Cochabamba - Cochabamba - 105.4 FM\">Bolivia - Cochabamba - Cochabamba - 105.4 FM<\/option><option value=\"Bolivia - La Paz - La Paz - 102.1 FM\">Bolivia - La Paz - La Paz - 102.1 FM<\/option><option value=\"Bolivia - Pando - Cobija - 89.2 FM\">Bolivia - Pando - Cobija - 89.2 FM<\/option><option value=\"Bolivia - Potos\u00ed - Potos\u00ed - 89.5 FM1\">Bolivia - Potos\u00ed - Potos\u00ed - 89.5 FM1<\/option><option value=\"Bolivia - Potos\u00ed - Tupiza - 99.9 FM\">Bolivia - Potos\u00ed - Tupiza - 99.9 FM<\/option><option value=\"Bolivia - Potos\u00ed - Uyuni - 99.1 FM\">Bolivia - Potos\u00ed - Uyuni - 99.1 FM<\/option><option value=\"Bolivia - Santa Cruz - Camiri - 90.7 FM\">Bolivia - Santa Cruz - Camiri - 90.7 FM<\/option><option value=\"Bolivia - Santa Cruz - Charagua - 105.5 FM\">Bolivia - Santa Cruz - Charagua - 105.5 FM<\/option><option value=\"Bolivia - Santa Cruz - Santa Cruz - 90.7 FM\">Bolivia - Santa Cruz - Santa Cruz - 90.7 FM<\/option><option value=\"Bolivia - Santa Cruz - Vallegrande - 90.7 FM\">Bolivia - Santa Cruz - Vallegrande - 90.7 FM<\/option><option value=\"Bolivia - Santa Cruz - Yapacani - 90.7 FM\">Bolivia - Santa Cruz - Yapacani - 90.7 FM<\/option><option value=\"Bolivia - Sucre - Sucre - 94.9 FM\">Bolivia - Sucre - Sucre - 94.9 FM<\/option><option value=\"Bolivia - Tarija - Tarija - 96.1 FM\">Bolivia - Tarija - Tarija - 96.1 FM<\/option><option value=\"Chile - Limar\u00ed - Ovalle - 107.1 FM\">Chile - Limar\u00ed - Ovalle - 107.1 FM<\/option><option value=\"Chile - Metropolitana - Santiago - 1000 AM\">Chile - Metropolitana - Santiago - 1000 AM<\/option><option value=\"Chile - Quinta Regi\u00f3n - Vi\u00f1a del Mar - 1100 AM\">Chile - Quinta Regi\u00f3n - Vi\u00f1a del Mar - 1100 AM<\/option><option value=\"Chile - Sexta Regi\u00f3n - Rancagua - 107.1 FM\">Chile - Sexta Regi\u00f3n - Rancagua - 107.1 FM<\/option><option value=\"Colombia - Antioquia - Medellin - 1590 AM\">Colombia - Antioquia - Medellin - 1590 AM<\/option><option value=\"Colombia - Cundinamarca - Bogot\u00e1 - 1100 AM\">Colombia - Cundinamarca - Bogot\u00e1 - 1100 AM<\/option><option value=\"Costa Rica - Alajuela - San Carlos - 910 AM\">Costa Rica - Alajuela - San Carlos - 910 AM<\/option><option value=\"Costa Rica - Tibas - San Jos\u00e9 - 910 AM\">Costa Rica - Tibas - San Jos\u00e9 - 910 AM<\/option><option value=\"Ecuador - Carchi - Tulcan - 100.1 FM\">Ecuador - Carchi - Tulcan - 100.1 FM<\/option><option value=\"Ecuador - El Oro - Machala - BBN 99.5 FM\">Ecuador - El Oro - Machala - BBN 99.5 FM<\/option><option value=\"Ecuador - Guayas - Guayaquil - 106.1 FM\">Ecuador - Guayas - Guayaquil - 106.1 FM<\/option><option value=\"Ecuador - Imbabura - Ibarra - 106.3 FM\">Ecuador - Imbabura - Ibarra - 106.3 FM<\/option><option value=\"Ecuador - Manab\u00ed - Chone - 94.1 FM\">Ecuador - Manab\u00ed - Chone - 94.1 FM<\/option><option value=\"Ecuador - Manab\u00ed - Manta - BBN 94.1 FM\">Ecuador - Manab\u00ed - Manta - BBN 94.1 FM<\/option><option value=\"Ecuador - Pichincha - Quito - BBN 96.5 FM\">Ecuador - Pichincha - Quito - BBN 96.5 FM<\/option><option value=\"Ecuador - Tungurahua - Ambato - 100.1 FM\">Ecuador - Tungurahua - Ambato - 100.1 FM<\/option><option value=\"Honduras - Cort\u00e9s - Puerto Cort\u00e9s - 93.7 FM\">Honduras - Cort\u00e9s - Puerto Cort\u00e9s - 93.7 FM<\/option><option value=\"Honduras - Cort\u00e9s - San Pedro Sula - 93.7 FM\">Honduras - Cort\u00e9s - San Pedro Sula - 93.7 FM<\/option><option value=\"Honduras - El Para\u00edso - Danli - 104.7 FM\">Honduras - El Para\u00edso - Danli - 104.7 FM<\/option><option value=\"Honduras - Francisco Moraz\u00e1n - Tegucigalpa - 89.7 FM\">Honduras - Francisco Moraz\u00e1n - Tegucigalpa - 89.7 FM<\/option><option value=\"Honduras - Intibuc\u00e1 - La Esperanza - 102.9 FM\">Honduras - Intibuc\u00e1 - La Esperanza - 102.9 FM<\/option><option value=\"Panam\u00e1 - Col\u00f3n - Ciudad de Panam\u00e1 - 1350 AM\">Panam\u00e1 - Col\u00f3n - Ciudad de Panam\u00e1 - 1350 AM<\/option><option value=\"Paraguay - Central - Asunci\u00f3n - 89.5 FM\">Paraguay - Central - Asunci\u00f3n - 89.5 FM<\/option><option value=\"Per\u00fa - Cajamarca - Cajamarca - 88.9 FM\">Per\u00fa - Cajamarca - Cajamarca - 88.9 FM<\/option><option value=\"Per\u00fa - Datam Del Mara\u00f1on - San Lorenzo - 93.7 FM\">Per\u00fa - Datam Del Mara\u00f1on - San Lorenzo - 93.7 FM<\/option><option value=\"Per\u00fa - Huancavelica - Huancavelica - 88.3 FM\">Per\u00fa - Huancavelica - Huancavelica - 88.3 FM<\/option><option value=\"Per\u00fa - Huancayo - Huancayo - 99.5 FM\">Per\u00fa - Huancayo - Huancayo - 99.5 FM<\/option><option value=\"Per\u00fa - Jauja - Jauja - 103.9 FM\">Per\u00fa - Jauja - Jauja - 103.9 FM<\/option><option value=\"Per\u00fa - Junin - Pichanaki - 90.3 FM\">Per\u00fa - Junin - Pichanaki - 90.3 FM<\/option><option value=\"Per\u00fa - Leoncio Prado - Aucayacu - 90.7 FM\">Per\u00fa - Leoncio Prado - Aucayacu - 90.7 FM<\/option><option value=\"Per\u00fa - Leoncio Prado - Tingo Maria - 90.9 FM\">Per\u00fa - Leoncio Prado - Tingo Maria - 90.9 FM<\/option><option value=\"Per\u00fa - Lima - Chosica - 90.1 FM\">Per\u00fa - Lima - Chosica - 90.1 FM<\/option><option value=\"Per\u00fa - Tarma - Tarma - 97.7 FM\">Per\u00fa - Tarma - Tarma - 97.7 FM<\/option><option value=\"Per\u00fa - Yurimaguas - Yurimaguas - 93.3 FM\">Per\u00fa - Yurimaguas - Yurimaguas - 93.3 FM<\/option><option value=\"Venezuela - Distrito Federal - Caracas - 1260 AM\">Venezuela - Distrito Federal - Caracas - 1260 AM<\/option><\/select><\/span>\n<\/p>\n<p>Direcci\u00f3n postal (requerida)\n<\/p>\n<p><span class=\"wpcf7-form-control-wrap\" data-name=\"text-243\"><input size=\"40\" class=\"wpcf7-form-control wpcf7-text\" aria-invalid=\"false\" value=\"\" type=\"text\" name=\"text-243\" \/><\/span>\n<\/p>\n<p>Descripci\u00f3n del problema\n<\/p>\n<p><span class=\"wpcf7-form-control-wrap\" data-name=\"your-message\"><textarea cols=\"40\" rows=\"10\" class=\"wpcf7-form-control wpcf7-textarea\" aria-invalid=\"false\" name=\"your-message\"><\/textarea><\/span>\n<\/p>\n<p>\n\t<font color=\"red\">\n\t<\/font>\n<\/p>\n<H4>Despu\u00e9s de enviar su mensaje, por favor baje la p\u00e1gina para ver el estado de su env\u00edo.\n<\/h4>\n<p><span id=\"wpcf7-69d58e2d36fba-wrapper\" class=\"wpcf7-form-control-wrap honeypot-889-wrap\" ><label for=\"wpcf7-69d58e2d36fba-field\" class=\"hp-message\">Please leave this field empty.<\/label><input id=\"wpcf7-69d58e2d36fba-field\"  class=\"wpcf7-form-control wpcf7-text\" type=\"text\" name=\"honeypot-889\" value=\"\" size=\"40\" tabindex=\"-1\" autocomplete=\"new-password\" \/><\/span>\n<\/p>\n<p><input class=\"wpcf7-form-control has-spinner wpcf7-submit\" type=\"submit\" value=\"Enviar\" \/>\n<\/p><p style=\"display: none !important;\" class=\"akismet-fields-container\" data-prefix=\"_wpcf7_ak_\"><label>&#916;<textarea name=\"_wpcf7_ak_hp_textarea\" cols=\"45\" rows=\"8\" maxlength=\"100\"><\/textarea><\/label><input type=\"hidden\" id=\"ak_js_1\" name=\"_wpcf7_ak_js\" value=\"5\"\/><script>document.getElementById( \"ak_js_1\" ).setAttribute( \"value\", ( new Date() ).getTime() );<\/script><\/p><div class=\"wpcf7-response-output\" aria-hidden=\"true\"><\/div>\n<\/form>\n<\/div>\n\n<\/div><\/section>\n<!-- AddThis Advanced Settings generic via filter on the_content --><!-- AddThis Share Buttons generic via filter on the_content -->","protected":false},"excerpt":{"rendered":"<p><!-- AddThis Advanced Settings generic via filter on get_the_excerpt --><!-- AddThis Share Buttons generic via filter on get_the_excerpt --><\/p>\n","protected":false},"author":21,"featured_media":0,"parent":4024,"menu_order":0,"comment_status":"open","ping_status":"open","template":"","meta":{"jetpack_post_was_ever_published":false,"footnotes":""},"class_list":["post-3417","page","type-page","status-publish","hentry"],"yoast_head":"<!-- This site is optimized with the Yoast SEO Premium plugin v24.8 (Yoast SEO v24.8.1) - https:\/\/yoast.com\/wordpress\/plugins\/seo\/ -->\n<title>Report a Problem with your BBN AM or FM Radio Station<\/title>\n<meta name=\"description\" content=\"Noticing a problem with your BBN AM or FM radio station? This is the place to let us know.\" \/>\n<meta name=\"robots\" content=\"index, follow, max-snippet:-1, max-image-preview:large, max-video-preview:-1\" \/>\n<link rel=\"canonical\" href=\"https:\/\/bbn1.bbnradio.org\/spanish\/contactenos\/reportar-problema\/report-a-problem-with-your-am-or-fm-radio-station\/\" \/>\n<meta property=\"og:locale\" content=\"es_ES\" \/>\n<meta property=\"og:type\" content=\"article\" \/>\n<meta property=\"og:title\" content=\"Reportar problema con emisora\" \/>\n<meta property=\"og:description\" content=\"Noticing a problem with your BBN AM or FM radio station? This is the place to let us know.\" \/>\n<meta property=\"og:url\" content=\"https:\/\/bbn1.bbnradio.org\/spanish\/contactenos\/reportar-problema\/report-a-problem-with-your-am-or-fm-radio-station\/\" \/>\n<meta property=\"og:site_name\" content=\"BBN\" \/>\n<meta property=\"article:publisher\" content=\"https:\/\/www.facebook.com\/BBNEspanol\" \/>\n<meta property=\"article:modified_time\" content=\"2018-06-05T14:47:44+00:00\" \/>\n<meta name=\"twitter:card\" content=\"summary_large_image\" \/>\n<meta name=\"twitter:site\" content=\"@BBNEspanol\" \/>\n<script type=\"application\/ld+json\" class=\"yoast-schema-graph\">{\"@context\":\"https:\/\/schema.org\",\"@graph\":[{\"@type\":\"WebPage\",\"@id\":\"https:\/\/bbn1.bbnradio.org\/spanish\/contactenos\/reportar-problema\/report-a-problem-with-your-am-or-fm-radio-station\/\",\"url\":\"https:\/\/bbn1.bbnradio.org\/spanish\/contactenos\/reportar-problema\/report-a-problem-with-your-am-or-fm-radio-station\/\",\"name\":\"Report a Problem with your BBN AM or FM Radio Station\",\"isPartOf\":{\"@id\":\"https:\/\/bbn1.bbnradio.org\/spanish\/#website\"},\"datePublished\":\"2015-04-28T16:06:49+00:00\",\"dateModified\":\"2018-06-05T14:47:44+00:00\",\"description\":\"Noticing a problem with your BBN AM or FM radio station? This is the place to let us know.\",\"breadcrumb\":{\"@id\":\"https:\/\/bbn1.bbnradio.org\/spanish\/contactenos\/reportar-problema\/report-a-problem-with-your-am-or-fm-radio-station\/#breadcrumb\"},\"inLanguage\":\"es\",\"potentialAction\":[{\"@type\":\"ReadAction\",\"target\":[\"https:\/\/bbn1.bbnradio.org\/spanish\/contactenos\/reportar-problema\/report-a-problem-with-your-am-or-fm-radio-station\/\"]}]},{\"@type\":\"BreadcrumbList\",\"@id\":\"https:\/\/bbn1.bbnradio.org\/spanish\/contactenos\/reportar-problema\/report-a-problem-with-your-am-or-fm-radio-station\/#breadcrumb\",\"itemListElement\":[{\"@type\":\"ListItem\",\"position\":1,\"name\":\"Home\",\"item\":\"https:\/\/bbn1.bbnradio.org\/spanish\/inicio\/\"},{\"@type\":\"ListItem\",\"position\":2,\"name\":\"Cont\u00e1ctenos\",\"item\":\"https:\/\/bbn1.bbnradio.org\/spanish\/contactenos\/\"},{\"@type\":\"ListItem\",\"position\":3,\"name\":\"Reportar Problema\",\"item\":\"https:\/\/bbn1.bbnradio.org\/spanish\/contactenos\/reportar-problema\/\"},{\"@type\":\"ListItem\",\"position\":4,\"name\":\"Reportar problema con emisora\"}]},{\"@type\":\"WebSite\",\"@id\":\"https:\/\/bbn1.bbnradio.org\/spanish\/#website\",\"url\":\"https:\/\/bbn1.bbnradio.org\/spanish\/\",\"name\":\"BBN Spanish\",\"description\":\"BBN\",\"potentialAction\":[{\"@type\":\"SearchAction\",\"target\":{\"@type\":\"EntryPoint\",\"urlTemplate\":\"https:\/\/bbn1.bbnradio.org\/spanish\/?s={search_term_string}\"},\"query-input\":{\"@type\":\"PropertyValueSpecification\",\"valueRequired\":true,\"valueName\":\"search_term_string\"}}],\"inLanguage\":\"es\"}]}<\/script>\n<!-- \/ Yoast SEO Premium plugin. -->","yoast_head_json":{"title":"Report a Problem with your BBN AM or FM Radio Station","description":"Noticing a problem with your BBN AM or FM radio station? This is the place to let us know.","robots":{"index":"index","follow":"follow","max-snippet":"max-snippet:-1","max-image-preview":"max-image-preview:large","max-video-preview":"max-video-preview:-1"},"canonical":"https:\/\/bbn1.bbnradio.org\/spanish\/contactenos\/reportar-problema\/report-a-problem-with-your-am-or-fm-radio-station\/","og_locale":"es_ES","og_type":"article","og_title":"Reportar problema con emisora","og_description":"Noticing a problem with your BBN AM or FM radio station? This is the place to let us know.","og_url":"https:\/\/bbn1.bbnradio.org\/spanish\/contactenos\/reportar-problema\/report-a-problem-with-your-am-or-fm-radio-station\/","og_site_name":"BBN","article_publisher":"https:\/\/www.facebook.com\/BBNEspanol","article_modified_time":"2018-06-05T14:47:44+00:00","twitter_card":"summary_large_image","twitter_site":"@BBNEspanol","schema":{"@context":"https:\/\/schema.org","@graph":[{"@type":"WebPage","@id":"https:\/\/bbn1.bbnradio.org\/spanish\/contactenos\/reportar-problema\/report-a-problem-with-your-am-or-fm-radio-station\/","url":"https:\/\/bbn1.bbnradio.org\/spanish\/contactenos\/reportar-problema\/report-a-problem-with-your-am-or-fm-radio-station\/","name":"Report a Problem with your BBN AM or FM Radio Station","isPartOf":{"@id":"https:\/\/bbn1.bbnradio.org\/spanish\/#website"},"datePublished":"2015-04-28T16:06:49+00:00","dateModified":"2018-06-05T14:47:44+00:00","description":"Noticing a problem with your BBN AM or FM radio station? This is the place to let us know.","breadcrumb":{"@id":"https:\/\/bbn1.bbnradio.org\/spanish\/contactenos\/reportar-problema\/report-a-problem-with-your-am-or-fm-radio-station\/#breadcrumb"},"inLanguage":"es","potentialAction":[{"@type":"ReadAction","target":["https:\/\/bbn1.bbnradio.org\/spanish\/contactenos\/reportar-problema\/report-a-problem-with-your-am-or-fm-radio-station\/"]}]},{"@type":"BreadcrumbList","@id":"https:\/\/bbn1.bbnradio.org\/spanish\/contactenos\/reportar-problema\/report-a-problem-with-your-am-or-fm-radio-station\/#breadcrumb","itemListElement":[{"@type":"ListItem","position":1,"name":"Home","item":"https:\/\/bbn1.bbnradio.org\/spanish\/inicio\/"},{"@type":"ListItem","position":2,"name":"Cont\u00e1ctenos","item":"https:\/\/bbn1.bbnradio.org\/spanish\/contactenos\/"},{"@type":"ListItem","position":3,"name":"Reportar Problema","item":"https:\/\/bbn1.bbnradio.org\/spanish\/contactenos\/reportar-problema\/"},{"@type":"ListItem","position":4,"name":"Reportar problema con emisora"}]},{"@type":"WebSite","@id":"https:\/\/bbn1.bbnradio.org\/spanish\/#website","url":"https:\/\/bbn1.bbnradio.org\/spanish\/","name":"BBN Spanish","description":"BBN","potentialAction":[{"@type":"SearchAction","target":{"@type":"EntryPoint","urlTemplate":"https:\/\/bbn1.bbnradio.org\/spanish\/?s={search_term_string}"},"query-input":{"@type":"PropertyValueSpecification","valueRequired":true,"valueName":"search_term_string"}}],"inLanguage":"es"}]}},"jetpack_sharing_enabled":true,"jetpack_shortlink":"https:\/\/wp.me\/P85nNm-T7","_links":{"self":[{"href":"https:\/\/bbn1.bbnradio.org\/spanish\/wp-json\/wp\/v2\/pages\/3417","targetHints":{"allow":["GET"]}}],"collection":[{"href":"https:\/\/bbn1.bbnradio.org\/spanish\/wp-json\/wp\/v2\/pages"}],"about":[{"href":"https:\/\/bbn1.bbnradio.org\/spanish\/wp-json\/wp\/v2\/types\/page"}],"author":[{"embeddable":true,"href":"https:\/\/bbn1.bbnradio.org\/spanish\/wp-json\/wp\/v2\/users\/21"}],"replies":[{"embeddable":true,"href":"https:\/\/bbn1.bbnradio.org\/spanish\/wp-json\/wp\/v2\/comments?post=3417"}],"version-history":[{"count":2,"href":"https:\/\/bbn1.bbnradio.org\/spanish\/wp-json\/wp\/v2\/pages\/3417\/revisions"}],"predecessor-version":[{"id":15035,"href":"https:\/\/bbn1.bbnradio.org\/spanish\/wp-json\/wp\/v2\/pages\/3417\/revisions\/15035"}],"up":[{"embeddable":true,"href":"https:\/\/bbn1.bbnradio.org\/spanish\/wp-json\/wp\/v2\/pages\/4024"}],"wp:attachment":[{"href":"https:\/\/bbn1.bbnradio.org\/spanish\/wp-json\/wp\/v2\/media?parent=3417"}],"curies":[{"name":"wp","href":"https:\/\/api.w.org\/{rel}","templated":true}]}}