{"id":3419,"date":"2015-04-28T12:06:59","date_gmt":"2015-04-28T16:06:59","guid":{"rendered":"https:\/\/bbn1.bbnradio.org\/english\/?page_id=3419"},"modified":"2018-04-12T09:41:26","modified_gmt":"2018-04-12T14:41:26","slug":"problemas-con-la-transmision-en-vivo","status":"publish","type":"page","link":"https:\/\/bbn1.bbnradio.org\/spanish\/contactenos\/reportar-problema\/problemas-con-la-transmision-en-vivo\/","title":{"rendered":"Problemas con la transmisi\u00f3n en vivo"},"content":{"rendered":"<section  class='av_textblock_section av-av_textblock-0366cc7376be6c9e82a3e9cc8987b64f '   itemscope=\"itemscope\" itemtype=\"https:\/\/schema.org\/CreativeWork\" ><div class='avia_textblock'  itemprop=\"text\" >\n<div class=\"wpcf7 no-js\" id=\"wpcf7-f3953-o1\" lang=\"en-US\" dir=\"ltr\">\n<div class=\"screen-reader-response\"><p role=\"status\" aria-live=\"polite\" aria-atomic=\"true\"><\/p> <ul><\/ul><\/div>\n<form action=\"\/spanish\/wp-json\/wp\/v2\/pages\/3419#wpcf7-f3953-o1\" method=\"post\" class=\"wpcf7-form init\" aria-label=\"Contact form\" novalidate=\"novalidate\" data-status=\"init\">\n<div style=\"display: none;\">\n<input type=\"hidden\" name=\"_wpcf7\" value=\"3953\" \/>\n<input type=\"hidden\" name=\"_wpcf7_version\" value=\"5.7.6\" \/>\n<input type=\"hidden\" name=\"_wpcf7_locale\" value=\"en_US\" \/>\n<input type=\"hidden\" name=\"_wpcf7_unit_tag\" value=\"wpcf7-f3953-o1\" \/>\n<input type=\"hidden\" name=\"_wpcf7_container_post\" value=\"0\" \/>\n<input type=\"hidden\" name=\"_wpcf7_posted_data_hash\" value=\"\" \/>\n<\/div>\n<p>Nombre (requerido)\n<\/p>\n<p><span class=\"wpcf7-form-control-wrap\" data-name=\"your-name\"><input size=\"40\" class=\"wpcf7-form-control wpcf7-text wpcf7-validates-as-required\" aria-required=\"true\" aria-invalid=\"false\" value=\"\" type=\"text\" name=\"your-name\" \/><\/span>\n<\/p>\n<p>Email (requerido)\n<\/p>\n<p><span class=\"wpcf7-form-control-wrap\" data-name=\"your-email\"><input size=\"40\" class=\"wpcf7-form-control wpcf7-text wpcf7-email wpcf7-validates-as-required wpcf7-validates-as-email\" aria-required=\"true\" aria-invalid=\"false\" value=\"\" type=\"email\" name=\"your-email\" \/><\/span>\n<\/p>\n<p>Asunto - expresado en un rengl\u00f3n\n<\/p>\n<p><span class=\"wpcf7-form-control-wrap\" data-name=\"your-subject\"><input size=\"40\" class=\"wpcf7-form-control wpcf7-text\" aria-invalid=\"false\" value=\"\" type=\"text\" name=\"your-subject\" \/><\/span>\n<\/p>\n<p>Descripcion del problema con la transmisi\u00f3n en vivo (streaming)\n<\/p>\n<p><span class=\"wpcf7-form-control-wrap\" data-name=\"your-message\"><textarea cols=\"40\" rows=\"10\" class=\"wpcf7-form-control wpcf7-textarea\" aria-invalid=\"false\" name=\"your-message\"><\/textarea><\/span>\n<\/p>\n<p>\u00bfQu\u00e9 reproductor esta usando o intentando usar?<br \/>\n<span class=\"wpcf7-form-control-wrap\" data-name=\"menu-579\"><select class=\"wpcf7-form-control wpcf7-select\" aria-invalid=\"false\" name=\"menu-579\"><option value=\"\">&#8212;Please choose an option&#8212;<\/option><option value=\"No aplica\">No aplica<\/option><option value=\"PC: p\u00e1gina de reproducci\u00f3n o reproductor emergente\">PC: p\u00e1gina de reproducci\u00f3n o reproductor emergente<\/option><option value=\"PC: aplicaci\u00f3n Google Chrome\">PC: aplicaci\u00f3n Google Chrome<\/option><option value=\"PC: aplicaci\u00f3n de BBN para Windows\">PC: aplicaci\u00f3n de BBN para Windows<\/option><option value=\"M\u00f3vil: aplicaci\u00f3n de BBN para iPhone\">M\u00f3vil: aplicaci\u00f3n de BBN para iPhone<\/option><option value=\"M\u00f3vil: aplicaci\u00f3n BBN Android o Kindle\">M\u00f3vil: aplicaci\u00f3n BBN Android o Kindle<\/option><option value=\"M\u00f3vil: aplicaci\u00f3n de BBN para Windows\">M\u00f3vil: aplicaci\u00f3n de BBN para Windows<\/option><option value=\"M\u00f3vil: desde el sitio de BBN en Internet pero sin usar una aplicaci\u00f3n de BBN\">M\u00f3vil: desde el sitio de BBN en Internet pero sin usar una aplicaci\u00f3n de BBN<\/option><option value=\"M\u00f3vil: escuchar por llamada telef\u00f3nica\">M\u00f3vil: escuchar por llamada telef\u00f3nica<\/option><option value=\"Altavoz inteligente: Dispositivo Amazon Alexa\">Altavoz inteligente: Dispositivo Amazon Alexa<\/option><option value=\"TV: a trav\u00e9s de Amazon Fire TV\">TV: a trav\u00e9s de Amazon Fire TV<\/option><option value=\"TV: a trav\u00e9s de Android TV\">TV: a trav\u00e9s de Android TV<\/option><option value=\"TV: a trav\u00e9s de Apple TV\">TV: a trav\u00e9s de Apple TV<\/option><option value=\"TV: a trav\u00e9s de Roku\">TV: a trav\u00e9s de Roku<\/option><option value=\"a trav\u00e9s de Google Chromecast\">a trav\u00e9s de Google Chromecast<\/option><option value=\"Radio por Internet\">Radio por Internet<\/option><option value=\"Sonos\">Sonos<\/option><option value=\"Desde una p\u00e1gina de internet que no es de BBN\">Desde una p\u00e1gina de internet que no es de BBN<\/option><\/select><\/span>\n<\/p>\n<p>\n\t<font color=\"red\">\n\t<\/font>\n<\/p>\n<H4>Despu\u00e9s del env\u00edo, desplace la p\u00e1gina hacia abajo para ver el estado final del mismo.\n<\/h4>\n<p><span id=\"wpcf7-69dfcda71c249-wrapper\" class=\"wpcf7-form-control-wrap honeypot-920-wrap\" ><label for=\"wpcf7-69dfcda71c249-field\" class=\"hp-message\">Please leave this field empty.<\/label><input id=\"wpcf7-69dfcda71c249-field\"  class=\"wpcf7-form-control wpcf7-text\" type=\"text\" name=\"honeypot-920\" value=\"\" size=\"40\" tabindex=\"-1\" autocomplete=\"new-password\" \/><\/span>\n<\/p>\n<p><input class=\"wpcf7-form-control has-spinner wpcf7-submit\" type=\"submit\" value=\"Enviar\" \/>\n<\/p><p style=\"display: none !important;\" class=\"akismet-fields-container\" data-prefix=\"_wpcf7_ak_\"><label>&#916;<textarea name=\"_wpcf7_ak_hp_textarea\" cols=\"45\" rows=\"8\" maxlength=\"100\"><\/textarea><\/label><input type=\"hidden\" id=\"ak_js_1\" name=\"_wpcf7_ak_js\" value=\"156\"\/><script>document.getElementById( \"ak_js_1\" ).setAttribute( \"value\", ( new Date() ).getTime() );<\/script><\/p><div class=\"wpcf7-response-output\" aria-hidden=\"true\"><\/div>\n<\/form>\n<\/div>\n\n<\/div><\/section>\n<!-- AddThis Advanced Settings generic via filter on the_content --><!-- AddThis Share Buttons generic via filter on the_content -->","protected":false},"excerpt":{"rendered":"<p><!-- AddThis Advanced Settings generic via filter on get_the_excerpt --><!-- AddThis Share Buttons generic via filter on get_the_excerpt --><\/p>\n","protected":false},"author":21,"featured_media":0,"parent":4024,"menu_order":0,"comment_status":"open","ping_status":"open","template":"","meta":{"jetpack_post_was_ever_published":false,"footnotes":""},"class_list":["post-3419","page","type-page","status-publish","hentry"],"yoast_head":"<!-- This site is optimized with the Yoast SEO Premium plugin v24.8 (Yoast SEO v24.8.1) - https:\/\/yoast.com\/wordpress\/plugins\/seo\/ -->\n<title>Contacte a BBN para reportar Problema con Streaming<\/title>\n<meta name=\"description\" content=\"\u00bfNecesita reportar un problema con el streaming? H\u00e1ganoslo saber y nosotros nos encargamos del resto.\" \/>\n<meta name=\"robots\" content=\"index, follow, max-snippet:-1, max-image-preview:large, max-video-preview:-1\" \/>\n<link rel=\"canonical\" href=\"https:\/\/bbn1.bbnradio.org\/spanish\/contactenos\/reportar-problema\/problemas-con-la-transmision-en-vivo\/\" \/>\n<meta property=\"og:locale\" content=\"es_ES\" \/>\n<meta property=\"og:type\" content=\"article\" \/>\n<meta property=\"og:title\" content=\"Contacte a BBN para reportar Problema con Streaming\" \/>\n<meta property=\"og:description\" content=\"\u00bfNecesita reportar un problema con el streaming? H\u00e1ganoslo saber y nosotros nos encargamos del resto.\" \/>\n<meta property=\"og:url\" content=\"https:\/\/bbn1.bbnradio.org\/spanish\/contactenos\/reportar-problema\/problemas-con-la-transmision-en-vivo\/\" \/>\n<meta property=\"og:site_name\" content=\"BBN\" \/>\n<meta property=\"article:publisher\" content=\"https:\/\/www.facebook.com\/BBNEspanol\" \/>\n<meta property=\"article:modified_time\" content=\"2018-04-12T14:41:26+00:00\" \/>\n<meta name=\"twitter:card\" content=\"summary_large_image\" \/>\n<meta name=\"twitter:title\" content=\"Contacte a BBN para reportar Problema con Streaming\" \/>\n<meta name=\"twitter:description\" content=\"\u00bfNecesita reportar un problema con el streaming? H\u00e1ganoslo saber y nosotros nos encargamos del resto.\" \/>\n<meta name=\"twitter:site\" content=\"@BBNEspanol\" \/>\n<script type=\"application\/ld+json\" class=\"yoast-schema-graph\">{\"@context\":\"https:\/\/schema.org\",\"@graph\":[{\"@type\":\"WebPage\",\"@id\":\"https:\/\/bbn1.bbnradio.org\/spanish\/contactenos\/reportar-problema\/problemas-con-la-transmision-en-vivo\/\",\"url\":\"https:\/\/bbn1.bbnradio.org\/spanish\/contactenos\/reportar-problema\/problemas-con-la-transmision-en-vivo\/\",\"name\":\"Contacte a BBN para reportar Problema con Streaming\",\"isPartOf\":{\"@id\":\"https:\/\/bbn1.bbnradio.org\/spanish\/#website\"},\"datePublished\":\"2015-04-28T16:06:59+00:00\",\"dateModified\":\"2018-04-12T14:41:26+00:00\",\"description\":\"\u00bfNecesita reportar un problema con el streaming? H\u00e1ganoslo saber y nosotros nos encargamos del resto.\",\"breadcrumb\":{\"@id\":\"https:\/\/bbn1.bbnradio.org\/spanish\/contactenos\/reportar-problema\/problemas-con-la-transmision-en-vivo\/#breadcrumb\"},\"inLanguage\":\"es\",\"potentialAction\":[{\"@type\":\"ReadAction\",\"target\":[\"https:\/\/bbn1.bbnradio.org\/spanish\/contactenos\/reportar-problema\/problemas-con-la-transmision-en-vivo\/\"]}]},{\"@type\":\"BreadcrumbList\",\"@id\":\"https:\/\/bbn1.bbnradio.org\/spanish\/contactenos\/reportar-problema\/problemas-con-la-transmision-en-vivo\/#breadcrumb\",\"itemListElement\":[{\"@type\":\"ListItem\",\"position\":1,\"name\":\"Home\",\"item\":\"https:\/\/bbn1.bbnradio.org\/spanish\/inicio\/\"},{\"@type\":\"ListItem\",\"position\":2,\"name\":\"Cont\u00e1ctenos\",\"item\":\"https:\/\/bbn1.bbnradio.org\/spanish\/contactenos\/\"},{\"@type\":\"ListItem\",\"position\":3,\"name\":\"Reportar Problema\",\"item\":\"https:\/\/bbn1.bbnradio.org\/spanish\/contactenos\/reportar-problema\/\"},{\"@type\":\"ListItem\",\"position\":4,\"name\":\"Problemas con la transmisi\u00f3n en vivo\"}]},{\"@type\":\"WebSite\",\"@id\":\"https:\/\/bbn1.bbnradio.org\/spanish\/#website\",\"url\":\"https:\/\/bbn1.bbnradio.org\/spanish\/\",\"name\":\"BBN Spanish\",\"description\":\"BBN\",\"potentialAction\":[{\"@type\":\"SearchAction\",\"target\":{\"@type\":\"EntryPoint\",\"urlTemplate\":\"https:\/\/bbn1.bbnradio.org\/spanish\/?s={search_term_string}\"},\"query-input\":{\"@type\":\"PropertyValueSpecification\",\"valueRequired\":true,\"valueName\":\"search_term_string\"}}],\"inLanguage\":\"es\"}]}<\/script>\n<!-- \/ Yoast SEO Premium plugin. -->","yoast_head_json":{"title":"Contacte a BBN para reportar Problema con Streaming","description":"\u00bfNecesita reportar un problema con el streaming? H\u00e1ganoslo saber y nosotros nos encargamos del resto.","robots":{"index":"index","follow":"follow","max-snippet":"max-snippet:-1","max-image-preview":"max-image-preview:large","max-video-preview":"max-video-preview:-1"},"canonical":"https:\/\/bbn1.bbnradio.org\/spanish\/contactenos\/reportar-problema\/problemas-con-la-transmision-en-vivo\/","og_locale":"es_ES","og_type":"article","og_title":"Contacte a BBN para reportar Problema con Streaming","og_description":"\u00bfNecesita reportar un problema con el streaming? H\u00e1ganoslo saber y nosotros nos encargamos del resto.","og_url":"https:\/\/bbn1.bbnradio.org\/spanish\/contactenos\/reportar-problema\/problemas-con-la-transmision-en-vivo\/","og_site_name":"BBN","article_publisher":"https:\/\/www.facebook.com\/BBNEspanol","article_modified_time":"2018-04-12T14:41:26+00:00","twitter_card":"summary_large_image","twitter_title":"Contacte a BBN para reportar Problema con Streaming","twitter_description":"\u00bfNecesita reportar un problema con el streaming? H\u00e1ganoslo saber y nosotros nos encargamos del resto.","twitter_site":"@BBNEspanol","schema":{"@context":"https:\/\/schema.org","@graph":[{"@type":"WebPage","@id":"https:\/\/bbn1.bbnradio.org\/spanish\/contactenos\/reportar-problema\/problemas-con-la-transmision-en-vivo\/","url":"https:\/\/bbn1.bbnradio.org\/spanish\/contactenos\/reportar-problema\/problemas-con-la-transmision-en-vivo\/","name":"Contacte a BBN para reportar Problema con Streaming","isPartOf":{"@id":"https:\/\/bbn1.bbnradio.org\/spanish\/#website"},"datePublished":"2015-04-28T16:06:59+00:00","dateModified":"2018-04-12T14:41:26+00:00","description":"\u00bfNecesita reportar un problema con el streaming? H\u00e1ganoslo saber y nosotros nos encargamos del resto.","breadcrumb":{"@id":"https:\/\/bbn1.bbnradio.org\/spanish\/contactenos\/reportar-problema\/problemas-con-la-transmision-en-vivo\/#breadcrumb"},"inLanguage":"es","potentialAction":[{"@type":"ReadAction","target":["https:\/\/bbn1.bbnradio.org\/spanish\/contactenos\/reportar-problema\/problemas-con-la-transmision-en-vivo\/"]}]},{"@type":"BreadcrumbList","@id":"https:\/\/bbn1.bbnradio.org\/spanish\/contactenos\/reportar-problema\/problemas-con-la-transmision-en-vivo\/#breadcrumb","itemListElement":[{"@type":"ListItem","position":1,"name":"Home","item":"https:\/\/bbn1.bbnradio.org\/spanish\/inicio\/"},{"@type":"ListItem","position":2,"name":"Cont\u00e1ctenos","item":"https:\/\/bbn1.bbnradio.org\/spanish\/contactenos\/"},{"@type":"ListItem","position":3,"name":"Reportar Problema","item":"https:\/\/bbn1.bbnradio.org\/spanish\/contactenos\/reportar-problema\/"},{"@type":"ListItem","position":4,"name":"Problemas con la transmisi\u00f3n en vivo"}]},{"@type":"WebSite","@id":"https:\/\/bbn1.bbnradio.org\/spanish\/#website","url":"https:\/\/bbn1.bbnradio.org\/spanish\/","name":"BBN Spanish","description":"BBN","potentialAction":[{"@type":"SearchAction","target":{"@type":"EntryPoint","urlTemplate":"https:\/\/bbn1.bbnradio.org\/spanish\/?s={search_term_string}"},"query-input":{"@type":"PropertyValueSpecification","valueRequired":true,"valueName":"search_term_string"}}],"inLanguage":"es"}]}},"jetpack_sharing_enabled":true,"jetpack_shortlink":"https:\/\/wp.me\/P85nNm-T9","_links":{"self":[{"href":"https:\/\/bbn1.bbnradio.org\/spanish\/wp-json\/wp\/v2\/pages\/3419","targetHints":{"allow":["GET"]}}],"collection":[{"href":"https:\/\/bbn1.bbnradio.org\/spanish\/wp-json\/wp\/v2\/pages"}],"about":[{"href":"https:\/\/bbn1.bbnradio.org\/spanish\/wp-json\/wp\/v2\/types\/page"}],"author":[{"embeddable":true,"href":"https:\/\/bbn1.bbnradio.org\/spanish\/wp-json\/wp\/v2\/users\/21"}],"replies":[{"embeddable":true,"href":"https:\/\/bbn1.bbnradio.org\/spanish\/wp-json\/wp\/v2\/comments?post=3419"}],"version-history":[{"count":2,"href":"https:\/\/bbn1.bbnradio.org\/spanish\/wp-json\/wp\/v2\/pages\/3419\/revisions"}],"predecessor-version":[{"id":12814,"href":"https:\/\/bbn1.bbnradio.org\/spanish\/wp-json\/wp\/v2\/pages\/3419\/revisions\/12814"}],"up":[{"embeddable":true,"href":"https:\/\/bbn1.bbnradio.org\/spanish\/wp-json\/wp\/v2\/pages\/4024"}],"wp:attachment":[{"href":"https:\/\/bbn1.bbnradio.org\/spanish\/wp-json\/wp\/v2\/media?parent=3419"}],"curies":[{"name":"wp","href":"https:\/\/api.w.org\/{rel}","templated":true}]}}