{"id":3427,"date":"2015-04-28T12:21:27","date_gmt":"2015-04-28T16:21:27","guid":{"rendered":"https:\/\/bbn1.bbnradio.org\/english\/?page_id=3427"},"modified":"2018-11-07T14:24:30","modified_gmt":"2018-11-07T19:24:30","slug":"contactenos","status":"publish","type":"page","link":"https:\/\/bbn1.bbnradio.org\/spanish\/contactenos\/","title":{"rendered":"Cont\u00e1ctenos"},"content":{"rendered":"\n<style type=\"text\/css\" data-created_by=\"avia_inline_auto\" id=\"style-css-av-s1uo2r-4ee9bd30438e94f3bd84e26ab9a161b4\">\n.avia-section.av-s1uo2r-4ee9bd30438e94f3bd84e26ab9a161b4{\nbackground-repeat:no-repeat;\nbackground-image:url(https:\/\/i0.wp.com\/bbn1.bbnradio.org\/spanish\/wp-content\/uploads\/sites\/5\/2015\/04\/Contact-BBN.jpg?resize=1200%2C423&ssl=1);\nbackground-position:50% 50%;\nbackground-attachment:scroll;\n}\n<\/style>\n<div id='av_section_1'  class='avia-section av-s1uo2r-4ee9bd30438e94f3bd84e26ab9a161b4 main_color avia-section-default avia-no-shadow  avia-builder-el-0  el_before_av_heading  avia-builder-el-first  avia-full-stretch avia-bg-style-scroll av-minimum-height av-minimum-height-custom av-height-custom  container_wrap sidebar_right'  data-section-bg-repeat='stretch' data-av_minimum_height_px='250'><div class='container av-section-cont-open' style='height:250px'><main  role=\"main\" itemprop=\"mainContentOfPage\"  class='template-page content  av-content-small alpha units'><div class='post-entry post-entry-type-page post-entry-3427'><div class='entry-content-wrapper clearfix'><\/div><\/div><\/main><!-- close content main element --><\/div><\/div><div id='after_section_1'  class='main_color av_default_container_wrap container_wrap sidebar_right'  ><div class='container av-section-cont-open' ><div class='template-page content  av-content-small alpha units'><div class='post-entry post-entry-type-page post-entry-3427'><div class='entry-content-wrapper clearfix'>\n\n<style type=\"text\/css\" data-created_by=\"avia_inline_auto\" id=\"style-css-av-av_heading-a1f6bd59e82dc5565130120d2f5ab7d9\">\n#top .av-special-heading.av-av_heading-a1f6bd59e82dc5565130120d2f5ab7d9{\npadding-bottom:10px;\n}\nbody .av-special-heading.av-av_heading-a1f6bd59e82dc5565130120d2f5ab7d9 .av-special-heading-tag .heading-char{\nfont-size:25px;\n}\n.av-special-heading.av-av_heading-a1f6bd59e82dc5565130120d2f5ab7d9 .av-subheading{\nfont-size:15px;\n}\n<\/style>\n<div  class='av-special-heading av-av_heading-a1f6bd59e82dc5565130120d2f5ab7d9 av-special-heading-h3  avia-builder-el-1  el_after_av_section  el_before_av_one_half  avia-builder-el-first '><h3 class='av-special-heading-tag '  itemprop=\"headline\"  >Maneras de Contactarse con BBN<\/h3><div class=\"special-heading-border\"><div class=\"special-heading-inner-border\"><\/div><\/div><\/div>\n\n<style type=\"text\/css\" data-created_by=\"avia_inline_auto\" id=\"style-css-av-nj06oz-be0ea6fc8fbc162aab6fbdd3dc8c9fd9\">\n.flex_column.av-nj06oz-be0ea6fc8fbc162aab6fbdd3dc8c9fd9{\nborder-radius:0px 0px 0px 0px;\npadding:0px 0px 0px 0px;\n}\n<\/style>\n<div  class='flex_column av-nj06oz-be0ea6fc8fbc162aab6fbdd3dc8c9fd9 av_one_half  avia-builder-el-2  el_after_av_heading  el_before_av_one_half  first flex_column_div av-zero-column-padding  '     ><style type=\"text\/css\" data-created_by=\"avia_inline_auto\" id=\"style-css-av-m3s9ir-188f4689a953545614b2e71588cf1fc5\">\n#top .avia-icon-list-container.av-m3s9ir-188f4689a953545614b2e71588cf1fc5 .iconlist_icon{\ncolor:#0e80f7;\nbackground-color:#ffffff;\nborder:1px solid #0e80f7;\n}\n#top .avia-icon-list-container.av-m3s9ir-188f4689a953545614b2e71588cf1fc5 .iconlist_icon svg:first-child{\nstroke:#0e80f7;\nfill:#0e80f7;\n}\n<\/style>\n<div  class='avia-icon-list-container av-m3s9ir-188f4689a953545614b2e71588cf1fc5  avia-builder-el-3  avia-builder-el-no-sibling '><ul class='avia-icon-list avia_animate_when_almost_visible avia-icon-list-left av-iconlist-big av-m3s9ir-188f4689a953545614b2e71588cf1fc5 avia-iconlist-animate'>\n<li><a href='https://\/\/bbn1.bbnradio.org\/spanish\/contactenos\/direccion-postal-y-telefonos\/?PHPSESSID=ipxYehJCYqJptJILbsEVBlRlcZwM55Gy' title='Direcci\u00f3n y N\u00fameros Telef\u00f3nicos'  class='iconlist_icon av-l1zvr7-b2975a5a3a99ee8b0c8648e08c15628b avia-font-entypo-fontello avia-iconfont avia-font-entypo-fontello'><span class='av-icon-char' data-av_icon='\ue805' data-av_iconfont='entypo-fontello' aria-hidden=\"true\"><\/span><\/a><article class=\"article-icon-entry av-iconlist-empty\"  itemscope=\"itemscope\" itemtype=\"https:\/\/schema.org\/CreativeWork\" ><div class=\"iconlist_content_wrap\"><header class=\"entry-content-header\" aria-label=\"Icon: &lt;a href=&#039;https:\/\/bbn1.bbnradio.org\/spanish\/contactenos\/direccion-postal-y-telefonos\/&#039; title=&#039;Direcci\u00f3n y N\u00fameros Telef\u00f3nicos&#039;&gt;Direcci\u00f3n y N\u00fameros Telef\u00f3nicos&lt;\/a&gt;\"><h4 class='av_iconlist_title iconlist_title  '  itemprop=\"headline\" ><a href='https://\/\/bbn1.bbnradio.org\/spanish\/contactenos\/direccion-postal-y-telefonos\/?PHPSESSID=ipxYehJCYqJptJILbsEVBlRlcZwM55Gy' title='Direcci\u00f3n y N\u00fameros Telef\u00f3nicos'>Direcci\u00f3n y N\u00fameros Telef\u00f3nicos<\/a><\/h4><\/header><div class='iconlist_content '  itemprop=\"text\" ><\/div><\/div><footer class=\"entry-footer\"><\/footer><\/article><div class=\"iconlist-timeline\"><\/div><\/li>\n<li><a href='https://\/\/bbn1.bbnradio.org\/spanish\/contactenos\/haga-una-pregunta-espiritual\/?PHPSESSID=ipxYehJCYqJptJILbsEVBlRlcZwM55Gy' title='Haga una pregunta Espiritual'  class='iconlist_icon av-j7bz5f-064b8c14bba84235ed91ff7d23201fa6 avia-font-entypo-fontello avia-iconfont avia-font-entypo-fontello'><span class='av-icon-char' data-av_icon='\ue803' data-av_iconfont='entypo-fontello' aria-hidden=\"true\"><\/span><\/a><article class=\"article-icon-entry av-iconlist-empty\"  itemscope=\"itemscope\" itemtype=\"https:\/\/schema.org\/CreativeWork\" ><div class=\"iconlist_content_wrap\"><header class=\"entry-content-header\" aria-label=\"Icon: &lt;a href=&#039;https:\/\/bbn1.bbnradio.org\/spanish\/contactenos\/haga-una-pregunta-espiritual\/&#039; title=&#039;Haga una pregunta Espiritual&#039;&gt;Haga una pregunta Espiritual&lt;\/a&gt;\"><h4 class='av_iconlist_title iconlist_title  '  itemprop=\"headline\" ><a href='https://\/\/bbn1.bbnradio.org\/spanish\/contactenos\/haga-una-pregunta-espiritual\/?PHPSESSID=ipxYehJCYqJptJILbsEVBlRlcZwM55Gy' title='Haga una pregunta Espiritual'>Haga una pregunta Espiritual<\/a><\/h4><\/header><div class='iconlist_content '  itemprop=\"text\" ><\/div><\/div><footer class=\"entry-footer\"><\/footer><\/article><div class=\"iconlist-timeline\"><\/div><\/li>\n<li><a href='https://\/\/bbn1.bbnradio.org\/spanish\/chat\/?PHPSESSID=ipxYehJCYqJptJILbsEVBlRlcZwM55Gy' title='\u00bfTiene preguntas? Chat'  class='iconlist_icon av-gsiz5f-74efe95990f9754252a78f8ee74e8fcb avia-font-entypo-fontello avia-iconfont avia-font-entypo-fontello'><span class='av-icon-char' data-av_icon='\ue83c' data-av_iconfont='entypo-fontello' aria-hidden=\"true\"><\/span><\/a><article class=\"article-icon-entry av-iconlist-empty\"  itemscope=\"itemscope\" itemtype=\"https:\/\/schema.org\/CreativeWork\" ><div class=\"iconlist_content_wrap\"><header class=\"entry-content-header\" aria-label=\"Icon: &lt;a href=&#039;https:\/\/bbn1.bbnradio.org\/spanish\/chat\/&#039; title=&#039;\u00bfTiene preguntas? Chat&#039;&gt;\u00bfTiene preguntas? Chat&lt;\/a&gt;\"><h4 class='av_iconlist_title iconlist_title  '  itemprop=\"headline\" ><a href='https://\/\/bbn1.bbnradio.org\/spanish\/chat\/?PHPSESSID=ipxYehJCYqJptJILbsEVBlRlcZwM55Gy' title='\u00bfTiene preguntas? Chat'>\u00bfTiene preguntas? Chat<\/a><\/h4><\/header><div class='iconlist_content '  itemprop=\"text\" ><\/div><\/div><footer class=\"entry-footer\"><\/footer><\/article><div class=\"iconlist-timeline\"><\/div><\/li>\n<li><a href='https://\/\/bbn1.bbnradio.org\/spanish\/contactenos\/pregunta-en-cuanto-a-donacion\/?PHPSESSID=ipxYehJCYqJptJILbsEVBlRlcZwM55Gy' title='Informaci\u00f3n en cuanto a Donaciones'  class='iconlist_icon av-fiwbcj-8303965572c8c6430cb2969b586b9d75 avia-font-bank avia-iconfont avia-font-bank'><span class='av-icon-char' data-av_icon='\ue800' data-av_iconfont='bank' aria-hidden=\"true\"><\/span><\/a><article class=\"article-icon-entry av-iconlist-empty\"  itemscope=\"itemscope\" itemtype=\"https:\/\/schema.org\/CreativeWork\" ><div class=\"iconlist_content_wrap\"><header class=\"entry-content-header\" aria-label=\"Icon: &lt;a href=&#039;https:\/\/bbn1.bbnradio.org\/spanish\/contactenos\/pregunta-en-cuanto-a-donacion\/&#039; title=&#039;Informaci\u00f3n en cuanto a Donaciones&#039;&gt;Informaci\u00f3n en cuanto a Donaciones&lt;\/a&gt;\"><h4 class='av_iconlist_title iconlist_title  '  itemprop=\"headline\" ><a href='https://\/\/bbn1.bbnradio.org\/spanish\/contactenos\/pregunta-en-cuanto-a-donacion\/?PHPSESSID=ipxYehJCYqJptJILbsEVBlRlcZwM55Gy' title='Informaci\u00f3n en cuanto a Donaciones'>Informaci\u00f3n en cuanto a Donaciones<\/a><\/h4><\/header><div class='iconlist_content '  itemprop=\"text\" ><\/div><\/div><footer class=\"entry-footer\"><\/footer><\/article><div class=\"iconlist-timeline\"><\/div><\/li>\n<li><a href='https://\/\/bbn1.bbnradio.org\/spanish\/contactenos\/pregunta-comentario-o-sugerencia-en-cuanto-a-programa\/?PHPSESSID=ipxYehJCYqJptJILbsEVBlRlcZwM55Gy' title='Preguntas y sugerencias en cuanto a Programas'  class='iconlist_icon av-e1udmr-039a6270a229103b60255ee4e9e28015 avia-font-entypo-fontello avia-iconfont avia-font-entypo-fontello'><span class='av-icon-char' data-av_icon='\ue85e' data-av_iconfont='entypo-fontello' aria-hidden=\"true\"><\/span><\/a><article class=\"article-icon-entry av-iconlist-empty\"  itemscope=\"itemscope\" itemtype=\"https:\/\/schema.org\/CreativeWork\" ><div class=\"iconlist_content_wrap\"><header class=\"entry-content-header\" aria-label=\"Icon: &lt;a href=&#039;https:\/\/bbn1.bbnradio.org\/spanish\/contactenos\/pregunta-comentario-o-sugerencia-en-cuanto-a-programa\/&#039; title=&#039;Preguntas y sugerencias en cuanto a Programas&#039;&gt;Preguntas y sugerencias en cuanto a Programas&lt;\/a&gt;\"><h4 class='av_iconlist_title iconlist_title  '  itemprop=\"headline\" ><a href='https://\/\/bbn1.bbnradio.org\/spanish\/contactenos\/pregunta-comentario-o-sugerencia-en-cuanto-a-programa\/?PHPSESSID=ipxYehJCYqJptJILbsEVBlRlcZwM55Gy' title='Preguntas y sugerencias en cuanto a Programas'>Preguntas y sugerencias en cuanto a Programas<\/a><\/h4><\/header><div class='iconlist_content '  itemprop=\"text\" ><\/div><\/div><footer class=\"entry-footer\"><\/footer><\/article><div class=\"iconlist-timeline\"><\/div><\/li>\n<\/ul><\/div><\/div>\n\n<style type=\"text\/css\" data-created_by=\"avia_inline_auto\" id=\"style-css-av-cid7hf-501ee880133e5eb50dde26884eefd581\">\n.flex_column.av-cid7hf-501ee880133e5eb50dde26884eefd581{\nborder-radius:0px 0px 0px 0px;\npadding:0px 0px 0px 0px;\n}\n<\/style>\n<div  class='flex_column av-cid7hf-501ee880133e5eb50dde26884eefd581 av_one_half  avia-builder-el-4  el_after_av_one_half  avia-builder-el-last  flex_column_div av-zero-column-padding  '     ><style type=\"text\/css\" data-created_by=\"avia_inline_auto\" id=\"style-css-av-aw15mr-0a027b972c8efcb00ec854179b7247a3\">\n#top .avia-icon-list-container.av-aw15mr-0a027b972c8efcb00ec854179b7247a3 .iconlist_icon{\ncolor:#0e80f7;\nbackground-color:#ffffff;\nborder:1px solid #0e80f7;\n}\n#top .avia-icon-list-container.av-aw15mr-0a027b972c8efcb00ec854179b7247a3 .iconlist_icon svg:first-child{\nstroke:#0e80f7;\nfill:#0e80f7;\n}\n<\/style>\n<div  class='avia-icon-list-container av-aw15mr-0a027b972c8efcb00ec854179b7247a3  avia-builder-el-5  avia-builder-el-no-sibling '><ul class='avia-icon-list avia_animate_when_almost_visible avia-icon-list-left av-iconlist-big av-aw15mr-0a027b972c8efcb00ec854179b7247a3 avia-iconlist-animate'>\n<li><a href='https://\/\/bbn1.bbnradio.org\/spanish\/contactenos\/pedidos\/pedidos-de-oracion\/?PHPSESSID=ipxYehJCYqJptJILbsEVBlRlcZwM55Gy' title='Altar Familiar'  class='iconlist_icon av-376lc3-4e676be6ae42796164013fdac7fc7dba avia-font-entypo-fontello avia-iconfont avia-font-entypo-fontello'><span class='av-icon-char' data-av_icon='\ue84b' data-av_iconfont='entypo-fontello' aria-hidden=\"true\"><\/span><\/a><article class=\"article-icon-entry av-iconlist-empty\"  itemscope=\"itemscope\" itemtype=\"https:\/\/schema.org\/CreativeWork\" ><div class=\"iconlist_content_wrap\"><header class=\"entry-content-header\" aria-label=\"Icon: &lt;a href=&#039;https:\/\/bbn1.bbnradio.org\/spanish\/contactenos\/pedidos\/pedidos-de-oracion\/&#039; title=&#039;Altar Familiar&#039;&gt;Altar Familiar&lt;\/a&gt;\"><h4 class='av_iconlist_title iconlist_title  '  itemprop=\"headline\" ><a href='https://\/\/bbn1.bbnradio.org\/spanish\/contactenos\/pedidos\/pedidos-de-oracion\/?PHPSESSID=ipxYehJCYqJptJILbsEVBlRlcZwM55Gy' title='Altar Familiar'>Altar Familiar<\/a><\/h4><\/header><div class='iconlist_content '  itemprop=\"text\" ><\/div><\/div><footer class=\"entry-footer\"><\/footer><\/article><div class=\"iconlist-timeline\"><\/div><\/li>\n<li><a href='https://\/\/bbn1.bbnradio.org\/spanish\/contactenos\/pregunta-comentario-o-sugerencia-general\/?PHPSESSID=ipxYehJCYqJptJILbsEVBlRlcZwM55Gy' title='Pregunta, comentario o sugerencia'  class='iconlist_icon av-8q3343-06405ae6d22443d971593b318e1d22bd avia-font-entypo-fontello avia-iconfont avia-font-entypo-fontello'><span class='av-icon-char' data-av_icon='\ue81c' data-av_iconfont='entypo-fontello' aria-hidden=\"true\"><\/span><\/a><article class=\"article-icon-entry av-iconlist-empty\"  itemscope=\"itemscope\" itemtype=\"https:\/\/schema.org\/CreativeWork\" ><div class=\"iconlist_content_wrap\"><header class=\"entry-content-header\" aria-label=\"Icon: &lt;a href=&#039;https:\/\/bbn1.bbnradio.org\/spanish\/contactenos\/pregunta-comentario-o-sugerencia-general\/&#039; title=&#039;Pregunta, comentario o sugerencia&#039;&gt;Pregunta, comentario o sugerencia&lt;\/a&gt;\"><h4 class='av_iconlist_title iconlist_title  '  itemprop=\"headline\" ><a href='https://\/\/bbn1.bbnradio.org\/spanish\/contactenos\/pregunta-comentario-o-sugerencia-general\/?PHPSESSID=ipxYehJCYqJptJILbsEVBlRlcZwM55Gy' title='Pregunta, comentario o sugerencia'>Pregunta, comentario o sugerencia<\/a><\/h4><\/header><div class='iconlist_content '  itemprop=\"text\" ><\/div><\/div><footer class=\"entry-footer\"><\/footer><\/article><div class=\"iconlist-timeline\"><\/div><\/li>\n<li><a href='https://\/\/bbn1.bbnradio.org\/spanish\/contactenos\/compartir-testimonio\/?PHPSESSID=ipxYehJCYqJptJILbsEVBlRlcZwM55Gy' title='Comparta su testimonio'  class='iconlist_icon av-7zraqr-4448d462a27bc738a47709138e7fa26d avia-font-entypo-fontello avia-iconfont avia-font-entypo-fontello'><span class='av-icon-char' data-av_icon='\ue80a' data-av_iconfont='entypo-fontello' aria-hidden=\"true\"><\/span><\/a><article class=\"article-icon-entry av-iconlist-empty\"  itemscope=\"itemscope\" itemtype=\"https:\/\/schema.org\/CreativeWork\" ><div class=\"iconlist_content_wrap\"><header class=\"entry-content-header\" aria-label=\"Icon: &lt;a href=&#039;https:\/\/bbn1.bbnradio.org\/spanish\/contactenos\/compartir-testimonio\/&#039; title=&#039;Comparta su testimonio&#039;&gt;Comparta su testimonio&lt;\/a&gt;\"><h4 class='av_iconlist_title iconlist_title  '  itemprop=\"headline\" ><a href='https://\/\/bbn1.bbnradio.org\/spanish\/contactenos\/compartir-testimonio\/?PHPSESSID=ipxYehJCYqJptJILbsEVBlRlcZwM55Gy' title='Comparta su testimonio'>Comparta su testimonio<\/a><\/h4><\/header><div class='iconlist_content '  itemprop=\"text\" ><\/div><\/div><footer class=\"entry-footer\"><\/footer><\/article><div class=\"iconlist-timeline\"><\/div><\/li>\n<li><a href='https://\/\/bbn1.bbnradio.org\/spanish\/contactenos\/reportar-problema\/?PHPSESSID=ipxYehJCYqJptJILbsEVBlRlcZwM55Gy' title='Reporte un Problema'  class='iconlist_icon av-64g8sz-3df2cff0b0c129691093ebd100a755b2 avia-font-entypo-fontello avia-iconfont avia-font-entypo-fontello'><span class='av-icon-char' data-av_icon='\ue83e' data-av_iconfont='entypo-fontello' aria-hidden=\"true\"><\/span><\/a><article class=\"article-icon-entry av-iconlist-empty\"  itemscope=\"itemscope\" itemtype=\"https:\/\/schema.org\/CreativeWork\" ><div class=\"iconlist_content_wrap\"><header class=\"entry-content-header\" aria-label=\"Icon: &lt;a href=&#039;https:\/\/bbn1.bbnradio.org\/spanish\/contactenos\/reportar-problema\/&#039; title=&#039;Reporte un Problema&#039;&gt;Reporte un Problema&lt;\/a&gt;\"><h4 class='av_iconlist_title iconlist_title  '  itemprop=\"headline\" ><a href='https://\/\/bbn1.bbnradio.org\/spanish\/contactenos\/reportar-problema\/?PHPSESSID=ipxYehJCYqJptJILbsEVBlRlcZwM55Gy' title='Reporte un Problema'>Reporte un Problema<\/a><\/h4><\/header><div class='iconlist_content '  itemprop=\"text\" ><\/div><\/div><footer class=\"entry-footer\"><\/footer><\/article><div class=\"iconlist-timeline\"><\/div><\/li>\n<li><a href='https://\/\/bbn1.bbnradio.org\/spanish\/contactenos\/pedidos\/?PHPSESSID=ipxYehJCYqJptJILbsEVBlRlcZwM55Gy' title='Pedido'  class='iconlist_icon av-4rs9tf-b29e7b29ee7361795eb108a7d96301c4 avia-font-entypo-fontello avia-iconfont avia-font-entypo-fontello'><span class='av-icon-char' data-av_icon='\ue82d' data-av_iconfont='entypo-fontello' aria-hidden=\"true\"><\/span><\/a><article class=\"article-icon-entry av-iconlist-empty\"  itemscope=\"itemscope\" itemtype=\"https:\/\/schema.org\/CreativeWork\" ><div class=\"iconlist_content_wrap\"><header class=\"entry-content-header\" aria-label=\"Icon: &lt;a href=&#039;https:\/\/bbn1.bbnradio.org\/spanish\/contactenos\/pedidos\/&#039; title=&#039;Pedido&#039;&gt;Pedido&lt;\/a&gt;\"><h4 class='av_iconlist_title iconlist_title  '  itemprop=\"headline\" ><a href='https://\/\/bbn1.bbnradio.org\/spanish\/contactenos\/pedidos\/?PHPSESSID=ipxYehJCYqJptJILbsEVBlRlcZwM55Gy' title='Pedido'>Pedido<\/a><\/h4><\/header><div class='iconlist_content '  itemprop=\"text\" ><\/div><\/div><footer class=\"entry-footer\"><\/footer><\/article><div class=\"iconlist-timeline\"><\/div><\/li>\n<li><a href='https://\/\/bbn1.bbnradio.org\/spanish\/contactenos\/como-podemos-ministrarle\/?PHPSESSID=ipxYehJCYqJptJILbsEVBlRlcZwM55Gy' title='\u00bfC\u00f3mo podemos mejorar su experiencia?'  class='iconlist_icon av-78pcz-5641daab1e313ef666ef9b6da5bcf9c9 avia-font-entypo-fontello avia-iconfont avia-font-entypo-fontello'><span class='av-icon-char' data-av_icon='\ue803' data-av_iconfont='entypo-fontello' aria-hidden=\"true\"><\/span><\/a><article class=\"article-icon-entry av-iconlist-empty\"  itemscope=\"itemscope\" itemtype=\"https:\/\/schema.org\/CreativeWork\" ><div class=\"iconlist_content_wrap\"><header class=\"entry-content-header\" aria-label=\"Icon: &lt;a href=&#039;https:\/\/bbn1.bbnradio.org\/spanish\/contactenos\/como-podemos-ministrarle\/&#039; title=&#039;\u00bfC\u00f3mo podemos mejorar su experiencia?&#039;&gt;\u00bfC\u00f3mo podemos mejorar su experiencia?&lt;\/a&gt;\"><h4 class='av_iconlist_title iconlist_title  '  itemprop=\"headline\" ><a href='https://\/\/bbn1.bbnradio.org\/spanish\/contactenos\/como-podemos-ministrarle\/?PHPSESSID=ipxYehJCYqJptJILbsEVBlRlcZwM55Gy' title='\u00bfC\u00f3mo podemos mejorar su experiencia?'>\u00bfC\u00f3mo podemos mejorar su experiencia?<\/a><\/h4><\/header><div class='iconlist_content '  itemprop=\"text\" ><\/div><\/div><footer class=\"entry-footer\"><\/footer><\/article><div class=\"iconlist-timeline\"><\/div><\/li>\n<\/ul><\/div><\/div>\n<!-- AddThis Advanced Settings generic via filter on the_content --><!-- AddThis Share Buttons generic via filter on the_content -->","protected":false},"excerpt":{"rendered":"<p><!-- AddThis Advanced Settings generic via filter on get_the_excerpt --><!-- AddThis Share Buttons generic via filter on get_the_excerpt --><\/p>\n","protected":false},"author":21,"featured_media":0,"parent":0,"menu_order":0,"comment_status":"open","ping_status":"open","template":"","meta":{"jetpack_post_was_ever_published":false,"footnotes":""},"categories":[],"tags":[],"class_list":["post-3427","page","type-page","status-publish","hentry"],"yoast_head":"<!-- This site is optimized with the Yoast SEO Premium plugin v24.8 (Yoast SEO v24.8.1) - https:\/\/yoast.com\/wordpress\/plugins\/seo\/ -->\n<title>Cont\u00e1ctenos - BBN<\/title>\n<meta name=\"description\" content=\"\u00bfTiene preguntas? Cont\u00e1ctese con nosotros. Pedidos Sugerencias Maneras de Contactarse Reporte Problemas\" \/>\n<meta name=\"robots\" content=\"index, follow, max-snippet:-1, max-image-preview:large, max-video-preview:-1\" \/>\n<link rel=\"canonical\" href=\"https:\/\/bbn1.bbnradio.org\/spanish\/contactenos\/\" \/>\n<meta property=\"og:locale\" content=\"es_ES\" \/>\n<meta property=\"og:type\" content=\"article\" \/>\n<meta property=\"og:title\" content=\"Cont\u00e1ctenos -BBN\" \/>\n<meta property=\"og:description\" content=\"\u00bfTiene preguntas? Cont\u00e1ctese con nosotros. Pedidos Sugerencias Maneras de Contactarse Reporte Problemas\" \/>\n<meta property=\"og:url\" content=\"https:\/\/bbn1.bbnradio.org\/spanish\/contactenos\/\" \/>\n<meta property=\"og:site_name\" content=\"BBN\" \/>\n<meta property=\"article:publisher\" content=\"https:\/\/www.facebook.com\/BBNEspanol\" \/>\n<meta property=\"article:modified_time\" content=\"2018-11-07T19:24:30+00:00\" \/>\n<meta name=\"twitter:card\" content=\"summary_large_image\" \/>\n<meta name=\"twitter:title\" content=\"Cont\u00e1ctenos -BBN\" \/>\n<meta name=\"twitter:description\" content=\"\u00bfTiene preguntas? Cont\u00e1ctese con nosotros. Pedidos Sugerencias Maneras de Contactarse Reporte Problemas\" \/>\n<meta name=\"twitter:site\" content=\"@BBNEspanol\" \/>\n<meta name=\"twitter:label1\" content=\"Tiempo de lectura\" \/>\n\t<meta name=\"twitter:data1\" content=\"3 minutos\" \/>\n<script type=\"application\/ld+json\" class=\"yoast-schema-graph\">{\"@context\":\"https:\/\/schema.org\",\"@graph\":[{\"@type\":\"WebPage\",\"@id\":\"https:\/\/bbn1.bbnradio.org\/spanish\/contactenos\/\",\"url\":\"https:\/\/bbn1.bbnradio.org\/spanish\/contactenos\/\",\"name\":\"Cont\u00e1ctenos - BBN\",\"isPartOf\":{\"@id\":\"https:\/\/bbn1.bbnradio.org\/spanish\/#website\"},\"datePublished\":\"2015-04-28T16:21:27+00:00\",\"dateModified\":\"2018-11-07T19:24:30+00:00\",\"description\":\"\u00bfTiene preguntas? Cont\u00e1ctese con nosotros. Pedidos Sugerencias Maneras de Contactarse Reporte Problemas\",\"breadcrumb\":{\"@id\":\"https:\/\/bbn1.bbnradio.org\/spanish\/contactenos\/#breadcrumb\"},\"inLanguage\":\"es\",\"potentialAction\":[{\"@type\":\"ReadAction\",\"target\":[\"https:\/\/bbn1.bbnradio.org\/spanish\/contactenos\/\"]}]},{\"@type\":\"BreadcrumbList\",\"@id\":\"https:\/\/bbn1.bbnradio.org\/spanish\/contactenos\/#breadcrumb\",\"itemListElement\":[{\"@type\":\"ListItem\",\"position\":1,\"name\":\"Home\",\"item\":\"https:\/\/bbn1.bbnradio.org\/spanish\/inicio\/\"},{\"@type\":\"ListItem\",\"position\":2,\"name\":\"Cont\u00e1ctenos\"}]},{\"@type\":\"WebSite\",\"@id\":\"https:\/\/bbn1.bbnradio.org\/spanish\/#website\",\"url\":\"https:\/\/bbn1.bbnradio.org\/spanish\/\",\"name\":\"BBN Spanish\",\"description\":\"BBN\",\"potentialAction\":[{\"@type\":\"SearchAction\",\"target\":{\"@type\":\"EntryPoint\",\"urlTemplate\":\"https:\/\/bbn1.bbnradio.org\/spanish\/?s={search_term_string}\"},\"query-input\":{\"@type\":\"PropertyValueSpecification\",\"valueRequired\":true,\"valueName\":\"search_term_string\"}}],\"inLanguage\":\"es\"}]}<\/script>\n<!-- \/ Yoast SEO Premium plugin. -->","yoast_head_json":{"title":"Cont\u00e1ctenos - BBN","description":"\u00bfTiene preguntas? Cont\u00e1ctese con nosotros. Pedidos Sugerencias Maneras de Contactarse Reporte Problemas","robots":{"index":"index","follow":"follow","max-snippet":"max-snippet:-1","max-image-preview":"max-image-preview:large","max-video-preview":"max-video-preview:-1"},"canonical":"https:\/\/bbn1.bbnradio.org\/spanish\/contactenos\/","og_locale":"es_ES","og_type":"article","og_title":"Cont\u00e1ctenos -BBN","og_description":"\u00bfTiene preguntas? Cont\u00e1ctese con nosotros. Pedidos Sugerencias Maneras de Contactarse Reporte Problemas","og_url":"https:\/\/bbn1.bbnradio.org\/spanish\/contactenos\/","og_site_name":"BBN","article_publisher":"https:\/\/www.facebook.com\/BBNEspanol","article_modified_time":"2018-11-07T19:24:30+00:00","twitter_card":"summary_large_image","twitter_title":"Cont\u00e1ctenos -BBN","twitter_description":"\u00bfTiene preguntas? Cont\u00e1ctese con nosotros. Pedidos Sugerencias Maneras de Contactarse Reporte Problemas","twitter_site":"@BBNEspanol","twitter_misc":{"Tiempo de lectura":"3 minutos"},"schema":{"@context":"https:\/\/schema.org","@graph":[{"@type":"WebPage","@id":"https:\/\/bbn1.bbnradio.org\/spanish\/contactenos\/","url":"https:\/\/bbn1.bbnradio.org\/spanish\/contactenos\/","name":"Cont\u00e1ctenos - BBN","isPartOf":{"@id":"https:\/\/bbn1.bbnradio.org\/spanish\/#website"},"datePublished":"2015-04-28T16:21:27+00:00","dateModified":"2018-11-07T19:24:30+00:00","description":"\u00bfTiene preguntas? Cont\u00e1ctese con nosotros. Pedidos Sugerencias Maneras de Contactarse Reporte Problemas","breadcrumb":{"@id":"https:\/\/bbn1.bbnradio.org\/spanish\/contactenos\/#breadcrumb"},"inLanguage":"es","potentialAction":[{"@type":"ReadAction","target":["https:\/\/bbn1.bbnradio.org\/spanish\/contactenos\/"]}]},{"@type":"BreadcrumbList","@id":"https:\/\/bbn1.bbnradio.org\/spanish\/contactenos\/#breadcrumb","itemListElement":[{"@type":"ListItem","position":1,"name":"Home","item":"https:\/\/bbn1.bbnradio.org\/spanish\/inicio\/"},{"@type":"ListItem","position":2,"name":"Cont\u00e1ctenos"}]},{"@type":"WebSite","@id":"https:\/\/bbn1.bbnradio.org\/spanish\/#website","url":"https:\/\/bbn1.bbnradio.org\/spanish\/","name":"BBN Spanish","description":"BBN","potentialAction":[{"@type":"SearchAction","target":{"@type":"EntryPoint","urlTemplate":"https:\/\/bbn1.bbnradio.org\/spanish\/?s={search_term_string}"},"query-input":{"@type":"PropertyValueSpecification","valueRequired":true,"valueName":"search_term_string"}}],"inLanguage":"es"}]}},"jetpack_sharing_enabled":true,"jetpack_shortlink":"https:\/\/wp.me\/P85nNm-Th","_links":{"self":[{"href":"https:\/\/bbn1.bbnradio.org\/spanish\/wp-json\/wp\/v2\/pages\/3427","targetHints":{"allow":["GET"]}}],"collection":[{"href":"https:\/\/bbn1.bbnradio.org\/spanish\/wp-json\/wp\/v2\/pages"}],"about":[{"href":"https:\/\/bbn1.bbnradio.org\/spanish\/wp-json\/wp\/v2\/types\/page"}],"author":[{"embeddable":true,"href":"https:\/\/bbn1.bbnradio.org\/spanish\/wp-json\/wp\/v2\/users\/21"}],"replies":[{"embeddable":true,"href":"https:\/\/bbn1.bbnradio.org\/spanish\/wp-json\/wp\/v2\/comments?post=3427"}],"version-history":[{"count":3,"href":"https:\/\/bbn1.bbnradio.org\/spanish\/wp-json\/wp\/v2\/pages\/3427\/revisions"}],"predecessor-version":[{"id":17639,"href":"https:\/\/bbn1.bbnradio.org\/spanish\/wp-json\/wp\/v2\/pages\/3427\/revisions\/17639"}],"wp:attachment":[{"href":"https:\/\/bbn1.bbnradio.org\/spanish\/wp-json\/wp\/v2\/media?parent=3427"}],"wp:term":[{"taxonomy":"category","embeddable":true,"href":"https:\/\/bbn1.bbnradio.org\/spanish\/wp-json\/wp\/v2\/categories?post=3427"},{"taxonomy":"post_tag","embeddable":true,"href":"https:\/\/bbn1.bbnradio.org\/spanish\/wp-json\/wp\/v2\/tags?post=3427"}],"curies":[{"name":"wp","href":"https:\/\/api.w.org\/{rel}","templated":true}]}}