{"id":4089,"date":"2015-07-31T11:28:54","date_gmt":"2015-07-31T15:28:54","guid":{"rendered":"https:\/\/bbn1.bbnradio.org\/english\/?page_id=4089"},"modified":"2026-03-06T11:37:34","modified_gmt":"2026-03-06T16:37:34","slug":"declaracion-doctrinal","status":"publish","type":"page","link":"https:\/\/bbn1.bbnradio.org\/spanish\/quienes-somos\/declaracion-doctrinal\/","title":{"rendered":"Declaraci\u00f3n Doctrinal"},"content":{"rendered":"\n<style type=\"text\/css\" data-created_by=\"avia_inline_auto\" id=\"style-css-av-58dmyh-f2bd069762c79883f5316567930f554e\">\n.avia-image-container.av-58dmyh-f2bd069762c79883f5316567930f554e img.avia_image{\nbox-shadow:none;\n}\n.avia-image-container.av-58dmyh-f2bd069762c79883f5316567930f554e .av-image-caption-overlay-center{\ncolor:#ffffff;\n}\n<\/style>\n<div  class='avia-image-container av-58dmyh-f2bd069762c79883f5316567930f554e av-styling- avia-align-center  avia-builder-el-0  el_before_av_textblock  avia-builder-el-first '   itemprop=\"image\" itemscope=\"itemscope\" itemtype=\"https:\/\/schema.org\/ImageObject\" ><div class=\"avia-image-container-inner\"><div class=\"avia-image-overlay-wrap\"><img decoding=\"async\" fetchpriority=\"high\" class='wp-image-8333 avia-img-lazy-loading-not-8333 avia_image ' src=\"https:\/\/i0.wp.com\/bbn1.bbnradio.org\/spanish\/wp-content\/uploads\/sites\/5\/2016\/08\/Doctrinal-Statement.jpg?resize=845%2C321&ssl=1\" alt='Doctrinal Statement' title='Doctrinal Statement'  height=\"321\" width=\"845\"  itemprop=\"thumbnailUrl\"  \/><\/div><\/div><\/div>\n<section  class='av_textblock_section av-4nf6gp-19f05f1e768e6408a7bcde98f113e4e4 '   itemscope=\"itemscope\" itemtype=\"https:\/\/schema.org\/CreativeWork\" ><div class='avia_textblock'  itemprop=\"text\" ><p>Declaraci\u00f3n Doctrinal de BBN<br \/>\n1. La Biblia:<\/p>\n<p>Creemos en la Biblia, la cual est\u00e1 compuesta por el Nuevo y Antiguo Testamento, inspirada por Dios en forma verbal y plenaria. Es infalible e inerrante y la aceptamos como la palabra autorizada de Dios. Es la \u00fanica y final regla para la fe y conducta cristiana.<\/p>\n<p>I Tesalonicenses 2:13; 2 Timoteo 3:16-17; Hebreos 3:7; Hebreos 10:15-17; Hebreos 4:12-13<\/p>\n<p>2. Dios:<\/p>\n<p>Creemos en la existencia de un Dios trino, creador, preservador y gobernador de todas las cosas. Representado en tres personas: Padre, Hijo y Esp\u00edritu Santo. Cada uno con atributos personales distintos, pero sin divisi\u00f3n en esencia y naturaleza.<\/p>\n<p>G\u00e9nesis 1:26; 2 Corintios 13:14; 1 Juan 5:7; Mateo 3:16-17; 1 Timoteo 3:15-16; Romanos. 9:5; Salmo 104:30<\/p>\n<p>3. La Persona y Obra de Cristo:<\/p>\n<p>Creemos en la Santa Divinidad de Jesucristo, perfecto Dios y perfecto hombre, su nacimiento virginal, su vida sin pecado en esta tierra y su muerte en la cruz del Calvario para satisfacer el sacrificio por el pecado. Creemos que su cuerpo fue sepultado y al tercer d\u00eda resucit\u00f3 de entre los muertos. Ascendi\u00f3 a la diestra del Padre donde intercede por los salvos. Creemos que regresar\u00e1 otra vez a buscar a los suyos (su Iglesia) y volver\u00e1 por segunda vez en Gloria para establecer su reino en la tierra.<\/p>\n<p>Isa\u00edas 7:14; 2 Corintios 5:21; Mateo 1:18-25; Juan 1:1-14; Juan 16:6-8<\/p>\n<p>4. La Persona y Obra del Esp\u00edritu Santo:<\/p>\n<p>Creemos que el Esp\u00edritu Santo es la tercera persona de la Santa Trinidad. Creemos que \u00c9l convence al mundo de pecado, que es el agente sobrenatural de la regeneraci\u00f3n, mora en la vida del creyente y lo sella hasta el d\u00eda de la redenci\u00f3n. Creemos que al ser salvo, el nuevo creyente es bautizado por el Esp\u00edritu Santo y no necesita buscar una segunda experiencia de bautismo del Esp\u00edritu como evidencia de su salvaci\u00f3n.<\/p>\n<p>Juan 14:16-18; Juan 16:7-8; Juan 3:5-7; Romanos 8:9; Juan 14:26; Efesios 5:18;1 Corintios 12:13<\/p>\n<p>5. El Hombre:<\/p>\n<p>Creemos que el hombre fue creado por Dios, no como resultado del proceso de evoluci\u00f3n. Fue creado a la imagen de Dios y en estado de inocencia. Creemos que por la transgresi\u00f3n del hombre, el pecado entr\u00f3 al mundo y la muerte por el pecado, no \u00fanicamente muerte f\u00edsica, sino tambi\u00e9n muerte espiritual (separaci\u00f3n de Dios)<\/p>\n<p>G\u00e9nesis 3:6-9; Romanos 5:12; Salmos 51:5; Jerem\u00edas 17:9, Isa\u00edas 59:2<\/p>\n<p>6. La Salvaci\u00f3n:<\/p>\n<p>Creemos que Cristo muri\u00f3 por nuestros pecados, que fue sepultado y resucit\u00f3 al tercer d\u00eda seg\u00fan las Escrituras. Creemos que una persona es salva cuando, reconoce su estado de separaci\u00f3n de Dios a causa de sus pecados, se arrepiente y coloca su fe en Cristo Jes\u00fas y su sacrificio en la cruz del Calvario como el \u00fanico y suficiente sacrificio por los pecados del hombre. Creemos que la salvaci\u00f3n es un regalo de vida eterna, \u00fanicamente por la gracia de Dios sin m\u00e9rito ni obras. Creemos que la expiaci\u00f3n de Cristo no es limitada, ya que Dios desea que todos sean salvos y vengan al conocimiento de la verdad. Creemos que es su voluntad que nadie se pierda, sino que todos vengan al arrepentimiento.<\/p>\n<p>1 Corintios 15:3-4; Romanos 6:23; Romanos 10:9-10; Hechos 16:31; 2 Pedro 3:9; Efesios 2:8-9<\/p>\n<p>7. La Santificaci\u00f3n:<\/p>\n<p>Creemos que el creyente ha sido santificado y declarado justo ante Dios a trav\u00e9s de la obra redentora de Cristo una vez y para siempre. Creemos que esa santificaci\u00f3n se experimenta diariamente como fruto de una relaci\u00f3n con Cristo y de una vida separada del mundo. Creemos que el creyente en el momento de su Salvaci\u00f3n es librado de la pena o condenaci\u00f3n por el pecado (Juan 5:24; Romanos. 5:1), mientras viva en esta tierra es librado del poder del pecado. (Romanos. 6:12-14, 22; 1 Tesalonicenses. 4:3; Tito 2:11-14; 1Pedro 1:15-16) y un d\u00eda en la transformaci\u00f3n de su cuerpo ser\u00e1 librado de la presencia del pecado. (1Corintios 15:51-54)<\/p>\n<p>8. Satan\u00e1s:<\/p>\n<p>Creemos que Satan\u00e1s es una persona sobrenatural, un \u00e1ngel ca\u00eddo, el autor del pecado y la causa de la ca\u00edda del hombre. Creemos que es el dios de este siglo, el pr\u00edncipe de las potestades del aire y el enemigo de Dios y del hombre, su destino es el castigo eterno en el lago de fuego.<\/p>\n<p>Ezequiel 28:1-19; Job 1:6-9; 2 Corintios 4:4; Mateo 4:1-11; Santiago 4:7; Apocalipsis 20:10<\/p>\n<p>9. El Infierno:<\/p>\n<p>Creemos en un infierno literal, el lago de fuego y azufre, el cual ser\u00e1 el castigo final de Satan\u00e1s, los \u00e1ngeles ca\u00eddos, los demonios y los incr\u00e9dulos.<\/p>\n<p>Lucas 16:22-26; Apocalipsis 20:12-15; Apocalipsis 21:8<\/p>\n<p>10. El Cielo:<\/p>\n<p>Creemos literalmente en un lugar llamado \u201ccielo\u201d donde la presencia inmediata de Dios se manifiesta, donde los \u00e1ngeles moran y donde el redimido vivir\u00e1 eternamente. Desde donde Cristo descendi\u00f3 y a donde ascendi\u00f3 despu\u00e9s de su resurrecci\u00f3n. Donde intercede por los santos y de donde vendr\u00e1 para juzgar a los vivos y a los muertos.<\/p>\n<p>Juan 14:1-3; Apocalipsis 21; Hebreos 7:25<\/p>\n<p>11. El Estado Eterno:<\/p>\n<p>Creemos en la resurrecci\u00f3n de todos los hombres, los salvos a vida eterna y los perdidos a juicio y castigo eterno. Creemos que el alma del incr\u00e9dulo permanece despu\u00e9s de la muerte en miseria y tormento esperando hasta la segunda resurrecci\u00f3n, donde el cuerpo, el alma y el esp\u00edritu ser\u00e1n arrojados al lago de fuego no para ser aniquilados, sino para sufrir eternamente. Creemos que el alma del redimido despu\u00e9s de la muerte est\u00e1 presente con el Se\u00f1or esperando la primera resurrecci\u00f3n, la glorificaci\u00f3n de su cuerpo y su encuentro con el Se\u00f1or en las nubes.<\/p>\n<p>1 Tesalonicenses 4:13-18; Apocalipsis 20:11-15; 2 Corintios 5:6-8; 1 Corintios 15:1; 1 Tesalonicenses 4:13-18<\/p>\n<p>12. El Rapto o arrebatamiento de la iglesia:<\/p>\n<p>Creemos en la venida de Cristo en las nubes por su Iglesia. Venida que ser\u00e1 pretribulacional e inminente para llevar a los suyos.<\/p>\n<p>1Tes. 4:13-18<\/p>\n<p>13. La segunda venida de Cristo en Gloria:<\/p>\n<p>Creemos en la visible, premilenial y gloriosa venida de Cristo a la tierra con los suyos al final de la tribulaci\u00f3n para juzgar a las naciones y establecer su reino milenial en la tierra.<\/p>\n<p>Hechos 1:11; Juan 14:3; I Tesalonicenses 4:13-18; Mateo 24:42-44<\/p>\n<p>14. La Seguridad Eterna del Creyente:<\/p>\n<p>Creemos que toda persona redimida por Dios es guardada por el poder de Dios y descansa seguro en Cristo por siempre. Creemos que una vez que el hombre es salvo, nunca pierde su salvaci\u00f3n.<\/p>\n<p>Juan 10:27-29; 2 Timoteo 1:12; Filipenses 1:6<\/p>\n<p>15. La Iglesia:<\/p>\n<p>Creemos que todos los que conf\u00edan en Jesucristo son inmediatamente colocados por el Esp\u00edritu Santo en un Cuerpo espiritual, la iglesia, la novia de Cristo, de la cual Cristo es la cabeza. Ense\u00f1amos que la formaci\u00f3n de la iglesia, el Cuerpo de Cristo, comenz\u00f3 en el d\u00eda de Pentecost\u00e9s y terminar\u00e1 cuando Cristo venga por los suyos en el rapto. Ense\u00f1amos que la iglesia es un organismo espiritual \u00fanico dise\u00f1ado por Cristo, constituido por todos los creyentes que han nacido de nuevo. La iglesia es distinta a Israel, un misterio no revelado, sino hasta esta \u00e9poca.<\/p>\n<p>1 Corintios 12:12-13; 2 Corintios 11:2; Efesios 5:23-32; Apocalipsis 19:7-8; Efesios 1:22; Efesios 4:15; Colosenses 1:18; Hechos 2:1-21; Hechos 3:38-47; 1Corintios 15:51-52; 1 Tesalonicenses 4:13-18<\/p>\n<p>16. La Gran Comisi\u00f3n:<\/p>\n<p>Creemos en la Gran Comisi\u00f3n que Cristo dej\u00f3 a la Iglesia, est\u00e1 consiste en ir por todo el mundo y predicar el evangelio a todo criatura, bautiz\u00e1ndolos en el nombre del Padre, y del Hijo, y del Esp\u00edritu Santo, discipul\u00e1ndoles en todo lo concerniente al Se\u00f1or conforme a su Palabra.<\/p>\n<p>Mateo 28:18-20; Marcos 16:15<\/p>\n<p>17. Los Dones Espirituales:<\/p>\n<p>Creemos que el Esp\u00edritu Santo administra dones espirituales a la Iglesia. El Esp\u00edritu Santo no se glorifica asimismo ni a sus dones por medio de muestras ostentosas, sino que glorifica a Cristo al implementar su obra de redenci\u00f3n de los perdidos y edificaci\u00f3n de los creyentes en la sant\u00edsima fe. Creemos que Dios, el Esp\u00edritu Santo es soberano en otorgar sus dones para el perfeccionamiento de los santos hoy. Creemos tambi\u00e9n que los dones fueron dados en su tiempo a los ap\u00f3stoles para certificarlos como reveladores de la verdad divina. Creemos que dones como las lenguas, profec\u00eda, interpretaci\u00f3n de lenguas, sanidad y milagros ya no est\u00e1n vigentes, porque cumplieron su prop\u00f3sito debido a que las Escrituras fueron totalmente terminadas y podemos ver en ella la voluntad de Dios.<\/p>\n<p>Juan 16:13-14; Hechos 1:8; 1 Corintios 12:4-11; 2 Corintios 3:18; 1 Corintios 13:8-10; 2 Corintios 12:12; Efesios 4:7-12; Hechos 2:1-4, Hebreos 2:4<\/p>\n<p>18. El Movimiento Ecum\u00e9nico:<\/p>\n<p>Creemos que el movimiento ecum\u00e9nico, el cual trata de unir a todo tipo de religiones y credos no es b\u00edblico, pues los principios doctrinales y teol\u00f3gicos establecidos en la palabra de Dios est\u00e1n en contra de ello. BBN no se identifica ni participa con este movimiento.<\/p>\n<p>Romanos 16:17; 2 Timoteo 3:5; 2 Timoteo 4:3-5<\/p>\n<p>19. Matrimonio y Sexualidad B\u00edblica:<\/p>\n<p>Creemos que Dios ha declarado que no debe de haber actividad sexual \u00edntima entre un hombre y una mujer fuera del matrimonio. Creemos que el t\u00e9rmino \u00abmatrimonio\u00bb tiene un solo significado leg\u00edtimo: el matrimonio ha sido instituido por Dios y que el mismo une a un hombre y una mujer en una uni\u00f3n pactada, \u00fanica y delineada por la Escritura. Creemos que cualquier forma de homosexualidad, lesbianismo, bisexualidad, bestialismo, incesto, fornicaci\u00f3n, adulterio, travestismo y pornograf\u00eda son perversiones pecaminosas del sexo que es un don de Dios. Creemos que Dios rechaza y proh\u00edbe cualquier intento de alterar el sexo o g\u00e9nero por medio de pr\u00e1cticas quir\u00fargicas o apariencia.<\/p>\n<p>(G\u00e9nesis 2:24; Gen 19:5, 13; Gen 26:8-9; Lev\u00edtico 18:1-30; Romanos 1:26-29; 1 Corintios 5:1, 6:9; 1 Tesalonicenses 4:1-8; Hebreos 13:4).<\/p>\n<p>20. La Santidad de la Vida Humana:<\/p>\n<p>Creemos que la vida humana es sagrada y creada por Dios a Su imagen y semejanza. La vida humana es de un valor inestimable en todas sus dimensiones, incluyendo a beb\u00e9s que a\u00fan no han nacido, personas ancianas, personas con dificultades f\u00edsicas y mentales, y cualquier otra condici\u00f3n que pueda haber desde la concepci\u00f3n hasta la muerte natural. Por ende, somos llamados a defender, proteger y valorar toda la vida humana.<\/p>\n<p>(Salmo 139).<\/p>\n<p>Observaciones Finales<\/p>\n<p>La declaraci\u00f3n de fe no cubre todo el contenido de nuestra fe de manera exhaustiva. La Biblia es la \u00fanica fuente y suprema autoridad de todo lo que creemos. Creemos que esta Declaraci\u00f3n de Fe representa de manera exacta, las ense\u00f1anzas de la Palabra de Dios.<\/p>\n<div id=\"gtx-trans\" style=\"position: absolute;left: 169px;top: 4125.22px\">\n<div class=\"gtx-trans-icon\"><\/div>\n<\/div>\n<\/div><\/section>\n<div  class='avia-button-wrap av-2f5qeh-982ad740480c7e0c9fbac44d83353d87-wrap avia-button-center  avia-builder-el-2  el_after_av_textblock  avia-builder-el-last '><a href='https://\/\/www.bbnradio.org\/WCM4\/InstitutoB%C3%ADblico\/AccesoalosCursos\/Cursosdisponiblesparaelestudio\/tabid\/2523\/Phase\/32\/Default.aspx?PHPSESSID=uvA0qMVzTD4LZuX%2Czrcn0gqNRc--RNj1'  class='avia-button av-2f5qeh-982ad740480c7e0c9fbac44d83353d87 av-link-btn avia-icon_select-no avia-size-large avia-position-center avia-color-theme-color'  target=\"_blank\"  rel=\"noopener noreferrer\"  aria-label=\"Estudie doctrina B\u00edblica gratis en nuestro Instituto online\"><span class='avia_iconbox_title' >Estudie doctrina B\u00edblica gratis en nuestro Instituto online<\/span><\/a><\/div>\n<!-- AddThis Advanced Settings generic via filter on the_content --><!-- AddThis Share Buttons generic via filter on the_content -->","protected":false},"excerpt":{"rendered":"<p><!-- AddThis Advanced Settings generic via filter on get_the_excerpt --><!-- AddThis Share Buttons generic via filter on get_the_excerpt --><\/p>\n","protected":false},"author":21,"featured_media":8333,"parent":4092,"menu_order":0,"comment_status":"open","ping_status":"closed","template":"","meta":{"jetpack_post_was_ever_published":false,"footnotes":""},"categories":[],"tags":[],"class_list":["post-4089","page","type-page","status-publish","has-post-thumbnail","hentry"],"yoast_head":"<!-- This site is optimized with the Yoast SEO Premium plugin v24.8 (Yoast SEO v24.8.1) - https:\/\/yoast.com\/wordpress\/plugins\/seo\/ -->\n<title>Declaraci\u00f3n Doctrinal<\/title>\n<meta name=\"description\" content=\"Creemos en la Biblia, la cual est\u00e1 compuesta por el Nuevo y Antiguo Testamento, inspirada por Dios en forma verbal y plenaria. Es infalible e inerrante y la aceptamos como la palabra autorizada de Dios. Es la \u00fanica y final regla para la fe y conducta cristiana.\" \/>\n<meta name=\"robots\" content=\"index, follow, max-snippet:-1, max-image-preview:large, max-video-preview:-1\" \/>\n<link rel=\"canonical\" href=\"https:\/\/bbn1.bbnradio.org\/spanish\/quienes-somos\/declaracion-doctrinal\/\" \/>\n<meta property=\"og:locale\" content=\"es_ES\" \/>\n<meta property=\"og:type\" content=\"article\" \/>\n<meta property=\"og:title\" content=\"Declaraci\u00f3n Doctrinal\" \/>\n<meta property=\"og:description\" content=\"Creemos en la Biblia, la cual est\u00e1 compuesta por el Nuevo y Antiguo Testamento, inspirada por Dios en forma verbal y plenaria. Es infalible e inerrante y la aceptamos como la palabra autorizada de Dios. Es la \u00fanica y final regla para la fe y conducta cristiana.\" \/>\n<meta property=\"og:url\" content=\"https:\/\/bbn1.bbnradio.org\/spanish\/quienes-somos\/declaracion-doctrinal\/\" \/>\n<meta property=\"og:site_name\" content=\"BBN\" \/>\n<meta property=\"article:publisher\" content=\"https:\/\/www.facebook.com\/BBNEspanol\" \/>\n<meta property=\"article:modified_time\" content=\"2026-03-06T16:37:34+00:00\" \/>\n<meta name=\"twitter:card\" content=\"summary_large_image\" \/>\n<meta name=\"twitter:title\" content=\"Declaraci\u00f3n Doctrinal\" \/>\n<meta name=\"twitter:description\" content=\"Creemos en la Biblia, la cual est\u00e1 compuesta por el Nuevo y Antiguo Testamento, inspirada por Dios en forma verbal y plenaria. Es infalible e inerrante y la aceptamos como la palabra autorizada de Dios. Es la \u00fanica y final regla para la fe y conducta cristiana.\" \/>\n<meta name=\"twitter:image\" content=\"https:\/\/bbn1.bbnradio.org\/english\/wp-content\/uploads\/sites\/2\/2016\/08\/Doctrinal-Statement.jpg\" \/>\n<meta name=\"twitter:site\" content=\"@BBNEspanol\" \/>\n<meta name=\"twitter:label1\" content=\"Tiempo de lectura\" \/>\n\t<meta name=\"twitter:data1\" content=\"9 minutos\" \/>\n<script type=\"application\/ld+json\" class=\"yoast-schema-graph\">{\"@context\":\"https:\/\/schema.org\",\"@graph\":[{\"@type\":\"WebPage\",\"@id\":\"https:\/\/bbn1.bbnradio.org\/spanish\/quienes-somos\/declaracion-doctrinal\/\",\"url\":\"https:\/\/bbn1.bbnradio.org\/spanish\/quienes-somos\/declaracion-doctrinal\/\",\"name\":\"Declaraci\u00f3n Doctrinal\",\"isPartOf\":{\"@id\":\"https:\/\/bbn1.bbnradio.org\/spanish\/#website\"},\"primaryImageOfPage\":{\"@id\":\"https:\/\/bbn1.bbnradio.org\/spanish\/quienes-somos\/declaracion-doctrinal\/#primaryimage\"},\"image\":{\"@id\":\"https:\/\/bbn1.bbnradio.org\/spanish\/quienes-somos\/declaracion-doctrinal\/#primaryimage\"},\"thumbnailUrl\":\"https:\/\/i0.wp.com\/bbn1.bbnradio.org\/spanish\/wp-content\/uploads\/sites\/5\/2016\/08\/Doctrinal-Statement.jpg?fit=1200%2C628&ssl=1\",\"datePublished\":\"2015-07-31T15:28:54+00:00\",\"dateModified\":\"2026-03-06T16:37:34+00:00\",\"description\":\"Creemos en la Biblia, la cual est\u00e1 compuesta por el Nuevo y Antiguo Testamento, inspirada por Dios en forma verbal y plenaria. Es infalible e inerrante y la aceptamos como la palabra autorizada de Dios. Es la \u00fanica y final regla para la fe y conducta cristiana.\",\"breadcrumb\":{\"@id\":\"https:\/\/bbn1.bbnradio.org\/spanish\/quienes-somos\/declaracion-doctrinal\/#breadcrumb\"},\"inLanguage\":\"es\",\"potentialAction\":[{\"@type\":\"ReadAction\",\"target\":[\"https:\/\/bbn1.bbnradio.org\/spanish\/quienes-somos\/declaracion-doctrinal\/\"]}]},{\"@type\":\"ImageObject\",\"inLanguage\":\"es\",\"@id\":\"https:\/\/bbn1.bbnradio.org\/spanish\/quienes-somos\/declaracion-doctrinal\/#primaryimage\",\"url\":\"https:\/\/i0.wp.com\/bbn1.bbnradio.org\/spanish\/wp-content\/uploads\/sites\/5\/2016\/08\/Doctrinal-Statement.jpg?fit=1200%2C628&ssl=1\",\"contentUrl\":\"https:\/\/i0.wp.com\/bbn1.bbnradio.org\/spanish\/wp-content\/uploads\/sites\/5\/2016\/08\/Doctrinal-Statement.jpg?fit=1200%2C628&ssl=1\",\"width\":1200,\"height\":628,\"caption\":\"Doctrinal Statement\"},{\"@type\":\"BreadcrumbList\",\"@id\":\"https:\/\/bbn1.bbnradio.org\/spanish\/quienes-somos\/declaracion-doctrinal\/#breadcrumb\",\"itemListElement\":[{\"@type\":\"ListItem\",\"position\":1,\"name\":\"Home\",\"item\":\"https:\/\/bbn1.bbnradio.org\/spanish\/inicio\/\"},{\"@type\":\"ListItem\",\"position\":2,\"name\":\"Quienes somos\",\"item\":\"https:\/\/bbn1.bbnradio.org\/spanish\/quienes-somos\/\"},{\"@type\":\"ListItem\",\"position\":3,\"name\":\"Declaraci\u00f3n Doctrinal\"}]},{\"@type\":\"WebSite\",\"@id\":\"https:\/\/bbn1.bbnradio.org\/spanish\/#website\",\"url\":\"https:\/\/bbn1.bbnradio.org\/spanish\/\",\"name\":\"BBN Spanish\",\"description\":\"BBN\",\"potentialAction\":[{\"@type\":\"SearchAction\",\"target\":{\"@type\":\"EntryPoint\",\"urlTemplate\":\"https:\/\/bbn1.bbnradio.org\/spanish\/?s={search_term_string}\"},\"query-input\":{\"@type\":\"PropertyValueSpecification\",\"valueRequired\":true,\"valueName\":\"search_term_string\"}}],\"inLanguage\":\"es\"}]}<\/script>\n<!-- \/ Yoast SEO Premium plugin. -->","yoast_head_json":{"title":"Declaraci\u00f3n Doctrinal","description":"Creemos en la Biblia, la cual est\u00e1 compuesta por el Nuevo y Antiguo Testamento, inspirada por Dios en forma verbal y plenaria. Es infalible e inerrante y la aceptamos como la palabra autorizada de Dios. Es la \u00fanica y final regla para la fe y conducta cristiana.","robots":{"index":"index","follow":"follow","max-snippet":"max-snippet:-1","max-image-preview":"max-image-preview:large","max-video-preview":"max-video-preview:-1"},"canonical":"https:\/\/bbn1.bbnradio.org\/spanish\/quienes-somos\/declaracion-doctrinal\/","og_locale":"es_ES","og_type":"article","og_title":"Declaraci\u00f3n Doctrinal","og_description":"Creemos en la Biblia, la cual est\u00e1 compuesta por el Nuevo y Antiguo Testamento, inspirada por Dios en forma verbal y plenaria. Es infalible e inerrante y la aceptamos como la palabra autorizada de Dios. Es la \u00fanica y final regla para la fe y conducta cristiana.","og_url":"https:\/\/bbn1.bbnradio.org\/spanish\/quienes-somos\/declaracion-doctrinal\/","og_site_name":"BBN","article_publisher":"https:\/\/www.facebook.com\/BBNEspanol","article_modified_time":"2026-03-06T16:37:34+00:00","twitter_card":"summary_large_image","twitter_title":"Declaraci\u00f3n Doctrinal","twitter_description":"Creemos en la Biblia, la cual est\u00e1 compuesta por el Nuevo y Antiguo Testamento, inspirada por Dios en forma verbal y plenaria. Es infalible e inerrante y la aceptamos como la palabra autorizada de Dios. Es la \u00fanica y final regla para la fe y conducta cristiana.","twitter_image":"https:\/\/bbn1.bbnradio.org\/english\/wp-content\/uploads\/sites\/2\/2016\/08\/Doctrinal-Statement.jpg","twitter_site":"@BBNEspanol","twitter_misc":{"Tiempo de lectura":"9 minutos"},"schema":{"@context":"https:\/\/schema.org","@graph":[{"@type":"WebPage","@id":"https:\/\/bbn1.bbnradio.org\/spanish\/quienes-somos\/declaracion-doctrinal\/","url":"https:\/\/bbn1.bbnradio.org\/spanish\/quienes-somos\/declaracion-doctrinal\/","name":"Declaraci\u00f3n Doctrinal","isPartOf":{"@id":"https:\/\/bbn1.bbnradio.org\/spanish\/#website"},"primaryImageOfPage":{"@id":"https:\/\/bbn1.bbnradio.org\/spanish\/quienes-somos\/declaracion-doctrinal\/#primaryimage"},"image":{"@id":"https:\/\/bbn1.bbnradio.org\/spanish\/quienes-somos\/declaracion-doctrinal\/#primaryimage"},"thumbnailUrl":"https:\/\/i0.wp.com\/bbn1.bbnradio.org\/spanish\/wp-content\/uploads\/sites\/5\/2016\/08\/Doctrinal-Statement.jpg?fit=1200%2C628&ssl=1","datePublished":"2015-07-31T15:28:54+00:00","dateModified":"2026-03-06T16:37:34+00:00","description":"Creemos en la Biblia, la cual est\u00e1 compuesta por el Nuevo y Antiguo Testamento, inspirada por Dios en forma verbal y plenaria. Es infalible e inerrante y la aceptamos como la palabra autorizada de Dios. Es la \u00fanica y final regla para la fe y conducta cristiana.","breadcrumb":{"@id":"https:\/\/bbn1.bbnradio.org\/spanish\/quienes-somos\/declaracion-doctrinal\/#breadcrumb"},"inLanguage":"es","potentialAction":[{"@type":"ReadAction","target":["https:\/\/bbn1.bbnradio.org\/spanish\/quienes-somos\/declaracion-doctrinal\/"]}]},{"@type":"ImageObject","inLanguage":"es","@id":"https:\/\/bbn1.bbnradio.org\/spanish\/quienes-somos\/declaracion-doctrinal\/#primaryimage","url":"https:\/\/i0.wp.com\/bbn1.bbnradio.org\/spanish\/wp-content\/uploads\/sites\/5\/2016\/08\/Doctrinal-Statement.jpg?fit=1200%2C628&ssl=1","contentUrl":"https:\/\/i0.wp.com\/bbn1.bbnradio.org\/spanish\/wp-content\/uploads\/sites\/5\/2016\/08\/Doctrinal-Statement.jpg?fit=1200%2C628&ssl=1","width":1200,"height":628,"caption":"Doctrinal Statement"},{"@type":"BreadcrumbList","@id":"https:\/\/bbn1.bbnradio.org\/spanish\/quienes-somos\/declaracion-doctrinal\/#breadcrumb","itemListElement":[{"@type":"ListItem","position":1,"name":"Home","item":"https:\/\/bbn1.bbnradio.org\/spanish\/inicio\/"},{"@type":"ListItem","position":2,"name":"Quienes somos","item":"https:\/\/bbn1.bbnradio.org\/spanish\/quienes-somos\/"},{"@type":"ListItem","position":3,"name":"Declaraci\u00f3n Doctrinal"}]},{"@type":"WebSite","@id":"https:\/\/bbn1.bbnradio.org\/spanish\/#website","url":"https:\/\/bbn1.bbnradio.org\/spanish\/","name":"BBN Spanish","description":"BBN","potentialAction":[{"@type":"SearchAction","target":{"@type":"EntryPoint","urlTemplate":"https:\/\/bbn1.bbnradio.org\/spanish\/?s={search_term_string}"},"query-input":{"@type":"PropertyValueSpecification","valueRequired":true,"valueName":"search_term_string"}}],"inLanguage":"es"}]}},"jetpack_sharing_enabled":true,"jetpack_shortlink":"https:\/\/wp.me\/P85nNm-13X","_links":{"self":[{"href":"https:\/\/bbn1.bbnradio.org\/spanish\/wp-json\/wp\/v2\/pages\/4089","targetHints":{"allow":["GET"]}}],"collection":[{"href":"https:\/\/bbn1.bbnradio.org\/spanish\/wp-json\/wp\/v2\/pages"}],"about":[{"href":"https:\/\/bbn1.bbnradio.org\/spanish\/wp-json\/wp\/v2\/types\/page"}],"author":[{"embeddable":true,"href":"https:\/\/bbn1.bbnradio.org\/spanish\/wp-json\/wp\/v2\/users\/21"}],"replies":[{"embeddable":true,"href":"https:\/\/bbn1.bbnradio.org\/spanish\/wp-json\/wp\/v2\/comments?post=4089"}],"version-history":[{"count":3,"href":"https:\/\/bbn1.bbnradio.org\/spanish\/wp-json\/wp\/v2\/pages\/4089\/revisions"}],"predecessor-version":[{"id":20062,"href":"https:\/\/bbn1.bbnradio.org\/spanish\/wp-json\/wp\/v2\/pages\/4089\/revisions\/20062"}],"up":[{"embeddable":true,"href":"https:\/\/bbn1.bbnradio.org\/spanish\/wp-json\/wp\/v2\/pages\/4092"}],"wp:featuredmedia":[{"embeddable":true,"href":"https:\/\/bbn1.bbnradio.org\/spanish\/wp-json\/wp\/v2\/media\/8333"}],"wp:attachment":[{"href":"https:\/\/bbn1.bbnradio.org\/spanish\/wp-json\/wp\/v2\/media?parent=4089"}],"wp:term":[{"taxonomy":"category","embeddable":true,"href":"https:\/\/bbn1.bbnradio.org\/spanish\/wp-json\/wp\/v2\/categories?post=4089"},{"taxonomy":"post_tag","embeddable":true,"href":"https:\/\/bbn1.bbnradio.org\/spanish\/wp-json\/wp\/v2\/tags?post=4089"}],"curies":[{"name":"wp","href":"https:\/\/api.w.org\/{rel}","templated":true}]}}