{"id":4092,"date":"2015-07-31T11:31:38","date_gmt":"2015-07-31T16:31:38","guid":{"rendered":"https:\/\/bbn1.bbnradio.org\/english\/?page_id=4092"},"modified":"2019-01-18T10:42:46","modified_gmt":"2019-01-18T15:42:46","slug":"quienes-somos","status":"publish","type":"page","link":"https:\/\/bbn1.bbnradio.org\/spanish\/quienes-somos\/","title":{"rendered":"Quienes somos"},"content":{"rendered":"\n<style type=\"text\/css\" data-created_by=\"avia_inline_auto\" id=\"style-css-av-pgfk24-701293e7eb3bb018ece3a717b8ae6a09\">\n.avia-image-container.av-pgfk24-701293e7eb3bb018ece3a717b8ae6a09 img.avia_image{\nbox-shadow:none;\n}\n.avia-image-container.av-pgfk24-701293e7eb3bb018ece3a717b8ae6a09 .av-image-caption-overlay-center{\ncolor:#ffffff;\n}\n<\/style>\n<div  class='avia-image-container av-pgfk24-701293e7eb3bb018ece3a717b8ae6a09 av-styling- avia-align-center  avia-builder-el-0  el_before_av_textblock  avia-builder-el-first '   itemprop=\"image\" itemscope=\"itemscope\" itemtype=\"https:\/\/schema.org\/ImageObject\" ><div class=\"avia-image-container-inner\"><div class=\"avia-image-overlay-wrap\"><img decoding=\"async\" fetchpriority=\"high\" class='wp-image-15473 avia-img-lazy-loading-not-15473 avia_image ' src=\"https:\/\/i0.wp.com\/bbn1.bbnradio.org\/spanish\/wp-content\/uploads\/sites\/5\/2018\/08\/About-BBN-Spanish.jpg?fit=845%2C321&ssl=1\" alt='' title='About-BBN-Spanish'  height=\"321\" width=\"845\"  itemprop=\"thumbnailUrl\"  \/><\/div><\/div><\/div>\n<section  class='av_textblock_section av-nd4fr0-2a9db75bb0b649ef5934e4cefd3c307f '   itemscope=\"itemscope\" itemtype=\"https:\/\/schema.org\/CreativeWork\" ><div class='avia_textblock'  itemprop=\"text\" ><p>Gracias por querer saber m\u00e1s acerca nuestro. Los enlaces aqu\u00ed listados van a mostrarle todo tipo informaci\u00f3n en cuanto al ministerio de BBN. Si usted a\u00fan tiene inquietudes, por favor cont\u00e1ctese con nosotros.<\/p>\n<\/div><\/section>\n\n<style type=\"text\/css\" data-created_by=\"avia_inline_auto\" id=\"style-css-av-map4d8-597377df0dd25e7af4383460dee4377a\">\n.flex_column.av-map4d8-597377df0dd25e7af4383460dee4377a{\nborder-radius:0px 0px 0px 0px;\npadding:0px 0px 0px 0px;\n}\n<\/style>\n<div  class='flex_column av-map4d8-597377df0dd25e7af4383460dee4377a av_one_half  avia-builder-el-2  el_after_av_textblock  el_before_av_one_half  first flex_column_div av-zero-column-padding  column-top-margin'     ><style type=\"text\/css\" data-created_by=\"avia_inline_auto\" id=\"style-css-av-k8jkz0-716b20aff7d169e708c109de295fa940\">\n#top .avia-icon-list-container.av-k8jkz0-716b20aff7d169e708c109de295fa940 .iconlist_icon{\ncolor:#003800;\nbackground-color:#ffffff;\nborder:1px solid #003800;\n}\n#top .avia-icon-list-container.av-k8jkz0-716b20aff7d169e708c109de295fa940 .iconlist_icon svg:first-child{\nstroke:#003800;\nfill:#003800;\n}\n<\/style>\n<div  class='avia-icon-list-container av-k8jkz0-716b20aff7d169e708c109de295fa940  avia-builder-el-3  avia-builder-el-no-sibling '><ul class='avia-icon-list avia_animate_when_almost_visible avia-icon-list-left av-iconlist-big av-k8jkz0-716b20aff7d169e708c109de295fa940 avia-iconlist-animate'>\n<li><a href='https://\/\/bbn1.bbnradio.org\/spanish\/quienes-somos\/nuestra-historia\/?PHPSESSID=2nY8J9Q4vLbPR1wyM60TiqLQD8gQ9Ogp' title='HIstoria'  class='iconlist_icon av-jlqw7w-7d60fd0d518e86e53c9bbaef8afdb9af avia-font-entypo-fontello avia-iconfont avia-font-entypo-fontello'><span class='av-icon-char' data-av_icon='\ue863' data-av_iconfont='entypo-fontello' aria-hidden=\"true\"><\/span><\/a><article class=\"article-icon-entry av-iconlist-empty\"  itemscope=\"itemscope\" itemtype=\"https:\/\/schema.org\/CreativeWork\" ><div class=\"iconlist_content_wrap\"><header class=\"entry-content-header\" aria-label=\"Icon: &lt;a href=&#039;https:\/\/bbn1.bbnradio.org\/spanish\/quienes-somos\/nuestra-historia\/&#039; title=&#039;HIstoria&#039;&gt;HIstoria&lt;\/a&gt;\"><h4 class='av_iconlist_title iconlist_title  '  itemprop=\"headline\" ><a href='https://\/\/bbn1.bbnradio.org\/spanish\/quienes-somos\/nuestra-historia\/?PHPSESSID=2nY8J9Q4vLbPR1wyM60TiqLQD8gQ9Ogp' title='HIstoria'>HIstoria<\/a><\/h4><\/header><div class='iconlist_content '  itemprop=\"text\" ><\/div><\/div><footer class=\"entry-footer\"><\/footer><\/article><div class=\"iconlist-timeline\"><\/div><\/li>\n<li><a href='https://\/\/bbn1.bbnradio.org\/spanish\/quienes-somos\/proposito\/?PHPSESSID=2nY8J9Q4vLbPR1wyM60TiqLQD8gQ9Ogp' title='Prop\u00f3sito'  class='iconlist_icon av-howbto-f1d84bb4b2ef649b4db305deb694622f avia-font-entypo-fontello avia-iconfont avia-font-entypo-fontello'><span class='av-icon-char' data-av_icon='\ue82a' data-av_iconfont='entypo-fontello' aria-hidden=\"true\"><\/span><\/a><article class=\"article-icon-entry av-iconlist-empty\"  itemscope=\"itemscope\" itemtype=\"https:\/\/schema.org\/CreativeWork\" ><div class=\"iconlist_content_wrap\"><header class=\"entry-content-header\" aria-label=\"Icon: &lt;a href=&#039;https:\/\/bbn1.bbnradio.org\/spanish\/quienes-somos\/proposito\/&#039; title=&#039;Prop\u00f3sito&#039;&gt;Prop\u00f3sito&lt;\/a&gt;\"><h4 class='av_iconlist_title iconlist_title  '  itemprop=\"headline\" ><a href='https://\/\/bbn1.bbnradio.org\/spanish\/quienes-somos\/proposito\/?PHPSESSID=2nY8J9Q4vLbPR1wyM60TiqLQD8gQ9Ogp' title='Prop\u00f3sito'>Prop\u00f3sito<\/a><\/h4><\/header><div class='iconlist_content '  itemprop=\"text\" ><\/div><\/div><footer class=\"entry-footer\"><\/footer><\/article><div class=\"iconlist-timeline\"><\/div><\/li>\n<li><a href='https://\/\/bbn1.bbnradio.org\/spanish\/quienes-somos\/musica-y-programas\/?PHPSESSID=2nY8J9Q4vLbPR1wyM60TiqLQD8gQ9Ogp' title='M\u00fasica y Programas'  class='iconlist_icon av-fetxss-be9a4edd53b0105513752372f3bda1a0 avia-font-entypo-fontello avia-iconfont avia-font-entypo-fontello'><span class='av-icon-char' data-av_icon='\ue85e' data-av_iconfont='entypo-fontello' aria-hidden=\"true\"><\/span><\/a><article class=\"article-icon-entry av-iconlist-empty\"  itemscope=\"itemscope\" itemtype=\"https:\/\/schema.org\/CreativeWork\" ><div class=\"iconlist_content_wrap\"><header class=\"entry-content-header\" aria-label=\"Icon: &lt;a href=&#039;https:\/\/bbn1.bbnradio.org\/spanish\/quienes-somos\/musica-y-programas\/&#039; title=&#039;M\u00fasica y Programas&#039;&gt;M\u00fasica y Programas&lt;\/a&gt;\"><h4 class='av_iconlist_title iconlist_title  '  itemprop=\"headline\" ><a href='https://\/\/bbn1.bbnradio.org\/spanish\/quienes-somos\/musica-y-programas\/?PHPSESSID=2nY8J9Q4vLbPR1wyM60TiqLQD8gQ9Ogp' title='M\u00fasica y Programas'>M\u00fasica y Programas<\/a><\/h4><\/header><div class='iconlist_content '  itemprop=\"text\" ><\/div><\/div><footer class=\"entry-footer\"><\/footer><\/article><div class=\"iconlist-timeline\"><\/div><\/li>\n<li><a href='https://\/\/bbn1.bbnradio.org\/spanish\/quienes-somos\/como-nos-financiamos\/?PHPSESSID=2nY8J9Q4vLbPR1wyM60TiqLQD8gQ9Ogp' title='\u00bfComo nos financiamos?'  class='iconlist_icon av-av_iconlist_item-b4f8bf57bd991dcbd60cbccf02b5acdd avia-font-bank avia-iconfont avia-font-bank'><span class='av-icon-char' data-av_icon='\ue800' data-av_iconfont='bank' aria-hidden=\"true\"><\/span><\/a><article class=\"article-icon-entry av-iconlist-empty\"  itemscope=\"itemscope\" itemtype=\"https:\/\/schema.org\/CreativeWork\" ><div class=\"iconlist_content_wrap\"><header class=\"entry-content-header\" aria-label=\"Icon: &lt;a href=&#039;https:\/\/bbn1.bbnradio.org\/spanish\/quienes-somos\/como-nos-financiamos\/&#039; title=&#039;\u00bfComo nos financiamos?&#039;&gt;\u00bfComo nos financiamos?&lt;\/a&gt;\"><h4 class='av_iconlist_title iconlist_title  '  itemprop=\"headline\" ><a href='https://\/\/bbn1.bbnradio.org\/spanish\/quienes-somos\/como-nos-financiamos\/?PHPSESSID=2nY8J9Q4vLbPR1wyM60TiqLQD8gQ9Ogp' title='\u00bfComo nos financiamos?'>\u00bfComo nos financiamos?<\/a><\/h4><\/header><div class='iconlist_content '  itemprop=\"text\" ><\/div><\/div><footer class=\"entry-footer\"><\/footer><\/article><div class=\"iconlist-timeline\"><\/div><\/li>\n<li><a href='https://\/\/bbn1.bbnradio.org\/spanish\/quienes-somos\/declaracion-doctrinal\/?PHPSESSID=2nY8J9Q4vLbPR1wyM60TiqLQD8gQ9Ogp' title='Declaraci\u00f3n doctrinal'  class='iconlist_icon av-chrcyk-260efa291f3243458971ac1eda756f92 avia-font-entypo-fontello avia-iconfont avia-font-entypo-fontello'><span class='av-icon-char' data-av_icon='\ue837' data-av_iconfont='entypo-fontello' aria-hidden=\"true\"><\/span><\/a><article class=\"article-icon-entry av-iconlist-empty\"  itemscope=\"itemscope\" itemtype=\"https:\/\/schema.org\/CreativeWork\" ><div class=\"iconlist_content_wrap\"><header class=\"entry-content-header\" aria-label=\"Icon: &lt;a href=&#039;https:\/\/bbn1.bbnradio.org\/spanish\/quienes-somos\/declaracion-doctrinal\/&#039; title=&#039;Declaraci\u00f3n doctrinal&#039;&gt;Declaraci\u00f3n doctrinal&lt;\/a&gt;\"><h4 class='av_iconlist_title iconlist_title  '  itemprop=\"headline\" ><a href='https://\/\/bbn1.bbnradio.org\/spanish\/quienes-somos\/declaracion-doctrinal\/?PHPSESSID=2nY8J9Q4vLbPR1wyM60TiqLQD8gQ9Ogp' title='Declaraci\u00f3n doctrinal'>Declaraci\u00f3n doctrinal<\/a><\/h4><\/header><div class='iconlist_content '  itemprop=\"text\" ><\/div><\/div><footer class=\"entry-footer\"><\/footer><\/article><div class=\"iconlist-timeline\"><\/div><\/li>\n<\/ul><\/div><\/div>\n<style type=\"text\/css\" data-created_by=\"avia_inline_auto\" id=\"style-css-av-anjbcc-f08d87b13668ba7581de38081eaf534f\">\n.flex_column.av-anjbcc-f08d87b13668ba7581de38081eaf534f{\nborder-radius:0px 0px 0px 0px;\npadding:0px 0px 0px 0px;\n}\n<\/style>\n<div  class='flex_column av-anjbcc-f08d87b13668ba7581de38081eaf534f av_one_half  avia-builder-el-4  el_after_av_one_half  avia-builder-el-last  flex_column_div av-zero-column-padding  column-top-margin'     ><style type=\"text\/css\" data-created_by=\"avia_inline_auto\" id=\"style-css-av-916emk-7ffcfae0e1d869870744da87918ce1a9\">\n#top .avia-icon-list-container.av-916emk-7ffcfae0e1d869870744da87918ce1a9 .iconlist_icon{\ncolor:#003800;\nbackground-color:#ffffff;\nborder:1px solid #003800;\n}\n#top .avia-icon-list-container.av-916emk-7ffcfae0e1d869870744da87918ce1a9 .iconlist_icon svg:first-child{\nstroke:#003800;\nfill:#003800;\n}\n<\/style>\n<div  class='avia-icon-list-container av-916emk-7ffcfae0e1d869870744da87918ce1a9  avia-builder-el-5  avia-builder-el-no-sibling '><ul class='avia-icon-list avia_animate_when_almost_visible avia-icon-list-left av-iconlist-big av-916emk-7ffcfae0e1d869870744da87918ce1a9 avia-iconlist-animate'>\n<li><a href='https://\/\/bbn1.bbnradio.org\/spanish\/quienes-somos\/radio\/?PHPSESSID=2nY8J9Q4vLbPR1wyM60TiqLQD8gQ9Ogp' title='Radio Espa\u00f1ol'  class='iconlist_icon av-76wuzw-6f2248eda27a76a9881a0c96aea9e59e avia-font-entypo-fontello avia-iconfont avia-font-entypo-fontello'><span class='av-icon-char' data-av_icon='\ue85e' data-av_iconfont='entypo-fontello' aria-hidden=\"true\"><\/span><\/a><article class=\"article-icon-entry av-iconlist-empty\"  itemscope=\"itemscope\" itemtype=\"https:\/\/schema.org\/CreativeWork\" ><div class=\"iconlist_content_wrap\"><header class=\"entry-content-header\" aria-label=\"Icon: &lt;a href=&#039;https:\/\/bbn1.bbnradio.org\/spanish\/quienes-somos\/radio\/&#039; title=&#039;Radio Espa\u00f1ol&#039;&gt;Radio Espa\u00f1ol&lt;\/a&gt;\"><h4 class='av_iconlist_title iconlist_title  '  itemprop=\"headline\" ><a href='https://\/\/bbn1.bbnradio.org\/spanish\/quienes-somos\/radio\/?PHPSESSID=2nY8J9Q4vLbPR1wyM60TiqLQD8gQ9Ogp' title='Radio Espa\u00f1ol'>Radio Espa\u00f1ol<\/a><\/h4><\/header><div class='iconlist_content '  itemprop=\"text\" ><\/div><\/div><footer class=\"entry-footer\"><\/footer><\/article><div class=\"iconlist-timeline\"><\/div><\/li>\n<li><a href='https://\/\/bbn1.bbnradio.org\/spanish\/quienes-somos\/internacional\/?PHPSESSID=2nY8J9Q4vLbPR1wyM60TiqLQD8gQ9Ogp' title='Radio Internacional'  class='iconlist_icon av-6h2v24-048cfa8cde2a3c3dc8879ccc0df79c5f avia-font-entypo-fontello avia-iconfont avia-font-entypo-fontello'><span class='av-icon-char' data-av_icon='\ue8b1' data-av_iconfont='entypo-fontello' aria-hidden=\"true\"><\/span><\/a><article class=\"article-icon-entry av-iconlist-empty\"  itemscope=\"itemscope\" itemtype=\"https:\/\/schema.org\/CreativeWork\" ><div class=\"iconlist_content_wrap\"><header class=\"entry-content-header\" aria-label=\"Icon: &lt;a href=&#039;https:\/\/bbn1.bbnradio.org\/spanish\/quienes-somos\/internacional\/&#039; title=&#039;Radio Internacional&#039;&gt;Radio Internacional&lt;\/a&gt;\"><h4 class='av_iconlist_title iconlist_title  '  itemprop=\"headline\" ><a href='https://\/\/bbn1.bbnradio.org\/spanish\/quienes-somos\/internacional\/?PHPSESSID=2nY8J9Q4vLbPR1wyM60TiqLQD8gQ9Ogp' title='Radio Internacional'>Radio Internacional<\/a><\/h4><\/header><div class='iconlist_content '  itemprop=\"text\" ><\/div><\/div><footer class=\"entry-footer\"><\/footer><\/article><div class=\"iconlist-timeline\"><\/div><\/li>\n<li><a href='https://\/\/bbn1.bbnradio.org\/spanish\/quienes-somos\/ayuda-espiritual\/?PHPSESSID=2nY8J9Q4vLbPR1wyM60TiqLQD8gQ9Ogp' title='Gu\u00eda Espiritual'  class='iconlist_icon av-3ose7g-ad08cb95c0bd2cdeba5cf02768ef87ce avia-font-entypo-fontello avia-iconfont avia-font-entypo-fontello'><span class='av-icon-char' data-av_icon='\ue84f' data-av_iconfont='entypo-fontello' aria-hidden=\"true\"><\/span><\/a><article class=\"article-icon-entry av-iconlist-empty\"  itemscope=\"itemscope\" itemtype=\"https:\/\/schema.org\/CreativeWork\" ><div class=\"iconlist_content_wrap\"><header class=\"entry-content-header\" aria-label=\"Icon: &lt;a href=&#039;https:\/\/bbn1.bbnradio.org\/spanish\/quienes-somos\/ayuda-espiritual\/&#039; title=&#039;Gu\u00eda Espiritual&#039;&gt;Gu\u00eda Espiritual&lt;\/a&gt;\"><h4 class='av_iconlist_title iconlist_title  '  itemprop=\"headline\" ><a href='https://\/\/bbn1.bbnradio.org\/spanish\/quienes-somos\/ayuda-espiritual\/?PHPSESSID=2nY8J9Q4vLbPR1wyM60TiqLQD8gQ9Ogp' title='Gu\u00eda Espiritual'>Gu\u00eda Espiritual<\/a><\/h4><\/header><div class='iconlist_content '  itemprop=\"text\" ><\/div><\/div><footer class=\"entry-footer\"><\/footer><\/article><div class=\"iconlist-timeline\"><\/div><\/li>\n<li><a href='https://\/\/bbn1.bbnradio.org\/spanish\/quienes-somos\/privacidad\/?PHPSESSID=2nY8J9Q4vLbPR1wyM60TiqLQD8gQ9Ogp' title='Privacidad'  class='iconlist_icon av-11lgs-62ca59a5c77b1948bdc30e37e9d382c9 avia-font-entypo-fontello avia-iconfont avia-font-entypo-fontello'><span class='av-icon-char' data-av_icon='\ue81f' data-av_iconfont='entypo-fontello' aria-hidden=\"true\"><\/span><\/a><article class=\"article-icon-entry av-iconlist-empty\"  itemscope=\"itemscope\" itemtype=\"https:\/\/schema.org\/CreativeWork\" ><div class=\"iconlist_content_wrap\"><header class=\"entry-content-header\" aria-label=\"Icon: &lt;a href=&#039;https:\/\/bbn1.bbnradio.org\/spanish\/quienes-somos\/privacidad\/&#039; title=&#039;Privacidad&#039;&gt;Privacidad&lt;\/a&gt;\"><h4 class='av_iconlist_title iconlist_title  '  itemprop=\"headline\" ><a href='https://\/\/bbn1.bbnradio.org\/spanish\/quienes-somos\/privacidad\/?PHPSESSID=2nY8J9Q4vLbPR1wyM60TiqLQD8gQ9Ogp' title='Privacidad'>Privacidad<\/a><\/h4><\/header><div class='iconlist_content '  itemprop=\"text\" ><\/div><\/div><footer class=\"entry-footer\"><\/footer><\/article><div class=\"iconlist-timeline\"><\/div><\/li>\n<\/ul><\/div><\/div>\n<!-- AddThis Advanced Settings generic via filter on the_content --><!-- AddThis Share Buttons generic via filter on the_content -->","protected":false},"excerpt":{"rendered":"<p><!-- AddThis Advanced Settings generic via filter on get_the_excerpt --><!-- AddThis Share Buttons generic via filter on get_the_excerpt --><\/p>\n","protected":false},"author":21,"featured_media":8338,"parent":0,"menu_order":0,"comment_status":"open","ping_status":"closed","template":"","meta":{"jetpack_post_was_ever_published":false,"footnotes":""},"categories":[],"tags":[],"class_list":["post-4092","page","type-page","status-publish","has-post-thumbnail","hentry"],"yoast_head":"<!-- This site is optimized with the Yoast SEO Premium plugin v24.8 (Yoast SEO v24.8.1) - https:\/\/yoast.com\/wordpress\/plugins\/seo\/ -->\n<title>Quienes somos<\/title>\n<meta name=\"description\" content=\"Aprenda acerca de la historia y misi\u00f3n del ministerio de BBN\" \/>\n<meta name=\"robots\" content=\"index, follow, max-snippet:-1, max-image-preview:large, max-video-preview:-1\" \/>\n<link rel=\"canonical\" href=\"https:\/\/bbn1.bbnradio.org\/spanish\/quienes-somos\/\" \/>\n<meta property=\"og:locale\" content=\"es_ES\" \/>\n<meta property=\"og:type\" content=\"article\" \/>\n<meta property=\"og:title\" content=\"Quienes somos\" \/>\n<meta property=\"og:description\" content=\"Aprenda en cuanto a la historia y misi\u00f3n de BBN\" \/>\n<meta property=\"og:url\" content=\"https:\/\/bbn1.bbnradio.org\/spanish\/quienes-somos\/\" \/>\n<meta property=\"og:site_name\" content=\"BBN\" \/>\n<meta property=\"article:publisher\" content=\"https:\/\/www.facebook.com\/BBNEspanol\" \/>\n<meta property=\"article:modified_time\" content=\"2019-01-18T15:42:46+00:00\" \/>\n<meta name=\"twitter:card\" content=\"summary_large_image\" \/>\n<meta name=\"twitter:title\" content=\"Quienes somos\" \/>\n<meta name=\"twitter:description\" content=\"Aprenda en cuanto a la historia y misi\u00f3n de BBN\" \/>\n<meta name=\"twitter:image\" content=\"https:\/\/bbn1.bbnradio.org\/english\/wp-content\/uploads\/sites\/2\/2016\/08\/About-BBN.jpg\" \/>\n<meta name=\"twitter:site\" content=\"@BBNEspanol\" \/>\n<meta name=\"twitter:label1\" content=\"Tiempo de lectura\" \/>\n\t<meta name=\"twitter:data1\" content=\"3 minutos\" \/>\n<script type=\"application\/ld+json\" class=\"yoast-schema-graph\">{\"@context\":\"https:\/\/schema.org\",\"@graph\":[{\"@type\":\"WebPage\",\"@id\":\"https:\/\/bbn1.bbnradio.org\/spanish\/quienes-somos\/\",\"url\":\"https:\/\/bbn1.bbnradio.org\/spanish\/quienes-somos\/\",\"name\":\"Quienes somos\",\"isPartOf\":{\"@id\":\"https:\/\/bbn1.bbnradio.org\/spanish\/#website\"},\"primaryImageOfPage\":{\"@id\":\"https:\/\/bbn1.bbnradio.org\/spanish\/quienes-somos\/#primaryimage\"},\"image\":{\"@id\":\"https:\/\/bbn1.bbnradio.org\/spanish\/quienes-somos\/#primaryimage\"},\"thumbnailUrl\":\"https:\/\/i0.wp.com\/bbn1.bbnradio.org\/spanish\/wp-content\/uploads\/sites\/5\/2016\/08\/About-BBN.jpg?fit=1200%2C628&ssl=1\",\"datePublished\":\"2015-07-31T16:31:38+00:00\",\"dateModified\":\"2019-01-18T15:42:46+00:00\",\"description\":\"Aprenda acerca de la historia y misi\u00f3n del ministerio de BBN\",\"breadcrumb\":{\"@id\":\"https:\/\/bbn1.bbnradio.org\/spanish\/quienes-somos\/#breadcrumb\"},\"inLanguage\":\"es\",\"potentialAction\":[{\"@type\":\"ReadAction\",\"target\":[\"https:\/\/bbn1.bbnradio.org\/spanish\/quienes-somos\/\"]}]},{\"@type\":\"ImageObject\",\"inLanguage\":\"es\",\"@id\":\"https:\/\/bbn1.bbnradio.org\/spanish\/quienes-somos\/#primaryimage\",\"url\":\"https:\/\/i0.wp.com\/bbn1.bbnradio.org\/spanish\/wp-content\/uploads\/sites\/5\/2016\/08\/About-BBN.jpg?fit=1200%2C628&ssl=1\",\"contentUrl\":\"https:\/\/i0.wp.com\/bbn1.bbnradio.org\/spanish\/wp-content\/uploads\/sites\/5\/2016\/08\/About-BBN.jpg?fit=1200%2C628&ssl=1\",\"width\":1200,\"height\":628,\"caption\":\"About BBN\"},{\"@type\":\"BreadcrumbList\",\"@id\":\"https:\/\/bbn1.bbnradio.org\/spanish\/quienes-somos\/#breadcrumb\",\"itemListElement\":[{\"@type\":\"ListItem\",\"position\":1,\"name\":\"Home\",\"item\":\"https:\/\/bbn1.bbnradio.org\/spanish\/inicio\/\"},{\"@type\":\"ListItem\",\"position\":2,\"name\":\"Quienes somos\"}]},{\"@type\":\"WebSite\",\"@id\":\"https:\/\/bbn1.bbnradio.org\/spanish\/#website\",\"url\":\"https:\/\/bbn1.bbnradio.org\/spanish\/\",\"name\":\"BBN Spanish\",\"description\":\"BBN\",\"potentialAction\":[{\"@type\":\"SearchAction\",\"target\":{\"@type\":\"EntryPoint\",\"urlTemplate\":\"https:\/\/bbn1.bbnradio.org\/spanish\/?s={search_term_string}\"},\"query-input\":{\"@type\":\"PropertyValueSpecification\",\"valueRequired\":true,\"valueName\":\"search_term_string\"}}],\"inLanguage\":\"es\"}]}<\/script>\n<!-- \/ Yoast SEO Premium plugin. -->","yoast_head_json":{"title":"Quienes somos","description":"Aprenda acerca de la historia y misi\u00f3n del ministerio de BBN","robots":{"index":"index","follow":"follow","max-snippet":"max-snippet:-1","max-image-preview":"max-image-preview:large","max-video-preview":"max-video-preview:-1"},"canonical":"https:\/\/bbn1.bbnradio.org\/spanish\/quienes-somos\/","og_locale":"es_ES","og_type":"article","og_title":"Quienes somos","og_description":"Aprenda en cuanto a la historia y misi\u00f3n de BBN","og_url":"https:\/\/bbn1.bbnradio.org\/spanish\/quienes-somos\/","og_site_name":"BBN","article_publisher":"https:\/\/www.facebook.com\/BBNEspanol","article_modified_time":"2019-01-18T15:42:46+00:00","twitter_card":"summary_large_image","twitter_title":"Quienes somos","twitter_description":"Aprenda en cuanto a la historia y misi\u00f3n de BBN","twitter_image":"https:\/\/bbn1.bbnradio.org\/english\/wp-content\/uploads\/sites\/2\/2016\/08\/About-BBN.jpg","twitter_site":"@BBNEspanol","twitter_misc":{"Tiempo de lectura":"3 minutos"},"schema":{"@context":"https:\/\/schema.org","@graph":[{"@type":"WebPage","@id":"https:\/\/bbn1.bbnradio.org\/spanish\/quienes-somos\/","url":"https:\/\/bbn1.bbnradio.org\/spanish\/quienes-somos\/","name":"Quienes somos","isPartOf":{"@id":"https:\/\/bbn1.bbnradio.org\/spanish\/#website"},"primaryImageOfPage":{"@id":"https:\/\/bbn1.bbnradio.org\/spanish\/quienes-somos\/#primaryimage"},"image":{"@id":"https:\/\/bbn1.bbnradio.org\/spanish\/quienes-somos\/#primaryimage"},"thumbnailUrl":"https:\/\/i0.wp.com\/bbn1.bbnradio.org\/spanish\/wp-content\/uploads\/sites\/5\/2016\/08\/About-BBN.jpg?fit=1200%2C628&ssl=1","datePublished":"2015-07-31T16:31:38+00:00","dateModified":"2019-01-18T15:42:46+00:00","description":"Aprenda acerca de la historia y misi\u00f3n del ministerio de BBN","breadcrumb":{"@id":"https:\/\/bbn1.bbnradio.org\/spanish\/quienes-somos\/#breadcrumb"},"inLanguage":"es","potentialAction":[{"@type":"ReadAction","target":["https:\/\/bbn1.bbnradio.org\/spanish\/quienes-somos\/"]}]},{"@type":"ImageObject","inLanguage":"es","@id":"https:\/\/bbn1.bbnradio.org\/spanish\/quienes-somos\/#primaryimage","url":"https:\/\/i0.wp.com\/bbn1.bbnradio.org\/spanish\/wp-content\/uploads\/sites\/5\/2016\/08\/About-BBN.jpg?fit=1200%2C628&ssl=1","contentUrl":"https:\/\/i0.wp.com\/bbn1.bbnradio.org\/spanish\/wp-content\/uploads\/sites\/5\/2016\/08\/About-BBN.jpg?fit=1200%2C628&ssl=1","width":1200,"height":628,"caption":"About BBN"},{"@type":"BreadcrumbList","@id":"https:\/\/bbn1.bbnradio.org\/spanish\/quienes-somos\/#breadcrumb","itemListElement":[{"@type":"ListItem","position":1,"name":"Home","item":"https:\/\/bbn1.bbnradio.org\/spanish\/inicio\/"},{"@type":"ListItem","position":2,"name":"Quienes somos"}]},{"@type":"WebSite","@id":"https:\/\/bbn1.bbnradio.org\/spanish\/#website","url":"https:\/\/bbn1.bbnradio.org\/spanish\/","name":"BBN Spanish","description":"BBN","potentialAction":[{"@type":"SearchAction","target":{"@type":"EntryPoint","urlTemplate":"https:\/\/bbn1.bbnradio.org\/spanish\/?s={search_term_string}"},"query-input":{"@type":"PropertyValueSpecification","valueRequired":true,"valueName":"search_term_string"}}],"inLanguage":"es"}]}},"jetpack_sharing_enabled":true,"jetpack_shortlink":"https:\/\/wp.me\/P85nNm-140","_links":{"self":[{"href":"https:\/\/bbn1.bbnradio.org\/spanish\/wp-json\/wp\/v2\/pages\/4092","targetHints":{"allow":["GET"]}}],"collection":[{"href":"https:\/\/bbn1.bbnradio.org\/spanish\/wp-json\/wp\/v2\/pages"}],"about":[{"href":"https:\/\/bbn1.bbnradio.org\/spanish\/wp-json\/wp\/v2\/types\/page"}],"author":[{"embeddable":true,"href":"https:\/\/bbn1.bbnradio.org\/spanish\/wp-json\/wp\/v2\/users\/21"}],"replies":[{"embeddable":true,"href":"https:\/\/bbn1.bbnradio.org\/spanish\/wp-json\/wp\/v2\/comments?post=4092"}],"version-history":[{"count":3,"href":"https:\/\/bbn1.bbnradio.org\/spanish\/wp-json\/wp\/v2\/pages\/4092\/revisions"}],"predecessor-version":[{"id":15605,"href":"https:\/\/bbn1.bbnradio.org\/spanish\/wp-json\/wp\/v2\/pages\/4092\/revisions\/15605"}],"wp:featuredmedia":[{"embeddable":true,"href":"https:\/\/bbn1.bbnradio.org\/spanish\/wp-json\/wp\/v2\/media\/8338"}],"wp:attachment":[{"href":"https:\/\/bbn1.bbnradio.org\/spanish\/wp-json\/wp\/v2\/media?parent=4092"}],"wp:term":[{"taxonomy":"category","embeddable":true,"href":"https:\/\/bbn1.bbnradio.org\/spanish\/wp-json\/wp\/v2\/categories?post=4092"},{"taxonomy":"post_tag","embeddable":true,"href":"https:\/\/bbn1.bbnradio.org\/spanish\/wp-json\/wp\/v2\/tags?post=4092"}],"curies":[{"name":"wp","href":"https:\/\/api.w.org\/{rel}","templated":true}]}}