{"id":4918,"date":"2015-11-10T17:15:57","date_gmt":"2015-11-10T21:15:57","guid":{"rendered":"https:\/\/bbn1.bbnradio.org\/english\/?page_id=4918"},"modified":"2018-06-04T08:33:01","modified_gmt":"2018-06-04T13:33:01","slug":"para-creyentes-nuevos","status":"publish","type":"page","link":"https:\/\/bbn1.bbnradio.org\/spanish\/herramientas\/para-creyentes-nuevos\/","title":{"rendered":"Para creyentes nuevos"},"content":{"rendered":"\n<style type=\"text\/css\" data-created_by=\"avia_inline_auto\" id=\"style-css-av-av_image-69df2c8d11ad9e6a5df3a07caa5d92cc\">\n.avia-image-container.av-av_image-69df2c8d11ad9e6a5df3a07caa5d92cc img.avia_image{\nbox-shadow:none;\n}\n.avia-image-container.av-av_image-69df2c8d11ad9e6a5df3a07caa5d92cc .av-image-caption-overlay-center{\ncolor:#ffffff;\n}\n<\/style>\n<div  class='avia-image-container av-av_image-69df2c8d11ad9e6a5df3a07caa5d92cc av-styling- avia-align-center  avia-builder-el-0  el_before_av_textblock  avia-builder-el-first '   itemprop=\"image\" itemscope=\"itemscope\" itemtype=\"https:\/\/schema.org\/ImageObject\" ><div class=\"avia-image-container-inner\"><div class=\"avia-image-overlay-wrap\"><img decoding=\"async\" fetchpriority=\"high\" class='wp-image-8591 avia-img-lazy-loading-not-8591 avia_image ' src=\"https:\/\/i0.wp.com\/bbn1.bbnradio.org\/spanish\/wp-content\/uploads\/sites\/5\/2015\/11\/For-New-Believers.jpg?resize=845%2C321&ssl=1\" alt='For New Believers' title='For New Believers'  height=\"321\" width=\"845\"  itemprop=\"thumbnailUrl\"  \/><\/div><\/div><\/div>\n<section  class='av_textblock_section av-av_textblock-2de302bf1aa3cf4c9157dbe6f50ac7eb '   itemscope=\"itemscope\" itemtype=\"https:\/\/schema.org\/CreativeWork\" ><div class='avia_textblock'  itemprop=\"text\" ><p><span style=\"font-size: small\"><span style=\"font-family: Verdana\">Gracias por visitar BBN y tomar la mejor decisi\u00f3n de su vida: aceptar a Jesucristo como su Salvador personal.<\/span><\/span><\/p>\n<p><span style=\"font-size: small\"><span style=\"font-family: Verdana\"><b>SALVACION<\/b>\u00a0es una palabra b\u00edblica. \u201cPorque todo aquel que invocare el nombre del Se\u00f1or, ser\u00e1 salvo\u201d (Romanos 10:13). Lo siguiente le ayudar\u00e1 a entender mejor el significado de esta decisi\u00f3n.<\/span><\/span><\/p>\n<table id=\"table1\" border=\"0\" width=\"100%\" cellpadding=\"7\">\n<tbody>\n<tr>\n<td valign=\"top\"><b><span style=\"font-family: Verdana;font-size: x-large\">S<\/span><span style=\"font-family: Verdana;font-size: small\">alvaci\u00f3n<\/span><\/b><\/td>\n<td><span style=\"font-family: Verdana;font-size: small\">Una persona que se est\u00e1 ahogando grita: \u201cs\u00e1lvenme\u201d. Una persona que est\u00e1 en un edificio que se est\u00e1 quemando grita: \u201cs\u00e1lvenme\u201d. \u00bfPor qu\u00e9 necesito ser salvo? Porque todos somos pecadores. \u201cPor cuanto todos pecaron, y est\u00e1n destituidos de la Gloria de Dios\u201d (Romanos 3:23). Necesitamos a un Salvador. As\u00ed que cuando usted pidi\u00f3 que Jesucristo viniera a su vida, \u00e9l le salv\u00f3 del Infierno eterno.<\/span><\/td>\n<\/tr>\n<tr>\n<td valign=\"top\"><b><span style=\"font-family: Verdana;font-size: x-large\">S<\/span><span style=\"font-family: Verdana;font-size: small\">eguridad<\/span><\/b><\/td>\n<td><span style=\"font-family: Verdana;font-size: small\">\u00bfC\u00f3mo s\u00e9 que soy salvo? La salvaci\u00f3n no se basa en un sentimiento, aunque usted puede experimentar alegr\u00eda cuando sus pecados son perdonados y pasa a ser hijo de Dios. Su seguridad se basa en la Biblia, el libro de las promesas de Dios. Los sentimientos pueden cambiar, pero Su Palabra permanece para siempre. Cuando usted fue salvo, Dios toc\u00f3 la puerta de su coraz\u00f3n. Usted abri\u00f3 su coraz\u00f3n y lo invit\u00f3 a entrar. El vino a morar en forma del Esp\u00edritu Santo y estar\u00e1 con usted hasta que vaya al cielo. Lea 1\u00aa. Juan 5:11-13.<\/span><\/td>\n<\/tr>\n<tr>\n<td valign=\"top\"><b><span style=\"font-family: Verdana;font-size: x-large\">V<\/span><span style=\"font-family: Verdana;font-size: small\">ictoria<\/span><\/b><\/td>\n<td><span style=\"font-family: Verdana;font-size: small\">La victoria no significa que usted nunca pecar\u00e1 de nuevo. Sin embargo, si usted peca, Dios tiene una provisi\u00f3n para que usted obtenga perd\u00f3n. Cuando peca usted no pierde su salvaci\u00f3n, pero usted puede perder su comuni\u00f3n con Dios. Por ejemplo; cuando usted hizo algo malo cuando era ni\u00f1o, no dej\u00f3 de ser hijo de su padre; sin embargo, usted perdi\u00f3 su relaci\u00f3n con su padre hasta que usted confes\u00f3 su falta. Cu\u00e1ndo usted confes\u00f3, su relaci\u00f3n se restaur\u00f3. \u201cSi confesamos nuestros pecados, El (Dios) es fiel y justo para perdonar nuestros pecados y limpiarnos de toda maldad\u201d (1 Juan 1:9).<\/span><\/td>\n<\/tr>\n<tr>\n<td valign=\"top\"><b><span style=\"font-family: Verdana;font-size: x-large\">E<\/span><span style=\"font-family: Verdana;font-size: small\">dificar<\/span><\/b><\/td>\n<td><span style=\"font-family: Verdana;font-size: small\">\u00abEdificar\u00bb Es una palabra que significa reforzar y construir. Cuando usted lee diariamente la Biblia y memoriza los vers\u00edculos, usted crece espiritualmente. La Biblia es el alimento espiritual para el alma, como la comida lo es para el cuerpo. Jes\u00fas dijo, \u201c\u2026Yo soy el pan de vida, \u00e9l que a mi viene, nunca tendr\u00e1 hambre\u2026\u201d (Juan 6:35)<\/span><\/td>\n<\/tr>\n<tr>\n<td valign=\"top\"><b><span style=\"font-family: Verdana;font-size: x-large\">D<\/span><span style=\"font-family: Verdana;font-size: small\">irecci\u00f3n<\/span><\/b><\/td>\n<td><span style=\"font-family: Verdana;font-size: small\">Cu\u00e1ndo usted recibi\u00f3 a Cristo como su salvador, el Esp\u00edritu Santo vino a morar en usted. Es la tercera persona de la Trinidad. Es como esa \u201cvocecita\u201d en su conciencia que le hace sentir pena y dolor por su pecado. Cuando usted peca o hace algo malo, la Biblia dice que el esp\u00edritu es \u00abcontristado\u201d y le convence de pecado, pero cuando todo est\u00e1 correcto, trae paz. El es tambi\u00e9n su maestro, para guiarle a toda verdad y ayudarle a entender la Biblia. Aqu\u00ed est\u00e1n algunos vers\u00edculos para ayudarle: Salmos 23:2, 31:3 y 139:7-10.<\/span><\/td>\n<\/tr>\n<\/tbody>\n<\/table>\n<p><span style=\"font-family: Verdana;font-size: small\"><b>3 Cosas que Usted Debe Hacer<\/b><\/span><\/p>\n<ul>\n<li><span style=\"font-family: Verdana;font-size: small\"><b>Lea su Biblia diariamente.\u00a0<\/b>Esta es la manera c\u00f3mo Dios habla con usted.<\/span><\/li>\n<li><span style=\"font-family: Verdana;font-size: small\"><b>Ore todos los d\u00edas.<\/b>\u00a0Esto es hablar con Dios.<\/span><\/li>\n<li><span style=\"font-family: Verdana;font-size: small\"><b>Busque una buena iglesia donde se ense\u00f1e la Biblia y se predique la salvaci\u00f3n.\u00a0<\/b>La iglesia es el lugar donde usted se re\u00fane con otros cristianos para confraternizar y animarse en su nueva vida en Jesucristo.<\/span><\/li>\n<\/ul>\n<\/div><\/section>\n<!-- AddThis Advanced Settings generic via filter on the_content --><!-- AddThis Share Buttons generic via filter on the_content -->","protected":false},"excerpt":{"rendered":"<p><!-- AddThis Advanced Settings generic via filter on get_the_excerpt --><!-- AddThis Share Buttons generic via filter on get_the_excerpt --><\/p>\n","protected":false},"author":21,"featured_media":8591,"parent":4781,"menu_order":0,"comment_status":"closed","ping_status":"closed","template":"","meta":{"jetpack_post_was_ever_published":false,"footnotes":""},"categories":[],"tags":[],"class_list":["post-4918","page","type-page","status-publish","has-post-thumbnail","hentry"],"yoast_head":"<!-- This site is optimized with the Yoast SEO Premium plugin v24.8 (Yoast SEO v24.8.1) - https:\/\/yoast.com\/wordpress\/plugins\/seo\/ -->\n<title>Para creyentes nuevos - BBN<\/title>\n<meta name=\"robots\" content=\"index, follow, max-snippet:-1, max-image-preview:large, max-video-preview:-1\" \/>\n<link rel=\"canonical\" href=\"https:\/\/bbn1.bbnradio.org\/spanish\/herramientas\/para-creyentes-nuevos\/\" \/>\n<meta property=\"og:locale\" content=\"es_ES\" \/>\n<meta property=\"og:type\" content=\"article\" \/>\n<meta property=\"og:title\" content=\"Para creyentes nuevos -BBN\" \/>\n<meta property=\"og:description\" content=\"SALVACION\u00a0es una palabra b\u00edblica. \u201cPorque todo aquel que invocare el nombre del Se\u00f1or, ser\u00e1 salvo\u201d (Romanos 10:13). Lo siguiente le ayudar\u00e1 a entender mejor el significado de esta decisi\u00f3n. Salvaci\u00f3n Una persona que se est\u00e1 ahogando grita: \u201cs\u00e1lvenme\u201d. Una persona que est\u00e1 en un edificio que se est\u00e1 quemando grita: \u201cs\u00e1lvenme\u201d. \u00bfPor qu\u00e9 necesito ser salvo? Porque todos somos pecadores. \u201cPor cuanto todos pecaron, y est\u00e1n destituidos de la Gloria de Dios\u201d (Romanos 3:23). Necesitamos a un Salvador. As\u00ed que cuando usted pidi\u00f3 que Jesucristo viniera a su vida, \u00e9l le salv\u00f3 del Infierno eterno.\" \/>\n<meta property=\"og:url\" content=\"https:\/\/bbn1.bbnradio.org\/spanish\/herramientas\/para-creyentes-nuevos\/\" \/>\n<meta property=\"og:site_name\" content=\"BBN\" \/>\n<meta property=\"article:publisher\" content=\"https:\/\/www.facebook.com\/BBNEspanol\" \/>\n<meta property=\"article:modified_time\" content=\"2018-06-04T13:33:01+00:00\" \/>\n<meta name=\"twitter:card\" content=\"summary_large_image\" \/>\n<meta name=\"twitter:title\" content=\"Para creyentes nuevos -BBN\" \/>\n<meta name=\"twitter:description\" content=\"SALVACION\u00a0es una palabra b\u00edblica. \u201cPorque todo aquel que invocare el nombre del Se\u00f1or, ser\u00e1 salvo\u201d (Romanos 10:13). Lo siguiente le ayudar\u00e1 a entender mejor el significado de esta decisi\u00f3n. Salvaci\u00f3n Una persona que se est\u00e1 ahogando grita: \u201cs\u00e1lvenme\u201d. Una persona que est\u00e1 en un edificio que se est\u00e1 quemando grita: \u201cs\u00e1lvenme\u201d. \u00bfPor qu\u00e9 necesito ser salvo? Porque todos somos pecadores. \u201cPor cuanto todos pecaron, y est\u00e1n destituidos de la Gloria de Dios\u201d (Romanos 3:23). Necesitamos a un Salvador. As\u00ed que cuando usted pidi\u00f3 que Jesucristo viniera a su vida, \u00e9l le salv\u00f3 del Infierno eterno.\" \/>\n<meta name=\"twitter:image\" content=\"https:\/\/bbn1.bbnradio.org\/english\/wp-content\/uploads\/sites\/2\/2015\/11\/For-New-Believers.jpg\" \/>\n<meta name=\"twitter:site\" content=\"@BBNEspanol\" \/>\n<meta name=\"twitter:label1\" content=\"Tiempo de lectura\" \/>\n\t<meta name=\"twitter:data1\" content=\"3 minutos\" \/>\n<script type=\"application\/ld+json\" class=\"yoast-schema-graph\">{\"@context\":\"https:\/\/schema.org\",\"@graph\":[{\"@type\":\"WebPage\",\"@id\":\"https:\/\/bbn1.bbnradio.org\/spanish\/herramientas\/para-creyentes-nuevos\/\",\"url\":\"https:\/\/bbn1.bbnradio.org\/spanish\/herramientas\/para-creyentes-nuevos\/\",\"name\":\"Para creyentes nuevos - BBN\",\"isPartOf\":{\"@id\":\"https:\/\/bbn1.bbnradio.org\/spanish\/#website\"},\"primaryImageOfPage\":{\"@id\":\"https:\/\/bbn1.bbnradio.org\/spanish\/herramientas\/para-creyentes-nuevos\/#primaryimage\"},\"image\":{\"@id\":\"https:\/\/bbn1.bbnradio.org\/spanish\/herramientas\/para-creyentes-nuevos\/#primaryimage\"},\"thumbnailUrl\":\"https:\/\/i0.wp.com\/bbn1.bbnradio.org\/spanish\/wp-content\/uploads\/sites\/5\/2015\/11\/For-New-Believers.jpg?fit=1200%2C628&ssl=1\",\"datePublished\":\"2015-11-10T21:15:57+00:00\",\"dateModified\":\"2018-06-04T13:33:01+00:00\",\"breadcrumb\":{\"@id\":\"https:\/\/bbn1.bbnradio.org\/spanish\/herramientas\/para-creyentes-nuevos\/#breadcrumb\"},\"inLanguage\":\"es\",\"potentialAction\":[{\"@type\":\"ReadAction\",\"target\":[\"https:\/\/bbn1.bbnradio.org\/spanish\/herramientas\/para-creyentes-nuevos\/\"]}]},{\"@type\":\"ImageObject\",\"inLanguage\":\"es\",\"@id\":\"https:\/\/bbn1.bbnradio.org\/spanish\/herramientas\/para-creyentes-nuevos\/#primaryimage\",\"url\":\"https:\/\/i0.wp.com\/bbn1.bbnradio.org\/spanish\/wp-content\/uploads\/sites\/5\/2015\/11\/For-New-Believers.jpg?fit=1200%2C628&ssl=1\",\"contentUrl\":\"https:\/\/i0.wp.com\/bbn1.bbnradio.org\/spanish\/wp-content\/uploads\/sites\/5\/2015\/11\/For-New-Believers.jpg?fit=1200%2C628&ssl=1\",\"width\":1200,\"height\":628,\"caption\":\"For New Believers\"},{\"@type\":\"BreadcrumbList\",\"@id\":\"https:\/\/bbn1.bbnradio.org\/spanish\/herramientas\/para-creyentes-nuevos\/#breadcrumb\",\"itemListElement\":[{\"@type\":\"ListItem\",\"position\":1,\"name\":\"Home\",\"item\":\"https:\/\/bbn1.bbnradio.org\/spanish\/inicio\/\"},{\"@type\":\"ListItem\",\"position\":2,\"name\":\"Herramientas\",\"item\":\"https:\/\/bbn1.bbnradio.org\/spanish\/herramientas\/\"},{\"@type\":\"ListItem\",\"position\":3,\"name\":\"Para creyentes nuevos\"}]},{\"@type\":\"WebSite\",\"@id\":\"https:\/\/bbn1.bbnradio.org\/spanish\/#website\",\"url\":\"https:\/\/bbn1.bbnradio.org\/spanish\/\",\"name\":\"BBN Spanish\",\"description\":\"BBN\",\"potentialAction\":[{\"@type\":\"SearchAction\",\"target\":{\"@type\":\"EntryPoint\",\"urlTemplate\":\"https:\/\/bbn1.bbnradio.org\/spanish\/?s={search_term_string}\"},\"query-input\":{\"@type\":\"PropertyValueSpecification\",\"valueRequired\":true,\"valueName\":\"search_term_string\"}}],\"inLanguage\":\"es\"}]}<\/script>\n<!-- \/ Yoast SEO Premium plugin. -->","yoast_head_json":{"title":"Para creyentes nuevos - BBN","robots":{"index":"index","follow":"follow","max-snippet":"max-snippet:-1","max-image-preview":"max-image-preview:large","max-video-preview":"max-video-preview:-1"},"canonical":"https:\/\/bbn1.bbnradio.org\/spanish\/herramientas\/para-creyentes-nuevos\/","og_locale":"es_ES","og_type":"article","og_title":"Para creyentes nuevos -BBN","og_description":"SALVACION\u00a0es una palabra b\u00edblica. \u201cPorque todo aquel que invocare el nombre del Se\u00f1or, ser\u00e1 salvo\u201d (Romanos 10:13). Lo siguiente le ayudar\u00e1 a entender mejor el significado de esta decisi\u00f3n. Salvaci\u00f3n Una persona que se est\u00e1 ahogando grita: \u201cs\u00e1lvenme\u201d. Una persona que est\u00e1 en un edificio que se est\u00e1 quemando grita: \u201cs\u00e1lvenme\u201d. \u00bfPor qu\u00e9 necesito ser salvo? Porque todos somos pecadores. \u201cPor cuanto todos pecaron, y est\u00e1n destituidos de la Gloria de Dios\u201d (Romanos 3:23). Necesitamos a un Salvador. As\u00ed que cuando usted pidi\u00f3 que Jesucristo viniera a su vida, \u00e9l le salv\u00f3 del Infierno eterno.","og_url":"https:\/\/bbn1.bbnradio.org\/spanish\/herramientas\/para-creyentes-nuevos\/","og_site_name":"BBN","article_publisher":"https:\/\/www.facebook.com\/BBNEspanol","article_modified_time":"2018-06-04T13:33:01+00:00","twitter_card":"summary_large_image","twitter_title":"Para creyentes nuevos -BBN","twitter_description":"SALVACION\u00a0es una palabra b\u00edblica. \u201cPorque todo aquel que invocare el nombre del Se\u00f1or, ser\u00e1 salvo\u201d (Romanos 10:13). Lo siguiente le ayudar\u00e1 a entender mejor el significado de esta decisi\u00f3n. Salvaci\u00f3n Una persona que se est\u00e1 ahogando grita: \u201cs\u00e1lvenme\u201d. Una persona que est\u00e1 en un edificio que se est\u00e1 quemando grita: \u201cs\u00e1lvenme\u201d. \u00bfPor qu\u00e9 necesito ser salvo? Porque todos somos pecadores. \u201cPor cuanto todos pecaron, y est\u00e1n destituidos de la Gloria de Dios\u201d (Romanos 3:23). Necesitamos a un Salvador. As\u00ed que cuando usted pidi\u00f3 que Jesucristo viniera a su vida, \u00e9l le salv\u00f3 del Infierno eterno.","twitter_image":"https:\/\/bbn1.bbnradio.org\/english\/wp-content\/uploads\/sites\/2\/2015\/11\/For-New-Believers.jpg","twitter_site":"@BBNEspanol","twitter_misc":{"Tiempo de lectura":"3 minutos"},"schema":{"@context":"https:\/\/schema.org","@graph":[{"@type":"WebPage","@id":"https:\/\/bbn1.bbnradio.org\/spanish\/herramientas\/para-creyentes-nuevos\/","url":"https:\/\/bbn1.bbnradio.org\/spanish\/herramientas\/para-creyentes-nuevos\/","name":"Para creyentes nuevos - BBN","isPartOf":{"@id":"https:\/\/bbn1.bbnradio.org\/spanish\/#website"},"primaryImageOfPage":{"@id":"https:\/\/bbn1.bbnradio.org\/spanish\/herramientas\/para-creyentes-nuevos\/#primaryimage"},"image":{"@id":"https:\/\/bbn1.bbnradio.org\/spanish\/herramientas\/para-creyentes-nuevos\/#primaryimage"},"thumbnailUrl":"https:\/\/i0.wp.com\/bbn1.bbnradio.org\/spanish\/wp-content\/uploads\/sites\/5\/2015\/11\/For-New-Believers.jpg?fit=1200%2C628&ssl=1","datePublished":"2015-11-10T21:15:57+00:00","dateModified":"2018-06-04T13:33:01+00:00","breadcrumb":{"@id":"https:\/\/bbn1.bbnradio.org\/spanish\/herramientas\/para-creyentes-nuevos\/#breadcrumb"},"inLanguage":"es","potentialAction":[{"@type":"ReadAction","target":["https:\/\/bbn1.bbnradio.org\/spanish\/herramientas\/para-creyentes-nuevos\/"]}]},{"@type":"ImageObject","inLanguage":"es","@id":"https:\/\/bbn1.bbnradio.org\/spanish\/herramientas\/para-creyentes-nuevos\/#primaryimage","url":"https:\/\/i0.wp.com\/bbn1.bbnradio.org\/spanish\/wp-content\/uploads\/sites\/5\/2015\/11\/For-New-Believers.jpg?fit=1200%2C628&ssl=1","contentUrl":"https:\/\/i0.wp.com\/bbn1.bbnradio.org\/spanish\/wp-content\/uploads\/sites\/5\/2015\/11\/For-New-Believers.jpg?fit=1200%2C628&ssl=1","width":1200,"height":628,"caption":"For New Believers"},{"@type":"BreadcrumbList","@id":"https:\/\/bbn1.bbnradio.org\/spanish\/herramientas\/para-creyentes-nuevos\/#breadcrumb","itemListElement":[{"@type":"ListItem","position":1,"name":"Home","item":"https:\/\/bbn1.bbnradio.org\/spanish\/inicio\/"},{"@type":"ListItem","position":2,"name":"Herramientas","item":"https:\/\/bbn1.bbnradio.org\/spanish\/herramientas\/"},{"@type":"ListItem","position":3,"name":"Para creyentes nuevos"}]},{"@type":"WebSite","@id":"https:\/\/bbn1.bbnradio.org\/spanish\/#website","url":"https:\/\/bbn1.bbnradio.org\/spanish\/","name":"BBN Spanish","description":"BBN","potentialAction":[{"@type":"SearchAction","target":{"@type":"EntryPoint","urlTemplate":"https:\/\/bbn1.bbnradio.org\/spanish\/?s={search_term_string}"},"query-input":{"@type":"PropertyValueSpecification","valueRequired":true,"valueName":"search_term_string"}}],"inLanguage":"es"}]}},"jetpack_sharing_enabled":true,"jetpack_shortlink":"https:\/\/wp.me\/P85nNm-1hk","_links":{"self":[{"href":"https:\/\/bbn1.bbnradio.org\/spanish\/wp-json\/wp\/v2\/pages\/4918","targetHints":{"allow":["GET"]}}],"collection":[{"href":"https:\/\/bbn1.bbnradio.org\/spanish\/wp-json\/wp\/v2\/pages"}],"about":[{"href":"https:\/\/bbn1.bbnradio.org\/spanish\/wp-json\/wp\/v2\/types\/page"}],"author":[{"embeddable":true,"href":"https:\/\/bbn1.bbnradio.org\/spanish\/wp-json\/wp\/v2\/users\/21"}],"replies":[{"embeddable":true,"href":"https:\/\/bbn1.bbnradio.org\/spanish\/wp-json\/wp\/v2\/comments?post=4918"}],"version-history":[{"count":3,"href":"https:\/\/bbn1.bbnradio.org\/spanish\/wp-json\/wp\/v2\/pages\/4918\/revisions"}],"predecessor-version":[{"id":15010,"href":"https:\/\/bbn1.bbnradio.org\/spanish\/wp-json\/wp\/v2\/pages\/4918\/revisions\/15010"}],"up":[{"embeddable":true,"href":"https:\/\/bbn1.bbnradio.org\/spanish\/wp-json\/wp\/v2\/pages\/4781"}],"wp:featuredmedia":[{"embeddable":true,"href":"https:\/\/bbn1.bbnradio.org\/spanish\/wp-json\/wp\/v2\/media\/8591"}],"wp:attachment":[{"href":"https:\/\/bbn1.bbnradio.org\/spanish\/wp-json\/wp\/v2\/media?parent=4918"}],"wp:term":[{"taxonomy":"category","embeddable":true,"href":"https:\/\/bbn1.bbnradio.org\/spanish\/wp-json\/wp\/v2\/categories?post=4918"},{"taxonomy":"post_tag","embeddable":true,"href":"https:\/\/bbn1.bbnradio.org\/spanish\/wp-json\/wp\/v2\/tags?post=4918"}],"curies":[{"name":"wp","href":"https:\/\/api.w.org\/{rel}","templated":true}]}}