{"id":5207,"date":"2015-11-16T15:15:50","date_gmt":"2015-11-16T19:15:50","guid":{"rendered":"https:\/\/bbn1.bbnradio.org\/english\/?page_id=5207"},"modified":"2025-08-13T10:06:04","modified_gmt":"2025-08-13T15:06:04","slug":"escuchar-via-telefonica","status":"publish","type":"page","link":"https:\/\/bbn1.bbnradio.org\/spanish\/escuchar-via-telefonica\/","title":{"rendered":"Escuchar v\u00eda Telef\u00f3nica"},"content":{"rendered":"\n<style type=\"text\/css\" data-created_by=\"avia_inline_auto\" id=\"style-css-av-ervhkn-6ba2861b86e1b80508829688fcb000a5\">\n.flex_column.av-ervhkn-6ba2861b86e1b80508829688fcb000a5{\nborder-radius:0px 0px 0px 0px;\npadding:0px 0px 0px 0px;\n}\n<\/style>\n<div  class='flex_column av-ervhkn-6ba2861b86e1b80508829688fcb000a5 av_one_full  avia-builder-el-0  el_before_av_two_fifth  avia-builder-el-first  first flex_column_div av-zero-column-padding  '     ><p>\n<style type=\"text\/css\" data-created_by=\"avia_inline_auto\" id=\"style-css-av-cxoijb-85c4c792ea6aab8e6c1b8dab980a394b\">\n#top .av-special-heading.av-cxoijb-85c4c792ea6aab8e6c1b8dab980a394b{\npadding-bottom:10px;\n}\nbody .av-special-heading.av-cxoijb-85c4c792ea6aab8e6c1b8dab980a394b .av-special-heading-tag .heading-char{\nfont-size:25px;\n}\n.av-special-heading.av-cxoijb-85c4c792ea6aab8e6c1b8dab980a394b .av-subheading{\nfont-size:15px;\n}\n<\/style>\n<div  class='av-special-heading av-cxoijb-85c4c792ea6aab8e6c1b8dab980a394b av-special-heading-h3  avia-builder-el-1  el_before_av_textblock  avia-builder-el-first '><h3 class='av-special-heading-tag '  itemprop=\"headline\"  >En los EE.UU y el Caribe<\/h3><div class=\"special-heading-border\"><div class=\"special-heading-inner-border\"><\/div><\/div><\/div><br \/>\n<section  class='av_textblock_section av-a81urb-6be0a3d6734fe08a85e0a8551854772f '   itemscope=\"itemscope\" itemtype=\"https:\/\/schema.org\/CreativeWork\" ><div class='avia_textblock'  itemprop=\"text\" ><h2>(605) 313-0441<\/h2>\n<p>Este servicio funciona en los EE.UU, Bermuda, Anguilla, Antigua &amp; Barbuda, Bahamas, Barbados, Islas V\u00edrgenes , Islas Caim\u00e1n, Dominica, Rep\u00fablica Dominicana, Granada, Jamaica, Montserrat, Saint Marten, Saint Kitts &amp; Nevis, Santa Luc\u00eda, San Vicente y las Granadinas, Trinidad y Tobago, y en las Islas Turcas y Caicos.<\/p>\n<\/div><\/section><br \/>\n\n<style type=\"text\/css\" data-created_by=\"avia_inline_auto\" id=\"style-css-av-991ztj-4e8aff865577cf29be2e730b49d1b862\">\n#top .av-special-heading.av-991ztj-4e8aff865577cf29be2e730b49d1b862{\npadding-bottom:10px;\n}\nbody .av-special-heading.av-991ztj-4e8aff865577cf29be2e730b49d1b862 .av-special-heading-tag .heading-char{\nfont-size:25px;\n}\n.av-special-heading.av-991ztj-4e8aff865577cf29be2e730b49d1b862 .av-subheading{\nfont-size:15px;\n}\n<\/style>\n<div  class='av-special-heading av-991ztj-4e8aff865577cf29be2e730b49d1b862 av-special-heading-h3  avia-builder-el-3  el_after_av_textblock  el_before_av_textblock '><h3 class='av-special-heading-tag '  itemprop=\"headline\"  >En otros pa\u00edses<\/h3><div class=\"special-heading-border\"><div class=\"special-heading-inner-border\"><\/div><\/div><\/div><br \/>\n<section  class='av_textblock_section av-7w0qfr-107bfaab6addd59dfb8e054c93da7642 '   itemscope=\"itemscope\" itemtype=\"https:\/\/schema.org\/CreativeWork\" ><div class='avia_textblock'  itemprop=\"text\" ><div class=\"su-table su-table-alternate\"><\/p>\n<table>\n<tbody>\n<tr>\n<td>M\u00e9xico<\/td>\n<td>(899) 274- 6718<\/td>\n<\/tr>\n<\/tbody>\n<\/table>\n<p><\/div>\n<\/div><\/section><br \/>\n<section  class='av_textblock_section av-24ud3-b000fd51e94d7365128d12c1e754960e '   itemscope=\"itemscope\" itemtype=\"https:\/\/schema.org\/CreativeWork\" ><div class='avia_textblock'  itemprop=\"text\" ><p><b>Escuche BBN a trav\u00e9s de su tel\u00e9fono convencional<\/b><\/p>\n<p><span style=\"font-weight: 400;\">Si no tiene acceso a Internet pero posee en su tel\u00e9fono celular un plan de llamadas ilimitado, usted puede comenzar a escuchar BBN a trav\u00e9s de la opci\u00f3n \u201cEscuchar v\u00eda Telef\u00f3nica\u201d como si fuera una llamada telef\u00f3nica mas. Este servicio es proporcionado por la compa\u00f1\u00eda AudioNow.\u00a0<\/span><span style=\"font-weight: 400;\">Por favor tenga en cuenta que la calidad de sonido de nuestra programaci\u00f3n radial variar\u00e1 dependiendo del tel\u00e9fono que usted utiliza, y le mencionamos que esta opci\u00f3n es mayormente usada para escuchar predicaciones.<\/span><span style=\"font-weight: 400;\">\u00a0<\/span><strong>Por favor, estimado oyente, antes de comenzar a utilizar la opci\u00f3n de \u201cLlamar para Escuchar\u201d, verifique con su compa\u00f1\u00eda telef\u00f3nica que la llamada ser\u00e1 gratis para usted<\/strong><span style=\"font-weight: 400;\">. <\/span><\/p>\n<\/div><\/section><\/p><\/div>\n<style type=\"text\/css\" data-created_by=\"avia_inline_auto\" id=\"style-css-av-4enpav-76c1024913b3c396a359c6b822744c0f\">\n.flex_column.av-4enpav-76c1024913b3c396a359c6b822744c0f{\nborder-radius:0px 0px 0px 0px;\npadding:0px 0px 0px 0px;\n}\n<\/style>\n<div  class='flex_column av-4enpav-76c1024913b3c396a359c6b822744c0f av_two_fifth  avia-builder-el-6  el_after_av_one_full  avia-builder-el-last  first flex_column_div av-zero-column-padding  column-top-margin'     ><section  class='av_textblock_section av-2463fr-e54d31c79b5c2b7ee0caf2392be9dc97 '   itemscope=\"itemscope\" itemtype=\"https:\/\/schema.org\/CreativeWork\" ><div class='avia_textblock'  itemprop=\"text\" ><\/div><\/section><\/div>\n<!-- AddThis Advanced Settings generic via filter on the_content --><!-- AddThis Share Buttons generic via filter on the_content -->","protected":false},"excerpt":{"rendered":"<p><!-- AddThis Advanced Settings generic via filter on get_the_excerpt --><!-- AddThis Share Buttons generic via filter on get_the_excerpt --><\/p>\n","protected":false},"author":21,"featured_media":0,"parent":0,"menu_order":0,"comment_status":"closed","ping_status":"closed","template":"","meta":{"jetpack_post_was_ever_published":false,"footnotes":""},"categories":[],"tags":[],"class_list":["post-5207","page","type-page","status-publish","hentry"],"yoast_head":"<!-- This site is optimized with the Yoast SEO Premium plugin v24.8 (Yoast SEO v24.8.1) - https:\/\/yoast.com\/wordpress\/plugins\/seo\/ -->\n<title>Escuchar v\u00eda Telef\u00f3nica - BBN<\/title>\n<meta name=\"robots\" content=\"index, follow, max-snippet:-1, max-image-preview:large, max-video-preview:-1\" \/>\n<link rel=\"canonical\" href=\"https:\/\/bbn1.bbnradio.org\/spanish\/escuchar-via-telefonica\/\" \/>\n<meta property=\"og:locale\" content=\"es_ES\" \/>\n<meta property=\"og:type\" content=\"article\" \/>\n<meta property=\"og:title\" content=\"Escuchar v\u00eda telef\u00f3nica\" \/>\n<meta property=\"og:description\" content=\"Escuche BBN a trav\u00e9s de su tel\u00e9fono convencional Si no tiene acceso a Internet o posee en su tel\u00e9fono un plan de Internet limitado, usted puede comenzar a escuchar BBN a trav\u00e9s de la opci\u00f3n \u201cEscuchar v\u00eda Telef\u00f3nica\u201d proporcionada por la compa\u00f1\u00eda AudioNow. Le informamos que \u201cEscuchar v\u00eda Telef\u00f3nica\u201d fue dise\u00f1ada principalmente para aquellas personas que poseen un servicio de tel\u00e9fono m\u00f3vil o un tel\u00e9fono fijo con minutos ilimitados.\" \/>\n<meta property=\"og:url\" content=\"https:\/\/bbn1.bbnradio.org\/spanish\/escuchar-via-telefonica\/\" \/>\n<meta property=\"og:site_name\" content=\"BBN\" \/>\n<meta property=\"article:publisher\" content=\"https:\/\/www.facebook.com\/BBNEspanol\" \/>\n<meta property=\"article:modified_time\" content=\"2025-08-13T15:06:04+00:00\" \/>\n<meta name=\"twitter:card\" content=\"summary_large_image\" \/>\n<meta name=\"twitter:title\" content=\"Escuchar v\u00eda telef\u00f3nica\" \/>\n<meta name=\"twitter:description\" content=\"Escuche BBN a trav\u00e9s de su tel\u00e9fono convencional Si no tiene acceso a Internet o posee en su tel\u00e9fono un plan de Internet limitado, usted puede comenzar a escuchar BBN a trav\u00e9s de la opci\u00f3n \u201cEscuchar v\u00eda Telef\u00f3nica\u201d proporcionada por la compa\u00f1\u00eda AudioNow. Le informamos que \u201cEscuchar v\u00eda Telef\u00f3nica\u201d fue dise\u00f1ada principalmente para aquellas personas que poseen un servicio de tel\u00e9fono m\u00f3vil o un tel\u00e9fono fijo con minutos ilimitados.\" \/>\n<meta name=\"twitter:site\" content=\"@BBNEspanol\" \/>\n<meta name=\"twitter:label1\" content=\"Tiempo de lectura\" \/>\n\t<meta name=\"twitter:data1\" content=\"1 minuto\" \/>\n<script type=\"application\/ld+json\" class=\"yoast-schema-graph\">{\"@context\":\"https:\/\/schema.org\",\"@graph\":[{\"@type\":\"WebPage\",\"@id\":\"https:\/\/bbn1.bbnradio.org\/spanish\/escuchar-via-telefonica\/\",\"url\":\"https:\/\/bbn1.bbnradio.org\/spanish\/escuchar-via-telefonica\/\",\"name\":\"Escuchar v\u00eda Telef\u00f3nica - BBN\",\"isPartOf\":{\"@id\":\"https:\/\/bbn1.bbnradio.org\/spanish\/#website\"},\"datePublished\":\"2015-11-16T19:15:50+00:00\",\"dateModified\":\"2025-08-13T15:06:04+00:00\",\"breadcrumb\":{\"@id\":\"https:\/\/bbn1.bbnradio.org\/spanish\/escuchar-via-telefonica\/#breadcrumb\"},\"inLanguage\":\"es\",\"potentialAction\":[{\"@type\":\"ReadAction\",\"target\":[\"https:\/\/bbn1.bbnradio.org\/spanish\/escuchar-via-telefonica\/\"]}]},{\"@type\":\"BreadcrumbList\",\"@id\":\"https:\/\/bbn1.bbnradio.org\/spanish\/escuchar-via-telefonica\/#breadcrumb\",\"itemListElement\":[{\"@type\":\"ListItem\",\"position\":1,\"name\":\"Home\",\"item\":\"https:\/\/bbn1.bbnradio.org\/spanish\/inicio\/\"},{\"@type\":\"ListItem\",\"position\":2,\"name\":\"Escuchar v\u00eda Telef\u00f3nica\"}]},{\"@type\":\"WebSite\",\"@id\":\"https:\/\/bbn1.bbnradio.org\/spanish\/#website\",\"url\":\"https:\/\/bbn1.bbnradio.org\/spanish\/\",\"name\":\"BBN Spanish\",\"description\":\"BBN\",\"potentialAction\":[{\"@type\":\"SearchAction\",\"target\":{\"@type\":\"EntryPoint\",\"urlTemplate\":\"https:\/\/bbn1.bbnradio.org\/spanish\/?s={search_term_string}\"},\"query-input\":{\"@type\":\"PropertyValueSpecification\",\"valueRequired\":true,\"valueName\":\"search_term_string\"}}],\"inLanguage\":\"es\"}]}<\/script>\n<!-- \/ Yoast SEO Premium plugin. -->","yoast_head_json":{"title":"Escuchar v\u00eda Telef\u00f3nica - BBN","robots":{"index":"index","follow":"follow","max-snippet":"max-snippet:-1","max-image-preview":"max-image-preview:large","max-video-preview":"max-video-preview:-1"},"canonical":"https:\/\/bbn1.bbnradio.org\/spanish\/escuchar-via-telefonica\/","og_locale":"es_ES","og_type":"article","og_title":"Escuchar v\u00eda telef\u00f3nica","og_description":"Escuche BBN a trav\u00e9s de su tel\u00e9fono convencional Si no tiene acceso a Internet o posee en su tel\u00e9fono un plan de Internet limitado, usted puede comenzar a escuchar BBN a trav\u00e9s de la opci\u00f3n \u201cEscuchar v\u00eda Telef\u00f3nica\u201d proporcionada por la compa\u00f1\u00eda AudioNow. Le informamos que \u201cEscuchar v\u00eda Telef\u00f3nica\u201d fue dise\u00f1ada principalmente para aquellas personas que poseen un servicio de tel\u00e9fono m\u00f3vil o un tel\u00e9fono fijo con minutos ilimitados.","og_url":"https:\/\/bbn1.bbnradio.org\/spanish\/escuchar-via-telefonica\/","og_site_name":"BBN","article_publisher":"https:\/\/www.facebook.com\/BBNEspanol","article_modified_time":"2025-08-13T15:06:04+00:00","twitter_card":"summary_large_image","twitter_title":"Escuchar v\u00eda telef\u00f3nica","twitter_description":"Escuche BBN a trav\u00e9s de su tel\u00e9fono convencional Si no tiene acceso a Internet o posee en su tel\u00e9fono un plan de Internet limitado, usted puede comenzar a escuchar BBN a trav\u00e9s de la opci\u00f3n \u201cEscuchar v\u00eda Telef\u00f3nica\u201d proporcionada por la compa\u00f1\u00eda AudioNow. Le informamos que \u201cEscuchar v\u00eda Telef\u00f3nica\u201d fue dise\u00f1ada principalmente para aquellas personas que poseen un servicio de tel\u00e9fono m\u00f3vil o un tel\u00e9fono fijo con minutos ilimitados.","twitter_site":"@BBNEspanol","twitter_misc":{"Tiempo de lectura":"1 minuto"},"schema":{"@context":"https:\/\/schema.org","@graph":[{"@type":"WebPage","@id":"https:\/\/bbn1.bbnradio.org\/spanish\/escuchar-via-telefonica\/","url":"https:\/\/bbn1.bbnradio.org\/spanish\/escuchar-via-telefonica\/","name":"Escuchar v\u00eda Telef\u00f3nica - BBN","isPartOf":{"@id":"https:\/\/bbn1.bbnradio.org\/spanish\/#website"},"datePublished":"2015-11-16T19:15:50+00:00","dateModified":"2025-08-13T15:06:04+00:00","breadcrumb":{"@id":"https:\/\/bbn1.bbnradio.org\/spanish\/escuchar-via-telefonica\/#breadcrumb"},"inLanguage":"es","potentialAction":[{"@type":"ReadAction","target":["https:\/\/bbn1.bbnradio.org\/spanish\/escuchar-via-telefonica\/"]}]},{"@type":"BreadcrumbList","@id":"https:\/\/bbn1.bbnradio.org\/spanish\/escuchar-via-telefonica\/#breadcrumb","itemListElement":[{"@type":"ListItem","position":1,"name":"Home","item":"https:\/\/bbn1.bbnradio.org\/spanish\/inicio\/"},{"@type":"ListItem","position":2,"name":"Escuchar v\u00eda Telef\u00f3nica"}]},{"@type":"WebSite","@id":"https:\/\/bbn1.bbnradio.org\/spanish\/#website","url":"https:\/\/bbn1.bbnradio.org\/spanish\/","name":"BBN Spanish","description":"BBN","potentialAction":[{"@type":"SearchAction","target":{"@type":"EntryPoint","urlTemplate":"https:\/\/bbn1.bbnradio.org\/spanish\/?s={search_term_string}"},"query-input":{"@type":"PropertyValueSpecification","valueRequired":true,"valueName":"search_term_string"}}],"inLanguage":"es"}]}},"jetpack_sharing_enabled":true,"jetpack_shortlink":"https:\/\/wp.me\/P85nNm-1lZ","_links":{"self":[{"href":"https:\/\/bbn1.bbnradio.org\/spanish\/wp-json\/wp\/v2\/pages\/5207","targetHints":{"allow":["GET"]}}],"collection":[{"href":"https:\/\/bbn1.bbnradio.org\/spanish\/wp-json\/wp\/v2\/pages"}],"about":[{"href":"https:\/\/bbn1.bbnradio.org\/spanish\/wp-json\/wp\/v2\/types\/page"}],"author":[{"embeddable":true,"href":"https:\/\/bbn1.bbnradio.org\/spanish\/wp-json\/wp\/v2\/users\/21"}],"replies":[{"embeddable":true,"href":"https:\/\/bbn1.bbnradio.org\/spanish\/wp-json\/wp\/v2\/comments?post=5207"}],"version-history":[{"count":3,"href":"https:\/\/bbn1.bbnradio.org\/spanish\/wp-json\/wp\/v2\/pages\/5207\/revisions"}],"predecessor-version":[{"id":19815,"href":"https:\/\/bbn1.bbnradio.org\/spanish\/wp-json\/wp\/v2\/pages\/5207\/revisions\/19815"}],"wp:attachment":[{"href":"https:\/\/bbn1.bbnradio.org\/spanish\/wp-json\/wp\/v2\/media?parent=5207"}],"wp:term":[{"taxonomy":"category","embeddable":true,"href":"https:\/\/bbn1.bbnradio.org\/spanish\/wp-json\/wp\/v2\/categories?post=5207"},{"taxonomy":"post_tag","embeddable":true,"href":"https:\/\/bbn1.bbnradio.org\/spanish\/wp-json\/wp\/v2\/tags?post=5207"}],"curies":[{"name":"wp","href":"https:\/\/api.w.org\/{rel}","templated":true}]}}