{"id":5709,"date":"2016-01-25T13:56:12","date_gmt":"2016-01-25T17:56:12","guid":{"rendered":"https:\/\/bbn1.bbnradio.org\/english\/?page_id=5709"},"modified":"2019-05-29T10:32:11","modified_gmt":"2019-05-29T15:32:11","slug":"como-nos-financiamos","status":"publish","type":"page","link":"https:\/\/bbn1.bbnradio.org\/spanish\/quienes-somos\/como-nos-financiamos\/","title":{"rendered":"\u00bfC\u00f3mo nos financiamos?"},"content":{"rendered":"\n<style type=\"text\/css\" data-created_by=\"avia_inline_auto\" id=\"style-css-av-57t3gt-a465a1c114782faf0f720691b7852716\">\n.avia-image-container.av-57t3gt-a465a1c114782faf0f720691b7852716 img.avia_image{\nbox-shadow:none;\n}\n.avia-image-container.av-57t3gt-a465a1c114782faf0f720691b7852716 .av-image-caption-overlay-center{\ncolor:#ffffff;\n}\n<\/style>\n<div  class='avia-image-container av-57t3gt-a465a1c114782faf0f720691b7852716 av-styling- avia-align-center  avia-builder-el-0  el_before_av_textblock  avia-builder-el-first '   itemprop=\"image\" itemscope=\"itemscope\" itemtype=\"https:\/\/schema.org\/ImageObject\" ><div class=\"avia-image-container-inner\"><div class=\"avia-image-overlay-wrap\"><img decoding=\"async\" fetchpriority=\"high\" class='wp-image-15620 avia-img-lazy-loading-not-15620 avia_image ' src=\"https:\/\/i0.wp.com\/bbn1.bbnradio.org\/spanish\/wp-content\/uploads\/sites\/5\/2019\/01\/Donation-Spanish2.jpg?fit=1150%2C250&ssl=1\" alt='' title='Donation Spanish2'  height=\"250\" width=\"1150\"  itemprop=\"thumbnailUrl\"  \/><\/div><\/div><\/div>\n<section  class='av_textblock_section av-4js97h-e90f4e4f03cb04aab636285cea02aa6e '   itemscope=\"itemscope\" itemtype=\"https:\/\/schema.org\/CreativeWork\" ><div class='avia_textblock'  itemprop=\"text\" ><p>BBN es una organizaci\u00f3n sin fines de lucro sustentada completamente por sus oyentes. Nosotros no vendemos nada ni cobramos por segmentos de aire. No ofrecemos ning\u00fan tipo de artilugios ni promesas de riqueza o prosperidad personal, solo radio Cristiana las 24 horas.<br \/>\nCada a\u00f1o BBN lleva a cabo una Marat\u00f3n radial de tres d\u00edas para juntar los fondos necesarios para operar por un a\u00f1o. Durante la marat\u00f3n, nuestros oyentes se comunican con nosotros para hacer una promesa de fe, hasta que llegamos a la meta. Cuando llegamos a la meta, la marat\u00f3n se termina y regresamos a nuestra programaci\u00f3n habitual. Con un ministerio en v\u00edas de expansi\u00f3n, la carga financiera crece a\u00f1o tras a\u00f1o. \u00bfQue mejor manera de invertir puede haber que dar a un ministerio que da resultados y beneficios eternos?<br \/>\nEl principio que tenemos es simple y es b\u00edblico. Si ministramos al pueblo de Dios, el pueblo de Dios nos va a ministrar a nosotros. (G\u00e1latas 6:6).<\/p>\n<\/div><\/section>\n<div  class='avia-button-wrap av-30hatp-0b1f746311207205dab20d6284ca7b88-wrap avia-button-center  avia-builder-el-2  el_after_av_textblock  avia-builder-el-last '><a href='https://\/\/bbn1.bbnradio.org\/spanish\/donaciones\/?PHPSESSID=ryw9UsghY51V7vybd4jzWZ0L9xaQysf4'  class='avia-button av-30hatp-0b1f746311207205dab20d6284ca7b88 av-link-btn avia-icon_select-no avia-size-x-large avia-position-center avia-color-theme-color'   aria-label=\"Donar a BBN\"><span class='avia_iconbox_title' >Donar a BBN<\/span><\/a><\/div>\n<!-- AddThis Advanced Settings generic via filter on the_content --><!-- AddThis Share Buttons generic via filter on the_content -->","protected":false},"excerpt":{"rendered":"<p><!-- AddThis Advanced Settings generic via filter on get_the_excerpt --><!-- AddThis Share Buttons generic via filter on get_the_excerpt --><\/p>\n","protected":false},"author":21,"featured_media":8319,"parent":4092,"menu_order":0,"comment_status":"closed","ping_status":"closed","template":"","meta":{"jetpack_post_was_ever_published":false,"footnotes":""},"categories":[],"tags":[],"class_list":["post-5709","page","type-page","status-publish","has-post-thumbnail","hentry"],"yoast_head":"<!-- This site is optimized with the Yoast SEO Premium plugin v24.8 (Yoast SEO v24.8.1) - https:\/\/yoast.com\/wordpress\/plugins\/seo\/ -->\n<title>\u00bfC\u00f3mo nos financiamos? - BBN<\/title>\n<meta name=\"robots\" content=\"index, follow, max-snippet:-1, max-image-preview:large, max-video-preview:-1\" \/>\n<link rel=\"canonical\" href=\"https:\/\/bbn1.bbnradio.org\/spanish\/quienes-somos\/como-nos-financiamos\/\" \/>\n<meta property=\"og:locale\" content=\"es_ES\" \/>\n<meta property=\"og:type\" content=\"article\" \/>\n<meta property=\"og:title\" content=\"\u00bfC\u00f3mo nos financiamos?\" \/>\n<meta property=\"og:description\" content=\"BBN es una organizacion sin fines de lucro sustentada completamente por sus oyentes. Nosotros no vendemos nada ni cobramos por segmentos de aire. No ofrecemos ningun tipo de artilugios ni promesas de riqueza o prosperidad personal, solo radio Cristiana las 24 horas. Cada a\u00f1o BBN lleva a cabo una Marat\u00f3n radial de tres dias para juntar los fondos necesarios para operar por un a\u00f1o. Durante la marat\u00f3n, nuestros oyentes se comunican con nosotros para hacer una promesa de fe, hasta que llegamos a la meta. Cuando llegamos a la meta, la marat\u00f3n se termina y regresamos a nuestra programacion habitual. Con un ministerio en vias de expansi\u00f3n, la carga financiera crece a\u00f1o tras a\u00f1o. \u00bfQue mejor manera de invertir puede haber que dar a un ministerio que da resuiltados y beneficios eternos? El principio que tenemos es simple y es b\u00edblico. Si ministramos al pueblo de Dios, el pueblo de Dios nos va a ministrar a nosotros. (G\u00e1latas 6:6).\" \/>\n<meta property=\"og:url\" content=\"https:\/\/bbn1.bbnradio.org\/spanish\/quienes-somos\/como-nos-financiamos\/\" \/>\n<meta property=\"og:site_name\" content=\"BBN\" \/>\n<meta property=\"article:publisher\" content=\"https:\/\/www.facebook.com\/BBNEspanol\" \/>\n<meta property=\"article:modified_time\" content=\"2019-05-29T15:32:11+00:00\" \/>\n<meta name=\"twitter:card\" content=\"summary_large_image\" \/>\n<meta name=\"twitter:title\" content=\"\u00bfC\u00f3mo nos financiamos?\" \/>\n<meta name=\"twitter:description\" content=\"BBN es una organizacion sin fines de lucro sustentada completamente por sus oyentes. Nosotros no vendemos nada ni cobramos por segmentos de aire. No ofrecemos ningun tipo de artilugios ni promesas de riqueza o prosperidad personal, solo radio Cristiana las 24 horas. Cada a\u00f1o BBN lleva a cabo una Marat\u00f3n radial de tres dias para juntar los fondos necesarios para operar por un a\u00f1o. Durante la marat\u00f3n, nuestros oyentes se comunican con nosotros para hacer una promesa de fe, hasta que llegamos a la meta. Cuando llegamos a la meta, la marat\u00f3n se termina y regresamos a nuestra programacion habitual.\" \/>\n<meta name=\"twitter:image\" content=\"https:\/\/bbn1.bbnradio.org\/english\/wp-content\/uploads\/sites\/2\/2016\/08\/How-is-BBN-funded.jpg\" \/>\n<meta name=\"twitter:site\" content=\"@BBNEspanol\" \/>\n<meta name=\"twitter:label1\" content=\"Tiempo de lectura\" \/>\n\t<meta name=\"twitter:data1\" content=\"2 minutos\" \/>\n<script type=\"application\/ld+json\" class=\"yoast-schema-graph\">{\"@context\":\"https:\/\/schema.org\",\"@graph\":[{\"@type\":\"WebPage\",\"@id\":\"https:\/\/bbn1.bbnradio.org\/spanish\/quienes-somos\/como-nos-financiamos\/\",\"url\":\"https:\/\/bbn1.bbnradio.org\/spanish\/quienes-somos\/como-nos-financiamos\/\",\"name\":\"\u00bfC\u00f3mo nos financiamos? - BBN\",\"isPartOf\":{\"@id\":\"https:\/\/bbn1.bbnradio.org\/spanish\/#website\"},\"primaryImageOfPage\":{\"@id\":\"https:\/\/bbn1.bbnradio.org\/spanish\/quienes-somos\/como-nos-financiamos\/#primaryimage\"},\"image\":{\"@id\":\"https:\/\/bbn1.bbnradio.org\/spanish\/quienes-somos\/como-nos-financiamos\/#primaryimage\"},\"thumbnailUrl\":\"https:\/\/i0.wp.com\/bbn1.bbnradio.org\/spanish\/wp-content\/uploads\/sites\/5\/2016\/08\/How-is-BBN-funded.jpg?fit=1200%2C628&ssl=1\",\"datePublished\":\"2016-01-25T17:56:12+00:00\",\"dateModified\":\"2019-05-29T15:32:11+00:00\",\"breadcrumb\":{\"@id\":\"https:\/\/bbn1.bbnradio.org\/spanish\/quienes-somos\/como-nos-financiamos\/#breadcrumb\"},\"inLanguage\":\"es\",\"potentialAction\":[{\"@type\":\"ReadAction\",\"target\":[\"https:\/\/bbn1.bbnradio.org\/spanish\/quienes-somos\/como-nos-financiamos\/\"]}]},{\"@type\":\"ImageObject\",\"inLanguage\":\"es\",\"@id\":\"https:\/\/bbn1.bbnradio.org\/spanish\/quienes-somos\/como-nos-financiamos\/#primaryimage\",\"url\":\"https:\/\/i0.wp.com\/bbn1.bbnradio.org\/spanish\/wp-content\/uploads\/sites\/5\/2016\/08\/How-is-BBN-funded.jpg?fit=1200%2C628&ssl=1\",\"contentUrl\":\"https:\/\/i0.wp.com\/bbn1.bbnradio.org\/spanish\/wp-content\/uploads\/sites\/5\/2016\/08\/How-is-BBN-funded.jpg?fit=1200%2C628&ssl=1\",\"width\":1200,\"height\":628,\"caption\":\"How is BBN funded\"},{\"@type\":\"BreadcrumbList\",\"@id\":\"https:\/\/bbn1.bbnradio.org\/spanish\/quienes-somos\/como-nos-financiamos\/#breadcrumb\",\"itemListElement\":[{\"@type\":\"ListItem\",\"position\":1,\"name\":\"Home\",\"item\":\"https:\/\/bbn1.bbnradio.org\/spanish\/inicio\/\"},{\"@type\":\"ListItem\",\"position\":2,\"name\":\"Quienes somos\",\"item\":\"https:\/\/bbn1.bbnradio.org\/spanish\/quienes-somos\/\"},{\"@type\":\"ListItem\",\"position\":3,\"name\":\"\u00bfC\u00f3mo nos financiamos?\"}]},{\"@type\":\"WebSite\",\"@id\":\"https:\/\/bbn1.bbnradio.org\/spanish\/#website\",\"url\":\"https:\/\/bbn1.bbnradio.org\/spanish\/\",\"name\":\"BBN Spanish\",\"description\":\"BBN\",\"potentialAction\":[{\"@type\":\"SearchAction\",\"target\":{\"@type\":\"EntryPoint\",\"urlTemplate\":\"https:\/\/bbn1.bbnradio.org\/spanish\/?s={search_term_string}\"},\"query-input\":{\"@type\":\"PropertyValueSpecification\",\"valueRequired\":true,\"valueName\":\"search_term_string\"}}],\"inLanguage\":\"es\"}]}<\/script>\n<!-- \/ Yoast SEO Premium plugin. -->","yoast_head_json":{"title":"\u00bfC\u00f3mo nos financiamos? - BBN","robots":{"index":"index","follow":"follow","max-snippet":"max-snippet:-1","max-image-preview":"max-image-preview:large","max-video-preview":"max-video-preview:-1"},"canonical":"https:\/\/bbn1.bbnradio.org\/spanish\/quienes-somos\/como-nos-financiamos\/","og_locale":"es_ES","og_type":"article","og_title":"\u00bfC\u00f3mo nos financiamos?","og_description":"BBN es una organizacion sin fines de lucro sustentada completamente por sus oyentes. Nosotros no vendemos nada ni cobramos por segmentos de aire. No ofrecemos ningun tipo de artilugios ni promesas de riqueza o prosperidad personal, solo radio Cristiana las 24 horas. Cada a\u00f1o BBN lleva a cabo una Marat\u00f3n radial de tres dias para juntar los fondos necesarios para operar por un a\u00f1o. Durante la marat\u00f3n, nuestros oyentes se comunican con nosotros para hacer una promesa de fe, hasta que llegamos a la meta. Cuando llegamos a la meta, la marat\u00f3n se termina y regresamos a nuestra programacion habitual. Con un ministerio en vias de expansi\u00f3n, la carga financiera crece a\u00f1o tras a\u00f1o. \u00bfQue mejor manera de invertir puede haber que dar a un ministerio que da resuiltados y beneficios eternos? El principio que tenemos es simple y es b\u00edblico. Si ministramos al pueblo de Dios, el pueblo de Dios nos va a ministrar a nosotros. (G\u00e1latas 6:6).","og_url":"https:\/\/bbn1.bbnradio.org\/spanish\/quienes-somos\/como-nos-financiamos\/","og_site_name":"BBN","article_publisher":"https:\/\/www.facebook.com\/BBNEspanol","article_modified_time":"2019-05-29T15:32:11+00:00","twitter_card":"summary_large_image","twitter_title":"\u00bfC\u00f3mo nos financiamos?","twitter_description":"BBN es una organizacion sin fines de lucro sustentada completamente por sus oyentes. Nosotros no vendemos nada ni cobramos por segmentos de aire. No ofrecemos ningun tipo de artilugios ni promesas de riqueza o prosperidad personal, solo radio Cristiana las 24 horas. Cada a\u00f1o BBN lleva a cabo una Marat\u00f3n radial de tres dias para juntar los fondos necesarios para operar por un a\u00f1o. Durante la marat\u00f3n, nuestros oyentes se comunican con nosotros para hacer una promesa de fe, hasta que llegamos a la meta. Cuando llegamos a la meta, la marat\u00f3n se termina y regresamos a nuestra programacion habitual.","twitter_image":"https:\/\/bbn1.bbnradio.org\/english\/wp-content\/uploads\/sites\/2\/2016\/08\/How-is-BBN-funded.jpg","twitter_site":"@BBNEspanol","twitter_misc":{"Tiempo de lectura":"2 minutos"},"schema":{"@context":"https:\/\/schema.org","@graph":[{"@type":"WebPage","@id":"https:\/\/bbn1.bbnradio.org\/spanish\/quienes-somos\/como-nos-financiamos\/","url":"https:\/\/bbn1.bbnradio.org\/spanish\/quienes-somos\/como-nos-financiamos\/","name":"\u00bfC\u00f3mo nos financiamos? - BBN","isPartOf":{"@id":"https:\/\/bbn1.bbnradio.org\/spanish\/#website"},"primaryImageOfPage":{"@id":"https:\/\/bbn1.bbnradio.org\/spanish\/quienes-somos\/como-nos-financiamos\/#primaryimage"},"image":{"@id":"https:\/\/bbn1.bbnradio.org\/spanish\/quienes-somos\/como-nos-financiamos\/#primaryimage"},"thumbnailUrl":"https:\/\/i0.wp.com\/bbn1.bbnradio.org\/spanish\/wp-content\/uploads\/sites\/5\/2016\/08\/How-is-BBN-funded.jpg?fit=1200%2C628&ssl=1","datePublished":"2016-01-25T17:56:12+00:00","dateModified":"2019-05-29T15:32:11+00:00","breadcrumb":{"@id":"https:\/\/bbn1.bbnradio.org\/spanish\/quienes-somos\/como-nos-financiamos\/#breadcrumb"},"inLanguage":"es","potentialAction":[{"@type":"ReadAction","target":["https:\/\/bbn1.bbnradio.org\/spanish\/quienes-somos\/como-nos-financiamos\/"]}]},{"@type":"ImageObject","inLanguage":"es","@id":"https:\/\/bbn1.bbnradio.org\/spanish\/quienes-somos\/como-nos-financiamos\/#primaryimage","url":"https:\/\/i0.wp.com\/bbn1.bbnradio.org\/spanish\/wp-content\/uploads\/sites\/5\/2016\/08\/How-is-BBN-funded.jpg?fit=1200%2C628&ssl=1","contentUrl":"https:\/\/i0.wp.com\/bbn1.bbnradio.org\/spanish\/wp-content\/uploads\/sites\/5\/2016\/08\/How-is-BBN-funded.jpg?fit=1200%2C628&ssl=1","width":1200,"height":628,"caption":"How is BBN funded"},{"@type":"BreadcrumbList","@id":"https:\/\/bbn1.bbnradio.org\/spanish\/quienes-somos\/como-nos-financiamos\/#breadcrumb","itemListElement":[{"@type":"ListItem","position":1,"name":"Home","item":"https:\/\/bbn1.bbnradio.org\/spanish\/inicio\/"},{"@type":"ListItem","position":2,"name":"Quienes somos","item":"https:\/\/bbn1.bbnradio.org\/spanish\/quienes-somos\/"},{"@type":"ListItem","position":3,"name":"\u00bfC\u00f3mo nos financiamos?"}]},{"@type":"WebSite","@id":"https:\/\/bbn1.bbnradio.org\/spanish\/#website","url":"https:\/\/bbn1.bbnradio.org\/spanish\/","name":"BBN Spanish","description":"BBN","potentialAction":[{"@type":"SearchAction","target":{"@type":"EntryPoint","urlTemplate":"https:\/\/bbn1.bbnradio.org\/spanish\/?s={search_term_string}"},"query-input":{"@type":"PropertyValueSpecification","valueRequired":true,"valueName":"search_term_string"}}],"inLanguage":"es"}]}},"jetpack_sharing_enabled":true,"jetpack_shortlink":"https:\/\/wp.me\/P85nNm-1u5","_links":{"self":[{"href":"https:\/\/bbn1.bbnradio.org\/spanish\/wp-json\/wp\/v2\/pages\/5709","targetHints":{"allow":["GET"]}}],"collection":[{"href":"https:\/\/bbn1.bbnradio.org\/spanish\/wp-json\/wp\/v2\/pages"}],"about":[{"href":"https:\/\/bbn1.bbnradio.org\/spanish\/wp-json\/wp\/v2\/types\/page"}],"author":[{"embeddable":true,"href":"https:\/\/bbn1.bbnradio.org\/spanish\/wp-json\/wp\/v2\/users\/21"}],"replies":[{"embeddable":true,"href":"https:\/\/bbn1.bbnradio.org\/spanish\/wp-json\/wp\/v2\/comments?post=5709"}],"version-history":[{"count":3,"href":"https:\/\/bbn1.bbnradio.org\/spanish\/wp-json\/wp\/v2\/pages\/5709\/revisions"}],"predecessor-version":[{"id":15915,"href":"https:\/\/bbn1.bbnradio.org\/spanish\/wp-json\/wp\/v2\/pages\/5709\/revisions\/15915"}],"up":[{"embeddable":true,"href":"https:\/\/bbn1.bbnradio.org\/spanish\/wp-json\/wp\/v2\/pages\/4092"}],"wp:featuredmedia":[{"embeddable":true,"href":"https:\/\/bbn1.bbnradio.org\/spanish\/wp-json\/wp\/v2\/media\/8319"}],"wp:attachment":[{"href":"https:\/\/bbn1.bbnradio.org\/spanish\/wp-json\/wp\/v2\/media?parent=5709"}],"wp:term":[{"taxonomy":"category","embeddable":true,"href":"https:\/\/bbn1.bbnradio.org\/spanish\/wp-json\/wp\/v2\/categories?post=5709"},{"taxonomy":"post_tag","embeddable":true,"href":"https:\/\/bbn1.bbnradio.org\/spanish\/wp-json\/wp\/v2\/tags?post=5709"}],"curies":[{"name":"wp","href":"https:\/\/api.w.org\/{rel}","templated":true}]}}