{"id":5715,"date":"2016-01-26T12:38:46","date_gmt":"2016-01-26T16:38:46","guid":{"rendered":"https:\/\/bbn1.bbnradio.org\/english\/?page_id=5715"},"modified":"2019-01-18T10:09:34","modified_gmt":"2019-01-18T15:09:34","slug":"musica-y-programas","status":"publish","type":"page","link":"https:\/\/bbn1.bbnradio.org\/spanish\/quienes-somos\/musica-y-programas\/","title":{"rendered":"M\u00fasica y Programas"},"content":{"rendered":"\n<style type=\"text\/css\" data-created_by=\"avia_inline_auto\" id=\"style-css-av-fvlr5v-0de74a75aabeddba92c91af508240b42\">\n.avia-image-container.av-fvlr5v-0de74a75aabeddba92c91af508240b42 img.avia_image{\nbox-shadow:none;\n}\n.avia-image-container.av-fvlr5v-0de74a75aabeddba92c91af508240b42 .av-image-caption-overlay-center{\ncolor:#ffffff;\n}\n<\/style>\n<div  class='avia-image-container av-fvlr5v-0de74a75aabeddba92c91af508240b42 av-styling- avia-align-center  avia-builder-el-0  el_before_av_textblock  avia-builder-el-first '   itemprop=\"image\" itemscope=\"itemscope\" itemtype=\"https:\/\/schema.org\/ImageObject\" ><div class=\"avia-image-container-inner\"><div class=\"avia-image-overlay-wrap\"><img decoding=\"async\" fetchpriority=\"high\" class='wp-image-8317 avia-img-lazy-loading-not-8317 avia_image ' src=\"https:\/\/i0.wp.com\/bbn1.bbnradio.org\/spanish\/wp-content\/uploads\/sites\/5\/2016\/08\/Music-and-Programs.jpg?resize=845%2C321&ssl=1\" alt='Music and Programs' title='Music and Programs'  height=\"321\" width=\"845\"  itemprop=\"thumbnailUrl\"  \/><\/div><\/div><\/div>\n<section  class='av_textblock_section av-dpiyw3-377167f86855586108dfd20910d5fee6 '   itemscope=\"itemscope\" itemtype=\"https:\/\/schema.org\/CreativeWork\" ><div class='avia_textblock'  itemprop=\"text\" ><p><strong>Nuestra M\u00fasica<\/strong><br \/>\nNosotros creemos que la m\u00fasica es una parte muy importante del ministerio. De hecho, la m\u00fasica constituye la mitad de la programaci\u00f3n de la BBN. Nuestros programas est\u00e1n acompa\u00f1ados con m\u00fasica, para dar tiempo a que los mensajes impartidos por los maestros de la Biblia impacten los corazones y las mentes de cada oyente. En BBN usted encontrar\u00e1 que la m\u00fasica responde a las necesidades espirituales de nuestra audiencia, no a sus emociones. La colecci\u00f3n de m\u00fasica de BBN est\u00e1 compuesta por m\u00e1s de 5000 canciones que el Se\u00f1or nos suministr\u00f3 a trav\u00e9s de su providencia milagrosa, y diariamente a\u00f1adimos nuevas selecciones.<\/p>\n<p><strong>Nuestros programas<\/strong><br \/>\nCreemos que debido a nuestra vasta experiencia en el campo de la programaci\u00f3n hemos seleccionado a aquellos radiodifusores quienes sabemos se ganar\u00e1n y mantendr\u00e1n la atenci\u00f3n de una audiencia, usando ense\u00f1anzas b\u00edblicas de manera consistente. Ofrecemos tambi\u00e9n una variedad de programas breves, pensamientos para el d\u00eda, lecturas devocionales, y adem\u00e1s nuestros locutores le agregan su toque especial a la programaci\u00f3n con comentarios y porciones b\u00edblicas para proveerle a usted un d\u00eda de transmisi\u00f3n agradable. La variedad de la programaci\u00f3n de BBN incluye cada d\u00eda algo para todos: ofrecemos programas infantiles, cient\u00edficos, consejer\u00eda familiar, noticias, estudios b\u00edblicos con maestros de fama internacional, y mucho m\u00e1s en una programaci\u00f3n que le transformar\u00e1 a usted en un \u00abradioyente de por vida\u00bb. Algo importante a destacar es que la integridad es importante para BBN. Los maestros son conocidos y respetados mundialmente. Programas como A Trav\u00e9s de la Biblia, El Amor que Vale, Hora de Estudio B\u00edblico, La Biblia Dice, Sabidur\u00eda para el Coraz\u00f3n y otros, le a\u00f1aden credibilidad a nuestro ministerio.<\/p>\n<\/div><\/section>\n\n<style type=\"text\/css\" data-created_by=\"avia_inline_auto\" id=\"style-css-av-ck8rsz-f91905fed32361ebd18b4afa77fa4bc9\">\n#top .hr.hr-invisible.av-ck8rsz-f91905fed32361ebd18b4afa77fa4bc9{\nheight:20px;\n}\n<\/style>\n<div  class='hr av-ck8rsz-f91905fed32361ebd18b4afa77fa4bc9 hr-invisible  avia-builder-el-2  el_after_av_textblock  el_before_av_one_half '><span class='hr-inner '><span class=\"hr-inner-style\"><\/span><\/span><\/div>\n\n<style type=\"text\/css\" data-created_by=\"avia_inline_auto\" id=\"style-css-av-av8hg3-81a72012b44f2b0c792b95ff1667dd49\">\n#top .flex_column.av-av8hg3-81a72012b44f2b0c792b95ff1667dd49{\nmargin-top:0px;\nmargin-bottom:0px;\n}\n.flex_column.av-av8hg3-81a72012b44f2b0c792b95ff1667dd49{\nborder-radius:0px 0px 0px 0px;\npadding:0px 0px 0px 0px;\n}\n.responsive #top #wrap_all .flex_column.av-av8hg3-81a72012b44f2b0c792b95ff1667dd49{\nmargin-top:0px;\nmargin-bottom:0px;\n}\n<\/style>\n<div  class='flex_column av-av8hg3-81a72012b44f2b0c792b95ff1667dd49 av_one_half  avia-builder-el-3  el_after_av_hr  el_before_av_one_half  first flex_column_div av-zero-column-padding  '     ><style type=\"text\/css\" data-created_by=\"avia_inline_auto\" id=\"style-css-av-9n79jn-f5028e5fe417a67d44b4e5fe81eec9cd\">\n#top .avia-icon-list-container.av-9n79jn-f5028e5fe417a67d44b4e5fe81eec9cd .iconlist_icon{\ncolor:#003800;\nbackground-color:#ffffff;\nborder:1px solid #003800;\n}\n#top .avia-icon-list-container.av-9n79jn-f5028e5fe417a67d44b4e5fe81eec9cd .iconlist_icon svg:first-child{\nstroke:#003800;\nfill:#003800;\n}\n<\/style>\n<div  class='avia-icon-list-container av-9n79jn-f5028e5fe417a67d44b4e5fe81eec9cd  avia-builder-el-4  avia-builder-el-no-sibling '><ul class='avia-icon-list avia_animate_when_almost_visible avia-icon-list-left av-iconlist-big av-9n79jn-f5028e5fe417a67d44b4e5fe81eec9cd avia-iconlist-animate'>\n<li><a href='https://\/\/bbn1.bbnradio.org\/spanish\/escuche-bbn\/?PHPSESSID=reuVVZuO08sUVCm9gkZqYNiV3czE2SA4' title='Escuche en vivo'  class='iconlist_icon av-av_iconlist_item-c5b5f0d76dc37914df5ef5a8550d5a65 avia-font-entypo-fontello avia-iconfont avia-font-entypo-fontello'><span class='av-icon-char' data-av_icon='\ue897' data-av_iconfont='entypo-fontello' aria-hidden=\"true\"><\/span><\/a><article class=\"article-icon-entry \"  itemscope=\"itemscope\" itemtype=\"https:\/\/schema.org\/CreativeWork\" ><div class=\"iconlist_content_wrap\"><header class=\"entry-content-header\" aria-label=\"Icon: &lt;a href=&#039;https:\/\/bbn1.bbnradio.org\/spanish\/escuche-bbn\/&#039; title=&#039;Escuche en vivo&#039;&gt;Escuche en vivo&lt;\/a&gt;\"><h4 class='av_iconlist_title iconlist_title  '  itemprop=\"headline\" ><a href='https://\/\/bbn1.bbnradio.org\/spanish\/escuche-bbn\/?PHPSESSID=reuVVZuO08sUVCm9gkZqYNiV3czE2SA4' title='Escuche en vivo'>Escuche en vivo<\/a><\/h4><\/header><div class='iconlist_content '  itemprop=\"text\" ><div style=\"text-align: left;\"><div class=\"su-spacer\" style=\"height:15px\"><\/div><\/div>\n<div style=\"text-align: left;\"><strong>Now Playing:<\/strong><\/div>\n<div style=\"text-align: left;\"><span id=\"BBN_now_playing\"><\/span><\/div>\n<\/div><\/div><footer class=\"entry-footer\"><\/footer><\/article><div class=\"iconlist-timeline\"><\/div><\/li>\n<\/ul><\/div><\/div>\n<style type=\"text\/css\" data-created_by=\"avia_inline_auto\" id=\"style-css-av-5qde43-8ac145ccb741bca335f5b5be726b3360\">\n#top .flex_column.av-5qde43-8ac145ccb741bca335f5b5be726b3360{\nmargin-top:0px;\nmargin-bottom:0px;\n}\n.flex_column.av-5qde43-8ac145ccb741bca335f5b5be726b3360{\nborder-radius:0px 0px 0px 0px;\npadding:0px 0px 0px 0px;\n}\n.responsive #top #wrap_all .flex_column.av-5qde43-8ac145ccb741bca335f5b5be726b3360{\nmargin-top:0px;\nmargin-bottom:0px;\n}\n<\/style>\n<div  class='flex_column av-5qde43-8ac145ccb741bca335f5b5be726b3360 av_one_half  avia-builder-el-5  el_after_av_one_half  avia-builder-el-last  flex_column_div av-zero-column-padding  '     ><style type=\"text\/css\" data-created_by=\"avia_inline_auto\" id=\"style-css-av-4t7z5f-99ada58a0ca4c0ecaca9fe8f7830dc6a\">\n#top .avia-icon-list-container.av-4t7z5f-99ada58a0ca4c0ecaca9fe8f7830dc6a .iconlist_icon{\ncolor:#003800;\nbackground-color:#ffffff;\nborder:1px solid #003800;\n}\n#top .avia-icon-list-container.av-4t7z5f-99ada58a0ca4c0ecaca9fe8f7830dc6a .iconlist_icon svg:first-child{\nstroke:#003800;\nfill:#003800;\n}\n<\/style>\n<div  class='avia-icon-list-container av-4t7z5f-99ada58a0ca4c0ecaca9fe8f7830dc6a  avia-builder-el-6  avia-builder-el-no-sibling '><ul class='avia-icon-list avia_animate_when_almost_visible avia-icon-list-left av-iconlist-big av-4t7z5f-99ada58a0ca4c0ecaca9fe8f7830dc6a avia-iconlist-animate'>\n<li><a href='https://\/\/bbn1.bbnradio.org\/spanish\/inicio\/nuestros-programas\/?PHPSESSID=reuVVZuO08sUVCm9gkZqYNiV3czE2SA4' title='Programas'  class='iconlist_icon av-2d36gz-355b44e207b5d195986a803a1c08561d avia-font-entypo-fontello avia-iconfont avia-font-entypo-fontello'><span class='av-icon-char' data-av_icon='\ue84b' data-av_iconfont='entypo-fontello' aria-hidden=\"true\"><\/span><\/a><article class=\"article-icon-entry \"  itemscope=\"itemscope\" itemtype=\"https:\/\/schema.org\/CreativeWork\" ><div class=\"iconlist_content_wrap\"><header class=\"entry-content-header\" aria-label=\"Icon: &lt;a href=&#039;https:\/\/bbn1.bbnradio.org\/spanish\/inicio\/nuestros-programas\/&#039; title=&#039;Programas&#039;&gt;Programas&lt;\/a&gt;\"><h4 class='av_iconlist_title iconlist_title  '  itemprop=\"headline\" ><a href='https://\/\/bbn1.bbnradio.org\/spanish\/inicio\/nuestros-programas\/?PHPSESSID=reuVVZuO08sUVCm9gkZqYNiV3czE2SA4' title='Programas'>Programas<\/a><\/h4><\/header><div class='iconlist_content '  itemprop=\"text\" ><p>Una lista de todos nuestros programas<\/p>\n<\/div><\/div><footer class=\"entry-footer\"><\/footer><\/article><div class=\"iconlist-timeline\"><\/div><\/li>\n<\/ul><\/div><\/div>\n<!-- AddThis Advanced Settings generic via filter on the_content --><!-- AddThis Share Buttons generic via filter on the_content -->","protected":false},"excerpt":{"rendered":"<p><!-- AddThis Advanced Settings generic via filter on get_the_excerpt --><!-- AddThis Share Buttons generic via filter on get_the_excerpt --><\/p>\n","protected":false},"author":21,"featured_media":8317,"parent":4092,"menu_order":0,"comment_status":"closed","ping_status":"closed","template":"","meta":{"jetpack_post_was_ever_published":false,"footnotes":""},"categories":[],"tags":[],"class_list":["post-5715","page","type-page","status-publish","has-post-thumbnail","hentry"],"yoast_head":"<!-- This site is optimized with the Yoast SEO Premium plugin v24.8 (Yoast SEO v24.8.1) - https:\/\/yoast.com\/wordpress\/plugins\/seo\/ -->\n<title>M\u00fasica y Programas - BBN<\/title>\n<meta name=\"robots\" content=\"index, follow, max-snippet:-1, max-image-preview:large, max-video-preview:-1\" \/>\n<link rel=\"canonical\" href=\"https:\/\/bbn1.bbnradio.org\/spanish\/quienes-somos\/musica-y-programas\/\" \/>\n<meta property=\"og:locale\" content=\"es_ES\" \/>\n<meta property=\"og:type\" content=\"article\" \/>\n<meta property=\"og:title\" content=\"M\u00fasica y Programas de BBN\" \/>\n<meta property=\"og:description\" content=\"Nuestra M\u00fasica Nosotros creemos que la m\u00fasica es una parte muy importante del ministerio. De hecho, la m\u00fasica constituye la mitad de la programaci\u00f3n de la BBN. Nuestros programas est\u00e1n acompa\u00f1ados con m\u00fasica, para dar tiempo a que los mensajes impartidos por los maestros de la Biblia impacten los corazones y las mentes de cada oyente. En BBN usted encontrar\u00e1 que la m\u00fasica responde a las necesidades espirituales de nuestra audiencia, no a sus emociones. La colecci\u00f3n de m\u00fasica de BBN est\u00e1 compuesta por m\u00e1s de 5000 canciones que el Se\u00f1or nos suministr\u00f3 a trav\u00e9s de su providencia milagrosa, y diariamente a\u00f1adimos nuevas selecciones.\" \/>\n<meta property=\"og:url\" content=\"https:\/\/bbn1.bbnradio.org\/spanish\/quienes-somos\/musica-y-programas\/\" \/>\n<meta property=\"og:site_name\" content=\"BBN\" \/>\n<meta property=\"article:publisher\" content=\"https:\/\/www.facebook.com\/BBNEspanol\" \/>\n<meta property=\"article:modified_time\" content=\"2019-01-18T15:09:34+00:00\" \/>\n<meta name=\"twitter:card\" content=\"summary_large_image\" \/>\n<meta name=\"twitter:title\" content=\"M\u00fasica y Programas de BBN\" \/>\n<meta name=\"twitter:description\" content=\"Nuestra M\u00fasica Nosotros creemos que la m\u00fasica es una parte muy importante del ministerio. De hecho, la m\u00fasica constituye la mitad de la programaci\u00f3n de la BBN. Nuestros programas est\u00e1n acompa\u00f1ados con m\u00fasica, para dar tiempo a que los mensajes impartidos por los maestros de la Biblia impacten los corazones y las mentes de cada oyente. En BBN usted encontrar\u00e1 que la m\u00fasica responde a las necesidades espirituales de nuestra audiencia, no a sus emociones. La colecci\u00f3n de m\u00fasica de BBN est\u00e1 compuesta por m\u00e1s de 5000 canciones que el Se\u00f1or nos suministr\u00f3 a trav\u00e9s de su providencia milagrosa, y diariamente a\u00f1adimos nuevas selecciones.\" \/>\n<meta name=\"twitter:image\" content=\"https:\/\/bbn1.bbnradio.org\/english\/wp-content\/uploads\/sites\/2\/2016\/08\/Music-and-Programs.jpg\" \/>\n<meta name=\"twitter:site\" content=\"@BBNEspanol\" \/>\n<meta name=\"twitter:label1\" content=\"Tiempo de lectura\" \/>\n\t<meta name=\"twitter:data1\" content=\"4 minutos\" \/>\n<script type=\"application\/ld+json\" class=\"yoast-schema-graph\">{\"@context\":\"https:\/\/schema.org\",\"@graph\":[{\"@type\":\"WebPage\",\"@id\":\"https:\/\/bbn1.bbnradio.org\/spanish\/quienes-somos\/musica-y-programas\/\",\"url\":\"https:\/\/bbn1.bbnradio.org\/spanish\/quienes-somos\/musica-y-programas\/\",\"name\":\"M\u00fasica y Programas - BBN\",\"isPartOf\":{\"@id\":\"https:\/\/bbn1.bbnradio.org\/spanish\/#website\"},\"primaryImageOfPage\":{\"@id\":\"https:\/\/bbn1.bbnradio.org\/spanish\/quienes-somos\/musica-y-programas\/#primaryimage\"},\"image\":{\"@id\":\"https:\/\/bbn1.bbnradio.org\/spanish\/quienes-somos\/musica-y-programas\/#primaryimage\"},\"thumbnailUrl\":\"https:\/\/i0.wp.com\/bbn1.bbnradio.org\/spanish\/wp-content\/uploads\/sites\/5\/2016\/08\/Music-and-Programs.jpg?fit=1200%2C628&ssl=1\",\"datePublished\":\"2016-01-26T16:38:46+00:00\",\"dateModified\":\"2019-01-18T15:09:34+00:00\",\"breadcrumb\":{\"@id\":\"https:\/\/bbn1.bbnradio.org\/spanish\/quienes-somos\/musica-y-programas\/#breadcrumb\"},\"inLanguage\":\"es\",\"potentialAction\":[{\"@type\":\"ReadAction\",\"target\":[\"https:\/\/bbn1.bbnradio.org\/spanish\/quienes-somos\/musica-y-programas\/\"]}]},{\"@type\":\"ImageObject\",\"inLanguage\":\"es\",\"@id\":\"https:\/\/bbn1.bbnradio.org\/spanish\/quienes-somos\/musica-y-programas\/#primaryimage\",\"url\":\"https:\/\/i0.wp.com\/bbn1.bbnradio.org\/spanish\/wp-content\/uploads\/sites\/5\/2016\/08\/Music-and-Programs.jpg?fit=1200%2C628&ssl=1\",\"contentUrl\":\"https:\/\/i0.wp.com\/bbn1.bbnradio.org\/spanish\/wp-content\/uploads\/sites\/5\/2016\/08\/Music-and-Programs.jpg?fit=1200%2C628&ssl=1\",\"width\":1200,\"height\":628,\"caption\":\"Music and Programs\"},{\"@type\":\"BreadcrumbList\",\"@id\":\"https:\/\/bbn1.bbnradio.org\/spanish\/quienes-somos\/musica-y-programas\/#breadcrumb\",\"itemListElement\":[{\"@type\":\"ListItem\",\"position\":1,\"name\":\"Home\",\"item\":\"https:\/\/bbn1.bbnradio.org\/spanish\/inicio\/\"},{\"@type\":\"ListItem\",\"position\":2,\"name\":\"Quienes somos\",\"item\":\"https:\/\/bbn1.bbnradio.org\/spanish\/quienes-somos\/\"},{\"@type\":\"ListItem\",\"position\":3,\"name\":\"M\u00fasica y Programas\"}]},{\"@type\":\"WebSite\",\"@id\":\"https:\/\/bbn1.bbnradio.org\/spanish\/#website\",\"url\":\"https:\/\/bbn1.bbnradio.org\/spanish\/\",\"name\":\"BBN Spanish\",\"description\":\"BBN\",\"potentialAction\":[{\"@type\":\"SearchAction\",\"target\":{\"@type\":\"EntryPoint\",\"urlTemplate\":\"https:\/\/bbn1.bbnradio.org\/spanish\/?s={search_term_string}\"},\"query-input\":{\"@type\":\"PropertyValueSpecification\",\"valueRequired\":true,\"valueName\":\"search_term_string\"}}],\"inLanguage\":\"es\"}]}<\/script>\n<!-- \/ Yoast SEO Premium plugin. -->","yoast_head_json":{"title":"M\u00fasica y Programas - BBN","robots":{"index":"index","follow":"follow","max-snippet":"max-snippet:-1","max-image-preview":"max-image-preview:large","max-video-preview":"max-video-preview:-1"},"canonical":"https:\/\/bbn1.bbnradio.org\/spanish\/quienes-somos\/musica-y-programas\/","og_locale":"es_ES","og_type":"article","og_title":"M\u00fasica y Programas de BBN","og_description":"Nuestra M\u00fasica Nosotros creemos que la m\u00fasica es una parte muy importante del ministerio. De hecho, la m\u00fasica constituye la mitad de la programaci\u00f3n de la BBN. Nuestros programas est\u00e1n acompa\u00f1ados con m\u00fasica, para dar tiempo a que los mensajes impartidos por los maestros de la Biblia impacten los corazones y las mentes de cada oyente. En BBN usted encontrar\u00e1 que la m\u00fasica responde a las necesidades espirituales de nuestra audiencia, no a sus emociones. La colecci\u00f3n de m\u00fasica de BBN est\u00e1 compuesta por m\u00e1s de 5000 canciones que el Se\u00f1or nos suministr\u00f3 a trav\u00e9s de su providencia milagrosa, y diariamente a\u00f1adimos nuevas selecciones.","og_url":"https:\/\/bbn1.bbnradio.org\/spanish\/quienes-somos\/musica-y-programas\/","og_site_name":"BBN","article_publisher":"https:\/\/www.facebook.com\/BBNEspanol","article_modified_time":"2019-01-18T15:09:34+00:00","twitter_card":"summary_large_image","twitter_title":"M\u00fasica y Programas de BBN","twitter_description":"Nuestra M\u00fasica Nosotros creemos que la m\u00fasica es una parte muy importante del ministerio. De hecho, la m\u00fasica constituye la mitad de la programaci\u00f3n de la BBN. Nuestros programas est\u00e1n acompa\u00f1ados con m\u00fasica, para dar tiempo a que los mensajes impartidos por los maestros de la Biblia impacten los corazones y las mentes de cada oyente. En BBN usted encontrar\u00e1 que la m\u00fasica responde a las necesidades espirituales de nuestra audiencia, no a sus emociones. La colecci\u00f3n de m\u00fasica de BBN est\u00e1 compuesta por m\u00e1s de 5000 canciones que el Se\u00f1or nos suministr\u00f3 a trav\u00e9s de su providencia milagrosa, y diariamente a\u00f1adimos nuevas selecciones.","twitter_image":"https:\/\/bbn1.bbnradio.org\/english\/wp-content\/uploads\/sites\/2\/2016\/08\/Music-and-Programs.jpg","twitter_site":"@BBNEspanol","twitter_misc":{"Tiempo de lectura":"4 minutos"},"schema":{"@context":"https:\/\/schema.org","@graph":[{"@type":"WebPage","@id":"https:\/\/bbn1.bbnradio.org\/spanish\/quienes-somos\/musica-y-programas\/","url":"https:\/\/bbn1.bbnradio.org\/spanish\/quienes-somos\/musica-y-programas\/","name":"M\u00fasica y Programas - BBN","isPartOf":{"@id":"https:\/\/bbn1.bbnradio.org\/spanish\/#website"},"primaryImageOfPage":{"@id":"https:\/\/bbn1.bbnradio.org\/spanish\/quienes-somos\/musica-y-programas\/#primaryimage"},"image":{"@id":"https:\/\/bbn1.bbnradio.org\/spanish\/quienes-somos\/musica-y-programas\/#primaryimage"},"thumbnailUrl":"https:\/\/i0.wp.com\/bbn1.bbnradio.org\/spanish\/wp-content\/uploads\/sites\/5\/2016\/08\/Music-and-Programs.jpg?fit=1200%2C628&ssl=1","datePublished":"2016-01-26T16:38:46+00:00","dateModified":"2019-01-18T15:09:34+00:00","breadcrumb":{"@id":"https:\/\/bbn1.bbnradio.org\/spanish\/quienes-somos\/musica-y-programas\/#breadcrumb"},"inLanguage":"es","potentialAction":[{"@type":"ReadAction","target":["https:\/\/bbn1.bbnradio.org\/spanish\/quienes-somos\/musica-y-programas\/"]}]},{"@type":"ImageObject","inLanguage":"es","@id":"https:\/\/bbn1.bbnradio.org\/spanish\/quienes-somos\/musica-y-programas\/#primaryimage","url":"https:\/\/i0.wp.com\/bbn1.bbnradio.org\/spanish\/wp-content\/uploads\/sites\/5\/2016\/08\/Music-and-Programs.jpg?fit=1200%2C628&ssl=1","contentUrl":"https:\/\/i0.wp.com\/bbn1.bbnradio.org\/spanish\/wp-content\/uploads\/sites\/5\/2016\/08\/Music-and-Programs.jpg?fit=1200%2C628&ssl=1","width":1200,"height":628,"caption":"Music and Programs"},{"@type":"BreadcrumbList","@id":"https:\/\/bbn1.bbnradio.org\/spanish\/quienes-somos\/musica-y-programas\/#breadcrumb","itemListElement":[{"@type":"ListItem","position":1,"name":"Home","item":"https:\/\/bbn1.bbnradio.org\/spanish\/inicio\/"},{"@type":"ListItem","position":2,"name":"Quienes somos","item":"https:\/\/bbn1.bbnradio.org\/spanish\/quienes-somos\/"},{"@type":"ListItem","position":3,"name":"M\u00fasica y Programas"}]},{"@type":"WebSite","@id":"https:\/\/bbn1.bbnradio.org\/spanish\/#website","url":"https:\/\/bbn1.bbnradio.org\/spanish\/","name":"BBN Spanish","description":"BBN","potentialAction":[{"@type":"SearchAction","target":{"@type":"EntryPoint","urlTemplate":"https:\/\/bbn1.bbnradio.org\/spanish\/?s={search_term_string}"},"query-input":{"@type":"PropertyValueSpecification","valueRequired":true,"valueName":"search_term_string"}}],"inLanguage":"es"}]}},"jetpack_sharing_enabled":true,"jetpack_shortlink":"https:\/\/wp.me\/P85nNm-1ub","_links":{"self":[{"href":"https:\/\/bbn1.bbnradio.org\/spanish\/wp-json\/wp\/v2\/pages\/5715","targetHints":{"allow":["GET"]}}],"collection":[{"href":"https:\/\/bbn1.bbnradio.org\/spanish\/wp-json\/wp\/v2\/pages"}],"about":[{"href":"https:\/\/bbn1.bbnradio.org\/spanish\/wp-json\/wp\/v2\/types\/page"}],"author":[{"embeddable":true,"href":"https:\/\/bbn1.bbnradio.org\/spanish\/wp-json\/wp\/v2\/users\/21"}],"replies":[{"embeddable":true,"href":"https:\/\/bbn1.bbnradio.org\/spanish\/wp-json\/wp\/v2\/comments?post=5715"}],"version-history":[{"count":4,"href":"https:\/\/bbn1.bbnradio.org\/spanish\/wp-json\/wp\/v2\/pages\/5715\/revisions"}],"predecessor-version":[{"id":15601,"href":"https:\/\/bbn1.bbnradio.org\/spanish\/wp-json\/wp\/v2\/pages\/5715\/revisions\/15601"}],"up":[{"embeddable":true,"href":"https:\/\/bbn1.bbnradio.org\/spanish\/wp-json\/wp\/v2\/pages\/4092"}],"wp:featuredmedia":[{"embeddable":true,"href":"https:\/\/bbn1.bbnradio.org\/spanish\/wp-json\/wp\/v2\/media\/8317"}],"wp:attachment":[{"href":"https:\/\/bbn1.bbnradio.org\/spanish\/wp-json\/wp\/v2\/media?parent=5715"}],"wp:term":[{"taxonomy":"category","embeddable":true,"href":"https:\/\/bbn1.bbnradio.org\/spanish\/wp-json\/wp\/v2\/categories?post=5715"},{"taxonomy":"post_tag","embeddable":true,"href":"https:\/\/bbn1.bbnradio.org\/spanish\/wp-json\/wp\/v2\/tags?post=5715"}],"curies":[{"name":"wp","href":"https:\/\/api.w.org\/{rel}","templated":true}]}}