{"id":5762,"date":"2016-01-26T13:57:54","date_gmt":"2016-01-26T17:57:54","guid":{"rendered":"https:\/\/bbn1.bbnradio.org\/english\/?page_id=5762"},"modified":"2026-02-19T12:56:52","modified_gmt":"2026-02-19T17:56:52","slug":"privacidad","status":"publish","type":"page","link":"https:\/\/bbn1.bbnradio.org\/spanish\/quienes-somos\/privacidad\/","title":{"rendered":"Privacidad"},"content":{"rendered":"\n<style type=\"text\/css\" data-created_by=\"avia_inline_auto\" id=\"style-css-av-gar9u-de19f67d3244c188a7388e5d651f0135\">\n.avia-image-container.av-gar9u-de19f67d3244c188a7388e5d651f0135 img.avia_image{\nbox-shadow:none;\n}\n.avia-image-container.av-gar9u-de19f67d3244c188a7388e5d651f0135 .av-image-caption-overlay-center{\ncolor:#ffffff;\n}\n<\/style>\n<div  class='avia-image-container av-gar9u-de19f67d3244c188a7388e5d651f0135 av-styling- avia-align-center  avia-builder-el-0  el_before_av_textblock  avia-builder-el-first '   itemprop=\"image\" itemscope=\"itemscope\" itemtype=\"https:\/\/schema.org\/ImageObject\" ><div class=\"avia-image-container-inner\"><div class=\"avia-image-overlay-wrap\"><img decoding=\"async\" fetchpriority=\"high\" class='wp-image-8420 avia-img-lazy-loading-not-8420 avia_image ' src=\"https:\/\/i0.wp.com\/bbn1.bbnradio.org\/spanish\/wp-content\/uploads\/sites\/5\/2016\/08\/Privacy-Policy.jpg?resize=845%2C321&ssl=1\" alt='Privacy Policy' title='Privacy Policy'  height=\"321\" width=\"845\"  itemprop=\"thumbnailUrl\"  \/><\/div><\/div><\/div>\n<section  class='av_textblock_section av-3ao8qq-0ef58f316a7f0c86e5c86b9e08737a04 '   itemscope=\"itemscope\" itemtype=\"https:\/\/schema.org\/CreativeWork\" ><div class='avia_textblock'  itemprop=\"text\" ><p><strong>Notas de Advertencia<\/strong><\/p>\n<p><span dir=\"auto\" style=\"vertical-align: inherit\"><span dir=\"auto\" style=\"vertical-align: inherit\"><strong>Informaci\u00f3n recopilada y almacenada autom\u00e1ticamente<\/strong>.<\/span><\/span><\/p>\n<p>Cuando usted visita el sitio web de BBN, puede que no haga nada m\u00e1s que leer p\u00e1ginas o descargar informaci\u00f3n. En ese caso, recopilaremos y almacenaremos autom\u00e1ticamente cierta informaci\u00f3n sobre su visita. Esta informaci\u00f3n no lo identifica personalmente. Solo almacenamos lo siguiente:<\/p>\n<ul>\n<li>Las p\u00e1ginas que usted visita.<\/li>\n<li>La fecha y hora de acceso a nuestro sitio web.<\/li>\n<li>El nombre del servidor (proveedor) (por ejemplo, aol.com si tiene una cuenta con America Online, o bju.edu si se conecta desde el servidor de Bob Jones University).<\/li>\n<li><span dir=\"auto\" style=\"vertical-align: inherit\"><span dir=\"auto\" style=\"vertical-align: inherit\">La direcci\u00f3n de Internet que utiliz\u00f3 para conectarse a nuestro sitio.<\/span><\/span><\/li>\n<li>Su sistema operativo y motor de b\u00fasqueda.<\/li>\n<\/ul>\n<p>Utilizamos esta informaci\u00f3n:<\/p>\n<ul>\n<li>Para medir el n\u00famero de visitantes a las distintas secciones de nuestro sitio.<\/li>\n<li>Para ayudarnos a hacer nuestro sitio m\u00e1s \u00fatil.<\/li>\n<li>Para desarrollar y programar el contenido de las p\u00e1ginas de modo que la mayor\u00eda de las personas puedan visualizarlas correctamente.<\/li>\n<\/ul>\n<p><strong>Informaci\u00f3n personal<\/strong><\/p>\n<p>Si usted nos proporciona informaci\u00f3n personal por correo electr\u00f3nico o al completar un formulario, almacenamos su pregunta y direcci\u00f3n de correo electr\u00f3nico solo hasta que podamos responder su consulta. Luego enviamos la respuesta a la direcci\u00f3n de correo electr\u00f3nico o n\u00famero de tel\u00e9fono que usted proporcion\u00f3. Si nos env\u00eda un comentario, lo remitimos a la persona correspondiente. Si hay m\u00faltiples preguntas o comentarios sobre el mismo tema, la pregunta se agrega a nuestra secci\u00f3n de Preguntas Frecuentes, o las sugerencias pueden utilizarse para mejorar el dise\u00f1o de nuestro sitio web. A menos que sea requerido, no identificaremos p\u00fablicamente a quienes env\u00eden preguntas o comentarios a nuestro sitio web.<\/p>\n<p><strong>Privacidad para ni\u00f1os<\/strong><\/p>\n<p>No se anima ni se invita a ni\u00f1os menores de 13 a\u00f1os a acceder a los sitios web de BBN. Cuando un ni\u00f1o menor de 13 a\u00f1os contacta a BBN por correo electr\u00f3nico o chat, no almacenamos su informaci\u00f3n personal ni extendemos la comunicaci\u00f3n m\u00e1s all\u00e1 de lo necesario. Nuestra respuesta se limita a confirmar que hemos recibido y respondido a su comunicaci\u00f3n. A menos que sea requerido, nunca divulgamos informaci\u00f3n personal a terceros.<\/p>\n<p>Nunca exigimos que la participaci\u00f3n de un ni\u00f1o en una actividad dependa de proporcionar informaci\u00f3n personal, excepto la informaci\u00f3n necesaria para participar en dicha actividad. Cualquier informaci\u00f3n personal que requiera una sola respuesta puede ser vista \u00fanicamente por el personal autorizado de BBN. Mantenemos la confidencialidad, seguridad e integridad de esta informaci\u00f3n.<\/p>\n<p><strong>Informe semanal por correo electr\u00f3nico<\/strong><\/p>\n<p>Si usted se suscribe para recibir el informe semanal en cualquier idioma, BBN mantiene su direcci\u00f3n de correo electr\u00f3nico completamente confidencial y no la comparte con nadie.<\/p>\n<p><strong>Salas de chat de BBN<\/strong><\/p>\n<p>Estas se consideran \u00abmensajes instant\u00e1neos\u00bb m\u00e1s que una \u00absala de chat\u00bb. Cada sesi\u00f3n de mensaje instant\u00e1neo es atendida por un empleado o voluntario de BBN que ha completado nuestro programa de capacitaci\u00f3n. La informaci\u00f3n personal nunca se comparte con terceros, salvo que sea requerido. Para mantener la confidencialidad, todos los chats son supervisados por la administraci\u00f3n del Chat de BBN. Copias de todos los chats tambi\u00e9n se conservan durante un per\u00edodo de tiempo por el administrador del chat para su revisi\u00f3n. Los administradores son los \u00fanicos autorizados para revisar dichas copias. Estas revisiones se realizan para mantener la confidencialidad y salvaguardar la integridad de BBN. Nunca se deben mantener conversaciones por chat con ni\u00f1os menores de 13 a\u00f1os. Se muestran advertencias dentro del mensaje instant\u00e1neo para desalentar la participaci\u00f3n de menores de 13 a\u00f1os. Nuestro personal y voluntarios est\u00e1n capacitados para finalizar cort\u00e9smente las conversaciones con menores de edad que ignoren estas advertencias.<\/p>\n<p><strong>Divulgaci\u00f3n<\/strong><\/p>\n<p>BBN no divulga, regala, vende ni transfiere informaci\u00f3n personal sobre nuestros visitantes, salvo que sea requerido por ley. Solo utilizamos la informaci\u00f3n personal para responderle o para ayudarnos a cumplir con nuestras responsabilidades ministeriales. En tales casos, varias personas pueden ver la informaci\u00f3n personal que usted proporcione para revisar el asunto sobre el cual nos escribi\u00f3.<\/p>\n<p>El correo electr\u00f3nico no es necesariamente seguro contra interceptaciones. Si le preocupa que su comunicaci\u00f3n sea altamente sensible o incluya informaci\u00f3n personal, puede considerar enviarla por correo postal.<\/p>\n<p><strong>Renuncia de respaldo y conexiones a otros sitios<\/strong><\/p>\n<p>Nuestro sitio web contiene enlaces a otros sitios web. Si usted accede a otro sitio mediante un enlace que proporcionamos, estar\u00e1 sujeto a las pol\u00edticas de ese sitio.<\/p>\n<p>Privacidad del nuevo sitio.<\/p>\n<p>Las referencias en este sitio web a cualquier ministerio espec\u00edfico, productos comerciales, procesos, servicios, fabricantes o compa\u00f1\u00edas no implican respaldo o recomendaci\u00f3n por parte de BBN. BBN no es responsable del contenido de ning\u00fan sitio web mencionado en este servidor.<\/p>\n<p><strong>Divulgaci\u00f3n de intrusiones<\/strong><\/p>\n<p>Para garantizar que este servicio est\u00e9 disponible para todos los usuarios, utilizamos programas de software para monitorear el tr\u00e1fico e identificar a quienes intenten cargar o modificar informaci\u00f3n, o causar da\u00f1o. En caso de investigaciones legalmente autorizadas y seg\u00fan lo requiera la ley, la informaci\u00f3n obtenida de estas fuentes puede utilizarse para ayudar a identificar a una persona.<\/p>\n<p>Este sitio web es operado por:<\/p>\n<p><span dir=\"auto\" style=\"vertical-align: inherit\"><span dir=\"auto\" style=\"vertical-align: inherit\">Bible Broadcasting Network<br \/>\n<\/span><\/span>11115 Rushmore Dr.<br \/>\nCharlotte, NC 28277<\/p>\n<p><span dir=\"auto\" style=\"vertical-align: inherit\"><span dir=\"auto\" style=\"vertical-align: inherit\">(704) 973-0405<\/span><\/span><\/p>\n<p>Los visitantes de 13 a\u00f1os o m\u00e1s pueden acceder a BBN utilizando el formulario de contacto en nuestro sitio web.<\/p>\n<\/div><\/section>\n<!-- AddThis Advanced Settings generic via filter on the_content --><!-- AddThis Share Buttons generic via filter on the_content -->","protected":false},"excerpt":{"rendered":"<p><!-- AddThis Advanced Settings generic via filter on get_the_excerpt --><!-- AddThis Share Buttons generic via filter on get_the_excerpt --><\/p>\n","protected":false},"author":21,"featured_media":8420,"parent":4092,"menu_order":0,"comment_status":"closed","ping_status":"closed","template":"","meta":{"jetpack_post_was_ever_published":false,"footnotes":""},"categories":[],"tags":[],"class_list":["post-5762","page","type-page","status-publish","has-post-thumbnail","hentry"],"yoast_head":"<!-- This site is optimized with the Yoast SEO Premium plugin v24.8 (Yoast SEO v24.8.1) - https:\/\/yoast.com\/wordpress\/plugins\/seo\/ -->\n<title>Privacidad - BBN<\/title>\n<meta name=\"robots\" content=\"index, follow, max-snippet:-1, max-image-preview:large, max-video-preview:-1\" \/>\n<link rel=\"canonical\" href=\"https:\/\/bbn1.bbnradio.org\/spanish\/quienes-somos\/privacidad\/\" \/>\n<meta property=\"og:locale\" content=\"es_ES\" \/>\n<meta property=\"og:type\" content=\"article\" \/>\n<meta property=\"og:title\" content=\"Privacidad\" \/>\n<meta property=\"og:description\" content=\"Informaci\u00f3n recolectada y Almacenada Autom\u00e1ticamente. Cuando visita la p\u00e1gina Web de BBN, puede ser que usted no haga nada, pero si usted lee p\u00e1ginas, o descarga informaci\u00f3n, nosotros reuniremos y guardaremos cierta informaci\u00f3n acerca de su visita autom\u00e1ticamente. Esta informaci\u00f3n no le identifica personalmente. Almacenamos s\u00f3lo la siguiente informaci\u00f3n: Las p\u00e1ginas que usted visita. La fecha y la hora de acceso a nuestro sitio Web. El nombre del servidor (proveedor) (por ejemplo, aol.com, si usted tiene una cuenta con America Online, o de bju.edu si usted\u00a0\u00a0se conecta desde el servidor de la Universidad Bob Jones). La direcci\u00f3n de Internet que us\u00f3 para conectarse a nuestro sitio.\" \/>\n<meta property=\"og:url\" content=\"https:\/\/bbn1.bbnradio.org\/spanish\/quienes-somos\/privacidad\/\" \/>\n<meta property=\"og:site_name\" content=\"BBN\" \/>\n<meta property=\"article:publisher\" content=\"https:\/\/www.facebook.com\/BBNEspanol\" \/>\n<meta property=\"article:modified_time\" content=\"2026-02-19T17:56:52+00:00\" \/>\n<meta name=\"twitter:card\" content=\"summary_large_image\" \/>\n<meta name=\"twitter:title\" content=\"Privacidad\" \/>\n<meta name=\"twitter:description\" content=\"Informaci\u00f3n recolectada y Almacenada Autom\u00e1ticamente. Cuando visita la p\u00e1gina Web de BBN, puede ser que usted no haga nada, pero si usted lee p\u00e1ginas, o descarga informaci\u00f3n, nosotros reuniremos y guardaremos cierta informaci\u00f3n acerca de su visita autom\u00e1ticamente. Esta informaci\u00f3n no le identifica personalmente. Almacenamos s\u00f3lo la siguiente informaci\u00f3n: Las p\u00e1ginas que usted visita. La fecha y la hora de acceso a nuestro sitio Web. El nombre del servidor (proveedor) (por ejemplo, aol.com, si usted tiene una cuenta con America Online, o de bju.edu si usted\u00a0\u00a0se conecta desde el servidor de la Universidad Bob Jones). La direcci\u00f3n de Internet que us\u00f3 para conectarse a nuestro sitio.\" \/>\n<meta name=\"twitter:image\" content=\"https:\/\/bbn1.bbnradio.org\/english\/wp-content\/uploads\/sites\/2\/2016\/08\/Privacy-Policy.jpg\" \/>\n<meta name=\"twitter:site\" content=\"@BBNEspanol\" \/>\n<meta name=\"twitter:label1\" content=\"Tiempo de lectura\" \/>\n\t<meta name=\"twitter:data1\" content=\"5 minutos\" \/>\n<script type=\"application\/ld+json\" class=\"yoast-schema-graph\">{\"@context\":\"https:\/\/schema.org\",\"@graph\":[{\"@type\":\"WebPage\",\"@id\":\"https:\/\/bbn1.bbnradio.org\/spanish\/quienes-somos\/privacidad\/\",\"url\":\"https:\/\/bbn1.bbnradio.org\/spanish\/quienes-somos\/privacidad\/\",\"name\":\"Privacidad - BBN\",\"isPartOf\":{\"@id\":\"https:\/\/bbn1.bbnradio.org\/spanish\/#website\"},\"primaryImageOfPage\":{\"@id\":\"https:\/\/bbn1.bbnradio.org\/spanish\/quienes-somos\/privacidad\/#primaryimage\"},\"image\":{\"@id\":\"https:\/\/bbn1.bbnradio.org\/spanish\/quienes-somos\/privacidad\/#primaryimage\"},\"thumbnailUrl\":\"https:\/\/i0.wp.com\/bbn1.bbnradio.org\/spanish\/wp-content\/uploads\/sites\/5\/2016\/08\/Privacy-Policy.jpg?fit=1200%2C628&ssl=1\",\"datePublished\":\"2016-01-26T17:57:54+00:00\",\"dateModified\":\"2026-02-19T17:56:52+00:00\",\"breadcrumb\":{\"@id\":\"https:\/\/bbn1.bbnradio.org\/spanish\/quienes-somos\/privacidad\/#breadcrumb\"},\"inLanguage\":\"es\",\"potentialAction\":[{\"@type\":\"ReadAction\",\"target\":[\"https:\/\/bbn1.bbnradio.org\/spanish\/quienes-somos\/privacidad\/\"]}]},{\"@type\":\"ImageObject\",\"inLanguage\":\"es\",\"@id\":\"https:\/\/bbn1.bbnradio.org\/spanish\/quienes-somos\/privacidad\/#primaryimage\",\"url\":\"https:\/\/i0.wp.com\/bbn1.bbnradio.org\/spanish\/wp-content\/uploads\/sites\/5\/2016\/08\/Privacy-Policy.jpg?fit=1200%2C628&ssl=1\",\"contentUrl\":\"https:\/\/i0.wp.com\/bbn1.bbnradio.org\/spanish\/wp-content\/uploads\/sites\/5\/2016\/08\/Privacy-Policy.jpg?fit=1200%2C628&ssl=1\",\"width\":1200,\"height\":628,\"caption\":\"Privacy Policy\"},{\"@type\":\"BreadcrumbList\",\"@id\":\"https:\/\/bbn1.bbnradio.org\/spanish\/quienes-somos\/privacidad\/#breadcrumb\",\"itemListElement\":[{\"@type\":\"ListItem\",\"position\":1,\"name\":\"Home\",\"item\":\"https:\/\/bbn1.bbnradio.org\/spanish\/inicio\/\"},{\"@type\":\"ListItem\",\"position\":2,\"name\":\"Quienes somos\",\"item\":\"https:\/\/bbn1.bbnradio.org\/spanish\/quienes-somos\/\"},{\"@type\":\"ListItem\",\"position\":3,\"name\":\"Privacidad\"}]},{\"@type\":\"WebSite\",\"@id\":\"https:\/\/bbn1.bbnradio.org\/spanish\/#website\",\"url\":\"https:\/\/bbn1.bbnradio.org\/spanish\/\",\"name\":\"BBN Spanish\",\"description\":\"BBN\",\"potentialAction\":[{\"@type\":\"SearchAction\",\"target\":{\"@type\":\"EntryPoint\",\"urlTemplate\":\"https:\/\/bbn1.bbnradio.org\/spanish\/?s={search_term_string}\"},\"query-input\":{\"@type\":\"PropertyValueSpecification\",\"valueRequired\":true,\"valueName\":\"search_term_string\"}}],\"inLanguage\":\"es\"}]}<\/script>\n<!-- \/ Yoast SEO Premium plugin. -->","yoast_head_json":{"title":"Privacidad - BBN","robots":{"index":"index","follow":"follow","max-snippet":"max-snippet:-1","max-image-preview":"max-image-preview:large","max-video-preview":"max-video-preview:-1"},"canonical":"https:\/\/bbn1.bbnradio.org\/spanish\/quienes-somos\/privacidad\/","og_locale":"es_ES","og_type":"article","og_title":"Privacidad","og_description":"Informaci\u00f3n recolectada y Almacenada Autom\u00e1ticamente. Cuando visita la p\u00e1gina Web de BBN, puede ser que usted no haga nada, pero si usted lee p\u00e1ginas, o descarga informaci\u00f3n, nosotros reuniremos y guardaremos cierta informaci\u00f3n acerca de su visita autom\u00e1ticamente. Esta informaci\u00f3n no le identifica personalmente. Almacenamos s\u00f3lo la siguiente informaci\u00f3n: Las p\u00e1ginas que usted visita. La fecha y la hora de acceso a nuestro sitio Web. El nombre del servidor (proveedor) (por ejemplo, aol.com, si usted tiene una cuenta con America Online, o de bju.edu si usted\u00a0\u00a0se conecta desde el servidor de la Universidad Bob Jones). La direcci\u00f3n de Internet que us\u00f3 para conectarse a nuestro sitio.","og_url":"https:\/\/bbn1.bbnradio.org\/spanish\/quienes-somos\/privacidad\/","og_site_name":"BBN","article_publisher":"https:\/\/www.facebook.com\/BBNEspanol","article_modified_time":"2026-02-19T17:56:52+00:00","twitter_card":"summary_large_image","twitter_title":"Privacidad","twitter_description":"Informaci\u00f3n recolectada y Almacenada Autom\u00e1ticamente. Cuando visita la p\u00e1gina Web de BBN, puede ser que usted no haga nada, pero si usted lee p\u00e1ginas, o descarga informaci\u00f3n, nosotros reuniremos y guardaremos cierta informaci\u00f3n acerca de su visita autom\u00e1ticamente. Esta informaci\u00f3n no le identifica personalmente. Almacenamos s\u00f3lo la siguiente informaci\u00f3n: Las p\u00e1ginas que usted visita. La fecha y la hora de acceso a nuestro sitio Web. El nombre del servidor (proveedor) (por ejemplo, aol.com, si usted tiene una cuenta con America Online, o de bju.edu si usted\u00a0\u00a0se conecta desde el servidor de la Universidad Bob Jones). La direcci\u00f3n de Internet que us\u00f3 para conectarse a nuestro sitio.","twitter_image":"https:\/\/bbn1.bbnradio.org\/english\/wp-content\/uploads\/sites\/2\/2016\/08\/Privacy-Policy.jpg","twitter_site":"@BBNEspanol","twitter_misc":{"Tiempo de lectura":"5 minutos"},"schema":{"@context":"https:\/\/schema.org","@graph":[{"@type":"WebPage","@id":"https:\/\/bbn1.bbnradio.org\/spanish\/quienes-somos\/privacidad\/","url":"https:\/\/bbn1.bbnradio.org\/spanish\/quienes-somos\/privacidad\/","name":"Privacidad - BBN","isPartOf":{"@id":"https:\/\/bbn1.bbnradio.org\/spanish\/#website"},"primaryImageOfPage":{"@id":"https:\/\/bbn1.bbnradio.org\/spanish\/quienes-somos\/privacidad\/#primaryimage"},"image":{"@id":"https:\/\/bbn1.bbnradio.org\/spanish\/quienes-somos\/privacidad\/#primaryimage"},"thumbnailUrl":"https:\/\/i0.wp.com\/bbn1.bbnradio.org\/spanish\/wp-content\/uploads\/sites\/5\/2016\/08\/Privacy-Policy.jpg?fit=1200%2C628&ssl=1","datePublished":"2016-01-26T17:57:54+00:00","dateModified":"2026-02-19T17:56:52+00:00","breadcrumb":{"@id":"https:\/\/bbn1.bbnradio.org\/spanish\/quienes-somos\/privacidad\/#breadcrumb"},"inLanguage":"es","potentialAction":[{"@type":"ReadAction","target":["https:\/\/bbn1.bbnradio.org\/spanish\/quienes-somos\/privacidad\/"]}]},{"@type":"ImageObject","inLanguage":"es","@id":"https:\/\/bbn1.bbnradio.org\/spanish\/quienes-somos\/privacidad\/#primaryimage","url":"https:\/\/i0.wp.com\/bbn1.bbnradio.org\/spanish\/wp-content\/uploads\/sites\/5\/2016\/08\/Privacy-Policy.jpg?fit=1200%2C628&ssl=1","contentUrl":"https:\/\/i0.wp.com\/bbn1.bbnradio.org\/spanish\/wp-content\/uploads\/sites\/5\/2016\/08\/Privacy-Policy.jpg?fit=1200%2C628&ssl=1","width":1200,"height":628,"caption":"Privacy Policy"},{"@type":"BreadcrumbList","@id":"https:\/\/bbn1.bbnradio.org\/spanish\/quienes-somos\/privacidad\/#breadcrumb","itemListElement":[{"@type":"ListItem","position":1,"name":"Home","item":"https:\/\/bbn1.bbnradio.org\/spanish\/inicio\/"},{"@type":"ListItem","position":2,"name":"Quienes somos","item":"https:\/\/bbn1.bbnradio.org\/spanish\/quienes-somos\/"},{"@type":"ListItem","position":3,"name":"Privacidad"}]},{"@type":"WebSite","@id":"https:\/\/bbn1.bbnradio.org\/spanish\/#website","url":"https:\/\/bbn1.bbnradio.org\/spanish\/","name":"BBN Spanish","description":"BBN","potentialAction":[{"@type":"SearchAction","target":{"@type":"EntryPoint","urlTemplate":"https:\/\/bbn1.bbnradio.org\/spanish\/?s={search_term_string}"},"query-input":{"@type":"PropertyValueSpecification","valueRequired":true,"valueName":"search_term_string"}}],"inLanguage":"es"}]}},"jetpack_sharing_enabled":true,"jetpack_shortlink":"https:\/\/wp.me\/P85nNm-1uW","_links":{"self":[{"href":"https:\/\/bbn1.bbnradio.org\/spanish\/wp-json\/wp\/v2\/pages\/5762","targetHints":{"allow":["GET"]}}],"collection":[{"href":"https:\/\/bbn1.bbnradio.org\/spanish\/wp-json\/wp\/v2\/pages"}],"about":[{"href":"https:\/\/bbn1.bbnradio.org\/spanish\/wp-json\/wp\/v2\/types\/page"}],"author":[{"embeddable":true,"href":"https:\/\/bbn1.bbnradio.org\/spanish\/wp-json\/wp\/v2\/users\/21"}],"replies":[{"embeddable":true,"href":"https:\/\/bbn1.bbnradio.org\/spanish\/wp-json\/wp\/v2\/comments?post=5762"}],"version-history":[{"count":3,"href":"https:\/\/bbn1.bbnradio.org\/spanish\/wp-json\/wp\/v2\/pages\/5762\/revisions"}],"predecessor-version":[{"id":20028,"href":"https:\/\/bbn1.bbnradio.org\/spanish\/wp-json\/wp\/v2\/pages\/5762\/revisions\/20028"}],"up":[{"embeddable":true,"href":"https:\/\/bbn1.bbnradio.org\/spanish\/wp-json\/wp\/v2\/pages\/4092"}],"wp:featuredmedia":[{"embeddable":true,"href":"https:\/\/bbn1.bbnradio.org\/spanish\/wp-json\/wp\/v2\/media\/8420"}],"wp:attachment":[{"href":"https:\/\/bbn1.bbnradio.org\/spanish\/wp-json\/wp\/v2\/media?parent=5762"}],"wp:term":[{"taxonomy":"category","embeddable":true,"href":"https:\/\/bbn1.bbnradio.org\/spanish\/wp-json\/wp\/v2\/categories?post=5762"},{"taxonomy":"post_tag","embeddable":true,"href":"https:\/\/bbn1.bbnradio.org\/spanish\/wp-json\/wp\/v2\/tags?post=5762"}],"curies":[{"name":"wp","href":"https:\/\/api.w.org\/{rel}","templated":true}]}}