{"id":6285,"date":"2016-02-16T10:24:51","date_gmt":"2016-02-16T15:24:51","guid":{"rendered":"https:\/\/bbn1.bbnradio.org\/english\/?page_id=6285"},"modified":"2018-06-14T15:36:03","modified_gmt":"2018-06-14T20:36:03","slug":"promocionar-bbn","status":"publish","type":"page","link":"https:\/\/bbn1.bbnradio.org\/spanish\/promocionar-bbn\/","title":{"rendered":"Promocionar BBN"},"content":{"rendered":"\n<style type=\"text\/css\" data-created_by=\"avia_inline_auto\" id=\"style-css-av-av_image-e15d31b81b592db1ae04fb2256d9cf89\">\n.avia-image-container.av-av_image-e15d31b81b592db1ae04fb2256d9cf89 img.avia_image{\nbox-shadow:none;\n}\n.avia-image-container.av-av_image-e15d31b81b592db1ae04fb2256d9cf89 .av-image-caption-overlay-center{\ncolor:#ffffff;\n}\n<\/style>\n<div  class='avia-image-container av-av_image-e15d31b81b592db1ae04fb2256d9cf89 av-styling- avia-align-center  avia-builder-el-0  el_before_av_textblock  avia-builder-el-first '   itemprop=\"image\" itemscope=\"itemscope\" itemtype=\"https:\/\/schema.org\/ImageObject\" ><div class=\"avia-image-container-inner\"><div class=\"avia-image-overlay-wrap\"><img decoding=\"async\" fetchpriority=\"high\" class='wp-image-8407 avia-img-lazy-loading-not-8407 avia_image ' src=\"https:\/\/i0.wp.com\/bbn1.bbnradio.org\/spanish\/wp-content\/uploads\/sites\/5\/2016\/02\/Sharing-Tools-1.jpg?resize=845%2C321&ssl=1\" alt='Sharing Tools' title='Sharing Tools'  height=\"321\" width=\"845\"  itemprop=\"thumbnailUrl\"  \/><\/div><\/div><\/div>\n<section  class='av_textblock_section av-av_textblock-2de302bf1aa3cf4c9157dbe6f50ac7eb '   itemscope=\"itemscope\" itemtype=\"https:\/\/schema.org\/CreativeWork\" ><div class='avia_textblock'  itemprop=\"text\" ><p>Gracias por tomarse el tiempo para saber m\u00e1s acerca de nuestro ministerio radial. A continuaci\u00f3n encontrara enlaces a todo tipo de informaci\u00f3n acerca del ministerio de BBN. Si usted aun tiene preguntas, por favor, cont\u00e1ctese con nosotros y con gusto le daremos la informaci\u00f3n que necesite<\/p>\n<\/div><\/section>\n\n<style type=\"text\/css\" data-created_by=\"avia_inline_auto\" id=\"style-css-av-av_iconlist-7cbc4c063168fae28e3b3f234ee543e5\">\n#top .avia-icon-list-container.av-av_iconlist-7cbc4c063168fae28e3b3f234ee543e5 .iconlist_icon{\ncolor:#003800;\nbackground-color:#ffffff;\nborder:1px solid #003800;\n}\n#top .avia-icon-list-container.av-av_iconlist-7cbc4c063168fae28e3b3f234ee543e5 .iconlist_icon svg:first-child{\nstroke:#003800;\nfill:#003800;\n}\n<\/style>\n<div  class='avia-icon-list-container av-av_iconlist-7cbc4c063168fae28e3b3f234ee543e5  avia-builder-el-2  el_after_av_textblock  avia-builder-el-last '><ul class='avia-icon-list avia_animate_when_almost_visible avia-icon-list-left av-iconlist-big av-av_iconlist-7cbc4c063168fae28e3b3f234ee543e5 avia-iconlist-animate'>\n<li><a href='https://\/\/bbn1.bbnradio.org\/spanish\/promocionar-bbn\/comparta-con-un-amigo-como-ser-salvo\/?PHPSESSID=8t9hg1JTbwBo8Kkje4hlpB-50i1zfv--' title='Contarle a un Amigo acerca de BBN'  class='iconlist_icon av-av_iconlist_item-1a0a5963f654b63e7ac2b7d07af96176 avia-font-entypo-fontello avia-iconfont avia-font-entypo-fontello'><span class='av-icon-char' data-av_icon='\ue80c' data-av_iconfont='entypo-fontello' aria-hidden=\"true\"><\/span><\/a><article class=\"article-icon-entry av-iconlist-empty\"  itemscope=\"itemscope\" itemtype=\"https:\/\/schema.org\/CreativeWork\" ><div class=\"iconlist_content_wrap\"><header class=\"entry-content-header\" aria-label=\"Icon: &lt;a href=&#039;https:\/\/bbn1.bbnradio.org\/spanish\/promocionar-bbn\/comparta-con-un-amigo-como-ser-salvo\/&#039; title=&#039;Contarle a un Amigo acerca de BBN&#039;&gt;Contarle a un Amigo acerca de BBN&lt;\/a&gt;\"><h4 class='av_iconlist_title iconlist_title  '  itemprop=\"headline\" ><a href='https://\/\/bbn1.bbnradio.org\/spanish\/promocionar-bbn\/comparta-con-un-amigo-como-ser-salvo\/?PHPSESSID=8t9hg1JTbwBo8Kkje4hlpB-50i1zfv--' title='Contarle a un Amigo acerca de BBN'>Contarle a un Amigo acerca de BBN<\/a><\/h4><\/header><div class='iconlist_content '  itemprop=\"text\" ><\/div><\/div><footer class=\"entry-footer\"><\/footer><\/article><div class=\"iconlist-timeline\"><\/div><\/li>\n<li><a href='https://\/\/bbn1.bbnradio.org\/spanish\/promocionar-bbn\/comparta-con-un-amigo-como-ser-salvo\/?PHPSESSID=8t9hg1JTbwBo8Kkje4hlpB-50i1zfv--' title='Compartir plan de Salvaci\u00f3n con un Amigo'  class='iconlist_icon av-av_iconlist_item-34786475d4062adbcad202bcbd7dd718 avia-font-entypo-fontello avia-iconfont avia-font-entypo-fontello'><span class='av-icon-char' data-av_icon='\ue8b9' data-av_iconfont='entypo-fontello' aria-hidden=\"true\"><\/span><\/a><article class=\"article-icon-entry av-iconlist-empty\"  itemscope=\"itemscope\" itemtype=\"https:\/\/schema.org\/CreativeWork\" ><div class=\"iconlist_content_wrap\"><header class=\"entry-content-header\" aria-label=\"Icon: &lt;a href=&#039;https:\/\/bbn1.bbnradio.org\/spanish\/promocionar-bbn\/comparta-con-un-amigo-como-ser-salvo\/&#039; title=&#039;Compartir plan de Salvaci\u00f3n con un Amigo&#039;&gt;Compartir plan de Salvaci\u00f3n con un Amigo&lt;\/a&gt;\"><h4 class='av_iconlist_title iconlist_title  '  itemprop=\"headline\" ><a href='https://\/\/bbn1.bbnradio.org\/spanish\/promocionar-bbn\/comparta-con-un-amigo-como-ser-salvo\/?PHPSESSID=8t9hg1JTbwBo8Kkje4hlpB-50i1zfv--' title='Compartir plan de Salvaci\u00f3n con un Amigo'>Compartir plan de Salvaci\u00f3n con un Amigo<\/a><\/h4><\/header><div class='iconlist_content '  itemprop=\"text\" ><\/div><\/div><footer class=\"entry-footer\"><\/footer><\/article><div class=\"iconlist-timeline\"><\/div><\/li>\n<\/ul><\/div>\n<!-- AddThis Advanced Settings generic via filter on the_content --><!-- AddThis Share Buttons generic via filter on the_content -->","protected":false},"excerpt":{"rendered":"<p><!-- AddThis Advanced Settings generic via filter on get_the_excerpt --><!-- AddThis Share Buttons generic via filter on get_the_excerpt --><\/p>\n","protected":false},"author":21,"featured_media":0,"parent":0,"menu_order":0,"comment_status":"open","ping_status":"closed","template":"","meta":{"jetpack_post_was_ever_published":false,"footnotes":""},"categories":[],"tags":[],"class_list":["post-6285","page","type-page","status-publish","hentry"],"yoast_head":"<!-- This site is optimized with the Yoast SEO Premium plugin v24.8 (Yoast SEO v24.8.1) - https:\/\/yoast.com\/wordpress\/plugins\/seo\/ -->\n<title>Promocionar BBN - BBN<\/title>\n<meta name=\"description\" content=\"Gracias por tomarse el tiempo para saber m\u00e1s acerca de nuestro ministerio radial. A continuaci\u00f3n encontrara enlaces a todo tipo de informaci\u00f3n acerca del ministerio de BBN. Si usted aun tiene preguntas, por favor, cont\u00e1ctese con nosotros y con gusto le daremos la informaci\u00f3n que necesite\" \/>\n<meta name=\"robots\" content=\"index, follow, max-snippet:-1, max-image-preview:large, max-video-preview:-1\" \/>\n<link rel=\"canonical\" href=\"https:\/\/bbn1.bbnradio.org\/spanish\/promocionar-bbn\/\" \/>\n<meta property=\"og:locale\" content=\"es_ES\" \/>\n<meta property=\"og:type\" content=\"article\" \/>\n<meta property=\"og:title\" content=\"Comparta BBN con otros\" \/>\n<meta property=\"og:description\" content=\"Gracias por tomarse el tiempo para saber m\u00e1s acerca de nuestro ministerio radial. A continuaci\u00f3n encontrara enlaces a todo tipo de informaci\u00f3n acerca del ministerio de BBN. Si usted aun tiene preguntas, por favor, cont\u00e1ctese con nosotros y con gusto le daremos la informaci\u00f3n que necesite\" \/>\n<meta property=\"og:url\" content=\"https:\/\/bbn1.bbnradio.org\/spanish\/promocionar-bbn\/\" \/>\n<meta property=\"og:site_name\" content=\"BBN\" \/>\n<meta property=\"article:publisher\" content=\"https:\/\/www.facebook.com\/BBNEspanol\" \/>\n<meta property=\"article:modified_time\" content=\"2018-06-14T20:36:03+00:00\" \/>\n<meta name=\"twitter:card\" content=\"summary_large_image\" \/>\n<meta name=\"twitter:title\" content=\"Comparta BBN con otros\" \/>\n<meta name=\"twitter:description\" content=\"Gracias por tomarse el tiempo para saber m\u00e1s acerca de nuestro ministerio radial. A continuaci\u00f3n encontrara enlaces a todo tipo de informaci\u00f3n acerca del ministerio de BBN. Si usted aun tiene preguntas, por favor, cont\u00e1ctese con nosotros y con gusto le daremos la informaci\u00f3n que necesite\" \/>\n<meta name=\"twitter:site\" content=\"@BBNEspanol\" \/>\n<meta name=\"twitter:label1\" content=\"Tiempo de lectura\" \/>\n\t<meta name=\"twitter:data1\" content=\"1 minuto\" \/>\n<script type=\"application\/ld+json\" class=\"yoast-schema-graph\">{\"@context\":\"https:\/\/schema.org\",\"@graph\":[{\"@type\":\"WebPage\",\"@id\":\"https:\/\/bbn1.bbnradio.org\/spanish\/promocionar-bbn\/\",\"url\":\"https:\/\/bbn1.bbnradio.org\/spanish\/promocionar-bbn\/\",\"name\":\"Promocionar BBN - BBN\",\"isPartOf\":{\"@id\":\"https:\/\/bbn1.bbnradio.org\/spanish\/#website\"},\"datePublished\":\"2016-02-16T15:24:51+00:00\",\"dateModified\":\"2018-06-14T20:36:03+00:00\",\"description\":\"Gracias por tomarse el tiempo para saber m\u00e1s acerca de nuestro ministerio radial. A continuaci\u00f3n encontrara enlaces a todo tipo de informaci\u00f3n acerca del ministerio de BBN. Si usted aun tiene preguntas, por favor, cont\u00e1ctese con nosotros y con gusto le daremos la informaci\u00f3n que necesite\",\"breadcrumb\":{\"@id\":\"https:\/\/bbn1.bbnradio.org\/spanish\/promocionar-bbn\/#breadcrumb\"},\"inLanguage\":\"es\",\"potentialAction\":[{\"@type\":\"ReadAction\",\"target\":[\"https:\/\/bbn1.bbnradio.org\/spanish\/promocionar-bbn\/\"]}]},{\"@type\":\"BreadcrumbList\",\"@id\":\"https:\/\/bbn1.bbnradio.org\/spanish\/promocionar-bbn\/#breadcrumb\",\"itemListElement\":[{\"@type\":\"ListItem\",\"position\":1,\"name\":\"Home\",\"item\":\"https:\/\/bbn1.bbnradio.org\/spanish\/inicio\/\"},{\"@type\":\"ListItem\",\"position\":2,\"name\":\"Promocionar BBN\"}]},{\"@type\":\"WebSite\",\"@id\":\"https:\/\/bbn1.bbnradio.org\/spanish\/#website\",\"url\":\"https:\/\/bbn1.bbnradio.org\/spanish\/\",\"name\":\"BBN Spanish\",\"description\":\"BBN\",\"potentialAction\":[{\"@type\":\"SearchAction\",\"target\":{\"@type\":\"EntryPoint\",\"urlTemplate\":\"https:\/\/bbn1.bbnradio.org\/spanish\/?s={search_term_string}\"},\"query-input\":{\"@type\":\"PropertyValueSpecification\",\"valueRequired\":true,\"valueName\":\"search_term_string\"}}],\"inLanguage\":\"es\"}]}<\/script>\n<!-- \/ Yoast SEO Premium plugin. -->","yoast_head_json":{"title":"Promocionar BBN - BBN","description":"Gracias por tomarse el tiempo para saber m\u00e1s acerca de nuestro ministerio radial. A continuaci\u00f3n encontrara enlaces a todo tipo de informaci\u00f3n acerca del ministerio de BBN. Si usted aun tiene preguntas, por favor, cont\u00e1ctese con nosotros y con gusto le daremos la informaci\u00f3n que necesite","robots":{"index":"index","follow":"follow","max-snippet":"max-snippet:-1","max-image-preview":"max-image-preview:large","max-video-preview":"max-video-preview:-1"},"canonical":"https:\/\/bbn1.bbnradio.org\/spanish\/promocionar-bbn\/","og_locale":"es_ES","og_type":"article","og_title":"Comparta BBN con otros","og_description":"Gracias por tomarse el tiempo para saber m\u00e1s acerca de nuestro ministerio radial. A continuaci\u00f3n encontrara enlaces a todo tipo de informaci\u00f3n acerca del ministerio de BBN. Si usted aun tiene preguntas, por favor, cont\u00e1ctese con nosotros y con gusto le daremos la informaci\u00f3n que necesite","og_url":"https:\/\/bbn1.bbnradio.org\/spanish\/promocionar-bbn\/","og_site_name":"BBN","article_publisher":"https:\/\/www.facebook.com\/BBNEspanol","article_modified_time":"2018-06-14T20:36:03+00:00","twitter_card":"summary_large_image","twitter_title":"Comparta BBN con otros","twitter_description":"Gracias por tomarse el tiempo para saber m\u00e1s acerca de nuestro ministerio radial. A continuaci\u00f3n encontrara enlaces a todo tipo de informaci\u00f3n acerca del ministerio de BBN. Si usted aun tiene preguntas, por favor, cont\u00e1ctese con nosotros y con gusto le daremos la informaci\u00f3n que necesite","twitter_site":"@BBNEspanol","twitter_misc":{"Tiempo de lectura":"1 minuto"},"schema":{"@context":"https:\/\/schema.org","@graph":[{"@type":"WebPage","@id":"https:\/\/bbn1.bbnradio.org\/spanish\/promocionar-bbn\/","url":"https:\/\/bbn1.bbnradio.org\/spanish\/promocionar-bbn\/","name":"Promocionar BBN - BBN","isPartOf":{"@id":"https:\/\/bbn1.bbnradio.org\/spanish\/#website"},"datePublished":"2016-02-16T15:24:51+00:00","dateModified":"2018-06-14T20:36:03+00:00","description":"Gracias por tomarse el tiempo para saber m\u00e1s acerca de nuestro ministerio radial. A continuaci\u00f3n encontrara enlaces a todo tipo de informaci\u00f3n acerca del ministerio de BBN. Si usted aun tiene preguntas, por favor, cont\u00e1ctese con nosotros y con gusto le daremos la informaci\u00f3n que necesite","breadcrumb":{"@id":"https:\/\/bbn1.bbnradio.org\/spanish\/promocionar-bbn\/#breadcrumb"},"inLanguage":"es","potentialAction":[{"@type":"ReadAction","target":["https:\/\/bbn1.bbnradio.org\/spanish\/promocionar-bbn\/"]}]},{"@type":"BreadcrumbList","@id":"https:\/\/bbn1.bbnradio.org\/spanish\/promocionar-bbn\/#breadcrumb","itemListElement":[{"@type":"ListItem","position":1,"name":"Home","item":"https:\/\/bbn1.bbnradio.org\/spanish\/inicio\/"},{"@type":"ListItem","position":2,"name":"Promocionar BBN"}]},{"@type":"WebSite","@id":"https:\/\/bbn1.bbnradio.org\/spanish\/#website","url":"https:\/\/bbn1.bbnradio.org\/spanish\/","name":"BBN Spanish","description":"BBN","potentialAction":[{"@type":"SearchAction","target":{"@type":"EntryPoint","urlTemplate":"https:\/\/bbn1.bbnradio.org\/spanish\/?s={search_term_string}"},"query-input":{"@type":"PropertyValueSpecification","valueRequired":true,"valueName":"search_term_string"}}],"inLanguage":"es"}]}},"jetpack_sharing_enabled":true,"jetpack_shortlink":"https:\/\/wp.me\/P85nNm-1Dn","_links":{"self":[{"href":"https:\/\/bbn1.bbnradio.org\/spanish\/wp-json\/wp\/v2\/pages\/6285","targetHints":{"allow":["GET"]}}],"collection":[{"href":"https:\/\/bbn1.bbnradio.org\/spanish\/wp-json\/wp\/v2\/pages"}],"about":[{"href":"https:\/\/bbn1.bbnradio.org\/spanish\/wp-json\/wp\/v2\/types\/page"}],"author":[{"embeddable":true,"href":"https:\/\/bbn1.bbnradio.org\/spanish\/wp-json\/wp\/v2\/users\/21"}],"replies":[{"embeddable":true,"href":"https:\/\/bbn1.bbnradio.org\/spanish\/wp-json\/wp\/v2\/comments?post=6285"}],"version-history":[{"count":3,"href":"https:\/\/bbn1.bbnradio.org\/spanish\/wp-json\/wp\/v2\/pages\/6285\/revisions"}],"predecessor-version":[{"id":15318,"href":"https:\/\/bbn1.bbnradio.org\/spanish\/wp-json\/wp\/v2\/pages\/6285\/revisions\/15318"}],"wp:attachment":[{"href":"https:\/\/bbn1.bbnradio.org\/spanish\/wp-json\/wp\/v2\/media?parent=6285"}],"wp:term":[{"taxonomy":"category","embeddable":true,"href":"https:\/\/bbn1.bbnradio.org\/spanish\/wp-json\/wp\/v2\/categories?post=6285"},{"taxonomy":"post_tag","embeddable":true,"href":"https:\/\/bbn1.bbnradio.org\/spanish\/wp-json\/wp\/v2\/tags?post=6285"}],"curies":[{"name":"wp","href":"https:\/\/api.w.org\/{rel}","templated":true}]}}