{"id":6384,"date":"2016-02-17T15:56:01","date_gmt":"2016-02-17T20:56:01","guid":{"rendered":"https:\/\/bbn1.bbnradio.org\/english\/?page_id=6384"},"modified":"2025-09-03T20:39:40","modified_gmt":"2025-09-04T01:39:40","slug":"oportunidades-de-ministerio","status":"publish","type":"page","link":"https:\/\/bbn1.bbnradio.org\/spanish\/oportunidades-de-ministerio\/","title":{"rendered":"Oportunidades de ministerio"},"content":{"rendered":"\n<style type=\"text\/css\" data-created_by=\"avia_inline_auto\" id=\"style-css-av-1kzbio-39cad4a8087316e5e1021acbd093e68c\">\n.avia-image-container.av-1kzbio-39cad4a8087316e5e1021acbd093e68c img.avia_image{\nbox-shadow:none;\n}\n.avia-image-container.av-1kzbio-39cad4a8087316e5e1021acbd093e68c .av-image-caption-overlay-center{\ncolor:#ffffff;\n}\n<\/style>\n<div  class='avia-image-container av-1kzbio-39cad4a8087316e5e1021acbd093e68c av-styling- avia-align-center  avia-builder-el-0  el_before_av_textblock  avia-builder-el-first '   itemprop=\"image\" itemscope=\"itemscope\" itemtype=\"https:\/\/schema.org\/ImageObject\" ><div class=\"avia-image-container-inner\"><div class=\"avia-image-overlay-wrap\"><img decoding=\"async\" fetchpriority=\"high\" class='wp-image-15962 avia-img-lazy-loading-not-15962 avia_image ' src=\"https:\/\/i0.wp.com\/bbn1.bbnradio.org\/spanish\/wp-content\/uploads\/sites\/5\/2019\/08\/Ministry-Opportunities2.jpg?fit=1200%2C628&ssl=1\" alt='' title='Ministry Opportunities2'  height=\"628\" width=\"1200\"  itemprop=\"thumbnailUrl\"  \/><\/div><\/div><\/div>\n<section  class='av_textblock_section av-eahfwg-7e0b5f22cf9de2ea5b92fc3b12409d16 '   itemscope=\"itemscope\" itemtype=\"https:\/\/schema.org\/CreativeWork\" ><div class='avia_textblock'  itemprop=\"text\" ><p>Gracias por ver nuestras oportunidades de ministerio actual. En esta p\u00e1gina, usted puede aprender sobre los puestos del personal voluntario con BBN. Los solicitantes son considerados para todas las posiciones sin importar raza, color, sexo, origen nacional, edad, estado civil o estado de veterano, o la presencia de una condici\u00f3n m\u00e9dica o desventaja no relacionada con el trabajo. BBN es un empleador que brinda igualdad de oportunidades.<\/p>\n<\/div><\/section>\n\n<style type=\"text\/css\" data-created_by=\"avia_inline_auto\" id=\"style-css-av-5hxwpc-4cc2fb05102c2940fe52ea7aa56bdf7c\">\n#top .av-special-heading.av-5hxwpc-4cc2fb05102c2940fe52ea7aa56bdf7c{\npadding-bottom:10px;\n}\nbody .av-special-heading.av-5hxwpc-4cc2fb05102c2940fe52ea7aa56bdf7c .av-special-heading-tag .heading-char{\nfont-size:25px;\n}\n.av-special-heading.av-5hxwpc-4cc2fb05102c2940fe52ea7aa56bdf7c .av-subheading{\nfont-size:15px;\n}\n<\/style>\n<div  class='av-special-heading av-5hxwpc-4cc2fb05102c2940fe52ea7aa56bdf7c av-special-heading-h3 blockquote modern-quote  avia-builder-el-2  el_after_av_textblock  el_before_av_textblock '><h3 class='av-special-heading-tag '  itemprop=\"headline\"  >Oportunidades para ser voluntario<\/h3><div class=\"special-heading-border\"><div class=\"special-heading-inner-border\"><\/div><\/div><\/div>\n<section  class='av_textblock_section av-a85y9s-2a316b8f9d31cda6b131715a46b2024e '   itemscope=\"itemscope\" itemtype=\"https:\/\/schema.org\/CreativeWork\" ><div class='avia_textblock'  itemprop=\"text\" ><p>BBN est\u00e1 interesado en hablar con cualquier obrero cristiano que conozca las Sagradas Escrituras, pastor, misionero, o un trabajador cristiano, ya sea activo o retirado que estar\u00eda dispuesto a ser voluntario para trabajar en su computadora desde su casa para ayudar a BBN con un ministerio de alcance evangel\u00edstico por la Internet. Para esta ocasi\u00f3n especial, por favor p\u00f3ngase en contacto con\u00a0<a href=\"mailto:espanolchat@bbnmedia.org\"><span style=\"color: #0000ff\">espanolchat@bbnmedia.org<\/span><\/a>.<\/p>\n<\/div><\/section>\n\n<style type=\"text\/css\" data-created_by=\"avia_inline_auto\" id=\"style-css-av-490je8-3ad7415d465257fc0baec53314ba7202\">\n#top .av-special-heading.av-490je8-3ad7415d465257fc0baec53314ba7202{\npadding-bottom:10px;\n}\nbody .av-special-heading.av-490je8-3ad7415d465257fc0baec53314ba7202 .av-special-heading-tag .heading-char{\nfont-size:25px;\n}\n.av-special-heading.av-490je8-3ad7415d465257fc0baec53314ba7202 .av-subheading{\nfont-size:15px;\n}\n<\/style>\n<div  class='av-special-heading av-490je8-3ad7415d465257fc0baec53314ba7202 av-special-heading-h3 blockquote modern-quote  avia-builder-el-4  el_after_av_textblock  el_before_av_textblock '><h3 class='av-special-heading-tag '  itemprop=\"headline\"  >Oportunidades de Empleo<\/h3><div class=\"special-heading-border\"><div class=\"special-heading-inner-border\"><\/div><\/div><\/div>\n<section  class='av_textblock_section av-7niwjk-72c57755cd312e78dafdfec912a12d87 '   itemscope=\"itemscope\" itemtype=\"https:\/\/schema.org\/CreativeWork\" ><div class='avia_textblock'  itemprop=\"text\" ><p>Lamentablemente, en este momento no tenemos ninguna posici\u00f3n disponible. Sin embargo, esta pagina ser\u00e1 actualizada cuando tengamos necesidad de un colaborador.<\/p>\n<\/div><\/section>\n<!-- AddThis Advanced Settings generic via filter on the_content --><!-- AddThis Share Buttons generic via filter on the_content -->","protected":false},"excerpt":{"rendered":"<p><!-- AddThis Advanced Settings generic via filter on get_the_excerpt --><!-- AddThis Share Buttons generic via filter on get_the_excerpt --><\/p>\n","protected":false},"author":21,"featured_media":15962,"parent":0,"menu_order":0,"comment_status":"closed","ping_status":"closed","template":"","meta":{"jetpack_post_was_ever_published":false,"footnotes":""},"categories":[],"tags":[],"class_list":["post-6384","page","type-page","status-publish","has-post-thumbnail","hentry"],"yoast_head":"<!-- This site is optimized with the Yoast SEO Premium plugin v24.8 (Yoast SEO v24.8.1) - https:\/\/yoast.com\/wordpress\/plugins\/seo\/ -->\n<title>Oportunidades de ministerio - BBN<\/title>\n<meta name=\"robots\" content=\"index, follow, max-snippet:-1, max-image-preview:large, max-video-preview:-1\" \/>\n<link rel=\"canonical\" href=\"https:\/\/bbn1.bbnradio.org\/spanish\/oportunidades-de-ministerio\/\" \/>\n<meta property=\"og:locale\" content=\"es_ES\" \/>\n<meta property=\"og:type\" content=\"article\" \/>\n<meta property=\"og:title\" content=\"Oportunidades de ministerio BBN\" \/>\n<meta property=\"og:description\" content=\"Gracias por ver nuestras oportunidades de ministerio actual. En esta p\u00e1gina, usted puede aprender sobre los puestos del personal voluntario con BBN. Los solicitantes son considerados para todas las posiciones sin importar raza, color, sexo, origen nacional, edad, estado civil o estado de veterano, o la presencia de una condici\u00f3n m\u00e9dica o desventaja no relacionada con el trabajo. BBN es un empleador que brinda igualdad de oportunidades.\" \/>\n<meta property=\"og:url\" content=\"https:\/\/bbn1.bbnradio.org\/spanish\/oportunidades-de-ministerio\/\" \/>\n<meta property=\"og:site_name\" content=\"BBN\" \/>\n<meta property=\"article:publisher\" content=\"https:\/\/www.facebook.com\/BBNEspanol\" \/>\n<meta property=\"article:modified_time\" content=\"2025-09-04T01:39:40+00:00\" \/>\n<meta property=\"og:image\" content=\"http:\/\/bbn1.bbnradio.org\/spanish\/wp-content\/uploads\/sites\/5\/2019\/08\/Ministry-Opportunities2-social.jpg\" \/>\n\t<meta property=\"og:image:width\" content=\"1200\" \/>\n\t<meta property=\"og:image:height\" content=\"628\" \/>\n\t<meta property=\"og:image:type\" content=\"image\/jpeg\" \/>\n<meta name=\"twitter:card\" content=\"summary_large_image\" \/>\n<meta name=\"twitter:title\" content=\"Oportunidades de ministerio BBN\" \/>\n<meta name=\"twitter:description\" content=\"Gracias por ver nuestras oportunidades de ministerio actual. En esta p\u00e1gina, usted puede aprender sobre los puestos del personal voluntario con BBN. Los solicitantes son considerados para todas las posiciones sin importar raza, color, sexo, origen nacional, edad, estado civil o estado de veterano, o la presencia de una condici\u00f3n m\u00e9dica o desventaja no relacionada con el trabajo. BBN es un empleador que brinda igualdad de oportunidades.\" \/>\n<meta name=\"twitter:image\" content=\"https:\/\/i0.wp.com\/bbn1.bbnradio.org\/spanish\/wp-content\/uploads\/sites\/5\/2019\/08\/Ministry-Opportunities2-social.jpg?fit=1200%2C628&ssl=1\" \/>\n<meta name=\"twitter:site\" content=\"@BBNEspanol\" \/>\n<meta name=\"twitter:label1\" content=\"Tiempo de lectura\" \/>\n\t<meta name=\"twitter:data1\" content=\"1 minuto\" \/>\n<script type=\"application\/ld+json\" class=\"yoast-schema-graph\">{\"@context\":\"https:\/\/schema.org\",\"@graph\":[{\"@type\":\"WebPage\",\"@id\":\"https:\/\/bbn1.bbnradio.org\/spanish\/oportunidades-de-ministerio\/\",\"url\":\"https:\/\/bbn1.bbnradio.org\/spanish\/oportunidades-de-ministerio\/\",\"name\":\"Oportunidades de ministerio - BBN\",\"isPartOf\":{\"@id\":\"https:\/\/bbn1.bbnradio.org\/spanish\/#website\"},\"primaryImageOfPage\":{\"@id\":\"https:\/\/bbn1.bbnradio.org\/spanish\/oportunidades-de-ministerio\/#primaryimage\"},\"image\":{\"@id\":\"https:\/\/bbn1.bbnradio.org\/spanish\/oportunidades-de-ministerio\/#primaryimage\"},\"thumbnailUrl\":\"https:\/\/i0.wp.com\/bbn1.bbnradio.org\/spanish\/wp-content\/uploads\/sites\/5\/2019\/08\/Ministry-Opportunities2.jpg?fit=1200%2C628&ssl=1\",\"datePublished\":\"2016-02-17T20:56:01+00:00\",\"dateModified\":\"2025-09-04T01:39:40+00:00\",\"breadcrumb\":{\"@id\":\"https:\/\/bbn1.bbnradio.org\/spanish\/oportunidades-de-ministerio\/#breadcrumb\"},\"inLanguage\":\"es\",\"potentialAction\":[{\"@type\":\"ReadAction\",\"target\":[\"https:\/\/bbn1.bbnradio.org\/spanish\/oportunidades-de-ministerio\/\"]}]},{\"@type\":\"ImageObject\",\"inLanguage\":\"es\",\"@id\":\"https:\/\/bbn1.bbnradio.org\/spanish\/oportunidades-de-ministerio\/#primaryimage\",\"url\":\"https:\/\/i0.wp.com\/bbn1.bbnradio.org\/spanish\/wp-content\/uploads\/sites\/5\/2019\/08\/Ministry-Opportunities2.jpg?fit=1200%2C628&ssl=1\",\"contentUrl\":\"https:\/\/i0.wp.com\/bbn1.bbnradio.org\/spanish\/wp-content\/uploads\/sites\/5\/2019\/08\/Ministry-Opportunities2.jpg?fit=1200%2C628&ssl=1\",\"width\":1200,\"height\":628},{\"@type\":\"BreadcrumbList\",\"@id\":\"https:\/\/bbn1.bbnradio.org\/spanish\/oportunidades-de-ministerio\/#breadcrumb\",\"itemListElement\":[{\"@type\":\"ListItem\",\"position\":1,\"name\":\"Home\",\"item\":\"https:\/\/bbn1.bbnradio.org\/spanish\/inicio\/\"},{\"@type\":\"ListItem\",\"position\":2,\"name\":\"Oportunidades de ministerio\"}]},{\"@type\":\"WebSite\",\"@id\":\"https:\/\/bbn1.bbnradio.org\/spanish\/#website\",\"url\":\"https:\/\/bbn1.bbnradio.org\/spanish\/\",\"name\":\"BBN Spanish\",\"description\":\"BBN\",\"potentialAction\":[{\"@type\":\"SearchAction\",\"target\":{\"@type\":\"EntryPoint\",\"urlTemplate\":\"https:\/\/bbn1.bbnradio.org\/spanish\/?s={search_term_string}\"},\"query-input\":{\"@type\":\"PropertyValueSpecification\",\"valueRequired\":true,\"valueName\":\"search_term_string\"}}],\"inLanguage\":\"es\"}]}<\/script>\n<!-- \/ Yoast SEO Premium plugin. -->","yoast_head_json":{"title":"Oportunidades de ministerio - BBN","robots":{"index":"index","follow":"follow","max-snippet":"max-snippet:-1","max-image-preview":"max-image-preview:large","max-video-preview":"max-video-preview:-1"},"canonical":"https:\/\/bbn1.bbnradio.org\/spanish\/oportunidades-de-ministerio\/","og_locale":"es_ES","og_type":"article","og_title":"Oportunidades de ministerio BBN","og_description":"Gracias por ver nuestras oportunidades de ministerio actual. En esta p\u00e1gina, usted puede aprender sobre los puestos del personal voluntario con BBN. Los solicitantes son considerados para todas las posiciones sin importar raza, color, sexo, origen nacional, edad, estado civil o estado de veterano, o la presencia de una condici\u00f3n m\u00e9dica o desventaja no relacionada con el trabajo. BBN es un empleador que brinda igualdad de oportunidades.","og_url":"https:\/\/bbn1.bbnradio.org\/spanish\/oportunidades-de-ministerio\/","og_site_name":"BBN","article_publisher":"https:\/\/www.facebook.com\/BBNEspanol","article_modified_time":"2025-09-04T01:39:40+00:00","og_image":[{"width":1200,"height":628,"url":"http:\/\/bbn1.bbnradio.org\/spanish\/wp-content\/uploads\/sites\/5\/2019\/08\/Ministry-Opportunities2-social.jpg","type":"image\/jpeg"}],"twitter_card":"summary_large_image","twitter_title":"Oportunidades de ministerio BBN","twitter_description":"Gracias por ver nuestras oportunidades de ministerio actual. En esta p\u00e1gina, usted puede aprender sobre los puestos del personal voluntario con BBN. Los solicitantes son considerados para todas las posiciones sin importar raza, color, sexo, origen nacional, edad, estado civil o estado de veterano, o la presencia de una condici\u00f3n m\u00e9dica o desventaja no relacionada con el trabajo. BBN es un empleador que brinda igualdad de oportunidades.","twitter_image":"https:\/\/i0.wp.com\/bbn1.bbnradio.org\/spanish\/wp-content\/uploads\/sites\/5\/2019\/08\/Ministry-Opportunities2-social.jpg?fit=1200%2C628&ssl=1","twitter_site":"@BBNEspanol","twitter_misc":{"Tiempo de lectura":"1 minuto"},"schema":{"@context":"https:\/\/schema.org","@graph":[{"@type":"WebPage","@id":"https:\/\/bbn1.bbnradio.org\/spanish\/oportunidades-de-ministerio\/","url":"https:\/\/bbn1.bbnradio.org\/spanish\/oportunidades-de-ministerio\/","name":"Oportunidades de ministerio - BBN","isPartOf":{"@id":"https:\/\/bbn1.bbnradio.org\/spanish\/#website"},"primaryImageOfPage":{"@id":"https:\/\/bbn1.bbnradio.org\/spanish\/oportunidades-de-ministerio\/#primaryimage"},"image":{"@id":"https:\/\/bbn1.bbnradio.org\/spanish\/oportunidades-de-ministerio\/#primaryimage"},"thumbnailUrl":"https:\/\/i0.wp.com\/bbn1.bbnradio.org\/spanish\/wp-content\/uploads\/sites\/5\/2019\/08\/Ministry-Opportunities2.jpg?fit=1200%2C628&ssl=1","datePublished":"2016-02-17T20:56:01+00:00","dateModified":"2025-09-04T01:39:40+00:00","breadcrumb":{"@id":"https:\/\/bbn1.bbnradio.org\/spanish\/oportunidades-de-ministerio\/#breadcrumb"},"inLanguage":"es","potentialAction":[{"@type":"ReadAction","target":["https:\/\/bbn1.bbnradio.org\/spanish\/oportunidades-de-ministerio\/"]}]},{"@type":"ImageObject","inLanguage":"es","@id":"https:\/\/bbn1.bbnradio.org\/spanish\/oportunidades-de-ministerio\/#primaryimage","url":"https:\/\/i0.wp.com\/bbn1.bbnradio.org\/spanish\/wp-content\/uploads\/sites\/5\/2019\/08\/Ministry-Opportunities2.jpg?fit=1200%2C628&ssl=1","contentUrl":"https:\/\/i0.wp.com\/bbn1.bbnradio.org\/spanish\/wp-content\/uploads\/sites\/5\/2019\/08\/Ministry-Opportunities2.jpg?fit=1200%2C628&ssl=1","width":1200,"height":628},{"@type":"BreadcrumbList","@id":"https:\/\/bbn1.bbnradio.org\/spanish\/oportunidades-de-ministerio\/#breadcrumb","itemListElement":[{"@type":"ListItem","position":1,"name":"Home","item":"https:\/\/bbn1.bbnradio.org\/spanish\/inicio\/"},{"@type":"ListItem","position":2,"name":"Oportunidades de ministerio"}]},{"@type":"WebSite","@id":"https:\/\/bbn1.bbnradio.org\/spanish\/#website","url":"https:\/\/bbn1.bbnradio.org\/spanish\/","name":"BBN Spanish","description":"BBN","potentialAction":[{"@type":"SearchAction","target":{"@type":"EntryPoint","urlTemplate":"https:\/\/bbn1.bbnradio.org\/spanish\/?s={search_term_string}"},"query-input":{"@type":"PropertyValueSpecification","valueRequired":true,"valueName":"search_term_string"}}],"inLanguage":"es"}]}},"jetpack_sharing_enabled":true,"jetpack_shortlink":"https:\/\/wp.me\/P85nNm-1EY","_links":{"self":[{"href":"https:\/\/bbn1.bbnradio.org\/spanish\/wp-json\/wp\/v2\/pages\/6384","targetHints":{"allow":["GET"]}}],"collection":[{"href":"https:\/\/bbn1.bbnradio.org\/spanish\/wp-json\/wp\/v2\/pages"}],"about":[{"href":"https:\/\/bbn1.bbnradio.org\/spanish\/wp-json\/wp\/v2\/types\/page"}],"author":[{"embeddable":true,"href":"https:\/\/bbn1.bbnradio.org\/spanish\/wp-json\/wp\/v2\/users\/21"}],"replies":[{"embeddable":true,"href":"https:\/\/bbn1.bbnradio.org\/spanish\/wp-json\/wp\/v2\/comments?post=6384"}],"version-history":[{"count":3,"href":"https:\/\/bbn1.bbnradio.org\/spanish\/wp-json\/wp\/v2\/pages\/6384\/revisions"}],"predecessor-version":[{"id":19835,"href":"https:\/\/bbn1.bbnradio.org\/spanish\/wp-json\/wp\/v2\/pages\/6384\/revisions\/19835"}],"wp:featuredmedia":[{"embeddable":true,"href":"https:\/\/bbn1.bbnradio.org\/spanish\/wp-json\/wp\/v2\/media\/15962"}],"wp:attachment":[{"href":"https:\/\/bbn1.bbnradio.org\/spanish\/wp-json\/wp\/v2\/media?parent=6384"}],"wp:term":[{"taxonomy":"category","embeddable":true,"href":"https:\/\/bbn1.bbnradio.org\/spanish\/wp-json\/wp\/v2\/categories?post=6384"},{"taxonomy":"post_tag","embeddable":true,"href":"https:\/\/bbn1.bbnradio.org\/spanish\/wp-json\/wp\/v2\/tags?post=6384"}],"curies":[{"name":"wp","href":"https:\/\/api.w.org\/{rel}","templated":true}]}}