{"id":6587,"date":"2016-02-19T14:24:49","date_gmt":"2016-02-19T19:24:49","guid":{"rendered":"https:\/\/bbn1.bbnradio.org\/english\/?page_id=6587"},"modified":"2023-01-13T10:10:00","modified_gmt":"2023-01-13T15:10:00","slug":"guillermo-olivera-celdran","status":"publish","type":"page","link":"https:\/\/bbn1.bbnradio.org\/spanish\/quienes-somos\/nuestros-locutores\/guillermo-olivera-celdran\/","title":{"rendered":"Guillermo Olivera-Celdran"},"content":{"rendered":"\n<style type=\"text\/css\" data-created_by=\"avia_inline_auto\" id=\"style-css-av-9wxxob-b0959f5da6cc2c269eaccd16a63ce630\">\n.flex_column.av-9wxxob-b0959f5da6cc2c269eaccd16a63ce630{\nborder-radius:0px 0px 0px 0px;\npadding:0px 0px 0px 0px;\n}\n<\/style>\n<div  class='flex_column av-9wxxob-b0959f5da6cc2c269eaccd16a63ce630 av_one_fourth  avia-builder-el-0  el_before_av_three_fourth  avia-builder-el-first  first flex_column_div av-zero-column-padding  '     ><p>\n<style type=\"text\/css\" data-created_by=\"avia_inline_auto\" id=\"style-css-av-7xymxn-66962d188a6cfe7d2e1518e8b5ae156f\">\n#top .hr.hr-invisible.av-7xymxn-66962d188a6cfe7d2e1518e8b5ae156f{\nheight:1px;\n}\n<\/style>\n<div  class='hr av-7xymxn-66962d188a6cfe7d2e1518e8b5ae156f hr-invisible  avia-builder-el-1  el_before_av_team_member  avia-builder-el-first '><span class='hr-inner '><span class=\"hr-inner-style\"><\/span><\/span><\/div><br \/>\n<section  class='avia-team-member av-61pxkr-6c86111f3fcea734c5bc82818e9ada52  avia-builder-el-2  el_after_av_hr  avia-builder-el-last '  itemscope=\"itemscope\" itemtype=\"https:\/\/schema.org\/Person\" ><div class=\"team-img-container\"><img decoding=\"async\" fetchpriority=\"high\" class='wp-image-17467 avia-img-lazy-loading-not-17467 avia_image avia_image_team' src=\"https:\/\/i0.wp.com\/bbn1.bbnradio.org\/spanish\/wp-content\/uploads\/sites\/5\/2022\/07\/Guillermo-Olivera-Celdran.jpg?fit=1200%2C1800&ssl=1\" alt='Guillermo Olivera-Celdran'  itemprop=\"image\"   height=\"1800\" width=\"1200\" \/><\/div><h3 class='team-member-name '  itemprop=\"name\" >Guillermo Olivera-Celdran<\/h3><div class='team-member-job-title '  itemprop=\"jobTitle\" >Locutor<\/div><span class='hidden team-member-affiliation'  itemprop=\"affiliation\" >BBN<\/span><\/section><\/p><\/div>\n\n<style type=\"text\/css\" data-created_by=\"avia_inline_auto\" id=\"style-css-av-4iumgr-8ca4c82a874e9930b54547edbc94bbca\">\n.flex_column.av-4iumgr-8ca4c82a874e9930b54547edbc94bbca{\nborder-radius:0px 0px 0px 0px;\npadding:0px 0px 0px 0px;\n}\n<\/style>\n<div  class='flex_column av-4iumgr-8ca4c82a874e9930b54547edbc94bbca av_three_fourth  avia-builder-el-3  el_after_av_one_fourth  avia-builder-el-last  flex_column_div av-zero-column-padding  '     ><section  class='av_textblock_section av-27xsrf-fa15d8613ed6bf44365188ee012a10ae '   itemscope=\"itemscope\" itemtype=\"https:\/\/schema.org\/CreativeWork\" ><div class='avia_textblock'  itemprop=\"text\" ><p><span style=\"font-weight: 400\">Mi nombre es Guillermo Olivera-Celdran. Nac\u00ed en la ciudad de Buenos Aires, Argentina. Cuando ten\u00eda 7 a\u00f1os, mi familia entera conoci\u00f3 a Cristo en una iglesia de la ciudad, y a partir de ese momento comenc\u00e9 a escuchar acerca de Dios y su plan. Sin embargo, nunca hab\u00eda escuchado el plan de salvaci\u00f3n de manera clara, y no entend\u00eda que era pecador y que estaba perdido. Fue reci\u00e9n a los 12 a\u00f1os que escuch\u00e9 el mensaje del evangelio de forma clara y logr\u00e9 comprenderlo. El Esp\u00edritu Santo hizo su obra, y a los 13 a\u00f1os me arrepent\u00ed de mis pecados y conf\u00ede en Cristo para salvaci\u00f3n.<\/span><\/p>\n<p><span style=\"font-weight: 400\">A los 18 a\u00f1os, con el deseo de servir al Dios que me am\u00f3 e hizo tanto por m\u00ed, decid\u00ed estudiar tres a\u00f1os en un instituto b\u00edblico de Argentina. Luego, el Se\u00f1or me guio a estudiar una carrera universitaria, y viaj\u00e9 a los Estados Unidos para estudiar Comunicaci\u00f3n Social y Estudios B\u00edblicos. Cinco a\u00f1os m\u00e1s tarde me gradu\u00e9 y fui contactado por el ministerio radial de BBN. Durante ese tiempo conoc\u00ed a Halyna, con quien me cas\u00e9 y tenemos dos hijos varones.\u00a0<\/span><\/p>\n<p><span style=\"font-weight: 400\">Trabaj\u00e9 en traducci\u00f3n y adaptaci\u00f3n de material radial por muchos a\u00f1os, incluyendo la producci\u00f3n de Hora de Estudio B\u00edblico. Y hoy es un privilegio para m\u00ed poder animarle en su d\u00eda a d\u00eda, y utilizar los dones y talentos que Dios me dio para Su obra en esta tierra, lo cual siempre da resultados eternos.\u00a0\u00a0<\/span><\/p>\n<\/div><\/section><\/div>\n<!-- AddThis Advanced Settings generic via filter on the_content --><!-- AddThis Share Buttons generic via filter on the_content -->","protected":false},"excerpt":{"rendered":"<p><!-- AddThis Advanced Settings generic via filter on get_the_excerpt --><!-- AddThis Share Buttons generic via filter on get_the_excerpt --><\/p>\n","protected":false},"author":21,"featured_media":15631,"parent":6263,"menu_order":0,"comment_status":"closed","ping_status":"closed","template":"","meta":{"jetpack_post_was_ever_published":false,"footnotes":""},"categories":[],"tags":[],"class_list":["post-6587","page","type-page","status-publish","has-post-thumbnail","hentry"],"yoast_head":"<!-- This site is optimized with the Yoast SEO Premium plugin v24.8 (Yoast SEO v24.8.1) - https:\/\/yoast.com\/wordpress\/plugins\/seo\/ -->\n<title>Nuestros Locutores - Guillermo Olivera-Celdran<\/title>\n<meta name=\"description\" content=\"El esp\u00edritu Santo hizo su obra y a los 13 a\u00f1os me arrepent\u00ed de mis pecados y confie en Cristo para salvaci\u00f3n.\" \/>\n<meta name=\"robots\" content=\"index, follow, max-snippet:-1, max-image-preview:large, max-video-preview:-1\" \/>\n<link rel=\"canonical\" href=\"https:\/\/bbn1.bbnradio.org\/spanish\/quienes-somos\/nuestros-locutores\/guillermo-olivera-celdran\/\" \/>\n<meta property=\"og:locale\" content=\"es_ES\" \/>\n<meta property=\"og:type\" content=\"article\" \/>\n<meta property=\"og:title\" content=\"Nuestros Locutores - Guillermo Olivera-Celdran\" \/>\n<meta property=\"og:description\" content=\"El esp\u00edritu Santo hizo su obra y a los 13 a\u00f1os me arrepent\u00ed de mis pecados y confie en Cristo para salvaci\u00f3n.\" \/>\n<meta property=\"og:url\" content=\"https:\/\/bbn1.bbnradio.org\/spanish\/quienes-somos\/nuestros-locutores\/guillermo-olivera-celdran\/\" \/>\n<meta property=\"og:site_name\" content=\"BBN\" \/>\n<meta property=\"article:publisher\" content=\"https:\/\/www.facebook.com\/BBNEspanol\" \/>\n<meta property=\"article:modified_time\" content=\"2023-01-13T15:10:00+00:00\" \/>\n<meta property=\"og:image\" content=\"http:\/\/bbn1.bbnradio.org\/spanish\/wp-content\/uploads\/sites\/5\/2019\/02\/Guillermo-Olivera-Celdran3.jpg\" \/>\n\t<meta property=\"og:image:width\" content=\"213\" \/>\n\t<meta property=\"og:image:height\" content=\"320\" \/>\n\t<meta property=\"og:image:type\" content=\"image\/jpeg\" \/>\n<meta name=\"twitter:card\" content=\"summary_large_image\" \/>\n<meta name=\"twitter:title\" content=\"Nuestros Locutores - Guillermo Olivera-Celdran\" \/>\n<meta name=\"twitter:description\" content=\"El esp\u00edritu Santo hizo su obra y a los 13 a\u00f1os me arrepent\u00ed de mis pecados y confie en Cristo para salvaci\u00f3n.\" \/>\n<meta name=\"twitter:image\" content=\"https:\/\/i0.wp.com\/bbn1.bbnradio.org\/spanish\/wp-content\/uploads\/sites\/5\/2019\/02\/Guillermo-Olivera-Celdran3.jpg?fit=213%2C320&ssl=1\" \/>\n<meta name=\"twitter:site\" content=\"@BBNEspanol\" \/>\n<meta name=\"twitter:label1\" content=\"Tiempo de lectura\" \/>\n\t<meta name=\"twitter:data1\" content=\"3 minutos\" \/>\n<script type=\"application\/ld+json\" class=\"yoast-schema-graph\">{\"@context\":\"https:\/\/schema.org\",\"@graph\":[{\"@type\":\"WebPage\",\"@id\":\"https:\/\/bbn1.bbnradio.org\/spanish\/quienes-somos\/nuestros-locutores\/guillermo-olivera-celdran\/\",\"url\":\"https:\/\/bbn1.bbnradio.org\/spanish\/quienes-somos\/nuestros-locutores\/guillermo-olivera-celdran\/\",\"name\":\"Nuestros Locutores - Guillermo Olivera-Celdran\",\"isPartOf\":{\"@id\":\"https:\/\/bbn1.bbnradio.org\/spanish\/#website\"},\"primaryImageOfPage\":{\"@id\":\"https:\/\/bbn1.bbnradio.org\/spanish\/quienes-somos\/nuestros-locutores\/guillermo-olivera-celdran\/#primaryimage\"},\"image\":{\"@id\":\"https:\/\/bbn1.bbnradio.org\/spanish\/quienes-somos\/nuestros-locutores\/guillermo-olivera-celdran\/#primaryimage\"},\"thumbnailUrl\":\"https:\/\/i0.wp.com\/bbn1.bbnradio.org\/spanish\/wp-content\/uploads\/sites\/5\/2019\/02\/Guillermo-Olivera-Celdran3.jpg?fit=213%2C320&ssl=1\",\"datePublished\":\"2016-02-19T19:24:49+00:00\",\"dateModified\":\"2023-01-13T15:10:00+00:00\",\"description\":\"El esp\u00edritu Santo hizo su obra y a los 13 a\u00f1os me arrepent\u00ed de mis pecados y confie en Cristo para salvaci\u00f3n.\",\"breadcrumb\":{\"@id\":\"https:\/\/bbn1.bbnradio.org\/spanish\/quienes-somos\/nuestros-locutores\/guillermo-olivera-celdran\/#breadcrumb\"},\"inLanguage\":\"es\",\"potentialAction\":[{\"@type\":\"ReadAction\",\"target\":[\"https:\/\/bbn1.bbnradio.org\/spanish\/quienes-somos\/nuestros-locutores\/guillermo-olivera-celdran\/\"]}]},{\"@type\":\"ImageObject\",\"inLanguage\":\"es\",\"@id\":\"https:\/\/bbn1.bbnradio.org\/spanish\/quienes-somos\/nuestros-locutores\/guillermo-olivera-celdran\/#primaryimage\",\"url\":\"https:\/\/i0.wp.com\/bbn1.bbnradio.org\/spanish\/wp-content\/uploads\/sites\/5\/2019\/02\/Guillermo-Olivera-Celdran3.jpg?fit=213%2C320&ssl=1\",\"contentUrl\":\"https:\/\/i0.wp.com\/bbn1.bbnradio.org\/spanish\/wp-content\/uploads\/sites\/5\/2019\/02\/Guillermo-Olivera-Celdran3.jpg?fit=213%2C320&ssl=1\",\"width\":213,\"height\":320,\"caption\":\"Guillermo Olivera-Celdran\"},{\"@type\":\"BreadcrumbList\",\"@id\":\"https:\/\/bbn1.bbnradio.org\/spanish\/quienes-somos\/nuestros-locutores\/guillermo-olivera-celdran\/#breadcrumb\",\"itemListElement\":[{\"@type\":\"ListItem\",\"position\":1,\"name\":\"Home\",\"item\":\"https:\/\/bbn1.bbnradio.org\/spanish\/inicio\/\"},{\"@type\":\"ListItem\",\"position\":2,\"name\":\"Quienes somos\",\"item\":\"https:\/\/bbn1.bbnradio.org\/spanish\/quienes-somos\/\"},{\"@type\":\"ListItem\",\"position\":3,\"name\":\"Nuestros Locutores\",\"item\":\"https:\/\/bbn1.bbnradio.org\/spanish\/quienes-somos\/nuestros-locutores\/\"},{\"@type\":\"ListItem\",\"position\":4,\"name\":\"Guillermo Olivera-Celdran\"}]},{\"@type\":\"WebSite\",\"@id\":\"https:\/\/bbn1.bbnradio.org\/spanish\/#website\",\"url\":\"https:\/\/bbn1.bbnradio.org\/spanish\/\",\"name\":\"BBN Spanish\",\"description\":\"BBN\",\"potentialAction\":[{\"@type\":\"SearchAction\",\"target\":{\"@type\":\"EntryPoint\",\"urlTemplate\":\"https:\/\/bbn1.bbnradio.org\/spanish\/?s={search_term_string}\"},\"query-input\":{\"@type\":\"PropertyValueSpecification\",\"valueRequired\":true,\"valueName\":\"search_term_string\"}}],\"inLanguage\":\"es\"}]}<\/script>\n<!-- \/ Yoast SEO Premium plugin. -->","yoast_head_json":{"title":"Nuestros Locutores - Guillermo Olivera-Celdran","description":"El esp\u00edritu Santo hizo su obra y a los 13 a\u00f1os me arrepent\u00ed de mis pecados y confie en Cristo para salvaci\u00f3n.","robots":{"index":"index","follow":"follow","max-snippet":"max-snippet:-1","max-image-preview":"max-image-preview:large","max-video-preview":"max-video-preview:-1"},"canonical":"https:\/\/bbn1.bbnradio.org\/spanish\/quienes-somos\/nuestros-locutores\/guillermo-olivera-celdran\/","og_locale":"es_ES","og_type":"article","og_title":"Nuestros Locutores - Guillermo Olivera-Celdran","og_description":"El esp\u00edritu Santo hizo su obra y a los 13 a\u00f1os me arrepent\u00ed de mis pecados y confie en Cristo para salvaci\u00f3n.","og_url":"https:\/\/bbn1.bbnradio.org\/spanish\/quienes-somos\/nuestros-locutores\/guillermo-olivera-celdran\/","og_site_name":"BBN","article_publisher":"https:\/\/www.facebook.com\/BBNEspanol","article_modified_time":"2023-01-13T15:10:00+00:00","og_image":[{"width":213,"height":320,"url":"http:\/\/bbn1.bbnradio.org\/spanish\/wp-content\/uploads\/sites\/5\/2019\/02\/Guillermo-Olivera-Celdran3.jpg","type":"image\/jpeg"}],"twitter_card":"summary_large_image","twitter_title":"Nuestros Locutores - Guillermo Olivera-Celdran","twitter_description":"El esp\u00edritu Santo hizo su obra y a los 13 a\u00f1os me arrepent\u00ed de mis pecados y confie en Cristo para salvaci\u00f3n.","twitter_image":"https:\/\/i0.wp.com\/bbn1.bbnradio.org\/spanish\/wp-content\/uploads\/sites\/5\/2019\/02\/Guillermo-Olivera-Celdran3.jpg?fit=213%2C320&ssl=1","twitter_site":"@BBNEspanol","twitter_misc":{"Tiempo de lectura":"3 minutos"},"schema":{"@context":"https:\/\/schema.org","@graph":[{"@type":"WebPage","@id":"https:\/\/bbn1.bbnradio.org\/spanish\/quienes-somos\/nuestros-locutores\/guillermo-olivera-celdran\/","url":"https:\/\/bbn1.bbnradio.org\/spanish\/quienes-somos\/nuestros-locutores\/guillermo-olivera-celdran\/","name":"Nuestros Locutores - Guillermo Olivera-Celdran","isPartOf":{"@id":"https:\/\/bbn1.bbnradio.org\/spanish\/#website"},"primaryImageOfPage":{"@id":"https:\/\/bbn1.bbnradio.org\/spanish\/quienes-somos\/nuestros-locutores\/guillermo-olivera-celdran\/#primaryimage"},"image":{"@id":"https:\/\/bbn1.bbnradio.org\/spanish\/quienes-somos\/nuestros-locutores\/guillermo-olivera-celdran\/#primaryimage"},"thumbnailUrl":"https:\/\/i0.wp.com\/bbn1.bbnradio.org\/spanish\/wp-content\/uploads\/sites\/5\/2019\/02\/Guillermo-Olivera-Celdran3.jpg?fit=213%2C320&ssl=1","datePublished":"2016-02-19T19:24:49+00:00","dateModified":"2023-01-13T15:10:00+00:00","description":"El esp\u00edritu Santo hizo su obra y a los 13 a\u00f1os me arrepent\u00ed de mis pecados y confie en Cristo para salvaci\u00f3n.","breadcrumb":{"@id":"https:\/\/bbn1.bbnradio.org\/spanish\/quienes-somos\/nuestros-locutores\/guillermo-olivera-celdran\/#breadcrumb"},"inLanguage":"es","potentialAction":[{"@type":"ReadAction","target":["https:\/\/bbn1.bbnradio.org\/spanish\/quienes-somos\/nuestros-locutores\/guillermo-olivera-celdran\/"]}]},{"@type":"ImageObject","inLanguage":"es","@id":"https:\/\/bbn1.bbnradio.org\/spanish\/quienes-somos\/nuestros-locutores\/guillermo-olivera-celdran\/#primaryimage","url":"https:\/\/i0.wp.com\/bbn1.bbnradio.org\/spanish\/wp-content\/uploads\/sites\/5\/2019\/02\/Guillermo-Olivera-Celdran3.jpg?fit=213%2C320&ssl=1","contentUrl":"https:\/\/i0.wp.com\/bbn1.bbnradio.org\/spanish\/wp-content\/uploads\/sites\/5\/2019\/02\/Guillermo-Olivera-Celdran3.jpg?fit=213%2C320&ssl=1","width":213,"height":320,"caption":"Guillermo Olivera-Celdran"},{"@type":"BreadcrumbList","@id":"https:\/\/bbn1.bbnradio.org\/spanish\/quienes-somos\/nuestros-locutores\/guillermo-olivera-celdran\/#breadcrumb","itemListElement":[{"@type":"ListItem","position":1,"name":"Home","item":"https:\/\/bbn1.bbnradio.org\/spanish\/inicio\/"},{"@type":"ListItem","position":2,"name":"Quienes somos","item":"https:\/\/bbn1.bbnradio.org\/spanish\/quienes-somos\/"},{"@type":"ListItem","position":3,"name":"Nuestros Locutores","item":"https:\/\/bbn1.bbnradio.org\/spanish\/quienes-somos\/nuestros-locutores\/"},{"@type":"ListItem","position":4,"name":"Guillermo Olivera-Celdran"}]},{"@type":"WebSite","@id":"https:\/\/bbn1.bbnradio.org\/spanish\/#website","url":"https:\/\/bbn1.bbnradio.org\/spanish\/","name":"BBN Spanish","description":"BBN","potentialAction":[{"@type":"SearchAction","target":{"@type":"EntryPoint","urlTemplate":"https:\/\/bbn1.bbnradio.org\/spanish\/?s={search_term_string}"},"query-input":{"@type":"PropertyValueSpecification","valueRequired":true,"valueName":"search_term_string"}}],"inLanguage":"es"}]}},"jetpack_sharing_enabled":true,"jetpack_shortlink":"https:\/\/wp.me\/P85nNm-1If","_links":{"self":[{"href":"https:\/\/bbn1.bbnradio.org\/spanish\/wp-json\/wp\/v2\/pages\/6587","targetHints":{"allow":["GET"]}}],"collection":[{"href":"https:\/\/bbn1.bbnradio.org\/spanish\/wp-json\/wp\/v2\/pages"}],"about":[{"href":"https:\/\/bbn1.bbnradio.org\/spanish\/wp-json\/wp\/v2\/types\/page"}],"author":[{"embeddable":true,"href":"https:\/\/bbn1.bbnradio.org\/spanish\/wp-json\/wp\/v2\/users\/21"}],"replies":[{"embeddable":true,"href":"https:\/\/bbn1.bbnradio.org\/spanish\/wp-json\/wp\/v2\/comments?post=6587"}],"version-history":[{"count":5,"href":"https:\/\/bbn1.bbnradio.org\/spanish\/wp-json\/wp\/v2\/pages\/6587\/revisions"}],"predecessor-version":[{"id":17742,"href":"https:\/\/bbn1.bbnradio.org\/spanish\/wp-json\/wp\/v2\/pages\/6587\/revisions\/17742"}],"up":[{"embeddable":true,"href":"https:\/\/bbn1.bbnradio.org\/spanish\/wp-json\/wp\/v2\/pages\/6263"}],"wp:featuredmedia":[{"embeddable":true,"href":"https:\/\/bbn1.bbnradio.org\/spanish\/wp-json\/wp\/v2\/media\/15631"}],"wp:attachment":[{"href":"https:\/\/bbn1.bbnradio.org\/spanish\/wp-json\/wp\/v2\/media?parent=6587"}],"wp:term":[{"taxonomy":"category","embeddable":true,"href":"https:\/\/bbn1.bbnradio.org\/spanish\/wp-json\/wp\/v2\/categories?post=6587"},{"taxonomy":"post_tag","embeddable":true,"href":"https:\/\/bbn1.bbnradio.org\/spanish\/wp-json\/wp\/v2\/tags?post=6587"}],"curies":[{"name":"wp","href":"https:\/\/api.w.org\/{rel}","templated":true}]}}